{"id":22714,"date":"2021-09-14T19:49:07","date_gmt":"2021-09-14T22:49:07","guid":{"rendered":"https:\/\/semead.com.br\/24\/?page_id=22714"},"modified":"2021-09-14T19:54:41","modified_gmt":"2021-09-14T22:54:41","slug":"resultados-inscricoes-abertas","status":"publish","type":"page","link":"https:\/\/semead.com.br\/24\/resultados-inscricoes-abertas\/","title":{"rendered":"Resultados e Inscri\u00e7\u00f5es"},"content":{"rendered":"\t\t<div data-elementor-type=\"wp-page\" data-elementor-id=\"22714\" class=\"elementor elementor-22714\">\n\t\t\t\t\t\t<section class=\"elementor-section elementor-top-section elementor-element elementor-element-46866846 elementor-section-boxed elementor-section-height-default elementor-section-height-default\" data-id=\"46866846\" data-element_type=\"section\" data-e-type=\"section\">\n\t\t\t\t\t\t<div class=\"elementor-container elementor-column-gap-default\">\n\t\t\t\t\t<div class=\"elementor-column elementor-col-100 elementor-top-column elementor-element elementor-element-4cd05764\" data-id=\"4cd05764\" data-element_type=\"column\" data-e-type=\"column\">\n\t\t\t<div class=\"elementor-widget-wrap elementor-element-populated\">\n\t\t\t\t\t\t<div class=\"elementor-element elementor-element-351442c8 elementor-widget elementor-widget-text-editor\" data-id=\"351442c8\" data-element_type=\"widget\" data-e-type=\"widget\" data-widget_type=\"text-editor.default\">\n\t\t\t\t<div class=\"elementor-widget-container\">\n\t\t\t\t\t\t\t\t\t<p>Ol\u00e1 Comunidade SemeAd!<\/p><p>Os resultados dos artigos aprovados, trabalhos de Cons\u00f3rcio Doutoral e Semin\u00e1rios de Prepara\u00e7\u00e3o para Processos Seletivos de Doutorado est\u00e3o dispon\u00edveis!<\/p><p>Acesse\u00a0<a href=\"https:\/\/login.semead.com.br\/24semead\/\" target=\"_blank\" rel=\"noopener\" data-saferedirecturl=\"https:\/\/www.google.com\/url?q=https:\/\/login.semead.com.br\/24semead\/&amp;source=gmail&amp;ust=1631746024477000&amp;usg=AFQjCNHBZF80DG5FrPeU8GGSYlBlWO2gHQ\">https:\/\/login.semead.<wbr \/>com.br\/24semead\/<\/a>\u00a0fa\u00e7a o login e confira os resultados na aba \u201ctrabalhos enviados\u201d.<\/p><p><strong>Informa\u00e7\u00f5es Importantes:<\/strong><\/p><ul><li>As inscri\u00e7\u00f5es dos artigos aprovados, trabalhos de Cons\u00f3rcio e Semin\u00e1rios se iniciar\u00e3o no dia 14 de setembro (ter\u00e7a-feira) e <strong><u>ser\u00e3o encerradas no dia 30 de setembro<\/u><\/strong>. Fique atento!<\/li><li>Durante a inscri\u00e7\u00e3o, haver\u00e1 a op\u00e7\u00e3o de publica\u00e7\u00e3o dos trabalhos completos ou apenas seus resumos nos anais do evento.<\/li><li>Nesse ano, ser\u00e1 necess\u00e1rio que os autores-apresentadores produzam um v\u00eddeo de apresenta\u00e7\u00e3o dos seus trabalhos. Esses v\u00eddeos dever\u00e3o ser enviados pelo sistema. Todas as <u>orienta\u00e7\u00f5es<\/u>\u00a0e\u00a0<u>tutoriais<\/u>\u00a0<wbr \/>para a produ\u00e7\u00e3o e o envio dos trabalhos est\u00e3o disponibilizadas no nosso site, na aba \u201cApresenta\u00e7\u00e3o de Trabalhos\u201d<br \/><br \/><a href=\"http:\/\/comunicacao.semead.com.br\/mailster\/1174\/1b5bdab329ce3cbe998be55729933602\/aHR0cHM6Ly9zZW1lYWQuY29tLmJyLzI0L2FwcmVzZW50YWNvZXMtZGUtdHJhYmFsaG9zLw\" target=\"_blank\" rel=\"noopener\" data-saferedirecturl=\"https:\/\/www.google.com\/url?q=http:\/\/comunicacao.semead.com.br\/mailster\/1174\/1b5bdab329ce3cbe998be55729933602\/aHR0cHM6Ly9zZW1lYWQuY29tLmJyLzI0L2FwcmVzZW50YWNvZXMtZGUtdHJhYmFsaG9zLw&amp;source=gmail&amp;ust=1631746024477000&amp;usg=AFQjCNGfjYCcAifulKjpDJX2h5Sgztl50g\">https:\/\/semead.com.br\/24\/<wbr \/>apresentacoes-de-trabalhos\/<\/a><\/li><\/ul><p>Tamb\u00e9m nessa aba os autores poder\u00e3o fazer o download do template sugerido para a apresenta\u00e7\u00e3o de slides. N\u00e3o deixe de conferir.<\/p><p>O prazo final para envio dos v\u00eddeos no nosso sistema\u00a0<strong><u>\u00e9 at\u00e9 10 de outubro<\/u><\/strong>. Fique atento!<\/p><p>Para o autor do semin\u00e1rio de prepara\u00e7\u00e3o para o processo seletivo do doutorado n\u00e3o ser\u00e1 necess\u00e1rio elaborar apresenta\u00e7\u00e3o e envi\u00e1-la pelo sistema.<\/p><p>Aguardamos voc\u00ea no SemeAd 2021!<\/p><p>Atenciosamente,<\/p><p><em><strong>Coordena\u00e7\u00e3o Geral do SemeAd<\/strong><\/em><\/p>\t\t\t\t\t\t\t\t<\/div>\n\t\t\t\t<\/div>\n\t\t\t\t\t<\/div>\n\t\t<\/div>\n\t\t\t\t\t<\/div>\n\t\t<\/section>\n\t\t\t\t<\/div>\n\t\t","protected":false},"excerpt":{"rendered":"<p>Ol\u00e1 Comunidade SemeAd! Os resultados dos artigos aprovados, trabalhos de Cons\u00f3rcio Doutoral e Semin\u00e1rios de Prepara\u00e7\u00e3o para Processos Seletivos de Doutorado est\u00e3o dispon\u00edveis! Acesse\u00a0https:\/\/login.semead.com.br\/24semead\/\u00a0fa\u00e7a o login e confira os resultados na aba \u201ctrabalhos enviados\u201d. Informa\u00e7\u00f5es Importantes: As inscri\u00e7\u00f5es dos artigos aprovados, trabalhos de Cons\u00f3rcio e Semin\u00e1rios se iniciar\u00e3o no dia 14 de setembro (ter\u00e7a-feira) e&#8230;<\/p>\n","protected":false},"author":4,"featured_media":0,"parent":0,"menu_order":0,"comment_status":"closed","ping_status":"closed","template":"","meta":{"_acf_changed":false,"_monsterinsights_skip_tracking":false,"_monsterinsights_sitenote_active":false,"_monsterinsights_sitenote_note":"","_monsterinsights_sitenote_category":0,"footnotes":""},"class_list":["post-22714","page","type-page","status-publish","hentry"],"acf":[],"yoast_head":"<!-- This site is optimized with the Yoast SEO plugin v27.1.1 - https:\/\/yoast.com\/product\/yoast-seo-wordpress\/ -->\n<title>Resultados e Inscri\u00e7\u00f5es - XXIV SemeAd<\/title>\n<meta name=\"robots\" content=\"index, follow, max-snippet:-1, max-image-preview:large, max-video-preview:-1\" \/>\n<link rel=\"canonical\" href=\"https:\/\/semead.com.br\/24\/resultados-inscricoes-abertas\/\" \/>\n<meta property=\"og:locale\" content=\"pt_BR\" \/>\n<meta property=\"og:type\" content=\"article\" \/>\n<meta property=\"og:title\" content=\"Resultados e Inscri\u00e7\u00f5es - XXIV SemeAd\" \/>\n<meta property=\"og:description\" content=\"Ol\u00e1 Comunidade SemeAd! Os resultados dos artigos aprovados, trabalhos de Cons\u00f3rcio Doutoral e Semin\u00e1rios de Prepara\u00e7\u00e3o para Processos Seletivos de Doutorado est\u00e3o dispon\u00edveis! Acesse\u00a0https:\/\/login.semead.com.br\/24semead\/\u00a0fa\u00e7a o login e confira os resultados na aba \u201ctrabalhos enviados\u201d. Informa\u00e7\u00f5es Importantes: As inscri\u00e7\u00f5es dos artigos aprovados, trabalhos de Cons\u00f3rcio e Semin\u00e1rios se iniciar\u00e3o no dia 14 de setembro (ter\u00e7a-feira) e...\" \/>\n<meta property=\"og:url\" content=\"https:\/\/semead.com.br\/24\/resultados-inscricoes-abertas\/\" \/>\n<meta property=\"og:site_name\" content=\"XXIV SemeAd\" \/>\n<meta property=\"article:modified_time\" content=\"2021-09-14T22:54:41+00:00\" \/>\n<meta name=\"twitter:card\" content=\"summary_large_image\" \/>\n<meta name=\"twitter:label1\" content=\"Est. tempo de leitura\" \/>\n\t<meta name=\"twitter:data1\" content=\"1 minuto\" \/>\n<script type=\"application\/ld+json\" class=\"yoast-schema-graph\">{\"@context\":\"https:\/\/schema.org\",\"@graph\":[{\"@type\":\"WebPage\",\"@id\":\"https:\/\/semead.com.br\/24\/resultados-inscricoes-abertas\/\",\"url\":\"https:\/\/semead.com.br\/24\/resultados-inscricoes-abertas\/\",\"name\":\"Resultados e Inscri\u00e7\u00f5es - XXIV SemeAd\",\"isPartOf\":{\"@id\":\"https:\/\/semead.com.br\/24\/?lang=es\/#website\"},\"datePublished\":\"2021-09-14T22:49:07+00:00\",\"dateModified\":\"2021-09-14T22:54:41+00:00\",\"breadcrumb\":{\"@id\":\"https:\/\/semead.com.br\/24\/resultados-inscricoes-abertas\/#breadcrumb\"},\"inLanguage\":\"pt-BR\",\"potentialAction\":[{\"@type\":\"ReadAction\",\"target\":[\"https:\/\/semead.com.br\/24\/resultados-inscricoes-abertas\/\"]}]},{\"@type\":\"BreadcrumbList\",\"@id\":\"https:\/\/semead.com.br\/24\/resultados-inscricoes-abertas\/#breadcrumb\",\"itemListElement\":[{\"@type\":\"ListItem\",\"position\":1,\"name\":\"In\u00edcio\",\"item\":\"https:\/\/semead.com.br\/24\/\"},{\"@type\":\"ListItem\",\"position\":2,\"name\":\"Resultados e Inscri\u00e7\u00f5es\"}]},{\"@type\":\"WebSite\",\"@id\":\"https:\/\/semead.com.br\/24\/?lang=es\/#website\",\"url\":\"https:\/\/semead.com.br\/24\/?lang=es\/\",\"name\":\"XXIV SemeAd\",\"description\":\"Semin\u00e1rios em Administra\u00e7\u00e3o\",\"potentialAction\":[{\"@type\":\"SearchAction\",\"target\":{\"@type\":\"EntryPoint\",\"urlTemplate\":\"https:\/\/semead.com.br\/24\/?lang=es\/?s={search_term_string}\"},\"query-input\":{\"@type\":\"PropertyValueSpecification\",\"valueRequired\":true,\"valueName\":\"search_term_string\"}}],\"inLanguage\":\"pt-BR\"}]}<\/script>\n<!-- \/ Yoast SEO plugin. -->","yoast_head_json":{"title":"Resultados e Inscri\u00e7\u00f5es - XXIV SemeAd","robots":{"index":"index","follow":"follow","max-snippet":"max-snippet:-1","max-image-preview":"max-image-preview:large","max-video-preview":"max-video-preview:-1"},"canonical":"https:\/\/semead.com.br\/24\/resultados-inscricoes-abertas\/","og_locale":"pt_BR","og_type":"article","og_title":"Resultados e Inscri\u00e7\u00f5es - XXIV SemeAd","og_description":"Ol\u00e1 Comunidade SemeAd! Os resultados dos artigos aprovados, trabalhos de Cons\u00f3rcio Doutoral e Semin\u00e1rios de Prepara\u00e7\u00e3o para Processos Seletivos de Doutorado est\u00e3o dispon\u00edveis! Acesse\u00a0https:\/\/login.semead.com.br\/24semead\/\u00a0fa\u00e7a o login e confira os resultados na aba \u201ctrabalhos enviados\u201d. Informa\u00e7\u00f5es Importantes: As inscri\u00e7\u00f5es dos artigos aprovados, trabalhos de Cons\u00f3rcio e Semin\u00e1rios se iniciar\u00e3o no dia 14 de setembro (ter\u00e7a-feira) e...","og_url":"https:\/\/semead.com.br\/24\/resultados-inscricoes-abertas\/","og_site_name":"XXIV SemeAd","article_modified_time":"2021-09-14T22:54:41+00:00","twitter_card":"summary_large_image","twitter_misc":{"Est. tempo de leitura":"1 minuto"},"schema":{"@context":"https:\/\/schema.org","@graph":[{"@type":"WebPage","@id":"https:\/\/semead.com.br\/24\/resultados-inscricoes-abertas\/","url":"https:\/\/semead.com.br\/24\/resultados-inscricoes-abertas\/","name":"Resultados e Inscri\u00e7\u00f5es - XXIV SemeAd","isPartOf":{"@id":"https:\/\/semead.com.br\/24\/?lang=es\/#website"},"datePublished":"2021-09-14T22:49:07+00:00","dateModified":"2021-09-14T22:54:41+00:00","breadcrumb":{"@id":"https:\/\/semead.com.br\/24\/resultados-inscricoes-abertas\/#breadcrumb"},"inLanguage":"pt-BR","potentialAction":[{"@type":"ReadAction","target":["https:\/\/semead.com.br\/24\/resultados-inscricoes-abertas\/"]}]},{"@type":"BreadcrumbList","@id":"https:\/\/semead.com.br\/24\/resultados-inscricoes-abertas\/#breadcrumb","itemListElement":[{"@type":"ListItem","position":1,"name":"In\u00edcio","item":"https:\/\/semead.com.br\/24\/"},{"@type":"ListItem","position":2,"name":"Resultados e Inscri\u00e7\u00f5es"}]},{"@type":"WebSite","@id":"https:\/\/semead.com.br\/24\/?lang=es\/#website","url":"https:\/\/semead.com.br\/24\/?lang=es\/","name":"XXIV SemeAd","description":"Semin\u00e1rios em Administra\u00e7\u00e3o","potentialAction":[{"@type":"SearchAction","target":{"@type":"EntryPoint","urlTemplate":"https:\/\/semead.com.br\/24\/?lang=es\/?s={search_term_string}"},"query-input":{"@type":"PropertyValueSpecification","valueRequired":true,"valueName":"search_term_string"}}],"inLanguage":"pt-BR"}]}},"_links":{"self":[{"href":"https:\/\/semead.com.br\/24\/wp-json\/wp\/v2\/pages\/22714","targetHints":{"allow":["GET"]}}],"collection":[{"href":"https:\/\/semead.com.br\/24\/wp-json\/wp\/v2\/pages"}],"about":[{"href":"https:\/\/semead.com.br\/24\/wp-json\/wp\/v2\/types\/page"}],"author":[{"embeddable":true,"href":"https:\/\/semead.com.br\/24\/wp-json\/wp\/v2\/users\/4"}],"replies":[{"embeddable":true,"href":"https:\/\/semead.com.br\/24\/wp-json\/wp\/v2\/comments?post=22714"}],"version-history":[{"count":0,"href":"https:\/\/semead.com.br\/24\/wp-json\/wp\/v2\/pages\/22714\/revisions"}],"wp:attachment":[{"href":"https:\/\/semead.com.br\/24\/wp-json\/wp\/v2\/media?parent=22714"}],"curies":[{"name":"wp","href":"https:\/\/api.w.org\/{rel}","templated":true}]}}