{"id":22726,"date":"2021-09-14T19:55:28","date_gmt":"2021-09-14T22:55:28","guid":{"rendered":"https:\/\/semead.com.br\/24\/?page_id=22726"},"modified":"2021-09-14T20:00:54","modified_gmt":"2021-09-14T23:00:54","slug":"results-and-registrations","status":"publish","type":"page","link":"https:\/\/semead.com.br\/24\/results-and-registrations\/?lang=en","title":{"rendered":"Results and Registrations"},"content":{"rendered":"\t\t<div data-elementor-type=\"wp-page\" data-elementor-id=\"22726\" class=\"elementor elementor-22726\">\n\t\t\t\t\t\t<section class=\"elementor-section elementor-top-section elementor-element elementor-element-46866846 elementor-section-boxed elementor-section-height-default elementor-section-height-default\" data-id=\"46866846\" data-element_type=\"section\" data-e-type=\"section\">\n\t\t\t\t\t\t<div class=\"elementor-container elementor-column-gap-default\">\n\t\t\t\t\t<div class=\"elementor-column elementor-col-100 elementor-top-column elementor-element elementor-element-4cd05764\" data-id=\"4cd05764\" data-element_type=\"column\" data-e-type=\"column\">\n\t\t\t<div class=\"elementor-widget-wrap elementor-element-populated\">\n\t\t\t\t\t\t<div class=\"elementor-element elementor-element-351442c8 elementor-widget elementor-widget-text-editor\" data-id=\"351442c8\" data-element_type=\"widget\" data-e-type=\"widget\" data-widget_type=\"text-editor.default\">\n\t\t\t\t<div class=\"elementor-widget-container\">\n\t\t\t\t\t\t\t\t\t<p>Hello SemeAd Community!<\/p><p>The results of approved papers, projects on Doctoral Consortium and Preparation Seminars for Doctoral Selection Processes are available!<\/p><p>Access <a href=\"https:\/\/login.semead.com.br\/24semead\/\">https:\/\/login.semead.com.br\/24semead\/<\/a> log in and check the results in the tab &#8220;trabalhos enviados&#8221; (or works sent.<\/p><p><strong>Important Informations<\/strong>:<\/p><ul><li>Registrations for approved papers, consortium and seminars will start on September 14th (Tuesday) and will close on September 30th. Stay tuned!<\/li><li>During registration, there will be the option of publishing the full papers or just their abstracts in the event proceedings.<\/li><li>This year, it will be necessary for the authors-presenters to produce a video presenting their work. These videos must be uploaded by the system. All guidelines and tutorials for the production and submission of works are available on our website, in the &#8220;Production Presentation&#8221; tab<\/li><\/ul><p><blockquote class=\"wp-embedded-content\" data-secret=\"IEAzR81ReB\"><a href=\"https:\/\/semead.com.br\/24\/apresentacao-dos-trabalhos\/?lang=en\">Apresenta\u00e7\u00f5es de Trabalhos<\/a><\/blockquote><iframe class=\"wp-embedded-content\" sandbox=\"allow-scripts\" security=\"restricted\" style=\"position: absolute; clip: rect(1px, 1px, 1px, 1px);\" title=\"&#8220;Apresenta\u00e7\u00f5es de Trabalhos&#8221; &#8212; XXIV SemeAd\" src=\"https:\/\/semead.com.br\/24\/apresentacao-dos-trabalhos\/embed\/?lang=en#?secret=IEAzR81ReB\" data-secret=\"IEAzR81ReB\" width=\"600\" height=\"338\" frameborder=\"0\" marginwidth=\"0\" marginheight=\"0\" scrolling=\"no\"><\/iframe><\/p><p>Also on this tab, authors can download the suggested template for the slideshow. Be sure to check it out.<\/p><p>The deadline for uploading videos in our system is until October 10th. Stay tuned!<\/p><p>For the author of the preparatory seminar for the doctoral selection process, it will not be necessary to prepare a presentation and send it through the system.<\/p><p>We look forward to seeing you at SemeAd 2021!<\/p><p>Yours sincerely,<\/p><p><strong>SemeAd General Coordination<\/strong><\/p>\t\t\t\t\t\t\t\t<\/div>\n\t\t\t\t<\/div>\n\t\t\t\t\t<\/div>\n\t\t<\/div>\n\t\t\t\t\t<\/div>\n\t\t<\/section>\n\t\t\t\t<\/div>\n\t\t","protected":false},"excerpt":{"rendered":"<p>Hello SemeAd Community! The results of approved papers, projects on Doctoral Consortium and Preparation Seminars for Doctoral Selection Processes are available! Access https:\/\/login.semead.com.br\/24semead\/ log in and check the results in the tab &#8220;trabalhos enviados&#8221; (or works sent. Important Informations: Registrations for approved papers, consortium and seminars will start on September 14th (Tuesday) and will close&#8230;<\/p>\n","protected":false},"author":4,"featured_media":0,"parent":0,"menu_order":0,"comment_status":"closed","ping_status":"closed","template":"","meta":{"_acf_changed":false,"_monsterinsights_skip_tracking":false,"_monsterinsights_sitenote_active":false,"_monsterinsights_sitenote_note":"","_monsterinsights_sitenote_category":0,"footnotes":""},"class_list":["post-22726","page","type-page","status-publish","hentry"],"acf":[],"yoast_head":"<!-- This site is optimized with the Yoast SEO plugin v27.1.1 - https:\/\/yoast.com\/product\/yoast-seo-wordpress\/ -->\n<title>Results and Registrations - XXIV SemeAd<\/title>\n<meta name=\"robots\" content=\"index, follow, max-snippet:-1, max-image-preview:large, max-video-preview:-1\" \/>\n<link rel=\"canonical\" href=\"https:\/\/semead.com.br\/24\/results-and-registrations\/\" \/>\n<meta property=\"og:locale\" content=\"pt_BR\" \/>\n<meta property=\"og:type\" content=\"article\" \/>\n<meta property=\"og:title\" content=\"Results and Registrations - XXIV SemeAd\" \/>\n<meta property=\"og:description\" content=\"Hello SemeAd Community! The results of approved papers, projects on Doctoral Consortium and Preparation Seminars for Doctoral Selection Processes are available! Access https:\/\/login.semead.com.br\/24semead\/ log in and check the results in the tab &#8220;trabalhos enviados&#8221; (or works sent. Important Informations: Registrations for approved papers, consortium and seminars will start on September 14th (Tuesday) and will close...\" \/>\n<meta property=\"og:url\" content=\"https:\/\/semead.com.br\/24\/results-and-registrations\/?lang=en\" \/>\n<meta property=\"og:site_name\" content=\"XXIV SemeAd\" \/>\n<meta property=\"article:modified_time\" content=\"2021-09-14T23:00:54+00:00\" \/>\n<meta name=\"twitter:card\" content=\"summary_large_image\" \/>\n<meta name=\"twitter:label1\" content=\"Est. tempo de leitura\" \/>\n\t<meta name=\"twitter:data1\" content=\"1 minuto\" \/>\n<script type=\"application\/ld+json\" class=\"yoast-schema-graph\">{\"@context\":\"https:\/\/schema.org\",\"@graph\":[{\"@type\":\"WebPage\",\"@id\":\"https:\/\/semead.com.br\/24\/results-and-registrations\/?lang=en\",\"url\":\"https:\/\/semead.com.br\/24\/results-and-registrations\/?lang=en\",\"name\":\"Results and Registrations - XXIV SemeAd\",\"isPartOf\":{\"@id\":\"https:\/\/semead.com.br\/24\/?lang=es\/#website\"},\"datePublished\":\"2021-09-14T22:55:28+00:00\",\"dateModified\":\"2021-09-14T23:00:54+00:00\",\"breadcrumb\":{\"@id\":\"https:\/\/semead.com.br\/24\/results-and-registrations\/?lang=en#breadcrumb\"},\"inLanguage\":\"pt-BR\",\"potentialAction\":[{\"@type\":\"ReadAction\",\"target\":[\"https:\/\/semead.com.br\/24\/results-and-registrations\/?lang=en\"]}]},{\"@type\":\"BreadcrumbList\",\"@id\":\"https:\/\/semead.com.br\/24\/results-and-registrations\/?lang=en#breadcrumb\",\"itemListElement\":[{\"@type\":\"ListItem\",\"position\":1,\"name\":\"In\u00edcio\",\"item\":\"https:\/\/semead.com.br\/24\/\"},{\"@type\":\"ListItem\",\"position\":2,\"name\":\"Results and Registrations\"}]},{\"@type\":\"WebSite\",\"@id\":\"https:\/\/semead.com.br\/24\/?lang=es\/#website\",\"url\":\"https:\/\/semead.com.br\/24\/?lang=es\/\",\"name\":\"XXIV SemeAd\",\"description\":\"Semin\u00e1rios em Administra\u00e7\u00e3o\",\"potentialAction\":[{\"@type\":\"SearchAction\",\"target\":{\"@type\":\"EntryPoint\",\"urlTemplate\":\"https:\/\/semead.com.br\/24\/?lang=es\/?s={search_term_string}\"},\"query-input\":{\"@type\":\"PropertyValueSpecification\",\"valueRequired\":true,\"valueName\":\"search_term_string\"}}],\"inLanguage\":\"pt-BR\"}]}<\/script>\n<!-- \/ Yoast SEO plugin. -->","yoast_head_json":{"title":"Results and Registrations - XXIV SemeAd","robots":{"index":"index","follow":"follow","max-snippet":"max-snippet:-1","max-image-preview":"max-image-preview:large","max-video-preview":"max-video-preview:-1"},"canonical":"https:\/\/semead.com.br\/24\/results-and-registrations\/","og_locale":"pt_BR","og_type":"article","og_title":"Results and Registrations - XXIV SemeAd","og_description":"Hello SemeAd Community! The results of approved papers, projects on Doctoral Consortium and Preparation Seminars for Doctoral Selection Processes are available! Access https:\/\/login.semead.com.br\/24semead\/ log in and check the results in the tab &#8220;trabalhos enviados&#8221; (or works sent. Important Informations: Registrations for approved papers, consortium and seminars will start on September 14th (Tuesday) and will close...","og_url":"https:\/\/semead.com.br\/24\/results-and-registrations\/?lang=en","og_site_name":"XXIV SemeAd","article_modified_time":"2021-09-14T23:00:54+00:00","twitter_card":"summary_large_image","twitter_misc":{"Est. tempo de leitura":"1 minuto"},"schema":{"@context":"https:\/\/schema.org","@graph":[{"@type":"WebPage","@id":"https:\/\/semead.com.br\/24\/results-and-registrations\/?lang=en","url":"https:\/\/semead.com.br\/24\/results-and-registrations\/?lang=en","name":"Results and Registrations - XXIV SemeAd","isPartOf":{"@id":"https:\/\/semead.com.br\/24\/?lang=es\/#website"},"datePublished":"2021-09-14T22:55:28+00:00","dateModified":"2021-09-14T23:00:54+00:00","breadcrumb":{"@id":"https:\/\/semead.com.br\/24\/results-and-registrations\/?lang=en#breadcrumb"},"inLanguage":"pt-BR","potentialAction":[{"@type":"ReadAction","target":["https:\/\/semead.com.br\/24\/results-and-registrations\/?lang=en"]}]},{"@type":"BreadcrumbList","@id":"https:\/\/semead.com.br\/24\/results-and-registrations\/?lang=en#breadcrumb","itemListElement":[{"@type":"ListItem","position":1,"name":"In\u00edcio","item":"https:\/\/semead.com.br\/24\/"},{"@type":"ListItem","position":2,"name":"Results and Registrations"}]},{"@type":"WebSite","@id":"https:\/\/semead.com.br\/24\/?lang=es\/#website","url":"https:\/\/semead.com.br\/24\/?lang=es\/","name":"XXIV SemeAd","description":"Semin\u00e1rios em Administra\u00e7\u00e3o","potentialAction":[{"@type":"SearchAction","target":{"@type":"EntryPoint","urlTemplate":"https:\/\/semead.com.br\/24\/?lang=es\/?s={search_term_string}"},"query-input":{"@type":"PropertyValueSpecification","valueRequired":true,"valueName":"search_term_string"}}],"inLanguage":"pt-BR"}]}},"_links":{"self":[{"href":"https:\/\/semead.com.br\/24\/wp-json\/wp\/v2\/pages\/22726","targetHints":{"allow":["GET"]}}],"collection":[{"href":"https:\/\/semead.com.br\/24\/wp-json\/wp\/v2\/pages"}],"about":[{"href":"https:\/\/semead.com.br\/24\/wp-json\/wp\/v2\/types\/page"}],"author":[{"embeddable":true,"href":"https:\/\/semead.com.br\/24\/wp-json\/wp\/v2\/users\/4"}],"replies":[{"embeddable":true,"href":"https:\/\/semead.com.br\/24\/wp-json\/wp\/v2\/comments?post=22726"}],"version-history":[{"count":0,"href":"https:\/\/semead.com.br\/24\/wp-json\/wp\/v2\/pages\/22726\/revisions"}],"wp:attachment":[{"href":"https:\/\/semead.com.br\/24\/wp-json\/wp\/v2\/media?parent=22726"}],"curies":[{"name":"wp","href":"https:\/\/api.w.org\/{rel}","templated":true}]}}