{"id":22738,"date":"2021-09-14T20:03:33","date_gmt":"2021-09-14T23:03:33","guid":{"rendered":"https:\/\/semead.com.br\/24\/?page_id=22738"},"modified":"2021-09-14T20:08:39","modified_gmt":"2021-09-14T23:08:39","slug":"resultados-y-registros","status":"publish","type":"page","link":"https:\/\/semead.com.br\/24\/resultados-y-registros\/?lang=es","title":{"rendered":"Resultados y Registros"},"content":{"rendered":"\t\t<div data-elementor-type=\"wp-page\" data-elementor-id=\"22738\" class=\"elementor elementor-22738\">\n\t\t\t\t\t\t<section class=\"elementor-section elementor-top-section elementor-element elementor-element-46866846 elementor-section-boxed elementor-section-height-default elementor-section-height-default\" data-id=\"46866846\" data-element_type=\"section\" data-e-type=\"section\">\n\t\t\t\t\t\t<div class=\"elementor-container elementor-column-gap-default\">\n\t\t\t\t\t<div class=\"elementor-column elementor-col-100 elementor-top-column elementor-element elementor-element-4cd05764\" data-id=\"4cd05764\" data-element_type=\"column\" data-e-type=\"column\">\n\t\t\t<div class=\"elementor-widget-wrap elementor-element-populated\">\n\t\t\t\t\t\t<div class=\"elementor-element elementor-element-351442c8 elementor-widget elementor-widget-text-editor\" data-id=\"351442c8\" data-element_type=\"widget\" data-e-type=\"widget\" data-widget_type=\"text-editor.default\">\n\t\t\t\t<div class=\"elementor-widget-container\">\n\t\t\t\t\t\t\t\t\t<p>\u00a1Hola, comunidad de SemeAd!<\/p><p>\u00a1Los resultados de los art\u00edculos aprobados, los trabajos del Consorcio Doctoral y los Seminarios de Preparaci\u00f3n para los Procesos de Selecci\u00f3n Doctoral est\u00e1n disponibles!<\/p><p>Accede a <a href=\"https:\/\/login.semead.com.br\/24semead\/\">https:\/\/login.semead.com.br\/24semead\/<\/a> inicia sesi\u00f3n y consulta los resultados en la pesta\u00f1a \u201ctrabalhos enviados&#8221; (o trabajos enviados).<\/p><p><strong>Informaciones Importantes<\/strong>:<\/p><ul><li>Las solicitudes de art\u00edculos aprobados, trabajos en consorcios y seminarios comenzar\u00e1n el 14 de septiembre (martes) y se cerrar\u00e1n el 30 de septiembre. \u00a1Mant\u00e9nganse al tanto!<\/li><li>Durante el registro, existir\u00e1 la opci\u00f3n de publicar los trabajos completos o solo sus res\u00famenes en las actas del evento.<\/li><li>Este a\u00f1o, ser\u00e1 necesario que los autores-presentadores produzcan un video de presentaci\u00f3n de su trabajo. Estos videos deben ser cargados por el sistema. Todas las pautas y tutoriales para la producci\u00f3n y env\u00edo de trabajos est\u00e1n disponibles en nuestro sitio web, en la pesta\u00f1a &#8220;Presentaci\u00f3n de Producci\u00f3n&#8221;.<\/li><\/ul><p><blockquote class=\"wp-embedded-content\" data-secret=\"79Ba0wysy0\"><a href=\"https:\/\/semead.com.br\/24\/apresentacoes-de-trabalhos\/\">Apresenta\u00e7\u00f5es de Trabalhos<\/a><\/blockquote><iframe class=\"wp-embedded-content\" sandbox=\"allow-scripts\" security=\"restricted\" style=\"position: absolute; clip: rect(1px, 1px, 1px, 1px);\" title=\"\u00abApresenta\u00e7\u00f5es de Trabalhos\u00bb \u2014 XXIV SemeAd\" src=\"https:\/\/semead.com.br\/24\/apresentacoes-de-trabalhos\/embed\/#?secret=79Ba0wysy0\" data-secret=\"79Ba0wysy0\" width=\"600\" height=\"338\" frameborder=\"0\" marginwidth=\"0\" marginheight=\"0\" scrolling=\"no\"><\/iframe><\/p><p>Tambi\u00e9n en esta pesta\u00f1a, los autores pueden descargar la plantilla sugerida para la presentaci\u00f3n de diapositivas. Aseg\u00farate de comprobarlo.<\/p><p>La fecha l\u00edmite para subir videos en nuestro sistema es hasta el 10 de octubre. \u00a1Mant\u00e9nganse al tanto!<\/p><p>Para el autor del seminario preparatorio para el proceso de selecci\u00f3n de doctorado, no ser\u00e1 necesario preparar una presentaci\u00f3n y enviarla a trav\u00e9s del sistema.<\/p><p>\u00a1Esperamos verte en SemeAd 2021!<\/p><p>Sinceramente,<\/p><p><strong>Coordinaci\u00f3n General de SemeAd<\/strong><\/p>\t\t\t\t\t\t\t\t<\/div>\n\t\t\t\t<\/div>\n\t\t\t\t\t<\/div>\n\t\t<\/div>\n\t\t\t\t\t<\/div>\n\t\t<\/section>\n\t\t\t\t<\/div>\n\t\t","protected":false},"excerpt":{"rendered":"<p>\u00a1Hola, comunidad de SemeAd! \u00a1Los resultados de los art\u00edculos aprobados, los trabajos del Consorcio Doctoral y los Seminarios de Preparaci\u00f3n para los Procesos de Selecci\u00f3n Doctoral est\u00e1n disponibles! Accede a https:\/\/login.semead.com.br\/24semead\/ inicia sesi\u00f3n y consulta los resultados en la pesta\u00f1a \u201ctrabalhos enviados&#8221; (o trabajos enviados). Informaciones Importantes: Las solicitudes de art\u00edculos aprobados, trabajos en consorcios&#8230;<\/p>\n","protected":false},"author":4,"featured_media":0,"parent":0,"menu_order":0,"comment_status":"closed","ping_status":"closed","template":"","meta":{"_acf_changed":false,"_monsterinsights_skip_tracking":false,"_monsterinsights_sitenote_active":false,"_monsterinsights_sitenote_note":"","_monsterinsights_sitenote_category":0,"footnotes":""},"class_list":["post-22738","page","type-page","status-publish","hentry"],"acf":[],"yoast_head":"<!-- This site is optimized with the Yoast SEO plugin v27.1.1 - https:\/\/yoast.com\/product\/yoast-seo-wordpress\/ -->\n<title>Resultados y Registros - XXIV SemeAd<\/title>\n<meta name=\"robots\" content=\"index, follow, max-snippet:-1, max-image-preview:large, max-video-preview:-1\" \/>\n<link rel=\"canonical\" href=\"https:\/\/semead.com.br\/24\/resultados-y-registros\/\" \/>\n<meta property=\"og:locale\" content=\"pt_BR\" \/>\n<meta property=\"og:type\" content=\"article\" \/>\n<meta property=\"og:title\" content=\"Resultados y Registros - XXIV SemeAd\" \/>\n<meta property=\"og:description\" content=\"\u00a1Hola, comunidad de SemeAd! \u00a1Los resultados de los art\u00edculos aprobados, los trabajos del Consorcio Doctoral y los Seminarios de Preparaci\u00f3n para los Procesos de Selecci\u00f3n Doctoral est\u00e1n disponibles! Accede a https:\/\/login.semead.com.br\/24semead\/ inicia sesi\u00f3n y consulta los resultados en la pesta\u00f1a \u201ctrabalhos enviados&#8221; (o trabajos enviados). Informaciones Importantes: Las solicitudes de art\u00edculos aprobados, trabajos en consorcios...\" \/>\n<meta property=\"og:url\" content=\"https:\/\/semead.com.br\/24\/resultados-y-registros\/?lang=es\" \/>\n<meta property=\"og:site_name\" content=\"XXIV SemeAd\" \/>\n<meta property=\"article:modified_time\" content=\"2021-09-14T23:08:39+00:00\" \/>\n<meta name=\"twitter:card\" content=\"summary_large_image\" \/>\n<meta name=\"twitter:label1\" content=\"Est. tempo de leitura\" \/>\n\t<meta name=\"twitter:data1\" content=\"1 minuto\" \/>\n<script type=\"application\/ld+json\" class=\"yoast-schema-graph\">{\"@context\":\"https:\/\/schema.org\",\"@graph\":[{\"@type\":\"WebPage\",\"@id\":\"https:\/\/semead.com.br\/24\/resultados-y-registros\/?lang=es\",\"url\":\"https:\/\/semead.com.br\/24\/resultados-y-registros\/?lang=es\",\"name\":\"Resultados y Registros - XXIV SemeAd\",\"isPartOf\":{\"@id\":\"https:\/\/semead.com.br\/24\/?lang=es\/#website\"},\"datePublished\":\"2021-09-14T23:03:33+00:00\",\"dateModified\":\"2021-09-14T23:08:39+00:00\",\"breadcrumb\":{\"@id\":\"https:\/\/semead.com.br\/24\/resultados-y-registros\/?lang=es#breadcrumb\"},\"inLanguage\":\"pt-BR\",\"potentialAction\":[{\"@type\":\"ReadAction\",\"target\":[\"https:\/\/semead.com.br\/24\/resultados-y-registros\/?lang=es\"]}]},{\"@type\":\"BreadcrumbList\",\"@id\":\"https:\/\/semead.com.br\/24\/resultados-y-registros\/?lang=es#breadcrumb\",\"itemListElement\":[{\"@type\":\"ListItem\",\"position\":1,\"name\":\"In\u00edcio\",\"item\":\"https:\/\/semead.com.br\/24\/\"},{\"@type\":\"ListItem\",\"position\":2,\"name\":\"Resultados y Registros\"}]},{\"@type\":\"WebSite\",\"@id\":\"https:\/\/semead.com.br\/24\/?lang=es\/#website\",\"url\":\"https:\/\/semead.com.br\/24\/?lang=es\/\",\"name\":\"XXIV SemeAd\",\"description\":\"Semin\u00e1rios em Administra\u00e7\u00e3o\",\"potentialAction\":[{\"@type\":\"SearchAction\",\"target\":{\"@type\":\"EntryPoint\",\"urlTemplate\":\"https:\/\/semead.com.br\/24\/?lang=es\/?s={search_term_string}\"},\"query-input\":{\"@type\":\"PropertyValueSpecification\",\"valueRequired\":true,\"valueName\":\"search_term_string\"}}],\"inLanguage\":\"pt-BR\"}]}<\/script>\n<!-- \/ Yoast SEO plugin. -->","yoast_head_json":{"title":"Resultados y Registros - XXIV SemeAd","robots":{"index":"index","follow":"follow","max-snippet":"max-snippet:-1","max-image-preview":"max-image-preview:large","max-video-preview":"max-video-preview:-1"},"canonical":"https:\/\/semead.com.br\/24\/resultados-y-registros\/","og_locale":"pt_BR","og_type":"article","og_title":"Resultados y Registros - XXIV SemeAd","og_description":"\u00a1Hola, comunidad de SemeAd! \u00a1Los resultados de los art\u00edculos aprobados, los trabajos del Consorcio Doctoral y los Seminarios de Preparaci\u00f3n para los Procesos de Selecci\u00f3n Doctoral est\u00e1n disponibles! Accede a https:\/\/login.semead.com.br\/24semead\/ inicia sesi\u00f3n y consulta los resultados en la pesta\u00f1a \u201ctrabalhos enviados&#8221; (o trabajos enviados). Informaciones Importantes: Las solicitudes de art\u00edculos aprobados, trabajos en consorcios...","og_url":"https:\/\/semead.com.br\/24\/resultados-y-registros\/?lang=es","og_site_name":"XXIV SemeAd","article_modified_time":"2021-09-14T23:08:39+00:00","twitter_card":"summary_large_image","twitter_misc":{"Est. tempo de leitura":"1 minuto"},"schema":{"@context":"https:\/\/schema.org","@graph":[{"@type":"WebPage","@id":"https:\/\/semead.com.br\/24\/resultados-y-registros\/?lang=es","url":"https:\/\/semead.com.br\/24\/resultados-y-registros\/?lang=es","name":"Resultados y Registros - XXIV SemeAd","isPartOf":{"@id":"https:\/\/semead.com.br\/24\/?lang=es\/#website"},"datePublished":"2021-09-14T23:03:33+00:00","dateModified":"2021-09-14T23:08:39+00:00","breadcrumb":{"@id":"https:\/\/semead.com.br\/24\/resultados-y-registros\/?lang=es#breadcrumb"},"inLanguage":"pt-BR","potentialAction":[{"@type":"ReadAction","target":["https:\/\/semead.com.br\/24\/resultados-y-registros\/?lang=es"]}]},{"@type":"BreadcrumbList","@id":"https:\/\/semead.com.br\/24\/resultados-y-registros\/?lang=es#breadcrumb","itemListElement":[{"@type":"ListItem","position":1,"name":"In\u00edcio","item":"https:\/\/semead.com.br\/24\/"},{"@type":"ListItem","position":2,"name":"Resultados y Registros"}]},{"@type":"WebSite","@id":"https:\/\/semead.com.br\/24\/?lang=es\/#website","url":"https:\/\/semead.com.br\/24\/?lang=es\/","name":"XXIV SemeAd","description":"Semin\u00e1rios em Administra\u00e7\u00e3o","potentialAction":[{"@type":"SearchAction","target":{"@type":"EntryPoint","urlTemplate":"https:\/\/semead.com.br\/24\/?lang=es\/?s={search_term_string}"},"query-input":{"@type":"PropertyValueSpecification","valueRequired":true,"valueName":"search_term_string"}}],"inLanguage":"pt-BR"}]}},"_links":{"self":[{"href":"https:\/\/semead.com.br\/24\/wp-json\/wp\/v2\/pages\/22738","targetHints":{"allow":["GET"]}}],"collection":[{"href":"https:\/\/semead.com.br\/24\/wp-json\/wp\/v2\/pages"}],"about":[{"href":"https:\/\/semead.com.br\/24\/wp-json\/wp\/v2\/types\/page"}],"author":[{"embeddable":true,"href":"https:\/\/semead.com.br\/24\/wp-json\/wp\/v2\/users\/4"}],"replies":[{"embeddable":true,"href":"https:\/\/semead.com.br\/24\/wp-json\/wp\/v2\/comments?post=22738"}],"version-history":[{"count":0,"href":"https:\/\/semead.com.br\/24\/wp-json\/wp\/v2\/pages\/22738\/revisions"}],"wp:attachment":[{"href":"https:\/\/semead.com.br\/24\/wp-json\/wp\/v2\/media?parent=22738"}],"curies":[{"name":"wp","href":"https:\/\/api.w.org\/{rel}","templated":true}]}}