{"id":23046,"date":"2021-10-25T14:22:58","date_gmt":"2021-10-25T17:22:58","guid":{"rendered":"https:\/\/semead.com.br\/24\/?page_id=23046"},"modified":"2021-10-25T14:30:38","modified_gmt":"2021-10-25T17:30:38","slug":"inscricoes-inclusivas","status":"publish","type":"page","link":"https:\/\/semead.com.br\/24\/inscricoes\/inscricoes-inclusivas\/","title":{"rendered":"Inscri\u00e7\u00f5es Inclusivas"},"content":{"rendered":"\n<p>Estimada Comunidade SemeAd,<\/p>\n\n\n\n<p>Com a inten\u00e7\u00e3o de n\u00e3o deixarmos ningu\u00e9m de fora do evento, este ano lan\u00e7amos a campanha de Inscri\u00e7\u00f5es Inclusivas! Esta \u00e9 uma modalidade de inscri\u00e7\u00e3o com valor reduzido: R$ 50.00. Pretendemos alcan\u00e7ar aqueles que submeteram trabalhos que n\u00e3o foram aprovados, mas que ainda assim desejam participar do SemeAd e aproveitar todas as atividades que ofertamos para a edi\u00e7\u00e3o deste ano. <\/p>\n\n\n\n<p><strong>Per\u00edodo de inscri\u00e7\u00e3o na modalidade inclusiva:<\/strong> at\u00e9 31\/10\/2021<\/p>\n\n\n\n<h3 class=\"wp-block-heading\">FORMAS DE PAGAMENTO<\/h3>\n\n\n\n<p><strong>&#8211; Boleto<\/strong><\/p>\n\n\n\n<p><strong>&#8211; Empenho<\/strong><\/p>\n\n\n\n<p>Ambas as formas de pagamento s\u00e3o realizadas atrav\u00e9s da <a href=\"http:\/\/login.semead.com.br\" target=\"_blank\" rel=\"noreferrer noopener\">plataforma do SemeAd<\/a>.<\/p>\n\n\n\n<p><\/p>\n\n\n\n<div class=\"wp-block-button\"><a class=\"wp-block-button__link\" href=\"http:\/\/login.semead.com.br\" target=\"_blank\" rel=\"noreferrer noopener\">INSCREVA-SE<\/a><\/div>\n\n\n\n<hr class=\"wp-block-separator\"\/>\n","protected":false},"excerpt":{"rendered":"<p>Estimada Comunidade SemeAd, Com a inten\u00e7\u00e3o de n\u00e3o deixarmos ningu\u00e9m de fora do evento, este ano lan\u00e7amos a campanha de Inscri\u00e7\u00f5es Inclusivas! Esta \u00e9 uma modalidade de inscri\u00e7\u00e3o com valor reduzido: R$ 50.00. Pretendemos alcan\u00e7ar aqueles que submeteram trabalhos que n\u00e3o foram aprovados, mas que ainda assim desejam participar do SemeAd e aproveitar todas as&#8230;<\/p>\n","protected":false},"author":4,"featured_media":0,"parent":28,"menu_order":0,"comment_status":"closed","ping_status":"closed","template":"","meta":{"_acf_changed":false,"_monsterinsights_skip_tracking":false,"_monsterinsights_sitenote_active":false,"_monsterinsights_sitenote_note":"","_monsterinsights_sitenote_category":0,"footnotes":""},"class_list":["post-23046","page","type-page","status-publish","hentry"],"acf":[],"yoast_head":"<!-- This site is optimized with the Yoast SEO plugin v27.1.1 - https:\/\/yoast.com\/product\/yoast-seo-wordpress\/ -->\n<title>Inscri\u00e7\u00f5es Inclusivas - XXIV SemeAd<\/title>\n<meta name=\"robots\" content=\"index, follow, max-snippet:-1, max-image-preview:large, max-video-preview:-1\" \/>\n<link rel=\"canonical\" href=\"https:\/\/semead.com.br\/24\/inscricoes\/inscricoes-inclusivas\/\" \/>\n<meta property=\"og:locale\" content=\"pt_BR\" \/>\n<meta property=\"og:type\" content=\"article\" \/>\n<meta property=\"og:title\" content=\"Inscri\u00e7\u00f5es Inclusivas - XXIV SemeAd\" \/>\n<meta property=\"og:description\" content=\"Estimada Comunidade SemeAd, Com a inten\u00e7\u00e3o de n\u00e3o deixarmos ningu\u00e9m de fora do evento, este ano lan\u00e7amos a campanha de Inscri\u00e7\u00f5es Inclusivas! Esta \u00e9 uma modalidade de inscri\u00e7\u00e3o com valor reduzido: R$ 50.00. Pretendemos alcan\u00e7ar aqueles que submeteram trabalhos que n\u00e3o foram aprovados, mas que ainda assim desejam participar do SemeAd e aproveitar todas as...\" \/>\n<meta property=\"og:url\" content=\"https:\/\/semead.com.br\/24\/inscricoes\/inscricoes-inclusivas\/\" \/>\n<meta property=\"og:site_name\" content=\"XXIV SemeAd\" \/>\n<meta property=\"article:modified_time\" content=\"2021-10-25T17:30:38+00:00\" \/>\n<meta name=\"twitter:card\" content=\"summary_large_image\" \/>\n<meta name=\"twitter:label1\" content=\"Est. tempo de leitura\" \/>\n\t<meta name=\"twitter:data1\" content=\"1 minuto\" \/>\n<script type=\"application\/ld+json\" class=\"yoast-schema-graph\">{\"@context\":\"https:\/\/schema.org\",\"@graph\":[{\"@type\":\"WebPage\",\"@id\":\"https:\/\/semead.com.br\/24\/inscricoes\/inscricoes-inclusivas\/\",\"url\":\"https:\/\/semead.com.br\/24\/inscricoes\/inscricoes-inclusivas\/\",\"name\":\"Inscri\u00e7\u00f5es Inclusivas - XXIV SemeAd\",\"isPartOf\":{\"@id\":\"https:\/\/semead.com.br\/24\/?lang=es\/#website\"},\"datePublished\":\"2021-10-25T17:22:58+00:00\",\"dateModified\":\"2021-10-25T17:30:38+00:00\",\"breadcrumb\":{\"@id\":\"https:\/\/semead.com.br\/24\/inscricoes\/inscricoes-inclusivas\/#breadcrumb\"},\"inLanguage\":\"pt-BR\",\"potentialAction\":[{\"@type\":\"ReadAction\",\"target\":[\"https:\/\/semead.com.br\/24\/inscricoes\/inscricoes-inclusivas\/\"]}]},{\"@type\":\"BreadcrumbList\",\"@id\":\"https:\/\/semead.com.br\/24\/inscricoes\/inscricoes-inclusivas\/#breadcrumb\",\"itemListElement\":[{\"@type\":\"ListItem\",\"position\":1,\"name\":\"In\u00edcio\",\"item\":\"https:\/\/semead.com.br\/24\/\"},{\"@type\":\"ListItem\",\"position\":2,\"name\":\"Inscri\u00e7\u00f5es\",\"item\":\"https:\/\/semead.com.br\/24\/inscricoes\/\"},{\"@type\":\"ListItem\",\"position\":3,\"name\":\"Inscri\u00e7\u00f5es Inclusivas\"}]},{\"@type\":\"WebSite\",\"@id\":\"https:\/\/semead.com.br\/24\/?lang=es\/#website\",\"url\":\"https:\/\/semead.com.br\/24\/?lang=es\/\",\"name\":\"XXIV SemeAd\",\"description\":\"Semin\u00e1rios em Administra\u00e7\u00e3o\",\"potentialAction\":[{\"@type\":\"SearchAction\",\"target\":{\"@type\":\"EntryPoint\",\"urlTemplate\":\"https:\/\/semead.com.br\/24\/?lang=es\/?s={search_term_string}\"},\"query-input\":{\"@type\":\"PropertyValueSpecification\",\"valueRequired\":true,\"valueName\":\"search_term_string\"}}],\"inLanguage\":\"pt-BR\"}]}<\/script>\n<!-- \/ Yoast SEO plugin. -->","yoast_head_json":{"title":"Inscri\u00e7\u00f5es Inclusivas - XXIV SemeAd","robots":{"index":"index","follow":"follow","max-snippet":"max-snippet:-1","max-image-preview":"max-image-preview:large","max-video-preview":"max-video-preview:-1"},"canonical":"https:\/\/semead.com.br\/24\/inscricoes\/inscricoes-inclusivas\/","og_locale":"pt_BR","og_type":"article","og_title":"Inscri\u00e7\u00f5es Inclusivas - XXIV SemeAd","og_description":"Estimada Comunidade SemeAd, Com a inten\u00e7\u00e3o de n\u00e3o deixarmos ningu\u00e9m de fora do evento, este ano lan\u00e7amos a campanha de Inscri\u00e7\u00f5es Inclusivas! Esta \u00e9 uma modalidade de inscri\u00e7\u00e3o com valor reduzido: R$ 50.00. Pretendemos alcan\u00e7ar aqueles que submeteram trabalhos que n\u00e3o foram aprovados, mas que ainda assim desejam participar do SemeAd e aproveitar todas as...","og_url":"https:\/\/semead.com.br\/24\/inscricoes\/inscricoes-inclusivas\/","og_site_name":"XXIV SemeAd","article_modified_time":"2021-10-25T17:30:38+00:00","twitter_card":"summary_large_image","twitter_misc":{"Est. tempo de leitura":"1 minuto"},"schema":{"@context":"https:\/\/schema.org","@graph":[{"@type":"WebPage","@id":"https:\/\/semead.com.br\/24\/inscricoes\/inscricoes-inclusivas\/","url":"https:\/\/semead.com.br\/24\/inscricoes\/inscricoes-inclusivas\/","name":"Inscri\u00e7\u00f5es Inclusivas - XXIV SemeAd","isPartOf":{"@id":"https:\/\/semead.com.br\/24\/?lang=es\/#website"},"datePublished":"2021-10-25T17:22:58+00:00","dateModified":"2021-10-25T17:30:38+00:00","breadcrumb":{"@id":"https:\/\/semead.com.br\/24\/inscricoes\/inscricoes-inclusivas\/#breadcrumb"},"inLanguage":"pt-BR","potentialAction":[{"@type":"ReadAction","target":["https:\/\/semead.com.br\/24\/inscricoes\/inscricoes-inclusivas\/"]}]},{"@type":"BreadcrumbList","@id":"https:\/\/semead.com.br\/24\/inscricoes\/inscricoes-inclusivas\/#breadcrumb","itemListElement":[{"@type":"ListItem","position":1,"name":"In\u00edcio","item":"https:\/\/semead.com.br\/24\/"},{"@type":"ListItem","position":2,"name":"Inscri\u00e7\u00f5es","item":"https:\/\/semead.com.br\/24\/inscricoes\/"},{"@type":"ListItem","position":3,"name":"Inscri\u00e7\u00f5es Inclusivas"}]},{"@type":"WebSite","@id":"https:\/\/semead.com.br\/24\/?lang=es\/#website","url":"https:\/\/semead.com.br\/24\/?lang=es\/","name":"XXIV SemeAd","description":"Semin\u00e1rios em Administra\u00e7\u00e3o","potentialAction":[{"@type":"SearchAction","target":{"@type":"EntryPoint","urlTemplate":"https:\/\/semead.com.br\/24\/?lang=es\/?s={search_term_string}"},"query-input":{"@type":"PropertyValueSpecification","valueRequired":true,"valueName":"search_term_string"}}],"inLanguage":"pt-BR"}]}},"_links":{"self":[{"href":"https:\/\/semead.com.br\/24\/wp-json\/wp\/v2\/pages\/23046","targetHints":{"allow":["GET"]}}],"collection":[{"href":"https:\/\/semead.com.br\/24\/wp-json\/wp\/v2\/pages"}],"about":[{"href":"https:\/\/semead.com.br\/24\/wp-json\/wp\/v2\/types\/page"}],"author":[{"embeddable":true,"href":"https:\/\/semead.com.br\/24\/wp-json\/wp\/v2\/users\/4"}],"replies":[{"embeddable":true,"href":"https:\/\/semead.com.br\/24\/wp-json\/wp\/v2\/comments?post=23046"}],"version-history":[{"count":0,"href":"https:\/\/semead.com.br\/24\/wp-json\/wp\/v2\/pages\/23046\/revisions"}],"up":[{"embeddable":true,"href":"https:\/\/semead.com.br\/24\/wp-json\/wp\/v2\/pages\/28"}],"wp:attachment":[{"href":"https:\/\/semead.com.br\/24\/wp-json\/wp\/v2\/media?parent=23046"}],"curies":[{"name":"wp","href":"https:\/\/api.w.org\/{rel}","templated":true}]}}