{"id":23173,"date":"2021-11-01T18:37:38","date_gmt":"2021-11-01T21:37:38","guid":{"rendered":"https:\/\/semead.com.br\/24\/?page_id=23173"},"modified":"2021-11-06T21:27:49","modified_gmt":"2021-11-07T00:27:49","slug":"programacion-consorcio-doctoral","status":"publish","type":"page","link":"https:\/\/semead.com.br\/24\/consorcio-doctoral\/programacion-consorcio-doctoral\/?lang=es","title":{"rendered":"Programaci\u00f3n Consorcio Doctoral"},"content":{"rendered":"\n<p>Sujeito a mudanzas (las fechas y hor\u00e1rios de presentaciones est\u00e1n presentados en horario de Brasil)<\/p>\n\n\n\n<figure class=\"wp-block-table\"><table><tbody><tr><td><strong>DIA 08\/11 \u2013 SEGUNDA-FEIRA &#8211; Das 14:30 \u00e0s 15:45<\/strong><\/td><\/tr><\/tbody><\/table><\/figure>\n\n\n\n<figure class=\"wp-block-table is-style-stripes\"><table><tbody><tr><td>MESA 1 &#8211; <strong>How to publish in top leading Journals? Publishing opportunities in CMR and SBEJ: challenges faced and how to overcome them<\/strong><\/td><td><\/td><\/tr><tr><td>Prof. David Vogel<\/td><td>Editor in Chief &#8211; California Management Review<\/td><\/tr><tr><td>Prof. Christina Guenther<\/td><td>Editor &#8211; Small Business Economics<\/td><\/tr><tr><td><strong>Modera\u00e7\u00e3o<\/strong>: Prof. Dr. Fl\u00e1vio Hourneaux Junior<\/td><td>FEA\/USP &#8211; RAUSP Management Journal<\/td><\/tr><\/tbody><\/table><\/figure>\n\n\n\n<figure class=\"wp-block-table\"><table><tbody><tr><td><strong>DIA 09\/11 \u2013 TER\u00c7A-FEIRA &#8211; Das 8h \u00e0s 9h<\/strong><\/td><\/tr><\/tbody><\/table><\/figure>\n\n\n\n<figure class=\"wp-block-table is-style-stripes\"><table><tbody><tr><td>MESA 2 &#8211; <strong>Desafios, Oportunidades e Dicas para o Doutorado Sandu\u00edche<\/strong><\/td><td><\/td><\/tr><tr><td>Profa. Dra. Cristina Moura Jo\u00e3o<\/td><td>(INSPER)<\/td><\/tr><tr><td>Profa. Dra. Sheila Serafim da Silva<\/td><td>(FIA)<\/td><\/tr><tr><td><strong>Modera\u00e7\u00e3o<\/strong>: Prof. Dr. Felipe Borini<\/td><td><\/td><\/tr><tr><td><\/td><td><\/td><\/tr><tr><td>Din\u00e2mica: 20min cada palestrante e 20min final para perguntas<\/td><td><\/td><\/tr><\/tbody><\/table><\/figure>\n\n\n\n<figure class=\"wp-block-table\"><table><tbody><tr><td><strong>DIA 09\/11 \u2013 TER\u00c7A-FEIRA &#8211; Das 9h \u00e0s 10h<\/strong><\/td><\/tr><\/tbody><\/table><\/figure>\n\n\n\n<figure class=\"wp-block-table is-style-stripes\"><table><tbody><tr><td>MESA 3 &#8211; <strong>Desafios, Oportunidades e Dicas para a Carreira do Doutorando\/Doutor<\/strong><\/td><td><\/td><\/tr><tr><td>Prof. Dr. Fabricio Stocker<\/td><td>FGV\/EBAPE<\/td><\/tr><tr><td>Profa Dra. Mariana Sutter<\/td><td>Toulouse Business School<\/td><\/tr><tr><td><strong>Modera\u00e7\u00e3o<\/strong>: Prof. Dr. Felipe Borini<\/td><td><\/td><\/tr><tr><td><\/td><td><\/td><\/tr><tr><td>Din\u00e2mica: 20min cada palestrante e 20min final para perguntas<\/td><td><\/td><\/tr><\/tbody><\/table><\/figure>\n\n\n\n<figure class=\"wp-block-table\"><table><tbody><tr><td><strong>DIA 09\/11 \u2013 TER\u00c7A-FEIRA &#8211; Das 10h \u00e0s 11h<\/strong><\/td><\/tr><\/tbody><\/table><\/figure>\n\n\n\n<figure class=\"wp-block-table is-style-stripes\"><table><tbody><tr><td>MESA 4 &#8211; <strong>Com a Palavra Editores: O Qu\u00ea e Como Escrever o Cap\u00edtulo de Discuss\u00e3o de Tese\/Artigo<\/strong><\/td><td><\/td><\/tr><tr><td>Profa. Dra. Marly Monteiro de Carvalho<\/td><td>POLI\/USP &#8211; Editora Associada da Technovation<\/td><\/tr><tr><td>Prof. Dr. Manuel Portugal<\/td><td>Instituto Polit\u00e9cnico de Leiria &#8211; Co-Editor Associado da INMR<\/td><\/tr><tr><td><strong>Modera\u00e7\u00e3o<\/strong>: Prof. Dr. Felipe Borini<\/td><td>FEA\/USP &#8211; Co-Editor in Chief da INMR<\/td><\/tr><tr><td><\/td><td><\/td><\/tr><tr><td>Din\u00e2mica: 20min cada palestrante e 20min final para perguntas<\/td><td><\/td><\/tr><\/tbody><\/table><\/figure>\n\n\n\n<figure class=\"wp-block-table\"><table><tbody><tr><td><strong>DIA 09\/11 \u2013 TER\u00c7A-FEIRA &#8211; Das 11h \u00e0s 12:30h<\/strong><\/td><\/tr><\/tbody><\/table><\/figure>\n\n\n\n<figure class=\"wp-block-table is-style-stripes\"><table><tbody><tr><td>MESA 5 &#8211; <strong>How to publish in top leading Journals? Publishing opportunities in GSJ and LRP: challenges faced and how to overcome them<\/strong><\/td><td><\/td><\/tr><tr><td>Prof. Dr. Gabriel R.G. Benito<\/td><td>Co-Editor da Global Strategy Journal<\/td><\/tr><tr><td>Prof. Dr. Roberto Vassolo<\/td><td>Editor Associado da Long Range Planning<\/td><\/tr><tr><td><strong>Modera\u00e7\u00e3o<\/strong>: Prof. Dr. Jos\u00e9 Antonio Sousa Neto<\/td><td>Editor Associado da Bottom Line<\/td><\/tr><tr><td><\/td><td><\/td><\/tr><tr><td>Din\u00e2mica: 20min cada palestrante e 20min final para perguntas<\/td><td><\/td><\/tr><\/tbody><\/table><\/figure>\n\n\n\n<figure class=\"wp-block-table\"><table><tbody><tr><td><strong>SESS\u00d5ES DE TRABALHOS<\/strong><\/td><\/tr><\/tbody><\/table><\/figure>\n\n\n\n<figure class=\"wp-block-table is-style-stripes\"><table><tbody><tr><td>Bancas Paralelas I<\/td><td>das 14hs \u00e0s 16hs<\/td><\/tr><tr><td>Bancas Paralelas II<\/td><td>das 16hs \u00e0s 18hs<\/td><\/tr><\/tbody><\/table><\/figure>\n","protected":false},"excerpt":{"rendered":"<p>Sujeito a mudanzas (las fechas y hor\u00e1rios de presentaciones est\u00e1n presentados en horario de Brasil) DIA 08\/11 \u2013 SEGUNDA-FEIRA &#8211; Das 14:30 \u00e0s 15:45 MESA 1 &#8211; How to publish in top leading Journals? Publishing opportunities in CMR and SBEJ: challenges faced and how to overcome them Prof. David Vogel Editor in Chief &#8211; California&#8230;<\/p>\n","protected":false},"author":4,"featured_media":0,"parent":21293,"menu_order":0,"comment_status":"closed","ping_status":"closed","template":"","meta":{"_acf_changed":false,"_monsterinsights_skip_tracking":false,"_monsterinsights_sitenote_active":false,"_monsterinsights_sitenote_note":"","_monsterinsights_sitenote_category":0,"footnotes":""},"class_list":["post-23173","page","type-page","status-publish","hentry"],"acf":[],"yoast_head":"<!-- This site is optimized with the Yoast SEO plugin v27.6 - https:\/\/yoast.com\/product\/yoast-seo-wordpress\/ -->\n<title>Programaci\u00f3n Consorcio Doctoral - XXIV SemeAd<\/title>\n<meta name=\"robots\" content=\"index, follow, max-snippet:-1, max-image-preview:large, max-video-preview:-1\" \/>\n<link rel=\"canonical\" href=\"https:\/\/semead.com.br\/24\/consorcio-doctoral\/programacion-consorcio-doctoral\/\" \/>\n<meta property=\"og:locale\" content=\"pt_BR\" \/>\n<meta property=\"og:type\" content=\"article\" \/>\n<meta property=\"og:title\" content=\"Programaci\u00f3n Consorcio Doctoral - XXIV SemeAd\" \/>\n<meta property=\"og:description\" content=\"Sujeito a mudanzas (las fechas y hor\u00e1rios de presentaciones est\u00e1n presentados en horario de Brasil) DIA 08\/11 \u2013 SEGUNDA-FEIRA &#8211; Das 14:30 \u00e0s 15:45 MESA 1 &#8211; How to publish in top leading Journals? Publishing opportunities in CMR and SBEJ: challenges faced and how to overcome them Prof. David Vogel Editor in Chief &#8211; California...\" \/>\n<meta property=\"og:url\" content=\"https:\/\/semead.com.br\/24\/consorcio-doctoral\/programacion-consorcio-doctoral\/?lang=es\" \/>\n<meta property=\"og:site_name\" content=\"XXIV SemeAd\" \/>\n<meta property=\"article:modified_time\" content=\"2021-11-07T00:27:49+00:00\" \/>\n<meta name=\"twitter:card\" content=\"summary_large_image\" \/>\n<meta name=\"twitter:label1\" content=\"Est. tempo de leitura\" \/>\n\t<meta name=\"twitter:data1\" content=\"2 minutos\" \/>\n<script type=\"application\/ld+json\" class=\"yoast-schema-graph\">{\"@context\":\"https:\\\/\\\/schema.org\",\"@graph\":[{\"@type\":\"WebPage\",\"@id\":\"https:\\\/\\\/semead.com.br\\\/24\\\/consorcio-doctoral\\\/programacion-consorcio-doctoral\\\/?lang=es\",\"url\":\"https:\\\/\\\/semead.com.br\\\/24\\\/consorcio-doctoral\\\/programacion-consorcio-doctoral\\\/?lang=es\",\"name\":\"Programaci\u00f3n Consorcio Doctoral - XXIV SemeAd\",\"isPartOf\":{\"@id\":\"https:\\\/\\\/semead.com.br\\\/24\\\/#website\"},\"datePublished\":\"2021-11-01T21:37:38+00:00\",\"dateModified\":\"2021-11-07T00:27:49+00:00\",\"breadcrumb\":{\"@id\":\"https:\\\/\\\/semead.com.br\\\/24\\\/consorcio-doctoral\\\/programacion-consorcio-doctoral\\\/?lang=es#breadcrumb\"},\"inLanguage\":\"pt-BR\",\"potentialAction\":[{\"@type\":\"ReadAction\",\"target\":[\"https:\\\/\\\/semead.com.br\\\/24\\\/consorcio-doctoral\\\/programacion-consorcio-doctoral\\\/?lang=es\"]}]},{\"@type\":\"BreadcrumbList\",\"@id\":\"https:\\\/\\\/semead.com.br\\\/24\\\/consorcio-doctoral\\\/programacion-consorcio-doctoral\\\/?lang=es#breadcrumb\",\"itemListElement\":[{\"@type\":\"ListItem\",\"position\":1,\"name\":\"In\u00edcio\",\"item\":\"https:\\\/\\\/semead.com.br\\\/24\\\/\"},{\"@type\":\"ListItem\",\"position\":2,\"name\":\"Consorcio Doctoral\",\"item\":\"https:\\\/\\\/semead.com.br\\\/24\\\/consorcio-doutoral\\\/\"},{\"@type\":\"ListItem\",\"position\":3,\"name\":\"Programaci\u00f3n Consorcio Doctoral\"}]},{\"@type\":\"WebSite\",\"@id\":\"https:\\\/\\\/semead.com.br\\\/24\\\/#website\",\"url\":\"https:\\\/\\\/semead.com.br\\\/24\\\/\",\"name\":\"XXIV SemeAd\",\"description\":\"Semin\u00e1rios em Administra\u00e7\u00e3o\",\"potentialAction\":[{\"@type\":\"SearchAction\",\"target\":{\"@type\":\"EntryPoint\",\"urlTemplate\":\"https:\\\/\\\/semead.com.br\\\/24\\\/?s={search_term_string}\"},\"query-input\":{\"@type\":\"PropertyValueSpecification\",\"valueRequired\":true,\"valueName\":\"search_term_string\"}}],\"inLanguage\":\"pt-BR\"}]}<\/script>\n<!-- \/ Yoast SEO plugin. -->","yoast_head_json":{"title":"Programaci\u00f3n Consorcio Doctoral - XXIV SemeAd","robots":{"index":"index","follow":"follow","max-snippet":"max-snippet:-1","max-image-preview":"max-image-preview:large","max-video-preview":"max-video-preview:-1"},"canonical":"https:\/\/semead.com.br\/24\/consorcio-doctoral\/programacion-consorcio-doctoral\/","og_locale":"pt_BR","og_type":"article","og_title":"Programaci\u00f3n Consorcio Doctoral - XXIV SemeAd","og_description":"Sujeito a mudanzas (las fechas y hor\u00e1rios de presentaciones est\u00e1n presentados en horario de Brasil) DIA 08\/11 \u2013 SEGUNDA-FEIRA &#8211; Das 14:30 \u00e0s 15:45 MESA 1 &#8211; How to publish in top leading Journals? Publishing opportunities in CMR and SBEJ: challenges faced and how to overcome them Prof. David Vogel Editor in Chief &#8211; California...","og_url":"https:\/\/semead.com.br\/24\/consorcio-doctoral\/programacion-consorcio-doctoral\/?lang=es","og_site_name":"XXIV SemeAd","article_modified_time":"2021-11-07T00:27:49+00:00","twitter_card":"summary_large_image","twitter_misc":{"Est. tempo de leitura":"2 minutos"},"schema":{"@context":"https:\/\/schema.org","@graph":[{"@type":"WebPage","@id":"https:\/\/semead.com.br\/24\/consorcio-doctoral\/programacion-consorcio-doctoral\/?lang=es","url":"https:\/\/semead.com.br\/24\/consorcio-doctoral\/programacion-consorcio-doctoral\/?lang=es","name":"Programaci\u00f3n Consorcio Doctoral - XXIV SemeAd","isPartOf":{"@id":"https:\/\/semead.com.br\/24\/#website"},"datePublished":"2021-11-01T21:37:38+00:00","dateModified":"2021-11-07T00:27:49+00:00","breadcrumb":{"@id":"https:\/\/semead.com.br\/24\/consorcio-doctoral\/programacion-consorcio-doctoral\/?lang=es#breadcrumb"},"inLanguage":"pt-BR","potentialAction":[{"@type":"ReadAction","target":["https:\/\/semead.com.br\/24\/consorcio-doctoral\/programacion-consorcio-doctoral\/?lang=es"]}]},{"@type":"BreadcrumbList","@id":"https:\/\/semead.com.br\/24\/consorcio-doctoral\/programacion-consorcio-doctoral\/?lang=es#breadcrumb","itemListElement":[{"@type":"ListItem","position":1,"name":"In\u00edcio","item":"https:\/\/semead.com.br\/24\/"},{"@type":"ListItem","position":2,"name":"Consorcio Doctoral","item":"https:\/\/semead.com.br\/24\/consorcio-doutoral\/"},{"@type":"ListItem","position":3,"name":"Programaci\u00f3n Consorcio Doctoral"}]},{"@type":"WebSite","@id":"https:\/\/semead.com.br\/24\/#website","url":"https:\/\/semead.com.br\/24\/","name":"XXIV SemeAd","description":"Semin\u00e1rios em Administra\u00e7\u00e3o","potentialAction":[{"@type":"SearchAction","target":{"@type":"EntryPoint","urlTemplate":"https:\/\/semead.com.br\/24\/?s={search_term_string}"},"query-input":{"@type":"PropertyValueSpecification","valueRequired":true,"valueName":"search_term_string"}}],"inLanguage":"pt-BR"}]}},"_links":{"self":[{"href":"https:\/\/semead.com.br\/24\/wp-json\/wp\/v2\/pages\/23173","targetHints":{"allow":["GET"]}}],"collection":[{"href":"https:\/\/semead.com.br\/24\/wp-json\/wp\/v2\/pages"}],"about":[{"href":"https:\/\/semead.com.br\/24\/wp-json\/wp\/v2\/types\/page"}],"author":[{"embeddable":true,"href":"https:\/\/semead.com.br\/24\/wp-json\/wp\/v2\/users\/4"}],"replies":[{"embeddable":true,"href":"https:\/\/semead.com.br\/24\/wp-json\/wp\/v2\/comments?post=23173"}],"version-history":[{"count":0,"href":"https:\/\/semead.com.br\/24\/wp-json\/wp\/v2\/pages\/23173\/revisions"}],"up":[{"embeddable":true,"href":"https:\/\/semead.com.br\/24\/wp-json\/wp\/v2\/pages\/21293"}],"wp:attachment":[{"href":"https:\/\/semead.com.br\/24\/wp-json\/wp\/v2\/media?parent=23173"}],"curies":[{"name":"wp","href":"https:\/\/api.w.org\/{rel}","templated":true}]}}