{"id":23262,"date":"2021-11-03T11:19:27","date_gmt":"2021-11-03T14:19:27","guid":{"rendered":"https:\/\/semead.com.br\/24\/?page_id=23262"},"modified":"2021-11-29T10:54:43","modified_gmt":"2021-11-29T13:54:43","slug":"programacao-workshops","status":"publish","type":"page","link":"https:\/\/semead.com.br\/24\/programacao-workshops\/","title":{"rendered":"Programa\u00e7\u00e3o Workshops"},"content":{"rendered":"\n<p><strong>Sujeita a altera\u00e7\u00e3o<\/strong>.<\/p>\n\n\n\n<figure class=\"wp-block-table\"><table><tbody><tr><td><strong>DIA 09\/11 \u2013 TER\u00c7A-FEIRA<\/strong><\/td><\/tr><\/tbody><\/table><\/figure>\n\n\n\n<figure class=\"wp-block-table is-style-stripes\"><table><tbody><tr><td><strong>Hor\u00e1rio (Bras\u00edlia)<\/strong><\/td><td><\/td><td><strong>Workshops (1)<\/strong><\/td><td><strong>Ministrado Por<\/strong><\/td><\/tr><tr><td>10:30 \u2013 12:00<\/td><td><\/td><td>Meta An\u00e1lise Aplicada \u00e0 Administra\u00e7\u00e3o<\/td><td>Valter Afonso Vieira<\/td><\/tr><tr><td><meta charset=\"utf-8\">10:30 \u2013 12:00<\/td><td><\/td><td>Crise de Replica\u00e7\u00e3o: Caminhos para Ci\u00eancias Sociais Aplicadas<\/td><td>Leonardo Vils e Lilian Carvalho<\/td><\/tr><tr><td><meta charset=\"utf-8\">10:30 \u2013 12:00<\/td><td><\/td><td>Introdu\u00e7\u00e3o \u00e0 An\u00e1lise Qualitativa Comparativa (QCA)<\/td><td>Tobias Coutinho Parente<\/td><\/tr><tr><td><meta charset=\"utf-8\">10:30 \u2013 12:00<\/td><td><\/td><td>Escolhendo o tema do seu artigo tecnol\u00f3gico<\/td><td>Gustavo Motta<\/td><\/tr><\/tbody><\/table><\/figure>\n\n\n\n<figure class=\"wp-block-table is-style-stripes\"><table><tbody><tr><td><strong>Hor\u00e1rio (Bras\u00edlia)<\/strong><\/td><td><\/td><td><strong>Workshops (2)<\/strong><\/td><td><strong>Ministrado Por<\/strong><\/td><\/tr><tr><td>14:30 \u2013 16:00<\/td><td><\/td><td>A utiliza\u00e7\u00e3o do Eyetracking em pesquisas cient\u00edfica<\/td><td>Helena Belintani Shigaki e Nairana Caneppele<\/td><\/tr><tr><td><meta charset=\"utf-8\">14:30 \u2013 16:00<\/td><td><\/td><td>Uso de R para Estudos em Bases de Dados de Empreendedorismo<\/td><td>C\u00e2ndido Borges e Daniel do Prado Pagotto<\/td><\/tr><tr><td><meta charset=\"utf-8\">14:30 \u2013 16:00<\/td><td><\/td><td>Delimita\u00e7\u00e3o de tema de pesquisa e fronteiras do conhecimento<\/td><td>Marcelo Gabriel e S\u00e9rgio Moretti<\/td><\/tr><tr><td><meta charset=\"utf-8\">14:30 \u2013 16:00<\/td><td><\/td><td>Trabalho em grupo de pesquisa com o Maxqda<\/td><td>Beatriz Gondim<\/td><\/tr><\/tbody><\/table><\/figure>\n\n\n\n<figure class=\"wp-block-table\"><table><tbody><tr><td><strong>DIA 10\/11 \u2013 QUARTA-FEIRA<\/strong><\/td><\/tr><\/tbody><\/table><\/figure>\n\n\n\n<figure class=\"wp-block-table is-style-stripes\"><table><tbody><tr><td><strong>Hor\u00e1rio (Bras\u00edlia)<\/strong><\/td><td><\/td><td><strong>Workshops (3)<\/strong><\/td><td><strong>Ministrado Por<\/strong><\/td><\/tr><tr><td>10:30 \u2013 12:00<\/td><td><\/td><td>Introdu\u00e7\u00e3o \u00e0 An\u00e1lise Cr\u00edtica do Discurso em Administra\u00e7\u00e3o<\/td><td>Marcio Moutinho Abdalla<\/td><\/tr><tr><td>10:30 \u2013 12:00<\/td><td><\/td><td>Coleta de Dados: como fazer e esclarecer o uso de anota\u00e7\u00f5es de campo em pesquisa cient\u00edfica<\/td><td><\/td><\/tr><tr><td>10:30 \u2013 12:00<\/td><td><\/td><td>Did\u00e1tica do Ensino em Administra\u00e7\u00e3o<\/td><td>Jane Mendes Ferreira<\/td><\/tr><tr><td>10:30 \u2013 12:00<\/td><td><\/td><td>An\u00e1lise de Dados Qualitativos com o Apoio de Software<\/td><td>B\u00e1rbara Galleli<\/td><\/tr><tr><td><meta charset=\"utf-8\">10:30 \u2013 12:00<\/td><td><\/td><td>Comunicando ideias de pesquisa em Contabilidade e Finan\u00e7as<\/td><td>M\u00e1rcio Andr\u00e9 Veras Machado<\/td><\/tr><\/tbody><\/table><\/figure>\n\n\n\n<figure class=\"wp-block-table is-style-stripes\"><table><tbody><tr><td><strong>Hor\u00e1rio (Bras\u00edlia)<\/strong><\/td><td><\/td><td><strong>Workshops (4)<\/strong><\/td><td><strong>Ministrado Por<\/strong><\/td><\/tr><tr><td>14:30 \u2013 16:00<\/td><td><\/td><td>Marketing Analytics e Marketing baseado em evid\u00eancia emp\u00edrica<\/td><td>Marcos Severo<\/td><\/tr><tr><td>14:30 \u2013 16:00<\/td><td><\/td><td>Uso da Modelagem de Equa\u00e7\u00f5es Estruturais baseada em vari\u00e2ncia \u2013 Exemplo pr\u00e1tico com o uso do SmartPLS<\/td><td>Dirceu Silva<\/td><\/tr><tr><td>14:30 \u2013 16:00<\/td><td><\/td><td>Produtos tecnol\u00f3gicos: como elaborar a partir da solu\u00e7\u00e3o de problemas e do aproveitamento de oportunidades nas organiza\u00e7\u00f5es<\/td><td>Reynaldo Cavalheiro Marcondes<\/td><\/tr><tr><td>14:30 \u2013 16:00<\/td><td><\/td><td>Cuidados da LGPD ao coletar dados por question\u00e1rios na Internet<\/td><td>Rog\u00e9rio Gustavo<\/td><\/tr><\/tbody><\/table><\/figure>\n\n\n\n<figure class=\"wp-block-table\"><table><tbody><tr><td><strong>DIA 11\/11 \u2013 QUINTA-FEIRA<\/strong><\/td><\/tr><\/tbody><\/table><\/figure>\n\n\n\n<figure class=\"wp-block-table is-style-stripes\"><table><tbody><tr><td><strong>Hor\u00e1rio (Bras\u00edlia)<\/strong><\/td><td><\/td><td><strong>Workshops (5)<\/strong><\/td><td><strong>Ministrado Por<\/strong><\/td><\/tr><tr><td>10:30 \u2013 12:00<\/td><td><\/td><td>Usando Recursos da Clarivate para levantamento bibliogr\u00e1fico e an\u00e1lise bibliom\u00e9trica<\/td><td>Deborah Dias<\/td><\/tr><tr><td>10:30 \u2013 12:00<\/td><td><\/td><td>Constru\u00e7\u00e3o e valida\u00e7\u00e3o de escalas para mensura\u00e7\u00e3o de atitudes<\/td><td>Marcelo Gabriel<\/td><\/tr><tr><td>10:30 \u2013 12:00<\/td><td><\/td><td>Netnografia<\/td><td>Paula Chimenti e Daniela Abrantes Ferreira<\/td><\/tr><tr><td>10:30 \u2013 12:00<\/td><td><\/td><td>Aprendendo em a\u00e7\u00e3o: utiliza\u00e7\u00e3o de casos para inova\u00e7\u00e3o no ensino e aprendizagem<\/td><td>Anielson Barbosa<\/td><\/tr><\/tbody><\/table><\/figure>\n\n\n\n<figure class=\"wp-block-table is-style-stripes\"><table><tbody><tr><td><strong>Hor\u00e1rio (Bras\u00edlia)<\/strong><\/td><td><\/td><td><strong>Workshops (6)<\/strong><\/td><td><strong>Ministrado Por<\/strong><\/td><\/tr><tr><td>14:30 \u2013 16:00<\/td><td><\/td><td>Como os mapas conceituais podem ajudar a aumentar o protagonismo dos alunos?<\/td><td>Paulo Rog\u00e9rio Miranda Correia<\/td><\/tr><tr><td>14:30 \u2013 16:00<\/td><td><\/td><td>A Utiliza\u00e7\u00e3o de Softwares no Processo de Escrita Acad\u00eamica<\/td><td>Davi Lucas Arruda de Ara\u00fajo<\/td><\/tr><tr><td>14:30 \u2013 16:00<\/td><td><\/td><td>Base de dados IBGE<\/td><td>Jefferson Mariano<\/td><\/tr><tr><td>14:30 \u2013 16:00<\/td><td><\/td><td>Estrat\u00e9gias de ado\u00e7\u00e3o de Business Games nos Cursos de Administra\u00e7\u00e3o<\/td><td>Murilo Alvarenga Oliveira e Sheila Serafin<\/td><\/tr><\/tbody><\/table><\/figure>\n\n\n\n<figure class=\"wp-block-table\"><table><tbody><tr><td><strong>DIA 12\/11 \u2013 SEXTA-FEIRA<\/strong><\/td><\/tr><\/tbody><\/table><\/figure>\n\n\n\n<figure class=\"wp-block-table is-style-stripes\"><table><tbody><tr><td><strong>Hor\u00e1rio (Bras\u00edlia)<\/strong><\/td><td><\/td><td><strong>Workshops (7)<\/strong><\/td><td><strong>Ministrado Por<\/strong><\/td><\/tr><tr><td>10:30 \u2013 12:00<\/td><td><\/td><td>O Uso de softwares VOSviewer e CitNetExplorer na pesquisa bibliom\u00e9trica<\/td><td>Ver\u00f4nica Mac\u00e1rio de Oliveira<\/td><\/tr><tr><td>10:30 \u2013 12:00<\/td><td><\/td><td>Abordagem Cognitivo-Reflexiva<\/td><td>Ana Paula Pinho<\/td><\/tr><tr><td>10:30 \u2013 12:00<\/td><td><\/td><td>Aplica\u00e7\u00f5es de Big Data e Inteligencia Artificial na Tomada Decis\u00e3o<\/td><td>Alessandra Montini<\/td><\/tr><tr><td>10:30 \u2013 12:00<\/td><td><\/td><td>Introdu\u00e7\u00e3o \u00e0 An\u00e1lise de Dados em Painel<\/td><td>Luiz Eduardo Gaio<\/td><\/tr><\/tbody><\/table><\/figure>\n\n\n\n<figure class=\"wp-block-table is-style-stripes\"><table><tbody><tr><td><strong>Hor\u00e1rio (Bras\u00edlia)<\/strong><\/td><td><\/td><td><strong>Workshops (8)<\/strong><\/td><td><strong>Ministrado Por<\/strong><\/td><\/tr><tr><td>14:30 \u2013 16:00<\/td><td><\/td><td>Prepara\u00e7\u00e3o para processo seletivo docente no exterior<\/td><td>Dennys Eduardo Rossetto<\/td><\/tr><tr><td>14:30 \u2013 16:00<\/td><td><\/td><td>An\u00e1lise multigrupo com o uso do SmartPLS<\/td><td>Carlos Alberto Alves<\/td><\/tr><tr><td>14:30 \u2013 16:00<\/td><td><\/td><td>An\u00e1lise de dados qualitativos com o uso do Iramuteq<\/td><td>Marcos Mazieri<\/td><\/tr><\/tbody><\/table><\/figure>\n","protected":false},"excerpt":{"rendered":"<p>Sujeita a altera\u00e7\u00e3o. DIA 09\/11 \u2013 TER\u00c7A-FEIRA Hor\u00e1rio (Bras\u00edlia) Workshops (1) Ministrado Por 10:30 \u2013 12:00 Meta An\u00e1lise Aplicada \u00e0 Administra\u00e7\u00e3o Valter Afonso Vieira 10:30 \u2013 12:00 Crise de Replica\u00e7\u00e3o: Caminhos para Ci\u00eancias Sociais Aplicadas Leonardo Vils e Lilian Carvalho 10:30 \u2013 12:00 Introdu\u00e7\u00e3o \u00e0 An\u00e1lise Qualitativa Comparativa (QCA) Tobias Coutinho Parente 10:30 \u2013 12:00&#8230;<\/p>\n","protected":false},"author":4,"featured_media":0,"parent":0,"menu_order":0,"comment_status":"closed","ping_status":"closed","template":"","meta":{"_acf_changed":false,"_monsterinsights_skip_tracking":false,"_monsterinsights_sitenote_active":false,"_monsterinsights_sitenote_note":"","_monsterinsights_sitenote_category":0,"footnotes":""},"class_list":["post-23262","page","type-page","status-publish","hentry"],"acf":[],"yoast_head":"<!-- This site is optimized with the Yoast SEO plugin v27.1.1 - https:\/\/yoast.com\/product\/yoast-seo-wordpress\/ -->\n<title>Programa\u00e7\u00e3o Workshops - XXIV SemeAd<\/title>\n<meta name=\"robots\" content=\"index, follow, max-snippet:-1, max-image-preview:large, max-video-preview:-1\" \/>\n<link rel=\"canonical\" href=\"https:\/\/semead.com.br\/24\/programacao-workshops\/\" \/>\n<meta property=\"og:locale\" content=\"pt_BR\" \/>\n<meta property=\"og:type\" content=\"article\" \/>\n<meta property=\"og:title\" content=\"Programa\u00e7\u00e3o Workshops - XXIV SemeAd\" \/>\n<meta property=\"og:description\" content=\"Sujeita a altera\u00e7\u00e3o. DIA 09\/11 \u2013 TER\u00c7A-FEIRA Hor\u00e1rio (Bras\u00edlia) Workshops (1) Ministrado Por 10:30 \u2013 12:00 Meta An\u00e1lise Aplicada \u00e0 Administra\u00e7\u00e3o Valter Afonso Vieira 10:30 \u2013 12:00 Crise de Replica\u00e7\u00e3o: Caminhos para Ci\u00eancias Sociais Aplicadas Leonardo Vils e Lilian Carvalho 10:30 \u2013 12:00 Introdu\u00e7\u00e3o \u00e0 An\u00e1lise Qualitativa Comparativa (QCA) Tobias Coutinho Parente 10:30 \u2013 12:00...\" \/>\n<meta property=\"og:url\" content=\"https:\/\/semead.com.br\/24\/programacao-workshops\/\" \/>\n<meta property=\"og:site_name\" content=\"XXIV SemeAd\" \/>\n<meta property=\"article:modified_time\" content=\"2021-11-29T13:54:43+00:00\" \/>\n<meta name=\"twitter:card\" content=\"summary_large_image\" \/>\n<meta name=\"twitter:label1\" content=\"Est. tempo de leitura\" \/>\n\t<meta name=\"twitter:data1\" content=\"3 minutos\" \/>\n<script type=\"application\/ld+json\" class=\"yoast-schema-graph\">{\"@context\":\"https:\/\/schema.org\",\"@graph\":[{\"@type\":\"WebPage\",\"@id\":\"https:\/\/semead.com.br\/24\/programacao-workshops\/\",\"url\":\"https:\/\/semead.com.br\/24\/programacao-workshops\/\",\"name\":\"Programa\u00e7\u00e3o Workshops - XXIV SemeAd\",\"isPartOf\":{\"@id\":\"https:\/\/semead.com.br\/24\/?lang=es\/#website\"},\"datePublished\":\"2021-11-03T14:19:27+00:00\",\"dateModified\":\"2021-11-29T13:54:43+00:00\",\"breadcrumb\":{\"@id\":\"https:\/\/semead.com.br\/24\/programacao-workshops\/#breadcrumb\"},\"inLanguage\":\"pt-BR\",\"potentialAction\":[{\"@type\":\"ReadAction\",\"target\":[\"https:\/\/semead.com.br\/24\/programacao-workshops\/\"]}]},{\"@type\":\"BreadcrumbList\",\"@id\":\"https:\/\/semead.com.br\/24\/programacao-workshops\/#breadcrumb\",\"itemListElement\":[{\"@type\":\"ListItem\",\"position\":1,\"name\":\"In\u00edcio\",\"item\":\"https:\/\/semead.com.br\/24\/\"},{\"@type\":\"ListItem\",\"position\":2,\"name\":\"Programa\u00e7\u00e3o Workshops\"}]},{\"@type\":\"WebSite\",\"@id\":\"https:\/\/semead.com.br\/24\/?lang=es\/#website\",\"url\":\"https:\/\/semead.com.br\/24\/?lang=es\/\",\"name\":\"XXIV SemeAd\",\"description\":\"Semin\u00e1rios em Administra\u00e7\u00e3o\",\"potentialAction\":[{\"@type\":\"SearchAction\",\"target\":{\"@type\":\"EntryPoint\",\"urlTemplate\":\"https:\/\/semead.com.br\/24\/?lang=es\/?s={search_term_string}\"},\"query-input\":{\"@type\":\"PropertyValueSpecification\",\"valueRequired\":true,\"valueName\":\"search_term_string\"}}],\"inLanguage\":\"pt-BR\"}]}<\/script>\n<!-- \/ Yoast SEO plugin. -->","yoast_head_json":{"title":"Programa\u00e7\u00e3o Workshops - XXIV SemeAd","robots":{"index":"index","follow":"follow","max-snippet":"max-snippet:-1","max-image-preview":"max-image-preview:large","max-video-preview":"max-video-preview:-1"},"canonical":"https:\/\/semead.com.br\/24\/programacao-workshops\/","og_locale":"pt_BR","og_type":"article","og_title":"Programa\u00e7\u00e3o Workshops - XXIV SemeAd","og_description":"Sujeita a altera\u00e7\u00e3o. DIA 09\/11 \u2013 TER\u00c7A-FEIRA Hor\u00e1rio (Bras\u00edlia) Workshops (1) Ministrado Por 10:30 \u2013 12:00 Meta An\u00e1lise Aplicada \u00e0 Administra\u00e7\u00e3o Valter Afonso Vieira 10:30 \u2013 12:00 Crise de Replica\u00e7\u00e3o: Caminhos para Ci\u00eancias Sociais Aplicadas Leonardo Vils e Lilian Carvalho 10:30 \u2013 12:00 Introdu\u00e7\u00e3o \u00e0 An\u00e1lise Qualitativa Comparativa (QCA) Tobias Coutinho Parente 10:30 \u2013 12:00...","og_url":"https:\/\/semead.com.br\/24\/programacao-workshops\/","og_site_name":"XXIV SemeAd","article_modified_time":"2021-11-29T13:54:43+00:00","twitter_card":"summary_large_image","twitter_misc":{"Est. tempo de leitura":"3 minutos"},"schema":{"@context":"https:\/\/schema.org","@graph":[{"@type":"WebPage","@id":"https:\/\/semead.com.br\/24\/programacao-workshops\/","url":"https:\/\/semead.com.br\/24\/programacao-workshops\/","name":"Programa\u00e7\u00e3o Workshops - XXIV SemeAd","isPartOf":{"@id":"https:\/\/semead.com.br\/24\/?lang=es\/#website"},"datePublished":"2021-11-03T14:19:27+00:00","dateModified":"2021-11-29T13:54:43+00:00","breadcrumb":{"@id":"https:\/\/semead.com.br\/24\/programacao-workshops\/#breadcrumb"},"inLanguage":"pt-BR","potentialAction":[{"@type":"ReadAction","target":["https:\/\/semead.com.br\/24\/programacao-workshops\/"]}]},{"@type":"BreadcrumbList","@id":"https:\/\/semead.com.br\/24\/programacao-workshops\/#breadcrumb","itemListElement":[{"@type":"ListItem","position":1,"name":"In\u00edcio","item":"https:\/\/semead.com.br\/24\/"},{"@type":"ListItem","position":2,"name":"Programa\u00e7\u00e3o Workshops"}]},{"@type":"WebSite","@id":"https:\/\/semead.com.br\/24\/?lang=es\/#website","url":"https:\/\/semead.com.br\/24\/?lang=es\/","name":"XXIV SemeAd","description":"Semin\u00e1rios em Administra\u00e7\u00e3o","potentialAction":[{"@type":"SearchAction","target":{"@type":"EntryPoint","urlTemplate":"https:\/\/semead.com.br\/24\/?lang=es\/?s={search_term_string}"},"query-input":{"@type":"PropertyValueSpecification","valueRequired":true,"valueName":"search_term_string"}}],"inLanguage":"pt-BR"}]}},"_links":{"self":[{"href":"https:\/\/semead.com.br\/24\/wp-json\/wp\/v2\/pages\/23262","targetHints":{"allow":["GET"]}}],"collection":[{"href":"https:\/\/semead.com.br\/24\/wp-json\/wp\/v2\/pages"}],"about":[{"href":"https:\/\/semead.com.br\/24\/wp-json\/wp\/v2\/types\/page"}],"author":[{"embeddable":true,"href":"https:\/\/semead.com.br\/24\/wp-json\/wp\/v2\/users\/4"}],"replies":[{"embeddable":true,"href":"https:\/\/semead.com.br\/24\/wp-json\/wp\/v2\/comments?post=23262"}],"version-history":[{"count":0,"href":"https:\/\/semead.com.br\/24\/wp-json\/wp\/v2\/pages\/23262\/revisions"}],"wp:attachment":[{"href":"https:\/\/semead.com.br\/24\/wp-json\/wp\/v2\/media?parent=23262"}],"curies":[{"name":"wp","href":"https:\/\/api.w.org\/{rel}","templated":true}]}}