{"id":23304,"date":"2021-11-04T10:30:31","date_gmt":"2021-11-04T13:30:31","guid":{"rendered":"https:\/\/semead.com.br\/24\/?page_id=23304"},"modified":"2021-11-08T14:08:40","modified_gmt":"2021-11-08T17:08:40","slug":"meeting-with-editors","status":"publish","type":"page","link":"https:\/\/semead.com.br\/24\/meeting-with-editors\/?lang=en","title":{"rendered":"Meeting with Editors"},"content":{"rendered":"\t\t<div data-elementor-type=\"wp-post\" data-elementor-id=\"23304\" class=\"elementor elementor-23304\">\n\t\t\t\t\t\t<section class=\"elementor-section elementor-top-section elementor-element elementor-element-758a75d elementor-section-boxed elementor-section-height-default elementor-section-height-default\" data-id=\"758a75d\" data-element_type=\"section\" data-e-type=\"section\">\n\t\t\t\t\t\t<div class=\"elementor-container elementor-column-gap-default\">\n\t\t\t\t\t<div class=\"elementor-column elementor-col-100 elementor-top-column elementor-element elementor-element-959efe2\" data-id=\"959efe2\" data-element_type=\"column\" data-e-type=\"column\">\n\t\t\t<div class=\"elementor-widget-wrap elementor-element-populated\">\n\t\t\t\t\t\t<div class=\"elementor-element elementor-element-82578d7 elementor-widget elementor-widget-text-editor\" data-id=\"82578d7\" data-element_type=\"widget\" data-e-type=\"widget\" data-widget_type=\"text-editor.default\">\n\t\t\t\t<div class=\"elementor-widget-container\">\n\t\t\t\t\t\t\t\t\t<p>In this activity SemeAd participants will have the opportunity to listen and dialogue with editors of renowned periodicals. Tips and guidelines for publishing in high-impact journals will be presented. Check out the tables for the XXIV edition of SemeAd!<\/p>\t\t\t\t\t\t\t\t<\/div>\n\t\t\t\t<\/div>\n\t\t\t\t\t<\/div>\n\t\t<\/div>\n\t\t\t\t\t<\/div>\n\t\t<\/section>\n\t\t\t\t<section class=\"elementor-section elementor-top-section elementor-element elementor-element-66b8cf3 elementor-section-boxed elementor-section-height-default elementor-section-height-default\" data-id=\"66b8cf3\" data-element_type=\"section\" data-e-type=\"section\">\n\t\t\t\t\t\t<div class=\"elementor-container elementor-column-gap-default\">\n\t\t\t\t\t<div class=\"elementor-column elementor-col-100 elementor-top-column elementor-element elementor-element-e0901c9\" data-id=\"e0901c9\" data-element_type=\"column\" data-e-type=\"column\">\n\t\t\t<div class=\"elementor-widget-wrap elementor-element-populated\">\n\t\t\t\t\t\t<div class=\"elementor-element elementor-element-2ec4b35 elementor-widget elementor-widget-image\" data-id=\"2ec4b35\" data-element_type=\"widget\" data-e-type=\"widget\" data-widget_type=\"image.default\">\n\t\t\t\t<div class=\"elementor-widget-container\">\n\t\t\t\t\t\t\t\t\t\t\t\t\t\t\t\t<a href=\"https:\/\/semead-br.zoom.us\/webinar\/register\/WN_Cnoo7ZNUTM2dUlbCTCnnog\" target=\"_blank\">\n\t\t\t\t\t\t\t<img fetchpriority=\"high\" decoding=\"async\" width=\"1024\" height=\"1024\" src=\"https:\/\/semead.com.br\/24\/wp-content\/uploads\/sites\/13\/2021\/11\/Meeting-with-the-Editor-insta-1-1024x1024.png\" class=\"attachment-large size-large wp-image-23346\" alt=\"\" srcset=\"https:\/\/semead.com.br\/24\/wp-content\/uploads\/sites\/13\/2021\/11\/Meeting-with-the-Editor-insta-1-1024x1024.png 1024w, https:\/\/semead.com.br\/24\/wp-content\/uploads\/sites\/13\/2021\/11\/Meeting-with-the-Editor-insta-1-300x300.png 300w, https:\/\/semead.com.br\/24\/wp-content\/uploads\/sites\/13\/2021\/11\/Meeting-with-the-Editor-insta-1-150x150.png 150w, https:\/\/semead.com.br\/24\/wp-content\/uploads\/sites\/13\/2021\/11\/Meeting-with-the-Editor-insta-1-400x400.png 400w, https:\/\/semead.com.br\/24\/wp-content\/uploads\/sites\/13\/2021\/11\/Meeting-with-the-Editor-insta-1.png 1080w\" sizes=\"(max-width: 1024px) 100vw, 1024px\" \/>\t\t\t\t\t\t\t\t<\/a>\n\t\t\t\t\t\t\t\t\t\t\t\t\t\t\t<\/div>\n\t\t\t\t<\/div>\n\t\t\t\t<div class=\"elementor-element elementor-element-a478d4d elementor-widget elementor-widget-image\" data-id=\"a478d4d\" data-element_type=\"widget\" data-e-type=\"widget\" data-widget_type=\"image.default\">\n\t\t\t\t<div class=\"elementor-widget-container\">\n\t\t\t\t\t\t\t\t\t\t\t\t\t\t\t\t<a href=\"https:\/\/semead-br.zoom.us\/webinar\/register\/WN_m5jlxum4TpWjFh5czpH2qA\" target=\"_blank\">\n\t\t\t\t\t\t\t<img decoding=\"async\" width=\"1024\" height=\"1024\" src=\"https:\/\/semead.com.br\/24\/wp-content\/uploads\/sites\/13\/2021\/11\/Meeting-with-the-Editor-insta-2-2-1024x1024.png\" class=\"attachment-large size-large wp-image-23349\" alt=\"\" srcset=\"https:\/\/semead.com.br\/24\/wp-content\/uploads\/sites\/13\/2021\/11\/Meeting-with-the-Editor-insta-2-2-1024x1024.png 1024w, https:\/\/semead.com.br\/24\/wp-content\/uploads\/sites\/13\/2021\/11\/Meeting-with-the-Editor-insta-2-2-300x300.png 300w, https:\/\/semead.com.br\/24\/wp-content\/uploads\/sites\/13\/2021\/11\/Meeting-with-the-Editor-insta-2-2-150x150.png 150w, https:\/\/semead.com.br\/24\/wp-content\/uploads\/sites\/13\/2021\/11\/Meeting-with-the-Editor-insta-2-2-400x400.png 400w, https:\/\/semead.com.br\/24\/wp-content\/uploads\/sites\/13\/2021\/11\/Meeting-with-the-Editor-insta-2-2.png 1080w\" sizes=\"(max-width: 1024px) 100vw, 1024px\" \/>\t\t\t\t\t\t\t\t<\/a>\n\t\t\t\t\t\t\t\t\t\t\t\t\t\t\t<\/div>\n\t\t\t\t<\/div>\n\t\t\t\t<div class=\"elementor-element elementor-element-1d0c3b2 elementor-widget elementor-widget-image\" data-id=\"1d0c3b2\" data-element_type=\"widget\" data-e-type=\"widget\" data-widget_type=\"image.default\">\n\t\t\t\t<div class=\"elementor-widget-container\">\n\t\t\t\t\t\t\t\t\t\t\t\t\t\t\t\t<a href=\"https:\/\/semead-br.zoom.us\/webinar\/register\/WN_yQIoQh19Q6atA77Y6CFJZw\" target=\"_blank\">\n\t\t\t\t\t\t\t<img decoding=\"async\" width=\"1024\" height=\"1024\" src=\"https:\/\/semead.com.br\/24\/wp-content\/uploads\/sites\/13\/2021\/11\/Meeting-with-the-Editor-insta-3-1-1024x1024.png\" class=\"attachment-large size-large wp-image-23352\" alt=\"\" srcset=\"https:\/\/semead.com.br\/24\/wp-content\/uploads\/sites\/13\/2021\/11\/Meeting-with-the-Editor-insta-3-1-1024x1024.png 1024w, https:\/\/semead.com.br\/24\/wp-content\/uploads\/sites\/13\/2021\/11\/Meeting-with-the-Editor-insta-3-1-300x300.png 300w, https:\/\/semead.com.br\/24\/wp-content\/uploads\/sites\/13\/2021\/11\/Meeting-with-the-Editor-insta-3-1-150x150.png 150w, https:\/\/semead.com.br\/24\/wp-content\/uploads\/sites\/13\/2021\/11\/Meeting-with-the-Editor-insta-3-1-400x400.png 400w, https:\/\/semead.com.br\/24\/wp-content\/uploads\/sites\/13\/2021\/11\/Meeting-with-the-Editor-insta-3-1.png 1080w\" sizes=\"(max-width: 1024px) 100vw, 1024px\" \/>\t\t\t\t\t\t\t\t<\/a>\n\t\t\t\t\t\t\t\t\t\t\t\t\t\t\t<\/div>\n\t\t\t\t<\/div>\n\t\t\t\t\t<\/div>\n\t\t<\/div>\n\t\t\t\t\t<\/div>\n\t\t<\/section>\n\t\t\t\t<\/div>\n\t\t","protected":false},"excerpt":{"rendered":"<p>In this activity SemeAd participants will have the opportunity to listen and dialogue with editors of renowned periodicals. Tips and guidelines for publishing in high-impact journals will be presented. Check out the tables for the XXIV edition of SemeAd!<\/p>\n","protected":false},"author":4,"featured_media":0,"parent":0,"menu_order":0,"comment_status":"closed","ping_status":"closed","template":"","meta":{"_acf_changed":false,"_monsterinsights_skip_tracking":false,"_monsterinsights_sitenote_active":false,"_monsterinsights_sitenote_note":"","_monsterinsights_sitenote_category":0,"footnotes":""},"class_list":["post-23304","page","type-page","status-publish","hentry"],"acf":[],"yoast_head":"<!-- This site is optimized with the Yoast SEO plugin v27.1.1 - https:\/\/yoast.com\/product\/yoast-seo-wordpress\/ -->\n<title>Meeting with Editors - XXIV SemeAd<\/title>\n<meta name=\"robots\" content=\"index, follow, max-snippet:-1, max-image-preview:large, max-video-preview:-1\" \/>\n<link rel=\"canonical\" href=\"https:\/\/semead.com.br\/24\/meeting-with-editors\/\" \/>\n<meta property=\"og:locale\" content=\"pt_BR\" \/>\n<meta property=\"og:type\" content=\"article\" \/>\n<meta property=\"og:title\" content=\"Meeting with Editors - XXIV SemeAd\" \/>\n<meta property=\"og:description\" content=\"In this activity SemeAd participants will have the opportunity to listen and dialogue with editors of renowned periodicals. Tips and guidelines for publishing in high-impact journals will be presented. Check out the tables for the XXIV edition of SemeAd!\" \/>\n<meta property=\"og:url\" content=\"https:\/\/semead.com.br\/24\/meeting-with-editors\/?lang=en\" \/>\n<meta property=\"og:site_name\" content=\"XXIV SemeAd\" \/>\n<meta property=\"article:modified_time\" content=\"2021-11-08T17:08:40+00:00\" \/>\n<meta property=\"og:image\" content=\"https:\/\/semead.com.br\/24\/wp-content\/uploads\/sites\/13\/2021\/11\/Meeting-with-the-Editor-insta-1-1024x1024.png\" \/>\n<meta name=\"twitter:card\" content=\"summary_large_image\" \/>\n<meta name=\"twitter:label1\" content=\"Est. tempo de leitura\" \/>\n\t<meta name=\"twitter:data1\" content=\"1 minuto\" \/>\n<script type=\"application\/ld+json\" class=\"yoast-schema-graph\">{\"@context\":\"https:\/\/schema.org\",\"@graph\":[{\"@type\":\"WebPage\",\"@id\":\"https:\/\/semead.com.br\/24\/meeting-with-editors\/?lang=en\",\"url\":\"https:\/\/semead.com.br\/24\/meeting-with-editors\/?lang=en\",\"name\":\"Meeting with Editors - XXIV SemeAd\",\"isPartOf\":{\"@id\":\"https:\/\/semead.com.br\/24\/?lang=es\/#website\"},\"primaryImageOfPage\":{\"@id\":\"https:\/\/semead.com.br\/24\/meeting-with-editors\/?lang=en#primaryimage\"},\"image\":{\"@id\":\"https:\/\/semead.com.br\/24\/meeting-with-editors\/?lang=en#primaryimage\"},\"thumbnailUrl\":\"https:\/\/semead.com.br\/24\/wp-content\/uploads\/sites\/13\/2021\/11\/Meeting-with-the-Editor-insta-1-1024x1024.png\",\"datePublished\":\"2021-11-04T13:30:31+00:00\",\"dateModified\":\"2021-11-08T17:08:40+00:00\",\"breadcrumb\":{\"@id\":\"https:\/\/semead.com.br\/24\/meeting-with-editors\/?lang=en#breadcrumb\"},\"inLanguage\":\"pt-BR\",\"potentialAction\":[{\"@type\":\"ReadAction\",\"target\":[\"https:\/\/semead.com.br\/24\/meeting-with-editors\/?lang=en\"]}]},{\"@type\":\"ImageObject\",\"inLanguage\":\"pt-BR\",\"@id\":\"https:\/\/semead.com.br\/24\/meeting-with-editors\/?lang=en#primaryimage\",\"url\":\"https:\/\/semead.com.br\/24\/wp-content\/uploads\/sites\/13\/2021\/11\/Meeting-with-the-Editor-insta-1.png\",\"contentUrl\":\"https:\/\/semead.com.br\/24\/wp-content\/uploads\/sites\/13\/2021\/11\/Meeting-with-the-Editor-insta-1.png\",\"width\":1080,\"height\":1080},{\"@type\":\"BreadcrumbList\",\"@id\":\"https:\/\/semead.com.br\/24\/meeting-with-editors\/?lang=en#breadcrumb\",\"itemListElement\":[{\"@type\":\"ListItem\",\"position\":1,\"name\":\"In\u00edcio\",\"item\":\"https:\/\/semead.com.br\/24\/\"},{\"@type\":\"ListItem\",\"position\":2,\"name\":\"Meeting with Editors\"}]},{\"@type\":\"WebSite\",\"@id\":\"https:\/\/semead.com.br\/24\/?lang=es\/#website\",\"url\":\"https:\/\/semead.com.br\/24\/?lang=es\/\",\"name\":\"XXIV SemeAd\",\"description\":\"Semin\u00e1rios em Administra\u00e7\u00e3o\",\"potentialAction\":[{\"@type\":\"SearchAction\",\"target\":{\"@type\":\"EntryPoint\",\"urlTemplate\":\"https:\/\/semead.com.br\/24\/?lang=es\/?s={search_term_string}\"},\"query-input\":{\"@type\":\"PropertyValueSpecification\",\"valueRequired\":true,\"valueName\":\"search_term_string\"}}],\"inLanguage\":\"pt-BR\"}]}<\/script>\n<!-- \/ Yoast SEO plugin. -->","yoast_head_json":{"title":"Meeting with Editors - XXIV SemeAd","robots":{"index":"index","follow":"follow","max-snippet":"max-snippet:-1","max-image-preview":"max-image-preview:large","max-video-preview":"max-video-preview:-1"},"canonical":"https:\/\/semead.com.br\/24\/meeting-with-editors\/","og_locale":"pt_BR","og_type":"article","og_title":"Meeting with Editors - XXIV SemeAd","og_description":"In this activity SemeAd participants will have the opportunity to listen and dialogue with editors of renowned periodicals. Tips and guidelines for publishing in high-impact journals will be presented. Check out the tables for the XXIV edition of SemeAd!","og_url":"https:\/\/semead.com.br\/24\/meeting-with-editors\/?lang=en","og_site_name":"XXIV SemeAd","article_modified_time":"2021-11-08T17:08:40+00:00","og_image":[{"url":"https:\/\/semead.com.br\/24\/wp-content\/uploads\/sites\/13\/2021\/11\/Meeting-with-the-Editor-insta-1-1024x1024.png","type":"","width":"","height":""}],"twitter_card":"summary_large_image","twitter_misc":{"Est. tempo de leitura":"1 minuto"},"schema":{"@context":"https:\/\/schema.org","@graph":[{"@type":"WebPage","@id":"https:\/\/semead.com.br\/24\/meeting-with-editors\/?lang=en","url":"https:\/\/semead.com.br\/24\/meeting-with-editors\/?lang=en","name":"Meeting with Editors - XXIV SemeAd","isPartOf":{"@id":"https:\/\/semead.com.br\/24\/?lang=es\/#website"},"primaryImageOfPage":{"@id":"https:\/\/semead.com.br\/24\/meeting-with-editors\/?lang=en#primaryimage"},"image":{"@id":"https:\/\/semead.com.br\/24\/meeting-with-editors\/?lang=en#primaryimage"},"thumbnailUrl":"https:\/\/semead.com.br\/24\/wp-content\/uploads\/sites\/13\/2021\/11\/Meeting-with-the-Editor-insta-1-1024x1024.png","datePublished":"2021-11-04T13:30:31+00:00","dateModified":"2021-11-08T17:08:40+00:00","breadcrumb":{"@id":"https:\/\/semead.com.br\/24\/meeting-with-editors\/?lang=en#breadcrumb"},"inLanguage":"pt-BR","potentialAction":[{"@type":"ReadAction","target":["https:\/\/semead.com.br\/24\/meeting-with-editors\/?lang=en"]}]},{"@type":"ImageObject","inLanguage":"pt-BR","@id":"https:\/\/semead.com.br\/24\/meeting-with-editors\/?lang=en#primaryimage","url":"https:\/\/semead.com.br\/24\/wp-content\/uploads\/sites\/13\/2021\/11\/Meeting-with-the-Editor-insta-1.png","contentUrl":"https:\/\/semead.com.br\/24\/wp-content\/uploads\/sites\/13\/2021\/11\/Meeting-with-the-Editor-insta-1.png","width":1080,"height":1080},{"@type":"BreadcrumbList","@id":"https:\/\/semead.com.br\/24\/meeting-with-editors\/?lang=en#breadcrumb","itemListElement":[{"@type":"ListItem","position":1,"name":"In\u00edcio","item":"https:\/\/semead.com.br\/24\/"},{"@type":"ListItem","position":2,"name":"Meeting with Editors"}]},{"@type":"WebSite","@id":"https:\/\/semead.com.br\/24\/?lang=es\/#website","url":"https:\/\/semead.com.br\/24\/?lang=es\/","name":"XXIV SemeAd","description":"Semin\u00e1rios em Administra\u00e7\u00e3o","potentialAction":[{"@type":"SearchAction","target":{"@type":"EntryPoint","urlTemplate":"https:\/\/semead.com.br\/24\/?lang=es\/?s={search_term_string}"},"query-input":{"@type":"PropertyValueSpecification","valueRequired":true,"valueName":"search_term_string"}}],"inLanguage":"pt-BR"}]}},"_links":{"self":[{"href":"https:\/\/semead.com.br\/24\/wp-json\/wp\/v2\/pages\/23304","targetHints":{"allow":["GET"]}}],"collection":[{"href":"https:\/\/semead.com.br\/24\/wp-json\/wp\/v2\/pages"}],"about":[{"href":"https:\/\/semead.com.br\/24\/wp-json\/wp\/v2\/types\/page"}],"author":[{"embeddable":true,"href":"https:\/\/semead.com.br\/24\/wp-json\/wp\/v2\/users\/4"}],"replies":[{"embeddable":true,"href":"https:\/\/semead.com.br\/24\/wp-json\/wp\/v2\/comments?post=23304"}],"version-history":[{"count":0,"href":"https:\/\/semead.com.br\/24\/wp-json\/wp\/v2\/pages\/23304\/revisions"}],"wp:attachment":[{"href":"https:\/\/semead.com.br\/24\/wp-json\/wp\/v2\/media?parent=23304"}],"curies":[{"name":"wp","href":"https:\/\/api.w.org\/{rel}","templated":true}]}}