{"id":23750,"date":"2021-11-12T10:33:56","date_gmt":"2021-11-12T13:33:56","guid":{"rendered":"https:\/\/semead.com.br\/24\/?page_id=23750"},"modified":"2021-11-12T11:06:03","modified_gmt":"2021-11-12T14:06:03","slug":"resultados-bolsa-pq","status":"publish","type":"page","link":"https:\/\/semead.com.br\/24\/resultados-bolsa-pq\/","title":{"rendered":"Resultados Bolsa SemeAd PQ Jr."},"content":{"rendered":"\t\t<div data-elementor-type=\"wp-page\" data-elementor-id=\"23750\" class=\"elementor elementor-23750\">\n\t\t\t\t\t\t<section class=\"elementor-section elementor-top-section elementor-element elementor-element-3b4b989 elementor-section-boxed elementor-section-height-default elementor-section-height-default\" data-id=\"3b4b989\" data-element_type=\"section\" data-e-type=\"section\">\n\t\t\t\t\t\t<div class=\"elementor-container elementor-column-gap-default\">\n\t\t\t\t\t<div class=\"elementor-column elementor-col-50 elementor-top-column elementor-element elementor-element-b8f7655\" data-id=\"b8f7655\" data-element_type=\"column\" data-e-type=\"column\">\n\t\t\t<div class=\"elementor-widget-wrap elementor-element-populated\">\n\t\t\t\t\t\t<div class=\"elementor-element elementor-element-683bdfd elementor-widget elementor-widget-image\" data-id=\"683bdfd\" data-element_type=\"widget\" data-e-type=\"widget\" data-widget_type=\"image.default\">\n\t\t\t\t<div class=\"elementor-widget-container\">\n\t\t\t\t\t\t\t\t\t\t\t\t\t\t\t<img fetchpriority=\"high\" decoding=\"async\" width=\"422\" height=\"145\" src=\"https:\/\/semead.com.br\/24\/wp-content\/uploads\/sites\/13\/2021\/04\/Logo-Semead-2021.png\" class=\"attachment-large size-large wp-image-17708\" alt=\"\" srcset=\"https:\/\/semead.com.br\/24\/wp-content\/uploads\/sites\/13\/2021\/04\/Logo-Semead-2021.png 422w, https:\/\/semead.com.br\/24\/wp-content\/uploads\/sites\/13\/2021\/04\/Logo-Semead-2021-300x103.png 300w, https:\/\/semead.com.br\/24\/wp-content\/uploads\/sites\/13\/2021\/04\/Logo-Semead-2021-420x145.png 420w\" sizes=\"(max-width: 422px) 100vw, 422px\" \/>\t\t\t\t\t\t\t\t\t\t\t\t\t\t\t<\/div>\n\t\t\t\t<\/div>\n\t\t\t\t\t<\/div>\n\t\t<\/div>\n\t\t\t\t<div class=\"elementor-column elementor-col-50 elementor-top-column elementor-element elementor-element-5065456\" data-id=\"5065456\" data-element_type=\"column\" data-e-type=\"column\">\n\t\t\t<div class=\"elementor-widget-wrap elementor-element-populated\">\n\t\t\t\t\t\t<div class=\"elementor-element elementor-element-d501bb7 elementor-widget elementor-widget-image\" data-id=\"d501bb7\" data-element_type=\"widget\" data-e-type=\"widget\" data-widget_type=\"image.default\">\n\t\t\t\t<div class=\"elementor-widget-container\">\n\t\t\t\t\t\t\t\t\t\t\t\t\t\t\t<img decoding=\"async\" width=\"345\" height=\"96\" src=\"https:\/\/semead.com.br\/24\/wp-content\/uploads\/sites\/13\/2021\/08\/logo-cactvs.png\" class=\"attachment-large size-large wp-image-22501\" alt=\"\" srcset=\"https:\/\/semead.com.br\/24\/wp-content\/uploads\/sites\/13\/2021\/08\/logo-cactvs.png 345w, https:\/\/semead.com.br\/24\/wp-content\/uploads\/sites\/13\/2021\/08\/logo-cactvs-300x83.png 300w\" sizes=\"(max-width: 345px) 100vw, 345px\" \/>\t\t\t\t\t\t\t\t\t\t\t\t\t\t\t<\/div>\n\t\t\t\t<\/div>\n\t\t\t\t<div class=\"elementor-element elementor-element-ce3732c elementor-widget elementor-widget-image\" data-id=\"ce3732c\" data-element_type=\"widget\" data-e-type=\"widget\" data-widget_type=\"image.default\">\n\t\t\t\t<div class=\"elementor-widget-container\">\n\t\t\t\t\t\t\t\t\t\t\t\t\t\t\t<img decoding=\"async\" width=\"200\" height=\"180\" src=\"https:\/\/semead.com.br\/24\/wp-content\/uploads\/sites\/13\/2019\/04\/logo-fundacao-fia-1.png\" class=\"attachment-large size-large wp-image-14999\" alt=\"\" \/>\t\t\t\t\t\t\t\t\t\t\t\t\t\t\t<\/div>\n\t\t\t\t<\/div>\n\t\t\t\t\t<\/div>\n\t\t<\/div>\n\t\t\t\t\t<\/div>\n\t\t<\/section>\n\t\t\t\t<section class=\"elementor-section elementor-top-section elementor-element elementor-element-a4b3f97 elementor-section-stretched elementor-section-boxed elementor-section-height-default elementor-section-height-default\" data-id=\"a4b3f97\" data-element_type=\"section\" data-e-type=\"section\" data-settings=\"{&quot;stretch_section&quot;:&quot;section-stretched&quot;,&quot;background_background&quot;:&quot;classic&quot;}\">\n\t\t\t\t\t\t<div class=\"elementor-container elementor-column-gap-default\">\n\t\t\t\t\t<div class=\"elementor-column elementor-col-100 elementor-top-column elementor-element elementor-element-0a6cdbc\" data-id=\"0a6cdbc\" data-element_type=\"column\" data-e-type=\"column\">\n\t\t\t<div class=\"elementor-widget-wrap elementor-element-populated\">\n\t\t\t\t\t\t<div class=\"elementor-element elementor-element-43816dd elementor-widget elementor-widget-text-editor\" data-id=\"43816dd\" data-element_type=\"widget\" data-e-type=\"widget\" data-widget_type=\"text-editor.default\">\n\t\t\t\t<div class=\"elementor-widget-container\">\n\t\t\t\t\t\t\t\t\t<p class=\"p1\">Confira abaixo os autores e trabalhos contemplados com o fomento da I edi\u00e7\u00e3o da Bolsa SemeAd PQ Jr. (Cactvs).<\/p>\t\t\t\t\t\t\t\t<\/div>\n\t\t\t\t<\/div>\n\t\t\t\t\t<\/div>\n\t\t<\/div>\n\t\t\t\t\t<\/div>\n\t\t<\/section>\n\t\t\t\t<section class=\"elementor-section elementor-top-section elementor-element elementor-element-fe82105 elementor-section-boxed elementor-section-height-default elementor-section-height-default\" data-id=\"fe82105\" data-element_type=\"section\" data-e-type=\"section\">\n\t\t\t\t\t\t<div class=\"elementor-container elementor-column-gap-default\">\n\t\t\t\t\t<div class=\"elementor-column elementor-col-100 elementor-top-column elementor-element elementor-element-53ef2cf\" data-id=\"53ef2cf\" data-element_type=\"column\" data-e-type=\"column\">\n\t\t\t<div class=\"elementor-widget-wrap elementor-element-populated\">\n\t\t\t\t\t\t<div class=\"elementor-element elementor-element-cee5fec elementor-widget elementor-widget-wp-widget-archives\" data-id=\"cee5fec\" data-element_type=\"widget\" data-e-type=\"widget\" data-widget_type=\"wp-widget-archives.default\">\n\t\t\t\t<div class=\"elementor-widget-container\">\n\t\t\t\t\t<div class=\"widget single-sidebar padding-bottom1\"><h3>Empreendedorismo Social \/ Neg\u00f3cios na Base da Pir\u00e2mide<\/h3>\n\t\t\t<ul>\n\t\t\t\t\t\t\t<\/ul>\n\n\t\t\t<\/div>\t\t\t\t<\/div>\n\t\t\t\t<\/div>\n\t\t\t\t\t<\/div>\n\t\t<\/div>\n\t\t\t\t\t<\/div>\n\t\t<\/section>\n\t\t\t\t<section class=\"elementor-section elementor-top-section elementor-element elementor-element-afd0742 elementor-section-boxed elementor-section-height-default elementor-section-height-default\" data-id=\"afd0742\" data-element_type=\"section\" data-e-type=\"section\">\n\t\t\t\t\t\t<div class=\"elementor-container elementor-column-gap-default\">\n\t\t\t\t\t<div class=\"elementor-column elementor-col-100 elementor-top-column elementor-element elementor-element-1f9e247\" data-id=\"1f9e247\" data-element_type=\"column\" data-e-type=\"column\">\n\t\t\t<div class=\"elementor-widget-wrap elementor-element-populated\">\n\t\t\t\t\t\t<div class=\"elementor-element elementor-element-6ebb63b elementor-widget elementor-widget-text-editor\" data-id=\"6ebb63b\" data-element_type=\"widget\" data-e-type=\"widget\" data-widget_type=\"text-editor.default\">\n\t\t\t\t<div class=\"elementor-widget-container\">\n\t\t\t\t\t\t\t\t\t<p><strong>2589<\/strong> &#8211; Universidades como impulsionadores para a recupera\u00e7\u00e3o sustent\u00e1vel na perspectiva dos objetivos para o desenvolvimento sustent\u00e1vel \u2013 ODS da Agenda 2030<\/p><p><strong>Autor<\/strong>: Lucas Veiga \u00c1vila &#8211; UNIVERSIDADE FEDERAL DE SANTA MARIA (UFSM)<\/p>\t\t\t\t\t\t\t\t<\/div>\n\t\t\t\t<\/div>\n\t\t\t\t\t<\/div>\n\t\t<\/div>\n\t\t\t\t\t<\/div>\n\t\t<\/section>\n\t\t\t\t<section class=\"elementor-section elementor-top-section elementor-element elementor-element-4594691 elementor-section-boxed elementor-section-height-default elementor-section-height-default\" data-id=\"4594691\" data-element_type=\"section\" data-e-type=\"section\">\n\t\t\t\t\t\t<div class=\"elementor-container elementor-column-gap-default\">\n\t\t\t\t\t<div class=\"elementor-column elementor-col-100 elementor-top-column elementor-element elementor-element-3151511\" data-id=\"3151511\" data-element_type=\"column\" data-e-type=\"column\">\n\t\t\t<div class=\"elementor-widget-wrap elementor-element-populated\">\n\t\t\t\t\t\t<div class=\"elementor-element elementor-element-16c3d2c elementor-widget elementor-widget-wp-widget-archives\" data-id=\"16c3d2c\" data-element_type=\"widget\" data-e-type=\"widget\" data-widget_type=\"wp-widget-archives.default\">\n\t\t\t\t<div class=\"elementor-widget-container\">\n\t\t\t\t\t<div class=\"widget single-sidebar padding-bottom1\"><h3>Inclus\u00e3o Financeira \/ Educa\u00e7\u00e3o Financeira<\/h3>\n\t\t\t<ul>\n\t\t\t\t\t\t\t<\/ul>\n\n\t\t\t<\/div>\t\t\t\t<\/div>\n\t\t\t\t<\/div>\n\t\t\t\t\t<\/div>\n\t\t<\/div>\n\t\t\t\t\t<\/div>\n\t\t<\/section>\n\t\t\t\t<section class=\"elementor-section elementor-top-section elementor-element elementor-element-ec2f490 elementor-section-boxed elementor-section-height-default elementor-section-height-default\" data-id=\"ec2f490\" data-element_type=\"section\" data-e-type=\"section\">\n\t\t\t\t\t\t<div class=\"elementor-container elementor-column-gap-default\">\n\t\t\t\t\t<div class=\"elementor-column elementor-col-100 elementor-top-column elementor-element elementor-element-e8b80e6\" data-id=\"e8b80e6\" data-element_type=\"column\" data-e-type=\"column\">\n\t\t\t<div class=\"elementor-widget-wrap elementor-element-populated\">\n\t\t\t\t\t\t<div class=\"elementor-element elementor-element-31d80a6 elementor-widget elementor-widget-text-editor\" data-id=\"31d80a6\" data-element_type=\"widget\" data-e-type=\"widget\" data-widget_type=\"text-editor.default\">\n\t\t\t\t<div class=\"elementor-widget-container\">\n\t\t\t\t\t\t\t\t\t<p><strong>2619<\/strong> &#8211; Intelig\u00eancia Artificial como instrumento de aprendizagem, inser\u00e7\u00e3o e educa\u00e7\u00e3o financeira de crian\u00e7as e adolescentes<\/p><p><strong>Autor<\/strong>: Marcos Inacio Severo de Almeida &#8211; UNIVERSIDADE FEDERAL DE GOI\u00c1S (UFG)<\/p>\t\t\t\t\t\t\t\t<\/div>\n\t\t\t\t<\/div>\n\t\t\t\t\t<\/div>\n\t\t<\/div>\n\t\t\t\t\t<\/div>\n\t\t<\/section>\n\t\t\t\t<section class=\"elementor-section elementor-top-section elementor-element elementor-element-12f6e03 elementor-section-boxed elementor-section-height-default elementor-section-height-default\" data-id=\"12f6e03\" data-element_type=\"section\" data-e-type=\"section\">\n\t\t\t\t\t\t<div class=\"elementor-container elementor-column-gap-default\">\n\t\t\t\t\t<div class=\"elementor-column elementor-col-100 elementor-top-column elementor-element elementor-element-502fe9f\" data-id=\"502fe9f\" data-element_type=\"column\" data-e-type=\"column\">\n\t\t\t<div class=\"elementor-widget-wrap elementor-element-populated\">\n\t\t\t\t\t\t<div class=\"elementor-element elementor-element-940009a elementor-widget elementor-widget-wp-widget-archives\" data-id=\"940009a\" data-element_type=\"widget\" data-e-type=\"widget\" data-widget_type=\"wp-widget-archives.default\">\n\t\t\t\t<div class=\"elementor-widget-container\">\n\t\t\t\t\t<div class=\"widget single-sidebar padding-bottom1\"><h3>Microfinan\u00e7as \/ Microcr\u00e9dito<\/h3>\n\t\t\t<ul>\n\t\t\t\t\t\t\t<\/ul>\n\n\t\t\t<\/div>\t\t\t\t<\/div>\n\t\t\t\t<\/div>\n\t\t\t\t\t<\/div>\n\t\t<\/div>\n\t\t\t\t\t<\/div>\n\t\t<\/section>\n\t\t\t\t<section class=\"elementor-section elementor-top-section elementor-element elementor-element-bafa1b0 elementor-section-boxed elementor-section-height-default elementor-section-height-default\" data-id=\"bafa1b0\" data-element_type=\"section\" data-e-type=\"section\">\n\t\t\t\t\t\t<div class=\"elementor-container elementor-column-gap-default\">\n\t\t\t\t\t<div class=\"elementor-column elementor-col-100 elementor-top-column elementor-element elementor-element-c156007\" data-id=\"c156007\" data-element_type=\"column\" data-e-type=\"column\">\n\t\t\t<div class=\"elementor-widget-wrap elementor-element-populated\">\n\t\t\t\t\t\t<div class=\"elementor-element elementor-element-d507635 elementor-widget elementor-widget-text-editor\" data-id=\"d507635\" data-element_type=\"widget\" data-e-type=\"widget\" data-widget_type=\"text-editor.default\">\n\t\t\t\t<div class=\"elementor-widget-container\">\n\t\t\t\t\t\t\t\t\t<p><strong>2637<\/strong> &#8211; Segmenta\u00e7\u00e3o din\u00e2mica das microfinan\u00e7as<\/p><p><strong>Autor<\/strong>: Lucas Lopes ferreira de Souza &#8211; UNIVERSIDADE DE FORTALEZA (UNIFOR)<\/p>\t\t\t\t\t\t\t\t<\/div>\n\t\t\t\t<\/div>\n\t\t\t\t\t<\/div>\n\t\t<\/div>\n\t\t\t\t\t<\/div>\n\t\t<\/section>\n\t\t\t\t<section class=\"elementor-section elementor-top-section elementor-element elementor-element-9bed2e1 elementor-section-boxed elementor-section-height-default elementor-section-height-default\" data-id=\"9bed2e1\" data-element_type=\"section\" data-e-type=\"section\">\n\t\t\t\t\t\t<div class=\"elementor-container elementor-column-gap-default\">\n\t\t\t\t\t<div class=\"elementor-column elementor-col-100 elementor-top-column elementor-element elementor-element-d67807e\" data-id=\"d67807e\" data-element_type=\"column\" data-e-type=\"column\">\n\t\t\t<div class=\"elementor-widget-wrap elementor-element-populated\">\n\t\t\t\t\t\t<div class=\"elementor-element elementor-element-918ed1b elementor-widget elementor-widget-wp-widget-archives\" data-id=\"918ed1b\" data-element_type=\"widget\" data-e-type=\"widget\" data-widget_type=\"wp-widget-archives.default\">\n\t\t\t\t<div class=\"elementor-widget-container\">\n\t\t\t\t\t<div class=\"widget single-sidebar padding-bottom1\"><h3>Pol\u00edticas P\u00fablicas \/ Inclus\u00e3o Social<\/h3>\n\t\t\t<ul>\n\t\t\t\t\t\t\t<\/ul>\n\n\t\t\t<\/div>\t\t\t\t<\/div>\n\t\t\t\t<\/div>\n\t\t\t\t\t<\/div>\n\t\t<\/div>\n\t\t\t\t\t<\/div>\n\t\t<\/section>\n\t\t\t\t<section class=\"elementor-section elementor-top-section elementor-element elementor-element-75c18e4 elementor-section-boxed elementor-section-height-default elementor-section-height-default\" data-id=\"75c18e4\" data-element_type=\"section\" data-e-type=\"section\">\n\t\t\t\t\t\t<div class=\"elementor-container elementor-column-gap-default\">\n\t\t\t\t\t<div class=\"elementor-column elementor-col-100 elementor-top-column elementor-element elementor-element-464f276\" data-id=\"464f276\" data-element_type=\"column\" data-e-type=\"column\">\n\t\t\t<div class=\"elementor-widget-wrap elementor-element-populated\">\n\t\t\t\t\t\t<div class=\"elementor-element elementor-element-bcdf5f1 elementor-widget elementor-widget-text-editor\" data-id=\"bcdf5f1\" data-element_type=\"widget\" data-e-type=\"widget\" data-widget_type=\"text-editor.default\">\n\t\t\t\t<div class=\"elementor-widget-container\">\n\t\t\t\t\t\t\t\t\t<p><strong>2616<\/strong> &#8211; Entendendo o impacto socioecon\u00f4mico do Programa Nacional de Alimenta\u00e7\u00e3o Escolar para as mulheres rurais<\/p><p><strong>Autor<\/strong>: Cristian Rog\u00e9rio Foguesatto &#8211; Universidade do Vale do Rio dos Sinos (UNISINOS)<\/p><p><strong>2672<\/strong> &#8211; O papel das pequenas e m\u00e9dias empresas na reinser\u00e7\u00e3o social de indiv\u00edduos marginalizados<\/p><p><strong>Autor<\/strong>: Keysa Manuela Cunha de Mascena &#8211; UNIVERSIDADE DE FORTALEZA (UNIFOR)<\/p>\t\t\t\t\t\t\t\t<\/div>\n\t\t\t\t<\/div>\n\t\t\t\t\t<\/div>\n\t\t<\/div>\n\t\t\t\t\t<\/div>\n\t\t<\/section>\n\t\t\t\t<section class=\"elementor-section elementor-top-section elementor-element elementor-element-deb7c3d elementor-section-boxed elementor-section-height-default elementor-section-height-default\" data-id=\"deb7c3d\" data-element_type=\"section\" data-e-type=\"section\">\n\t\t\t\t\t\t<div class=\"elementor-container elementor-column-gap-default\">\n\t\t\t\t\t<div class=\"elementor-column elementor-col-100 elementor-top-column elementor-element elementor-element-1b87489\" data-id=\"1b87489\" data-element_type=\"column\" data-e-type=\"column\">\n\t\t\t<div class=\"elementor-widget-wrap elementor-element-populated\">\n\t\t\t\t\t\t<div class=\"elementor-element elementor-element-f0b4526 elementor-widget elementor-widget-wp-widget-archives\" data-id=\"f0b4526\" data-element_type=\"widget\" data-e-type=\"widget\" data-widget_type=\"wp-widget-archives.default\">\n\t\t\t\t<div class=\"elementor-widget-container\">\n\t\t\t\t\t<div class=\"widget single-sidebar padding-bottom1\"><h3>Sustentabilidade<\/h3>\n\t\t\t<ul>\n\t\t\t\t\t\t\t<\/ul>\n\n\t\t\t<\/div>\t\t\t\t<\/div>\n\t\t\t\t<\/div>\n\t\t\t\t\t<\/div>\n\t\t<\/div>\n\t\t\t\t\t<\/div>\n\t\t<\/section>\n\t\t\t\t<section class=\"elementor-section elementor-top-section elementor-element elementor-element-79bbbfb elementor-section-boxed elementor-section-height-default elementor-section-height-default\" data-id=\"79bbbfb\" data-element_type=\"section\" data-e-type=\"section\">\n\t\t\t\t\t\t<div class=\"elementor-container elementor-column-gap-default\">\n\t\t\t\t\t<div class=\"elementor-column elementor-col-100 elementor-top-column elementor-element elementor-element-3054df5\" data-id=\"3054df5\" data-element_type=\"column\" data-e-type=\"column\">\n\t\t\t<div class=\"elementor-widget-wrap elementor-element-populated\">\n\t\t\t\t\t\t<div class=\"elementor-element elementor-element-ab3cfdc elementor-widget elementor-widget-text-editor\" data-id=\"ab3cfdc\" data-element_type=\"widget\" data-e-type=\"widget\" data-widget_type=\"text-editor.default\">\n\t\t\t\t<div class=\"elementor-widget-container\">\n\t\t\t\t\t\t\t\t\t<p><strong>2602<\/strong> &#8211; Produ\u00e7\u00e3o e Consumo Local de Alimentos Org\u00e2nicos no Agreste Pernambucano<\/p><p><strong>Autor<\/strong>: Marconi Freitas da Costa &#8211; UNIVERSIDADE FEDERAL DE PERNAMBUCO (UFPE)<\/p><p><strong>2607<\/strong> &#8211; Avalia\u00e7\u00e3o de Investimentos e Riscos para Projetos de Mini e Micro Gera\u00e7\u00e3o Distribu\u00edda de Energia Renov\u00e1vel em Empreendimentos<\/p><p><strong>Autor<\/strong>: Giancarlo Aquila &#8211; UNIVERSIDADE FEDERAL DE ITAJUB\u00c1 &#8211; UNIFEI (UNIFEI)<\/p><p><strong>2610<\/strong> &#8211; Ecoturismo de valor no Parques Estadual de Guajar\u00e1-Mirim<\/p><p><strong>Autor<\/strong>: Haroldo de S\u00e1 Medeiros &#8211; FUNDA\u00c7\u00c3O UNIVERSIDADE FEDERAL DE ROND\u00d4NIA (UNIR)<\/p><p><strong>2656<\/strong> &#8211; Tecnologias digitais e transi\u00e7\u00e3o para cadeias de suprimentos de baixo carbono e circulares<\/p><p><strong>Autor<\/strong>: Paula de Camargo Fiorini &#8211; UNIVERSIDADE FEDERAL DE S\u00c3O CARLOS (UFSCAR)<\/p><p><strong>2657<\/strong> &#8211; Recupera\u00e7\u00e3o de metais cr\u00edticos a partir de res\u00edduos eletr\u00f4nicos no Brasil: Mapeamento do cen\u00e1rio socioambiental e tecnologias para reciclagem<\/p><p><strong>Autor<\/strong>: Amilton Barbosa Botelho Junior &#8211; UNIVERSIDADE DE S\u00c3O PAULO (USP)<\/p>\t\t\t\t\t\t\t\t<\/div>\n\t\t\t\t<\/div>\n\t\t\t\t\t<\/div>\n\t\t<\/div>\n\t\t\t\t\t<\/div>\n\t\t<\/section>\n\t\t\t\t<\/div>\n\t\t","protected":false},"excerpt":{"rendered":"<p>Confira abaixo os autores e trabalhos contemplados com o fomento da I edi\u00e7\u00e3o da Bolsa SemeAd PQ Jr. (Cactvs). 2589 &#8211; Universidades como impulsionadores para a recupera\u00e7\u00e3o sustent\u00e1vel na perspectiva dos objetivos para o desenvolvimento sustent\u00e1vel \u2013 ODS da Agenda 2030 Autor: Lucas Veiga \u00c1vila &#8211; UNIVERSIDADE FEDERAL DE SANTA MARIA (UFSM) 2619 &#8211; Intelig\u00eancia&#8230;<\/p>\n","protected":false},"author":4,"featured_media":0,"parent":0,"menu_order":0,"comment_status":"closed","ping_status":"closed","template":"","meta":{"_acf_changed":false,"_monsterinsights_skip_tracking":false,"_monsterinsights_sitenote_active":false,"_monsterinsights_sitenote_note":"","_monsterinsights_sitenote_category":0,"footnotes":""},"class_list":["post-23750","page","type-page","status-publish","hentry"],"acf":[],"yoast_head":"<!-- This site is optimized with the Yoast SEO plugin v27.1.1 - https:\/\/yoast.com\/product\/yoast-seo-wordpress\/ -->\n<title>Resultados Bolsa SemeAd PQ Jr. - XXIV SemeAd<\/title>\n<meta name=\"robots\" content=\"index, follow, max-snippet:-1, max-image-preview:large, max-video-preview:-1\" \/>\n<link rel=\"canonical\" href=\"https:\/\/semead.com.br\/24\/resultados-bolsa-pq\/\" \/>\n<meta property=\"og:locale\" content=\"pt_BR\" \/>\n<meta property=\"og:type\" content=\"article\" \/>\n<meta property=\"og:title\" content=\"Resultados Bolsa SemeAd PQ Jr. - XXIV SemeAd\" \/>\n<meta property=\"og:description\" content=\"Confira abaixo os autores e trabalhos contemplados com o fomento da I edi\u00e7\u00e3o da Bolsa SemeAd PQ Jr. (Cactvs). 2589 &#8211; Universidades como impulsionadores para a recupera\u00e7\u00e3o sustent\u00e1vel na perspectiva dos objetivos para o desenvolvimento sustent\u00e1vel \u2013 ODS da Agenda 2030 Autor: Lucas Veiga \u00c1vila &#8211; UNIVERSIDADE FEDERAL DE SANTA MARIA (UFSM) 2619 &#8211; Intelig\u00eancia...\" \/>\n<meta property=\"og:url\" content=\"https:\/\/semead.com.br\/24\/resultados-bolsa-pq\/\" \/>\n<meta property=\"og:site_name\" content=\"XXIV SemeAd\" \/>\n<meta property=\"article:modified_time\" content=\"2021-11-12T14:06:03+00:00\" \/>\n<meta property=\"og:image\" content=\"https:\/\/semead.com.br\/24\/wp-content\/uploads\/sites\/13\/2021\/04\/Logo-Semead-2021.png\" \/>\n<meta name=\"twitter:card\" content=\"summary_large_image\" \/>\n<meta name=\"twitter:label1\" content=\"Est. tempo de leitura\" \/>\n\t<meta name=\"twitter:data1\" content=\"2 minutos\" \/>\n<script type=\"application\/ld+json\" class=\"yoast-schema-graph\">{\"@context\":\"https:\/\/schema.org\",\"@graph\":[{\"@type\":\"WebPage\",\"@id\":\"https:\/\/semead.com.br\/24\/resultados-bolsa-pq\/\",\"url\":\"https:\/\/semead.com.br\/24\/resultados-bolsa-pq\/\",\"name\":\"Resultados Bolsa SemeAd PQ Jr. - XXIV SemeAd\",\"isPartOf\":{\"@id\":\"https:\/\/semead.com.br\/24\/?lang=es\/#website\"},\"primaryImageOfPage\":{\"@id\":\"https:\/\/semead.com.br\/24\/resultados-bolsa-pq\/#primaryimage\"},\"image\":{\"@id\":\"https:\/\/semead.com.br\/24\/resultados-bolsa-pq\/#primaryimage\"},\"thumbnailUrl\":\"https:\/\/semead.com.br\/24\/wp-content\/uploads\/sites\/13\/2021\/04\/Logo-Semead-2021.png\",\"datePublished\":\"2021-11-12T13:33:56+00:00\",\"dateModified\":\"2021-11-12T14:06:03+00:00\",\"breadcrumb\":{\"@id\":\"https:\/\/semead.com.br\/24\/resultados-bolsa-pq\/#breadcrumb\"},\"inLanguage\":\"pt-BR\",\"potentialAction\":[{\"@type\":\"ReadAction\",\"target\":[\"https:\/\/semead.com.br\/24\/resultados-bolsa-pq\/\"]}]},{\"@type\":\"ImageObject\",\"inLanguage\":\"pt-BR\",\"@id\":\"https:\/\/semead.com.br\/24\/resultados-bolsa-pq\/#primaryimage\",\"url\":\"https:\/\/semead.com.br\/24\/wp-content\/uploads\/sites\/13\/2021\/04\/Logo-Semead-2021.png\",\"contentUrl\":\"https:\/\/semead.com.br\/24\/wp-content\/uploads\/sites\/13\/2021\/04\/Logo-Semead-2021.png\",\"width\":422,\"height\":145},{\"@type\":\"BreadcrumbList\",\"@id\":\"https:\/\/semead.com.br\/24\/resultados-bolsa-pq\/#breadcrumb\",\"itemListElement\":[{\"@type\":\"ListItem\",\"position\":1,\"name\":\"In\u00edcio\",\"item\":\"https:\/\/semead.com.br\/24\/\"},{\"@type\":\"ListItem\",\"position\":2,\"name\":\"Resultados Bolsa SemeAd PQ Jr.\"}]},{\"@type\":\"WebSite\",\"@id\":\"https:\/\/semead.com.br\/24\/?lang=es\/#website\",\"url\":\"https:\/\/semead.com.br\/24\/?lang=es\/\",\"name\":\"XXIV SemeAd\",\"description\":\"Semin\u00e1rios em Administra\u00e7\u00e3o\",\"potentialAction\":[{\"@type\":\"SearchAction\",\"target\":{\"@type\":\"EntryPoint\",\"urlTemplate\":\"https:\/\/semead.com.br\/24\/?lang=es\/?s={search_term_string}\"},\"query-input\":{\"@type\":\"PropertyValueSpecification\",\"valueRequired\":true,\"valueName\":\"search_term_string\"}}],\"inLanguage\":\"pt-BR\"}]}<\/script>\n<!-- \/ Yoast SEO plugin. -->","yoast_head_json":{"title":"Resultados Bolsa SemeAd PQ Jr. - XXIV SemeAd","robots":{"index":"index","follow":"follow","max-snippet":"max-snippet:-1","max-image-preview":"max-image-preview:large","max-video-preview":"max-video-preview:-1"},"canonical":"https:\/\/semead.com.br\/24\/resultados-bolsa-pq\/","og_locale":"pt_BR","og_type":"article","og_title":"Resultados Bolsa SemeAd PQ Jr. - XXIV SemeAd","og_description":"Confira abaixo os autores e trabalhos contemplados com o fomento da I edi\u00e7\u00e3o da Bolsa SemeAd PQ Jr. (Cactvs). 2589 &#8211; Universidades como impulsionadores para a recupera\u00e7\u00e3o sustent\u00e1vel na perspectiva dos objetivos para o desenvolvimento sustent\u00e1vel \u2013 ODS da Agenda 2030 Autor: Lucas Veiga \u00c1vila &#8211; UNIVERSIDADE FEDERAL DE SANTA MARIA (UFSM) 2619 &#8211; Intelig\u00eancia...","og_url":"https:\/\/semead.com.br\/24\/resultados-bolsa-pq\/","og_site_name":"XXIV SemeAd","article_modified_time":"2021-11-12T14:06:03+00:00","og_image":[{"url":"https:\/\/semead.com.br\/24\/wp-content\/uploads\/sites\/13\/2021\/04\/Logo-Semead-2021.png","type":"","width":"","height":""}],"twitter_card":"summary_large_image","twitter_misc":{"Est. tempo de leitura":"2 minutos"},"schema":{"@context":"https:\/\/schema.org","@graph":[{"@type":"WebPage","@id":"https:\/\/semead.com.br\/24\/resultados-bolsa-pq\/","url":"https:\/\/semead.com.br\/24\/resultados-bolsa-pq\/","name":"Resultados Bolsa SemeAd PQ Jr. - XXIV SemeAd","isPartOf":{"@id":"https:\/\/semead.com.br\/24\/?lang=es\/#website"},"primaryImageOfPage":{"@id":"https:\/\/semead.com.br\/24\/resultados-bolsa-pq\/#primaryimage"},"image":{"@id":"https:\/\/semead.com.br\/24\/resultados-bolsa-pq\/#primaryimage"},"thumbnailUrl":"https:\/\/semead.com.br\/24\/wp-content\/uploads\/sites\/13\/2021\/04\/Logo-Semead-2021.png","datePublished":"2021-11-12T13:33:56+00:00","dateModified":"2021-11-12T14:06:03+00:00","breadcrumb":{"@id":"https:\/\/semead.com.br\/24\/resultados-bolsa-pq\/#breadcrumb"},"inLanguage":"pt-BR","potentialAction":[{"@type":"ReadAction","target":["https:\/\/semead.com.br\/24\/resultados-bolsa-pq\/"]}]},{"@type":"ImageObject","inLanguage":"pt-BR","@id":"https:\/\/semead.com.br\/24\/resultados-bolsa-pq\/#primaryimage","url":"https:\/\/semead.com.br\/24\/wp-content\/uploads\/sites\/13\/2021\/04\/Logo-Semead-2021.png","contentUrl":"https:\/\/semead.com.br\/24\/wp-content\/uploads\/sites\/13\/2021\/04\/Logo-Semead-2021.png","width":422,"height":145},{"@type":"BreadcrumbList","@id":"https:\/\/semead.com.br\/24\/resultados-bolsa-pq\/#breadcrumb","itemListElement":[{"@type":"ListItem","position":1,"name":"In\u00edcio","item":"https:\/\/semead.com.br\/24\/"},{"@type":"ListItem","position":2,"name":"Resultados Bolsa SemeAd PQ Jr."}]},{"@type":"WebSite","@id":"https:\/\/semead.com.br\/24\/?lang=es\/#website","url":"https:\/\/semead.com.br\/24\/?lang=es\/","name":"XXIV SemeAd","description":"Semin\u00e1rios em Administra\u00e7\u00e3o","potentialAction":[{"@type":"SearchAction","target":{"@type":"EntryPoint","urlTemplate":"https:\/\/semead.com.br\/24\/?lang=es\/?s={search_term_string}"},"query-input":{"@type":"PropertyValueSpecification","valueRequired":true,"valueName":"search_term_string"}}],"inLanguage":"pt-BR"}]}},"_links":{"self":[{"href":"https:\/\/semead.com.br\/24\/wp-json\/wp\/v2\/pages\/23750","targetHints":{"allow":["GET"]}}],"collection":[{"href":"https:\/\/semead.com.br\/24\/wp-json\/wp\/v2\/pages"}],"about":[{"href":"https:\/\/semead.com.br\/24\/wp-json\/wp\/v2\/types\/page"}],"author":[{"embeddable":true,"href":"https:\/\/semead.com.br\/24\/wp-json\/wp\/v2\/users\/4"}],"replies":[{"embeddable":true,"href":"https:\/\/semead.com.br\/24\/wp-json\/wp\/v2\/comments?post=23750"}],"version-history":[{"count":0,"href":"https:\/\/semead.com.br\/24\/wp-json\/wp\/v2\/pages\/23750\/revisions"}],"wp:attachment":[{"href":"https:\/\/semead.com.br\/24\/wp-json\/wp\/v2\/media?parent=23750"}],"curies":[{"name":"wp","href":"https:\/\/api.w.org\/{rel}","templated":true}]}}