{"id":23782,"date":"2021-11-24T16:08:23","date_gmt":"2021-11-24T19:08:23","guid":{"rendered":"https:\/\/semead.com.br\/24\/?page_id=23782"},"modified":"2021-11-24T16:36:38","modified_gmt":"2021-11-24T19:36:38","slug":"resultados-da-premiacao-dos-voluntarios-semead","status":"publish","type":"page","link":"https:\/\/semead.com.br\/24\/resultados-da-premiacao-dos-voluntarios-semead\/","title":{"rendered":"Resultados da Premia\u00e7\u00e3o dos Volunt\u00e1rios SemeAd"},"content":{"rendered":"\t\t<div data-elementor-type=\"wp-page\" data-elementor-id=\"23782\" class=\"elementor elementor-23782\">\n\t\t\t\t\t\t<section class=\"elementor-section elementor-top-section elementor-element elementor-element-3b4b989 elementor-section-boxed elementor-section-height-default elementor-section-height-default\" data-id=\"3b4b989\" data-element_type=\"section\" data-e-type=\"section\">\n\t\t\t\t\t\t<div class=\"elementor-container elementor-column-gap-default\">\n\t\t\t\t\t<div class=\"elementor-column elementor-col-100 elementor-top-column elementor-element elementor-element-b8f7655\" data-id=\"b8f7655\" data-element_type=\"column\" data-e-type=\"column\">\n\t\t\t<div class=\"elementor-widget-wrap elementor-element-populated\">\n\t\t\t\t\t\t<div class=\"elementor-element elementor-element-683bdfd elementor-widget elementor-widget-image\" data-id=\"683bdfd\" data-element_type=\"widget\" data-e-type=\"widget\" data-widget_type=\"image.default\">\n\t\t\t\t<div class=\"elementor-widget-container\">\n\t\t\t\t\t\t\t\t\t\t\t\t\t\t\t<img fetchpriority=\"high\" decoding=\"async\" width=\"422\" height=\"145\" src=\"https:\/\/semead.com.br\/24\/wp-content\/uploads\/sites\/13\/2021\/04\/Logo-Semead-2021.png\" class=\"attachment-large size-large wp-image-17708\" alt=\"\" srcset=\"https:\/\/semead.com.br\/24\/wp-content\/uploads\/sites\/13\/2021\/04\/Logo-Semead-2021.png 422w, https:\/\/semead.com.br\/24\/wp-content\/uploads\/sites\/13\/2021\/04\/Logo-Semead-2021-300x103.png 300w, https:\/\/semead.com.br\/24\/wp-content\/uploads\/sites\/13\/2021\/04\/Logo-Semead-2021-420x145.png 420w\" sizes=\"(max-width: 422px) 100vw, 422px\" \/>\t\t\t\t\t\t\t\t\t\t\t\t\t\t\t<\/div>\n\t\t\t\t<\/div>\n\t\t\t\t\t<\/div>\n\t\t<\/div>\n\t\t\t\t\t<\/div>\n\t\t<\/section>\n\t\t\t\t<section class=\"elementor-section elementor-top-section elementor-element elementor-element-a4b3f97 elementor-section-stretched elementor-section-boxed elementor-section-height-default elementor-section-height-default\" data-id=\"a4b3f97\" data-element_type=\"section\" data-e-type=\"section\" data-settings=\"{&quot;stretch_section&quot;:&quot;section-stretched&quot;,&quot;background_background&quot;:&quot;classic&quot;}\">\n\t\t\t\t\t\t<div class=\"elementor-container elementor-column-gap-default\">\n\t\t\t\t\t<div class=\"elementor-column elementor-col-100 elementor-top-column elementor-element elementor-element-0a6cdbc\" data-id=\"0a6cdbc\" data-element_type=\"column\" data-e-type=\"column\">\n\t\t\t<div class=\"elementor-widget-wrap elementor-element-populated\">\n\t\t\t\t\t\t<div class=\"elementor-element elementor-element-43816dd elementor-widget elementor-widget-text-editor\" data-id=\"43816dd\" data-element_type=\"widget\" data-e-type=\"widget\" data-widget_type=\"text-editor.default\">\n\t\t\t\t<div class=\"elementor-widget-container\">\n\t\t\t\t\t\t\t\t\t<p class=\"p1\">Confira abaixo os Volunt\u00e1rios de destaque em suas respectivas atividades e \u00e1reas e o primeiro vencedor do pr\u00eamio <strong>Volunt\u00e1rio SemeAd<\/strong><\/p>\t\t\t\t\t\t\t\t<\/div>\n\t\t\t\t<\/div>\n\t\t\t\t\t<\/div>\n\t\t<\/div>\n\t\t\t\t\t<\/div>\n\t\t<\/section>\n\t\t\t\t<section class=\"elementor-section elementor-top-section elementor-element elementor-element-fe82105 elementor-section-boxed elementor-section-height-default elementor-section-height-default\" data-id=\"fe82105\" data-element_type=\"section\" data-e-type=\"section\">\n\t\t\t\t\t\t<div class=\"elementor-container elementor-column-gap-default\">\n\t\t\t\t\t<div class=\"elementor-column elementor-col-100 elementor-top-column elementor-element elementor-element-53ef2cf\" data-id=\"53ef2cf\" data-element_type=\"column\" data-e-type=\"column\">\n\t\t\t<div class=\"elementor-widget-wrap elementor-element-populated\">\n\t\t\t\t\t\t<div class=\"elementor-element elementor-element-cee5fec elementor-widget elementor-widget-wp-widget-archives\" data-id=\"cee5fec\" data-element_type=\"widget\" data-e-type=\"widget\" data-widget_type=\"wp-widget-archives.default\">\n\t\t\t\t<div class=\"elementor-widget-container\">\n\t\t\t\t\t<div class=\"widget single-sidebar padding-bottom1\"><h3>Volunt\u00e1rio de Atividade em Destaque<\/h3>\n\t\t\t<ul>\n\t\t\t\t\t\t\t<\/ul>\n\n\t\t\t<\/div>\t\t\t\t<\/div>\n\t\t\t\t<\/div>\n\t\t\t\t\t<\/div>\n\t\t<\/div>\n\t\t\t\t\t<\/div>\n\t\t<\/section>\n\t\t\t\t<section class=\"elementor-section elementor-top-section elementor-element elementor-element-afd0742 elementor-section-boxed elementor-section-height-default elementor-section-height-default\" data-id=\"afd0742\" data-element_type=\"section\" data-e-type=\"section\">\n\t\t\t\t\t\t<div class=\"elementor-container elementor-column-gap-default\">\n\t\t\t\t\t<div class=\"elementor-column elementor-col-100 elementor-top-column elementor-element elementor-element-1f9e247\" data-id=\"1f9e247\" data-element_type=\"column\" data-e-type=\"column\">\n\t\t\t<div class=\"elementor-widget-wrap elementor-element-populated\">\n\t\t\t\t\t\t<div class=\"elementor-element elementor-element-6ebb63b elementor-widget elementor-widget-text-editor\" data-id=\"6ebb63b\" data-element_type=\"widget\" data-e-type=\"widget\" data-widget_type=\"text-editor.default\">\n\t\t\t\t<div class=\"elementor-widget-container\">\n\t\t\t\t\t\t\t\t\t<p><strong>Workshops<\/strong> &#8211; Luciano Jos\u00e9 da Paix\u00e3o Fiel Reis &#8211; Universidade Nove de Julho (UNINOVE)<\/p><p><strong>Semin\u00e1rio Pr\u00e9-Doutoral e Cons\u00f3rcio Doutoral<\/strong> &#8211; Isaac Almeida Moraes Oliveira De Azevedo &#8211; Universidade Federal Da Para\u00edba (UFPB)<\/p><p><strong>Business Speakers, Keynote Speakers, Special Issues, Connecta, Pain\u00e9is Tem\u00e1ticos, Projetos de Impacto e Bolsa SemeAd PQ Jr. <\/strong>&#8211; Matheus Hansen Paes &#8211; Universidade de S\u00e3o Paulo (USP)<\/p>\t\t\t\t\t\t\t\t<\/div>\n\t\t\t\t<\/div>\n\t\t\t\t\t<\/div>\n\t\t<\/div>\n\t\t\t\t\t<\/div>\n\t\t<\/section>\n\t\t\t\t<section class=\"elementor-section elementor-top-section elementor-element elementor-element-4594691 elementor-section-boxed elementor-section-height-default elementor-section-height-default\" data-id=\"4594691\" data-element_type=\"section\" data-e-type=\"section\">\n\t\t\t\t\t\t<div class=\"elementor-container elementor-column-gap-default\">\n\t\t\t\t\t<div class=\"elementor-column elementor-col-100 elementor-top-column elementor-element elementor-element-3151511\" data-id=\"3151511\" data-element_type=\"column\" data-e-type=\"column\">\n\t\t\t<div class=\"elementor-widget-wrap elementor-element-populated\">\n\t\t\t\t\t\t<div class=\"elementor-element elementor-element-16c3d2c elementor-widget elementor-widget-wp-widget-archives\" data-id=\"16c3d2c\" data-element_type=\"widget\" data-e-type=\"widget\" data-widget_type=\"wp-widget-archives.default\">\n\t\t\t\t<div class=\"elementor-widget-container\">\n\t\t\t\t\t<div class=\"widget single-sidebar padding-bottom1\"><h3>Debatedor em Destaque<\/h3>\n\t\t\t<ul>\n\t\t\t\t\t\t\t<\/ul>\n\n\t\t\t<\/div>\t\t\t\t<\/div>\n\t\t\t\t<\/div>\n\t\t\t\t\t<\/div>\n\t\t<\/div>\n\t\t\t\t\t<\/div>\n\t\t<\/section>\n\t\t\t\t<section class=\"elementor-section elementor-top-section elementor-element elementor-element-ec2f490 elementor-section-boxed elementor-section-height-default elementor-section-height-default\" data-id=\"ec2f490\" data-element_type=\"section\" data-e-type=\"section\">\n\t\t\t\t\t\t<div class=\"elementor-container elementor-column-gap-default\">\n\t\t\t\t\t<div class=\"elementor-column elementor-col-100 elementor-top-column elementor-element elementor-element-e8b80e6\" data-id=\"e8b80e6\" data-element_type=\"column\" data-e-type=\"column\">\n\t\t\t<div class=\"elementor-widget-wrap elementor-element-populated\">\n\t\t\t\t\t\t<div class=\"elementor-element elementor-element-31d80a6 elementor-widget elementor-widget-text-editor\" data-id=\"31d80a6\" data-element_type=\"widget\" data-e-type=\"widget\" data-widget_type=\"text-editor.default\">\n\t\t\t\t<div class=\"elementor-widget-container\">\n\t\t\t\t\t\t\t\t\t<p><strong>Administra\u00e7\u00e3o P\u00fablica<\/strong> -Thiago Vitor Ferreira Soares &#8211; Universidade de S\u00e3o Paulo (USP)<\/p><p><strong>Agribusiness<\/strong> &#8211; Paulo Henrique Bertucci Ramos &#8211; Universidade de S\u00e3o Paulo (USP)<\/p><p><strong>Artigos Aplicados<\/strong> &#8211; Tha\u00edsa Barcellos Pinheiro do Nascimento &#8211; Universidade de S\u00e3o Paulo (FEA-USP)<\/p><p><b>Empreendedorismo<\/b>\u00a0&#8211; Rafaela Ferreira Mani\u00e7oba &#8211; Universidade de S\u00e3o Paulo (FEA-USP)<\/p><p><strong>Ensino e Pesquisa<\/strong> &#8211; Murilo Gabriel da Costa Silva &#8211; Universidade Federal da Para\u00edba (UFPB)<\/p><p><strong>Casos de Ensino<\/strong> &#8211; Antonio Nadson Mascarenhas Souza &#8211; Universidade Federal do Paran\u00e1 (UFPR)<\/p><p><strong>Estrat\u00e9gia em Organiza\u00e7\u00f5es<\/strong> &#8211; Simone C\u00e9sar da Silva Vicente &#8211; Universidade Nove de Julho (UNINOVE)<\/p><p><strong>Estudos Organizacionais<\/strong> &#8211; Marta Chaves Vasconcelos De Oliveira &#8211; Universidade Federal do Paran\u00e1 (UFPR)<\/p><p><strong>Finan\u00e7as<\/strong> &#8211; Jislene Trindade Medeiros &#8211; Universidade Federal Do Cear\u00e1 (UFC)<\/p><p><strong>Gest\u00e3o da Inova\u00e7\u00e3o<\/strong> &#8211; Manuella Gama &#8211; Universidade Federal De Pernambuco (UFPE)<\/p><p><strong>Gest\u00e3o de Pessoas<\/strong> &#8211; Mara Rosalia Ribeiro Silva &#8211; Universidade Federal Do Paran\u00e1 (UFPR)<\/p><p><strong>Gest\u00e3o Socioambiental<\/strong> &#8211; Lu\u00eds Matheus Tavares Silva &#8211; Universidade Federal do Cear\u00e1 (UFC)<\/p><p><strong>Marketing<\/strong> &#8211; Bruno Melo Moura &#8211; Universidade Federal de Pernambuco (UFPE)<\/p><p><strong>Opera\u00e7\u00f5es<\/strong> &#8211; Lucas Emmanuel Nascimento Silva &#8211; Universidade de S\u00e3o Paulo (FEA-USP)<\/p><p><strong>Tecnologia da Informa\u00e7\u00e3o<\/strong> &#8211; Marcella de Castro Costa Gama &#8211; Universidade de S\u00e3o Paulo (FEA-USP)<\/p><p><strong>Turismo e Hospitalidade<\/strong> &#8211; Mariene Cavalcante Borba de Albuquerque &#8211; Universidade Federal Da Para\u00edba (UFPB)<\/p>\t\t\t\t\t\t\t\t<\/div>\n\t\t\t\t<\/div>\n\t\t\t\t\t<\/div>\n\t\t<\/div>\n\t\t\t\t\t<\/div>\n\t\t<\/section>\n\t\t\t\t<section class=\"elementor-section elementor-top-section elementor-element elementor-element-12f6e03 elementor-section-boxed elementor-section-height-default elementor-section-height-default\" data-id=\"12f6e03\" data-element_type=\"section\" data-e-type=\"section\">\n\t\t\t\t\t\t<div class=\"elementor-container elementor-column-gap-default\">\n\t\t\t\t\t<div class=\"elementor-column elementor-col-100 elementor-top-column elementor-element elementor-element-502fe9f\" data-id=\"502fe9f\" data-element_type=\"column\" data-e-type=\"column\">\n\t\t\t<div class=\"elementor-widget-wrap elementor-element-populated\">\n\t\t\t\t\t\t<div class=\"elementor-element elementor-element-940009a elementor-widget elementor-widget-wp-widget-archives\" data-id=\"940009a\" data-element_type=\"widget\" data-e-type=\"widget\" data-widget_type=\"wp-widget-archives.default\">\n\t\t\t\t<div class=\"elementor-widget-container\">\n\t\t\t\t\t<div class=\"widget single-sidebar padding-bottom1\"><h3>L\u00edder de N\u00facleo em Destaque<\/h3>\n\t\t\t<ul>\n\t\t\t\t\t\t\t<\/ul>\n\n\t\t\t<\/div>\t\t\t\t<\/div>\n\t\t\t\t<\/div>\n\t\t\t\t\t<\/div>\n\t\t<\/div>\n\t\t\t\t\t<\/div>\n\t\t<\/section>\n\t\t\t\t<section class=\"elementor-section elementor-top-section elementor-element elementor-element-bafa1b0 elementor-section-boxed elementor-section-height-default elementor-section-height-default\" data-id=\"bafa1b0\" data-element_type=\"section\" data-e-type=\"section\">\n\t\t\t\t\t\t<div class=\"elementor-container elementor-column-gap-default\">\n\t\t\t\t\t<div class=\"elementor-column elementor-col-100 elementor-top-column elementor-element elementor-element-c156007\" data-id=\"c156007\" data-element_type=\"column\" data-e-type=\"column\">\n\t\t\t<div class=\"elementor-widget-wrap elementor-element-populated\">\n\t\t\t\t\t\t<div class=\"elementor-element elementor-element-d507635 elementor-widget elementor-widget-text-editor\" data-id=\"d507635\" data-element_type=\"widget\" data-e-type=\"widget\" data-widget_type=\"text-editor.default\">\n\t\t\t\t<div class=\"elementor-widget-container\">\n\t\t\t\t\t\t\t\t\t<p>Beatriz Vital Moreira &#8211; Universidade de S\u00e3o Paulo (FEA-USP)<\/p>\t\t\t\t\t\t\t\t<\/div>\n\t\t\t\t<\/div>\n\t\t\t\t\t<\/div>\n\t\t<\/div>\n\t\t\t\t\t<\/div>\n\t\t<\/section>\n\t\t\t\t<section class=\"elementor-section elementor-top-section elementor-element elementor-element-9bed2e1 elementor-section-boxed elementor-section-height-default elementor-section-height-default\" data-id=\"9bed2e1\" data-element_type=\"section\" data-e-type=\"section\">\n\t\t\t\t\t\t<div class=\"elementor-container elementor-column-gap-default\">\n\t\t\t\t\t<div class=\"elementor-column elementor-col-100 elementor-top-column elementor-element elementor-element-d67807e\" data-id=\"d67807e\" data-element_type=\"column\" data-e-type=\"column\">\n\t\t\t<div class=\"elementor-widget-wrap elementor-element-populated\">\n\t\t\t\t\t\t<div class=\"elementor-element elementor-element-918ed1b elementor-widget elementor-widget-wp-widget-archives\" data-id=\"918ed1b\" data-element_type=\"widget\" data-e-type=\"widget\" data-widget_type=\"wp-widget-archives.default\">\n\t\t\t\t<div class=\"elementor-widget-container\">\n\t\t\t\t\t<div class=\"widget single-sidebar padding-bottom1\"><h3>VOLUNT\u00c1RIO SEMEAD<\/h3>\n\t\t\t<ul>\n\t\t\t\t\t\t\t<\/ul>\n\n\t\t\t<\/div>\t\t\t\t<\/div>\n\t\t\t\t<\/div>\n\t\t\t\t\t<\/div>\n\t\t<\/div>\n\t\t\t\t\t<\/div>\n\t\t<\/section>\n\t\t\t\t<section class=\"elementor-section elementor-top-section elementor-element elementor-element-75c18e4 elementor-section-boxed elementor-section-height-default elementor-section-height-default\" data-id=\"75c18e4\" data-element_type=\"section\" data-e-type=\"section\">\n\t\t\t\t\t\t<div class=\"elementor-container elementor-column-gap-default\">\n\t\t\t\t\t<div class=\"elementor-column elementor-col-100 elementor-top-column elementor-element elementor-element-464f276\" data-id=\"464f276\" data-element_type=\"column\" data-e-type=\"column\">\n\t\t\t<div class=\"elementor-widget-wrap elementor-element-populated\">\n\t\t\t\t\t\t<div class=\"elementor-element elementor-element-bcdf5f1 elementor-widget elementor-widget-text-editor\" data-id=\"bcdf5f1\" data-element_type=\"widget\" data-e-type=\"widget\" data-widget_type=\"text-editor.default\">\n\t\t\t\t<div class=\"elementor-widget-container\">\n\t\t\t\t\t\t\t\t\t<p><strong>Beatriz Vital Moreira &#8211; Universidade de S\u00e3o Paulo (FEA-USP)<\/strong><\/p>\t\t\t\t\t\t\t\t<\/div>\n\t\t\t\t<\/div>\n\t\t\t\t\t<\/div>\n\t\t<\/div>\n\t\t\t\t\t<\/div>\n\t\t<\/section>\n\t\t\t\t<\/div>\n\t\t","protected":false},"excerpt":{"rendered":"<p>Confira abaixo os Volunt\u00e1rios de destaque em suas respectivas atividades e \u00e1reas e o primeiro vencedor do pr\u00eamio Volunt\u00e1rio SemeAd Workshops &#8211; Luciano Jos\u00e9 da Paix\u00e3o Fiel Reis &#8211; Universidade Nove de Julho (UNINOVE) Semin\u00e1rio Pr\u00e9-Doutoral e Cons\u00f3rcio Doutoral &#8211; Isaac Almeida Moraes Oliveira De Azevedo &#8211; Universidade Federal Da Para\u00edba (UFPB) Business Speakers, Keynote&#8230;<\/p>\n","protected":false},"author":4,"featured_media":0,"parent":0,"menu_order":0,"comment_status":"closed","ping_status":"closed","template":"","meta":{"_acf_changed":false,"_monsterinsights_skip_tracking":false,"_monsterinsights_sitenote_active":false,"_monsterinsights_sitenote_note":"","_monsterinsights_sitenote_category":0,"footnotes":""},"class_list":["post-23782","page","type-page","status-publish","hentry"],"acf":[],"yoast_head":"<!-- This site is optimized with the Yoast SEO plugin v27.1.1 - https:\/\/yoast.com\/product\/yoast-seo-wordpress\/ -->\n<title>Resultados da Premia\u00e7\u00e3o dos Volunt\u00e1rios SemeAd - XXIV SemeAd<\/title>\n<meta name=\"robots\" content=\"index, follow, max-snippet:-1, max-image-preview:large, max-video-preview:-1\" \/>\n<link rel=\"canonical\" href=\"https:\/\/semead.com.br\/24\/resultados-da-premiacao-dos-voluntarios-semead\/\" \/>\n<meta property=\"og:locale\" content=\"pt_BR\" \/>\n<meta property=\"og:type\" content=\"article\" \/>\n<meta property=\"og:title\" content=\"Resultados da Premia\u00e7\u00e3o dos Volunt\u00e1rios SemeAd - XXIV SemeAd\" \/>\n<meta property=\"og:description\" content=\"Confira abaixo os Volunt\u00e1rios de destaque em suas respectivas atividades e \u00e1reas e o primeiro vencedor do pr\u00eamio Volunt\u00e1rio SemeAd Workshops &#8211; Luciano Jos\u00e9 da Paix\u00e3o Fiel Reis &#8211; Universidade Nove de Julho (UNINOVE) Semin\u00e1rio Pr\u00e9-Doutoral e Cons\u00f3rcio Doutoral &#8211; Isaac Almeida Moraes Oliveira De Azevedo &#8211; Universidade Federal Da Para\u00edba (UFPB) Business Speakers, Keynote...\" \/>\n<meta property=\"og:url\" content=\"https:\/\/semead.com.br\/24\/resultados-da-premiacao-dos-voluntarios-semead\/\" \/>\n<meta property=\"og:site_name\" content=\"XXIV SemeAd\" \/>\n<meta property=\"article:modified_time\" content=\"2021-11-24T19:36:38+00:00\" \/>\n<meta property=\"og:image\" content=\"https:\/\/semead.com.br\/24\/wp-content\/uploads\/sites\/13\/2021\/04\/Logo-Semead-2021.png\" \/>\n<meta name=\"twitter:card\" content=\"summary_large_image\" \/>\n<meta name=\"twitter:label1\" content=\"Est. tempo de leitura\" \/>\n\t<meta name=\"twitter:data1\" content=\"2 minutos\" \/>\n<script type=\"application\/ld+json\" class=\"yoast-schema-graph\">{\"@context\":\"https:\/\/schema.org\",\"@graph\":[{\"@type\":\"WebPage\",\"@id\":\"https:\/\/semead.com.br\/24\/resultados-da-premiacao-dos-voluntarios-semead\/\",\"url\":\"https:\/\/semead.com.br\/24\/resultados-da-premiacao-dos-voluntarios-semead\/\",\"name\":\"Resultados da Premia\u00e7\u00e3o dos Volunt\u00e1rios SemeAd - XXIV SemeAd\",\"isPartOf\":{\"@id\":\"https:\/\/semead.com.br\/24\/?lang=es\/#website\"},\"primaryImageOfPage\":{\"@id\":\"https:\/\/semead.com.br\/24\/resultados-da-premiacao-dos-voluntarios-semead\/#primaryimage\"},\"image\":{\"@id\":\"https:\/\/semead.com.br\/24\/resultados-da-premiacao-dos-voluntarios-semead\/#primaryimage\"},\"thumbnailUrl\":\"https:\/\/semead.com.br\/24\/wp-content\/uploads\/sites\/13\/2021\/04\/Logo-Semead-2021.png\",\"datePublished\":\"2021-11-24T19:08:23+00:00\",\"dateModified\":\"2021-11-24T19:36:38+00:00\",\"breadcrumb\":{\"@id\":\"https:\/\/semead.com.br\/24\/resultados-da-premiacao-dos-voluntarios-semead\/#breadcrumb\"},\"inLanguage\":\"pt-BR\",\"potentialAction\":[{\"@type\":\"ReadAction\",\"target\":[\"https:\/\/semead.com.br\/24\/resultados-da-premiacao-dos-voluntarios-semead\/\"]}]},{\"@type\":\"ImageObject\",\"inLanguage\":\"pt-BR\",\"@id\":\"https:\/\/semead.com.br\/24\/resultados-da-premiacao-dos-voluntarios-semead\/#primaryimage\",\"url\":\"https:\/\/semead.com.br\/24\/wp-content\/uploads\/sites\/13\/2021\/04\/Logo-Semead-2021.png\",\"contentUrl\":\"https:\/\/semead.com.br\/24\/wp-content\/uploads\/sites\/13\/2021\/04\/Logo-Semead-2021.png\",\"width\":422,\"height\":145},{\"@type\":\"BreadcrumbList\",\"@id\":\"https:\/\/semead.com.br\/24\/resultados-da-premiacao-dos-voluntarios-semead\/#breadcrumb\",\"itemListElement\":[{\"@type\":\"ListItem\",\"position\":1,\"name\":\"In\u00edcio\",\"item\":\"https:\/\/semead.com.br\/24\/\"},{\"@type\":\"ListItem\",\"position\":2,\"name\":\"Resultados da Premia\u00e7\u00e3o dos Volunt\u00e1rios SemeAd\"}]},{\"@type\":\"WebSite\",\"@id\":\"https:\/\/semead.com.br\/24\/?lang=es\/#website\",\"url\":\"https:\/\/semead.com.br\/24\/?lang=es\/\",\"name\":\"XXIV SemeAd\",\"description\":\"Semin\u00e1rios em Administra\u00e7\u00e3o\",\"potentialAction\":[{\"@type\":\"SearchAction\",\"target\":{\"@type\":\"EntryPoint\",\"urlTemplate\":\"https:\/\/semead.com.br\/24\/?lang=es\/?s={search_term_string}\"},\"query-input\":{\"@type\":\"PropertyValueSpecification\",\"valueRequired\":true,\"valueName\":\"search_term_string\"}}],\"inLanguage\":\"pt-BR\"}]}<\/script>\n<!-- \/ Yoast SEO plugin. -->","yoast_head_json":{"title":"Resultados da Premia\u00e7\u00e3o dos Volunt\u00e1rios SemeAd - XXIV SemeAd","robots":{"index":"index","follow":"follow","max-snippet":"max-snippet:-1","max-image-preview":"max-image-preview:large","max-video-preview":"max-video-preview:-1"},"canonical":"https:\/\/semead.com.br\/24\/resultados-da-premiacao-dos-voluntarios-semead\/","og_locale":"pt_BR","og_type":"article","og_title":"Resultados da Premia\u00e7\u00e3o dos Volunt\u00e1rios SemeAd - XXIV SemeAd","og_description":"Confira abaixo os Volunt\u00e1rios de destaque em suas respectivas atividades e \u00e1reas e o primeiro vencedor do pr\u00eamio Volunt\u00e1rio SemeAd Workshops &#8211; Luciano Jos\u00e9 da Paix\u00e3o Fiel Reis &#8211; Universidade Nove de Julho (UNINOVE) Semin\u00e1rio Pr\u00e9-Doutoral e Cons\u00f3rcio Doutoral &#8211; Isaac Almeida Moraes Oliveira De Azevedo &#8211; Universidade Federal Da Para\u00edba (UFPB) Business Speakers, Keynote...","og_url":"https:\/\/semead.com.br\/24\/resultados-da-premiacao-dos-voluntarios-semead\/","og_site_name":"XXIV SemeAd","article_modified_time":"2021-11-24T19:36:38+00:00","og_image":[{"url":"https:\/\/semead.com.br\/24\/wp-content\/uploads\/sites\/13\/2021\/04\/Logo-Semead-2021.png","type":"","width":"","height":""}],"twitter_card":"summary_large_image","twitter_misc":{"Est. tempo de leitura":"2 minutos"},"schema":{"@context":"https:\/\/schema.org","@graph":[{"@type":"WebPage","@id":"https:\/\/semead.com.br\/24\/resultados-da-premiacao-dos-voluntarios-semead\/","url":"https:\/\/semead.com.br\/24\/resultados-da-premiacao-dos-voluntarios-semead\/","name":"Resultados da Premia\u00e7\u00e3o dos Volunt\u00e1rios SemeAd - XXIV SemeAd","isPartOf":{"@id":"https:\/\/semead.com.br\/24\/?lang=es\/#website"},"primaryImageOfPage":{"@id":"https:\/\/semead.com.br\/24\/resultados-da-premiacao-dos-voluntarios-semead\/#primaryimage"},"image":{"@id":"https:\/\/semead.com.br\/24\/resultados-da-premiacao-dos-voluntarios-semead\/#primaryimage"},"thumbnailUrl":"https:\/\/semead.com.br\/24\/wp-content\/uploads\/sites\/13\/2021\/04\/Logo-Semead-2021.png","datePublished":"2021-11-24T19:08:23+00:00","dateModified":"2021-11-24T19:36:38+00:00","breadcrumb":{"@id":"https:\/\/semead.com.br\/24\/resultados-da-premiacao-dos-voluntarios-semead\/#breadcrumb"},"inLanguage":"pt-BR","potentialAction":[{"@type":"ReadAction","target":["https:\/\/semead.com.br\/24\/resultados-da-premiacao-dos-voluntarios-semead\/"]}]},{"@type":"ImageObject","inLanguage":"pt-BR","@id":"https:\/\/semead.com.br\/24\/resultados-da-premiacao-dos-voluntarios-semead\/#primaryimage","url":"https:\/\/semead.com.br\/24\/wp-content\/uploads\/sites\/13\/2021\/04\/Logo-Semead-2021.png","contentUrl":"https:\/\/semead.com.br\/24\/wp-content\/uploads\/sites\/13\/2021\/04\/Logo-Semead-2021.png","width":422,"height":145},{"@type":"BreadcrumbList","@id":"https:\/\/semead.com.br\/24\/resultados-da-premiacao-dos-voluntarios-semead\/#breadcrumb","itemListElement":[{"@type":"ListItem","position":1,"name":"In\u00edcio","item":"https:\/\/semead.com.br\/24\/"},{"@type":"ListItem","position":2,"name":"Resultados da Premia\u00e7\u00e3o dos Volunt\u00e1rios SemeAd"}]},{"@type":"WebSite","@id":"https:\/\/semead.com.br\/24\/?lang=es\/#website","url":"https:\/\/semead.com.br\/24\/?lang=es\/","name":"XXIV SemeAd","description":"Semin\u00e1rios em Administra\u00e7\u00e3o","potentialAction":[{"@type":"SearchAction","target":{"@type":"EntryPoint","urlTemplate":"https:\/\/semead.com.br\/24\/?lang=es\/?s={search_term_string}"},"query-input":{"@type":"PropertyValueSpecification","valueRequired":true,"valueName":"search_term_string"}}],"inLanguage":"pt-BR"}]}},"_links":{"self":[{"href":"https:\/\/semead.com.br\/24\/wp-json\/wp\/v2\/pages\/23782","targetHints":{"allow":["GET"]}}],"collection":[{"href":"https:\/\/semead.com.br\/24\/wp-json\/wp\/v2\/pages"}],"about":[{"href":"https:\/\/semead.com.br\/24\/wp-json\/wp\/v2\/types\/page"}],"author":[{"embeddable":true,"href":"https:\/\/semead.com.br\/24\/wp-json\/wp\/v2\/users\/4"}],"replies":[{"embeddable":true,"href":"https:\/\/semead.com.br\/24\/wp-json\/wp\/v2\/comments?post=23782"}],"version-history":[{"count":0,"href":"https:\/\/semead.com.br\/24\/wp-json\/wp\/v2\/pages\/23782\/revisions"}],"wp:attachment":[{"href":"https:\/\/semead.com.br\/24\/wp-json\/wp\/v2\/media?parent=23782"}],"curies":[{"name":"wp","href":"https:\/\/api.w.org\/{rel}","templated":true}]}}