{"id":23835,"date":"2021-12-06T19:24:07","date_gmt":"2021-12-06T22:24:07","guid":{"rendered":"https:\/\/semead.com.br\/24\/?page_id=23835"},"modified":"2021-12-06T19:26:45","modified_gmt":"2021-12-06T22:26:45","slug":"certificates-available","status":"publish","type":"page","link":"https:\/\/semead.com.br\/24\/certificates-available\/?lang=en","title":{"rendered":"Certificates Available"},"content":{"rendered":"\t\t<div data-elementor-type=\"wp-page\" data-elementor-id=\"23835\" class=\"elementor elementor-23835\">\n\t\t\t\t\t\t<section class=\"elementor-section elementor-top-section elementor-element elementor-element-e9be1cd elementor-section-boxed elementor-section-height-default elementor-section-height-default\" data-id=\"e9be1cd\" data-element_type=\"section\" data-e-type=\"section\">\n\t\t\t\t\t\t<div class=\"elementor-container elementor-column-gap-default\">\n\t\t\t\t\t<div class=\"elementor-column elementor-col-100 elementor-top-column elementor-element elementor-element-8b53924\" data-id=\"8b53924\" data-element_type=\"column\" data-e-type=\"column\">\n\t\t\t<div class=\"elementor-widget-wrap elementor-element-populated\">\n\t\t\t\t\t\t<div class=\"elementor-element elementor-element-c593894 elementor-widget elementor-widget-text-editor\" data-id=\"c593894\" data-element_type=\"widget\" data-e-type=\"widget\" data-widget_type=\"text-editor.default\">\n\t\t\t\t<div class=\"elementor-widget-container\">\n\t\t\t\t\t\t\t\t\t<p>Hi SemeAd Community!<\/p><p>The certificates for the XXIV Edition of SemeAD are now available in your <a href=\"http:\/\/login.semead.com.br\" target=\"_blank\" rel=\"noopener\">Login SemeAD<\/a>.<\/p><p>Use your access credentials (E-mail and password) and go to the &#8220;Certificates&#8221; tab on the side of the site.<\/p>\t\t\t\t\t\t\t\t<\/div>\n\t\t\t\t<\/div>\n\t\t\t\t\t<\/div>\n\t\t<\/div>\n\t\t\t\t\t<\/div>\n\t\t<\/section>\n\t\t\t\t<section class=\"elementor-section elementor-top-section elementor-element elementor-element-477e7de elementor-section-boxed elementor-section-height-default elementor-section-height-default\" data-id=\"477e7de\" data-element_type=\"section\" data-e-type=\"section\">\n\t\t\t\t\t\t<div class=\"elementor-container elementor-column-gap-default\">\n\t\t\t\t\t<div class=\"elementor-column elementor-col-100 elementor-top-column elementor-element elementor-element-6c4c0cb\" data-id=\"6c4c0cb\" data-element_type=\"column\" data-e-type=\"column\">\n\t\t\t<div class=\"elementor-widget-wrap elementor-element-populated\">\n\t\t\t\t\t\t<div class=\"elementor-element elementor-element-f9bc15a elementor-align-center elementor-widget elementor-widget-button\" data-id=\"f9bc15a\" data-element_type=\"widget\" data-e-type=\"widget\" data-widget_type=\"button.default\">\n\t\t\t\t<div class=\"elementor-widget-container\">\n\t\t\t\t\t\t\t\t\t<div class=\"elementor-button-wrapper\">\n\t\t\t\t\t<a class=\"elementor-button elementor-button-link elementor-size-lg\" href=\"http:\/\/login.semead.com.br\" target=\"_blank\">\n\t\t\t\t\t\t<span class=\"elementor-button-content-wrapper\">\n\t\t\t\t\t\t\t\t\t<span class=\"elementor-button-text\">Access<\/span>\n\t\t\t\t\t<\/span>\n\t\t\t\t\t<\/a>\n\t\t\t\t<\/div>\n\t\t\t\t\t\t\t\t<\/div>\n\t\t\t\t<\/div>\n\t\t\t\t\t<\/div>\n\t\t<\/div>\n\t\t\t\t\t<\/div>\n\t\t<\/section>\n\t\t\t\t<section class=\"elementor-section elementor-top-section elementor-element elementor-element-5333e5a elementor-section-boxed elementor-section-height-default elementor-section-height-default\" data-id=\"5333e5a\" data-element_type=\"section\" data-e-type=\"section\">\n\t\t\t\t\t\t<div class=\"elementor-container elementor-column-gap-default\">\n\t\t\t\t\t<div class=\"elementor-column elementor-col-100 elementor-top-column elementor-element elementor-element-aa67290\" data-id=\"aa67290\" data-element_type=\"column\" data-e-type=\"column\">\n\t\t\t<div class=\"elementor-widget-wrap elementor-element-populated\">\n\t\t\t\t\t\t<div class=\"elementor-element elementor-element-61bc753 elementor-widget elementor-widget-text-editor\" data-id=\"61bc753\" data-element_type=\"widget\" data-e-type=\"widget\" data-widget_type=\"text-editor.default\">\n\t\t\t\t<div class=\"elementor-widget-container\">\n\t\t\t\t\t\t\t\t\t<h5>Sincerely,<\/h5><h5><em>SemeAD Coordination<\/em>.<\/h5>\t\t\t\t\t\t\t\t<\/div>\n\t\t\t\t<\/div>\n\t\t\t\t\t<\/div>\n\t\t<\/div>\n\t\t\t\t\t<\/div>\n\t\t<\/section>\n\t\t\t\t<\/div>\n\t\t","protected":false},"excerpt":{"rendered":"<p>Hi SemeAd Community! The certificates for the XXIV Edition of SemeAD are now available in your Login SemeAD. Use your access credentials (E-mail and password) and go to the &#8220;Certificates&#8221; tab on the side of the site. Access Sincerely, SemeAD Coordination.<\/p>\n","protected":false},"author":4,"featured_media":0,"parent":0,"menu_order":0,"comment_status":"closed","ping_status":"closed","template":"","meta":{"_acf_changed":false,"_monsterinsights_skip_tracking":false,"_monsterinsights_sitenote_active":false,"_monsterinsights_sitenote_note":"","_monsterinsights_sitenote_category":0,"footnotes":""},"class_list":["post-23835","page","type-page","status-publish","hentry"],"acf":[],"yoast_head":"<!-- This site is optimized with the Yoast SEO plugin v27.1.1 - https:\/\/yoast.com\/product\/yoast-seo-wordpress\/ -->\n<title>Certificates Available - XXIV SemeAd<\/title>\n<meta name=\"robots\" content=\"index, follow, max-snippet:-1, max-image-preview:large, max-video-preview:-1\" \/>\n<link rel=\"canonical\" href=\"https:\/\/semead.com.br\/24\/certificates-available\/\" \/>\n<meta property=\"og:locale\" content=\"pt_BR\" \/>\n<meta property=\"og:type\" content=\"article\" \/>\n<meta property=\"og:title\" content=\"Certificates Available - XXIV SemeAd\" \/>\n<meta property=\"og:description\" content=\"Hi SemeAd Community! The certificates for the XXIV Edition of SemeAD are now available in your Login SemeAD. Use your access credentials (E-mail and password) and go to the &#8220;Certificates&#8221; tab on the side of the site. Access Sincerely, SemeAD Coordination.\" \/>\n<meta property=\"og:url\" content=\"https:\/\/semead.com.br\/24\/certificates-available\/?lang=en\" \/>\n<meta property=\"og:site_name\" content=\"XXIV SemeAd\" \/>\n<meta property=\"article:modified_time\" content=\"2021-12-06T22:26:45+00:00\" \/>\n<meta name=\"twitter:card\" content=\"summary_large_image\" \/>\n<meta name=\"twitter:label1\" content=\"Est. tempo de leitura\" \/>\n\t<meta name=\"twitter:data1\" content=\"1 minuto\" \/>\n<script type=\"application\/ld+json\" class=\"yoast-schema-graph\">{\"@context\":\"https:\/\/schema.org\",\"@graph\":[{\"@type\":\"WebPage\",\"@id\":\"https:\/\/semead.com.br\/24\/certificates-available\/?lang=en\",\"url\":\"https:\/\/semead.com.br\/24\/certificates-available\/?lang=en\",\"name\":\"Certificates Available - XXIV SemeAd\",\"isPartOf\":{\"@id\":\"https:\/\/semead.com.br\/24\/?lang=es\/#website\"},\"datePublished\":\"2021-12-06T22:24:07+00:00\",\"dateModified\":\"2021-12-06T22:26:45+00:00\",\"breadcrumb\":{\"@id\":\"https:\/\/semead.com.br\/24\/certificates-available\/?lang=en#breadcrumb\"},\"inLanguage\":\"pt-BR\",\"potentialAction\":[{\"@type\":\"ReadAction\",\"target\":[\"https:\/\/semead.com.br\/24\/certificates-available\/?lang=en\"]}]},{\"@type\":\"BreadcrumbList\",\"@id\":\"https:\/\/semead.com.br\/24\/certificates-available\/?lang=en#breadcrumb\",\"itemListElement\":[{\"@type\":\"ListItem\",\"position\":1,\"name\":\"In\u00edcio\",\"item\":\"https:\/\/semead.com.br\/24\/\"},{\"@type\":\"ListItem\",\"position\":2,\"name\":\"Certificates Available\"}]},{\"@type\":\"WebSite\",\"@id\":\"https:\/\/semead.com.br\/24\/?lang=es\/#website\",\"url\":\"https:\/\/semead.com.br\/24\/?lang=es\/\",\"name\":\"XXIV SemeAd\",\"description\":\"Semin\u00e1rios em Administra\u00e7\u00e3o\",\"potentialAction\":[{\"@type\":\"SearchAction\",\"target\":{\"@type\":\"EntryPoint\",\"urlTemplate\":\"https:\/\/semead.com.br\/24\/?lang=es\/?s={search_term_string}\"},\"query-input\":{\"@type\":\"PropertyValueSpecification\",\"valueRequired\":true,\"valueName\":\"search_term_string\"}}],\"inLanguage\":\"pt-BR\"}]}<\/script>\n<!-- \/ Yoast SEO plugin. -->","yoast_head_json":{"title":"Certificates Available - XXIV SemeAd","robots":{"index":"index","follow":"follow","max-snippet":"max-snippet:-1","max-image-preview":"max-image-preview:large","max-video-preview":"max-video-preview:-1"},"canonical":"https:\/\/semead.com.br\/24\/certificates-available\/","og_locale":"pt_BR","og_type":"article","og_title":"Certificates Available - XXIV SemeAd","og_description":"Hi SemeAd Community! The certificates for the XXIV Edition of SemeAD are now available in your Login SemeAD. Use your access credentials (E-mail and password) and go to the &#8220;Certificates&#8221; tab on the side of the site. Access Sincerely, SemeAD Coordination.","og_url":"https:\/\/semead.com.br\/24\/certificates-available\/?lang=en","og_site_name":"XXIV SemeAd","article_modified_time":"2021-12-06T22:26:45+00:00","twitter_card":"summary_large_image","twitter_misc":{"Est. tempo de leitura":"1 minuto"},"schema":{"@context":"https:\/\/schema.org","@graph":[{"@type":"WebPage","@id":"https:\/\/semead.com.br\/24\/certificates-available\/?lang=en","url":"https:\/\/semead.com.br\/24\/certificates-available\/?lang=en","name":"Certificates Available - XXIV SemeAd","isPartOf":{"@id":"https:\/\/semead.com.br\/24\/?lang=es\/#website"},"datePublished":"2021-12-06T22:24:07+00:00","dateModified":"2021-12-06T22:26:45+00:00","breadcrumb":{"@id":"https:\/\/semead.com.br\/24\/certificates-available\/?lang=en#breadcrumb"},"inLanguage":"pt-BR","potentialAction":[{"@type":"ReadAction","target":["https:\/\/semead.com.br\/24\/certificates-available\/?lang=en"]}]},{"@type":"BreadcrumbList","@id":"https:\/\/semead.com.br\/24\/certificates-available\/?lang=en#breadcrumb","itemListElement":[{"@type":"ListItem","position":1,"name":"In\u00edcio","item":"https:\/\/semead.com.br\/24\/"},{"@type":"ListItem","position":2,"name":"Certificates Available"}]},{"@type":"WebSite","@id":"https:\/\/semead.com.br\/24\/?lang=es\/#website","url":"https:\/\/semead.com.br\/24\/?lang=es\/","name":"XXIV SemeAd","description":"Semin\u00e1rios em Administra\u00e7\u00e3o","potentialAction":[{"@type":"SearchAction","target":{"@type":"EntryPoint","urlTemplate":"https:\/\/semead.com.br\/24\/?lang=es\/?s={search_term_string}"},"query-input":{"@type":"PropertyValueSpecification","valueRequired":true,"valueName":"search_term_string"}}],"inLanguage":"pt-BR"}]}},"_links":{"self":[{"href":"https:\/\/semead.com.br\/24\/wp-json\/wp\/v2\/pages\/23835","targetHints":{"allow":["GET"]}}],"collection":[{"href":"https:\/\/semead.com.br\/24\/wp-json\/wp\/v2\/pages"}],"about":[{"href":"https:\/\/semead.com.br\/24\/wp-json\/wp\/v2\/types\/page"}],"author":[{"embeddable":true,"href":"https:\/\/semead.com.br\/24\/wp-json\/wp\/v2\/users\/4"}],"replies":[{"embeddable":true,"href":"https:\/\/semead.com.br\/24\/wp-json\/wp\/v2\/comments?post=23835"}],"version-history":[{"count":0,"href":"https:\/\/semead.com.br\/24\/wp-json\/wp\/v2\/pages\/23835\/revisions"}],"wp:attachment":[{"href":"https:\/\/semead.com.br\/24\/wp-json\/wp\/v2\/media?parent=23835"}],"curies":[{"name":"wp","href":"https:\/\/api.w.org\/{rel}","templated":true}]}}