{"id":25,"date":"2013-04-26T00:17:14","date_gmt":"2013-04-26T03:17:14","guid":{"rendered":"http:\/\/semead.com.br\/?page_id=25"},"modified":"2025-05-29T17:16:27","modified_gmt":"2025-05-29T20:16:27","slug":"fast-track","status":"publish","type":"page","link":"https:\/\/semead.com.br\/24\/fast-track\/","title":{"rendered":"Fast-Track"},"content":{"rendered":"\t\t<div data-elementor-type=\"wp-post\" data-elementor-id=\"25\" class=\"elementor elementor-25\">\n\t\t\t\t\t\t<section class=\"elementor-section elementor-top-section elementor-element elementor-element-584dbbf8 elementor-section-boxed elementor-section-height-default elementor-section-height-default\" data-id=\"584dbbf8\" data-element_type=\"section\" data-e-type=\"section\">\n\t\t\t\t\t\t<div class=\"elementor-container elementor-column-gap-default\">\n\t\t\t\t\t<div class=\"elementor-column elementor-col-100 elementor-top-column elementor-element elementor-element-20a8e786\" data-id=\"20a8e786\" data-element_type=\"column\" data-e-type=\"column\">\n\t\t\t<div class=\"elementor-widget-wrap elementor-element-populated\">\n\t\t\t\t\t\t<section class=\"elementor-section elementor-inner-section elementor-element elementor-element-0266140 elementor-section-boxed elementor-section-height-default elementor-section-height-default\" data-id=\"0266140\" data-element_type=\"section\" data-e-type=\"section\">\n\t\t\t\t\t\t<div class=\"elementor-container elementor-column-gap-default\">\n\t\t\t\t\t<div class=\"elementor-column elementor-col-50 elementor-inner-column elementor-element elementor-element-f55aa99\" data-id=\"f55aa99\" data-element_type=\"column\" data-e-type=\"column\">\n\t\t\t<div class=\"elementor-widget-wrap elementor-element-populated\">\n\t\t\t\t\t\t<div class=\"elementor-element elementor-element-a367e10 elementor-widget elementor-widget-text-editor\" data-id=\"a367e10\" data-element_type=\"widget\" data-e-type=\"widget\" data-widget_type=\"text-editor.default\">\n\t\t\t\t<div class=\"elementor-widget-container\">\n\t\t\t\t\t\t\t\t\t<p><span style=\"font-weight: 400;\">No processo de <\/span><i><span style=\"font-weight: 400;\">Fast-Track<\/span><\/i><span style=\"font-weight: 400;\"> do SemeAd, os autores poder\u00e3o, <\/span><span style=\"text-decoration: underline;\"><b>no momento de submiss\u00e3o dos seus artigos<\/b><\/span><span style=\"font-weight: 400;\">, optar pelos peri\u00f3dicos cadastrados na base do SemeAd, cuja cobertura editorial se encaixa na tem\u00e1tica do artigo. No caso de Artigos Te\u00f3ricos e Te\u00f3rico-Emp\u00edricos os autores poder\u00e3o escolher at\u00e9 um peri\u00f3dico em cada estrato do sistema Qualis\/Capes. Artigos Aplicados e Casos de Ensino poder\u00e3o optar pelos peri\u00f3dicos cujo escopo incluiu este tipo de trabalho.<\/span><\/p><p><span style=\"font-weight: 400;\">Os artigos ser\u00e3o eleg\u00edveis ao <\/span><i><span style=\"font-weight: 400;\">Fast-Track<\/span><\/i><span style=\"font-weight: 400;\"> em fun\u00e7\u00e3o do processo de avalia\u00e7\u00e3o de artigos do SemeAd. A elegibilidade ao Fast-Track ocorre pela indica\u00e7\u00e3o dos avaliadores dos trabalhos. Quando os avaliadores elegem o artigo ao <\/span><i><span style=\"font-weight: 400;\">Fast Track<\/span><\/i><span style=\"font-weight: 400;\">, o trabalho \u00e9 repassado \u00e0s revistas indicadas pelos autores, <\/span><b>no momento da submiss\u00e3o<\/b><span style=\"font-weight: 400;\">, para que seus editores possam realizar a aprecia\u00e7\u00e3o do artigo. Os editores informam ao SemeAd sobre um dos dois veredictos: selecionado ou n\u00e3o selecionado. Em todos os casos, a ordem de envio dos artigos \u00e0s revistas segue a classifica\u00e7\u00e3o manifesta pelos autores, respeitando o maior estrato do sistema Qualis\/Capes. Quando o artigo \u00e9 reprovado pelo editor de uma revista, o artigo \u00e9 direcionado a outro editor de outra revista, por\u00e9m de Qualis\/Capes mais baixo. Realizamos este procedimento at\u00e9 a \u00faltima op\u00e7\u00e3o manifesta pelo autor.<\/span><\/p><p><b>Os autores concordam que, ao escolherem os peri\u00f3dicos, permitir\u00e3o que o SemeAd encaminhe os seus artigos \u00e0 aprecia\u00e7\u00e3o dos editores das revistas, caso o trabalho seja eleg\u00edvel para o <\/b><b><i>Fast-Track<\/i><\/b><b>.\u00a0<\/b><\/p><p><span style=\"font-weight: 400;\">Declaramos que o trabalho selecionado ao <\/span><i><span style=\"font-weight: 400;\">Fast-Track<\/span><\/i><span style=\"font-weight: 400;\"> foi escolhido e apreciado pelo editor do peri\u00f3dico apontado pelo autor; e, dessa forma, goza do <\/span><i><span style=\"font-weight: 400;\">desk-review<\/span><\/i><span style=\"font-weight: 400;\"> desse peri\u00f3dico. Cada trabalho selecionado ao <\/span><i><span style=\"font-weight: 400;\">Fast-Track<\/span><\/i><span style=\"font-weight: 400;\"> ser\u00e1 indicado a somente um peri\u00f3dico.<\/span><\/p><p><b>Ap\u00f3s o resultado da sele\u00e7\u00e3o dos artigos ao <\/b><b><i>Fast-Track<\/i><\/b><b>, que <\/b><b>ser\u00e1 divulgada no evento do SemeAd<\/b><b>, os autores receber\u00e3o um e-mail do SemeAd com a data final para o encaminhamento dos artigos aos peri\u00f3dicos. Os autores dever\u00e3o, ent\u00e3o, efetuar a submiss\u00e3o dos seus artigos \u00e0s revistas. Sugerimos que as indica\u00e7\u00f5es de melhorias obtidas pelo processo de avalia\u00e7\u00e3o dos trabalhos no SemeAd sejam realizadas nos artigos a fim de aumentar a probabilidade de aceita\u00e7\u00e3o do artigo na revista.<\/b><\/p><p><b>IMPORTANTE<\/b><span style=\"font-weight: 400;\">:<\/span><\/p><p><span style=\"font-weight: 400;\">1) <\/span><b>O SemeAd n\u00e3o garante nenhuma aprova\u00e7\u00e3o do artigo nos peri\u00f3dicos<\/b><span style=\"font-weight: 400;\">. Os artigos selecionados pelo <\/span><i><span style=\"font-weight: 400;\">Fast-Track<\/span><\/i><span style=\"font-weight: 400;\"> e submetidos \u00e0s revistas ser\u00e3o encaminhados para o curso normal de avalia\u00e7\u00e3o <\/span><i><span style=\"font-weight: 400;\">blind-review<\/span><\/i><span style=\"font-weight: 400;\">, por\u00e9m sem a etapa de <\/span><i><span style=\"font-weight: 400;\">desk-review<\/span><\/i><span style=\"font-weight: 400;\"> (o artigo j\u00e1 foi aprovado nesta etapa pelo pr\u00f3prio editor ao selecion\u00e1-lo e apreci\u00e1-lo). Fica na responsabilidade das revistas a aprova\u00e7\u00e3o ou reprova\u00e7\u00e3o do artigo.<\/span><\/p><p><span style=\"font-weight: 400;\">2) Os autores dever\u00e3o verificar as regras de submiss\u00e3o dos peri\u00f3dicos.<\/span><\/p><p><span style=\"font-weight: 400;\">3) O SemeAd n\u00e3o se responsabiliza por qualquer imprevisto, de qualquer natureza, por parte do peri\u00f3dico.<\/span><\/p><p><span style=\"font-weight: 400;\">4) Os autores dever\u00e3o informar aos editores, no momento de submiss\u00e3o dos artigos nos peri\u00f3dicos, que os seus artigos foram aprovados no <\/span><i><span style=\"font-weight: 400;\">Fast-Track <\/span><\/i><span style=\"font-weight: 400;\">do SemeAd. Essa informa\u00e7\u00e3o deve constar no campo de \u201cinforma\u00e7\u00f5es aos editores\u201d ou campo similar ou at\u00e9 por um e-mail aos editores.<\/span><\/p><p><span style=\"font-weight: 400;\">5) Os artigos redigidos no idioma portugu\u00eas dever\u00e3o ser traduzidos ao ingl\u00eas, caso sejam selecionados \u00e0s revistas internacionais, conforme as regras do peri\u00f3dico.<\/span><\/p><div>Rela\u00e7\u00e3o de revistas do Fast-Track do SemeAd.\u00a0<\/div><div>\u00a0<\/div><p><b>Utilizamos a \u00faltima classifica\u00e7\u00e3o oficial da Qualis\/Capes do Quadri\u00eanio 2013-2016 (<a href=\"https:\/\/sucupira.capes.gov.br\/sucupira\/public\/consultas\/coleta\/veiculoPublicacaoQualis\/listaConsultaGeralPeriodicos.jsf\" target=\"_blank\" rel=\"noopener\" data-saferedirecturl=\"https:\/\/www.google.com\/url?q=https:\/\/sucupira.capes.gov.br\/sucupira\/public\/consultas\/coleta\/veiculoPublicacaoQualis\/listaConsultaGeralPeriodicos.jsf&amp;source=gmail&amp;ust=1622636692788000&amp;usg=AFQjCNFEjmoU1ZNTZYDA_TBfdtsPzUHWvg\">https:\/\/sucupira.capes.gov.<wbr \/>br\/sucupira\/public\/consultas\/<wbr \/>coleta\/<wbr \/>veiculoPublicacaoQualis\/<wbr \/>listaConsultaGeralPeriodicos.<wbr \/>jsf<\/a>)<\/b><\/p>\t\t\t\t\t\t\t\t<\/div>\n\t\t\t\t<\/div>\n\t\t\t\t\t<\/div>\n\t\t<\/div>\n\t\t\t\t<div class=\"elementor-column elementor-col-50 elementor-inner-column elementor-element elementor-element-d00ce44\" data-id=\"d00ce44\" data-element_type=\"column\" data-e-type=\"column\">\n\t\t\t<div class=\"elementor-widget-wrap\">\n\t\t\t\t\t\t\t<\/div>\n\t\t<\/div>\n\t\t\t\t\t<\/div>\n\t\t<\/section>\n\t\t\t\t\t<\/div>\n\t\t<\/div>\n\t\t\t\t\t<\/div>\n\t\t<\/section>\n\t\t\t\t<\/div>\n\t\t","protected":false},"excerpt":{"rendered":"<p>No processo de Fast-Track do SemeAd, os autores poder\u00e3o, no momento de submiss\u00e3o dos seus artigos, optar pelos peri\u00f3dicos cadastrados na base do SemeAd, cuja cobertura editorial se encaixa na tem\u00e1tica do artigo. No caso de Artigos Te\u00f3ricos e Te\u00f3rico-Emp\u00edricos os autores poder\u00e3o escolher at\u00e9 um peri\u00f3dico em cada estrato do sistema Qualis\/Capes. Artigos Aplicados&#8230;<\/p>\n","protected":false},"author":1,"featured_media":0,"parent":0,"menu_order":0,"comment_status":"closed","ping_status":"closed","template":"","meta":{"_acf_changed":false,"_monsterinsights_skip_tracking":false,"_monsterinsights_sitenote_active":false,"_monsterinsights_sitenote_note":"","_monsterinsights_sitenote_category":0,"footnotes":""},"class_list":["post-25","page","type-page","status-publish","hentry"],"acf":[],"yoast_head":"<!-- This site is optimized with the Yoast SEO plugin v27.1.1 - https:\/\/yoast.com\/product\/yoast-seo-wordpress\/ -->\n<title>Fast-Track - XXIV SemeAd<\/title>\n<meta name=\"robots\" content=\"index, follow, max-snippet:-1, max-image-preview:large, max-video-preview:-1\" \/>\n<link rel=\"canonical\" href=\"https:\/\/semead.com.br\/24\/fast-track\/\" \/>\n<meta property=\"og:locale\" content=\"pt_BR\" \/>\n<meta property=\"og:type\" content=\"article\" \/>\n<meta property=\"og:title\" content=\"Fast-Track - XXIV SemeAd\" \/>\n<meta property=\"og:description\" content=\"No processo de Fast-Track do SemeAd, os autores poder\u00e3o, no momento de submiss\u00e3o dos seus artigos, optar pelos peri\u00f3dicos cadastrados na base do SemeAd, cuja cobertura editorial se encaixa na tem\u00e1tica do artigo. No caso de Artigos Te\u00f3ricos e Te\u00f3rico-Emp\u00edricos os autores poder\u00e3o escolher at\u00e9 um peri\u00f3dico em cada estrato do sistema Qualis\/Capes. Artigos Aplicados...\" \/>\n<meta property=\"og:url\" content=\"https:\/\/semead.com.br\/24\/fast-track\/\" \/>\n<meta property=\"og:site_name\" content=\"XXIV SemeAd\" \/>\n<meta property=\"article:modified_time\" content=\"2025-05-29T20:16:27+00:00\" \/>\n<meta name=\"twitter:card\" content=\"summary_large_image\" \/>\n<meta name=\"twitter:label1\" content=\"Est. tempo de leitura\" \/>\n\t<meta name=\"twitter:data1\" content=\"3 minutos\" \/>\n<script type=\"application\/ld+json\" class=\"yoast-schema-graph\">{\"@context\":\"https:\/\/schema.org\",\"@graph\":[{\"@type\":\"WebPage\",\"@id\":\"https:\/\/semead.com.br\/24\/fast-track\/\",\"url\":\"https:\/\/semead.com.br\/24\/fast-track\/\",\"name\":\"Fast-Track - XXIV SemeAd\",\"isPartOf\":{\"@id\":\"https:\/\/semead.com.br\/24\/?lang=es\/#website\"},\"datePublished\":\"2013-04-26T03:17:14+00:00\",\"dateModified\":\"2025-05-29T20:16:27+00:00\",\"breadcrumb\":{\"@id\":\"https:\/\/semead.com.br\/24\/fast-track\/#breadcrumb\"},\"inLanguage\":\"pt-BR\",\"potentialAction\":[{\"@type\":\"ReadAction\",\"target\":[\"https:\/\/semead.com.br\/24\/fast-track\/\"]}]},{\"@type\":\"BreadcrumbList\",\"@id\":\"https:\/\/semead.com.br\/24\/fast-track\/#breadcrumb\",\"itemListElement\":[{\"@type\":\"ListItem\",\"position\":1,\"name\":\"In\u00edcio\",\"item\":\"https:\/\/semead.com.br\/24\/\"},{\"@type\":\"ListItem\",\"position\":2,\"name\":\"Fast-Track\"}]},{\"@type\":\"WebSite\",\"@id\":\"https:\/\/semead.com.br\/24\/?lang=es\/#website\",\"url\":\"https:\/\/semead.com.br\/24\/?lang=es\/\",\"name\":\"XXIV SemeAd\",\"description\":\"Semin\u00e1rios em Administra\u00e7\u00e3o\",\"potentialAction\":[{\"@type\":\"SearchAction\",\"target\":{\"@type\":\"EntryPoint\",\"urlTemplate\":\"https:\/\/semead.com.br\/24\/?lang=es\/?s={search_term_string}\"},\"query-input\":{\"@type\":\"PropertyValueSpecification\",\"valueRequired\":true,\"valueName\":\"search_term_string\"}}],\"inLanguage\":\"pt-BR\"}]}<\/script>\n<!-- \/ Yoast SEO plugin. -->","yoast_head_json":{"title":"Fast-Track - XXIV SemeAd","robots":{"index":"index","follow":"follow","max-snippet":"max-snippet:-1","max-image-preview":"max-image-preview:large","max-video-preview":"max-video-preview:-1"},"canonical":"https:\/\/semead.com.br\/24\/fast-track\/","og_locale":"pt_BR","og_type":"article","og_title":"Fast-Track - XXIV SemeAd","og_description":"No processo de Fast-Track do SemeAd, os autores poder\u00e3o, no momento de submiss\u00e3o dos seus artigos, optar pelos peri\u00f3dicos cadastrados na base do SemeAd, cuja cobertura editorial se encaixa na tem\u00e1tica do artigo. No caso de Artigos Te\u00f3ricos e Te\u00f3rico-Emp\u00edricos os autores poder\u00e3o escolher at\u00e9 um peri\u00f3dico em cada estrato do sistema Qualis\/Capes. Artigos Aplicados...","og_url":"https:\/\/semead.com.br\/24\/fast-track\/","og_site_name":"XXIV SemeAd","article_modified_time":"2025-05-29T20:16:27+00:00","twitter_card":"summary_large_image","twitter_misc":{"Est. tempo de leitura":"3 minutos"},"schema":{"@context":"https:\/\/schema.org","@graph":[{"@type":"WebPage","@id":"https:\/\/semead.com.br\/24\/fast-track\/","url":"https:\/\/semead.com.br\/24\/fast-track\/","name":"Fast-Track - XXIV SemeAd","isPartOf":{"@id":"https:\/\/semead.com.br\/24\/?lang=es\/#website"},"datePublished":"2013-04-26T03:17:14+00:00","dateModified":"2025-05-29T20:16:27+00:00","breadcrumb":{"@id":"https:\/\/semead.com.br\/24\/fast-track\/#breadcrumb"},"inLanguage":"pt-BR","potentialAction":[{"@type":"ReadAction","target":["https:\/\/semead.com.br\/24\/fast-track\/"]}]},{"@type":"BreadcrumbList","@id":"https:\/\/semead.com.br\/24\/fast-track\/#breadcrumb","itemListElement":[{"@type":"ListItem","position":1,"name":"In\u00edcio","item":"https:\/\/semead.com.br\/24\/"},{"@type":"ListItem","position":2,"name":"Fast-Track"}]},{"@type":"WebSite","@id":"https:\/\/semead.com.br\/24\/?lang=es\/#website","url":"https:\/\/semead.com.br\/24\/?lang=es\/","name":"XXIV SemeAd","description":"Semin\u00e1rios em Administra\u00e7\u00e3o","potentialAction":[{"@type":"SearchAction","target":{"@type":"EntryPoint","urlTemplate":"https:\/\/semead.com.br\/24\/?lang=es\/?s={search_term_string}"},"query-input":{"@type":"PropertyValueSpecification","valueRequired":true,"valueName":"search_term_string"}}],"inLanguage":"pt-BR"}]}},"_links":{"self":[{"href":"https:\/\/semead.com.br\/24\/wp-json\/wp\/v2\/pages\/25","targetHints":{"allow":["GET"]}}],"collection":[{"href":"https:\/\/semead.com.br\/24\/wp-json\/wp\/v2\/pages"}],"about":[{"href":"https:\/\/semead.com.br\/24\/wp-json\/wp\/v2\/types\/page"}],"author":[{"embeddable":true,"href":"https:\/\/semead.com.br\/24\/wp-json\/wp\/v2\/users\/1"}],"replies":[{"embeddable":true,"href":"https:\/\/semead.com.br\/24\/wp-json\/wp\/v2\/comments?post=25"}],"version-history":[{"count":3,"href":"https:\/\/semead.com.br\/24\/wp-json\/wp\/v2\/pages\/25\/revisions"}],"predecessor-version":[{"id":23985,"href":"https:\/\/semead.com.br\/24\/wp-json\/wp\/v2\/pages\/25\/revisions\/23985"}],"wp:attachment":[{"href":"https:\/\/semead.com.br\/24\/wp-json\/wp\/v2\/media?parent=25"}],"curies":[{"name":"wp","href":"https:\/\/api.w.org\/{rel}","templated":true}]}}