{"id":14494,"date":"2018-07-02T15:59:31","date_gmt":"2018-07-02T18:59:31","guid":{"rendered":"https:\/\/semead.com.br\/25\/?page_id=14494"},"modified":"2022-10-21T11:58:50","modified_gmt":"2022-10-21T14:58:50","slug":"seminario-de-preparacao-para-processos-seletivos-de-doutorado","status":"publish","type":"page","link":"https:\/\/semead.com.br\/25\/trabalhos\/seminario-de-preparacao-para-processos-seletivos-de-doutorado\/","title":{"rendered":"Semin\u00e1rio de Prepara\u00e7\u00e3o para Processos Seletivos de Doutorado"},"content":{"rendered":"\t\t<div data-elementor-type=\"wp-page\" data-elementor-id=\"14494\" class=\"elementor elementor-14494\">\n\t\t\t\t\t\t<section class=\"elementor-section elementor-top-section elementor-element elementor-element-bf2376b elementor-section-boxed elementor-section-height-default elementor-section-height-default\" data-id=\"bf2376b\" data-element_type=\"section\" data-e-type=\"section\">\n\t\t\t\t\t\t<div class=\"elementor-container elementor-column-gap-default\">\n\t\t\t\t\t<div class=\"elementor-column elementor-col-100 elementor-top-column elementor-element elementor-element-3898a47\" data-id=\"3898a47\" data-element_type=\"column\" data-e-type=\"column\">\n\t\t\t<div class=\"elementor-widget-wrap elementor-element-populated\">\n\t\t\t\t\t\t<div class=\"elementor-element elementor-element-21cab8c elementor-widget elementor-widget-text-editor\" data-id=\"21cab8c\" data-element_type=\"widget\" data-e-type=\"widget\" data-widget_type=\"text-editor.default\">\n\t\t\t\t<div class=\"elementor-widget-container\">\n\t\t\t\t\t\t\t\t\t<p>Em atualiza\u00e7\u00e3o<\/p>\t\t\t\t\t\t\t\t<\/div>\n\t\t\t\t<\/div>\n\t\t\t\t\t<\/div>\n\t\t<\/div>\n\t\t\t\t\t<\/div>\n\t\t<\/section>\n\t\t\t\t<\/div>\n\t\t","protected":false},"excerpt":{"rendered":"<p>Em atualiza\u00e7\u00e3o<\/p>\n","protected":false},"author":4,"featured_media":0,"parent":22,"menu_order":0,"comment_status":"closed","ping_status":"closed","template":"","meta":{"_acf_changed":false,"_monsterinsights_skip_tracking":false,"_monsterinsights_sitenote_active":false,"_monsterinsights_sitenote_note":"","_monsterinsights_sitenote_category":0,"footnotes":""},"class_list":["post-14494","page","type-page","status-publish","hentry"],"acf":[],"yoast_head":"<!-- This site is optimized with the Yoast SEO plugin v27.5 - https:\/\/yoast.com\/product\/yoast-seo-wordpress\/ -->\n<title>Semin\u00e1rio de Prepara\u00e7\u00e3o para Processos Seletivos de Doutorado - XXV SemeAd<\/title>\n<meta name=\"robots\" content=\"index, follow, max-snippet:-1, max-image-preview:large, max-video-preview:-1\" \/>\n<link rel=\"canonical\" href=\"https:\/\/semead.com.br\/25\/trabalhos\/seminario-de-preparacao-para-processos-seletivos-de-doutorado\/\" \/>\n<meta property=\"og:locale\" content=\"en_US\" \/>\n<meta property=\"og:type\" content=\"article\" \/>\n<meta property=\"og:title\" content=\"Semin\u00e1rio de Prepara\u00e7\u00e3o para Processos Seletivos de Doutorado - XXV SemeAd\" \/>\n<meta property=\"og:description\" content=\"Em atualiza\u00e7\u00e3o\" \/>\n<meta property=\"og:url\" content=\"https:\/\/semead.com.br\/25\/trabalhos\/seminario-de-preparacao-para-processos-seletivos-de-doutorado\/\" \/>\n<meta property=\"og:site_name\" content=\"XXV SemeAd\" \/>\n<meta property=\"article:modified_time\" content=\"2022-10-21T14:58:50+00:00\" \/>\n<meta name=\"twitter:card\" content=\"summary_large_image\" \/>\n<meta name=\"twitter:label1\" content=\"Est. reading time\" \/>\n\t<meta name=\"twitter:data1\" content=\"1 minute\" \/>\n<script type=\"application\/ld+json\" class=\"yoast-schema-graph\">{\"@context\":\"https:\\\/\\\/schema.org\",\"@graph\":[{\"@type\":\"WebPage\",\"@id\":\"https:\\\/\\\/semead.com.br\\\/25\\\/trabalhos\\\/seminario-de-preparacao-para-processos-seletivos-de-doutorado\\\/\",\"url\":\"https:\\\/\\\/semead.com.br\\\/25\\\/trabalhos\\\/seminario-de-preparacao-para-processos-seletivos-de-doutorado\\\/\",\"name\":\"Semin\u00e1rio de Prepara\u00e7\u00e3o para Processos Seletivos de Doutorado - XXV SemeAd\",\"isPartOf\":{\"@id\":\"https:\\\/\\\/semead.com.br\\\/25\\\/#website\"},\"datePublished\":\"2018-07-02T18:59:31+00:00\",\"dateModified\":\"2022-10-21T14:58:50+00:00\",\"breadcrumb\":{\"@id\":\"https:\\\/\\\/semead.com.br\\\/25\\\/trabalhos\\\/seminario-de-preparacao-para-processos-seletivos-de-doutorado\\\/#breadcrumb\"},\"inLanguage\":\"en-US\",\"potentialAction\":[{\"@type\":\"ReadAction\",\"target\":[\"https:\\\/\\\/semead.com.br\\\/25\\\/trabalhos\\\/seminario-de-preparacao-para-processos-seletivos-de-doutorado\\\/\"]}]},{\"@type\":\"BreadcrumbList\",\"@id\":\"https:\\\/\\\/semead.com.br\\\/25\\\/trabalhos\\\/seminario-de-preparacao-para-processos-seletivos-de-doutorado\\\/#breadcrumb\",\"itemListElement\":[{\"@type\":\"ListItem\",\"position\":1,\"name\":\"In\u00edcio\",\"item\":\"https:\\\/\\\/semead.com.br\\\/25\\\/\"},{\"@type\":\"ListItem\",\"position\":2,\"name\":\"Trabalhos\",\"item\":\"https:\\\/\\\/semead.com.br\\\/25\\\/trabalhos\\\/\"},{\"@type\":\"ListItem\",\"position\":3,\"name\":\"Semin\u00e1rio de Prepara\u00e7\u00e3o para Processos Seletivos de Doutorado\"}]},{\"@type\":\"WebSite\",\"@id\":\"https:\\\/\\\/semead.com.br\\\/25\\\/#website\",\"url\":\"https:\\\/\\\/semead.com.br\\\/25\\\/\",\"name\":\"XXV SemeAd\",\"description\":\"Semin\u00e1rios em administra\u00e7\u00e3o\",\"potentialAction\":[{\"@type\":\"SearchAction\",\"target\":{\"@type\":\"EntryPoint\",\"urlTemplate\":\"https:\\\/\\\/semead.com.br\\\/25\\\/?s={search_term_string}\"},\"query-input\":{\"@type\":\"PropertyValueSpecification\",\"valueRequired\":true,\"valueName\":\"search_term_string\"}}],\"inLanguage\":\"en-US\"}]}<\/script>\n<!-- \/ Yoast SEO plugin. -->","yoast_head_json":{"title":"Semin\u00e1rio de Prepara\u00e7\u00e3o para Processos Seletivos de Doutorado - XXV SemeAd","robots":{"index":"index","follow":"follow","max-snippet":"max-snippet:-1","max-image-preview":"max-image-preview:large","max-video-preview":"max-video-preview:-1"},"canonical":"https:\/\/semead.com.br\/25\/trabalhos\/seminario-de-preparacao-para-processos-seletivos-de-doutorado\/","og_locale":"en_US","og_type":"article","og_title":"Semin\u00e1rio de Prepara\u00e7\u00e3o para Processos Seletivos de Doutorado - XXV SemeAd","og_description":"Em atualiza\u00e7\u00e3o","og_url":"https:\/\/semead.com.br\/25\/trabalhos\/seminario-de-preparacao-para-processos-seletivos-de-doutorado\/","og_site_name":"XXV SemeAd","article_modified_time":"2022-10-21T14:58:50+00:00","twitter_card":"summary_large_image","twitter_misc":{"Est. reading time":"1 minute"},"schema":{"@context":"https:\/\/schema.org","@graph":[{"@type":"WebPage","@id":"https:\/\/semead.com.br\/25\/trabalhos\/seminario-de-preparacao-para-processos-seletivos-de-doutorado\/","url":"https:\/\/semead.com.br\/25\/trabalhos\/seminario-de-preparacao-para-processos-seletivos-de-doutorado\/","name":"Semin\u00e1rio de Prepara\u00e7\u00e3o para Processos Seletivos de Doutorado - XXV SemeAd","isPartOf":{"@id":"https:\/\/semead.com.br\/25\/#website"},"datePublished":"2018-07-02T18:59:31+00:00","dateModified":"2022-10-21T14:58:50+00:00","breadcrumb":{"@id":"https:\/\/semead.com.br\/25\/trabalhos\/seminario-de-preparacao-para-processos-seletivos-de-doutorado\/#breadcrumb"},"inLanguage":"en-US","potentialAction":[{"@type":"ReadAction","target":["https:\/\/semead.com.br\/25\/trabalhos\/seminario-de-preparacao-para-processos-seletivos-de-doutorado\/"]}]},{"@type":"BreadcrumbList","@id":"https:\/\/semead.com.br\/25\/trabalhos\/seminario-de-preparacao-para-processos-seletivos-de-doutorado\/#breadcrumb","itemListElement":[{"@type":"ListItem","position":1,"name":"In\u00edcio","item":"https:\/\/semead.com.br\/25\/"},{"@type":"ListItem","position":2,"name":"Trabalhos","item":"https:\/\/semead.com.br\/25\/trabalhos\/"},{"@type":"ListItem","position":3,"name":"Semin\u00e1rio de Prepara\u00e7\u00e3o para Processos Seletivos de Doutorado"}]},{"@type":"WebSite","@id":"https:\/\/semead.com.br\/25\/#website","url":"https:\/\/semead.com.br\/25\/","name":"XXV SemeAd","description":"Semin\u00e1rios em administra\u00e7\u00e3o","potentialAction":[{"@type":"SearchAction","target":{"@type":"EntryPoint","urlTemplate":"https:\/\/semead.com.br\/25\/?s={search_term_string}"},"query-input":{"@type":"PropertyValueSpecification","valueRequired":true,"valueName":"search_term_string"}}],"inLanguage":"en-US"}]}},"_links":{"self":[{"href":"https:\/\/semead.com.br\/25\/wp-json\/wp\/v2\/pages\/14494","targetHints":{"allow":["GET"]}}],"collection":[{"href":"https:\/\/semead.com.br\/25\/wp-json\/wp\/v2\/pages"}],"about":[{"href":"https:\/\/semead.com.br\/25\/wp-json\/wp\/v2\/types\/page"}],"author":[{"embeddable":true,"href":"https:\/\/semead.com.br\/25\/wp-json\/wp\/v2\/users\/4"}],"replies":[{"embeddable":true,"href":"https:\/\/semead.com.br\/25\/wp-json\/wp\/v2\/comments?post=14494"}],"version-history":[{"count":0,"href":"https:\/\/semead.com.br\/25\/wp-json\/wp\/v2\/pages\/14494\/revisions"}],"up":[{"embeddable":true,"href":"https:\/\/semead.com.br\/25\/wp-json\/wp\/v2\/pages\/22"}],"wp:attachment":[{"href":"https:\/\/semead.com.br\/25\/wp-json\/wp\/v2\/media?parent=14494"}],"curies":[{"name":"wp","href":"https:\/\/api.w.org\/{rel}","templated":true}]}}