{"id":24948,"date":"2022-06-02T16:37:13","date_gmt":"2022-06-02T19:37:13","guid":{"rendered":"https:\/\/semead.com.br\/25\/?page_id=24948"},"modified":"2022-07-05T15:32:14","modified_gmt":"2022-07-05T18:32:14","slug":"connecta-4","status":"publish","type":"page","link":"https:\/\/semead.com.br\/25\/connecta-4\/","title":{"rendered":"Connecta"},"content":{"rendered":"\t\t<div data-elementor-type=\"wp-post\" data-elementor-id=\"24948\" class=\"elementor elementor-24948\">\n\t\t\t\t\t\t<section class=\"elementor-section elementor-top-section elementor-element elementor-element-758a75d elementor-section-boxed elementor-section-height-default elementor-section-height-default\" data-id=\"758a75d\" data-element_type=\"section\" data-e-type=\"section\">\n\t\t\t\t\t\t<div class=\"elementor-container elementor-column-gap-default\">\n\t\t\t\t\t<div class=\"elementor-column elementor-col-50 elementor-top-column elementor-element elementor-element-959efe2\" data-id=\"959efe2\" data-element_type=\"column\" data-e-type=\"column\">\n\t\t\t<div class=\"elementor-widget-wrap elementor-element-populated\">\n\t\t\t\t\t\t<div class=\"elementor-element elementor-element-c7ec368 elementor-widget elementor-widget-image\" data-id=\"c7ec368\" data-element_type=\"widget\" data-e-type=\"widget\" data-widget_type=\"image.default\">\n\t\t\t\t<div class=\"elementor-widget-container\">\n\t\t\t\t\t\t\t\t\t\t\t\t\t\t\t<img decoding=\"async\" width=\"300\" height=\"92\" src=\"https:\/\/semead.com.br\/25\/wp-content\/uploads\/sites\/14\/2022\/06\/Logo-Connecta-Semead-2022-picto-300x92.jpg\" class=\"attachment-medium size-medium wp-image-24877\" alt=\"\" srcset=\"https:\/\/semead.com.br\/25\/wp-content\/uploads\/sites\/14\/2022\/06\/Logo-Connecta-Semead-2022-picto-300x92.jpg 300w, https:\/\/semead.com.br\/25\/wp-content\/uploads\/sites\/14\/2022\/06\/Logo-Connecta-Semead-2022-picto-1024x312.jpg 1024w, https:\/\/semead.com.br\/25\/wp-content\/uploads\/sites\/14\/2022\/06\/Logo-Connecta-Semead-2022-picto-1536x469.jpg 1536w, https:\/\/semead.com.br\/25\/wp-content\/uploads\/sites\/14\/2022\/06\/Logo-Connecta-Semead-2022-picto-2048x625.jpg 2048w\" sizes=\"(max-width: 300px) 100vw, 300px\" \/>\t\t\t\t\t\t\t\t\t\t\t\t\t\t\t<\/div>\n\t\t\t\t<\/div>\n\t\t\t\t<div class=\"elementor-element elementor-element-82578d7 elementor-widget elementor-widget-text-editor\" data-id=\"82578d7\" data-element_type=\"widget\" data-e-type=\"widget\" data-widget_type=\"text-editor.default\">\n\t\t\t\t<div class=\"elementor-widget-container\">\n\t\t\t\t\t\t\t\t\t<p>SEMEAD-CONNECTA 2022 is an international meeting of researchers in Management\/Administration that will take place during SemeAd 2022.<\/p><p>The event seeks to establish a connection between researchers from different universities around the world, promoting the formation of alliances for the development of teaching and research projects.<\/p><p>There are two connection possibilities:<\/p>\t\t\t\t\t\t\t\t<\/div>\n\t\t\t\t<\/div>\n\t\t\t\t<div class=\"elementor-element elementor-element-5c8720c elementor-widget elementor-widget-text-editor\" data-id=\"5c8720c\" data-element_type=\"widget\" data-e-type=\"widget\" data-widget_type=\"text-editor.default\">\n\t\t\t\t<div class=\"elementor-widget-container\">\n\t\t\t\t\t\t\t\t\t<h3><span style=\"text-decoration: underline;\"><strong>RESEARCH<\/strong><\/span><\/h3><p>The objective of this modality is to promote collaboration in research projects in the various areas of Management\/Administration. The researchers report the open positions in their project team and seek interested parties, expanding their possibilities to increase their teams and extend the research to other geographical and cultural realities. The approved projects will be presented in sessions aimed at interaction between participants and possible interested parties with similar themes.<\/p><div style=\"text-align: justify;\">\u00a0<\/div>\t\t\t\t\t\t\t\t<\/div>\n\t\t\t\t<\/div>\n\t\t\t\t<div class=\"elementor-element elementor-element-5ac75aa elementor-widget elementor-widget-text-editor\" data-id=\"5ac75aa\" data-element_type=\"widget\" data-e-type=\"widget\" data-widget_type=\"text-editor.default\">\n\t\t\t\t<div class=\"elementor-widget-container\">\n\t\t\t\t\t\t\t\t\t<h3><span style=\"text-decoration: underline;\"><strong>TEACHING<\/strong><\/span><\/h3><p>The objective of this modality is to promote alliances for the realization and sharing of workshops, courses and disciplines at the undergraduate and graduate levels in the different areas of Management\/Administration. Those responsible for the subjects\/courses\/workshops inform about the possibilities open for the development and\/or execution of teaching and pedagogical activities. In the selected processes, interaction sessions will be organized between promoters and potential stakeholders.<\/p>\t\t\t\t\t\t\t\t<\/div>\n\t\t\t\t<\/div>\n\t\t\t\t<div class=\"elementor-element elementor-element-06a0b4f elementor-widget elementor-widget-text-editor\" data-id=\"06a0b4f\" data-element_type=\"widget\" data-e-type=\"widget\" data-widget_type=\"text-editor.default\">\n\t\t\t\t<div class=\"elementor-widget-container\">\n\t\t\t\t\t\t\t\t\t<p><b>Start of submissions<\/b><b style=\"color: var( --e-global-color-text ); font-family: var( --e-global-typography-text-font-family ), Sans-serif;\">: 30\/05\/2022<\/b><\/p>\n<p><b>End of submissions: 24\/07\/2022<\/b><\/p>\n<p><b>Results and disclosure approved list<\/b><b style=\"color: var( --e-global-color-text ); font-family: var( --e-global-typography-text-font-family ), Sans-serif;\">: 15\/09\/2022<\/b><\/p>\t\t\t\t\t\t\t\t<\/div>\n\t\t\t\t<\/div>\n\t\t\t\t\t<\/div>\n\t\t<\/div>\n\t\t\t\t<div class=\"elementor-column elementor-col-50 elementor-top-column elementor-element elementor-element-fa606b1\" data-id=\"fa606b1\" data-element_type=\"column\" data-e-type=\"column\">\n\t\t\t<div class=\"elementor-widget-wrap elementor-element-populated\">\n\t\t\t\t\t\t\t<\/div>\n\t\t<\/div>\n\t\t\t\t\t<\/div>\n\t\t<\/section>\n\t\t\t\t<\/div>\n\t\t","protected":false},"excerpt":{"rendered":"<p>SEMEAD-CONNECTA 2022 is an international meeting of researchers in Management\/Administration that will take place during SemeAd 2022. The event seeks to establish a connection between researchers from different universities around the world, promoting the formation of alliances for the development of teaching and research projects. There are two connection possibilities: RESEARCH The objective of this&#8230;<\/p>\n","protected":false},"author":13,"featured_media":0,"parent":0,"menu_order":0,"comment_status":"closed","ping_status":"closed","template":"","meta":{"_acf_changed":false,"_monsterinsights_skip_tracking":false,"_monsterinsights_sitenote_active":false,"_monsterinsights_sitenote_note":"","_monsterinsights_sitenote_category":0,"footnotes":""},"class_list":["post-24948","page","type-page","status-publish","hentry"],"acf":[],"yoast_head":"<!-- This site is optimized with the Yoast SEO plugin v27.5 - https:\/\/yoast.com\/product\/yoast-seo-wordpress\/ -->\n<title>Connecta - XXV SemeAd<\/title>\n<meta name=\"robots\" content=\"index, follow, max-snippet:-1, max-image-preview:large, max-video-preview:-1\" \/>\n<link rel=\"canonical\" href=\"https:\/\/semead.com.br\/25\/connecta-4\/\" \/>\n<meta property=\"og:locale\" content=\"en_US\" \/>\n<meta property=\"og:type\" content=\"article\" \/>\n<meta property=\"og:title\" content=\"Connecta - XXV SemeAd\" \/>\n<meta property=\"og:description\" content=\"SEMEAD-CONNECTA 2022 is an international meeting of researchers in Management\/Administration that will take place during SemeAd 2022. The event seeks to establish a connection between researchers from different universities around the world, promoting the formation of alliances for the development of teaching and research projects. There are two connection possibilities: RESEARCH The objective of this...\" \/>\n<meta property=\"og:url\" content=\"https:\/\/semead.com.br\/25\/connecta-4\/\" \/>\n<meta property=\"og:site_name\" content=\"XXV SemeAd\" \/>\n<meta property=\"article:modified_time\" content=\"2022-07-05T18:32:14+00:00\" \/>\n<meta property=\"og:image\" content=\"https:\/\/semead.com.br\/25\/wp-content\/uploads\/sites\/14\/2022\/06\/Logo-Connecta-Semead-2022-picto-300x92.jpg\" \/>\n<meta name=\"twitter:card\" content=\"summary_large_image\" \/>\n<meta name=\"twitter:label1\" content=\"Est. reading time\" \/>\n\t<meta name=\"twitter:data1\" content=\"2 minutes\" \/>\n<script type=\"application\/ld+json\" class=\"yoast-schema-graph\">{\"@context\":\"https:\\\/\\\/schema.org\",\"@graph\":[{\"@type\":\"WebPage\",\"@id\":\"https:\\\/\\\/semead.com.br\\\/25\\\/connecta-4\\\/\",\"url\":\"https:\\\/\\\/semead.com.br\\\/25\\\/connecta-4\\\/\",\"name\":\"Connecta - XXV SemeAd\",\"isPartOf\":{\"@id\":\"https:\\\/\\\/semead.com.br\\\/25\\\/#website\"},\"primaryImageOfPage\":{\"@id\":\"https:\\\/\\\/semead.com.br\\\/25\\\/connecta-4\\\/#primaryimage\"},\"image\":{\"@id\":\"https:\\\/\\\/semead.com.br\\\/25\\\/connecta-4\\\/#primaryimage\"},\"thumbnailUrl\":\"https:\\\/\\\/semead.com.br\\\/25\\\/wp-content\\\/uploads\\\/sites\\\/14\\\/2022\\\/06\\\/Logo-Connecta-Semead-2022-picto-300x92.jpg\",\"datePublished\":\"2022-06-02T19:37:13+00:00\",\"dateModified\":\"2022-07-05T18:32:14+00:00\",\"breadcrumb\":{\"@id\":\"https:\\\/\\\/semead.com.br\\\/25\\\/connecta-4\\\/#breadcrumb\"},\"inLanguage\":\"en-US\",\"potentialAction\":[{\"@type\":\"ReadAction\",\"target\":[\"https:\\\/\\\/semead.com.br\\\/25\\\/connecta-4\\\/\"]}]},{\"@type\":\"ImageObject\",\"inLanguage\":\"en-US\",\"@id\":\"https:\\\/\\\/semead.com.br\\\/25\\\/connecta-4\\\/#primaryimage\",\"url\":\"https:\\\/\\\/semead.com.br\\\/25\\\/wp-content\\\/uploads\\\/sites\\\/14\\\/2022\\\/06\\\/Logo-Connecta-Semead-2022-picto-scaled.jpg\",\"contentUrl\":\"https:\\\/\\\/semead.com.br\\\/25\\\/wp-content\\\/uploads\\\/sites\\\/14\\\/2022\\\/06\\\/Logo-Connecta-Semead-2022-picto-scaled.jpg\",\"width\":2560,\"height\":781},{\"@type\":\"BreadcrumbList\",\"@id\":\"https:\\\/\\\/semead.com.br\\\/25\\\/connecta-4\\\/#breadcrumb\",\"itemListElement\":[{\"@type\":\"ListItem\",\"position\":1,\"name\":\"In\u00edcio\",\"item\":\"https:\\\/\\\/semead.com.br\\\/25\\\/\"},{\"@type\":\"ListItem\",\"position\":2,\"name\":\"Connecta\"}]},{\"@type\":\"WebSite\",\"@id\":\"https:\\\/\\\/semead.com.br\\\/25\\\/#website\",\"url\":\"https:\\\/\\\/semead.com.br\\\/25\\\/\",\"name\":\"XXV SemeAd\",\"description\":\"Semin\u00e1rios em administra\u00e7\u00e3o\",\"potentialAction\":[{\"@type\":\"SearchAction\",\"target\":{\"@type\":\"EntryPoint\",\"urlTemplate\":\"https:\\\/\\\/semead.com.br\\\/25\\\/?s={search_term_string}\"},\"query-input\":{\"@type\":\"PropertyValueSpecification\",\"valueRequired\":true,\"valueName\":\"search_term_string\"}}],\"inLanguage\":\"en-US\"}]}<\/script>\n<!-- \/ Yoast SEO plugin. -->","yoast_head_json":{"title":"Connecta - XXV SemeAd","robots":{"index":"index","follow":"follow","max-snippet":"max-snippet:-1","max-image-preview":"max-image-preview:large","max-video-preview":"max-video-preview:-1"},"canonical":"https:\/\/semead.com.br\/25\/connecta-4\/","og_locale":"en_US","og_type":"article","og_title":"Connecta - XXV SemeAd","og_description":"SEMEAD-CONNECTA 2022 is an international meeting of researchers in Management\/Administration that will take place during SemeAd 2022. The event seeks to establish a connection between researchers from different universities around the world, promoting the formation of alliances for the development of teaching and research projects. There are two connection possibilities: RESEARCH The objective of this...","og_url":"https:\/\/semead.com.br\/25\/connecta-4\/","og_site_name":"XXV SemeAd","article_modified_time":"2022-07-05T18:32:14+00:00","og_image":[{"url":"https:\/\/semead.com.br\/25\/wp-content\/uploads\/sites\/14\/2022\/06\/Logo-Connecta-Semead-2022-picto-300x92.jpg","type":"","width":"","height":""}],"twitter_card":"summary_large_image","twitter_misc":{"Est. reading time":"2 minutes"},"schema":{"@context":"https:\/\/schema.org","@graph":[{"@type":"WebPage","@id":"https:\/\/semead.com.br\/25\/connecta-4\/","url":"https:\/\/semead.com.br\/25\/connecta-4\/","name":"Connecta - XXV SemeAd","isPartOf":{"@id":"https:\/\/semead.com.br\/25\/#website"},"primaryImageOfPage":{"@id":"https:\/\/semead.com.br\/25\/connecta-4\/#primaryimage"},"image":{"@id":"https:\/\/semead.com.br\/25\/connecta-4\/#primaryimage"},"thumbnailUrl":"https:\/\/semead.com.br\/25\/wp-content\/uploads\/sites\/14\/2022\/06\/Logo-Connecta-Semead-2022-picto-300x92.jpg","datePublished":"2022-06-02T19:37:13+00:00","dateModified":"2022-07-05T18:32:14+00:00","breadcrumb":{"@id":"https:\/\/semead.com.br\/25\/connecta-4\/#breadcrumb"},"inLanguage":"en-US","potentialAction":[{"@type":"ReadAction","target":["https:\/\/semead.com.br\/25\/connecta-4\/"]}]},{"@type":"ImageObject","inLanguage":"en-US","@id":"https:\/\/semead.com.br\/25\/connecta-4\/#primaryimage","url":"https:\/\/semead.com.br\/25\/wp-content\/uploads\/sites\/14\/2022\/06\/Logo-Connecta-Semead-2022-picto-scaled.jpg","contentUrl":"https:\/\/semead.com.br\/25\/wp-content\/uploads\/sites\/14\/2022\/06\/Logo-Connecta-Semead-2022-picto-scaled.jpg","width":2560,"height":781},{"@type":"BreadcrumbList","@id":"https:\/\/semead.com.br\/25\/connecta-4\/#breadcrumb","itemListElement":[{"@type":"ListItem","position":1,"name":"In\u00edcio","item":"https:\/\/semead.com.br\/25\/"},{"@type":"ListItem","position":2,"name":"Connecta"}]},{"@type":"WebSite","@id":"https:\/\/semead.com.br\/25\/#website","url":"https:\/\/semead.com.br\/25\/","name":"XXV SemeAd","description":"Semin\u00e1rios em administra\u00e7\u00e3o","potentialAction":[{"@type":"SearchAction","target":{"@type":"EntryPoint","urlTemplate":"https:\/\/semead.com.br\/25\/?s={search_term_string}"},"query-input":{"@type":"PropertyValueSpecification","valueRequired":true,"valueName":"search_term_string"}}],"inLanguage":"en-US"}]}},"_links":{"self":[{"href":"https:\/\/semead.com.br\/25\/wp-json\/wp\/v2\/pages\/24948","targetHints":{"allow":["GET"]}}],"collection":[{"href":"https:\/\/semead.com.br\/25\/wp-json\/wp\/v2\/pages"}],"about":[{"href":"https:\/\/semead.com.br\/25\/wp-json\/wp\/v2\/types\/page"}],"author":[{"embeddable":true,"href":"https:\/\/semead.com.br\/25\/wp-json\/wp\/v2\/users\/13"}],"replies":[{"embeddable":true,"href":"https:\/\/semead.com.br\/25\/wp-json\/wp\/v2\/comments?post=24948"}],"version-history":[{"count":0,"href":"https:\/\/semead.com.br\/25\/wp-json\/wp\/v2\/pages\/24948\/revisions"}],"wp:attachment":[{"href":"https:\/\/semead.com.br\/25\/wp-json\/wp\/v2\/media?parent=24948"}],"curies":[{"name":"wp","href":"https:\/\/api.w.org\/{rel}","templated":true}]}}