{"id":27497,"date":"2024-08-28T20:35:21","date_gmt":"2024-08-28T23:35:21","guid":{"rendered":"https:\/\/semead.com.br\/25\/?page_id=27497"},"modified":"2024-08-28T20:43:55","modified_gmt":"2024-08-28T23:43:55","slug":"home","status":"publish","type":"page","link":"https:\/\/semead.com.br\/25\/","title":{"rendered":"Home"},"content":{"rendered":"\t\t<div data-elementor-type=\"wp-page\" data-elementor-id=\"27497\" class=\"elementor elementor-27497\">\n\t\t\t\t\t\t<section class=\"elementor-section elementor-top-section elementor-element elementor-element-7d46e00b elementor-section-boxed elementor-section-height-default elementor-section-height-default\" data-id=\"7d46e00b\" data-element_type=\"section\" data-e-type=\"section\" data-settings=\"{&quot;background_background&quot;:&quot;classic&quot;}\">\n\t\t\t\t\t\t<div class=\"elementor-container elementor-column-gap-default\">\n\t\t\t\t\t<div class=\"elementor-column elementor-col-100 elementor-top-column elementor-element elementor-element-227ccc2b\" data-id=\"227ccc2b\" data-element_type=\"column\" data-e-type=\"column\">\n\t\t\t<div class=\"elementor-widget-wrap elementor-element-populated\">\n\t\t\t\t\t\t<div class=\"elementor-element elementor-element-7fe31ba2 elementor-widget elementor-widget-text-editor\" data-id=\"7fe31ba2\" data-element_type=\"widget\" data-e-type=\"widget\" data-widget_type=\"text-editor.default\">\n\t\t\t\t<div class=\"elementor-widget-container\">\n\t\t\t\t\t\t\t\t\t\n<p>Prezados congressistas<\/p>\n\n\n\n<p>Agradecemos a participa\u00e7\u00e3o de todos, nos pr\u00f3ximos dias as grava\u00e7\u00f5es e certificados estar\u00e3o dispon\u00edveis<\/p>\n\n\n\n<p>Nos acompanhe nas redes sociais!<\/p>\n\t\t\t\t\t\t\t\t<\/div>\n\t\t\t\t<\/div>\n\t\t\t\t\t<\/div>\n\t\t<\/div>\n\t\t\t\t\t<\/div>\n\t\t<\/section>\n\t\t\t\t<\/div>\n\t\t","protected":false},"excerpt":{"rendered":"<p>Prezados congressistas Agradecemos a participa\u00e7\u00e3o de todos, nos pr\u00f3ximos dias as grava\u00e7\u00f5es e certificados estar\u00e3o dispon\u00edveis Nos acompanhe nas redes sociais!<\/p>\n","protected":false},"author":4,"featured_media":0,"parent":0,"menu_order":0,"comment_status":"closed","ping_status":"closed","template":"","meta":{"_acf_changed":false,"_monsterinsights_skip_tracking":false,"_monsterinsights_sitenote_active":false,"_monsterinsights_sitenote_note":"","_monsterinsights_sitenote_category":0,"footnotes":""},"class_list":["post-27497","page","type-page","status-publish","hentry"],"acf":[],"yoast_head":"<!-- This site is optimized with the Yoast SEO plugin v27.5 - https:\/\/yoast.com\/product\/yoast-seo-wordpress\/ -->\n<title>Home - XXV SemeAd<\/title>\n<meta name=\"robots\" content=\"index, follow, max-snippet:-1, max-image-preview:large, max-video-preview:-1\" \/>\n<link rel=\"canonical\" href=\"https:\/\/semead.com.br\/25\/\" \/>\n<meta property=\"og:locale\" content=\"en_US\" \/>\n<meta property=\"og:type\" content=\"article\" \/>\n<meta property=\"og:title\" content=\"Home - XXV SemeAd\" \/>\n<meta property=\"og:description\" content=\"Prezados congressistas Agradecemos a participa\u00e7\u00e3o de todos, nos pr\u00f3ximos dias as grava\u00e7\u00f5es e certificados estar\u00e3o dispon\u00edveis Nos acompanhe nas redes sociais!\" \/>\n<meta property=\"og:url\" content=\"https:\/\/semead.com.br\/25\/\" \/>\n<meta property=\"og:site_name\" content=\"XXV SemeAd\" \/>\n<meta property=\"article:modified_time\" content=\"2024-08-28T23:43:55+00:00\" \/>\n<meta name=\"twitter:card\" content=\"summary_large_image\" \/>\n<meta name=\"twitter:label1\" content=\"Est. reading time\" \/>\n\t<meta name=\"twitter:data1\" content=\"1 minute\" \/>\n<script type=\"application\/ld+json\" class=\"yoast-schema-graph\">{\"@context\":\"https:\\\/\\\/schema.org\",\"@graph\":[{\"@type\":\"WebPage\",\"@id\":\"https:\\\/\\\/semead.com.br\\\/25\\\/\",\"url\":\"https:\\\/\\\/semead.com.br\\\/25\\\/\",\"name\":\"Home - XXV SemeAd\",\"isPartOf\":{\"@id\":\"https:\\\/\\\/semead.com.br\\\/25\\\/#website\"},\"datePublished\":\"2024-08-28T23:35:21+00:00\",\"dateModified\":\"2024-08-28T23:43:55+00:00\",\"breadcrumb\":{\"@id\":\"https:\\\/\\\/semead.com.br\\\/25\\\/#breadcrumb\"},\"inLanguage\":\"en-US\",\"potentialAction\":[{\"@type\":\"ReadAction\",\"target\":[\"https:\\\/\\\/semead.com.br\\\/25\\\/\"]}]},{\"@type\":\"BreadcrumbList\",\"@id\":\"https:\\\/\\\/semead.com.br\\\/25\\\/#breadcrumb\",\"itemListElement\":[{\"@type\":\"ListItem\",\"position\":1,\"name\":\"In\u00edcio\",\"item\":\"https:\\\/\\\/semead.com.br\\\/25\\\/\"},{\"@type\":\"ListItem\",\"position\":2,\"name\":\"Home\"}]},{\"@type\":\"WebSite\",\"@id\":\"https:\\\/\\\/semead.com.br\\\/25\\\/#website\",\"url\":\"https:\\\/\\\/semead.com.br\\\/25\\\/\",\"name\":\"XXV SemeAd\",\"description\":\"Semin\u00e1rios em administra\u00e7\u00e3o\",\"potentialAction\":[{\"@type\":\"SearchAction\",\"target\":{\"@type\":\"EntryPoint\",\"urlTemplate\":\"https:\\\/\\\/semead.com.br\\\/25\\\/?s={search_term_string}\"},\"query-input\":{\"@type\":\"PropertyValueSpecification\",\"valueRequired\":true,\"valueName\":\"search_term_string\"}}],\"inLanguage\":\"en-US\"}]}<\/script>\n<!-- \/ Yoast SEO plugin. -->","yoast_head_json":{"title":"Home - XXV SemeAd","robots":{"index":"index","follow":"follow","max-snippet":"max-snippet:-1","max-image-preview":"max-image-preview:large","max-video-preview":"max-video-preview:-1"},"canonical":"https:\/\/semead.com.br\/25\/","og_locale":"en_US","og_type":"article","og_title":"Home - XXV SemeAd","og_description":"Prezados congressistas Agradecemos a participa\u00e7\u00e3o de todos, nos pr\u00f3ximos dias as grava\u00e7\u00f5es e certificados estar\u00e3o dispon\u00edveis Nos acompanhe nas redes sociais!","og_url":"https:\/\/semead.com.br\/25\/","og_site_name":"XXV SemeAd","article_modified_time":"2024-08-28T23:43:55+00:00","twitter_card":"summary_large_image","twitter_misc":{"Est. reading time":"1 minute"},"schema":{"@context":"https:\/\/schema.org","@graph":[{"@type":"WebPage","@id":"https:\/\/semead.com.br\/25\/","url":"https:\/\/semead.com.br\/25\/","name":"Home - XXV SemeAd","isPartOf":{"@id":"https:\/\/semead.com.br\/25\/#website"},"datePublished":"2024-08-28T23:35:21+00:00","dateModified":"2024-08-28T23:43:55+00:00","breadcrumb":{"@id":"https:\/\/semead.com.br\/25\/#breadcrumb"},"inLanguage":"en-US","potentialAction":[{"@type":"ReadAction","target":["https:\/\/semead.com.br\/25\/"]}]},{"@type":"BreadcrumbList","@id":"https:\/\/semead.com.br\/25\/#breadcrumb","itemListElement":[{"@type":"ListItem","position":1,"name":"In\u00edcio","item":"https:\/\/semead.com.br\/25\/"},{"@type":"ListItem","position":2,"name":"Home"}]},{"@type":"WebSite","@id":"https:\/\/semead.com.br\/25\/#website","url":"https:\/\/semead.com.br\/25\/","name":"XXV SemeAd","description":"Semin\u00e1rios em administra\u00e7\u00e3o","potentialAction":[{"@type":"SearchAction","target":{"@type":"EntryPoint","urlTemplate":"https:\/\/semead.com.br\/25\/?s={search_term_string}"},"query-input":{"@type":"PropertyValueSpecification","valueRequired":true,"valueName":"search_term_string"}}],"inLanguage":"en-US"}]}},"_links":{"self":[{"href":"https:\/\/semead.com.br\/25\/wp-json\/wp\/v2\/pages\/27497","targetHints":{"allow":["GET"]}}],"collection":[{"href":"https:\/\/semead.com.br\/25\/wp-json\/wp\/v2\/pages"}],"about":[{"href":"https:\/\/semead.com.br\/25\/wp-json\/wp\/v2\/types\/page"}],"author":[{"embeddable":true,"href":"https:\/\/semead.com.br\/25\/wp-json\/wp\/v2\/users\/4"}],"replies":[{"embeddable":true,"href":"https:\/\/semead.com.br\/25\/wp-json\/wp\/v2\/comments?post=27497"}],"version-history":[{"count":3,"href":"https:\/\/semead.com.br\/25\/wp-json\/wp\/v2\/pages\/27497\/revisions"}],"predecessor-version":[{"id":27513,"href":"https:\/\/semead.com.br\/25\/wp-json\/wp\/v2\/pages\/27497\/revisions\/27513"}],"wp:attachment":[{"href":"https:\/\/semead.com.br\/25\/wp-json\/wp\/v2\/media?parent=27497"}],"curies":[{"name":"wp","href":"https:\/\/api.w.org\/{rel}","templated":true}]}}