{"id":10078,"date":"2013-04-29T16:08:40","date_gmt":"2013-04-29T16:08:40","guid":{"rendered":"http:\/\/semead.com.br\/?page_id=10078"},"modified":"2023-04-28T15:32:32","modified_gmt":"2023-04-28T18:32:32","slug":"localizacao","status":"publish","type":"page","link":"https:\/\/semead.com.br\/26\/localizacao\/","title":{"rendered":"Localiza\u00e7\u00e3o"},"content":{"rendered":"<p><strong>Faculdade de Economia, Administra\u00e7\u00e3o e Contabilidade da Universidade de S\u00e3o Paulo<\/strong><br \/>\nAv. Prof. Luciano Gualberto, 908, Butant\u00e3 S\u00e3o Paulo, 05508-010<br \/>\nTel: (11) 3091-5805<\/p>\n<p>&nbsp;<\/p>\n<p><iframe style=\"border: 0;\" src=\"https:\/\/www.google.com\/maps\/embed?pb=!1m18!1m12!1m3!1d3657.2702511131606!2d-46.73118638567439!3d-23.55873546737902!2m3!1f0!2f0!3f0!3m2!1i1024!2i768!4f13.1!3m3!1m2!1s0x94ce563f10ed66c5%3A0xebcd0b77219d08c9!2sFaculdade+de+Economia%2C+Administra%C3%A7%C3%A3o+e+Contabilidade+-+FEA+-+USP!5e0!3m2!1spt-BR!2sbr!4v1495547337422\" width=\"600\" height=\"450\" frameborder=\"0\" allowfullscreen=\"allowfullscreen\"><\/iframe><\/p>\n<h3>COMO CHEGAR<\/h3>\n<p><strong>Transporte P\u00fablico:<\/strong><\/p>\n<p>Esta\u00e7\u00e3o de <strong>METR\u00d4<\/strong> mais pr\u00f3xima: Esta\u00e7\u00e3o BUTANT\u00c3 \u2013 Linha 4 Amarela.<br \/>\nAo desembarcar na esta\u00e7\u00e3o Butant\u00e3, pegar a <a href=\"http:\/\/www.puspc.usp.br\/wp-content\/uploads\/trajeto_corrigido.pdf\" target=\"_blank\" rel=\"noopener noreferrer\">Linha 8012-10 Cidade Universit\u00e1ria\/Metr\u00f4 Butant\u00e3 (CIRCULAR 1)<\/a> no terminal de \u00f4nibus da esta\u00e7\u00e3o.<br \/>\nDesembarque na AV. PROF. LUCIANO GUALBERTO, 908, em frente \u00e0 FEA (Faculdade de Economia e Administra\u00e7\u00e3o)<\/p>\n<p>Esta\u00e7\u00e3o de <strong>TREM<\/strong> mais pr\u00f3xima: CIDADE UNIVERSIT\u00c1RIA \u2013 Linha 9 Esmeralda.<br \/>\nDesembarque na esta\u00e7\u00e3o Cidade Universit\u00e1ria. Atravesse a ponte e entre pela entrada de pedestres. V\u00e1 at\u00e9 o ponto mais pr\u00f3ximo, \u00e0 esquerda, e pegue a <a href=\"http:\/\/www.puspc.usp.br\/wp-content\/uploads\/trajeto_corrigido.pdf\" target=\"_blank\" rel=\"noopener noreferrer\">Linha 8022-10 Cidade Universit\u00e1ria\/Metr\u00f4 Butant\u00e3 (CIRCULAR 2)<\/a>. Desembarque na AV. PROF. LUCIANO GUALBERTO, no ponto da Faculdade de Arquitetura e Urbanismo (FAU) e atravesse a rua at\u00e9 chegar \u00e0 FEA.<\/p>\n<p><strong>Linhas de \u00f4nibus que entram na USP e param em frente \u00e0 FEA-USP:<\/strong><br \/>\n-177H-10 Butant\u00e3 USP\/Metro Santana<br \/>\n-7411-10 Cidade Universit\u00e1ria\/Pra\u00e7a da S\u00e9<br \/>\n-7181-10 Cidade Universit\u00e1ria\/Terminal Princesa Isabel<br \/>\n-8012-10 Cidade Universit\u00e1ria\/Metr\u00f4 Butant\u00e3 (CIRCULAR 1)<br \/>\n-8022-10 Cidade Universit\u00e1ria\/Metr\u00f4 Butant\u00e3<\/p>\n<p><strong>De carro:<\/strong><br \/>\nPela Marginal Tiet\u00ea, siga pelo sentido Castelo Branco at\u00e9 chegar \u00e0 Marginal Pinheiros. Na pista local, ao passar pela Ponte do Jaguar\u00e9, entre na Av. Escola Polit\u00e9cnica (primeira direita ap\u00f3s a ponte). Pegar o primeiro retorno \u00e0 esquerda e entre logo \u00e0 direita, na Av. Prof. Melo Morais. Vire na segunda direita, na Av. Professor Lucio Rodrigues Martins. Vire novamente \u00e0 direita na Av. Prof. Luciano Gualberto.<\/p>\n<p>Pela Marginal Pinheiros, voc\u00ea deve seguir sentido Castelo Branco e pegar a Ponte da Cidade Universit\u00e1ria. Seguindo pela Rua Alvarenga, vire \u00e0 direita no cruzamento com a Av. Afr\u00e2nio Peixoto. Entre pela entrada principal do campus (P1). Siga reto na Av. da Universidade at\u00e9 a segunda pra\u00e7a (Pra\u00e7a Prof. Rubi\u00e3o Meira), contorne-a e pegue a Av. Prof. Lineu Prestes e, \u00e0 direita, a Av. Prof. Luciano Gualberto.<\/p>\n<p>Para outras origens, consulte o percurso pelo <strong><a href=\"https:\/\/maps.google.com.br\/maps?f=d&amp;source=s_q&amp;hl=pt-BR&amp;geocode=%3BCXM5puUNW21AFbGCmP4d-fk2_SmdyDyYFVbOlDEeqovTMdhO_Q&amp;q=Av.+Prof.+Luciano+Gualberto,+908+-+Butant%C3%A3,+S%C3%A3o+Paulo+-+SP,+05508-010&amp;sll=-23.558539,-46.728609&amp;sspn=0.020967,0.05476&amp;gl=br&amp;ie=UTF8&amp;s=AARTsJpoC1D_SVkKtIWoYuFQGl0SbRN1dQ&amp;hq=&amp;hnear=Av.+Prof.+Luciano+Gualberto,+908+-+Butant%C3%A3,+S%C3%A3o+Paulo,+05508-010&amp;t=m&amp;z=16&amp;vpsrc=0&amp;iwloc=A&amp;daddr=Av.+Prof.+Luciano+Gualberto,+908+-+Cidade+Universit%C3%A1ria+Armando+Salles+de+Oliveira,+Butant%C3%A3,+S%C3%A3o+Paulo,+05508-010\" target=\"_blank\" rel=\"noopener noreferrer\">Google Maps<\/a><\/strong>, digite o endere\u00e7o de origem e selecione o tipo de transporte.<\/p>\n<p><strong>Mais informa\u00e7\u00f5es em <span style=\"text-decoration: underline;\"><a href=\"http:\/\/www.sptrans.com.br\" target=\"_blank\" rel=\"noopener noreferrer\">www.sptrans.com.br<\/a><\/span><\/strong><\/p>\n<p><strong>Ponto de t\u00e1xi da Reitoria USP: (11) 3091-3556<\/strong><\/p>\n<p>&nbsp;<\/p>\n<p><strong>Sobre a USP<\/strong><\/p>\n<p><iframe width=\"1200\" height=\"675\" src=\"https:\/\/www.youtube.com\/embed\/B_eG7H9M-wE?feature=oembed\" frameborder=\"0\" allow=\"accelerometer; autoplay; encrypted-media; gyroscope; picture-in-picture\" allowfullscreen><\/iframe><\/p>\n<p>&nbsp;<\/p>\n<p>&nbsp;<\/p>\n<p><strong>Sobre S\u00e3o Paulo<\/strong><\/p>\n<p><a href=\"http:\/\/www.timeout.com.br\/sao-paulo\/\" target=\"_blank\" rel=\"noopener\">http:\/\/www.timeout.com.br\/sao-paulo\/<\/a><\/p>\n<p>Popula\u00e7\u00e3o<\/p>\n<p>S\u00e3o Paulo \u00e9 a s\u00e9tima cidade mais populosa do mundo, atr\u00e1s apenas de Xangai (China), Lagos (Nig\u00e9ria), Karachi (Paquist\u00e3o), Istambul (Turquia), Mumbai (\u00cdndia) e Moscou (R\u00fassia).<\/p>\n<p>A \u00e1rea metropolitana da cidade de S\u00e3o Paulo \u00e9 a mais populosa do Brasil com 21,2 milh\u00f5es de habitantes e \u00e9 considerada o maior centro de neg\u00f3cios da Am\u00e9rica Latina;<\/p>\n<p>S\u00e3o Paulo possui a maior col\u00f4nia de japoneses, italianos, portugueses e libaneses fora de seus respectivos pa\u00edses.<\/p>\n<p>Economia<\/p>\n<p>A cidade de S\u00e3o Paulo \u00e9 respons\u00e1vel por cerca de 12% de todo o PIB brasileiro;<\/p>\n<p>De acordo com um relat\u00f3rio de 2011, espera-se que S\u00e3o Paulo tenha o terceiro maior crescimento do mundo entre 2011 e 2025, depois de Londres e a Cidade do M\u00e9xico.<\/p>\n<p>Gastronomia<\/p>\n<p>A cidade de S\u00e3o Paulo \u00e9 uma das capitais culin\u00e1rias do mundo e conta com 15 mil restaurantes que representam 52 tipos diferentes de cozinha. De todos os restaurantes da cidade, um ter\u00e7o deles s\u00e3o pizzarias. Ap\u00f3s a pizza, o sushi \u00e9 o prato mais consumido nos restaurantes da cidade;<\/p>\n<p>O sandu\u00edche com 300 gramas de mortadela do Mercado Municipal \u00e9 um dos maiores s\u00edmbolos de S\u00e3o Paulo.<\/p>\n<p>Compras<\/p>\n<p>Existem aproximadamente 60 ruas comerciais, que cobrem n\u00e3o s\u00f3 eletr\u00f4nicos, como tamb\u00e9m produtos para a casa. A rua Oscar Freire \u00e9 muito conhecida por seus produtos de luxo e foi considerada uma das oito ruas mais luxuosas do mundo;<\/p>\n<p>Existem 50 shopping centers de tamanhos m\u00e9dio e grande na cidade. Os 40 mais tradicionais recebem por m\u00eas cerca de 90 milh\u00f5es de pessoas.<\/p>\n<p>Turismo e cultura<\/p>\n<p>As noites na cidade s\u00e3o movimentadas: existem v\u00e1rios restaurantes, padarias, supermercados e academias que nunca est\u00e3o fechados. A cidade est\u00e1 aberta 24 horas por dia;<\/p>\n<p>N\u00e3o existe outro lugar na Am\u00e9rica do Sul com mais op\u00e7\u00f5es culturais do que S\u00e3o Paulo: s\u00e3o mais de 110 museus, mais de 30 parques e mais de 180 op\u00e7\u00f5es de teatros e shows.<\/p>\n<p>S\u00e3o Paulo tem a maior oferta de hot\u00e9is na Am\u00e9rica do Sul: s\u00e3o 42 mil quartos de hotel distribu\u00eddos em 410 hot\u00e9is.<\/p>\n<p>Os parques da cidade de S\u00e3o Paulo correspondem a 19 milh\u00f5es de metros quadrados de \u00e1rea verde. O Parque Ibirapuera \u00e9 o mais tradicional em S\u00e3o Paulo e recebe mais de 900 mil visitantes mensalmente;<\/p>\n<p>Ainda existem popula\u00e7\u00f5es ind\u00edgenas vivendo na capital. Eles s\u00e3o da tribo guarani Krukutu, e vivem nas regi\u00f5es de Parelheiros e no Pico do Jaragu\u00e1.<\/p>\n","protected":false},"excerpt":{"rendered":"<p>Faculdade de Economia, Administra\u00e7\u00e3o e Contabilidade da Universidade de S\u00e3o Paulo Av. Prof. Luciano Gualberto, 908, Butant\u00e3 S\u00e3o Paulo, 05508-010 Tel: (11) 3091-5805 &nbsp; COMO CHEGAR Transporte P\u00fablico: Esta\u00e7\u00e3o de METR\u00d4 mais pr\u00f3xima: Esta\u00e7\u00e3o BUTANT\u00c3 \u2013 Linha 4 Amarela. Ao desembarcar na esta\u00e7\u00e3o Butant\u00e3, pegar a Linha 8012-10 Cidade Universit\u00e1ria\/Metr\u00f4 Butant\u00e3 (CIRCULAR 1) no terminal&#8230;<\/p>\n","protected":false},"author":1,"featured_media":0,"parent":0,"menu_order":0,"comment_status":"closed","ping_status":"open","template":"","meta":{"_acf_changed":false,"_monsterinsights_skip_tracking":false,"_monsterinsights_sitenote_active":false,"_monsterinsights_sitenote_note":"","_monsterinsights_sitenote_category":0,"footnotes":""},"class_list":["post-10078","page","type-page","status-publish","hentry"],"acf":[],"yoast_head":"<!-- This site is optimized with the Yoast SEO plugin v27.1.1 - https:\/\/yoast.com\/product\/yoast-seo-wordpress\/ -->\n<title>Localiza\u00e7\u00e3o - XXVI SemeAd<\/title>\n<meta name=\"robots\" content=\"index, follow, max-snippet:-1, max-image-preview:large, max-video-preview:-1\" \/>\n<link rel=\"canonical\" href=\"https:\/\/semead.com.br\/26\/localizacao\/\" \/>\n<meta property=\"og:locale\" content=\"pt_BR\" \/>\n<meta property=\"og:type\" content=\"article\" \/>\n<meta property=\"og:title\" content=\"Localiza\u00e7\u00e3o - XXVI SemeAd\" \/>\n<meta property=\"og:description\" content=\"Faculdade de Economia, Administra\u00e7\u00e3o e Contabilidade da Universidade de S\u00e3o Paulo Av. Prof. Luciano Gualberto, 908, Butant\u00e3 S\u00e3o Paulo, 05508-010 Tel: (11) 3091-5805 &nbsp; COMO CHEGAR Transporte P\u00fablico: Esta\u00e7\u00e3o de METR\u00d4 mais pr\u00f3xima: Esta\u00e7\u00e3o BUTANT\u00c3 \u2013 Linha 4 Amarela. Ao desembarcar na esta\u00e7\u00e3o Butant\u00e3, pegar a Linha 8012-10 Cidade Universit\u00e1ria\/Metr\u00f4 Butant\u00e3 (CIRCULAR 1) no terminal...\" \/>\n<meta property=\"og:url\" content=\"https:\/\/semead.com.br\/26\/localizacao\/\" \/>\n<meta property=\"og:site_name\" content=\"XXVI SemeAd\" \/>\n<meta property=\"article:modified_time\" content=\"2023-04-28T18:32:32+00:00\" \/>\n<meta name=\"twitter:card\" content=\"summary_large_image\" \/>\n<meta name=\"twitter:label1\" content=\"Est. tempo de leitura\" \/>\n\t<meta name=\"twitter:data1\" content=\"4 minutos\" \/>\n<script type=\"application\/ld+json\" class=\"yoast-schema-graph\">{\"@context\":\"https:\/\/schema.org\",\"@graph\":[{\"@type\":\"WebPage\",\"@id\":\"https:\/\/semead.com.br\/26\/localizacao\/\",\"url\":\"https:\/\/semead.com.br\/26\/localizacao\/\",\"name\":\"Localiza\u00e7\u00e3o - XXVI SemeAd\",\"isPartOf\":{\"@id\":\"https:\/\/semead.com.br\/26\/#website\"},\"datePublished\":\"2013-04-29T16:08:40+00:00\",\"dateModified\":\"2023-04-28T18:32:32+00:00\",\"breadcrumb\":{\"@id\":\"https:\/\/semead.com.br\/26\/localizacao\/#breadcrumb\"},\"inLanguage\":\"pt-BR\",\"potentialAction\":[{\"@type\":\"ReadAction\",\"target\":[\"https:\/\/semead.com.br\/26\/localizacao\/\"]}]},{\"@type\":\"BreadcrumbList\",\"@id\":\"https:\/\/semead.com.br\/26\/localizacao\/#breadcrumb\",\"itemListElement\":[{\"@type\":\"ListItem\",\"position\":1,\"name\":\"In\u00edcio\",\"item\":\"https:\/\/semead.com.br\/26\/\"},{\"@type\":\"ListItem\",\"position\":2,\"name\":\"Localiza\u00e7\u00e3o\"}]},{\"@type\":\"WebSite\",\"@id\":\"https:\/\/semead.com.br\/26\/#website\",\"url\":\"https:\/\/semead.com.br\/26\/\",\"name\":\"XXVI SemeAd\",\"description\":\"Semin\u00e1rios em Administra\u00e7\u00e3o\",\"potentialAction\":[{\"@type\":\"SearchAction\",\"target\":{\"@type\":\"EntryPoint\",\"urlTemplate\":\"https:\/\/semead.com.br\/26\/?s={search_term_string}\"},\"query-input\":{\"@type\":\"PropertyValueSpecification\",\"valueRequired\":true,\"valueName\":\"search_term_string\"}}],\"inLanguage\":\"pt-BR\"}]}<\/script>\n<!-- \/ Yoast SEO plugin. -->","yoast_head_json":{"title":"Localiza\u00e7\u00e3o - XXVI SemeAd","robots":{"index":"index","follow":"follow","max-snippet":"max-snippet:-1","max-image-preview":"max-image-preview:large","max-video-preview":"max-video-preview:-1"},"canonical":"https:\/\/semead.com.br\/26\/localizacao\/","og_locale":"pt_BR","og_type":"article","og_title":"Localiza\u00e7\u00e3o - XXVI SemeAd","og_description":"Faculdade de Economia, Administra\u00e7\u00e3o e Contabilidade da Universidade de S\u00e3o Paulo Av. Prof. Luciano Gualberto, 908, Butant\u00e3 S\u00e3o Paulo, 05508-010 Tel: (11) 3091-5805 &nbsp; COMO CHEGAR Transporte P\u00fablico: Esta\u00e7\u00e3o de METR\u00d4 mais pr\u00f3xima: Esta\u00e7\u00e3o BUTANT\u00c3 \u2013 Linha 4 Amarela. Ao desembarcar na esta\u00e7\u00e3o Butant\u00e3, pegar a Linha 8012-10 Cidade Universit\u00e1ria\/Metr\u00f4 Butant\u00e3 (CIRCULAR 1) no terminal...","og_url":"https:\/\/semead.com.br\/26\/localizacao\/","og_site_name":"XXVI SemeAd","article_modified_time":"2023-04-28T18:32:32+00:00","twitter_card":"summary_large_image","twitter_misc":{"Est. tempo de leitura":"4 minutos"},"schema":{"@context":"https:\/\/schema.org","@graph":[{"@type":"WebPage","@id":"https:\/\/semead.com.br\/26\/localizacao\/","url":"https:\/\/semead.com.br\/26\/localizacao\/","name":"Localiza\u00e7\u00e3o - XXVI SemeAd","isPartOf":{"@id":"https:\/\/semead.com.br\/26\/#website"},"datePublished":"2013-04-29T16:08:40+00:00","dateModified":"2023-04-28T18:32:32+00:00","breadcrumb":{"@id":"https:\/\/semead.com.br\/26\/localizacao\/#breadcrumb"},"inLanguage":"pt-BR","potentialAction":[{"@type":"ReadAction","target":["https:\/\/semead.com.br\/26\/localizacao\/"]}]},{"@type":"BreadcrumbList","@id":"https:\/\/semead.com.br\/26\/localizacao\/#breadcrumb","itemListElement":[{"@type":"ListItem","position":1,"name":"In\u00edcio","item":"https:\/\/semead.com.br\/26\/"},{"@type":"ListItem","position":2,"name":"Localiza\u00e7\u00e3o"}]},{"@type":"WebSite","@id":"https:\/\/semead.com.br\/26\/#website","url":"https:\/\/semead.com.br\/26\/","name":"XXVI SemeAd","description":"Semin\u00e1rios em Administra\u00e7\u00e3o","potentialAction":[{"@type":"SearchAction","target":{"@type":"EntryPoint","urlTemplate":"https:\/\/semead.com.br\/26\/?s={search_term_string}"},"query-input":{"@type":"PropertyValueSpecification","valueRequired":true,"valueName":"search_term_string"}}],"inLanguage":"pt-BR"}]}},"_links":{"self":[{"href":"https:\/\/semead.com.br\/26\/wp-json\/wp\/v2\/pages\/10078","targetHints":{"allow":["GET"]}}],"collection":[{"href":"https:\/\/semead.com.br\/26\/wp-json\/wp\/v2\/pages"}],"about":[{"href":"https:\/\/semead.com.br\/26\/wp-json\/wp\/v2\/types\/page"}],"author":[{"embeddable":true,"href":"https:\/\/semead.com.br\/26\/wp-json\/wp\/v2\/users\/1"}],"replies":[{"embeddable":true,"href":"https:\/\/semead.com.br\/26\/wp-json\/wp\/v2\/comments?post=10078"}],"version-history":[{"count":0,"href":"https:\/\/semead.com.br\/26\/wp-json\/wp\/v2\/pages\/10078\/revisions"}],"wp:attachment":[{"href":"https:\/\/semead.com.br\/26\/wp-json\/wp\/v2\/media?parent=10078"}],"curies":[{"name":"wp","href":"https:\/\/api.w.org\/{rel}","templated":true}]}}