{"id":11727,"date":"2015-06-01T19:04:28","date_gmt":"2015-06-01T22:04:28","guid":{"rendered":"https:\/\/semead.com.br\/?page_id=11727"},"modified":"2023-05-15T14:20:47","modified_gmt":"2023-05-15T17:20:47","slug":"sapiens-sessao-de-aprimoramento-de-estudos-cientificos","status":"publish","type":"page","link":"https:\/\/semead.com.br\/26\/trabalhos\/sapiens-sessao-de-aprimoramento-de-estudos-cientificos\/","title":{"rendered":"Sapiens \u2013 Sess\u00f5es de aprimoramento de artigos cient\u00edficos para publica\u00e7\u00e3o"},"content":{"rendered":"\n<p>O Sapiens \u00e9 uma ses\u00e3o voltada para aprimoramento de artigos cient\u00edficos que almejam uma publica\u00e7\u00e3o. O objetivo do Sapiens \u00e9 contribuir com a experi\u00eancia de pesquisadores seniores para um melhor encaminhamento e aperfei\u00e7oamento dos trabalhos submetidos, a fim de que estes sejam enviados para peri\u00f3dicos nacionais e\/ou internacionais de alto impacto.<\/p>\n\n\n\n<p>As sess\u00f5es acontecem com a participa\u00e7\u00e3o de dois autores e dois pesquisadores seniors onde cada pesquisador traz suas contribui\u00e7\u00f5es para o aprimoramento do artigo previamente submetido pelos autores. \u00c0 partir disso, os autores tem a chance de debater pontos n\u00e3o elucidados com esses pesquisadores seniors.<\/p>\n\n\n\n<p>Regras para submiss\u00e3o e aceite:<\/p>\n\n\n\n<ul class=\"wp-block-list\">\n<li>A submiss\u00e3o de artigos ao Sapiens est\u00e1 aberta a todos os artigos cient\u00edficos submetidos ao SemeAd. No momento da submiss\u00e3o, o autor dever\u00e1 marcar a op\u00e7\u00e3o \u201cDesejo submeter o artigo ao Sapiens e estou ciente das respectivas normas\u201d.<\/li>\n\n\n\n<li>Cada autor poder\u00e1 submeter apenas <strong>um artigo<\/strong> ao Sapiens.<\/li>\n\n\n\n<li>O aceite do trabalho estar\u00e1 condicionado \u00e0 aprova\u00e7\u00e3o e indica\u00e7\u00e3o dupla via <em>blind review<\/em> dos avaliadores do artigo.<\/li>\n\n\n\n<li>Ser\u00e3o selecionados at\u00e9 dois trabalhos para cada tem\u00e1tica das \u00e1reas cient\u00edficas do SemeAd, priorizando-se artigos cujo primeiro autor seja estudante de p\u00f3s-gradua\u00e7\u00e3o em n\u00edvel de mestrado ou doutorado.<\/li>\n\n\n\n<li>O resultado de aceite ser\u00e1 divulgado na \u00e1rea de acesso restrito do portal SemeAd.<\/li>\n\n\n\n<li>Para inclus\u00e3o do trabalho na sess\u00e3o, <strong>pelo menos um dos autores dever\u00e1 estar inscrito no SemeAd e participar do Sapiens<\/strong>.<\/li>\n\n\n\n<li>As sess\u00f5es de debate ter\u00e3o dura\u00e7\u00e3o entre 30 e 45 minutos, e acontecem dentro da programa\u00e7\u00e3o das sess\u00f5es de apresenta\u00e7\u00e3o de artigos do SemeAd.<\/li>\n\n\n\n<li><strong>IMPORTANTE<\/strong>: Os autores dos artigos selecionados para a Sapiens, dever\u00e3o participar obrigatoriamente dos 2 momentos de apresenta\u00e7\u00e3o de seus trabalhos (se\u00e7\u00e3o sapiens e sess\u00e3o convencional de apresenta\u00e7\u00e3o), a participa\u00e7\u00e3o em um n\u00e3o dispensa a presen\u00e7a em outro.<\/li>\n<\/ul>\n\n\n\n<p><\/p>\n","protected":false},"excerpt":{"rendered":"<p>O Sapiens \u00e9 uma ses\u00e3o voltada para aprimoramento de artigos cient\u00edficos que almejam uma publica\u00e7\u00e3o. O objetivo do Sapiens \u00e9 contribuir com a experi\u00eancia de pesquisadores seniores para um melhor encaminhamento e aperfei\u00e7oamento dos trabalhos submetidos, a fim de que estes sejam enviados para peri\u00f3dicos nacionais e\/ou internacionais de alto impacto. As sess\u00f5es acontecem com&#8230;<\/p>\n","protected":false},"author":1,"featured_media":0,"parent":22,"menu_order":0,"comment_status":"closed","ping_status":"open","template":"","meta":{"_acf_changed":false,"_monsterinsights_skip_tracking":false,"_monsterinsights_sitenote_active":false,"_monsterinsights_sitenote_note":"","_monsterinsights_sitenote_category":0,"footnotes":""},"class_list":["post-11727","page","type-page","status-publish","hentry"],"acf":[],"yoast_head":"<!-- This site is optimized with the Yoast SEO plugin v27.1.1 - https:\/\/yoast.com\/product\/yoast-seo-wordpress\/ -->\n<title>Sapiens \u2013 Sess\u00f5es de aprimoramento de artigos cient\u00edficos para publica\u00e7\u00e3o - XXVI SemeAd<\/title>\n<meta name=\"robots\" content=\"index, follow, max-snippet:-1, max-image-preview:large, max-video-preview:-1\" \/>\n<link rel=\"canonical\" href=\"https:\/\/semead.com.br\/26\/trabalhos\/sapiens-sessao-de-aprimoramento-de-estudos-cientificos\/\" \/>\n<meta property=\"og:locale\" content=\"pt_BR\" \/>\n<meta property=\"og:type\" content=\"article\" \/>\n<meta property=\"og:title\" content=\"Sapiens \u2013 Sess\u00f5es de aprimoramento de artigos cient\u00edficos para publica\u00e7\u00e3o - XXVI SemeAd\" \/>\n<meta property=\"og:description\" content=\"O Sapiens \u00e9 uma ses\u00e3o voltada para aprimoramento de artigos cient\u00edficos que almejam uma publica\u00e7\u00e3o. O objetivo do Sapiens \u00e9 contribuir com a experi\u00eancia de pesquisadores seniores para um melhor encaminhamento e aperfei\u00e7oamento dos trabalhos submetidos, a fim de que estes sejam enviados para peri\u00f3dicos nacionais e\/ou internacionais de alto impacto. As sess\u00f5es acontecem com...\" \/>\n<meta property=\"og:url\" content=\"https:\/\/semead.com.br\/26\/trabalhos\/sapiens-sessao-de-aprimoramento-de-estudos-cientificos\/\" \/>\n<meta property=\"og:site_name\" content=\"XXVI SemeAd\" \/>\n<meta property=\"article:modified_time\" content=\"2023-05-15T17:20:47+00:00\" \/>\n<meta name=\"twitter:card\" content=\"summary_large_image\" \/>\n<meta name=\"twitter:label1\" content=\"Est. tempo de leitura\" \/>\n\t<meta name=\"twitter:data1\" content=\"2 minutos\" \/>\n<script type=\"application\/ld+json\" class=\"yoast-schema-graph\">{\"@context\":\"https:\/\/schema.org\",\"@graph\":[{\"@type\":\"WebPage\",\"@id\":\"https:\/\/semead.com.br\/26\/trabalhos\/sapiens-sessao-de-aprimoramento-de-estudos-cientificos\/\",\"url\":\"https:\/\/semead.com.br\/26\/trabalhos\/sapiens-sessao-de-aprimoramento-de-estudos-cientificos\/\",\"name\":\"Sapiens \u2013 Sess\u00f5es de aprimoramento de artigos cient\u00edficos para publica\u00e7\u00e3o - XXVI SemeAd\",\"isPartOf\":{\"@id\":\"https:\/\/semead.com.br\/26\/#website\"},\"datePublished\":\"2015-06-01T22:04:28+00:00\",\"dateModified\":\"2023-05-15T17:20:47+00:00\",\"breadcrumb\":{\"@id\":\"https:\/\/semead.com.br\/26\/trabalhos\/sapiens-sessao-de-aprimoramento-de-estudos-cientificos\/#breadcrumb\"},\"inLanguage\":\"pt-BR\",\"potentialAction\":[{\"@type\":\"ReadAction\",\"target\":[\"https:\/\/semead.com.br\/26\/trabalhos\/sapiens-sessao-de-aprimoramento-de-estudos-cientificos\/\"]}]},{\"@type\":\"BreadcrumbList\",\"@id\":\"https:\/\/semead.com.br\/26\/trabalhos\/sapiens-sessao-de-aprimoramento-de-estudos-cientificos\/#breadcrumb\",\"itemListElement\":[{\"@type\":\"ListItem\",\"position\":1,\"name\":\"In\u00edcio\",\"item\":\"https:\/\/semead.com.br\/26\/\"},{\"@type\":\"ListItem\",\"position\":2,\"name\":\"Trabalhos\",\"item\":\"https:\/\/semead.com.br\/26\/trabalhos\/\"},{\"@type\":\"ListItem\",\"position\":3,\"name\":\"Sapiens \u2013 Sess\u00f5es de aprimoramento de artigos cient\u00edficos para publica\u00e7\u00e3o\"}]},{\"@type\":\"WebSite\",\"@id\":\"https:\/\/semead.com.br\/26\/#website\",\"url\":\"https:\/\/semead.com.br\/26\/\",\"name\":\"XXVI SemeAd\",\"description\":\"Semin\u00e1rios em Administra\u00e7\u00e3o\",\"potentialAction\":[{\"@type\":\"SearchAction\",\"target\":{\"@type\":\"EntryPoint\",\"urlTemplate\":\"https:\/\/semead.com.br\/26\/?s={search_term_string}\"},\"query-input\":{\"@type\":\"PropertyValueSpecification\",\"valueRequired\":true,\"valueName\":\"search_term_string\"}}],\"inLanguage\":\"pt-BR\"}]}<\/script>\n<!-- \/ Yoast SEO plugin. -->","yoast_head_json":{"title":"Sapiens \u2013 Sess\u00f5es de aprimoramento de artigos cient\u00edficos para publica\u00e7\u00e3o - XXVI SemeAd","robots":{"index":"index","follow":"follow","max-snippet":"max-snippet:-1","max-image-preview":"max-image-preview:large","max-video-preview":"max-video-preview:-1"},"canonical":"https:\/\/semead.com.br\/26\/trabalhos\/sapiens-sessao-de-aprimoramento-de-estudos-cientificos\/","og_locale":"pt_BR","og_type":"article","og_title":"Sapiens \u2013 Sess\u00f5es de aprimoramento de artigos cient\u00edficos para publica\u00e7\u00e3o - XXVI SemeAd","og_description":"O Sapiens \u00e9 uma ses\u00e3o voltada para aprimoramento de artigos cient\u00edficos que almejam uma publica\u00e7\u00e3o. O objetivo do Sapiens \u00e9 contribuir com a experi\u00eancia de pesquisadores seniores para um melhor encaminhamento e aperfei\u00e7oamento dos trabalhos submetidos, a fim de que estes sejam enviados para peri\u00f3dicos nacionais e\/ou internacionais de alto impacto. As sess\u00f5es acontecem com...","og_url":"https:\/\/semead.com.br\/26\/trabalhos\/sapiens-sessao-de-aprimoramento-de-estudos-cientificos\/","og_site_name":"XXVI SemeAd","article_modified_time":"2023-05-15T17:20:47+00:00","twitter_card":"summary_large_image","twitter_misc":{"Est. tempo de leitura":"2 minutos"},"schema":{"@context":"https:\/\/schema.org","@graph":[{"@type":"WebPage","@id":"https:\/\/semead.com.br\/26\/trabalhos\/sapiens-sessao-de-aprimoramento-de-estudos-cientificos\/","url":"https:\/\/semead.com.br\/26\/trabalhos\/sapiens-sessao-de-aprimoramento-de-estudos-cientificos\/","name":"Sapiens \u2013 Sess\u00f5es de aprimoramento de artigos cient\u00edficos para publica\u00e7\u00e3o - XXVI SemeAd","isPartOf":{"@id":"https:\/\/semead.com.br\/26\/#website"},"datePublished":"2015-06-01T22:04:28+00:00","dateModified":"2023-05-15T17:20:47+00:00","breadcrumb":{"@id":"https:\/\/semead.com.br\/26\/trabalhos\/sapiens-sessao-de-aprimoramento-de-estudos-cientificos\/#breadcrumb"},"inLanguage":"pt-BR","potentialAction":[{"@type":"ReadAction","target":["https:\/\/semead.com.br\/26\/trabalhos\/sapiens-sessao-de-aprimoramento-de-estudos-cientificos\/"]}]},{"@type":"BreadcrumbList","@id":"https:\/\/semead.com.br\/26\/trabalhos\/sapiens-sessao-de-aprimoramento-de-estudos-cientificos\/#breadcrumb","itemListElement":[{"@type":"ListItem","position":1,"name":"In\u00edcio","item":"https:\/\/semead.com.br\/26\/"},{"@type":"ListItem","position":2,"name":"Trabalhos","item":"https:\/\/semead.com.br\/26\/trabalhos\/"},{"@type":"ListItem","position":3,"name":"Sapiens \u2013 Sess\u00f5es de aprimoramento de artigos cient\u00edficos para publica\u00e7\u00e3o"}]},{"@type":"WebSite","@id":"https:\/\/semead.com.br\/26\/#website","url":"https:\/\/semead.com.br\/26\/","name":"XXVI SemeAd","description":"Semin\u00e1rios em Administra\u00e7\u00e3o","potentialAction":[{"@type":"SearchAction","target":{"@type":"EntryPoint","urlTemplate":"https:\/\/semead.com.br\/26\/?s={search_term_string}"},"query-input":{"@type":"PropertyValueSpecification","valueRequired":true,"valueName":"search_term_string"}}],"inLanguage":"pt-BR"}]}},"_links":{"self":[{"href":"https:\/\/semead.com.br\/26\/wp-json\/wp\/v2\/pages\/11727","targetHints":{"allow":["GET"]}}],"collection":[{"href":"https:\/\/semead.com.br\/26\/wp-json\/wp\/v2\/pages"}],"about":[{"href":"https:\/\/semead.com.br\/26\/wp-json\/wp\/v2\/types\/page"}],"author":[{"embeddable":true,"href":"https:\/\/semead.com.br\/26\/wp-json\/wp\/v2\/users\/1"}],"replies":[{"embeddable":true,"href":"https:\/\/semead.com.br\/26\/wp-json\/wp\/v2\/comments?post=11727"}],"version-history":[{"count":0,"href":"https:\/\/semead.com.br\/26\/wp-json\/wp\/v2\/pages\/11727\/revisions"}],"up":[{"embeddable":true,"href":"https:\/\/semead.com.br\/26\/wp-json\/wp\/v2\/pages\/22"}],"wp:attachment":[{"href":"https:\/\/semead.com.br\/26\/wp-json\/wp\/v2\/media?parent=11727"}],"curies":[{"name":"wp","href":"https:\/\/api.w.org\/{rel}","templated":true}]}}