{"id":14,"date":"2013-04-26T00:11:27","date_gmt":"2013-04-26T00:11:27","guid":{"rendered":"http:\/\/semead.com.br\/?page_id=14"},"modified":"2023-07-05T17:01:38","modified_gmt":"2023-07-05T20:01:38","slug":"gestao-de-pessoas","status":"publish","type":"page","link":"https:\/\/semead.com.br\/26\/areas\/cientificas\/gestao-de-pessoas\/","title":{"rendered":"Gest\u00e3o de Pessoas"},"content":{"rendered":"","protected":false},"excerpt":{"rendered":"","protected":false},"author":1,"featured_media":0,"parent":9,"menu_order":5,"comment_status":"closed","ping_status":"closed","template":"temas.php","meta":{"_acf_changed":false,"_monsterinsights_skip_tracking":false,"_monsterinsights_sitenote_active":false,"_monsterinsights_sitenote_note":"","_monsterinsights_sitenote_category":0,"footnotes":""},"class_list":["post-14","page","type-page","status-publish","hentry"],"acf":[],"yoast_head":"<!-- This site is optimized with the Yoast SEO plugin v27.1.1 - https:\/\/yoast.com\/product\/yoast-seo-wordpress\/ -->\n<title>Gest\u00e3o de Pessoas - XXVI SemeAd<\/title>\n<meta name=\"robots\" content=\"index, follow, max-snippet:-1, max-image-preview:large, max-video-preview:-1\" \/>\n<link rel=\"canonical\" href=\"https:\/\/semead.com.br\/26\/areas\/cientificas\/gestao-de-pessoas\/\" \/>\n<meta property=\"og:locale\" content=\"pt_BR\" \/>\n<meta property=\"og:type\" content=\"article\" \/>\n<meta property=\"og:title\" content=\"Gest\u00e3o de Pessoas - XXVI SemeAd\" \/>\n<meta property=\"og:url\" content=\"https:\/\/semead.com.br\/26\/areas\/cientificas\/gestao-de-pessoas\/\" \/>\n<meta property=\"og:site_name\" content=\"XXVI SemeAd\" \/>\n<meta property=\"article:modified_time\" content=\"2023-07-05T20:01:38+00:00\" \/>\n<meta name=\"twitter:card\" content=\"summary_large_image\" \/>\n<script type=\"application\/ld+json\" class=\"yoast-schema-graph\">{\"@context\":\"https:\/\/schema.org\",\"@graph\":[{\"@type\":\"WebPage\",\"@id\":\"https:\/\/semead.com.br\/26\/areas\/cientificas\/gestao-de-pessoas\/\",\"url\":\"https:\/\/semead.com.br\/26\/areas\/cientificas\/gestao-de-pessoas\/\",\"name\":\"Gest\u00e3o de Pessoas - XXVI SemeAd\",\"isPartOf\":{\"@id\":\"https:\/\/semead.com.br\/26\/#website\"},\"datePublished\":\"2013-04-26T00:11:27+00:00\",\"dateModified\":\"2023-07-05T20:01:38+00:00\",\"breadcrumb\":{\"@id\":\"https:\/\/semead.com.br\/26\/areas\/cientificas\/gestao-de-pessoas\/#breadcrumb\"},\"inLanguage\":\"pt-BR\",\"potentialAction\":[{\"@type\":\"ReadAction\",\"target\":[\"https:\/\/semead.com.br\/26\/areas\/cientificas\/gestao-de-pessoas\/\"]}]},{\"@type\":\"BreadcrumbList\",\"@id\":\"https:\/\/semead.com.br\/26\/areas\/cientificas\/gestao-de-pessoas\/#breadcrumb\",\"itemListElement\":[{\"@type\":\"ListItem\",\"position\":1,\"name\":\"In\u00edcio\",\"item\":\"https:\/\/semead.com.br\/26\/\"},{\"@type\":\"ListItem\",\"position\":2,\"name\":\"\u00c1reas\",\"item\":\"https:\/\/semead.com.br\/26\/areas\/\"},{\"@type\":\"ListItem\",\"position\":3,\"name\":\"\u00c1reas Cient\u00edficas\",\"item\":\"https:\/\/semead.com.br\/26\/areas\/cientificas\/\"},{\"@type\":\"ListItem\",\"position\":4,\"name\":\"Gest\u00e3o de Pessoas\"}]},{\"@type\":\"WebSite\",\"@id\":\"https:\/\/semead.com.br\/26\/#website\",\"url\":\"https:\/\/semead.com.br\/26\/\",\"name\":\"XXVI SemeAd\",\"description\":\"Semin\u00e1rios em Administra\u00e7\u00e3o\",\"potentialAction\":[{\"@type\":\"SearchAction\",\"target\":{\"@type\":\"EntryPoint\",\"urlTemplate\":\"https:\/\/semead.com.br\/26\/?s={search_term_string}\"},\"query-input\":{\"@type\":\"PropertyValueSpecification\",\"valueRequired\":true,\"valueName\":\"search_term_string\"}}],\"inLanguage\":\"pt-BR\"}]}<\/script>\n<!-- \/ Yoast SEO plugin. -->","yoast_head_json":{"title":"Gest\u00e3o de Pessoas - XXVI SemeAd","robots":{"index":"index","follow":"follow","max-snippet":"max-snippet:-1","max-image-preview":"max-image-preview:large","max-video-preview":"max-video-preview:-1"},"canonical":"https:\/\/semead.com.br\/26\/areas\/cientificas\/gestao-de-pessoas\/","og_locale":"pt_BR","og_type":"article","og_title":"Gest\u00e3o de Pessoas - XXVI SemeAd","og_url":"https:\/\/semead.com.br\/26\/areas\/cientificas\/gestao-de-pessoas\/","og_site_name":"XXVI SemeAd","article_modified_time":"2023-07-05T20:01:38+00:00","twitter_card":"summary_large_image","schema":{"@context":"https:\/\/schema.org","@graph":[{"@type":"WebPage","@id":"https:\/\/semead.com.br\/26\/areas\/cientificas\/gestao-de-pessoas\/","url":"https:\/\/semead.com.br\/26\/areas\/cientificas\/gestao-de-pessoas\/","name":"Gest\u00e3o de Pessoas - XXVI SemeAd","isPartOf":{"@id":"https:\/\/semead.com.br\/26\/#website"},"datePublished":"2013-04-26T00:11:27+00:00","dateModified":"2023-07-05T20:01:38+00:00","breadcrumb":{"@id":"https:\/\/semead.com.br\/26\/areas\/cientificas\/gestao-de-pessoas\/#breadcrumb"},"inLanguage":"pt-BR","potentialAction":[{"@type":"ReadAction","target":["https:\/\/semead.com.br\/26\/areas\/cientificas\/gestao-de-pessoas\/"]}]},{"@type":"BreadcrumbList","@id":"https:\/\/semead.com.br\/26\/areas\/cientificas\/gestao-de-pessoas\/#breadcrumb","itemListElement":[{"@type":"ListItem","position":1,"name":"In\u00edcio","item":"https:\/\/semead.com.br\/26\/"},{"@type":"ListItem","position":2,"name":"\u00c1reas","item":"https:\/\/semead.com.br\/26\/areas\/"},{"@type":"ListItem","position":3,"name":"\u00c1reas Cient\u00edficas","item":"https:\/\/semead.com.br\/26\/areas\/cientificas\/"},{"@type":"ListItem","position":4,"name":"Gest\u00e3o de Pessoas"}]},{"@type":"WebSite","@id":"https:\/\/semead.com.br\/26\/#website","url":"https:\/\/semead.com.br\/26\/","name":"XXVI SemeAd","description":"Semin\u00e1rios em Administra\u00e7\u00e3o","potentialAction":[{"@type":"SearchAction","target":{"@type":"EntryPoint","urlTemplate":"https:\/\/semead.com.br\/26\/?s={search_term_string}"},"query-input":{"@type":"PropertyValueSpecification","valueRequired":true,"valueName":"search_term_string"}}],"inLanguage":"pt-BR"}]}},"_links":{"self":[{"href":"https:\/\/semead.com.br\/26\/wp-json\/wp\/v2\/pages\/14","targetHints":{"allow":["GET"]}}],"collection":[{"href":"https:\/\/semead.com.br\/26\/wp-json\/wp\/v2\/pages"}],"about":[{"href":"https:\/\/semead.com.br\/26\/wp-json\/wp\/v2\/types\/page"}],"author":[{"embeddable":true,"href":"https:\/\/semead.com.br\/26\/wp-json\/wp\/v2\/users\/1"}],"replies":[{"embeddable":true,"href":"https:\/\/semead.com.br\/26\/wp-json\/wp\/v2\/comments?post=14"}],"version-history":[{"count":0,"href":"https:\/\/semead.com.br\/26\/wp-json\/wp\/v2\/pages\/14\/revisions"}],"up":[{"embeddable":true,"href":"https:\/\/semead.com.br\/26\/wp-json\/wp\/v2\/pages\/9"}],"wp:attachment":[{"href":"https:\/\/semead.com.br\/26\/wp-json\/wp\/v2\/media?parent=14"}],"curies":[{"name":"wp","href":"https:\/\/api.w.org\/{rel}","templated":true}]}}