{"id":14443,"date":"2018-05-30T17:14:42","date_gmt":"2018-05-30T20:14:42","guid":{"rendered":"https:\/\/semead.com.br\/26\/?page_id=14443"},"modified":"2023-11-01T19:58:21","modified_gmt":"2023-11-01T22:58:21","slug":"hospedagem","status":"publish","type":"page","link":"https:\/\/semead.com.br\/26\/informacoes-uteis\/hospedagem\/","title":{"rendered":"Hospedagem"},"content":{"rendered":"\n<p>Indica\u00e7\u00e3o de hotel localizado pr\u00f3ximos \u00e0 Cidade Universit\u00e1ria<\/p>\n\n\n\n<p>Go Inn Jaguar\u00e9<\/p>\n\n\n\n<p>Av. Jaguar\u00e9, 1664 &#8211; Jaguar\u00e9, S\u00e3o Paulo &#8211; SP, 05346-000<br>Tel: (11) 4395-7010<\/p>\n\n\n\n<p><a href=\"https:\/\/www.reserveatlantica.com.br\/hotel\/go-inn-sao-paulo-jaguare\">https:\/\/www.reserveatlantica.com.br\/hotel\/go-inn-sao-paulo-jaguare<\/a><\/p>\n","protected":false},"excerpt":{"rendered":"<p>Indica\u00e7\u00e3o de hotel localizado pr\u00f3ximos \u00e0 Cidade Universit\u00e1ria Go Inn Jaguar\u00e9 Av. Jaguar\u00e9, 1664 &#8211; Jaguar\u00e9, S\u00e3o Paulo &#8211; SP, 05346-000Tel: (11) 4395-7010 https:\/\/www.reserveatlantica.com.br\/hotel\/go-inn-sao-paulo-jaguare<\/p>\n","protected":false},"author":4,"featured_media":0,"parent":33,"menu_order":0,"comment_status":"closed","ping_status":"closed","template":"","meta":{"_acf_changed":false,"_monsterinsights_skip_tracking":false,"_monsterinsights_sitenote_active":false,"_monsterinsights_sitenote_note":"","_monsterinsights_sitenote_category":0,"footnotes":""},"class_list":["post-14443","page","type-page","status-publish","hentry"],"acf":[],"yoast_head":"<!-- This site is optimized with the Yoast SEO plugin v27.1.1 - https:\/\/yoast.com\/product\/yoast-seo-wordpress\/ -->\n<title>Hospedagem - XXVI SemeAd<\/title>\n<meta name=\"robots\" content=\"index, follow, max-snippet:-1, max-image-preview:large, max-video-preview:-1\" \/>\n<link rel=\"canonical\" href=\"https:\/\/semead.com.br\/26\/informacoes-uteis\/hospedagem\/\" \/>\n<meta property=\"og:locale\" content=\"pt_BR\" \/>\n<meta property=\"og:type\" content=\"article\" \/>\n<meta property=\"og:title\" content=\"Hospedagem - XXVI SemeAd\" \/>\n<meta property=\"og:description\" content=\"Indica\u00e7\u00e3o de hotel localizado pr\u00f3ximos \u00e0 Cidade Universit\u00e1ria Go Inn Jaguar\u00e9 Av. Jaguar\u00e9, 1664 &#8211; Jaguar\u00e9, S\u00e3o Paulo &#8211; SP, 05346-000Tel: (11) 4395-7010 https:\/\/www.reserveatlantica.com.br\/hotel\/go-inn-sao-paulo-jaguare\" \/>\n<meta property=\"og:url\" content=\"https:\/\/semead.com.br\/26\/informacoes-uteis\/hospedagem\/\" \/>\n<meta property=\"og:site_name\" content=\"XXVI SemeAd\" \/>\n<meta property=\"article:modified_time\" content=\"2023-11-01T22:58:21+00:00\" \/>\n<meta name=\"twitter:card\" content=\"summary_large_image\" \/>\n<meta name=\"twitter:label1\" content=\"Est. tempo de leitura\" \/>\n\t<meta name=\"twitter:data1\" content=\"1 minuto\" \/>\n<script type=\"application\/ld+json\" class=\"yoast-schema-graph\">{\"@context\":\"https:\/\/schema.org\",\"@graph\":[{\"@type\":\"WebPage\",\"@id\":\"https:\/\/semead.com.br\/26\/informacoes-uteis\/hospedagem\/\",\"url\":\"https:\/\/semead.com.br\/26\/informacoes-uteis\/hospedagem\/\",\"name\":\"Hospedagem - XXVI SemeAd\",\"isPartOf\":{\"@id\":\"https:\/\/semead.com.br\/26\/#website\"},\"datePublished\":\"2018-05-30T20:14:42+00:00\",\"dateModified\":\"2023-11-01T22:58:21+00:00\",\"breadcrumb\":{\"@id\":\"https:\/\/semead.com.br\/26\/informacoes-uteis\/hospedagem\/#breadcrumb\"},\"inLanguage\":\"pt-BR\",\"potentialAction\":[{\"@type\":\"ReadAction\",\"target\":[\"https:\/\/semead.com.br\/26\/informacoes-uteis\/hospedagem\/\"]}]},{\"@type\":\"BreadcrumbList\",\"@id\":\"https:\/\/semead.com.br\/26\/informacoes-uteis\/hospedagem\/#breadcrumb\",\"itemListElement\":[{\"@type\":\"ListItem\",\"position\":1,\"name\":\"In\u00edcio\",\"item\":\"https:\/\/semead.com.br\/26\/\"},{\"@type\":\"ListItem\",\"position\":2,\"name\":\"Informa\u00e7\u00f5es \u00fateis\",\"item\":\"https:\/\/semead.com.br\/26\/informacoes-uteis\/\"},{\"@type\":\"ListItem\",\"position\":3,\"name\":\"Hospedagem\"}]},{\"@type\":\"WebSite\",\"@id\":\"https:\/\/semead.com.br\/26\/#website\",\"url\":\"https:\/\/semead.com.br\/26\/\",\"name\":\"XXVI SemeAd\",\"description\":\"Semin\u00e1rios em Administra\u00e7\u00e3o\",\"potentialAction\":[{\"@type\":\"SearchAction\",\"target\":{\"@type\":\"EntryPoint\",\"urlTemplate\":\"https:\/\/semead.com.br\/26\/?s={search_term_string}\"},\"query-input\":{\"@type\":\"PropertyValueSpecification\",\"valueRequired\":true,\"valueName\":\"search_term_string\"}}],\"inLanguage\":\"pt-BR\"}]}<\/script>\n<!-- \/ Yoast SEO plugin. -->","yoast_head_json":{"title":"Hospedagem - XXVI SemeAd","robots":{"index":"index","follow":"follow","max-snippet":"max-snippet:-1","max-image-preview":"max-image-preview:large","max-video-preview":"max-video-preview:-1"},"canonical":"https:\/\/semead.com.br\/26\/informacoes-uteis\/hospedagem\/","og_locale":"pt_BR","og_type":"article","og_title":"Hospedagem - XXVI SemeAd","og_description":"Indica\u00e7\u00e3o de hotel localizado pr\u00f3ximos \u00e0 Cidade Universit\u00e1ria Go Inn Jaguar\u00e9 Av. Jaguar\u00e9, 1664 &#8211; Jaguar\u00e9, S\u00e3o Paulo &#8211; SP, 05346-000Tel: (11) 4395-7010 https:\/\/www.reserveatlantica.com.br\/hotel\/go-inn-sao-paulo-jaguare","og_url":"https:\/\/semead.com.br\/26\/informacoes-uteis\/hospedagem\/","og_site_name":"XXVI SemeAd","article_modified_time":"2023-11-01T22:58:21+00:00","twitter_card":"summary_large_image","twitter_misc":{"Est. tempo de leitura":"1 minuto"},"schema":{"@context":"https:\/\/schema.org","@graph":[{"@type":"WebPage","@id":"https:\/\/semead.com.br\/26\/informacoes-uteis\/hospedagem\/","url":"https:\/\/semead.com.br\/26\/informacoes-uteis\/hospedagem\/","name":"Hospedagem - XXVI SemeAd","isPartOf":{"@id":"https:\/\/semead.com.br\/26\/#website"},"datePublished":"2018-05-30T20:14:42+00:00","dateModified":"2023-11-01T22:58:21+00:00","breadcrumb":{"@id":"https:\/\/semead.com.br\/26\/informacoes-uteis\/hospedagem\/#breadcrumb"},"inLanguage":"pt-BR","potentialAction":[{"@type":"ReadAction","target":["https:\/\/semead.com.br\/26\/informacoes-uteis\/hospedagem\/"]}]},{"@type":"BreadcrumbList","@id":"https:\/\/semead.com.br\/26\/informacoes-uteis\/hospedagem\/#breadcrumb","itemListElement":[{"@type":"ListItem","position":1,"name":"In\u00edcio","item":"https:\/\/semead.com.br\/26\/"},{"@type":"ListItem","position":2,"name":"Informa\u00e7\u00f5es \u00fateis","item":"https:\/\/semead.com.br\/26\/informacoes-uteis\/"},{"@type":"ListItem","position":3,"name":"Hospedagem"}]},{"@type":"WebSite","@id":"https:\/\/semead.com.br\/26\/#website","url":"https:\/\/semead.com.br\/26\/","name":"XXVI SemeAd","description":"Semin\u00e1rios em Administra\u00e7\u00e3o","potentialAction":[{"@type":"SearchAction","target":{"@type":"EntryPoint","urlTemplate":"https:\/\/semead.com.br\/26\/?s={search_term_string}"},"query-input":{"@type":"PropertyValueSpecification","valueRequired":true,"valueName":"search_term_string"}}],"inLanguage":"pt-BR"}]}},"_links":{"self":[{"href":"https:\/\/semead.com.br\/26\/wp-json\/wp\/v2\/pages\/14443","targetHints":{"allow":["GET"]}}],"collection":[{"href":"https:\/\/semead.com.br\/26\/wp-json\/wp\/v2\/pages"}],"about":[{"href":"https:\/\/semead.com.br\/26\/wp-json\/wp\/v2\/types\/page"}],"author":[{"embeddable":true,"href":"https:\/\/semead.com.br\/26\/wp-json\/wp\/v2\/users\/4"}],"replies":[{"embeddable":true,"href":"https:\/\/semead.com.br\/26\/wp-json\/wp\/v2\/comments?post=14443"}],"version-history":[{"count":0,"href":"https:\/\/semead.com.br\/26\/wp-json\/wp\/v2\/pages\/14443\/revisions"}],"up":[{"embeddable":true,"href":"https:\/\/semead.com.br\/26\/wp-json\/wp\/v2\/pages\/33"}],"wp:attachment":[{"href":"https:\/\/semead.com.br\/26\/wp-json\/wp\/v2\/media?parent=14443"}],"curies":[{"name":"wp","href":"https:\/\/api.w.org\/{rel}","templated":true}]}}