{"id":14494,"date":"2018-07-02T15:59:31","date_gmt":"2018-07-02T18:59:31","guid":{"rendered":"https:\/\/semead.com.br\/26\/?page_id=14494"},"modified":"2023-11-01T13:21:12","modified_gmt":"2023-11-01T16:21:12","slug":"consorcio-pre-doutoral","status":"publish","type":"page","link":"https:\/\/semead.com.br\/26\/consorcio-pre-doutoral\/","title":{"rendered":"Cons\u00f3rcio Pr\u00e9 Doutoral"},"content":{"rendered":"\t\t<div data-elementor-type=\"wp-page\" data-elementor-id=\"14494\" class=\"elementor elementor-14494\">\n\t\t\t\t\t\t<section class=\"elementor-section elementor-top-section elementor-element elementor-element-bf2376b elementor-section-boxed elementor-section-height-default elementor-section-height-default\" data-id=\"bf2376b\" data-element_type=\"section\" data-e-type=\"section\">\n\t\t\t\t\t\t<div class=\"elementor-container elementor-column-gap-default\">\n\t\t\t\t\t<div class=\"elementor-column elementor-col-50 elementor-top-column elementor-element elementor-element-3898a47\" data-id=\"3898a47\" data-element_type=\"column\" data-e-type=\"column\">\n\t\t\t<div class=\"elementor-widget-wrap elementor-element-populated\">\n\t\t\t\t\t\t<div class=\"elementor-element elementor-element-21cab8c elementor-widget elementor-widget-text-editor\" data-id=\"21cab8c\" data-element_type=\"widget\" data-e-type=\"widget\" data-widget_type=\"text-editor.default\">\n\t\t\t\t<div class=\"elementor-widget-container\">\n\t\t\t\t\t\t\t\t\t<p>Caros participantes,<\/p><p>Neste ano teremos a 6\u00aa. edi\u00e7\u00e3o do Semin\u00e1rio de Prepara\u00e7\u00e3o para Processos Seletivos de Doutorado!<\/p><p>Mestres e mestrandos em fase de conclus\u00e3o do curso e que estejam planejando realizar doutorado ter\u00e3o a oportunidade de submeter seus pr\u00e9-projetos de tese a fim de receber sugest\u00f5es e contribui\u00e7\u00f5es de docentes de Programas de P\u00f3s-Gradua\u00e7\u00e3o parceiros do SemeAd.<\/p><p>Os autores dos projetos selecionados ter\u00e3o uma sess\u00e3o individual de coaching com o docente que avaliou o projeto, durante a qual receber\u00e1 dicas de aperfei\u00e7oamento do projeto.<\/p><p>Al\u00e9m disso, teremos uma palestra de esclarecimentos sobre os processos seletivos, em que os palestrantes trar\u00e3o informa\u00e7\u00f5es gerais acerca da prepara\u00e7\u00e3o para participa\u00e7\u00e3o nas sele\u00e7\u00f5es.<\/p><p>N\u00e3o deixe de submeter seus projetos ao Semin\u00e1rio de Prepara\u00e7\u00e3o para Processos Seletivos de Doutorado \u2013 Edi\u00e7\u00e3o 2023<\/p>\t\t\t\t\t\t\t\t<\/div>\n\t\t\t\t<\/div>\n\t\t\t\t\t<\/div>\n\t\t<\/div>\n\t\t\t\t<div class=\"elementor-column elementor-col-50 elementor-top-column elementor-element elementor-element-fc1af98\" data-id=\"fc1af98\" data-element_type=\"column\" data-e-type=\"column\">\n\t\t\t<div class=\"elementor-widget-wrap elementor-element-populated\">\n\t\t\t\t\t\t<div class=\"elementor-element elementor-element-f4dd28e elementor-widget-divider--view-line elementor-widget elementor-widget-divider\" data-id=\"f4dd28e\" data-element_type=\"widget\" data-e-type=\"widget\" data-widget_type=\"divider.default\">\n\t\t\t\t<div class=\"elementor-widget-container\">\n\t\t\t\t\t\t\t<div class=\"elementor-divider\">\n\t\t\t<span class=\"elementor-divider-separator\">\n\t\t\t\t\t\t<\/span>\n\t\t<\/div>\n\t\t\t\t\t\t<\/div>\n\t\t\t\t<\/div>\n\t\t\t\t<div class=\"elementor-element elementor-element-0b5f272 elementor-widget elementor-widget-video\" data-id=\"0b5f272\" data-element_type=\"widget\" data-e-type=\"widget\" data-settings=\"{&quot;youtube_url&quot;:&quot;https:\\\/\\\/www.youtube.com\\\/watch?v=9iW0v-4rBmU&quot;,&quot;video_type&quot;:&quot;youtube&quot;,&quot;controls&quot;:&quot;yes&quot;}\" data-widget_type=\"video.default\">\n\t\t\t\t<div class=\"elementor-widget-container\">\n\t\t\t\t\t\t\t<div class=\"elementor-wrapper elementor-open-inline\">\n\t\t\t<div class=\"elementor-video\"><\/div>\t\t<\/div>\n\t\t\t\t\t\t<\/div>\n\t\t\t\t<\/div>\n\t\t\t\t\t<\/div>\n\t\t<\/div>\n\t\t\t\t\t<\/div>\n\t\t<\/section>\n\t\t\t\t<\/div>\n\t\t","protected":false},"excerpt":{"rendered":"<p>Caros participantes, Neste ano teremos a 6\u00aa. edi\u00e7\u00e3o do Semin\u00e1rio de Prepara\u00e7\u00e3o para Processos Seletivos de Doutorado! Mestres e mestrandos em fase de conclus\u00e3o do curso e que estejam planejando realizar doutorado ter\u00e3o a oportunidade de submeter seus pr\u00e9-projetos de tese a fim de receber sugest\u00f5es e contribui\u00e7\u00f5es de docentes de Programas de P\u00f3s-Gradua\u00e7\u00e3o parceiros&#8230;<\/p>\n","protected":false},"author":4,"featured_media":0,"parent":0,"menu_order":0,"comment_status":"closed","ping_status":"closed","template":"temas.php","meta":{"_acf_changed":false,"_monsterinsights_skip_tracking":false,"_monsterinsights_sitenote_active":false,"_monsterinsights_sitenote_note":"","_monsterinsights_sitenote_category":0,"footnotes":""},"class_list":["post-14494","page","type-page","status-publish","hentry"],"acf":[],"yoast_head":"<!-- This site is optimized with the Yoast SEO plugin v27.1.1 - https:\/\/yoast.com\/product\/yoast-seo-wordpress\/ -->\n<title>Cons\u00f3rcio Pr\u00e9 Doutoral - XXVI SemeAd<\/title>\n<meta name=\"robots\" content=\"index, follow, max-snippet:-1, max-image-preview:large, max-video-preview:-1\" \/>\n<link rel=\"canonical\" href=\"https:\/\/semead.com.br\/26\/consorcio-pre-doutoral\/\" \/>\n<meta property=\"og:locale\" content=\"pt_BR\" \/>\n<meta property=\"og:type\" content=\"article\" \/>\n<meta property=\"og:title\" content=\"Cons\u00f3rcio Pr\u00e9 Doutoral - XXVI SemeAd\" \/>\n<meta property=\"og:description\" content=\"Caros participantes, Neste ano teremos a 6\u00aa. edi\u00e7\u00e3o do Semin\u00e1rio de Prepara\u00e7\u00e3o para Processos Seletivos de Doutorado! Mestres e mestrandos em fase de conclus\u00e3o do curso e que estejam planejando realizar doutorado ter\u00e3o a oportunidade de submeter seus pr\u00e9-projetos de tese a fim de receber sugest\u00f5es e contribui\u00e7\u00f5es de docentes de Programas de P\u00f3s-Gradua\u00e7\u00e3o parceiros...\" \/>\n<meta property=\"og:url\" content=\"https:\/\/semead.com.br\/26\/consorcio-pre-doutoral\/\" \/>\n<meta property=\"og:site_name\" content=\"XXVI SemeAd\" \/>\n<meta property=\"article:modified_time\" content=\"2023-11-01T16:21:12+00:00\" \/>\n<meta name=\"twitter:card\" content=\"summary_large_image\" \/>\n<meta name=\"twitter:label1\" content=\"Est. tempo de leitura\" \/>\n\t<meta name=\"twitter:data1\" content=\"4 minutos\" \/>\n<script type=\"application\/ld+json\" class=\"yoast-schema-graph\">{\"@context\":\"https:\/\/schema.org\",\"@graph\":[{\"@type\":\"WebPage\",\"@id\":\"https:\/\/semead.com.br\/26\/consorcio-pre-doutoral\/\",\"url\":\"https:\/\/semead.com.br\/26\/consorcio-pre-doutoral\/\",\"name\":\"Cons\u00f3rcio Pr\u00e9 Doutoral - XXVI SemeAd\",\"isPartOf\":{\"@id\":\"https:\/\/semead.com.br\/26\/#website\"},\"datePublished\":\"2018-07-02T18:59:31+00:00\",\"dateModified\":\"2023-11-01T16:21:12+00:00\",\"breadcrumb\":{\"@id\":\"https:\/\/semead.com.br\/26\/consorcio-pre-doutoral\/#breadcrumb\"},\"inLanguage\":\"pt-BR\",\"potentialAction\":[{\"@type\":\"ReadAction\",\"target\":[\"https:\/\/semead.com.br\/26\/consorcio-pre-doutoral\/\"]}]},{\"@type\":\"BreadcrumbList\",\"@id\":\"https:\/\/semead.com.br\/26\/consorcio-pre-doutoral\/#breadcrumb\",\"itemListElement\":[{\"@type\":\"ListItem\",\"position\":1,\"name\":\"In\u00edcio\",\"item\":\"https:\/\/semead.com.br\/26\/\"},{\"@type\":\"ListItem\",\"position\":2,\"name\":\"Cons\u00f3rcio Pr\u00e9 Doutoral\"}]},{\"@type\":\"WebSite\",\"@id\":\"https:\/\/semead.com.br\/26\/#website\",\"url\":\"https:\/\/semead.com.br\/26\/\",\"name\":\"XXVI SemeAd\",\"description\":\"Semin\u00e1rios em Administra\u00e7\u00e3o\",\"potentialAction\":[{\"@type\":\"SearchAction\",\"target\":{\"@type\":\"EntryPoint\",\"urlTemplate\":\"https:\/\/semead.com.br\/26\/?s={search_term_string}\"},\"query-input\":{\"@type\":\"PropertyValueSpecification\",\"valueRequired\":true,\"valueName\":\"search_term_string\"}}],\"inLanguage\":\"pt-BR\"}]}<\/script>\n<!-- \/ Yoast SEO plugin. -->","yoast_head_json":{"title":"Cons\u00f3rcio Pr\u00e9 Doutoral - XXVI SemeAd","robots":{"index":"index","follow":"follow","max-snippet":"max-snippet:-1","max-image-preview":"max-image-preview:large","max-video-preview":"max-video-preview:-1"},"canonical":"https:\/\/semead.com.br\/26\/consorcio-pre-doutoral\/","og_locale":"pt_BR","og_type":"article","og_title":"Cons\u00f3rcio Pr\u00e9 Doutoral - XXVI SemeAd","og_description":"Caros participantes, Neste ano teremos a 6\u00aa. edi\u00e7\u00e3o do Semin\u00e1rio de Prepara\u00e7\u00e3o para Processos Seletivos de Doutorado! Mestres e mestrandos em fase de conclus\u00e3o do curso e que estejam planejando realizar doutorado ter\u00e3o a oportunidade de submeter seus pr\u00e9-projetos de tese a fim de receber sugest\u00f5es e contribui\u00e7\u00f5es de docentes de Programas de P\u00f3s-Gradua\u00e7\u00e3o parceiros...","og_url":"https:\/\/semead.com.br\/26\/consorcio-pre-doutoral\/","og_site_name":"XXVI SemeAd","article_modified_time":"2023-11-01T16:21:12+00:00","twitter_card":"summary_large_image","twitter_misc":{"Est. tempo de leitura":"4 minutos"},"schema":{"@context":"https:\/\/schema.org","@graph":[{"@type":"WebPage","@id":"https:\/\/semead.com.br\/26\/consorcio-pre-doutoral\/","url":"https:\/\/semead.com.br\/26\/consorcio-pre-doutoral\/","name":"Cons\u00f3rcio Pr\u00e9 Doutoral - XXVI SemeAd","isPartOf":{"@id":"https:\/\/semead.com.br\/26\/#website"},"datePublished":"2018-07-02T18:59:31+00:00","dateModified":"2023-11-01T16:21:12+00:00","breadcrumb":{"@id":"https:\/\/semead.com.br\/26\/consorcio-pre-doutoral\/#breadcrumb"},"inLanguage":"pt-BR","potentialAction":[{"@type":"ReadAction","target":["https:\/\/semead.com.br\/26\/consorcio-pre-doutoral\/"]}]},{"@type":"BreadcrumbList","@id":"https:\/\/semead.com.br\/26\/consorcio-pre-doutoral\/#breadcrumb","itemListElement":[{"@type":"ListItem","position":1,"name":"In\u00edcio","item":"https:\/\/semead.com.br\/26\/"},{"@type":"ListItem","position":2,"name":"Cons\u00f3rcio Pr\u00e9 Doutoral"}]},{"@type":"WebSite","@id":"https:\/\/semead.com.br\/26\/#website","url":"https:\/\/semead.com.br\/26\/","name":"XXVI SemeAd","description":"Semin\u00e1rios em Administra\u00e7\u00e3o","potentialAction":[{"@type":"SearchAction","target":{"@type":"EntryPoint","urlTemplate":"https:\/\/semead.com.br\/26\/?s={search_term_string}"},"query-input":{"@type":"PropertyValueSpecification","valueRequired":true,"valueName":"search_term_string"}}],"inLanguage":"pt-BR"}]}},"_links":{"self":[{"href":"https:\/\/semead.com.br\/26\/wp-json\/wp\/v2\/pages\/14494","targetHints":{"allow":["GET"]}}],"collection":[{"href":"https:\/\/semead.com.br\/26\/wp-json\/wp\/v2\/pages"}],"about":[{"href":"https:\/\/semead.com.br\/26\/wp-json\/wp\/v2\/types\/page"}],"author":[{"embeddable":true,"href":"https:\/\/semead.com.br\/26\/wp-json\/wp\/v2\/users\/4"}],"replies":[{"embeddable":true,"href":"https:\/\/semead.com.br\/26\/wp-json\/wp\/v2\/comments?post=14494"}],"version-history":[{"count":0,"href":"https:\/\/semead.com.br\/26\/wp-json\/wp\/v2\/pages\/14494\/revisions"}],"wp:attachment":[{"href":"https:\/\/semead.com.br\/26\/wp-json\/wp\/v2\/media?parent=14494"}],"curies":[{"name":"wp","href":"https:\/\/api.w.org\/{rel}","templated":true}]}}