{"id":17036,"date":"2020-10-07T09:57:20","date_gmt":"2020-10-07T12:57:20","guid":{"rendered":"https:\/\/semead.com.br\/26\/?page_id=17036"},"modified":"2023-04-28T15:34:26","modified_gmt":"2023-04-28T18:34:26","slug":"sessoes-on-line","status":"publish","type":"page","link":"https:\/\/semead.com.br\/26\/sessoes-on-line\/","title":{"rendered":"Sess\u00f5es On-Line"},"content":{"rendered":"\n<figure class=\"wp-block-image size-full is-resized\"><img decoding=\"async\" src=\"https:\/\/semead.com.br\/26\/wp-content\/uploads\/sites\/17\/2020\/10\/Timeline-2.png\" alt=\"\" class=\"wp-image-17037\" width=\"1210\" srcset=\"https:\/\/semead.com.br\/26\/wp-content\/uploads\/sites\/17\/2020\/10\/Timeline-2.png 2464w, https:\/\/semead.com.br\/26\/wp-content\/uploads\/sites\/17\/2020\/10\/Timeline-2-166x300.png 166w, https:\/\/semead.com.br\/26\/wp-content\/uploads\/sites\/17\/2020\/10\/Timeline-2-568x1024.png 568w, https:\/\/semead.com.br\/26\/wp-content\/uploads\/sites\/17\/2020\/10\/Timeline-2-768x1385.png 768w, https:\/\/semead.com.br\/26\/wp-content\/uploads\/sites\/17\/2020\/10\/Timeline-2-852x1536.png 852w, https:\/\/semead.com.br\/26\/wp-content\/uploads\/sites\/17\/2020\/10\/Timeline-2-1136x2048.png 1136w\" sizes=\"(max-width: 2464px) 100vw, 2464px\" \/><\/figure>\n","protected":false},"excerpt":{"rendered":"","protected":false},"author":4,"featured_media":0,"parent":0,"menu_order":0,"comment_status":"closed","ping_status":"closed","template":"","meta":{"_acf_changed":false,"_monsterinsights_skip_tracking":false,"_monsterinsights_sitenote_active":false,"_monsterinsights_sitenote_note":"","_monsterinsights_sitenote_category":0,"footnotes":""},"class_list":["post-17036","page","type-page","status-publish","hentry"],"acf":[],"yoast_head":"<!-- This site is optimized with the Yoast SEO plugin v27.1.1 - https:\/\/yoast.com\/product\/yoast-seo-wordpress\/ -->\n<title>Sess\u00f5es On-Line - XXVI SemeAd<\/title>\n<meta name=\"robots\" content=\"index, follow, max-snippet:-1, max-image-preview:large, max-video-preview:-1\" \/>\n<link rel=\"canonical\" href=\"https:\/\/semead.com.br\/26\/sessoes-on-line\/\" \/>\n<meta property=\"og:locale\" content=\"pt_BR\" \/>\n<meta property=\"og:type\" content=\"article\" \/>\n<meta property=\"og:title\" content=\"Sess\u00f5es On-Line - XXVI SemeAd\" \/>\n<meta property=\"og:url\" content=\"https:\/\/semead.com.br\/26\/sessoes-on-line\/\" \/>\n<meta property=\"og:site_name\" content=\"XXVI SemeAd\" \/>\n<meta property=\"article:modified_time\" content=\"2023-04-28T18:34:26+00:00\" \/>\n<meta property=\"og:image\" content=\"https:\/\/semead.com.br\/26\/wp-content\/uploads\/sites\/17\/2020\/10\/Timeline-2.png\" \/>\n<meta name=\"twitter:card\" content=\"summary_large_image\" \/>\n<script type=\"application\/ld+json\" class=\"yoast-schema-graph\">{\"@context\":\"https:\/\/schema.org\",\"@graph\":[{\"@type\":\"WebPage\",\"@id\":\"https:\/\/semead.com.br\/26\/sessoes-on-line\/\",\"url\":\"https:\/\/semead.com.br\/26\/sessoes-on-line\/\",\"name\":\"Sess\u00f5es On-Line - XXVI SemeAd\",\"isPartOf\":{\"@id\":\"https:\/\/semead.com.br\/26\/#website\"},\"primaryImageOfPage\":{\"@id\":\"https:\/\/semead.com.br\/26\/sessoes-on-line\/#primaryimage\"},\"image\":{\"@id\":\"https:\/\/semead.com.br\/26\/sessoes-on-line\/#primaryimage\"},\"thumbnailUrl\":\"https:\/\/semead.com.br\/26\/wp-content\/uploads\/sites\/17\/2020\/10\/Timeline-2.png\",\"datePublished\":\"2020-10-07T12:57:20+00:00\",\"dateModified\":\"2023-04-28T18:34:26+00:00\",\"breadcrumb\":{\"@id\":\"https:\/\/semead.com.br\/26\/sessoes-on-line\/#breadcrumb\"},\"inLanguage\":\"pt-BR\",\"potentialAction\":[{\"@type\":\"ReadAction\",\"target\":[\"https:\/\/semead.com.br\/26\/sessoes-on-line\/\"]}]},{\"@type\":\"ImageObject\",\"inLanguage\":\"pt-BR\",\"@id\":\"https:\/\/semead.com.br\/26\/sessoes-on-line\/#primaryimage\",\"url\":\"https:\/\/semead.com.br\/26\/wp-content\/uploads\/sites\/17\/2020\/10\/Timeline-2.png\",\"contentUrl\":\"https:\/\/semead.com.br\/26\/wp-content\/uploads\/sites\/17\/2020\/10\/Timeline-2.png\",\"width\":2464,\"height\":4443},{\"@type\":\"BreadcrumbList\",\"@id\":\"https:\/\/semead.com.br\/26\/sessoes-on-line\/#breadcrumb\",\"itemListElement\":[{\"@type\":\"ListItem\",\"position\":1,\"name\":\"In\u00edcio\",\"item\":\"https:\/\/semead.com.br\/26\/\"},{\"@type\":\"ListItem\",\"position\":2,\"name\":\"Sess\u00f5es On-Line\"}]},{\"@type\":\"WebSite\",\"@id\":\"https:\/\/semead.com.br\/26\/#website\",\"url\":\"https:\/\/semead.com.br\/26\/\",\"name\":\"XXVI SemeAd\",\"description\":\"Semin\u00e1rios em Administra\u00e7\u00e3o\",\"potentialAction\":[{\"@type\":\"SearchAction\",\"target\":{\"@type\":\"EntryPoint\",\"urlTemplate\":\"https:\/\/semead.com.br\/26\/?s={search_term_string}\"},\"query-input\":{\"@type\":\"PropertyValueSpecification\",\"valueRequired\":true,\"valueName\":\"search_term_string\"}}],\"inLanguage\":\"pt-BR\"}]}<\/script>\n<!-- \/ Yoast SEO plugin. -->","yoast_head_json":{"title":"Sess\u00f5es On-Line - XXVI SemeAd","robots":{"index":"index","follow":"follow","max-snippet":"max-snippet:-1","max-image-preview":"max-image-preview:large","max-video-preview":"max-video-preview:-1"},"canonical":"https:\/\/semead.com.br\/26\/sessoes-on-line\/","og_locale":"pt_BR","og_type":"article","og_title":"Sess\u00f5es On-Line - XXVI SemeAd","og_url":"https:\/\/semead.com.br\/26\/sessoes-on-line\/","og_site_name":"XXVI SemeAd","article_modified_time":"2023-04-28T18:34:26+00:00","og_image":[{"url":"https:\/\/semead.com.br\/26\/wp-content\/uploads\/sites\/17\/2020\/10\/Timeline-2.png","type":"","width":"","height":""}],"twitter_card":"summary_large_image","schema":{"@context":"https:\/\/schema.org","@graph":[{"@type":"WebPage","@id":"https:\/\/semead.com.br\/26\/sessoes-on-line\/","url":"https:\/\/semead.com.br\/26\/sessoes-on-line\/","name":"Sess\u00f5es On-Line - XXVI SemeAd","isPartOf":{"@id":"https:\/\/semead.com.br\/26\/#website"},"primaryImageOfPage":{"@id":"https:\/\/semead.com.br\/26\/sessoes-on-line\/#primaryimage"},"image":{"@id":"https:\/\/semead.com.br\/26\/sessoes-on-line\/#primaryimage"},"thumbnailUrl":"https:\/\/semead.com.br\/26\/wp-content\/uploads\/sites\/17\/2020\/10\/Timeline-2.png","datePublished":"2020-10-07T12:57:20+00:00","dateModified":"2023-04-28T18:34:26+00:00","breadcrumb":{"@id":"https:\/\/semead.com.br\/26\/sessoes-on-line\/#breadcrumb"},"inLanguage":"pt-BR","potentialAction":[{"@type":"ReadAction","target":["https:\/\/semead.com.br\/26\/sessoes-on-line\/"]}]},{"@type":"ImageObject","inLanguage":"pt-BR","@id":"https:\/\/semead.com.br\/26\/sessoes-on-line\/#primaryimage","url":"https:\/\/semead.com.br\/26\/wp-content\/uploads\/sites\/17\/2020\/10\/Timeline-2.png","contentUrl":"https:\/\/semead.com.br\/26\/wp-content\/uploads\/sites\/17\/2020\/10\/Timeline-2.png","width":2464,"height":4443},{"@type":"BreadcrumbList","@id":"https:\/\/semead.com.br\/26\/sessoes-on-line\/#breadcrumb","itemListElement":[{"@type":"ListItem","position":1,"name":"In\u00edcio","item":"https:\/\/semead.com.br\/26\/"},{"@type":"ListItem","position":2,"name":"Sess\u00f5es On-Line"}]},{"@type":"WebSite","@id":"https:\/\/semead.com.br\/26\/#website","url":"https:\/\/semead.com.br\/26\/","name":"XXVI SemeAd","description":"Semin\u00e1rios em Administra\u00e7\u00e3o","potentialAction":[{"@type":"SearchAction","target":{"@type":"EntryPoint","urlTemplate":"https:\/\/semead.com.br\/26\/?s={search_term_string}"},"query-input":{"@type":"PropertyValueSpecification","valueRequired":true,"valueName":"search_term_string"}}],"inLanguage":"pt-BR"}]}},"_links":{"self":[{"href":"https:\/\/semead.com.br\/26\/wp-json\/wp\/v2\/pages\/17036","targetHints":{"allow":["GET"]}}],"collection":[{"href":"https:\/\/semead.com.br\/26\/wp-json\/wp\/v2\/pages"}],"about":[{"href":"https:\/\/semead.com.br\/26\/wp-json\/wp\/v2\/types\/page"}],"author":[{"embeddable":true,"href":"https:\/\/semead.com.br\/26\/wp-json\/wp\/v2\/users\/4"}],"replies":[{"embeddable":true,"href":"https:\/\/semead.com.br\/26\/wp-json\/wp\/v2\/comments?post=17036"}],"version-history":[{"count":0,"href":"https:\/\/semead.com.br\/26\/wp-json\/wp\/v2\/pages\/17036\/revisions"}],"wp:attachment":[{"href":"https:\/\/semead.com.br\/26\/wp-json\/wp\/v2\/media?parent=17036"}],"curies":[{"name":"wp","href":"https:\/\/api.w.org\/{rel}","templated":true}]}}