{"id":19713,"date":"2021-06-15T10:24:03","date_gmt":"2021-06-15T13:24:03","guid":{"rendered":"https:\/\/semead.com.br\/26\/?page_id=19713"},"modified":"2023-06-22T13:12:21","modified_gmt":"2023-06-22T16:12:21","slug":"pre-doctoral-consortium","status":"publish","type":"page","link":"https:\/\/semead.com.br\/26\/pre-doctoral-consortium\/","title":{"rendered":"Pre-Doctoral Consortium"},"content":{"rendered":"\t\t<div data-elementor-type=\"wp-page\" data-elementor-id=\"19713\" class=\"elementor elementor-19713\">\n\t\t\t\t\t\t<section class=\"elementor-section elementor-top-section elementor-element elementor-element-fad61b7 elementor-section-boxed elementor-section-height-default elementor-section-height-default\" data-id=\"fad61b7\" data-element_type=\"section\" data-e-type=\"section\">\n\t\t\t\t\t\t<div class=\"elementor-container elementor-column-gap-default\">\n\t\t\t\t\t<div class=\"elementor-column elementor-col-50 elementor-top-column elementor-element elementor-element-fc6e47e\" data-id=\"fc6e47e\" data-element_type=\"column\" data-e-type=\"column\">\n\t\t\t<div class=\"elementor-widget-wrap elementor-element-populated\">\n\t\t\t\t\t\t<div class=\"elementor-element elementor-element-90c4a12 elementor-widget elementor-widget-text-editor\" data-id=\"90c4a12\" data-element_type=\"widget\" data-e-type=\"widget\" data-widget_type=\"text-editor.default\">\n\t\t\t\t<div class=\"elementor-widget-container\">\n\t\t\t\t\t\t\t\t\t<p>Dear participants,<\/p><p>This year we will have the 6th. edition of the Preparation Seminar for Doctoral Selection Processes!<\/p><p>Masters and Master&#8217;s students nearing the end of their course and who are planning to pursue a doctorate will have the opportunity to submit their thesis pre-projects in order to receive suggestions and contributions from professors of Graduate Programs partners of SemeAd.<\/p><p>The authors of the selected projects will have an individual coaching session with the professor who evaluated the project, during which they will receive tips for improving the project.<\/p><p>In addition, we will have a clarification lecture on the selection processes, in which the speakers will bring general information about preparation for participation in the selections.<\/p><p>Be sure to submit your projects to the Preparation Seminar for Doctoral Selection Processes \u2013 2023 Edition<\/p>\t\t\t\t\t\t\t\t<\/div>\n\t\t\t\t<\/div>\n\t\t\t\t\t<\/div>\n\t\t<\/div>\n\t\t\t\t<div class=\"elementor-column elementor-col-50 elementor-top-column elementor-element elementor-element-19500ae\" data-id=\"19500ae\" data-element_type=\"column\" data-e-type=\"column\">\n\t\t\t<div class=\"elementor-widget-wrap elementor-element-populated\">\n\t\t\t\t\t\t<div class=\"elementor-element elementor-element-8424881 elementor-widget-divider--view-line elementor-widget elementor-widget-divider\" data-id=\"8424881\" data-element_type=\"widget\" data-e-type=\"widget\" data-widget_type=\"divider.default\">\n\t\t\t\t<div class=\"elementor-widget-container\">\n\t\t\t\t\t\t\t<div class=\"elementor-divider\">\n\t\t\t<span class=\"elementor-divider-separator\">\n\t\t\t\t\t\t<\/span>\n\t\t<\/div>\n\t\t\t\t\t\t<\/div>\n\t\t\t\t<\/div>\n\t\t\t\t<div class=\"elementor-element elementor-element-f0ff3ad elementor-widget elementor-widget-video\" data-id=\"f0ff3ad\" data-element_type=\"widget\" data-e-type=\"widget\" data-settings=\"{&quot;youtube_url&quot;:&quot;https:\\\/\\\/www.youtube.com\\\/watch?v=9iW0v-4rBmU&quot;,&quot;video_type&quot;:&quot;youtube&quot;,&quot;controls&quot;:&quot;yes&quot;}\" data-widget_type=\"video.default\">\n\t\t\t\t<div class=\"elementor-widget-container\">\n\t\t\t\t\t\t\t<div class=\"elementor-wrapper elementor-open-inline\">\n\t\t\t<div class=\"elementor-video\"><\/div>\t\t<\/div>\n\t\t\t\t\t\t<\/div>\n\t\t\t\t<\/div>\n\t\t\t\t\t<\/div>\n\t\t<\/div>\n\t\t\t\t\t<\/div>\n\t\t<\/section>\n\t\t\t\t<\/div>\n\t\t","protected":false},"excerpt":{"rendered":"<p>Dear participants, This year we will have the 6th. edition of the Preparation Seminar for Doctoral Selection Processes! Masters and Master&#8217;s students nearing the end of their course and who are planning to pursue a doctorate will have the opportunity to submit their thesis pre-projects in order to receive suggestions and contributions from professors of&#8230;<\/p>\n","protected":false},"author":8,"featured_media":0,"parent":0,"menu_order":0,"comment_status":"closed","ping_status":"closed","template":"temas.php","meta":{"_acf_changed":false,"_monsterinsights_skip_tracking":false,"_monsterinsights_sitenote_active":false,"_monsterinsights_sitenote_note":"","_monsterinsights_sitenote_category":0,"footnotes":""},"class_list":["post-19713","page","type-page","status-publish","hentry"],"acf":[],"yoast_head":"<!-- This site is optimized with the Yoast SEO plugin v27.5 - https:\/\/yoast.com\/product\/yoast-seo-wordpress\/ -->\n<title>Pre-Doctoral Consortium - XXVI SemeAd<\/title>\n<meta name=\"robots\" content=\"index, follow, max-snippet:-1, max-image-preview:large, max-video-preview:-1\" \/>\n<link rel=\"canonical\" href=\"https:\/\/semead.com.br\/26\/pre-doctoral-consortium\/?lang=en\" \/>\n<meta property=\"og:locale\" content=\"pt_BR\" \/>\n<meta property=\"og:type\" content=\"article\" \/>\n<meta property=\"og:title\" content=\"Pre-Doctoral Consortium - XXVI SemeAd\" \/>\n<meta property=\"og:description\" content=\"Dear participants, This year we will have the 6th. edition of the Preparation Seminar for Doctoral Selection Processes! Masters and Master&#8217;s students nearing the end of their course and who are planning to pursue a doctorate will have the opportunity to submit their thesis pre-projects in order to receive suggestions and contributions from professors of...\" \/>\n<meta property=\"og:url\" content=\"https:\/\/semead.com.br\/26\/pre-doctoral-consortium\/?lang=en\" \/>\n<meta property=\"og:site_name\" content=\"XXVI SemeAd\" \/>\n<meta property=\"article:modified_time\" content=\"2023-06-22T16:12:21+00:00\" \/>\n<meta name=\"twitter:card\" content=\"summary_large_image\" \/>\n<meta name=\"twitter:label1\" content=\"Est. tempo de leitura\" \/>\n\t<meta name=\"twitter:data1\" content=\"4 minutos\" \/>\n<script type=\"application\/ld+json\" class=\"yoast-schema-graph\">{\"@context\":\"https:\\\/\\\/schema.org\",\"@graph\":[{\"@type\":\"WebPage\",\"@id\":\"https:\\\/\\\/semead.com.br\\\/26\\\/pre-doctoral-consortium\\\/?lang=en\",\"url\":\"https:\\\/\\\/semead.com.br\\\/26\\\/pre-doctoral-consortium\\\/?lang=en\",\"name\":\"Pre-Doctoral Consortium - XXVI SemeAd\",\"isPartOf\":{\"@id\":\"https:\\\/\\\/semead.com.br\\\/26\\\/#website\"},\"datePublished\":\"2021-06-15T13:24:03+00:00\",\"dateModified\":\"2023-06-22T16:12:21+00:00\",\"breadcrumb\":{\"@id\":\"https:\\\/\\\/semead.com.br\\\/26\\\/pre-doctoral-consortium\\\/?lang=en#breadcrumb\"},\"inLanguage\":\"pt-BR\",\"potentialAction\":[{\"@type\":\"ReadAction\",\"target\":[\"https:\\\/\\\/semead.com.br\\\/26\\\/pre-doctoral-consortium\\\/?lang=en\"]}]},{\"@type\":\"BreadcrumbList\",\"@id\":\"https:\\\/\\\/semead.com.br\\\/26\\\/pre-doctoral-consortium\\\/?lang=en#breadcrumb\",\"itemListElement\":[{\"@type\":\"ListItem\",\"position\":1,\"name\":\"In\u00edcio\",\"item\":\"https:\\\/\\\/semead.com.br\\\/26\\\/\"},{\"@type\":\"ListItem\",\"position\":2,\"name\":\"Pre-Doctoral Consortium\"}]},{\"@type\":\"WebSite\",\"@id\":\"https:\\\/\\\/semead.com.br\\\/26\\\/#website\",\"url\":\"https:\\\/\\\/semead.com.br\\\/26\\\/\",\"name\":\"XXVI SemeAd\",\"description\":\"Semin\u00e1rios em Administra\u00e7\u00e3o\",\"potentialAction\":[{\"@type\":\"SearchAction\",\"target\":{\"@type\":\"EntryPoint\",\"urlTemplate\":\"https:\\\/\\\/semead.com.br\\\/26\\\/?s={search_term_string}\"},\"query-input\":{\"@type\":\"PropertyValueSpecification\",\"valueRequired\":true,\"valueName\":\"search_term_string\"}}],\"inLanguage\":\"pt-BR\"}]}<\/script>\n<!-- \/ Yoast SEO plugin. -->","yoast_head_json":{"title":"Pre-Doctoral Consortium - XXVI SemeAd","robots":{"index":"index","follow":"follow","max-snippet":"max-snippet:-1","max-image-preview":"max-image-preview:large","max-video-preview":"max-video-preview:-1"},"canonical":"https:\/\/semead.com.br\/26\/pre-doctoral-consortium\/?lang=en","og_locale":"pt_BR","og_type":"article","og_title":"Pre-Doctoral Consortium - XXVI SemeAd","og_description":"Dear participants, This year we will have the 6th. edition of the Preparation Seminar for Doctoral Selection Processes! Masters and Master&#8217;s students nearing the end of their course and who are planning to pursue a doctorate will have the opportunity to submit their thesis pre-projects in order to receive suggestions and contributions from professors of...","og_url":"https:\/\/semead.com.br\/26\/pre-doctoral-consortium\/?lang=en","og_site_name":"XXVI SemeAd","article_modified_time":"2023-06-22T16:12:21+00:00","twitter_card":"summary_large_image","twitter_misc":{"Est. tempo de leitura":"4 minutos"},"schema":{"@context":"https:\/\/schema.org","@graph":[{"@type":"WebPage","@id":"https:\/\/semead.com.br\/26\/pre-doctoral-consortium\/?lang=en","url":"https:\/\/semead.com.br\/26\/pre-doctoral-consortium\/?lang=en","name":"Pre-Doctoral Consortium - XXVI SemeAd","isPartOf":{"@id":"https:\/\/semead.com.br\/26\/#website"},"datePublished":"2021-06-15T13:24:03+00:00","dateModified":"2023-06-22T16:12:21+00:00","breadcrumb":{"@id":"https:\/\/semead.com.br\/26\/pre-doctoral-consortium\/?lang=en#breadcrumb"},"inLanguage":"pt-BR","potentialAction":[{"@type":"ReadAction","target":["https:\/\/semead.com.br\/26\/pre-doctoral-consortium\/?lang=en"]}]},{"@type":"BreadcrumbList","@id":"https:\/\/semead.com.br\/26\/pre-doctoral-consortium\/?lang=en#breadcrumb","itemListElement":[{"@type":"ListItem","position":1,"name":"In\u00edcio","item":"https:\/\/semead.com.br\/26\/"},{"@type":"ListItem","position":2,"name":"Pre-Doctoral Consortium"}]},{"@type":"WebSite","@id":"https:\/\/semead.com.br\/26\/#website","url":"https:\/\/semead.com.br\/26\/","name":"XXVI SemeAd","description":"Semin\u00e1rios em Administra\u00e7\u00e3o","potentialAction":[{"@type":"SearchAction","target":{"@type":"EntryPoint","urlTemplate":"https:\/\/semead.com.br\/26\/?s={search_term_string}"},"query-input":{"@type":"PropertyValueSpecification","valueRequired":true,"valueName":"search_term_string"}}],"inLanguage":"pt-BR"}]}},"_links":{"self":[{"href":"https:\/\/semead.com.br\/26\/wp-json\/wp\/v2\/pages\/19713","targetHints":{"allow":["GET"]}}],"collection":[{"href":"https:\/\/semead.com.br\/26\/wp-json\/wp\/v2\/pages"}],"about":[{"href":"https:\/\/semead.com.br\/26\/wp-json\/wp\/v2\/types\/page"}],"author":[{"embeddable":true,"href":"https:\/\/semead.com.br\/26\/wp-json\/wp\/v2\/users\/8"}],"replies":[{"embeddable":true,"href":"https:\/\/semead.com.br\/26\/wp-json\/wp\/v2\/comments?post=19713"}],"version-history":[{"count":0,"href":"https:\/\/semead.com.br\/26\/wp-json\/wp\/v2\/pages\/19713\/revisions"}],"wp:attachment":[{"href":"https:\/\/semead.com.br\/26\/wp-json\/wp\/v2\/media?parent=19713"}],"curies":[{"name":"wp","href":"https:\/\/api.w.org\/{rel}","templated":true}]}}