{"id":21566,"date":"2021-07-05T21:50:19","date_gmt":"2021-07-06T00:50:19","guid":{"rendered":"https:\/\/semead.com.br\/26\/?page_id=21566"},"modified":"2023-06-02T15:29:40","modified_gmt":"2023-06-02T18:29:40","slug":"regras-para-submissao-ao-consorcio","status":"publish","type":"page","link":"https:\/\/semead.com.br\/26\/regras-para-submissao-ao-consorcio\/","title":{"rendered":"Regras para Submiss\u00e3o ao Cons\u00f3rcio"},"content":{"rendered":"\t\t<div data-elementor-type=\"wp-page\" data-elementor-id=\"21566\" class=\"elementor elementor-21566\">\n\t\t\t\t\t\t<section class=\"elementor-section elementor-top-section elementor-element elementor-element-bca624b elementor-section-boxed elementor-section-height-default elementor-section-height-default\" data-id=\"bca624b\" data-element_type=\"section\" data-e-type=\"section\">\n\t\t\t\t\t\t<div class=\"elementor-container elementor-column-gap-default\">\n\t\t\t\t\t<div class=\"elementor-column elementor-col-100 elementor-top-column elementor-element elementor-element-1a57b7a\" data-id=\"1a57b7a\" data-element_type=\"column\" data-e-type=\"column\">\n\t\t\t<div class=\"elementor-widget-wrap elementor-element-populated\">\n\t\t\t\t\t\t<div class=\"elementor-element elementor-element-12818a0 elementor-widget elementor-widget-text-editor\" data-id=\"12818a0\" data-element_type=\"widget\" data-e-type=\"widget\" data-widget_type=\"text-editor.default\">\n\t\t\t\t<div class=\"elementor-widget-container\">\n\t\t\t\t\t\t\t\t\t<p align=\"justify\"><span style=\"color: #444444\"><span style=\"font-family: Arial, serif\"><span style=\"font-size: medium\"><b>Apresenta\u00e7\u00e3o do Cons\u00f3rcio Doutoral<\/b><\/span><\/span><\/span><\/p><p align=\"justify\"><span style=\"color: #444444\"><span style=\"font-family: Arial, serif\"><span style=\"font-size: medium\">O projeto de tese dever\u00e1 ser submetido no formato de artigo cient\u00edfico de acordo com as instru\u00e7\u00f5es a seguir.<\/span><\/span><\/span><\/p><p align=\"justify\"><span style=\"color: #444444\"><span style=\"font-family: Arial, serif\"><span style=\"font-size: medium\"><b>Formata\u00e7\u00e3o do Trabalho:<\/b><\/span><\/span><\/span><\/p><p><span style=\"color: #444444\">\u2013 <span style=\"font-family: Arial, serif\"><span style=\"font-size: medium\">Formato do papel: A4;<br \/>\u2013 Fonte: Times New Roman\/ tamanho 12;<br \/>\u2013 Espa\u00e7amento: simples, texto disposto em uma coluna;<br \/>\u2013 Alinhamento: justificado;<br \/>\u2013 Margens: Superior: 3 cm; inferior: 2 cm; esquerda: 3 cm; direita: 2 cm<br \/>\u2013 Pagina\u00e7\u00e3o: inserir n\u00famero de p\u00e1ginas no rodap\u00e9 com alinhamento ao lado direito;<br \/>\u2013 T\u00edtulos em letras mai\u00fasculas e subt\u00edtulos em letras min\u00fasculas;<br \/>\u2013 Formato do arquivo: PDF;<br \/>\u2013 O trabalho pode ter no <\/span><\/span><\/span><span style=\"color: #444444\"><span style=\"font-family: Arial, serif\"><span style=\"font-size: medium\"><b>m\u00e1ximo 10 p\u00e1ginas<\/b><\/span><\/span><\/span><span style=\"color: #444444\"><span style=\"font-family: Arial, serif\"><span style=\"font-size: medium\"> incluindo o texto propriamente dito, ilustra\u00e7\u00f5es e refer\u00eancias bibliogr\u00e1ficas;<br \/>\u2013 O texto deve come\u00e7ar pelo t\u00edtulo seguido pela introdu\u00e7\u00e3o. Sugerimos aos autores que preparem o resumo em um documento separado e copiem e colem no campo espec\u00edfico no ato da submiss\u00e3o;<br \/>\u2013 As refer\u00eancias bibliogr\u00e1ficas dever\u00e3o ser citadas ao longo do texto de acordo com o sistema (autor-data), e apresentadas em ordem alfab\u00e9tica no final do trabalho, de acordo com as normas APA ou ABNT\/NBR-6023.<\/span><\/span><\/span><\/p><p align=\"justify\"><span style=\"color: #444444\"><span style=\"font-family: Arial, serif\"><span style=\"font-size: medium\"><b>Estrutura sugerida do Projeto:<\/b><\/span><\/span><\/span><\/p><p><span style=\"color: #444444\">\u2013 <span style=\"font-family: Arial, serif\"><span style=\"font-size: medium\">T\u00edtulo e \u00c1rea de Pesquisa (siga o descritivo das \u00e1reas tem\u00e1ticas do SemeAd)<br \/>\u2013 Introdu\u00e7\u00e3o (Problema e Objetivo de Pesquisa):<\/span><\/span><\/span><\/p><ol><li><span style=\"color: #444444\"><span style=\"font-family: Arial, serif\"><span style=\"font-size: medium\">Descrever o estado da arte da tem\u00e1tica em quest\u00e3o.<\/span><\/span><\/span><\/li><li><span style=\"color: #444444\"><span style=\"font-family: Arial, serif\"><span style=\"font-size: medium\">Apresentar de forma argumentativa a problem\u00e1tica de pesquisa.<\/span><\/span><\/span><\/li><li><span style=\"color: #444444\"><span style=\"font-family: Arial, serif\"><span style=\"font-size: medium\">Apresentar o principal objetivo de pesquisa (a tese a ser defendida) e eventuais objetivos espec\u00edficos.<\/span><\/span><\/span><\/li><\/ol><p align=\"justify\"><span style=\"color: #444444\">\u2013 <span style=\"font-family: Arial, serif\"><span style=\"font-size: medium\">Justificativa:<\/span><\/span><\/span><\/p><ol><li><span style=\"color: #444444\"><span style=\"font-family: Arial, serif\"><span style=\"font-size: medium\">Apresentar de forma fundamentada a(s) contribui\u00e7\u00e3o(\u00f5es) acad\u00eamica(s) esperada(s).<\/span><\/span><\/span><\/li><li><span style=\"color: #444444\"><span style=\"font-family: Arial, serif\"><span style=\"font-size: medium\">Apresentar eventual contribui\u00e7\u00e3o gerencial ou para pol\u00edticas p\u00fablicas (fortemente recomendado, mas n\u00e3o obrigat\u00f3rio)<\/span><\/span><\/span><\/li><li><span style=\"color: #444444\"><span style=\"font-family: Arial, serif\"><span style=\"font-size: medium\">Apresentar eventual contribui\u00e7\u00e3o metodol\u00f3gica (n\u00e3o obrigat\u00f3rio)<\/span><\/span><\/span><\/li><li><span style=\"color: #444444\"><span style=\"font-family: Arial, serif\"><span style=\"font-size: medium\">Apresentar o esperado impacto social do seu projeto (fortemente recomendado, mas n\u00e3o obrigat\u00f3rio)<\/span><\/span><\/span><\/li><\/ol><p align=\"justify\"><span style=\"color: #444444\">\u2013 <span style=\"font-family: Arial, serif\"><span style=\"font-size: medium\">Fundamenta\u00e7\u00e3o Te\u00f3rica:<\/span><\/span><\/span><\/p><ol><li><span style=\"color: #444444\"><span style=\"font-family: Arial, serif\"><span style=\"font-size: medium\">Apresentar o(s) principal(is)\u00a0argumento(s) te\u00f3rico(s)<\/span><\/span><\/span><\/li><li><span style=\"color: #444444\"><span style=\"font-family: Arial, serif\"><span style=\"font-size: medium\">Fundamenta\u00e7\u00e3o e defini\u00e7\u00e3o dos constructos chave do projeto<\/span><\/span><\/span><\/li><li><span style=\"color: #444444\"><span style=\"font-family: Arial, serif\"><span style=\"font-size: medium\">Proposi\u00e7\u00f5es e\/ou hip\u00f3teses;<\/span><\/span><\/span><\/li><\/ol><p align=\"justify\"><span style=\"color: #444444\">\u2013 <span style=\"font-family: Arial, serif\"><span style=\"font-size: medium\">Metodologia: descrever o\u00a0desenho de pesquisa<\/span><\/span><\/span><\/p><ol><li><span style=\"color: #444444\"><span style=\"font-family: Arial, serif\"><span style=\"font-size: medium\">Abordagem (exemplo: qualitativa, quantitativa),<\/span><\/span><\/span><\/li><li><span style=\"color: #444444\"><span style=\"font-family: Arial, serif\"><span style=\"font-size: medium\">M\u00e9todo ou Estrat\u00e9gia de Pesquisa (exemplo: Levantamento de dados prim\u00e1rios, Estudo de Caso, Grounded Theory, etc.)<\/span><\/span><\/span><\/li><li><span style=\"color: #444444\"><span style=\"font-family: Arial, serif\"><span style=\"font-size: medium\">T\u00e9cnica de coleta (exemplo: Survey, Entrevista em Profundidade, Observa\u00e7\u00e3o, etc.)<\/span><\/span><\/span><\/li><li><span style=\"color: #444444\"><span style=\"font-family: Arial, serif\"><span style=\"font-size: medium\">T\u00e9cnica de an\u00e1lise de dados (exemplo: An\u00e1lise Multivariada, An\u00e1lise de Conte\u00fado, An\u00e1lise de Discursso, etc.)<\/span><\/span><\/span><\/li><\/ol><p align=\"justify\"><span style=\"color: #444444\">\u2013 <span style=\"font-family: Arial, serif\"><span style=\"font-size: medium\">Refer\u00eancias Bibliogr\u00e1ficas.<\/span><\/span><\/span><\/p><p><span style=\"font-family: Times New Roman, serif\"><span style=\"font-size: medium\"><b><span style=\"color: #7a7a7a\"><span style=\"font-family: Roboto, serif\">Resumo <\/span><\/span><\/b><em><span style=\"color: #7a7a7a\"><span style=\"font-family: Roboto, serif\">(p\u00e1gina de submiss\u00e3o)<\/span><\/span><\/em><b><span style=\"color: #7a7a7a\"><span style=\"font-family: Roboto, serif\">:<\/span><\/span><\/b><span style=\"color: #7a7a7a\"><span style=\"font-family: Roboto, serif\"><br \/>\u2013 T\u00edtulo (no m\u00e1ximo 190 caracteres);<br \/>\u2013 Resumo de 200 palavras<\/span><\/span><\/span><\/span><\/p><p><span style=\"font-family: Times New Roman, serif\"><span style=\"font-size: medium\"><b><span style=\"color: #7a7a7a\"><span style=\"font-family: Roboto, serif\"><u>Trabalhos que n\u00e3o estejam no formato especificado n\u00e3o ser\u00e3o aceitos.<\/u><\/span><\/span><\/b><\/span><\/span><\/p><p><span style=\"font-family: Times New Roman, serif\"><span style=\"font-size: medium\"><span style=\"color: #7a7a7a\"><span style=\"font-family: Roboto, serif\">A submiss\u00e3o do resumo e do artigo oferece aos organizadores a permiss\u00e3o de enviar para os avaliadores que v\u00e3o compor a banca. Por sua vez, para a comunidade cient\u00edfica apenas os resumos ser\u00e3o divulgados nos Anais do SemeAd.<\/span><\/span><\/span><\/span><\/p><p><span style=\"font-family: Times New Roman, serif\"><span style=\"font-size: medium\"><span style=\"color: #7a7a7a\"><span style=\"font-family: Roboto, serif\">A inscri\u00e7\u00e3o e a apresenta\u00e7\u00e3o de trabalhos no Cons\u00f3rcio Doutoral permitir\u00e3o o acesso do doutorando \u00e0s sess\u00f5es de apresenta\u00e7\u00e3o de artigos.<\/span><\/span><\/span><\/span><\/p><p><span style=\"font-family: Times New Roman, serif\"><span style=\"font-size: medium\"><span style=\"color: #7a7a7a\"><span style=\"font-family: Roboto, serif\">Os trabalhos oriundos do Cons\u00f3rcio Doutoral n\u00e3o far\u00e3o parte dos Anais do Evento.<\/span><\/span><\/span><\/span><\/p>\t\t\t\t\t\t\t\t<\/div>\n\t\t\t\t<\/div>\n\t\t\t\t\t<\/div>\n\t\t<\/div>\n\t\t\t\t\t<\/div>\n\t\t<\/section>\n\t\t\t\t<\/div>\n\t\t","protected":false},"excerpt":{"rendered":"<p>Apresenta\u00e7\u00e3o do Cons\u00f3rcio Doutoral O projeto de tese dever\u00e1 ser submetido no formato de artigo cient\u00edfico de acordo com as instru\u00e7\u00f5es a seguir. Formata\u00e7\u00e3o do Trabalho: \u2013 Formato do papel: A4;\u2013 Fonte: Times New Roman\/ tamanho 12;\u2013 Espa\u00e7amento: simples, texto disposto em uma coluna;\u2013 Alinhamento: justificado;\u2013 Margens: Superior: 3 cm; inferior: 2 cm; esquerda: 3&#8230;<\/p>\n","protected":false},"author":10,"featured_media":0,"parent":0,"menu_order":0,"comment_status":"closed","ping_status":"closed","template":"","meta":{"_acf_changed":false,"_monsterinsights_skip_tracking":false,"_monsterinsights_sitenote_active":false,"_monsterinsights_sitenote_note":"","_monsterinsights_sitenote_category":0,"footnotes":""},"class_list":["post-21566","page","type-page","status-publish","hentry"],"acf":[],"yoast_head":"<!-- This site is optimized with the Yoast SEO plugin v27.5 - https:\/\/yoast.com\/product\/yoast-seo-wordpress\/ -->\n<title>Regras para Submiss\u00e3o ao Cons\u00f3rcio - XXVI SemeAd<\/title>\n<meta name=\"robots\" content=\"index, follow, max-snippet:-1, max-image-preview:large, max-video-preview:-1\" \/>\n<link rel=\"canonical\" href=\"https:\/\/semead.com.br\/26\/regras-para-submissao-ao-consorcio\/\" \/>\n<meta property=\"og:locale\" content=\"pt_BR\" \/>\n<meta property=\"og:type\" content=\"article\" \/>\n<meta property=\"og:title\" content=\"Regras para Submiss\u00e3o ao Cons\u00f3rcio - XXVI SemeAd\" \/>\n<meta property=\"og:description\" content=\"Apresenta\u00e7\u00e3o do Cons\u00f3rcio Doutoral O projeto de tese dever\u00e1 ser submetido no formato de artigo cient\u00edfico de acordo com as instru\u00e7\u00f5es a seguir. Formata\u00e7\u00e3o do Trabalho: \u2013 Formato do papel: A4;\u2013 Fonte: Times New Roman\/ tamanho 12;\u2013 Espa\u00e7amento: simples, texto disposto em uma coluna;\u2013 Alinhamento: justificado;\u2013 Margens: Superior: 3 cm; inferior: 2 cm; esquerda: 3...\" \/>\n<meta property=\"og:url\" content=\"https:\/\/semead.com.br\/26\/regras-para-submissao-ao-consorcio\/\" \/>\n<meta property=\"og:site_name\" content=\"XXVI SemeAd\" \/>\n<meta property=\"article:modified_time\" content=\"2023-06-02T18:29:40+00:00\" \/>\n<meta name=\"twitter:card\" content=\"summary_large_image\" \/>\n<meta name=\"twitter:label1\" content=\"Est. tempo de leitura\" \/>\n\t<meta name=\"twitter:data1\" content=\"3 minutos\" \/>\n<script type=\"application\/ld+json\" class=\"yoast-schema-graph\">{\"@context\":\"https:\\\/\\\/schema.org\",\"@graph\":[{\"@type\":\"WebPage\",\"@id\":\"https:\\\/\\\/semead.com.br\\\/26\\\/regras-para-submissao-ao-consorcio\\\/\",\"url\":\"https:\\\/\\\/semead.com.br\\\/26\\\/regras-para-submissao-ao-consorcio\\\/\",\"name\":\"Regras para Submiss\u00e3o ao Cons\u00f3rcio - XXVI SemeAd\",\"isPartOf\":{\"@id\":\"https:\\\/\\\/semead.com.br\\\/26\\\/#website\"},\"datePublished\":\"2021-07-06T00:50:19+00:00\",\"dateModified\":\"2023-06-02T18:29:40+00:00\",\"breadcrumb\":{\"@id\":\"https:\\\/\\\/semead.com.br\\\/26\\\/regras-para-submissao-ao-consorcio\\\/#breadcrumb\"},\"inLanguage\":\"pt-BR\",\"potentialAction\":[{\"@type\":\"ReadAction\",\"target\":[\"https:\\\/\\\/semead.com.br\\\/26\\\/regras-para-submissao-ao-consorcio\\\/\"]}]},{\"@type\":\"BreadcrumbList\",\"@id\":\"https:\\\/\\\/semead.com.br\\\/26\\\/regras-para-submissao-ao-consorcio\\\/#breadcrumb\",\"itemListElement\":[{\"@type\":\"ListItem\",\"position\":1,\"name\":\"In\u00edcio\",\"item\":\"https:\\\/\\\/semead.com.br\\\/26\\\/\"},{\"@type\":\"ListItem\",\"position\":2,\"name\":\"Regras para Submiss\u00e3o ao Cons\u00f3rcio\"}]},{\"@type\":\"WebSite\",\"@id\":\"https:\\\/\\\/semead.com.br\\\/26\\\/#website\",\"url\":\"https:\\\/\\\/semead.com.br\\\/26\\\/\",\"name\":\"XXVI SemeAd\",\"description\":\"Semin\u00e1rios em Administra\u00e7\u00e3o\",\"potentialAction\":[{\"@type\":\"SearchAction\",\"target\":{\"@type\":\"EntryPoint\",\"urlTemplate\":\"https:\\\/\\\/semead.com.br\\\/26\\\/?s={search_term_string}\"},\"query-input\":{\"@type\":\"PropertyValueSpecification\",\"valueRequired\":true,\"valueName\":\"search_term_string\"}}],\"inLanguage\":\"pt-BR\"}]}<\/script>\n<!-- \/ Yoast SEO plugin. -->","yoast_head_json":{"title":"Regras para Submiss\u00e3o ao Cons\u00f3rcio - XXVI SemeAd","robots":{"index":"index","follow":"follow","max-snippet":"max-snippet:-1","max-image-preview":"max-image-preview:large","max-video-preview":"max-video-preview:-1"},"canonical":"https:\/\/semead.com.br\/26\/regras-para-submissao-ao-consorcio\/","og_locale":"pt_BR","og_type":"article","og_title":"Regras para Submiss\u00e3o ao Cons\u00f3rcio - XXVI SemeAd","og_description":"Apresenta\u00e7\u00e3o do Cons\u00f3rcio Doutoral O projeto de tese dever\u00e1 ser submetido no formato de artigo cient\u00edfico de acordo com as instru\u00e7\u00f5es a seguir. Formata\u00e7\u00e3o do Trabalho: \u2013 Formato do papel: A4;\u2013 Fonte: Times New Roman\/ tamanho 12;\u2013 Espa\u00e7amento: simples, texto disposto em uma coluna;\u2013 Alinhamento: justificado;\u2013 Margens: Superior: 3 cm; inferior: 2 cm; esquerda: 3...","og_url":"https:\/\/semead.com.br\/26\/regras-para-submissao-ao-consorcio\/","og_site_name":"XXVI SemeAd","article_modified_time":"2023-06-02T18:29:40+00:00","twitter_card":"summary_large_image","twitter_misc":{"Est. tempo de leitura":"3 minutos"},"schema":{"@context":"https:\/\/schema.org","@graph":[{"@type":"WebPage","@id":"https:\/\/semead.com.br\/26\/regras-para-submissao-ao-consorcio\/","url":"https:\/\/semead.com.br\/26\/regras-para-submissao-ao-consorcio\/","name":"Regras para Submiss\u00e3o ao Cons\u00f3rcio - XXVI SemeAd","isPartOf":{"@id":"https:\/\/semead.com.br\/26\/#website"},"datePublished":"2021-07-06T00:50:19+00:00","dateModified":"2023-06-02T18:29:40+00:00","breadcrumb":{"@id":"https:\/\/semead.com.br\/26\/regras-para-submissao-ao-consorcio\/#breadcrumb"},"inLanguage":"pt-BR","potentialAction":[{"@type":"ReadAction","target":["https:\/\/semead.com.br\/26\/regras-para-submissao-ao-consorcio\/"]}]},{"@type":"BreadcrumbList","@id":"https:\/\/semead.com.br\/26\/regras-para-submissao-ao-consorcio\/#breadcrumb","itemListElement":[{"@type":"ListItem","position":1,"name":"In\u00edcio","item":"https:\/\/semead.com.br\/26\/"},{"@type":"ListItem","position":2,"name":"Regras para Submiss\u00e3o ao Cons\u00f3rcio"}]},{"@type":"WebSite","@id":"https:\/\/semead.com.br\/26\/#website","url":"https:\/\/semead.com.br\/26\/","name":"XXVI SemeAd","description":"Semin\u00e1rios em Administra\u00e7\u00e3o","potentialAction":[{"@type":"SearchAction","target":{"@type":"EntryPoint","urlTemplate":"https:\/\/semead.com.br\/26\/?s={search_term_string}"},"query-input":{"@type":"PropertyValueSpecification","valueRequired":true,"valueName":"search_term_string"}}],"inLanguage":"pt-BR"}]}},"_links":{"self":[{"href":"https:\/\/semead.com.br\/26\/wp-json\/wp\/v2\/pages\/21566","targetHints":{"allow":["GET"]}}],"collection":[{"href":"https:\/\/semead.com.br\/26\/wp-json\/wp\/v2\/pages"}],"about":[{"href":"https:\/\/semead.com.br\/26\/wp-json\/wp\/v2\/types\/page"}],"author":[{"embeddable":true,"href":"https:\/\/semead.com.br\/26\/wp-json\/wp\/v2\/users\/10"}],"replies":[{"embeddable":true,"href":"https:\/\/semead.com.br\/26\/wp-json\/wp\/v2\/comments?post=21566"}],"version-history":[{"count":0,"href":"https:\/\/semead.com.br\/26\/wp-json\/wp\/v2\/pages\/21566\/revisions"}],"wp:attachment":[{"href":"https:\/\/semead.com.br\/26\/wp-json\/wp\/v2\/media?parent=21566"}],"curies":[{"name":"wp","href":"https:\/\/api.w.org\/{rel}","templated":true}]}}