{"id":22558,"date":"2021-09-08T20:48:31","date_gmt":"2021-09-08T23:48:31","guid":{"rendered":"https:\/\/semead.com.br\/26\/?page_id=22558"},"modified":"2023-06-15T18:55:31","modified_gmt":"2023-06-15T21:55:31","slug":"voluntariado","status":"publish","type":"page","link":"https:\/\/semead.com.br\/26\/evento\/voluntariado\/","title":{"rendered":"Voluntariado"},"content":{"rendered":"\t\t<div data-elementor-type=\"wp-page\" data-elementor-id=\"22558\" class=\"elementor elementor-22558\">\n\t\t\t\t\t\t<section class=\"elementor-section elementor-top-section elementor-element elementor-element-0100ad8 elementor-section-boxed elementor-section-height-default elementor-section-height-default\" data-id=\"0100ad8\" data-element_type=\"section\" data-e-type=\"section\">\n\t\t\t\t\t\t<div class=\"elementor-container elementor-column-gap-default\">\n\t\t\t\t\t<div class=\"elementor-column elementor-col-100 elementor-top-column elementor-element elementor-element-4a023fd\" data-id=\"4a023fd\" data-element_type=\"column\" data-e-type=\"column\">\n\t\t\t<div class=\"elementor-widget-wrap elementor-element-populated\">\n\t\t\t\t\t\t<div class=\"elementor-element elementor-element-529aac3 elementor-widget elementor-widget-text-editor\" data-id=\"529aac3\" data-element_type=\"widget\" data-e-type=\"widget\" data-widget_type=\"text-editor.default\">\n\t\t\t\t<div class=\"elementor-widget-container\">\n\t\t\t\t\t\t\t\t\t<p>O que \u00e9 ser um Volunt\u00e1rio SemeAd?<\/p><p>\u00c9 fazer parte de uma comunidade que transforma as pesquisas e pr\u00e1ticas na \u00e1rea de administra\u00e7\u00e3o no Brasil.<\/p><p>\u00c9 estar ligado a outros alunos e professores de programas de p\u00f3s-gradua\u00e7\u00e3o do Brasil sendo atores de transforma\u00e7\u00e3o.<\/p><p>\u00c9 ser a for\u00e7a de um dos maiores eventos de administra\u00e7\u00e3o no Brasil e na Am\u00e9rica Latina.<\/p><p>O VOLUNT\u00c1RIO SEMEAD \u00c9 A FOR\u00c7A MOTRIZ DESSE EVENTO QUE ENVOLVE MAIS DE 4 MIL PESSOAS!<\/p><p>Impactamos em 2022 cerca de 4 mil autores, 1800 avaliadores, 1300 congressistas, 75 editores de peri\u00f3dicos, 42 representantes de institui\u00e7\u00f5es internacionais, 233 institui\u00e7\u00f5es brasileiras e isso tudo s\u00f3 aconteceu com o apoio de aproximadamente 400 volunt\u00e1rios.<\/p><p>Os volunt\u00e1rios de 2022 conduziram com maestria o desafio de lidar com um dos primeiros e mais complexo dos eventos h\u00edbridos que envolveu as atividades:<\/p>\t\t\t\t\t\t\t\t<\/div>\n\t\t\t\t<\/div>\n\t\t\t\t\t<\/div>\n\t\t<\/div>\n\t\t\t\t\t<\/div>\n\t\t<\/section>\n\t\t\t\t<section class=\"elementor-section elementor-top-section elementor-element elementor-element-acc3fc5 elementor-section-boxed elementor-section-height-default elementor-section-height-default\" data-id=\"acc3fc5\" data-element_type=\"section\" data-e-type=\"section\">\n\t\t\t\t\t\t<div class=\"elementor-container elementor-column-gap-default\">\n\t\t\t\t\t<div class=\"elementor-column elementor-col-100 elementor-top-column elementor-element elementor-element-4fddf14\" data-id=\"4fddf14\" data-element_type=\"column\" data-e-type=\"column\">\n\t\t\t<div class=\"elementor-widget-wrap elementor-element-populated\">\n\t\t\t\t\t\t<div class=\"elementor-element elementor-element-3b8cb1b elementor-widget elementor-widget-text-editor\" data-id=\"3b8cb1b\" data-element_type=\"widget\" data-e-type=\"widget\" data-widget_type=\"text-editor.default\">\n\t\t\t\t<div class=\"elementor-widget-container\">\n\t\t\t\t\t\t\t\t\t<p style=\"text-align: left;\"><span style=\"color: #d37e0c;\"><strong>EMBAIXADORES SEMEAD<\/strong><\/span><\/p><p>A 26\u00aa edi\u00e7\u00e3o do SemeAd inova instituindo o programa de volunt\u00e1rios denominado Embaixadores SemeAd.<\/p><p><span style=\"font-family: Roboto, serif;\"><span style=\"font-size: medium;\">S\u00e3o mais de 40 alunos de programas de p\u00f3s-gradua\u00e7\u00e3o em Administra\u00e7\u00e3o em institui\u00e7\u00f5es Brasileiras indicados pelos coordenadores dos programas para divulgarem os benef\u00edcios do evento em suas institui\u00e7\u00f5es.<\/span><\/span><\/p><p><span style=\"font-family: Roboto, serif;\"><span style=\"font-size: medium;\">Queremos impactar todas as regi\u00f5es do pa\u00eds atrav\u00e9s das atividades e oportunidades geradas no SemeAd.<\/span><\/span><\/p><ul><li><b style=\"color: var( --e-global-color-text );\">Cons\u00f3rcio Pr\u00e9-Doutoral:<\/b><span style=\"color: var( --e-global-color-text );\"> oportunidade para que mestres e mestrandos submetam seus pr\u00e9-projetos de doutorado a fim de receber aux\u00edlio e direcionamento dos docentes de institui\u00e7\u00f5es parceiras do SemeAd.<\/span><\/li><li><b>Cons\u00f3rcio Doutoral:<\/b> aprimoramento dos projetos de tese de doutorandos.<\/li><li><b>Sess\u00f5es de Apresenta\u00e7\u00e3o de Trabalhos:<\/b> autores tem a oportunidade de receberem feedback sobre seus artigos e pesquisas.<\/li><li><b>Sapiens \u2013 Aprimoramento de Artigos Cient\u00edficos para Publica\u00e7\u00e3o: <\/b>o objetivo \u00e9 contribuir com a experi\u00eancia de pesquisadores seniores para um melhor encaminhamento e aperfei\u00e7oamento dos trabalhos submetidos, a fim de que estes sejam enviados para peri\u00f3dicos nacionais e\/ou internacionais de alto impacto<\/li><li><b>Oficinas, workshops e minicursos:<\/b> atividades que visam \u00e0 discuss\u00e3o aprofundada de temas de pesquisa, al\u00e9m de pr\u00e1ticas para aprimoramento de pesquisa e treinamento nas t\u00e9cnicas mais avan\u00e7adas que v\u00e3o permitir conduzir pesquisas e publicar artigos de alto impacto.<\/li><li><b>Fast Tracks:<\/b> autores tem a possibilidade de terem seus artigos indicados para desk review em mais de 73 revistas acad\u00eamicas nacionais e internacionais.<\/li><\/ul>\t\t\t\t\t\t\t\t<\/div>\n\t\t\t\t<\/div>\n\t\t\t\t\t<\/div>\n\t\t<\/div>\n\t\t\t\t\t<\/div>\n\t\t<\/section>\n\t\t\t\t<section class=\"elementor-section elementor-top-section elementor-element elementor-element-a33da6d elementor-section-boxed elementor-section-height-default elementor-section-height-default\" data-id=\"a33da6d\" data-element_type=\"section\" data-e-type=\"section\">\n\t\t\t\t\t\t<div class=\"elementor-container elementor-column-gap-default\">\n\t\t\t\t\t<div class=\"elementor-column elementor-col-100 elementor-top-column elementor-element elementor-element-56b7cac\" data-id=\"56b7cac\" data-element_type=\"column\" data-e-type=\"column\">\n\t\t\t<div class=\"elementor-widget-wrap elementor-element-populated\">\n\t\t\t\t\t\t<div class=\"elementor-element elementor-element-dca2d85 elementor-widget elementor-widget-text-editor\" data-id=\"dca2d85\" data-element_type=\"widget\" data-e-type=\"widget\" data-widget_type=\"text-editor.default\">\n\t\t\t\t<div class=\"elementor-widget-container\">\n\t\t\t\t\t\t\t\t\t<p style=\"text-align: left;\"><span style=\"color: #1161a8;\"><b style=\"text-align: justify; font-family: var( --e-global-typography-text-font-family ), Sans-serif;\">Atividades de <span style=\"color: #d37e0c;\">INTERNACIONALIZA\u00c7\u00c3O<\/span> que conectam pesquisadores de todo o mundo:<\/b><\/span><\/p><p><img fetchpriority=\"high\" decoding=\"async\" class=\"size-full wp-image-28990 alignright\" src=\"https:\/\/semead.com.br\/26\/wp-content\/uploads\/sites\/17\/2023\/06\/01-1.png\" alt=\"\" width=\"343\" height=\"209\" srcset=\"https:\/\/semead.com.br\/26\/wp-content\/uploads\/sites\/17\/2023\/06\/01-1.png 343w, https:\/\/semead.com.br\/26\/wp-content\/uploads\/sites\/17\/2023\/06\/01-1-300x183.png 300w\" sizes=\"(max-width: 343px) 100vw, 343px\" \/><\/p><ul><li><b>Conecta:<\/b> submiss\u00e3o de projetos que geram oportunidades de conex\u00f5es entre pesquisadores de diferentes universidades do Brasil e do mundo para desenvolverem pesquisas conjuntas e trocarem pr\u00e1ticas de ensino.<\/li><li><b>Palestras com Business speakers:<\/b> palestras de empres\u00e1rios e gestores estrat\u00e9gicos de organiza\u00e7\u00f5es reconhecidas pela qualidade da sua gest\u00e3o.<\/li><li><b>Palestras com Keynote speakers:<\/b> palestras de renomados pesquisadores, nacionais e internacionais.<\/li><li><b>Encontro com editores de revistas Internacionais:<\/b> sess\u00f5es virtuais com editores de revistas que explicam a forma de avalia\u00e7\u00e3o dos artigos submetidos, o posicionamento do peri\u00f3dico e dicas para aumentar suas chances de sucesso no processo de revis\u00e3o por pares.<\/li><\/ul>\t\t\t\t\t\t\t\t<\/div>\n\t\t\t\t<\/div>\n\t\t\t\t\t<\/div>\n\t\t<\/div>\n\t\t\t\t\t<\/div>\n\t\t<\/section>\n\t\t\t\t<\/div>\n\t\t","protected":false},"excerpt":{"rendered":"<p>O que \u00e9 ser um Volunt\u00e1rio SemeAd? \u00c9 fazer parte de uma comunidade que transforma as pesquisas e pr\u00e1ticas na \u00e1rea de administra\u00e7\u00e3o no Brasil. \u00c9 estar ligado a outros alunos e professores de programas de p\u00f3s-gradua\u00e7\u00e3o do Brasil sendo atores de transforma\u00e7\u00e3o. \u00c9 ser a for\u00e7a de um dos maiores eventos de administra\u00e7\u00e3o no&#8230;<\/p>\n","protected":false},"author":10,"featured_media":0,"parent":12254,"menu_order":0,"comment_status":"closed","ping_status":"closed","template":"","meta":{"_acf_changed":false,"_monsterinsights_skip_tracking":false,"_monsterinsights_sitenote_active":false,"_monsterinsights_sitenote_note":"","_monsterinsights_sitenote_category":0,"footnotes":""},"class_list":["post-22558","page","type-page","status-publish","hentry"],"acf":[],"yoast_head":"<!-- This site is optimized with the Yoast SEO plugin v27.1.1 - https:\/\/yoast.com\/product\/yoast-seo-wordpress\/ -->\n<title>Voluntariado - XXVI SemeAd<\/title>\n<meta name=\"robots\" content=\"index, follow, max-snippet:-1, max-image-preview:large, max-video-preview:-1\" \/>\n<link rel=\"canonical\" href=\"https:\/\/semead.com.br\/26\/evento\/voluntariado\/\" \/>\n<meta property=\"og:locale\" content=\"pt_BR\" \/>\n<meta property=\"og:type\" content=\"article\" \/>\n<meta property=\"og:title\" content=\"Voluntariado - XXVI SemeAd\" \/>\n<meta property=\"og:description\" content=\"O que \u00e9 ser um Volunt\u00e1rio SemeAd? \u00c9 fazer parte de uma comunidade que transforma as pesquisas e pr\u00e1ticas na \u00e1rea de administra\u00e7\u00e3o no Brasil. \u00c9 estar ligado a outros alunos e professores de programas de p\u00f3s-gradua\u00e7\u00e3o do Brasil sendo atores de transforma\u00e7\u00e3o. \u00c9 ser a for\u00e7a de um dos maiores eventos de administra\u00e7\u00e3o no...\" \/>\n<meta property=\"og:url\" content=\"https:\/\/semead.com.br\/26\/evento\/voluntariado\/\" \/>\n<meta property=\"og:site_name\" content=\"XXVI SemeAd\" \/>\n<meta property=\"article:modified_time\" content=\"2023-06-15T21:55:31+00:00\" \/>\n<meta property=\"og:image\" content=\"https:\/\/semead.com.br\/26\/wp-content\/uploads\/sites\/17\/2023\/06\/01-1024x389.png\" \/>\n<meta name=\"twitter:card\" content=\"summary_large_image\" \/>\n<meta name=\"twitter:label1\" content=\"Est. tempo de leitura\" \/>\n\t<meta name=\"twitter:data1\" content=\"10 minutos\" \/>\n<script type=\"application\/ld+json\" class=\"yoast-schema-graph\">{\"@context\":\"https:\/\/schema.org\",\"@graph\":[{\"@type\":\"WebPage\",\"@id\":\"https:\/\/semead.com.br\/26\/evento\/voluntariado\/\",\"url\":\"https:\/\/semead.com.br\/26\/evento\/voluntariado\/\",\"name\":\"Voluntariado - XXVI SemeAd\",\"isPartOf\":{\"@id\":\"https:\/\/semead.com.br\/26\/#website\"},\"primaryImageOfPage\":{\"@id\":\"https:\/\/semead.com.br\/26\/evento\/voluntariado\/#primaryimage\"},\"image\":{\"@id\":\"https:\/\/semead.com.br\/26\/evento\/voluntariado\/#primaryimage\"},\"thumbnailUrl\":\"https:\/\/semead.com.br\/26\/wp-content\/uploads\/sites\/17\/2023\/06\/01-1024x389.png\",\"datePublished\":\"2021-09-08T23:48:31+00:00\",\"dateModified\":\"2023-06-15T21:55:31+00:00\",\"breadcrumb\":{\"@id\":\"https:\/\/semead.com.br\/26\/evento\/voluntariado\/#breadcrumb\"},\"inLanguage\":\"pt-BR\",\"potentialAction\":[{\"@type\":\"ReadAction\",\"target\":[\"https:\/\/semead.com.br\/26\/evento\/voluntariado\/\"]}]},{\"@type\":\"ImageObject\",\"inLanguage\":\"pt-BR\",\"@id\":\"https:\/\/semead.com.br\/26\/evento\/voluntariado\/#primaryimage\",\"url\":\"https:\/\/semead.com.br\/26\/wp-content\/uploads\/sites\/17\/2023\/06\/01.png\",\"contentUrl\":\"https:\/\/semead.com.br\/26\/wp-content\/uploads\/sites\/17\/2023\/06\/01.png\",\"width\":1300,\"height\":494},{\"@type\":\"BreadcrumbList\",\"@id\":\"https:\/\/semead.com.br\/26\/evento\/voluntariado\/#breadcrumb\",\"itemListElement\":[{\"@type\":\"ListItem\",\"position\":1,\"name\":\"In\u00edcio\",\"item\":\"https:\/\/semead.com.br\/26\/\"},{\"@type\":\"ListItem\",\"position\":2,\"name\":\"Evento\",\"item\":\"https:\/\/semead.com.br\/26\/evento\/\"},{\"@type\":\"ListItem\",\"position\":3,\"name\":\"Voluntariado\"}]},{\"@type\":\"WebSite\",\"@id\":\"https:\/\/semead.com.br\/26\/#website\",\"url\":\"https:\/\/semead.com.br\/26\/\",\"name\":\"XXVI SemeAd\",\"description\":\"Semin\u00e1rios em Administra\u00e7\u00e3o\",\"potentialAction\":[{\"@type\":\"SearchAction\",\"target\":{\"@type\":\"EntryPoint\",\"urlTemplate\":\"https:\/\/semead.com.br\/26\/?s={search_term_string}\"},\"query-input\":{\"@type\":\"PropertyValueSpecification\",\"valueRequired\":true,\"valueName\":\"search_term_string\"}}],\"inLanguage\":\"pt-BR\"}]}<\/script>\n<!-- \/ Yoast SEO plugin. -->","yoast_head_json":{"title":"Voluntariado - XXVI SemeAd","robots":{"index":"index","follow":"follow","max-snippet":"max-snippet:-1","max-image-preview":"max-image-preview:large","max-video-preview":"max-video-preview:-1"},"canonical":"https:\/\/semead.com.br\/26\/evento\/voluntariado\/","og_locale":"pt_BR","og_type":"article","og_title":"Voluntariado - XXVI SemeAd","og_description":"O que \u00e9 ser um Volunt\u00e1rio SemeAd? \u00c9 fazer parte de uma comunidade que transforma as pesquisas e pr\u00e1ticas na \u00e1rea de administra\u00e7\u00e3o no Brasil. \u00c9 estar ligado a outros alunos e professores de programas de p\u00f3s-gradua\u00e7\u00e3o do Brasil sendo atores de transforma\u00e7\u00e3o. \u00c9 ser a for\u00e7a de um dos maiores eventos de administra\u00e7\u00e3o no...","og_url":"https:\/\/semead.com.br\/26\/evento\/voluntariado\/","og_site_name":"XXVI SemeAd","article_modified_time":"2023-06-15T21:55:31+00:00","og_image":[{"url":"https:\/\/semead.com.br\/26\/wp-content\/uploads\/sites\/17\/2023\/06\/01-1024x389.png","type":"","width":"","height":""}],"twitter_card":"summary_large_image","twitter_misc":{"Est. tempo de leitura":"10 minutos"},"schema":{"@context":"https:\/\/schema.org","@graph":[{"@type":"WebPage","@id":"https:\/\/semead.com.br\/26\/evento\/voluntariado\/","url":"https:\/\/semead.com.br\/26\/evento\/voluntariado\/","name":"Voluntariado - XXVI SemeAd","isPartOf":{"@id":"https:\/\/semead.com.br\/26\/#website"},"primaryImageOfPage":{"@id":"https:\/\/semead.com.br\/26\/evento\/voluntariado\/#primaryimage"},"image":{"@id":"https:\/\/semead.com.br\/26\/evento\/voluntariado\/#primaryimage"},"thumbnailUrl":"https:\/\/semead.com.br\/26\/wp-content\/uploads\/sites\/17\/2023\/06\/01-1024x389.png","datePublished":"2021-09-08T23:48:31+00:00","dateModified":"2023-06-15T21:55:31+00:00","breadcrumb":{"@id":"https:\/\/semead.com.br\/26\/evento\/voluntariado\/#breadcrumb"},"inLanguage":"pt-BR","potentialAction":[{"@type":"ReadAction","target":["https:\/\/semead.com.br\/26\/evento\/voluntariado\/"]}]},{"@type":"ImageObject","inLanguage":"pt-BR","@id":"https:\/\/semead.com.br\/26\/evento\/voluntariado\/#primaryimage","url":"https:\/\/semead.com.br\/26\/wp-content\/uploads\/sites\/17\/2023\/06\/01.png","contentUrl":"https:\/\/semead.com.br\/26\/wp-content\/uploads\/sites\/17\/2023\/06\/01.png","width":1300,"height":494},{"@type":"BreadcrumbList","@id":"https:\/\/semead.com.br\/26\/evento\/voluntariado\/#breadcrumb","itemListElement":[{"@type":"ListItem","position":1,"name":"In\u00edcio","item":"https:\/\/semead.com.br\/26\/"},{"@type":"ListItem","position":2,"name":"Evento","item":"https:\/\/semead.com.br\/26\/evento\/"},{"@type":"ListItem","position":3,"name":"Voluntariado"}]},{"@type":"WebSite","@id":"https:\/\/semead.com.br\/26\/#website","url":"https:\/\/semead.com.br\/26\/","name":"XXVI SemeAd","description":"Semin\u00e1rios em Administra\u00e7\u00e3o","potentialAction":[{"@type":"SearchAction","target":{"@type":"EntryPoint","urlTemplate":"https:\/\/semead.com.br\/26\/?s={search_term_string}"},"query-input":{"@type":"PropertyValueSpecification","valueRequired":true,"valueName":"search_term_string"}}],"inLanguage":"pt-BR"}]}},"_links":{"self":[{"href":"https:\/\/semead.com.br\/26\/wp-json\/wp\/v2\/pages\/22558","targetHints":{"allow":["GET"]}}],"collection":[{"href":"https:\/\/semead.com.br\/26\/wp-json\/wp\/v2\/pages"}],"about":[{"href":"https:\/\/semead.com.br\/26\/wp-json\/wp\/v2\/types\/page"}],"author":[{"embeddable":true,"href":"https:\/\/semead.com.br\/26\/wp-json\/wp\/v2\/users\/10"}],"replies":[{"embeddable":true,"href":"https:\/\/semead.com.br\/26\/wp-json\/wp\/v2\/comments?post=22558"}],"version-history":[{"count":0,"href":"https:\/\/semead.com.br\/26\/wp-json\/wp\/v2\/pages\/22558\/revisions"}],"up":[{"embeddable":true,"href":"https:\/\/semead.com.br\/26\/wp-json\/wp\/v2\/pages\/12254"}],"wp:attachment":[{"href":"https:\/\/semead.com.br\/26\/wp-json\/wp\/v2\/media?parent=22558"}],"curies":[{"name":"wp","href":"https:\/\/api.w.org\/{rel}","templated":true}]}}