{"id":24,"date":"2013-04-26T00:16:54","date_gmt":"2013-04-26T00:16:54","guid":{"rendered":"http:\/\/semead.com.br\/?page_id=24"},"modified":"2023-06-09T19:01:14","modified_gmt":"2023-06-09T22:01:14","slug":"avaliacao","status":"publish","type":"page","link":"https:\/\/semead.com.br\/26\/avaliacao\/","title":{"rendered":"Avalia\u00e7\u00e3o"},"content":{"rendered":"\t\t<div data-elementor-type=\"wp-page\" data-elementor-id=\"24\" class=\"elementor elementor-24\">\n\t\t\t\t\t\t<section class=\"elementor-section elementor-top-section elementor-element elementor-element-5e6a1769 elementor-section-boxed elementor-section-height-default elementor-section-height-default\" data-id=\"5e6a1769\" data-element_type=\"section\" data-e-type=\"section\">\n\t\t\t\t\t\t<div class=\"elementor-container elementor-column-gap-default\">\n\t\t\t\t\t<div class=\"elementor-column elementor-col-100 elementor-top-column elementor-element elementor-element-4f6301e7\" data-id=\"4f6301e7\" data-element_type=\"column\" data-e-type=\"column\">\n\t\t\t<div class=\"elementor-widget-wrap elementor-element-populated\">\n\t\t\t\t\t\t<div class=\"elementor-element elementor-element-391f0a22 elementor-widget elementor-widget-text-editor\" data-id=\"391f0a22\" data-element_type=\"widget\" data-e-type=\"widget\" data-widget_type=\"text-editor.default\">\n\t\t\t\t<div class=\"elementor-widget-container\">\n\t\t\t\t\t\t\t\t\t<p><span style=\"color: #444444;--darkreader-inline-color: #484e51\" data-darkreader-inline-color=\"\"><span style=\"font-family: Roboto, serif\"><span style=\"font-size: medium\">Os trabalhos (artigos) submetidos ao SemeAd passam pelo processo de avalia\u00e7\u00e3o do SemeAd. Os professores respons\u00e1veis pela coordena\u00e7\u00e3o das \u00e1reas e temas escolhem os avaliadores dos artigos. Os avaliadores recebem orienta\u00e7\u00f5es sobre os crit\u00e9rios de avalia\u00e7\u00e3o. S\u00e3o escolhidos dois avaliadores para cada trabalho submetido. Um dos avaliadores deve ser doutor e profundo conhecedor do tema de submiss\u00e3o. Os avaliados s\u00e3o denominados parecerista que trabalham em sistema <\/span><\/span><\/span><span style=\"color: #444444;--darkreader-inline-color: #484e51\" data-darkreader-inline-color=\"\"><span style=\"font-family: Roboto, serif\"><span style=\"font-size: medium\">de <\/span><\/span><\/span><span style=\"color: #444444;--darkreader-inline-color: #484e51\" data-darkreader-inline-color=\"\"><span style=\"font-family: Roboto, serif\"><span style=\"font-size: medium\"><i>double review<\/i><\/span><\/span><\/span><span style=\"color: #444444;--darkreader-inline-color: #484e51\" data-darkreader-inline-color=\"\"><span style=\"font-family: Roboto, serif\"><span style=\"font-size: medium\"> e blind review ( sem acesso aos nomes dos autores). Caso o resultado das avalia\u00e7\u00f5es apresente diverg\u00eancias acentuadas sobre os crit\u00e9rios de avalia\u00e7\u00e3o, um terceiro parecerista \u00e9 convidado a fazer a avalia\u00e7\u00e3o do trabalho. Os coordenadores de \u00e1rea s\u00e3o respons\u00e1veis por finalizar o processo de avalia\u00e7\u00e3o.<\/span><\/span><\/span><\/p><p><span style=\"color: #444444;--darkreader-inline-color: #484e51\" data-darkreader-inline-color=\"\"><span style=\"font-family: Roboto, serif\"><span style=\"font-size: medium\">Os fatores de avalia\u00e7\u00e3o s\u00e3o espec\u00edficos para cada modalidade de submiss\u00e3o.<\/span><\/span><\/span><\/p><p><span style=\"color: #444444;--darkreader-inline-color: #484e51\" data-darkreader-inline-color=\"\"> <span style=\"font-family: Roboto, serif\"><span style=\"font-size: medium\">Para os <\/span><\/span><\/span><span style=\"color: #444444;--darkreader-inline-color: #484e51\" data-darkreader-inline-color=\"\"><span style=\"font-family: Roboto, serif\"><span style=\"font-size: medium\"><b>artigos acad\u00eamicos (te\u00f3ricos e te\u00f3rico emp\u00edricos)<\/b><\/span><\/span><\/span><span style=\"color: #444444;--darkreader-inline-color: #484e51\" data-darkreader-inline-color=\"\"><span style=\"font-family: Roboto, serif\"><span style=\"font-size: medium\"> os fatores s\u00e3o : (1) coer\u00eancia entre o contexto de pesquisa a pergunta de pesquisa e a identifica\u00e7\u00e3o das potenciais contribui\u00e7\u00f5es acad\u00eamicas, gerenciais e sociais,\u00a0 (2) qualidade da apresenta\u00e7\u00e3o do \u201cestado-da-arte\u201d do tema escolhido, (3) adequa\u00e7\u00e3o da metodologia utilizada e t\u00e9cnicas aplicadas, (4) qualidade da apresenta\u00e7\u00e3o dos resultados, discuss\u00e3o dos resultados e conclus\u00e3o (5) Coer\u00eancia da discuss\u00e3o dos resultados com a pergunta de pesquisa e os objetivos propostos.<\/span><\/span><\/span><\/p><p><span style=\"color: #444444;--darkreader-inline-color: #484e51\" data-darkreader-inline-color=\"\"><span style=\"font-family: Roboto, serif\"><span style=\"font-size: medium\">Para os <\/span><\/span><\/span><span style=\"color: #444444;--darkreader-inline-color: #484e51\" data-darkreader-inline-color=\"\"><span style=\"font-family: Roboto, serif\"><span style=\"font-size: medium\"><b>artigos aplicados,<\/b><\/span><\/span><\/span><span style=\"color: #444444;--darkreader-inline-color: #484e51\" data-darkreader-inline-color=\"\"><span style=\"font-family: Roboto, serif\"><span style=\"font-size: medium\"> os fatores s\u00e3o: (1) adequa\u00e7\u00e3o da estrutura, (2) coer\u00eancia da apresenta\u00e7\u00e3o do conte\u00fado com os objetivos, (3) objetividade e clareza na descri\u00e7\u00e3o, (4) ader\u00eancia \u00e0 norma de formata\u00e7\u00e3o escolhida.<\/span><\/span><\/span><\/p><p><span style=\"color: #444444;--darkreader-inline-color: #484e51\" data-darkreader-inline-color=\"\"><span style=\"font-family: Roboto, serif\"><span style=\"font-size: medium\">Para os <\/span><\/span><\/span><span style=\"color: #444444;--darkreader-inline-color: #484e51\" data-darkreader-inline-color=\"\"><span style=\"font-family: Roboto, serif\"><span style=\"font-size: medium\"><b>casos de ensino<\/b><\/span><\/span><\/span><span style=\"color: #444444;--darkreader-inline-color: #484e51\" data-darkreader-inline-color=\"\"><span style=\"font-family: Roboto, serif\"><span style=\"font-size: medium\"> os fatores s\u00e3o: (1) defini\u00e7\u00e3o clara do tema, do contexto e dos atores envolvidos, (2) contribui\u00e7\u00e3o do caso para a \u00e1rea de conhecimento, (3) imparcialidade do(s) autor(es) e (4) qualidade das notas de ensino.<\/span><\/span><\/span><\/p><p>\u00a0<\/p>\t\t\t\t\t\t\t\t<\/div>\n\t\t\t\t<\/div>\n\t\t\t\t\t<\/div>\n\t\t<\/div>\n\t\t\t\t\t<\/div>\n\t\t<\/section>\n\t\t\t\t<\/div>\n\t\t","protected":false},"excerpt":{"rendered":"<p>Os trabalhos (artigos) submetidos ao SemeAd passam pelo processo de avalia\u00e7\u00e3o do SemeAd. Os professores respons\u00e1veis pela coordena\u00e7\u00e3o das \u00e1reas e temas escolhem os avaliadores dos artigos. Os avaliadores recebem orienta\u00e7\u00f5es sobre os crit\u00e9rios de avalia\u00e7\u00e3o. S\u00e3o escolhidos dois avaliadores para cada trabalho submetido. Um dos avaliadores deve ser doutor e profundo conhecedor do tema&#8230;<\/p>\n","protected":false},"author":1,"featured_media":0,"parent":0,"menu_order":0,"comment_status":"closed","ping_status":"open","template":"","meta":{"_acf_changed":false,"_monsterinsights_skip_tracking":false,"_monsterinsights_sitenote_active":false,"_monsterinsights_sitenote_note":"","_monsterinsights_sitenote_category":0,"footnotes":""},"class_list":["post-24","page","type-page","status-publish","hentry"],"acf":[],"yoast_head":"<!-- This site is optimized with the Yoast SEO plugin v27.1.1 - https:\/\/yoast.com\/product\/yoast-seo-wordpress\/ -->\n<title>Avalia\u00e7\u00e3o - XXVI SemeAd<\/title>\n<meta name=\"robots\" content=\"index, follow, max-snippet:-1, max-image-preview:large, max-video-preview:-1\" \/>\n<link rel=\"canonical\" href=\"https:\/\/semead.com.br\/26\/avaliacao\/\" \/>\n<meta property=\"og:locale\" content=\"pt_BR\" \/>\n<meta property=\"og:type\" content=\"article\" \/>\n<meta property=\"og:title\" content=\"Avalia\u00e7\u00e3o - XXVI SemeAd\" \/>\n<meta property=\"og:description\" content=\"Os trabalhos (artigos) submetidos ao SemeAd passam pelo processo de avalia\u00e7\u00e3o do SemeAd. Os professores respons\u00e1veis pela coordena\u00e7\u00e3o das \u00e1reas e temas escolhem os avaliadores dos artigos. Os avaliadores recebem orienta\u00e7\u00f5es sobre os crit\u00e9rios de avalia\u00e7\u00e3o. S\u00e3o escolhidos dois avaliadores para cada trabalho submetido. Um dos avaliadores deve ser doutor e profundo conhecedor do tema...\" \/>\n<meta property=\"og:url\" content=\"https:\/\/semead.com.br\/26\/avaliacao\/\" \/>\n<meta property=\"og:site_name\" content=\"XXVI SemeAd\" \/>\n<meta property=\"article:modified_time\" content=\"2023-06-09T22:01:14+00:00\" \/>\n<meta name=\"twitter:card\" content=\"summary_large_image\" \/>\n<meta name=\"twitter:label1\" content=\"Est. tempo de leitura\" \/>\n\t<meta name=\"twitter:data1\" content=\"2 minutos\" \/>\n<script type=\"application\/ld+json\" class=\"yoast-schema-graph\">{\"@context\":\"https:\/\/schema.org\",\"@graph\":[{\"@type\":\"WebPage\",\"@id\":\"https:\/\/semead.com.br\/26\/avaliacao\/\",\"url\":\"https:\/\/semead.com.br\/26\/avaliacao\/\",\"name\":\"Avalia\u00e7\u00e3o - XXVI SemeAd\",\"isPartOf\":{\"@id\":\"https:\/\/semead.com.br\/26\/#website\"},\"datePublished\":\"2013-04-26T00:16:54+00:00\",\"dateModified\":\"2023-06-09T22:01:14+00:00\",\"breadcrumb\":{\"@id\":\"https:\/\/semead.com.br\/26\/avaliacao\/#breadcrumb\"},\"inLanguage\":\"pt-BR\",\"potentialAction\":[{\"@type\":\"ReadAction\",\"target\":[\"https:\/\/semead.com.br\/26\/avaliacao\/\"]}]},{\"@type\":\"BreadcrumbList\",\"@id\":\"https:\/\/semead.com.br\/26\/avaliacao\/#breadcrumb\",\"itemListElement\":[{\"@type\":\"ListItem\",\"position\":1,\"name\":\"In\u00edcio\",\"item\":\"https:\/\/semead.com.br\/26\/\"},{\"@type\":\"ListItem\",\"position\":2,\"name\":\"Avalia\u00e7\u00e3o\"}]},{\"@type\":\"WebSite\",\"@id\":\"https:\/\/semead.com.br\/26\/#website\",\"url\":\"https:\/\/semead.com.br\/26\/\",\"name\":\"XXVI SemeAd\",\"description\":\"Semin\u00e1rios em Administra\u00e7\u00e3o\",\"potentialAction\":[{\"@type\":\"SearchAction\",\"target\":{\"@type\":\"EntryPoint\",\"urlTemplate\":\"https:\/\/semead.com.br\/26\/?s={search_term_string}\"},\"query-input\":{\"@type\":\"PropertyValueSpecification\",\"valueRequired\":true,\"valueName\":\"search_term_string\"}}],\"inLanguage\":\"pt-BR\"}]}<\/script>\n<!-- \/ Yoast SEO plugin. -->","yoast_head_json":{"title":"Avalia\u00e7\u00e3o - XXVI SemeAd","robots":{"index":"index","follow":"follow","max-snippet":"max-snippet:-1","max-image-preview":"max-image-preview:large","max-video-preview":"max-video-preview:-1"},"canonical":"https:\/\/semead.com.br\/26\/avaliacao\/","og_locale":"pt_BR","og_type":"article","og_title":"Avalia\u00e7\u00e3o - XXVI SemeAd","og_description":"Os trabalhos (artigos) submetidos ao SemeAd passam pelo processo de avalia\u00e7\u00e3o do SemeAd. Os professores respons\u00e1veis pela coordena\u00e7\u00e3o das \u00e1reas e temas escolhem os avaliadores dos artigos. Os avaliadores recebem orienta\u00e7\u00f5es sobre os crit\u00e9rios de avalia\u00e7\u00e3o. S\u00e3o escolhidos dois avaliadores para cada trabalho submetido. Um dos avaliadores deve ser doutor e profundo conhecedor do tema...","og_url":"https:\/\/semead.com.br\/26\/avaliacao\/","og_site_name":"XXVI SemeAd","article_modified_time":"2023-06-09T22:01:14+00:00","twitter_card":"summary_large_image","twitter_misc":{"Est. tempo de leitura":"2 minutos"},"schema":{"@context":"https:\/\/schema.org","@graph":[{"@type":"WebPage","@id":"https:\/\/semead.com.br\/26\/avaliacao\/","url":"https:\/\/semead.com.br\/26\/avaliacao\/","name":"Avalia\u00e7\u00e3o - XXVI SemeAd","isPartOf":{"@id":"https:\/\/semead.com.br\/26\/#website"},"datePublished":"2013-04-26T00:16:54+00:00","dateModified":"2023-06-09T22:01:14+00:00","breadcrumb":{"@id":"https:\/\/semead.com.br\/26\/avaliacao\/#breadcrumb"},"inLanguage":"pt-BR","potentialAction":[{"@type":"ReadAction","target":["https:\/\/semead.com.br\/26\/avaliacao\/"]}]},{"@type":"BreadcrumbList","@id":"https:\/\/semead.com.br\/26\/avaliacao\/#breadcrumb","itemListElement":[{"@type":"ListItem","position":1,"name":"In\u00edcio","item":"https:\/\/semead.com.br\/26\/"},{"@type":"ListItem","position":2,"name":"Avalia\u00e7\u00e3o"}]},{"@type":"WebSite","@id":"https:\/\/semead.com.br\/26\/#website","url":"https:\/\/semead.com.br\/26\/","name":"XXVI SemeAd","description":"Semin\u00e1rios em Administra\u00e7\u00e3o","potentialAction":[{"@type":"SearchAction","target":{"@type":"EntryPoint","urlTemplate":"https:\/\/semead.com.br\/26\/?s={search_term_string}"},"query-input":{"@type":"PropertyValueSpecification","valueRequired":true,"valueName":"search_term_string"}}],"inLanguage":"pt-BR"}]}},"_links":{"self":[{"href":"https:\/\/semead.com.br\/26\/wp-json\/wp\/v2\/pages\/24","targetHints":{"allow":["GET"]}}],"collection":[{"href":"https:\/\/semead.com.br\/26\/wp-json\/wp\/v2\/pages"}],"about":[{"href":"https:\/\/semead.com.br\/26\/wp-json\/wp\/v2\/types\/page"}],"author":[{"embeddable":true,"href":"https:\/\/semead.com.br\/26\/wp-json\/wp\/v2\/users\/1"}],"replies":[{"embeddable":true,"href":"https:\/\/semead.com.br\/26\/wp-json\/wp\/v2\/comments?post=24"}],"version-history":[{"count":0,"href":"https:\/\/semead.com.br\/26\/wp-json\/wp\/v2\/pages\/24\/revisions"}],"wp:attachment":[{"href":"https:\/\/semead.com.br\/26\/wp-json\/wp\/v2\/media?parent=24"}],"curies":[{"name":"wp","href":"https:\/\/api.w.org\/{rel}","templated":true}]}}