{"id":26811,"date":"2022-09-14T14:49:45","date_gmt":"2022-09-14T17:49:45","guid":{"rendered":"https:\/\/semead.com.br\/26\/?page_id=26811"},"modified":"2023-10-07T17:29:13","modified_gmt":"2023-10-07T20:29:13","slug":"apresentacoes-de-trabalhos-modalidade-presencial","status":"publish","type":"page","link":"https:\/\/semead.com.br\/26\/apresentacoes-de-trabalhos-modalidade-presencial\/","title":{"rendered":"Apresenta\u00e7\u00f5es de Trabalhos Modalidade Presencial"},"content":{"rendered":"\n<p>Nesse ano a apresenta\u00e7\u00e3o de trabalhos no SemeAd 2023 ocorrer\u00e1 de forma online e presencial Para isso, algumas informa\u00e7\u00f5es ser\u00e3o apresentadas a seguir.<\/p>\n\n\n\n<h3 class=\"wp-block-heading\"><strong>Instru\u00e7\u00f5es Gerais para as Apresenta\u00e7\u00f5es de Trabalhos<\/strong> Modalidade Presencial<\/h3>\n\n\n\n<p>A apresenta\u00e7\u00e3o dos trabalhos e sua discuss\u00e3o na sess\u00e3o ter\u00e3o&nbsp;a dura\u00e7\u00e3o de 8 minutos cada. Ap\u00f3s haver\u00e1, tamb\u00e9m, o debate dos trabalhos considerando o tema da sess\u00e3o, pontos comuns e novas considera\u00e7\u00f5es dos artigos.&nbsp; A sess\u00e3o de apresenta\u00e7\u00e3o durar\u00e1, no total, 90 minutos (1 hora e meia). Para saber mais sobre a din\u00e2mica das sess\u00f5es on-line acesse nossa aba de&nbsp;<a href=\"https:\/\/semead.com.br\/26\/sessoes-on-line\/\">Sess\u00f5es On-line<\/a>.<\/p>\n\n\n\n<p>Cada apresenta\u00e7\u00e3o dever\u00e1 ser gravada pelo autor e enviada na <a href=\"http:\/\/login.semead.com.br\">plataforma do SemeAd<\/a>. A dura\u00e7\u00e3o m\u00e1xima dos v\u00eddeos \u00e9 de 8 minutos. Os softwares e os modos de grava\u00e7\u00e3o dos v\u00eddeos est\u00e3o presentes nos&nbsp;<strong><em>Tutoriais de Produ\u00e7\u00e3o de V\u00eddeos PowerPoint e Zoom<\/em><\/strong>, apresentados logo abaixo. <strong>OBSERVA\u00c7\u00c3O<\/strong>: sugerimos a utiliza\u00e7\u00e3o do PowerPoint Falado, ou do Zoom, para a grava\u00e7\u00e3o dos v\u00eddeos. Mas o autor poder\u00e1 utilizar outros softwares caso deseje. No entanto, esses outros softwares dever\u00e3o produzir v\u00eddeos com boa qualidade (indicado Full HD-1080p) e extens\u00e3o em <strong>.mp4<\/strong>.<\/p>\n\n\n\n<p>Depois de gravado, o v\u00eddeo de apresenta\u00e7\u00e3o do trabalho dever\u00e1 ser disponibilizado no YouTube, na modalidade \u201cN\u00e3o Listado\u201d (veja o&nbsp;<strong><em>Tutorial de Inser\u00e7\u00e3o de V\u00eddeo no Youtube<\/em><\/strong>, abaixo). Ap\u00f3s gerar o link do v\u00eddeo no YouTube, ele dever\u00e1 ser adicionado na <a href=\"http:\/\/login.semead.com.br\/\">plataforma do SemeAd<\/a> (veja&nbsp;<strong><em>Tutorial <\/em><\/strong>abaixo).<\/p>\n\n\n\n<ul class=\"wp-block-list\">\n<li><strong>Os v\u00eddeos dever\u00e3o ser adicionados no Sistema SemeAd <u>at\u00e9 o dia 10\/10.<\/u><\/strong><\/li>\n<\/ul>\n\n\n\n<p>Nos dias das apresenta\u00e7\u00f5es, ser\u00e1 necess\u00e1ria a presen\u00e7a de pelo menos um autor (autor-apresentador) do trabalho na sess\u00e3o. Para que n\u00e3o haja atrasos, solicitamos a presen\u00e7a do autor-apresentador na sala presencial com ao menos 5 minutos de anteced\u00eancia. Os autores com trabalhos aprovados e inscritos, assumem o compromisso de que, ao menos um deles, compare\u00e7a ao evento e fa\u00e7a a apresenta\u00e7\u00e3o do trabalho aprovado. <strong>O certificado de apresenta\u00e7\u00e3o do trabalho ser\u00e1 conferido aos autores-apresentadores. Ou seja, \u00e0queles autores que se inscreveram no evento, estiveram presentes na sess\u00e3o presencialmente e realizaram a apresenta\u00e7\u00e3o do trabalho<\/strong>.<\/p>\n\n\n\n<p>Recomendamos que os participantes das sess\u00f5es visualizem os v\u00eddeos anteriormente \u00e0s apresenta\u00e7\u00f5es dos trabalhos e que tragam suas contribui\u00e7\u00f5es para discutir na sess\u00e3o com os demais autores. N\u00e3o h\u00e1 possibilidade de escolha pr\u00e9via por parte dos autores de data e hor\u00e1rio de apresenta\u00e7\u00e3o dos trabalhos. A programa\u00e7\u00e3o seguir\u00e1 o planejamento realizado pela Coordena\u00e7\u00e3o Cient\u00edfica do SemeAd.<\/p>\n\n\n\n<p><strong>OBSERVA\u00c7\u00d5ES<\/strong>:<\/p>\n\n\n\n<p><strong>Instru\u00e7\u00f5es para apresenta\u00e7\u00e3o dos trabalhos:<\/strong><\/p>\n\n\n\n<p>A apresenta\u00e7\u00e3o de ensaios te\u00f3ricos, artigos te\u00f3rico-emp\u00edricos e artigos aplicados ter\u00e3o&nbsp;a dura\u00e7\u00e3o de 8 minutos, casos de ensino ter\u00e3o a dura\u00e7\u00e3o de 8 minutos. Ap\u00f3s a apresenta\u00e7\u00e3o haver\u00e1 um breve tempo para discuss\u00e3o do trabalho.<\/p>\n\n\n\n<p>A apresenta\u00e7\u00e3o de artigos cient\u00edficos, relatos tecnol\u00f3gicos e casos de ensino dever\u00e1 ser em PowerPoint e a formata\u00e7\u00e3o da apresenta\u00e7\u00e3o \u00e9 livre. Recomenda-se trazer a apresenta\u00e7\u00e3o em um&nbsp;<em>pendrive<\/em>&nbsp;e, por seguran\u00e7a, ter uma c\u00f3pia em seu e-mail pessoal.<\/p>\n\n\n\n<p>Para que n\u00e3o haja atraso nas apresenta\u00e7\u00f5es, solicitamos a presen\u00e7a do autor-apresentador na sala com 5 minutos de anteced\u00eancia para a prepara\u00e7\u00e3o da apresenta\u00e7\u00e3o.<\/p>\n\n\n\n<p><strong>IMPORTANTE:<\/strong>&nbsp;Recomendamos que o participante fa\u00e7a uma leitura pr\u00e9via dos trabalhos da sua sess\u00e3o e que traga suas contribui\u00e7\u00f5es para discuti-las com os demais autores<\/p>\n\n\n\n<p><strong>Template de Apresenta\u00e7\u00e3o<\/strong><\/p>\n\n\n\n<p><a href=\"https:\/\/semead.com.br\/26\/wp-content\/uploads\/sites\/17\/2023\/09\/Template_Apresentacao-SemeAd-2023.pptx\">Clique aqui para baixar o template sugerido para a apresenta\u00e7\u00e3o de slides<\/a><\/p>\n\n\n\n<h3 class=\"wp-block-heading\"><strong>TUTORIAIS<\/strong><\/h3>\n\n\n\n<p><strong><em>Tutorial de Produ\u00e7\u00e3o de V\u00eddeos Zoom<\/em><\/strong><\/p>\n\n\n\n<p><a href=\"https:\/\/semead.com.br\/26\/wp-content\/uploads\/sites\/17\/2021\/09\/TUTORIAL-PARA-PRODUC%CC%A7A%CC%83O-DE-VI%CC%81DEOS-ZOOM.pdf\">&nbsp;<\/a><a href=\"https:\/\/semead.com.br\/26\/wp-content\/uploads\/sites\/17\/2023\/09\/TUTORIAL-PARA-PRODUCAO-DE-VIDEOS-ZOOM-SEMEAD.pdf\" target=\"_blank\" rel=\"noreferrer noopener\">Ver Tutorial&nbsp;<\/a><\/p>\n\n\n\n<p><strong><em>Tutorial de Produ\u00e7\u00e3o de V\u00eddeos PowerPoint<\/em><\/strong><\/p>\n\n\n\n<p><a href=\"https:\/\/semead.com.br\/26\/wp-content\/uploads\/sites\/17\/2023\/09\/TUTORIAL-PARA-PRODUCAO-DE-VIDEOS-POWERPOINT-SEMEAD.pdf\" target=\"_blank\" rel=\"noreferrer noopener\">Ver Tutorial<\/a><\/p>\n\n\n\n<p><strong><em>Tutorial de Inser\u00e7\u00e3o de v\u00eddeo de apresenta\u00e7\u00e3o ao Youtube e inser\u00e7\u00e3o do link do Youtube para a plataforma do SemeAd<\/em><\/strong><\/p>\n\n\n<p><iframe title=\"Tutorial Video Youtube e Inser\u00e7\u00e3o no Sistema SemeAd 2021\" width=\"1200\" height=\"675\" src=\"https:\/\/www.youtube.com\/embed\/XJVBQYFVpHk?feature=oembed\" frameborder=\"0\" allow=\"accelerometer; autoplay; clipboard-write; encrypted-media; gyroscope; picture-in-picture; web-share\" allowfullscreen><\/iframe><\/p>\n\n\n\n<p><strong>Publica\u00e7\u00e3o dos trabalhos nos anais do SemeAd:<\/strong><\/p>\n\n\n\n<p><strong>A publica\u00e7\u00e3o dos trabalhos aprovados nos anais do SemeAd, est\u00e1 condicionada ao pagamento da inscri\u00e7\u00e3o por pelo menos um dos autores do trabalho. Bem como a apresenta\u00e7\u00e3o deste trabalho em sua respectiva sess\u00e3o virtual.<\/strong><\/p>\n\n\n\n<p>O n\u00e3o comparecimento para apresenta\u00e7\u00e3o de trabalho inscrito implicar\u00e1 no impedimento do(s) autor(es) de submeter(em) trabalhos no evento do ano seguinte.<\/p>\n\n\n\n<p><\/p>\n","protected":false},"excerpt":{"rendered":"<p>Nesse ano a apresenta\u00e7\u00e3o de trabalhos no SemeAd 2023 ocorrer\u00e1 de forma online e presencial Para isso, algumas informa\u00e7\u00f5es ser\u00e3o apresentadas a seguir. Instru\u00e7\u00f5es Gerais para as Apresenta\u00e7\u00f5es de Trabalhos Modalidade Presencial A apresenta\u00e7\u00e3o dos trabalhos e sua discuss\u00e3o na sess\u00e3o ter\u00e3o&nbsp;a dura\u00e7\u00e3o de 8 minutos cada. Ap\u00f3s haver\u00e1, tamb\u00e9m, o debate dos trabalhos considerando&#8230;<\/p>\n","protected":false},"author":13,"featured_media":0,"parent":0,"menu_order":0,"comment_status":"closed","ping_status":"closed","template":"","meta":{"_acf_changed":false,"_monsterinsights_skip_tracking":false,"_monsterinsights_sitenote_active":false,"_monsterinsights_sitenote_note":"","_monsterinsights_sitenote_category":0,"footnotes":""},"class_list":["post-26811","page","type-page","status-publish","hentry"],"acf":[],"yoast_head":"<!-- This site is optimized with the Yoast SEO plugin v27.1.1 - https:\/\/yoast.com\/product\/yoast-seo-wordpress\/ -->\n<title>Apresenta\u00e7\u00f5es de Trabalhos Modalidade Presencial - XXVI SemeAd<\/title>\n<meta name=\"robots\" content=\"index, follow, max-snippet:-1, max-image-preview:large, max-video-preview:-1\" \/>\n<link rel=\"canonical\" href=\"https:\/\/semead.com.br\/26\/apresentacoes-de-trabalhos-modalidade-presencial\/\" \/>\n<meta property=\"og:locale\" content=\"pt_BR\" \/>\n<meta property=\"og:type\" content=\"article\" \/>\n<meta property=\"og:title\" content=\"Apresenta\u00e7\u00f5es de Trabalhos Modalidade Presencial - XXVI SemeAd\" \/>\n<meta property=\"og:description\" content=\"Nesse ano a apresenta\u00e7\u00e3o de trabalhos no SemeAd 2023 ocorrer\u00e1 de forma online e presencial Para isso, algumas informa\u00e7\u00f5es ser\u00e3o apresentadas a seguir. Instru\u00e7\u00f5es Gerais para as Apresenta\u00e7\u00f5es de Trabalhos Modalidade Presencial A apresenta\u00e7\u00e3o dos trabalhos e sua discuss\u00e3o na sess\u00e3o ter\u00e3o&nbsp;a dura\u00e7\u00e3o de 8 minutos cada. Ap\u00f3s haver\u00e1, tamb\u00e9m, o debate dos trabalhos considerando...\" \/>\n<meta property=\"og:url\" content=\"https:\/\/semead.com.br\/26\/apresentacoes-de-trabalhos-modalidade-presencial\/\" \/>\n<meta property=\"og:site_name\" content=\"XXVI SemeAd\" \/>\n<meta property=\"article:modified_time\" content=\"2023-10-07T20:29:13+00:00\" \/>\n<meta name=\"twitter:card\" content=\"summary_large_image\" \/>\n<meta name=\"twitter:label1\" content=\"Est. tempo de leitura\" \/>\n\t<meta name=\"twitter:data1\" content=\"4 minutos\" \/>\n<script type=\"application\/ld+json\" class=\"yoast-schema-graph\">{\"@context\":\"https:\/\/schema.org\",\"@graph\":[{\"@type\":\"WebPage\",\"@id\":\"https:\/\/semead.com.br\/26\/apresentacoes-de-trabalhos-modalidade-presencial\/\",\"url\":\"https:\/\/semead.com.br\/26\/apresentacoes-de-trabalhos-modalidade-presencial\/\",\"name\":\"Apresenta\u00e7\u00f5es de Trabalhos Modalidade Presencial - XXVI SemeAd\",\"isPartOf\":{\"@id\":\"https:\/\/semead.com.br\/26\/#website\"},\"datePublished\":\"2022-09-14T17:49:45+00:00\",\"dateModified\":\"2023-10-07T20:29:13+00:00\",\"breadcrumb\":{\"@id\":\"https:\/\/semead.com.br\/26\/apresentacoes-de-trabalhos-modalidade-presencial\/#breadcrumb\"},\"inLanguage\":\"pt-BR\",\"potentialAction\":[{\"@type\":\"ReadAction\",\"target\":[\"https:\/\/semead.com.br\/26\/apresentacoes-de-trabalhos-modalidade-presencial\/\"]}]},{\"@type\":\"BreadcrumbList\",\"@id\":\"https:\/\/semead.com.br\/26\/apresentacoes-de-trabalhos-modalidade-presencial\/#breadcrumb\",\"itemListElement\":[{\"@type\":\"ListItem\",\"position\":1,\"name\":\"In\u00edcio\",\"item\":\"https:\/\/semead.com.br\/26\/\"},{\"@type\":\"ListItem\",\"position\":2,\"name\":\"Apresenta\u00e7\u00f5es de Trabalhos Modalidade Presencial\"}]},{\"@type\":\"WebSite\",\"@id\":\"https:\/\/semead.com.br\/26\/#website\",\"url\":\"https:\/\/semead.com.br\/26\/\",\"name\":\"XXVI SemeAd\",\"description\":\"Semin\u00e1rios em Administra\u00e7\u00e3o\",\"potentialAction\":[{\"@type\":\"SearchAction\",\"target\":{\"@type\":\"EntryPoint\",\"urlTemplate\":\"https:\/\/semead.com.br\/26\/?s={search_term_string}\"},\"query-input\":{\"@type\":\"PropertyValueSpecification\",\"valueRequired\":true,\"valueName\":\"search_term_string\"}}],\"inLanguage\":\"pt-BR\"}]}<\/script>\n<!-- \/ Yoast SEO plugin. -->","yoast_head_json":{"title":"Apresenta\u00e7\u00f5es de Trabalhos Modalidade Presencial - XXVI SemeAd","robots":{"index":"index","follow":"follow","max-snippet":"max-snippet:-1","max-image-preview":"max-image-preview:large","max-video-preview":"max-video-preview:-1"},"canonical":"https:\/\/semead.com.br\/26\/apresentacoes-de-trabalhos-modalidade-presencial\/","og_locale":"pt_BR","og_type":"article","og_title":"Apresenta\u00e7\u00f5es de Trabalhos Modalidade Presencial - XXVI SemeAd","og_description":"Nesse ano a apresenta\u00e7\u00e3o de trabalhos no SemeAd 2023 ocorrer\u00e1 de forma online e presencial Para isso, algumas informa\u00e7\u00f5es ser\u00e3o apresentadas a seguir. Instru\u00e7\u00f5es Gerais para as Apresenta\u00e7\u00f5es de Trabalhos Modalidade Presencial A apresenta\u00e7\u00e3o dos trabalhos e sua discuss\u00e3o na sess\u00e3o ter\u00e3o&nbsp;a dura\u00e7\u00e3o de 8 minutos cada. Ap\u00f3s haver\u00e1, tamb\u00e9m, o debate dos trabalhos considerando...","og_url":"https:\/\/semead.com.br\/26\/apresentacoes-de-trabalhos-modalidade-presencial\/","og_site_name":"XXVI SemeAd","article_modified_time":"2023-10-07T20:29:13+00:00","twitter_card":"summary_large_image","twitter_misc":{"Est. tempo de leitura":"4 minutos"},"schema":{"@context":"https:\/\/schema.org","@graph":[{"@type":"WebPage","@id":"https:\/\/semead.com.br\/26\/apresentacoes-de-trabalhos-modalidade-presencial\/","url":"https:\/\/semead.com.br\/26\/apresentacoes-de-trabalhos-modalidade-presencial\/","name":"Apresenta\u00e7\u00f5es de Trabalhos Modalidade Presencial - XXVI SemeAd","isPartOf":{"@id":"https:\/\/semead.com.br\/26\/#website"},"datePublished":"2022-09-14T17:49:45+00:00","dateModified":"2023-10-07T20:29:13+00:00","breadcrumb":{"@id":"https:\/\/semead.com.br\/26\/apresentacoes-de-trabalhos-modalidade-presencial\/#breadcrumb"},"inLanguage":"pt-BR","potentialAction":[{"@type":"ReadAction","target":["https:\/\/semead.com.br\/26\/apresentacoes-de-trabalhos-modalidade-presencial\/"]}]},{"@type":"BreadcrumbList","@id":"https:\/\/semead.com.br\/26\/apresentacoes-de-trabalhos-modalidade-presencial\/#breadcrumb","itemListElement":[{"@type":"ListItem","position":1,"name":"In\u00edcio","item":"https:\/\/semead.com.br\/26\/"},{"@type":"ListItem","position":2,"name":"Apresenta\u00e7\u00f5es de Trabalhos Modalidade Presencial"}]},{"@type":"WebSite","@id":"https:\/\/semead.com.br\/26\/#website","url":"https:\/\/semead.com.br\/26\/","name":"XXVI SemeAd","description":"Semin\u00e1rios em Administra\u00e7\u00e3o","potentialAction":[{"@type":"SearchAction","target":{"@type":"EntryPoint","urlTemplate":"https:\/\/semead.com.br\/26\/?s={search_term_string}"},"query-input":{"@type":"PropertyValueSpecification","valueRequired":true,"valueName":"search_term_string"}}],"inLanguage":"pt-BR"}]}},"_links":{"self":[{"href":"https:\/\/semead.com.br\/26\/wp-json\/wp\/v2\/pages\/26811","targetHints":{"allow":["GET"]}}],"collection":[{"href":"https:\/\/semead.com.br\/26\/wp-json\/wp\/v2\/pages"}],"about":[{"href":"https:\/\/semead.com.br\/26\/wp-json\/wp\/v2\/types\/page"}],"author":[{"embeddable":true,"href":"https:\/\/semead.com.br\/26\/wp-json\/wp\/v2\/users\/13"}],"replies":[{"embeddable":true,"href":"https:\/\/semead.com.br\/26\/wp-json\/wp\/v2\/comments?post=26811"}],"version-history":[{"count":0,"href":"https:\/\/semead.com.br\/26\/wp-json\/wp\/v2\/pages\/26811\/revisions"}],"wp:attachment":[{"href":"https:\/\/semead.com.br\/26\/wp-json\/wp\/v2\/media?parent=26811"}],"curies":[{"name":"wp","href":"https:\/\/api.w.org\/{rel}","templated":true}]}}