{"id":28580,"date":"2023-05-19T14:53:07","date_gmt":"2023-05-19T17:53:07","guid":{"rendered":"https:\/\/semead.com.br\/26\/?page_id=28580"},"modified":"2023-05-19T14:53:09","modified_gmt":"2023-05-19T17:53:09","slug":"useful-information","status":"publish","type":"page","link":"https:\/\/semead.com.br\/26\/useful-information\/","title":{"rendered":"Useful information"},"content":{"rendered":"\n<p><strong>TRANSPORTS<\/strong><\/p>\n\n\n\n<p>-Metr\u00f4 \u2013 0800-7707722 \u2013 <a href=\"https:\/\/www.metro.sp.gov.br\/pdf\/mapa-da-rede-metro.pdf\">Metro and Trains S\u00e3o Paulo and Metropolitan Region<\/a><\/p>\n\n\n\n<p>-City buses \u2013 156<\/p>\n\n\n\n<p>-Airports \u2013 S\u00e3o Paulo Guarulhos (11) 2445-2945; Congonhas (11) 5090-9000; Campo de Marte (11) 2223-3701<\/p>\n\n\n\n<p>-Airport Bus Service \u2013 0800-2853047 or (11) 3775-3850 \u2013 <a href=\"https:\/\/www.googleadservices.com\/pagead\/aclk?sa=L&amp;ai=DChcSEwj3r7T_ubX6AhXlJ0wKHSOFDhQYABABGgJvYQ&amp;ohost=www.google.com&amp;cid=CAESauD2X9uKDrhG_kKscICAlvniycpqZwG8DMxmFdWuJw_9fe1lD4cE23KKYGRpQGA8rKBoGhxRlq9phe1ESWXJoxXuo6s44heme_Q7KuFy5TgIIjfhkzPj0mcyIID4EWhIRjrz2qYRurcWGFE&amp;sig=AOD64_0IbWGJPEfAMP978IwN2mjIz0P4sA&amp;q&amp;adurl&amp;ved=2ahUKEwiKwaj_ubX6AhUTr5UCHYyWBqUQ0Qx6BAgDEAE\">www.airportbusservice.com.br<\/a><\/p>\n\n\n\n<p>-Road Terminals: <a href=\"https:\/\/www.terminalrodoviariodotiete.com.br\/\">Tiet\u00ea<\/a>, <a href=\"https:\/\/www.rodoviariadabarrafunda.com\/\">Barra Funda<\/a> and <a href=\"https:\/\/www.rodoviariadojabaquara.com.br\/\">Jabaquara <\/a>\u2013 (11) 3866-1100 \u2013 www.socicam.com.br<\/p>\n\n\n\n<p>-Companhia Paulista de Trens Metropolitanos \u2013 0800-0550121 \/ WhatsApp (11) 99767-7030 \u2013 www.cptm.sp.gov.br \/ https:\/\/www.cptm.sp.gov.br\/MapasERegulamentos.aspx<\/p>\n\n\n\n<p>-ADETAX \u2013 Association of Fleet Taxi Companies of the City of S\u00e3o Paulo \u2013 (11) 3228-9294 or (11) 3229-8505 &#8211; http:\/\/www.adetax.com.br\/index.php\/precos\/<\/p>\n\n\n\n<p>&#8211;<a href=\"https:\/\/m.uber.com\/looking?drop%5B0%5D=%7B%22latitude%22%3A-23.5587435%2C%22longitude%22%3A-46.7290016%2C%22addressLine1%22%3A%22Faculdade%20de%20Economia%2C%20Administra%C3%A7%C3%A3o%20e%20Contabilidade%20%28FEA-USP%29%22%2C%22addressLine2%22%3A%22Av.%20Professor%20Luciano%20Gualberto%2C%20908%20-%20Butant%C3%A3%2C%20S%C3%A3o%20Paulo%20-%20SP%2C%2005508-010%22%2C%22id%22%3A%22c4aadedc-5799-ebcd-14d0-127953ec323d%22%2C%22provider%22%3A%22uber_places%22%7D\">Uber\u00a0\u00a0 \u00a0<\/a>Transport app<\/p>\n\n\n\n<p>-99Taxi Transport app<\/p>\n\n\n\n<p>&#8211;<a href=\"https:\/\/bikeitau.com.br\/sao-paulo\/\">Shared bike<\/a><\/p>\n\n\n\n<p><strong>AB S\u00c3O PAULO:<\/strong><\/p>\n\n\n\n<p><a href=\"http:\/\/www.timeout.com.br\/sao-paulo\/\" target=\"_blank\" rel=\"noreferrer noopener\">www.timeout.com.br\/sao-paulo\/<\/a><br><a href=\"http:\/\/www.cidadedesaopaulo.com\/\" target=\"_blank\" rel=\"noreferrer noopener\">www.cidadedesaopaulo.com\/<\/a><\/p>\n\n\n\n<p><strong>WHAT TO DO IN THE CAPITAL<\/strong><\/p>\n\n\n\n<p>-S\u00e3o Paulo Turismo \u2013 <a href=\"http:\/\/www.spturis.com\" target=\"_blank\" rel=\"noreferrer noopener\">www.spturis.com<\/a> \/ <a href=\"http:\/\/www.cidadedesaopaulo.com\" target=\"_blank\" rel=\"noreferrer noopener\">www.cidadedesaopaulo.com<\/a><br>-S\u00e3o Paulo Convention &amp; Visitors Bureau \u2013 <a href=\"http:\/\/www.visitesaopaulo.com\" target=\"_blank\" rel=\"noreferrer noopener\">www.visitesaopaulo.com<\/a><br>-Dicas de Passeios \u2013 <a href=\"http:\/\/www.cidadedesaopaulo.com\/fiquemaisumdia\" target=\"_blank\" rel=\"noreferrer noopener\">www.cidadedesaopaulo.com\/fiquemaisumdia<\/a><br>-Catraca Livre &#8211; <a href=\"http:\/\/www.catracalivre.com.br\" target=\"_blank\" rel=\"noreferrer noopener\">www.catracalivre.com.br<\/a><br>-Guia da Semana &#8211; <a href=\"http:\/\/www.guiadasemana.com.br\/sao-paulo\" target=\"_blank\" rel=\"noreferrer noopener\">www.guiadasemana.com.br\/sao-paulo<\/a><\/p>\n\n\n\n<p><strong>WHERE TO EAT:<\/strong><\/p>\n\n\n\n<p><a href=\"https:\/\/kekanto.com.br\/collection\/sp\/sao-paulo\/3250-lugares-para-comer-na-usp\/page:2\">https:\/\/kekanto.com.br\/collection\/sp\/sao-paulo\/3250-lugares-para-comer-na-usp\/page:2<\/a><\/p>\n\n\n\n<p><strong>APPS:<\/strong><br><a href=\"https:\/\/vejasp.abril.com.br\/cidades\/dez-aplicativos-essenciais-paulistano\/\" target=\"_blank\" rel=\"noreferrer noopener\">https:\/\/vejasp.abril.com.br\/cidades\/dez-aplicativos-essenciais-paulistano\/<\/a><\/p>\n\n\n\n<p><strong>EMERGENCIES<\/strong><\/p>\n\n\n\n<p>-Traffic emergency \u2013 1188<br>-Health emergency \u2013 192<br>-Civil Police \u2013 147<br>-Military Police \u2013 190<br>-Firefighters \u2013 193<\/p>\n","protected":false},"excerpt":{"rendered":"<p>TRANSPORTS -Metr\u00f4 \u2013 0800-7707722 \u2013 Metro and Trains S\u00e3o Paulo and Metropolitan Region -City buses \u2013 156 -Airports \u2013 S\u00e3o Paulo Guarulhos (11) 2445-2945; Congonhas (11) 5090-9000; Campo de Marte (11) 2223-3701 -Airport Bus Service \u2013 0800-2853047 or (11) 3775-3850 \u2013 www.airportbusservice.com.br -Road Terminals: Tiet\u00ea, Barra Funda and Jabaquara \u2013 (11) 3866-1100 \u2013 www.socicam.com.br -Companhia&#8230;<\/p>\n","protected":false},"author":14,"featured_media":0,"parent":0,"menu_order":0,"comment_status":"closed","ping_status":"open","template":"","meta":{"_acf_changed":false,"_monsterinsights_skip_tracking":false,"_monsterinsights_sitenote_active":false,"_monsterinsights_sitenote_note":"","_monsterinsights_sitenote_category":0,"footnotes":""},"class_list":["post-28580","page","type-page","status-publish","hentry"],"acf":[],"yoast_head":"<!-- This site is optimized with the Yoast SEO plugin v27.5 - https:\/\/yoast.com\/product\/yoast-seo-wordpress\/ -->\n<title>Useful information - XXVI SemeAd<\/title>\n<meta name=\"robots\" content=\"index, follow, max-snippet:-1, max-image-preview:large, max-video-preview:-1\" \/>\n<link rel=\"canonical\" href=\"https:\/\/semead.com.br\/26\/useful-information\/?lang=en\" \/>\n<meta property=\"og:locale\" content=\"pt_BR\" \/>\n<meta property=\"og:type\" content=\"article\" \/>\n<meta property=\"og:title\" content=\"Useful information - XXVI SemeAd\" \/>\n<meta property=\"og:description\" content=\"TRANSPORTS -Metr\u00f4 \u2013 0800-7707722 \u2013 Metro and Trains S\u00e3o Paulo and Metropolitan Region -City buses \u2013 156 -Airports \u2013 S\u00e3o Paulo Guarulhos (11) 2445-2945; Congonhas (11) 5090-9000; Campo de Marte (11) 2223-3701 -Airport Bus Service \u2013 0800-2853047 or (11) 3775-3850 \u2013 www.airportbusservice.com.br -Road Terminals: Tiet\u00ea, Barra Funda and Jabaquara \u2013 (11) 3866-1100 \u2013 www.socicam.com.br -Companhia...\" \/>\n<meta property=\"og:url\" content=\"https:\/\/semead.com.br\/26\/useful-information\/?lang=en\" \/>\n<meta property=\"og:site_name\" content=\"XXVI SemeAd\" \/>\n<meta property=\"article:modified_time\" content=\"2023-05-19T17:53:09+00:00\" \/>\n<meta name=\"twitter:card\" content=\"summary_large_image\" \/>\n<meta name=\"twitter:label1\" content=\"Est. tempo de leitura\" \/>\n\t<meta name=\"twitter:data1\" content=\"1 minuto\" \/>\n<script type=\"application\/ld+json\" class=\"yoast-schema-graph\">{\"@context\":\"https:\\\/\\\/schema.org\",\"@graph\":[{\"@type\":\"WebPage\",\"@id\":\"https:\\\/\\\/semead.com.br\\\/26\\\/useful-information\\\/?lang=en\",\"url\":\"https:\\\/\\\/semead.com.br\\\/26\\\/useful-information\\\/?lang=en\",\"name\":\"Useful information - XXVI SemeAd\",\"isPartOf\":{\"@id\":\"https:\\\/\\\/semead.com.br\\\/26\\\/#website\"},\"datePublished\":\"2023-05-19T17:53:07+00:00\",\"dateModified\":\"2023-05-19T17:53:09+00:00\",\"breadcrumb\":{\"@id\":\"https:\\\/\\\/semead.com.br\\\/26\\\/useful-information\\\/?lang=en#breadcrumb\"},\"inLanguage\":\"pt-BR\",\"potentialAction\":[{\"@type\":\"ReadAction\",\"target\":[\"https:\\\/\\\/semead.com.br\\\/26\\\/useful-information\\\/?lang=en\"]}]},{\"@type\":\"BreadcrumbList\",\"@id\":\"https:\\\/\\\/semead.com.br\\\/26\\\/useful-information\\\/?lang=en#breadcrumb\",\"itemListElement\":[{\"@type\":\"ListItem\",\"position\":1,\"name\":\"In\u00edcio\",\"item\":\"https:\\\/\\\/semead.com.br\\\/26\\\/\"},{\"@type\":\"ListItem\",\"position\":2,\"name\":\"Useful information\"}]},{\"@type\":\"WebSite\",\"@id\":\"https:\\\/\\\/semead.com.br\\\/26\\\/#website\",\"url\":\"https:\\\/\\\/semead.com.br\\\/26\\\/\",\"name\":\"XXVI SemeAd\",\"description\":\"Semin\u00e1rios em Administra\u00e7\u00e3o\",\"potentialAction\":[{\"@type\":\"SearchAction\",\"target\":{\"@type\":\"EntryPoint\",\"urlTemplate\":\"https:\\\/\\\/semead.com.br\\\/26\\\/?s={search_term_string}\"},\"query-input\":{\"@type\":\"PropertyValueSpecification\",\"valueRequired\":true,\"valueName\":\"search_term_string\"}}],\"inLanguage\":\"pt-BR\"}]}<\/script>\n<!-- \/ Yoast SEO plugin. -->","yoast_head_json":{"title":"Useful information - XXVI SemeAd","robots":{"index":"index","follow":"follow","max-snippet":"max-snippet:-1","max-image-preview":"max-image-preview:large","max-video-preview":"max-video-preview:-1"},"canonical":"https:\/\/semead.com.br\/26\/useful-information\/?lang=en","og_locale":"pt_BR","og_type":"article","og_title":"Useful information - XXVI SemeAd","og_description":"TRANSPORTS -Metr\u00f4 \u2013 0800-7707722 \u2013 Metro and Trains S\u00e3o Paulo and Metropolitan Region -City buses \u2013 156 -Airports \u2013 S\u00e3o Paulo Guarulhos (11) 2445-2945; Congonhas (11) 5090-9000; Campo de Marte (11) 2223-3701 -Airport Bus Service \u2013 0800-2853047 or (11) 3775-3850 \u2013 www.airportbusservice.com.br -Road Terminals: Tiet\u00ea, Barra Funda and Jabaquara \u2013 (11) 3866-1100 \u2013 www.socicam.com.br -Companhia...","og_url":"https:\/\/semead.com.br\/26\/useful-information\/?lang=en","og_site_name":"XXVI SemeAd","article_modified_time":"2023-05-19T17:53:09+00:00","twitter_card":"summary_large_image","twitter_misc":{"Est. tempo de leitura":"1 minuto"},"schema":{"@context":"https:\/\/schema.org","@graph":[{"@type":"WebPage","@id":"https:\/\/semead.com.br\/26\/useful-information\/?lang=en","url":"https:\/\/semead.com.br\/26\/useful-information\/?lang=en","name":"Useful information - XXVI SemeAd","isPartOf":{"@id":"https:\/\/semead.com.br\/26\/#website"},"datePublished":"2023-05-19T17:53:07+00:00","dateModified":"2023-05-19T17:53:09+00:00","breadcrumb":{"@id":"https:\/\/semead.com.br\/26\/useful-information\/?lang=en#breadcrumb"},"inLanguage":"pt-BR","potentialAction":[{"@type":"ReadAction","target":["https:\/\/semead.com.br\/26\/useful-information\/?lang=en"]}]},{"@type":"BreadcrumbList","@id":"https:\/\/semead.com.br\/26\/useful-information\/?lang=en#breadcrumb","itemListElement":[{"@type":"ListItem","position":1,"name":"In\u00edcio","item":"https:\/\/semead.com.br\/26\/"},{"@type":"ListItem","position":2,"name":"Useful information"}]},{"@type":"WebSite","@id":"https:\/\/semead.com.br\/26\/#website","url":"https:\/\/semead.com.br\/26\/","name":"XXVI SemeAd","description":"Semin\u00e1rios em Administra\u00e7\u00e3o","potentialAction":[{"@type":"SearchAction","target":{"@type":"EntryPoint","urlTemplate":"https:\/\/semead.com.br\/26\/?s={search_term_string}"},"query-input":{"@type":"PropertyValueSpecification","valueRequired":true,"valueName":"search_term_string"}}],"inLanguage":"pt-BR"}]}},"_links":{"self":[{"href":"https:\/\/semead.com.br\/26\/wp-json\/wp\/v2\/pages\/28580","targetHints":{"allow":["GET"]}}],"collection":[{"href":"https:\/\/semead.com.br\/26\/wp-json\/wp\/v2\/pages"}],"about":[{"href":"https:\/\/semead.com.br\/26\/wp-json\/wp\/v2\/types\/page"}],"author":[{"embeddable":true,"href":"https:\/\/semead.com.br\/26\/wp-json\/wp\/v2\/users\/14"}],"replies":[{"embeddable":true,"href":"https:\/\/semead.com.br\/26\/wp-json\/wp\/v2\/comments?post=28580"}],"version-history":[{"count":0,"href":"https:\/\/semead.com.br\/26\/wp-json\/wp\/v2\/pages\/28580\/revisions"}],"wp:attachment":[{"href":"https:\/\/semead.com.br\/26\/wp-json\/wp\/v2\/media?parent=28580"}],"curies":[{"name":"wp","href":"https:\/\/api.w.org\/{rel}","templated":true}]}}