{"id":28790,"date":"2023-06-02T12:07:48","date_gmt":"2023-06-02T15:07:48","guid":{"rendered":"https:\/\/semead.com.br\/26\/?page_id=28790"},"modified":"2023-10-30T14:35:03","modified_gmt":"2023-10-30T17:35:03","slug":"consorcio-doutoral","status":"publish","type":"page","link":"https:\/\/semead.com.br\/26\/consorcio-doutoral\/","title":{"rendered":"Cons\u00f3rcio Doutoral"},"content":{"rendered":"\t\t<div data-elementor-type=\"wp-page\" data-elementor-id=\"28790\" class=\"elementor elementor-28790\">\n\t\t\t\t\t\t<section class=\"elementor-section elementor-top-section elementor-element elementor-element-70c8512 elementor-section-boxed elementor-section-height-default elementor-section-height-default\" data-id=\"70c8512\" data-element_type=\"section\" data-e-type=\"section\">\n\t\t\t\t\t\t<div class=\"elementor-container elementor-column-gap-default\">\n\t\t\t\t\t<div class=\"elementor-column elementor-col-50 elementor-top-column elementor-element elementor-element-49d0d8e\" data-id=\"49d0d8e\" data-element_type=\"column\" data-e-type=\"column\">\n\t\t\t<div class=\"elementor-widget-wrap elementor-element-populated\">\n\t\t\t\t\t\t<div class=\"elementor-element elementor-element-e695bfb elementor-widget elementor-widget-text-editor\" data-id=\"e695bfb\" data-element_type=\"widget\" data-e-type=\"widget\" data-widget_type=\"text-editor.default\">\n\t\t\t\t<div class=\"elementor-widget-container\">\n\t\t\t\t\t\t\t\t\t<p>O Cons\u00f3rcio Doutoral do SemeAd convida os doutorandos para submeter suas propostas de Tese de Doutorado Acad\u00eamico nas seguintes \u00e1reas: Empreendedorismo; Estrat\u00e9gia Organizacional; Estudos Organizacionais; Finan\u00e7as; Gest\u00e3o da Inova\u00e7\u00e3o; Gest\u00e3o de Pessoas; Gest\u00e3o Socioambiental; e Marketing.<\/p><p>Todas as submiss\u00f5es ser\u00e3o apreciadas pelos Coordenadores do Cons\u00f3rcio e pelos L\u00edderes de cada uma das \u00e1reas do Cons\u00f3rcio\u00a0Doutoral. Ser\u00e3o selecionadas as submiss\u00f5es mais adequadas.<\/p><p>As atividades do Cons\u00f3rcio Doutoral ser\u00e3o realizadas, exclusivamente,\u00a0<b>na modalidade presencial, no dia 08\/11 (quarta-feira).<\/b>\u00a0A programa\u00e7\u00e3o dos hor\u00e1rios das atividades ser\u00e1 divulgada oportunamente.<\/p><p>Importante salientar que as submiss\u00f5es seguem o cronograma\u00a0do SemeAd, com prazo de submiss\u00e3o at\u00e9 o dia\u00a0<b>17\/07.<\/b><\/p>\t\t\t\t\t\t\t\t<\/div>\n\t\t\t\t<\/div>\n\t\t\t\t\t<\/div>\n\t\t<\/div>\n\t\t\t\t<div class=\"elementor-column elementor-col-50 elementor-top-column elementor-element elementor-element-d69162f\" data-id=\"d69162f\" data-element_type=\"column\" data-e-type=\"column\">\n\t\t\t<div class=\"elementor-widget-wrap elementor-element-populated\">\n\t\t\t\t\t\t\t<\/div>\n\t\t<\/div>\n\t\t\t\t\t<\/div>\n\t\t<\/section>\n\t\t\t\t<section class=\"elementor-section elementor-top-section elementor-element elementor-element-df20859 elementor-section-boxed elementor-section-height-default elementor-section-height-default\" data-id=\"df20859\" data-element_type=\"section\" data-e-type=\"section\">\n\t\t\t\t\t\t<div class=\"elementor-container elementor-column-gap-default\">\n\t\t\t\t\t<div class=\"elementor-column elementor-col-100 elementor-top-column elementor-element elementor-element-483484b\" data-id=\"483484b\" data-element_type=\"column\" data-e-type=\"column\">\n\t\t\t<div class=\"elementor-widget-wrap elementor-element-populated\">\n\t\t\t\t\t\t<div class=\"elementor-element elementor-element-ff22012 elementor-alert-info elementor-widget elementor-widget-alert\" data-id=\"ff22012\" data-element_type=\"widget\" data-e-type=\"widget\" data-widget_type=\"alert.default\">\n\t\t\t\t<div class=\"elementor-widget-container\">\n\t\t\t\t\t\t\t<div class=\"elementor-alert\" role=\"alert\">\n\n\t\t\t\t\t\t<span class=\"elementor-alert-title\">Para os doutorandos contemplados no cons\u00f3rcio doutoral oferecemos benef\u00edcios para virem:<\/span>\n\t\t\t\n\t\t\t\t\t\t<span class=\"elementor-alert-description\">Estadia na noite do dia 07\/11 para o dia 08\/11 em hotel definido pela organiza\u00e7\u00e3o do evento para doutorandos que residem fora da cidade de S\u00e3o Paulo; isen\u00e7\u00e3o da taxa de inscri\u00e7\u00e3o; b\u00f4nus de participa\u00e7\u00e3o em 1 atividade de viv\u00eancia externa no dia 07\/11. A passagem a\u00e9rea e demais estadias \u00e9 por conta do congressista.<\/span>\n\t\t\t\n\t\t\t\t\t\t<button type=\"button\" class=\"elementor-alert-dismiss\" aria-label=\"Dispensar este alerta.\">\n\t\t\t\t\t\t\t\t\t<span aria-hidden=\"true\">&times;<\/span>\n\t\t\t\t\t\t\t<\/button>\n\t\t\t\n\t\t<\/div>\n\t\t\t\t\t\t<\/div>\n\t\t\t\t<\/div>\n\t\t\t\t\t<\/div>\n\t\t<\/div>\n\t\t\t\t\t<\/div>\n\t\t<\/section>\n\t\t\t\t<\/div>\n\t\t","protected":false},"excerpt":{"rendered":"<p>O Cons\u00f3rcio Doutoral do SemeAd convida os doutorandos para submeter suas propostas de Tese de Doutorado Acad\u00eamico nas seguintes \u00e1reas: Empreendedorismo; Estrat\u00e9gia Organizacional; Estudos Organizacionais; Finan\u00e7as; Gest\u00e3o da Inova\u00e7\u00e3o; Gest\u00e3o de Pessoas; Gest\u00e3o Socioambiental; e Marketing. Todas as submiss\u00f5es ser\u00e3o apreciadas pelos Coordenadores do Cons\u00f3rcio e pelos L\u00edderes de cada uma das \u00e1reas do Cons\u00f3rcio\u00a0Doutoral&#8230;.<\/p>\n","protected":false},"author":4,"featured_media":0,"parent":0,"menu_order":0,"comment_status":"closed","ping_status":"closed","template":"temas-intermediario.php","meta":{"_acf_changed":false,"_monsterinsights_skip_tracking":false,"_monsterinsights_sitenote_active":false,"_monsterinsights_sitenote_note":"","_monsterinsights_sitenote_category":0,"footnotes":""},"class_list":["post-28790","page","type-page","status-publish","hentry"],"acf":[],"yoast_head":"<!-- This site is optimized with the Yoast SEO plugin v27.1.1 - https:\/\/yoast.com\/product\/yoast-seo-wordpress\/ -->\n<title>Cons\u00f3rcio Doutoral - XXVI SemeAd<\/title>\n<meta name=\"robots\" content=\"index, follow, max-snippet:-1, max-image-preview:large, max-video-preview:-1\" \/>\n<link rel=\"canonical\" href=\"https:\/\/semead.com.br\/26\/consorcio-doutoral\/\" \/>\n<meta property=\"og:locale\" content=\"pt_BR\" \/>\n<meta property=\"og:type\" content=\"article\" \/>\n<meta property=\"og:title\" content=\"Cons\u00f3rcio Doutoral - XXVI SemeAd\" \/>\n<meta property=\"og:description\" content=\"O Cons\u00f3rcio Doutoral do SemeAd convida os doutorandos para submeter suas propostas de Tese de Doutorado Acad\u00eamico nas seguintes \u00e1reas: Empreendedorismo; Estrat\u00e9gia Organizacional; Estudos Organizacionais; Finan\u00e7as; Gest\u00e3o da Inova\u00e7\u00e3o; Gest\u00e3o de Pessoas; Gest\u00e3o Socioambiental; e Marketing. Todas as submiss\u00f5es ser\u00e3o apreciadas pelos Coordenadores do Cons\u00f3rcio e pelos L\u00edderes de cada uma das \u00e1reas do Cons\u00f3rcio\u00a0Doutoral....\" \/>\n<meta property=\"og:url\" content=\"https:\/\/semead.com.br\/26\/consorcio-doutoral\/\" \/>\n<meta property=\"og:site_name\" content=\"XXVI SemeAd\" \/>\n<meta property=\"article:modified_time\" content=\"2023-10-30T17:35:03+00:00\" \/>\n<meta name=\"twitter:card\" content=\"summary_large_image\" \/>\n<meta name=\"twitter:label1\" content=\"Est. tempo de leitura\" \/>\n\t<meta name=\"twitter:data1\" content=\"2 minutos\" \/>\n<script type=\"application\/ld+json\" class=\"yoast-schema-graph\">{\"@context\":\"https:\/\/schema.org\",\"@graph\":[{\"@type\":\"WebPage\",\"@id\":\"https:\/\/semead.com.br\/26\/consorcio-doutoral\/\",\"url\":\"https:\/\/semead.com.br\/26\/consorcio-doutoral\/\",\"name\":\"Cons\u00f3rcio Doutoral - XXVI SemeAd\",\"isPartOf\":{\"@id\":\"https:\/\/semead.com.br\/26\/#website\"},\"datePublished\":\"2023-06-02T15:07:48+00:00\",\"dateModified\":\"2023-10-30T17:35:03+00:00\",\"breadcrumb\":{\"@id\":\"https:\/\/semead.com.br\/26\/consorcio-doutoral\/#breadcrumb\"},\"inLanguage\":\"pt-BR\",\"potentialAction\":[{\"@type\":\"ReadAction\",\"target\":[\"https:\/\/semead.com.br\/26\/consorcio-doutoral\/\"]}]},{\"@type\":\"BreadcrumbList\",\"@id\":\"https:\/\/semead.com.br\/26\/consorcio-doutoral\/#breadcrumb\",\"itemListElement\":[{\"@type\":\"ListItem\",\"position\":1,\"name\":\"In\u00edcio\",\"item\":\"https:\/\/semead.com.br\/26\/\"},{\"@type\":\"ListItem\",\"position\":2,\"name\":\"Cons\u00f3rcio Doutoral\"}]},{\"@type\":\"WebSite\",\"@id\":\"https:\/\/semead.com.br\/26\/#website\",\"url\":\"https:\/\/semead.com.br\/26\/\",\"name\":\"XXVI SemeAd\",\"description\":\"Semin\u00e1rios em Administra\u00e7\u00e3o\",\"potentialAction\":[{\"@type\":\"SearchAction\",\"target\":{\"@type\":\"EntryPoint\",\"urlTemplate\":\"https:\/\/semead.com.br\/26\/?s={search_term_string}\"},\"query-input\":{\"@type\":\"PropertyValueSpecification\",\"valueRequired\":true,\"valueName\":\"search_term_string\"}}],\"inLanguage\":\"pt-BR\"}]}<\/script>\n<!-- \/ Yoast SEO plugin. -->","yoast_head_json":{"title":"Cons\u00f3rcio Doutoral - XXVI SemeAd","robots":{"index":"index","follow":"follow","max-snippet":"max-snippet:-1","max-image-preview":"max-image-preview:large","max-video-preview":"max-video-preview:-1"},"canonical":"https:\/\/semead.com.br\/26\/consorcio-doutoral\/","og_locale":"pt_BR","og_type":"article","og_title":"Cons\u00f3rcio Doutoral - XXVI SemeAd","og_description":"O Cons\u00f3rcio Doutoral do SemeAd convida os doutorandos para submeter suas propostas de Tese de Doutorado Acad\u00eamico nas seguintes \u00e1reas: Empreendedorismo; Estrat\u00e9gia Organizacional; Estudos Organizacionais; Finan\u00e7as; Gest\u00e3o da Inova\u00e7\u00e3o; Gest\u00e3o de Pessoas; Gest\u00e3o Socioambiental; e Marketing. Todas as submiss\u00f5es ser\u00e3o apreciadas pelos Coordenadores do Cons\u00f3rcio e pelos L\u00edderes de cada uma das \u00e1reas do Cons\u00f3rcio\u00a0Doutoral....","og_url":"https:\/\/semead.com.br\/26\/consorcio-doutoral\/","og_site_name":"XXVI SemeAd","article_modified_time":"2023-10-30T17:35:03+00:00","twitter_card":"summary_large_image","twitter_misc":{"Est. tempo de leitura":"2 minutos"},"schema":{"@context":"https:\/\/schema.org","@graph":[{"@type":"WebPage","@id":"https:\/\/semead.com.br\/26\/consorcio-doutoral\/","url":"https:\/\/semead.com.br\/26\/consorcio-doutoral\/","name":"Cons\u00f3rcio Doutoral - XXVI SemeAd","isPartOf":{"@id":"https:\/\/semead.com.br\/26\/#website"},"datePublished":"2023-06-02T15:07:48+00:00","dateModified":"2023-10-30T17:35:03+00:00","breadcrumb":{"@id":"https:\/\/semead.com.br\/26\/consorcio-doutoral\/#breadcrumb"},"inLanguage":"pt-BR","potentialAction":[{"@type":"ReadAction","target":["https:\/\/semead.com.br\/26\/consorcio-doutoral\/"]}]},{"@type":"BreadcrumbList","@id":"https:\/\/semead.com.br\/26\/consorcio-doutoral\/#breadcrumb","itemListElement":[{"@type":"ListItem","position":1,"name":"In\u00edcio","item":"https:\/\/semead.com.br\/26\/"},{"@type":"ListItem","position":2,"name":"Cons\u00f3rcio Doutoral"}]},{"@type":"WebSite","@id":"https:\/\/semead.com.br\/26\/#website","url":"https:\/\/semead.com.br\/26\/","name":"XXVI SemeAd","description":"Semin\u00e1rios em Administra\u00e7\u00e3o","potentialAction":[{"@type":"SearchAction","target":{"@type":"EntryPoint","urlTemplate":"https:\/\/semead.com.br\/26\/?s={search_term_string}"},"query-input":{"@type":"PropertyValueSpecification","valueRequired":true,"valueName":"search_term_string"}}],"inLanguage":"pt-BR"}]}},"_links":{"self":[{"href":"https:\/\/semead.com.br\/26\/wp-json\/wp\/v2\/pages\/28790","targetHints":{"allow":["GET"]}}],"collection":[{"href":"https:\/\/semead.com.br\/26\/wp-json\/wp\/v2\/pages"}],"about":[{"href":"https:\/\/semead.com.br\/26\/wp-json\/wp\/v2\/types\/page"}],"author":[{"embeddable":true,"href":"https:\/\/semead.com.br\/26\/wp-json\/wp\/v2\/users\/4"}],"replies":[{"embeddable":true,"href":"https:\/\/semead.com.br\/26\/wp-json\/wp\/v2\/comments?post=28790"}],"version-history":[{"count":0,"href":"https:\/\/semead.com.br\/26\/wp-json\/wp\/v2\/pages\/28790\/revisions"}],"wp:attachment":[{"href":"https:\/\/semead.com.br\/26\/wp-json\/wp\/v2\/media?parent=28790"}],"curies":[{"name":"wp","href":"https:\/\/api.w.org\/{rel}","templated":true}]}}