{"id":29020,"date":"2023-06-09T16:53:10","date_gmt":"2023-06-09T19:53:10","guid":{"rendered":"https:\/\/semead.com.br\/26\/?page_id=29020"},"modified":"2023-06-22T15:47:33","modified_gmt":"2023-06-22T18:47:33","slug":"connecta","status":"publish","type":"page","link":"https:\/\/semead.com.br\/26\/connecta\/","title":{"rendered":"Connecta"},"content":{"rendered":"\n<figure class=\"wp-block-image size-full\"><img decoding=\"async\" width=\"300\" height=\"92\" src=\"https:\/\/semead.com.br\/26\/wp-content\/uploads\/sites\/17\/2023\/06\/Logo-Connecta-Semead-2023.jpg\" alt=\"\" class=\"wp-image-29026\" \/><\/figure>\n\n\n\n<p>SEMEAD-CONNECTA 2023 is an international meeting of researchers in Management\/Administration that will take place during SemeAd 2023.<\/p>\n\n\n\n<p>The event seeks to establish a connection between researchers from different universities around the world, promoting the formation of alliances for the development of teaching and research projects.<\/p>\n\n\n\n<p>There are two connection possibilities:<\/p>\n\n\n\n<h3 class=\"wp-block-heading\"><strong>RESEARCH<\/strong><\/h3>\n\n\n\n<p>The objective of this modality is to promote collaboration in research projects in the various areas of Management\/Administration. The researchers report the open positions in their project team and seek interested parties, expanding their possibilities to increase their teams and extend the research to other geographical and cultural realities. The approved projects will be presented in sessions aimed at interaction between participants and possible interested parties with similar themes.<\/p>\n\n\n\n<h3 class=\"wp-block-heading\"><strong>TEACHING<\/strong><\/h3>\n\n\n\n<p>The objective of this modality is to promote alliances for the realization and sharing of workshops, courses and disciplines at the undergraduate and graduate levels in the different areas of Management\/Administration. Those responsible for the subjects\/courses\/workshops inform about the possibilities open for the development and\/or execution of teaching and pedagogical activities. In the selected processes, interaction sessions will be organized between promoters and potential stakeholders.<\/p>\n\n\n\n<p><strong>Start of submissions: 15\/05\/2023<\/strong><\/p>\n\n\n\n<p><strong>End of submissions: 17\/07\/2023<\/strong><\/p>\n\n\n\n<p><strong>Results and disclosure approved list: 12\/09\/2023<\/strong><\/p>\n","protected":false},"excerpt":{"rendered":"<p>SEMEAD-CONNECTA 2023 is an international meeting of researchers in Management\/Administration that will take place during SemeAd 2023. The event seeks to establish a connection between researchers from different universities around the world, promoting the formation of alliances for the development of teaching and research projects. There are two connection possibilities: RESEARCH The objective of this&#8230;<\/p>\n","protected":false},"author":4,"featured_media":0,"parent":0,"menu_order":0,"comment_status":"closed","ping_status":"closed","template":"","meta":{"_acf_changed":false,"_monsterinsights_skip_tracking":false,"_monsterinsights_sitenote_active":false,"_monsterinsights_sitenote_note":"","_monsterinsights_sitenote_category":0,"footnotes":""},"class_list":["post-29020","page","type-page","status-publish","hentry"],"acf":[],"yoast_head":"<!-- This site is optimized with the Yoast SEO plugin v27.1.1 - https:\/\/yoast.com\/product\/yoast-seo-wordpress\/ -->\n<title>Connecta - XXVI SemeAd<\/title>\n<meta name=\"robots\" content=\"index, follow, max-snippet:-1, max-image-preview:large, max-video-preview:-1\" \/>\n<link rel=\"canonical\" href=\"https:\/\/semead.com.br\/26\/connecta\/\" \/>\n<meta property=\"og:locale\" content=\"pt_BR\" \/>\n<meta property=\"og:type\" content=\"article\" \/>\n<meta property=\"og:title\" content=\"Connecta - XXVI SemeAd\" \/>\n<meta property=\"og:description\" content=\"SEMEAD-CONNECTA 2023 is an international meeting of researchers in Management\/Administration that will take place during SemeAd 2023. The event seeks to establish a connection between researchers from different universities around the world, promoting the formation of alliances for the development of teaching and research projects. There are two connection possibilities: RESEARCH The objective of this...\" \/>\n<meta property=\"og:url\" content=\"https:\/\/semead.com.br\/26\/connecta\/\" \/>\n<meta property=\"og:site_name\" content=\"XXVI SemeAd\" \/>\n<meta property=\"article:modified_time\" content=\"2023-06-22T18:47:33+00:00\" \/>\n<meta property=\"og:image\" content=\"https:\/\/semead.com.br\/26\/wp-content\/uploads\/sites\/17\/2023\/06\/Logo-Connecta-Semead-2023.jpg\" \/>\n<meta name=\"twitter:card\" content=\"summary_large_image\" \/>\n<meta name=\"twitter:label1\" content=\"Est. tempo de leitura\" \/>\n\t<meta name=\"twitter:data1\" content=\"2 minutos\" \/>\n<script type=\"application\/ld+json\" class=\"yoast-schema-graph\">{\"@context\":\"https:\/\/schema.org\",\"@graph\":[{\"@type\":\"WebPage\",\"@id\":\"https:\/\/semead.com.br\/26\/connecta\/\",\"url\":\"https:\/\/semead.com.br\/26\/connecta\/\",\"name\":\"Connecta - XXVI SemeAd\",\"isPartOf\":{\"@id\":\"https:\/\/semead.com.br\/26\/#website\"},\"primaryImageOfPage\":{\"@id\":\"https:\/\/semead.com.br\/26\/connecta\/#primaryimage\"},\"image\":{\"@id\":\"https:\/\/semead.com.br\/26\/connecta\/#primaryimage\"},\"thumbnailUrl\":\"https:\/\/semead.com.br\/26\/wp-content\/uploads\/sites\/17\/2023\/06\/Logo-Connecta-Semead-2023.jpg\",\"datePublished\":\"2023-06-09T19:53:10+00:00\",\"dateModified\":\"2023-06-22T18:47:33+00:00\",\"breadcrumb\":{\"@id\":\"https:\/\/semead.com.br\/26\/connecta\/#breadcrumb\"},\"inLanguage\":\"pt-BR\",\"potentialAction\":[{\"@type\":\"ReadAction\",\"target\":[\"https:\/\/semead.com.br\/26\/connecta\/\"]}]},{\"@type\":\"ImageObject\",\"inLanguage\":\"pt-BR\",\"@id\":\"https:\/\/semead.com.br\/26\/connecta\/#primaryimage\",\"url\":\"https:\/\/semead.com.br\/26\/wp-content\/uploads\/sites\/17\/2023\/06\/Logo-Connecta-Semead-2023.jpg\",\"contentUrl\":\"https:\/\/semead.com.br\/26\/wp-content\/uploads\/sites\/17\/2023\/06\/Logo-Connecta-Semead-2023.jpg\",\"width\":300,\"height\":92},{\"@type\":\"BreadcrumbList\",\"@id\":\"https:\/\/semead.com.br\/26\/connecta\/#breadcrumb\",\"itemListElement\":[{\"@type\":\"ListItem\",\"position\":1,\"name\":\"In\u00edcio\",\"item\":\"https:\/\/semead.com.br\/26\/\"},{\"@type\":\"ListItem\",\"position\":2,\"name\":\"Connecta\"}]},{\"@type\":\"WebSite\",\"@id\":\"https:\/\/semead.com.br\/26\/#website\",\"url\":\"https:\/\/semead.com.br\/26\/\",\"name\":\"XXVI SemeAd\",\"description\":\"Semin\u00e1rios em Administra\u00e7\u00e3o\",\"potentialAction\":[{\"@type\":\"SearchAction\",\"target\":{\"@type\":\"EntryPoint\",\"urlTemplate\":\"https:\/\/semead.com.br\/26\/?s={search_term_string}\"},\"query-input\":{\"@type\":\"PropertyValueSpecification\",\"valueRequired\":true,\"valueName\":\"search_term_string\"}}],\"inLanguage\":\"pt-BR\"}]}<\/script>\n<!-- \/ Yoast SEO plugin. -->","yoast_head_json":{"title":"Connecta - XXVI SemeAd","robots":{"index":"index","follow":"follow","max-snippet":"max-snippet:-1","max-image-preview":"max-image-preview:large","max-video-preview":"max-video-preview:-1"},"canonical":"https:\/\/semead.com.br\/26\/connecta\/","og_locale":"pt_BR","og_type":"article","og_title":"Connecta - XXVI SemeAd","og_description":"SEMEAD-CONNECTA 2023 is an international meeting of researchers in Management\/Administration that will take place during SemeAd 2023. The event seeks to establish a connection between researchers from different universities around the world, promoting the formation of alliances for the development of teaching and research projects. There are two connection possibilities: RESEARCH The objective of this...","og_url":"https:\/\/semead.com.br\/26\/connecta\/","og_site_name":"XXVI SemeAd","article_modified_time":"2023-06-22T18:47:33+00:00","og_image":[{"url":"https:\/\/semead.com.br\/26\/wp-content\/uploads\/sites\/17\/2023\/06\/Logo-Connecta-Semead-2023.jpg","type":"","width":"","height":""}],"twitter_card":"summary_large_image","twitter_misc":{"Est. tempo de leitura":"2 minutos"},"schema":{"@context":"https:\/\/schema.org","@graph":[{"@type":"WebPage","@id":"https:\/\/semead.com.br\/26\/connecta\/","url":"https:\/\/semead.com.br\/26\/connecta\/","name":"Connecta - XXVI SemeAd","isPartOf":{"@id":"https:\/\/semead.com.br\/26\/#website"},"primaryImageOfPage":{"@id":"https:\/\/semead.com.br\/26\/connecta\/#primaryimage"},"image":{"@id":"https:\/\/semead.com.br\/26\/connecta\/#primaryimage"},"thumbnailUrl":"https:\/\/semead.com.br\/26\/wp-content\/uploads\/sites\/17\/2023\/06\/Logo-Connecta-Semead-2023.jpg","datePublished":"2023-06-09T19:53:10+00:00","dateModified":"2023-06-22T18:47:33+00:00","breadcrumb":{"@id":"https:\/\/semead.com.br\/26\/connecta\/#breadcrumb"},"inLanguage":"pt-BR","potentialAction":[{"@type":"ReadAction","target":["https:\/\/semead.com.br\/26\/connecta\/"]}]},{"@type":"ImageObject","inLanguage":"pt-BR","@id":"https:\/\/semead.com.br\/26\/connecta\/#primaryimage","url":"https:\/\/semead.com.br\/26\/wp-content\/uploads\/sites\/17\/2023\/06\/Logo-Connecta-Semead-2023.jpg","contentUrl":"https:\/\/semead.com.br\/26\/wp-content\/uploads\/sites\/17\/2023\/06\/Logo-Connecta-Semead-2023.jpg","width":300,"height":92},{"@type":"BreadcrumbList","@id":"https:\/\/semead.com.br\/26\/connecta\/#breadcrumb","itemListElement":[{"@type":"ListItem","position":1,"name":"In\u00edcio","item":"https:\/\/semead.com.br\/26\/"},{"@type":"ListItem","position":2,"name":"Connecta"}]},{"@type":"WebSite","@id":"https:\/\/semead.com.br\/26\/#website","url":"https:\/\/semead.com.br\/26\/","name":"XXVI SemeAd","description":"Semin\u00e1rios em Administra\u00e7\u00e3o","potentialAction":[{"@type":"SearchAction","target":{"@type":"EntryPoint","urlTemplate":"https:\/\/semead.com.br\/26\/?s={search_term_string}"},"query-input":{"@type":"PropertyValueSpecification","valueRequired":true,"valueName":"search_term_string"}}],"inLanguage":"pt-BR"}]}},"_links":{"self":[{"href":"https:\/\/semead.com.br\/26\/wp-json\/wp\/v2\/pages\/29020","targetHints":{"allow":["GET"]}}],"collection":[{"href":"https:\/\/semead.com.br\/26\/wp-json\/wp\/v2\/pages"}],"about":[{"href":"https:\/\/semead.com.br\/26\/wp-json\/wp\/v2\/types\/page"}],"author":[{"embeddable":true,"href":"https:\/\/semead.com.br\/26\/wp-json\/wp\/v2\/users\/4"}],"replies":[{"embeddable":true,"href":"https:\/\/semead.com.br\/26\/wp-json\/wp\/v2\/comments?post=29020"}],"version-history":[{"count":0,"href":"https:\/\/semead.com.br\/26\/wp-json\/wp\/v2\/pages\/29020\/revisions"}],"wp:attachment":[{"href":"https:\/\/semead.com.br\/26\/wp-json\/wp\/v2\/media?parent=29020"}],"curies":[{"name":"wp","href":"https:\/\/api.w.org\/{rel}","templated":true}]}}