{"id":29289,"date":"2023-06-22T15:47:32","date_gmt":"2023-06-22T18:47:32","guid":{"rendered":"https:\/\/semead.com.br\/26\/?page_id=29289"},"modified":"2023-06-29T12:49:00","modified_gmt":"2023-06-29T15:49:00","slug":"connecta-2","status":"publish","type":"page","link":"https:\/\/semead.com.br\/26\/connecta-2\/","title":{"rendered":"Connecta"},"content":{"rendered":"\n<figure class=\"wp-block-image size-full\"><img decoding=\"async\" width=\"300\" height=\"92\" src=\"https:\/\/semead.com.br\/26\/wp-content\/uploads\/sites\/17\/2023\/06\/Logo-Connecta-Semead-2023.jpg\" alt=\"\" class=\"wp-image-29027\" \/><\/figure>\n\n\n\n<p>SEMEAD-CONNECTA 2023 is an international meeting of researchers in Management\/Administration that will take place during SemeAd 2023.Connecta<\/p>\n\n\n\n<p><br>SEMEAD-CONNECTA 2023 is an international meeting of researchers in management and administration that will take place during SemeAd 2023.<br>The event seeks to build connections between researchers from different universities around the world, promoting the formation of alliances for the development of teaching and research projects.<br>Two forms of cooperation and connection are incentivized:<\/p>\n\n\n\n<p><br><strong>RESEARCH<\/strong><\/p>\n\n\n\n<p><br>The objective of this modality is to promote collaboration in research projects in the various areas of management and administration. The researchers report the open positions in their project team and seek interested parties, expanding their possibilities to increase their teams and extend the research to other geographical and cultural realities. The approved projects will be presented in sessions aimed at interaction between participants and possible interested parties with similar themes.<\/p>\n\n\n\n<p><br><strong>TEACHING<\/strong><\/p>\n\n\n\n<p><br>The objective of this modality is to promote alliances for the realization and sharing of workshops, courses, and disciplines at the undergraduate and graduate levels in the different areas of management and administration. Those responsible for the subjects, courses, and workshops are informed about the possibilities open for the development and\/or execution of teaching and pedagogical activities. In the selected processes, interaction sessions will be organized between promoters and potential stakeholders.<\/p>\n\n\n\n<p><br><strong>Start of submissions: May 15, 2023<br>End of submissions: July 17, 2023<br>Results and disclosure approved list: 09\/12\/2023<\/strong><\/p>\n","protected":false},"excerpt":{"rendered":"<p>SEMEAD-CONNECTA 2023 is an international meeting of researchers in Management\/Administration that will take place during SemeAd 2023.Connecta SEMEAD-CONNECTA 2023 is an international meeting of researchers in management and administration that will take place during SemeAd 2023.The event seeks to build connections between researchers from different universities around the world, promoting the formation of alliances for&#8230;<\/p>\n","protected":false},"author":14,"featured_media":0,"parent":0,"menu_order":0,"comment_status":"closed","ping_status":"closed","template":"","meta":{"_acf_changed":false,"_monsterinsights_skip_tracking":false,"_monsterinsights_sitenote_active":false,"_monsterinsights_sitenote_note":"","_monsterinsights_sitenote_category":0,"footnotes":""},"class_list":["post-29289","page","type-page","status-publish","hentry"],"acf":[],"yoast_head":"<!-- This site is optimized with the Yoast SEO plugin v27.5 - https:\/\/yoast.com\/product\/yoast-seo-wordpress\/ -->\n<title>Connecta - XXVI SemeAd<\/title>\n<meta name=\"robots\" content=\"index, follow, max-snippet:-1, max-image-preview:large, max-video-preview:-1\" \/>\n<link rel=\"canonical\" href=\"https:\/\/semead.com.br\/26\/connecta-2\/?lang=en\" \/>\n<meta property=\"og:locale\" content=\"pt_BR\" \/>\n<meta property=\"og:type\" content=\"article\" \/>\n<meta property=\"og:title\" content=\"Connecta - XXVI SemeAd\" \/>\n<meta property=\"og:description\" content=\"SEMEAD-CONNECTA 2023 is an international meeting of researchers in Management\/Administration that will take place during SemeAd 2023.Connecta SEMEAD-CONNECTA 2023 is an international meeting of researchers in management and administration that will take place during SemeAd 2023.The event seeks to build connections between researchers from different universities around the world, promoting the formation of alliances for...\" \/>\n<meta property=\"og:url\" content=\"https:\/\/semead.com.br\/26\/connecta-2\/?lang=en\" \/>\n<meta property=\"og:site_name\" content=\"XXVI SemeAd\" \/>\n<meta property=\"article:modified_time\" content=\"2023-06-29T15:49:00+00:00\" \/>\n<meta property=\"og:image\" content=\"https:\/\/semead.com.br\/26\/wp-content\/uploads\/sites\/17\/2023\/06\/Logo-Connecta-Semead-2023.jpg\" \/>\n<meta name=\"twitter:card\" content=\"summary_large_image\" \/>\n<meta name=\"twitter:label1\" content=\"Est. tempo de leitura\" \/>\n\t<meta name=\"twitter:data1\" content=\"2 minutos\" \/>\n<script type=\"application\/ld+json\" class=\"yoast-schema-graph\">{\"@context\":\"https:\\\/\\\/schema.org\",\"@graph\":[{\"@type\":\"WebPage\",\"@id\":\"https:\\\/\\\/semead.com.br\\\/26\\\/connecta-2\\\/?lang=en\",\"url\":\"https:\\\/\\\/semead.com.br\\\/26\\\/connecta-2\\\/?lang=en\",\"name\":\"Connecta - XXVI SemeAd\",\"isPartOf\":{\"@id\":\"https:\\\/\\\/semead.com.br\\\/26\\\/#website\"},\"primaryImageOfPage\":{\"@id\":\"https:\\\/\\\/semead.com.br\\\/26\\\/connecta-2\\\/?lang=en#primaryimage\"},\"image\":{\"@id\":\"https:\\\/\\\/semead.com.br\\\/26\\\/connecta-2\\\/?lang=en#primaryimage\"},\"thumbnailUrl\":\"https:\\\/\\\/semead.com.br\\\/26\\\/wp-content\\\/uploads\\\/sites\\\/17\\\/2023\\\/06\\\/Logo-Connecta-Semead-2023.jpg\",\"datePublished\":\"2023-06-22T18:47:32+00:00\",\"dateModified\":\"2023-06-29T15:49:00+00:00\",\"breadcrumb\":{\"@id\":\"https:\\\/\\\/semead.com.br\\\/26\\\/connecta-2\\\/?lang=en#breadcrumb\"},\"inLanguage\":\"pt-BR\",\"potentialAction\":[{\"@type\":\"ReadAction\",\"target\":[\"https:\\\/\\\/semead.com.br\\\/26\\\/connecta-2\\\/?lang=en\"]}]},{\"@type\":\"ImageObject\",\"inLanguage\":\"pt-BR\",\"@id\":\"https:\\\/\\\/semead.com.br\\\/26\\\/connecta-2\\\/?lang=en#primaryimage\",\"url\":\"https:\\\/\\\/semead.com.br\\\/26\\\/wp-content\\\/uploads\\\/sites\\\/17\\\/2023\\\/06\\\/Logo-Connecta-Semead-2023.jpg\",\"contentUrl\":\"https:\\\/\\\/semead.com.br\\\/26\\\/wp-content\\\/uploads\\\/sites\\\/17\\\/2023\\\/06\\\/Logo-Connecta-Semead-2023.jpg\",\"width\":300,\"height\":92},{\"@type\":\"BreadcrumbList\",\"@id\":\"https:\\\/\\\/semead.com.br\\\/26\\\/connecta-2\\\/?lang=en#breadcrumb\",\"itemListElement\":[{\"@type\":\"ListItem\",\"position\":1,\"name\":\"In\u00edcio\",\"item\":\"https:\\\/\\\/semead.com.br\\\/26\\\/\"},{\"@type\":\"ListItem\",\"position\":2,\"name\":\"Connecta\"}]},{\"@type\":\"WebSite\",\"@id\":\"https:\\\/\\\/semead.com.br\\\/26\\\/#website\",\"url\":\"https:\\\/\\\/semead.com.br\\\/26\\\/\",\"name\":\"XXVI SemeAd\",\"description\":\"Semin\u00e1rios em Administra\u00e7\u00e3o\",\"potentialAction\":[{\"@type\":\"SearchAction\",\"target\":{\"@type\":\"EntryPoint\",\"urlTemplate\":\"https:\\\/\\\/semead.com.br\\\/26\\\/?s={search_term_string}\"},\"query-input\":{\"@type\":\"PropertyValueSpecification\",\"valueRequired\":true,\"valueName\":\"search_term_string\"}}],\"inLanguage\":\"pt-BR\"}]}<\/script>\n<!-- \/ Yoast SEO plugin. -->","yoast_head_json":{"title":"Connecta - XXVI SemeAd","robots":{"index":"index","follow":"follow","max-snippet":"max-snippet:-1","max-image-preview":"max-image-preview:large","max-video-preview":"max-video-preview:-1"},"canonical":"https:\/\/semead.com.br\/26\/connecta-2\/?lang=en","og_locale":"pt_BR","og_type":"article","og_title":"Connecta - XXVI SemeAd","og_description":"SEMEAD-CONNECTA 2023 is an international meeting of researchers in Management\/Administration that will take place during SemeAd 2023.Connecta SEMEAD-CONNECTA 2023 is an international meeting of researchers in management and administration that will take place during SemeAd 2023.The event seeks to build connections between researchers from different universities around the world, promoting the formation of alliances for...","og_url":"https:\/\/semead.com.br\/26\/connecta-2\/?lang=en","og_site_name":"XXVI SemeAd","article_modified_time":"2023-06-29T15:49:00+00:00","og_image":[{"url":"https:\/\/semead.com.br\/26\/wp-content\/uploads\/sites\/17\/2023\/06\/Logo-Connecta-Semead-2023.jpg","type":"","width":"","height":""}],"twitter_card":"summary_large_image","twitter_misc":{"Est. tempo de leitura":"2 minutos"},"schema":{"@context":"https:\/\/schema.org","@graph":[{"@type":"WebPage","@id":"https:\/\/semead.com.br\/26\/connecta-2\/?lang=en","url":"https:\/\/semead.com.br\/26\/connecta-2\/?lang=en","name":"Connecta - XXVI SemeAd","isPartOf":{"@id":"https:\/\/semead.com.br\/26\/#website"},"primaryImageOfPage":{"@id":"https:\/\/semead.com.br\/26\/connecta-2\/?lang=en#primaryimage"},"image":{"@id":"https:\/\/semead.com.br\/26\/connecta-2\/?lang=en#primaryimage"},"thumbnailUrl":"https:\/\/semead.com.br\/26\/wp-content\/uploads\/sites\/17\/2023\/06\/Logo-Connecta-Semead-2023.jpg","datePublished":"2023-06-22T18:47:32+00:00","dateModified":"2023-06-29T15:49:00+00:00","breadcrumb":{"@id":"https:\/\/semead.com.br\/26\/connecta-2\/?lang=en#breadcrumb"},"inLanguage":"pt-BR","potentialAction":[{"@type":"ReadAction","target":["https:\/\/semead.com.br\/26\/connecta-2\/?lang=en"]}]},{"@type":"ImageObject","inLanguage":"pt-BR","@id":"https:\/\/semead.com.br\/26\/connecta-2\/?lang=en#primaryimage","url":"https:\/\/semead.com.br\/26\/wp-content\/uploads\/sites\/17\/2023\/06\/Logo-Connecta-Semead-2023.jpg","contentUrl":"https:\/\/semead.com.br\/26\/wp-content\/uploads\/sites\/17\/2023\/06\/Logo-Connecta-Semead-2023.jpg","width":300,"height":92},{"@type":"BreadcrumbList","@id":"https:\/\/semead.com.br\/26\/connecta-2\/?lang=en#breadcrumb","itemListElement":[{"@type":"ListItem","position":1,"name":"In\u00edcio","item":"https:\/\/semead.com.br\/26\/"},{"@type":"ListItem","position":2,"name":"Connecta"}]},{"@type":"WebSite","@id":"https:\/\/semead.com.br\/26\/#website","url":"https:\/\/semead.com.br\/26\/","name":"XXVI SemeAd","description":"Semin\u00e1rios em Administra\u00e7\u00e3o","potentialAction":[{"@type":"SearchAction","target":{"@type":"EntryPoint","urlTemplate":"https:\/\/semead.com.br\/26\/?s={search_term_string}"},"query-input":{"@type":"PropertyValueSpecification","valueRequired":true,"valueName":"search_term_string"}}],"inLanguage":"pt-BR"}]}},"_links":{"self":[{"href":"https:\/\/semead.com.br\/26\/wp-json\/wp\/v2\/pages\/29289","targetHints":{"allow":["GET"]}}],"collection":[{"href":"https:\/\/semead.com.br\/26\/wp-json\/wp\/v2\/pages"}],"about":[{"href":"https:\/\/semead.com.br\/26\/wp-json\/wp\/v2\/types\/page"}],"author":[{"embeddable":true,"href":"https:\/\/semead.com.br\/26\/wp-json\/wp\/v2\/users\/14"}],"replies":[{"embeddable":true,"href":"https:\/\/semead.com.br\/26\/wp-json\/wp\/v2\/comments?post=29289"}],"version-history":[{"count":0,"href":"https:\/\/semead.com.br\/26\/wp-json\/wp\/v2\/pages\/29289\/revisions"}],"wp:attachment":[{"href":"https:\/\/semead.com.br\/26\/wp-json\/wp\/v2\/media?parent=29289"}],"curies":[{"name":"wp","href":"https:\/\/api.w.org\/{rel}","templated":true}]}}