{"id":29637,"date":"2023-07-13T15:12:47","date_gmt":"2023-07-13T18:12:47","guid":{"rendered":"https:\/\/semead.com.br\/26\/?page_id=29637"},"modified":"2023-11-03T13:30:12","modified_gmt":"2023-11-03T16:30:12","slug":"embaixadores-semead","status":"publish","type":"page","link":"https:\/\/semead.com.br\/26\/embaixadores-semead\/","title":{"rendered":"Embaixadores SemeAd"},"content":{"rendered":"\t\t<div data-elementor-type=\"wp-page\" data-elementor-id=\"29637\" class=\"elementor elementor-29637\">\n\t\t\t\t\t\t<section class=\"elementor-section elementor-top-section elementor-element elementor-element-1686d57 elementor-section-boxed elementor-section-height-default elementor-section-height-default\" data-id=\"1686d57\" data-element_type=\"section\" data-e-type=\"section\">\n\t\t\t\t\t\t<div class=\"elementor-container elementor-column-gap-default\">\n\t\t\t\t\t<div class=\"elementor-column elementor-col-100 elementor-top-column elementor-element elementor-element-529492a3\" data-id=\"529492a3\" data-element_type=\"column\" data-e-type=\"column\">\n\t\t\t<div class=\"elementor-widget-wrap elementor-element-populated\">\n\t\t\t\t\t\t<div class=\"elementor-element elementor-element-5f1af8fa elementor-widget elementor-widget-text-editor\" data-id=\"5f1af8fa\" data-element_type=\"widget\" data-e-type=\"widget\" data-widget_type=\"text-editor.default\">\n\t\t\t\t<div class=\"elementor-widget-container\">\n\t\t\t\t\t\t\t\t\t<p><\/p>\n<figure class=\"wp-block-image size-medium\"><img fetchpriority=\"high\" decoding=\"async\" width=\"300\" height=\"300\" class=\"wp-image-29426\" src=\"https:\/\/semead.com.br\/26\/wp-content\/uploads\/sites\/17\/2023\/07\/embaixadores-SemeAd-logo-300x300.png\" alt=\"\" srcset=\"https:\/\/semead.com.br\/26\/wp-content\/uploads\/sites\/17\/2023\/07\/embaixadores-SemeAd-logo-300x300.png 300w, https:\/\/semead.com.br\/26\/wp-content\/uploads\/sites\/17\/2023\/07\/embaixadores-SemeAd-logo-1024x1024.png 1024w, https:\/\/semead.com.br\/26\/wp-content\/uploads\/sites\/17\/2023\/07\/embaixadores-SemeAd-logo-150x150.png 150w, https:\/\/semead.com.br\/26\/wp-content\/uploads\/sites\/17\/2023\/07\/embaixadores-SemeAd-logo-400x400.png 400w, https:\/\/semead.com.br\/26\/wp-content\/uploads\/sites\/17\/2023\/07\/embaixadores-SemeAd-logo.png 1080w\" sizes=\"(max-width: 300px) 100vw, 300px\" \/><\/figure>\n<p><\/p>\n<p><\/p>\n<p>Uma iniciativa inovadora que busca engajar alunos dos programas de p\u00f3s-gradua\u00e7\u00e3o de todos os estados do pa\u00eds.<\/p>\n<p><\/p>\n<p><\/p>\n<p>Indicados pelos coordenadores dos programas das mais diversas institui\u00e7\u00f5es de ensino superior em administra\u00e7\u00e3o, a dupla de p\u00f3s graduandos dessas institui\u00e7\u00f5es tem o compromisso de divulgar os benef\u00edcios do Semead para seus pares em suas institui\u00e7\u00f5es e em institui\u00e7\u00f5es nas \u00e1reas\u00a0pr\u00f3ximas, fazendo com que o Semead alcance cada vez mais pesquisadores\u00a0brasileiros.<\/p>\n<p><\/p>\n<p><\/p>\n<p>22 IES das 5 regi\u00f5es brasileiras<\/p>\n<p><\/p>\n<p><\/p>\n<p>45 embaixadores\u00a0(alunos de mestrado e doutorado, indicados pelos coordenadores de programas de p\u00f3s gradua\u00e7\u00e3o)<\/p>\n<p><\/p>\n<p><\/p>\n<p><strong>Objetivo<\/strong>: aumentar o n\u00famero de submiss\u00f5es de autores fora da regi\u00e3o sudeste; aumentar o n\u00famero de congressistas de fora de S\u00e3o Paulo no formato presencial.<\/p>\n<p><\/p>\n<p><\/p>\n<p><\/p>\n<p><\/p>\t\t\t\t\t\t\t\t<\/div>\n\t\t\t\t<\/div>\n\t\t\t\t\t<\/div>\n\t\t<\/div>\n\t\t\t\t\t<\/div>\n\t\t<\/section>\n\t\t\t\t<\/div>\n\t\t","protected":false},"excerpt":{"rendered":"<p>Uma iniciativa inovadora que busca engajar alunos dos programas de p\u00f3s-gradua\u00e7\u00e3o de todos os estados do pa\u00eds. Indicados pelos coordenadores dos programas das mais diversas institui\u00e7\u00f5es de ensino superior em administra\u00e7\u00e3o, a dupla de p\u00f3s graduandos dessas institui\u00e7\u00f5es tem o compromisso de divulgar os benef\u00edcios do Semead para seus pares em suas institui\u00e7\u00f5es e em&#8230;<\/p>\n","protected":false},"author":4,"featured_media":0,"parent":0,"menu_order":0,"comment_status":"closed","ping_status":"closed","template":"","meta":{"_acf_changed":false,"_monsterinsights_skip_tracking":false,"_monsterinsights_sitenote_active":false,"_monsterinsights_sitenote_note":"","_monsterinsights_sitenote_category":0,"footnotes":""},"class_list":["post-29637","page","type-page","status-publish","hentry"],"acf":[],"yoast_head":"<!-- This site is optimized with the Yoast SEO plugin v27.1.1 - https:\/\/yoast.com\/product\/yoast-seo-wordpress\/ -->\n<title>Embaixadores SemeAd - XXVI SemeAd<\/title>\n<meta name=\"robots\" content=\"index, follow, max-snippet:-1, max-image-preview:large, max-video-preview:-1\" \/>\n<link rel=\"canonical\" href=\"https:\/\/semead.com.br\/26\/embaixadores-semead\/\" \/>\n<meta property=\"og:locale\" content=\"pt_BR\" \/>\n<meta property=\"og:type\" content=\"article\" \/>\n<meta property=\"og:title\" content=\"Embaixadores SemeAd - XXVI SemeAd\" \/>\n<meta property=\"og:description\" content=\"Uma iniciativa inovadora que busca engajar alunos dos programas de p\u00f3s-gradua\u00e7\u00e3o de todos os estados do pa\u00eds. Indicados pelos coordenadores dos programas das mais diversas institui\u00e7\u00f5es de ensino superior em administra\u00e7\u00e3o, a dupla de p\u00f3s graduandos dessas institui\u00e7\u00f5es tem o compromisso de divulgar os benef\u00edcios do Semead para seus pares em suas institui\u00e7\u00f5es e em...\" \/>\n<meta property=\"og:url\" content=\"https:\/\/semead.com.br\/26\/embaixadores-semead\/\" \/>\n<meta property=\"og:site_name\" content=\"XXVI SemeAd\" \/>\n<meta property=\"article:modified_time\" content=\"2023-11-03T16:30:12+00:00\" \/>\n<meta property=\"og:image\" content=\"https:\/\/semead.com.br\/26\/wp-content\/uploads\/sites\/17\/2023\/07\/embaixadores-SemeAd-logo-300x300.png\" \/>\n<meta name=\"twitter:card\" content=\"summary_large_image\" \/>\n<meta name=\"twitter:label1\" content=\"Est. tempo de leitura\" \/>\n\t<meta name=\"twitter:data1\" content=\"15 minutos\" \/>\n<script type=\"application\/ld+json\" class=\"yoast-schema-graph\">{\"@context\":\"https:\/\/schema.org\",\"@graph\":[{\"@type\":\"WebPage\",\"@id\":\"https:\/\/semead.com.br\/26\/embaixadores-semead\/\",\"url\":\"https:\/\/semead.com.br\/26\/embaixadores-semead\/\",\"name\":\"Embaixadores SemeAd - XXVI SemeAd\",\"isPartOf\":{\"@id\":\"https:\/\/semead.com.br\/26\/#website\"},\"primaryImageOfPage\":{\"@id\":\"https:\/\/semead.com.br\/26\/embaixadores-semead\/#primaryimage\"},\"image\":{\"@id\":\"https:\/\/semead.com.br\/26\/embaixadores-semead\/#primaryimage\"},\"thumbnailUrl\":\"https:\/\/semead.com.br\/26\/wp-content\/uploads\/sites\/17\/2023\/07\/embaixadores-SemeAd-logo-300x300.png\",\"datePublished\":\"2023-07-13T18:12:47+00:00\",\"dateModified\":\"2023-11-03T16:30:12+00:00\",\"breadcrumb\":{\"@id\":\"https:\/\/semead.com.br\/26\/embaixadores-semead\/#breadcrumb\"},\"inLanguage\":\"pt-BR\",\"potentialAction\":[{\"@type\":\"ReadAction\",\"target\":[\"https:\/\/semead.com.br\/26\/embaixadores-semead\/\"]}]},{\"@type\":\"ImageObject\",\"inLanguage\":\"pt-BR\",\"@id\":\"https:\/\/semead.com.br\/26\/embaixadores-semead\/#primaryimage\",\"url\":\"https:\/\/semead.com.br\/26\/wp-content\/uploads\/sites\/17\/2023\/07\/embaixadores-SemeAd-logo.png\",\"contentUrl\":\"https:\/\/semead.com.br\/26\/wp-content\/uploads\/sites\/17\/2023\/07\/embaixadores-SemeAd-logo.png\",\"width\":1080,\"height\":1080},{\"@type\":\"BreadcrumbList\",\"@id\":\"https:\/\/semead.com.br\/26\/embaixadores-semead\/#breadcrumb\",\"itemListElement\":[{\"@type\":\"ListItem\",\"position\":1,\"name\":\"In\u00edcio\",\"item\":\"https:\/\/semead.com.br\/26\/\"},{\"@type\":\"ListItem\",\"position\":2,\"name\":\"Embaixadores SemeAd\"}]},{\"@type\":\"WebSite\",\"@id\":\"https:\/\/semead.com.br\/26\/#website\",\"url\":\"https:\/\/semead.com.br\/26\/\",\"name\":\"XXVI SemeAd\",\"description\":\"Semin\u00e1rios em Administra\u00e7\u00e3o\",\"potentialAction\":[{\"@type\":\"SearchAction\",\"target\":{\"@type\":\"EntryPoint\",\"urlTemplate\":\"https:\/\/semead.com.br\/26\/?s={search_term_string}\"},\"query-input\":{\"@type\":\"PropertyValueSpecification\",\"valueRequired\":true,\"valueName\":\"search_term_string\"}}],\"inLanguage\":\"pt-BR\"}]}<\/script>\n<!-- \/ Yoast SEO plugin. -->","yoast_head_json":{"title":"Embaixadores SemeAd - XXVI SemeAd","robots":{"index":"index","follow":"follow","max-snippet":"max-snippet:-1","max-image-preview":"max-image-preview:large","max-video-preview":"max-video-preview:-1"},"canonical":"https:\/\/semead.com.br\/26\/embaixadores-semead\/","og_locale":"pt_BR","og_type":"article","og_title":"Embaixadores SemeAd - XXVI SemeAd","og_description":"Uma iniciativa inovadora que busca engajar alunos dos programas de p\u00f3s-gradua\u00e7\u00e3o de todos os estados do pa\u00eds. Indicados pelos coordenadores dos programas das mais diversas institui\u00e7\u00f5es de ensino superior em administra\u00e7\u00e3o, a dupla de p\u00f3s graduandos dessas institui\u00e7\u00f5es tem o compromisso de divulgar os benef\u00edcios do Semead para seus pares em suas institui\u00e7\u00f5es e em...","og_url":"https:\/\/semead.com.br\/26\/embaixadores-semead\/","og_site_name":"XXVI SemeAd","article_modified_time":"2023-11-03T16:30:12+00:00","og_image":[{"url":"https:\/\/semead.com.br\/26\/wp-content\/uploads\/sites\/17\/2023\/07\/embaixadores-SemeAd-logo-300x300.png","type":"","width":"","height":""}],"twitter_card":"summary_large_image","twitter_misc":{"Est. tempo de leitura":"15 minutos"},"schema":{"@context":"https:\/\/schema.org","@graph":[{"@type":"WebPage","@id":"https:\/\/semead.com.br\/26\/embaixadores-semead\/","url":"https:\/\/semead.com.br\/26\/embaixadores-semead\/","name":"Embaixadores SemeAd - XXVI SemeAd","isPartOf":{"@id":"https:\/\/semead.com.br\/26\/#website"},"primaryImageOfPage":{"@id":"https:\/\/semead.com.br\/26\/embaixadores-semead\/#primaryimage"},"image":{"@id":"https:\/\/semead.com.br\/26\/embaixadores-semead\/#primaryimage"},"thumbnailUrl":"https:\/\/semead.com.br\/26\/wp-content\/uploads\/sites\/17\/2023\/07\/embaixadores-SemeAd-logo-300x300.png","datePublished":"2023-07-13T18:12:47+00:00","dateModified":"2023-11-03T16:30:12+00:00","breadcrumb":{"@id":"https:\/\/semead.com.br\/26\/embaixadores-semead\/#breadcrumb"},"inLanguage":"pt-BR","potentialAction":[{"@type":"ReadAction","target":["https:\/\/semead.com.br\/26\/embaixadores-semead\/"]}]},{"@type":"ImageObject","inLanguage":"pt-BR","@id":"https:\/\/semead.com.br\/26\/embaixadores-semead\/#primaryimage","url":"https:\/\/semead.com.br\/26\/wp-content\/uploads\/sites\/17\/2023\/07\/embaixadores-SemeAd-logo.png","contentUrl":"https:\/\/semead.com.br\/26\/wp-content\/uploads\/sites\/17\/2023\/07\/embaixadores-SemeAd-logo.png","width":1080,"height":1080},{"@type":"BreadcrumbList","@id":"https:\/\/semead.com.br\/26\/embaixadores-semead\/#breadcrumb","itemListElement":[{"@type":"ListItem","position":1,"name":"In\u00edcio","item":"https:\/\/semead.com.br\/26\/"},{"@type":"ListItem","position":2,"name":"Embaixadores SemeAd"}]},{"@type":"WebSite","@id":"https:\/\/semead.com.br\/26\/#website","url":"https:\/\/semead.com.br\/26\/","name":"XXVI SemeAd","description":"Semin\u00e1rios em Administra\u00e7\u00e3o","potentialAction":[{"@type":"SearchAction","target":{"@type":"EntryPoint","urlTemplate":"https:\/\/semead.com.br\/26\/?s={search_term_string}"},"query-input":{"@type":"PropertyValueSpecification","valueRequired":true,"valueName":"search_term_string"}}],"inLanguage":"pt-BR"}]}},"_links":{"self":[{"href":"https:\/\/semead.com.br\/26\/wp-json\/wp\/v2\/pages\/29637","targetHints":{"allow":["GET"]}}],"collection":[{"href":"https:\/\/semead.com.br\/26\/wp-json\/wp\/v2\/pages"}],"about":[{"href":"https:\/\/semead.com.br\/26\/wp-json\/wp\/v2\/types\/page"}],"author":[{"embeddable":true,"href":"https:\/\/semead.com.br\/26\/wp-json\/wp\/v2\/users\/4"}],"replies":[{"embeddable":true,"href":"https:\/\/semead.com.br\/26\/wp-json\/wp\/v2\/comments?post=29637"}],"version-history":[{"count":0,"href":"https:\/\/semead.com.br\/26\/wp-json\/wp\/v2\/pages\/29637\/revisions"}],"wp:attachment":[{"href":"https:\/\/semead.com.br\/26\/wp-json\/wp\/v2\/media?parent=29637"}],"curies":[{"name":"wp","href":"https:\/\/api.w.org\/{rel}","templated":true}]}}