{"id":30013,"date":"2023-09-27T15:16:08","date_gmt":"2023-09-27T18:16:08","guid":{"rendered":"https:\/\/semead.com.br\/26\/?page_id=30013"},"modified":"2023-11-07T12:09:49","modified_gmt":"2023-11-07T15:09:49","slug":"programacao-workshops","status":"publish","type":"page","link":"https:\/\/semead.com.br\/26\/programacao-workshops\/","title":{"rendered":"Programa\u00e7\u00e3o Workshops"},"content":{"rendered":"\n<p><style>\/*! elementor - v3.14.0 - 26-06-2023 *\/<br \/>\n.elementor-heading-title{padding:0;margin:0;line-height:1}.elementor-widget-heading .elementor-heading-title[class*=elementor-size-]>a{color:inherit;font-size:inherit;line-height:inherit}.elementor-widget-heading .elementor-heading-title.elementor-size-small{font-size:15px}.elementor-widget-heading .elementor-heading-title.elementor-size-medium{font-size:19px}.elementor-widget-heading .elementor-heading-title.elementor-size-large{font-size:29px}.elementor-widget-heading .elementor-heading-title.elementor-size-xl{font-size:39px}.elementor-widget-heading .elementor-heading-title.elementor-size-xxl{font-size:59px}<\/style><\/p>\n\n\n\n<figure class=\"wp-block-table\"><table><tbody><tr><td><strong>DIA 08\/11 \u2013 QUARTA-FEIRA | 16:00 &#8211; 17:30 &#8211; Hor\u00e1rio de bras\u00edlia<\/strong> <\/td><\/tr><\/tbody><\/table><\/figure>\n\n\n\n<figure class=\"wp-block-table is-style-stripes\"><table><tbody><tr><td><strong>Workshops (1)<\/strong><\/td><td><strong>Ministrado Por<\/strong><\/td><td><strong>Formato<\/strong><\/td><\/tr><tr><td>Discutindo as Implica\u00e7\u00f5es de um Artigo Cient\u00edfico<\/td><td>Tobias Coutinho Parente e<br>Rafaela Almeida Cordeiro<\/td><td>\n          <p style=\"\n              background-color: #fcf8e3;\n              padding: 5px;\n              margin: 2px;\n              border-radius: 10px;\n              text-align: center;\n            \">\n            Presencial\n          <\/p>\n        <\/td><\/tr><tr><td>\n          Capta\u00e7\u00e3o de recursos de fomento para projetos de pesquisa,\n          desenvolvimento e inova\u00e7\u00e3o\n        <\/td><td>Rodolfo Ribeiro da Silva<\/td><td>\n          <p style=\"\n              background-color: #fcf8e3;\n              padding: 5px;\n              margin: 2px;\n              border-radius: 10px;\n              text-align: center;\n            \">\n            Presencial\n          <\/p>\n        <\/td><\/tr><tr><td>Introdu\u00e7\u00e3o \u00e0 An\u00e1lise Cr\u00edtica do Discurso em Administra\u00e7\u00e3o<\/td><td>Marcio Moutinho Abdalla<\/td><td>\n          <p style=\"\n              background-color: #fcf8e3;\n              padding: 5px;\n              margin: 2px;\n              border-radius: 10px;\n              text-align: center;\n            \">\n            Presencial\n          <\/p>\n        <\/td><\/tr><tr><td>Aplica\u00e7\u00f5es de Intelig\u00eancia Artificial para a Tomada de Decis\u00e3o<\/td><td>Alessandra de Avila Montini<\/td><td>\n          <p style=\"\n              background-color: #fcf8e3;\n              padding: 5px;\n              margin: 2px;\n              border-radius: 10px;\n              text-align: center;\n            \">\n            Presencial\n          <\/p>\n        <\/td><\/tr><tr><td>Showcasing Business &amp; Management Applications of Structural Equation Modeling: Clinic on Reshaping Measurement Scales, Constructs and Established Theoretical Frameworks &nbsp;<strong>(atividade ser\u00e1 ministrada em ingl\u00eas)<\/strong><\/td><td>Carlo Giglio<\/td><td>           <p style=\"\n              background-color: #fcf8e3;\n              padding: 5px;\n              margin: 2px;\n              border-radius: 10px;\n              text-align: center;\n            \">             Presencial           <\/p>         <\/td><\/tr><tr><td>\u00c9tica na pesquisa acad\u00eamica na era do ChatGPT<\/td><td>Anat\u00e1lia Saraiva Martins Ramos<\/td><td>\n          <p style=\"\n              background-color: #fcf8e3;\n              padding: 5px;\n              margin: 2px;\n              border-radius: 10px;\n              text-align: center;\n            \">\n            Presencial\n          <\/p>\n        <\/td><\/tr><tr><td>\n          Domine o Fluxo da Escrita Acad\u00eamica: Explorando o Potencial do EndNote\n        <\/td><td>Dennys Eduardo Rossetto<\/td><td>\n          <p style=\"\n              background-color: #bce8f1;\n              padding: 5px;\n              margin: 2px;\n              border-radius: 10px;\n              text-align: center;\n            \">\n            Online\n          <\/p>\n        <\/td><\/tr><tr><td>A utiliza\u00e7\u00e3o do Eyetracking em pesquisas cient\u00edficas<\/td><td>Helena Belintani Shigaki e<br>Nairana Caneppele<\/td><td>\n          <p style=\"\n              background-color: #bce8f1;\n              padding: 5px;\n              margin: 2px;\n              border-radius: 10px;\n              text-align: center;\n            \">\n            Online\n          <\/p>\n        <\/td><\/tr><tr><td>\n          Jogo de Empresas como Estrat\u00e9gia de Aprendizagem e Desenvolvimento\n          Comportamental Presencial e Online em Neg\u00f3cios\n        <\/td><td>\n          Murilo Alvarenga Oliveira e <br>\n          Sheila Serafim da Silva\n        <\/td><td>\n          <p style=\"\n              background-color: #bce8f1;\n              padding: 5px;\n              margin: 2px;\n              border-radius: 10px;\n              text-align: center;\n            \">\n            Online\n          <\/p>\n        <\/td><\/tr><\/tbody><\/table><\/figure>\n\n\n\n<figure class=\"wp-block-table\"><table><tbody><tr><td><strong>DIA 09\/11 \u2013 QUINTA-FEIRA<\/strong> <strong> | 13:00 &#8211; 14:30 &#8211; Hor\u00e1rio de bras\u00edlia<\/strong> <\/td><\/tr><\/tbody><\/table><\/figure>\n\n\n\n<figure class=\"wp-block-table is-style-stripes\"><table><tbody><tr><td><strong>Workshops (2)<\/strong><\/td><td><strong>Ministrado Por<\/strong><\/td><td><strong>Formato<\/strong><\/td><\/tr><tr><td>An\u00e1lise Qualitativa Comparativa<\/td><td>Tobias Coutinho Parente<\/td><td>\n          <p style=\"\n              background-color: #fcf8e3;\n              padding: 5px;\n              margin: 2px;\n              border-radius: 10px;\n              text-align: center;\n            \">\n            Presencial\n          <\/p>\n        <\/td><\/tr><tr><td>\n          Interactive Qualitative Analysis (IQA) na Pesquisa em Administra\u00e7\u00e3o:\n          possibilidades e usos\n        <\/td><td>           Gustavo Behling,<br>Silvia Ferraz Nogueira de Tommaso,<br>Fernando           C\u00e9sar Lenzi e<br>Carlos Ricardo Rossetto         <\/td><td>\n          <p style=\"\n              background-color: #fcf8e3;\n              padding: 5px;\n              margin: 2px;\n              border-radius: 10px;\n              text-align: center;\n            \">\n            Presencial\n          <\/p>\n        <\/td><\/tr><tr><td>\n          Contribui\u00e7\u00e3o das pesquisas e bases da dados do IBGE para pesquisas\n          acad\u00eamicas\n        <\/td><td>Jefferson Mariano<\/td><td>\n          <p style=\"\n              background-color: #fcf8e3;\n              padding: 5px;\n              margin: 2px;\n              border-radius: 10px;\n              text-align: center;\n            \">\n            Presencial\n          <\/p>\n        <\/td><\/tr><tr><td>Aplica\u00e7\u00f5es do Painel de Not\u00edcias no Ensino de Administra\u00e7\u00e3o<\/td><td>Anielson Barbosa<\/td><td>\n          <p style=\"\n              background-color: #fcf8e3;\n              padding: 5px;\n              margin: 2px;\n              border-radius: 10px;\n              text-align: center;\n            \">\n            Presencial\n          <\/p>\n        <\/td><\/tr><tr><td>Dicas \u00fateis para o uso e elabora\u00e7\u00e3o de casos de ensino<\/td><td>Gaspar Giacomini<\/td><td>\n          <p style=\"\n              background-color: #fcf8e3;\n              padding: 5px;\n              margin: 2px;\n              border-radius: 10px;\n              text-align: center;\n            \">\n            Presencial\n          <\/p>\n        <\/td><\/tr><tr><td>\n          Necessary Condition Analysis (NCA): Motiva\u00e7\u00e3o, l\u00f3gica e execu\u00e7\u00e3o\n        <\/td><td>Di\u00f3genes de Souza Bido<\/td><td>\n          <p style=\"\n              background-color: #fcf8e3;\n              padding: 5px;\n              margin: 2px;\n              border-radius: 10px;\n              text-align: center;\n            \">\n            Presencial\n          <\/p>\n        <\/td><\/tr><tr><td>Agent Based Modeling<\/td><td>Bill Rand <\/td><td>           <p style=\"\n              background-color: #fcf8e3;\n              padding: 5px;\n              margin: 2px;\n              border-radius: 10px;\n              text-align: center;\n            \">             Presencial           <\/p>         <\/td><\/tr><tr><td>O Uso de Intelig\u00eancia Artificial na Pesquisa<\/td><td>Ricardo Limongi<\/td><td>\n          <p style=\"\n              background-color: #bce8f1;\n              padding: 5px;\n              margin: 2px;\n              border-radius: 10px;\n              text-align: center;\n            \">\n            Online\n          <\/p>\n        <\/td><\/tr><tr><td>An\u00e1lise Processual<\/td><td>S\u00edlvio Lu\u00eds de Vasconcellos e<br>Kadigia Faccin<\/td><td>\n          <p style=\"\n              background-color: #bce8f1;\n              padding: 5px;\n              margin: 2px;\n              border-radius: 10px;\n              text-align: center;\n            \">\n            Online\n          <\/p>\n        <\/td><\/tr><tr><td>Ass\u00e9dio moral na Educa\u00e7\u00e3o Superior: situa\u00e7\u00f5es e caracter\u00edsticas<\/td><td>Thiago Soares Nunes<\/td><td>\n          <p style=\"\n              background-color: #bce8f1;\n              padding: 5px;\n              margin: 2px;\n              border-radius: 10px;\n              text-align: center;\n            \">\n            Online\n          <\/p>\n        <\/td><\/tr><tr><td>\n          Etnografias organizacionais no ambiente virtual e os usos de\n          intelig\u00eancias artificiais: as influ\u00eancias de g\u00eanero e ra\u00e7a no trabalho\n          de pesquisa\n        <\/td><td>\n          Josiane Silva de Oliveira e<br>\n          Ianaira Barretto Souza Neves\n        <\/td><td>\n          <p style=\"\n              background-color: #bce8f1;\n              padding: 5px;\n              margin: 2px;\n              border-radius: 10px;\n              text-align: center;\n            \">\n            Online\n          <\/p>\n        <\/td><\/tr><\/tbody><\/table><\/figure>\n\n\n\n<figure class=\"wp-block-table\"><table><tbody><tr><td><strong>DIA 10\/11 \u2013 SEXTA-FEIRA<\/strong> <strong> | 13:00 &#8211; 14:30 &#8211; Hor\u00e1rio de bras\u00edlia<\/strong> <\/td><\/tr><\/tbody><\/table><\/figure>\n\n\n\n<figure class=\"wp-block-table is-style-stripes\"><table><tbody><tr><td><strong>Workshops (3)<\/strong><\/td><td><strong>Ministrado Por<\/strong><\/td><td><strong>Formato<\/strong><\/td><\/tr><tr><td>\n          Desnaturalizando a Doc\u00eancia \u2013 como planejar o ensino orientado pela\n          aprendizagem\n        <\/td><td>Manolita Correia Lima<\/td><td>\n          <p style=\"\n              background-color: #fcf8e3;\n              padding: 5px;\n              margin: 2px;\n              border-radius: 10px;\n              text-align: center;\n            \">\n            Presencial\n          <\/p>\n        <\/td><\/tr><tr><td>Como os mapas conceituais podem te ajudar a ensinar e aprender?<\/td><td>           Adriano Nardi Concei\u00e7\u00e3o,<br>           Mar\u00edlia Soares e <br>           Izabela de Souza        <\/td><td>\n          <p style=\"\n              background-color: #fcf8e3;\n              padding: 5px;\n              margin: 2px;\n              border-radius: 10px;\n              text-align: center;\n            \">\n            Presencial\n          <\/p>\n        <\/td><\/tr><tr><td>Valida\u00e7\u00e3o de Escalas: Procedimentos &#8211; TCT e TRI<\/td><td>Cristiane Benedetti Chammas<\/td><td>\n          <p style=\"\n              background-color: #fcf8e3;\n              padding: 5px;\n              margin: 2px;\n              border-radius: 10px;\n              text-align: center;\n            \">\n            Presencial\n          <\/p>\n        <\/td><\/tr><tr><td>Revis\u00e3o Sistem\u00e1tica de Literatura com o software MaxQda<\/td><td>\n          Ilan Avrichir e <br>\n          Renata Luiza de Castilho Rossoni\n        <\/td><td>\n          <p style=\"\n              background-color: #fcf8e3;\n              padding: 5px;\n              margin: 2px;\n              border-radius: 10px;\n              text-align: center;\n            \">\n            Presencial\n          <\/p>\n        <\/td><\/tr><tr><td>\n          An\u00e1lise quantitativa de s\u00e9ries temporais aplicadas \u00e0s pesquisas em\n          Administra\u00e7\u00e3o: Uma abordagem introdut\u00f3ria\n        <\/td><td>Luiz Eduardo Gaio<\/td><td>\n          <p style=\"\n              background-color: #fcf8e3;\n              padding: 5px;\n              margin: 2px;\n              border-radius: 10px;\n              text-align: center;\n            \">\n            Presencial\n          <\/p>\n        <\/td><\/tr><tr><td>\n          Large Language Models na Pesquisa Qualitativa: utilizando o ChatGPT na\n          an\u00e1lise de dados\n        <\/td><td>Cesar Alexandre de Souza<\/td><td>\n          <p style=\"\n              background-color: #fcf8e3;\n              padding: 5px;\n              margin: 2px;\n              border-radius: 10px;\n              text-align: center;\n            \">\n            Presencial\n          <\/p>\n        <\/td><\/tr><tr><td>Os dramas dos brasileiros publicando em ingl\u00eas<\/td><td>\n          Fl\u00e1vio Hourneaux Junior e <br>\n          Decio Tadeu Orlandi\n        <\/td><td>\n          <p style=\"\n              background-color: #bce8f1;\n              padding: 5px;\n              margin: 2px;\n              border-radius: 10px;\n              text-align: center;\n            \">\n            Online\n          <\/p>\n        <\/td><\/tr><tr><td>Marketing Analytics e Marketing Baseado em Evid\u00eancia Emp\u00edrica<\/td><td>Marcos Severo<\/td><td>\n          <p style=\"\n              background-color: #bce8f1;\n              padding: 5px;\n              margin: 2px;\n              border-radius: 10px;\n              text-align: center;\n            \">\n            Online\n          <\/p>\n        <\/td><\/tr><tr><td>Meta-an\u00e1lise<\/td><td>Valter Afonso Vieira<\/td><td>\n          <p style=\"\n              background-color: #bce8f1;\n              padding: 5px;\n              margin: 2px;\n              border-radius: 10px;\n              text-align: center;\n            \">\n            Online\n          <\/p>\n        <\/td><\/tr><tr><td>\n          Mapeando a Excel\u00eancia Cient\u00edfica: Bibliometria e Cientometria com o\n          Poder do R\n        <\/td><td>Dennys Eduardo Rossetto<\/td><td>\n          <p style=\"\n              background-color: #bce8f1;\n              padding: 5px;\n              margin: 2px;\n              border-radius: 10px;\n              text-align: center;\n            \">\n            Online\n          <\/p>\n        <\/td><\/tr><tr><td>An\u00e1lise de Dados com Python e Chat GPT<\/td><td>Daniel Reed Bergmann<\/td><td>\n          <p style=\"\n              background-color: #bce8f1;\n              padding: 5px;\n              margin: 2px;\n              border-radius: 10px;\n              text-align: center;\n            \">\n            Online\n          <\/p>\n        <\/td><\/tr><tr><td>Theory Writing Workshop \u2013 Sense and Structure Using the 5Cs <strong>(atividade ser\u00e1 ministrada em ingl\u00eas)<\/strong><\/td><td>Jonathan Bundy<\/td><td>\n          <p style=\"\n              background-color: #bce8f1;\n              padding: 5px;\n              margin: 2px;\n              border-radius: 10px;\n              text-align: center;\n            \">\n            Online\n          <\/p>\n        <\/td><\/tr><\/tbody><\/table><\/figure>\n","protected":false},"excerpt":{"rendered":"<p>DIA 08\/11 \u2013 QUARTA-FEIRA | 16:00 &#8211; 17:30 &#8211; Hor\u00e1rio de bras\u00edlia Workshops (1) Ministrado Por Formato Discutindo as Implica\u00e7\u00f5es de um Artigo Cient\u00edfico Tobias Coutinho Parente eRafaela Almeida Cordeiro Presencial Capta\u00e7\u00e3o de recursos de fomento para projetos de pesquisa, desenvolvimento e inova\u00e7\u00e3o Rodolfo Ribeiro da Silva Presencial Introdu\u00e7\u00e3o \u00e0 An\u00e1lise Cr\u00edtica do Discurso em&#8230;<\/p>\n","protected":false},"author":14,"featured_media":0,"parent":0,"menu_order":0,"comment_status":"closed","ping_status":"closed","template":"","meta":{"_acf_changed":false,"_monsterinsights_skip_tracking":false,"_monsterinsights_sitenote_active":false,"_monsterinsights_sitenote_note":"","_monsterinsights_sitenote_category":0,"footnotes":""},"class_list":["post-30013","page","type-page","status-publish","hentry"],"acf":[],"yoast_head":"<!-- This site is optimized with the Yoast SEO plugin v27.1.1 - https:\/\/yoast.com\/product\/yoast-seo-wordpress\/ -->\n<title>Programa\u00e7\u00e3o Workshops - XXVI SemeAd<\/title>\n<meta name=\"robots\" content=\"index, follow, max-snippet:-1, max-image-preview:large, max-video-preview:-1\" \/>\n<link rel=\"canonical\" href=\"https:\/\/semead.com.br\/26\/programacao-workshops\/\" \/>\n<meta property=\"og:locale\" content=\"pt_BR\" \/>\n<meta property=\"og:type\" content=\"article\" \/>\n<meta property=\"og:title\" content=\"Programa\u00e7\u00e3o Workshops - XXVI SemeAd\" \/>\n<meta property=\"og:description\" content=\"DIA 08\/11 \u2013 QUARTA-FEIRA | 16:00 &#8211; 17:30 &#8211; Hor\u00e1rio de bras\u00edlia Workshops (1) Ministrado Por Formato Discutindo as Implica\u00e7\u00f5es de um Artigo Cient\u00edfico Tobias Coutinho Parente eRafaela Almeida Cordeiro Presencial Capta\u00e7\u00e3o de recursos de fomento para projetos de pesquisa, desenvolvimento e inova\u00e7\u00e3o Rodolfo Ribeiro da Silva Presencial Introdu\u00e7\u00e3o \u00e0 An\u00e1lise Cr\u00edtica do Discurso em...\" \/>\n<meta property=\"og:url\" content=\"https:\/\/semead.com.br\/26\/programacao-workshops\/\" \/>\n<meta property=\"og:site_name\" content=\"XXVI SemeAd\" \/>\n<meta property=\"article:modified_time\" content=\"2023-11-07T15:09:49+00:00\" \/>\n<meta name=\"twitter:card\" content=\"summary_large_image\" \/>\n<meta name=\"twitter:label1\" content=\"Est. tempo de leitura\" \/>\n\t<meta name=\"twitter:data1\" content=\"3 minutos\" \/>\n<script type=\"application\/ld+json\" class=\"yoast-schema-graph\">{\"@context\":\"https:\/\/schema.org\",\"@graph\":[{\"@type\":\"WebPage\",\"@id\":\"https:\/\/semead.com.br\/26\/programacao-workshops\/\",\"url\":\"https:\/\/semead.com.br\/26\/programacao-workshops\/\",\"name\":\"Programa\u00e7\u00e3o Workshops - XXVI SemeAd\",\"isPartOf\":{\"@id\":\"https:\/\/semead.com.br\/26\/#website\"},\"datePublished\":\"2023-09-27T18:16:08+00:00\",\"dateModified\":\"2023-11-07T15:09:49+00:00\",\"breadcrumb\":{\"@id\":\"https:\/\/semead.com.br\/26\/programacao-workshops\/#breadcrumb\"},\"inLanguage\":\"pt-BR\",\"potentialAction\":[{\"@type\":\"ReadAction\",\"target\":[\"https:\/\/semead.com.br\/26\/programacao-workshops\/\"]}]},{\"@type\":\"BreadcrumbList\",\"@id\":\"https:\/\/semead.com.br\/26\/programacao-workshops\/#breadcrumb\",\"itemListElement\":[{\"@type\":\"ListItem\",\"position\":1,\"name\":\"In\u00edcio\",\"item\":\"https:\/\/semead.com.br\/26\/\"},{\"@type\":\"ListItem\",\"position\":2,\"name\":\"Programa\u00e7\u00e3o Workshops\"}]},{\"@type\":\"WebSite\",\"@id\":\"https:\/\/semead.com.br\/26\/#website\",\"url\":\"https:\/\/semead.com.br\/26\/\",\"name\":\"XXVI SemeAd\",\"description\":\"Semin\u00e1rios em Administra\u00e7\u00e3o\",\"potentialAction\":[{\"@type\":\"SearchAction\",\"target\":{\"@type\":\"EntryPoint\",\"urlTemplate\":\"https:\/\/semead.com.br\/26\/?s={search_term_string}\"},\"query-input\":{\"@type\":\"PropertyValueSpecification\",\"valueRequired\":true,\"valueName\":\"search_term_string\"}}],\"inLanguage\":\"pt-BR\"}]}<\/script>\n<!-- \/ Yoast SEO plugin. -->","yoast_head_json":{"title":"Programa\u00e7\u00e3o Workshops - XXVI SemeAd","robots":{"index":"index","follow":"follow","max-snippet":"max-snippet:-1","max-image-preview":"max-image-preview:large","max-video-preview":"max-video-preview:-1"},"canonical":"https:\/\/semead.com.br\/26\/programacao-workshops\/","og_locale":"pt_BR","og_type":"article","og_title":"Programa\u00e7\u00e3o Workshops - XXVI SemeAd","og_description":"DIA 08\/11 \u2013 QUARTA-FEIRA | 16:00 &#8211; 17:30 &#8211; Hor\u00e1rio de bras\u00edlia Workshops (1) Ministrado Por Formato Discutindo as Implica\u00e7\u00f5es de um Artigo Cient\u00edfico Tobias Coutinho Parente eRafaela Almeida Cordeiro Presencial Capta\u00e7\u00e3o de recursos de fomento para projetos de pesquisa, desenvolvimento e inova\u00e7\u00e3o Rodolfo Ribeiro da Silva Presencial Introdu\u00e7\u00e3o \u00e0 An\u00e1lise Cr\u00edtica do Discurso em...","og_url":"https:\/\/semead.com.br\/26\/programacao-workshops\/","og_site_name":"XXVI SemeAd","article_modified_time":"2023-11-07T15:09:49+00:00","twitter_card":"summary_large_image","twitter_misc":{"Est. tempo de leitura":"3 minutos"},"schema":{"@context":"https:\/\/schema.org","@graph":[{"@type":"WebPage","@id":"https:\/\/semead.com.br\/26\/programacao-workshops\/","url":"https:\/\/semead.com.br\/26\/programacao-workshops\/","name":"Programa\u00e7\u00e3o Workshops - XXVI SemeAd","isPartOf":{"@id":"https:\/\/semead.com.br\/26\/#website"},"datePublished":"2023-09-27T18:16:08+00:00","dateModified":"2023-11-07T15:09:49+00:00","breadcrumb":{"@id":"https:\/\/semead.com.br\/26\/programacao-workshops\/#breadcrumb"},"inLanguage":"pt-BR","potentialAction":[{"@type":"ReadAction","target":["https:\/\/semead.com.br\/26\/programacao-workshops\/"]}]},{"@type":"BreadcrumbList","@id":"https:\/\/semead.com.br\/26\/programacao-workshops\/#breadcrumb","itemListElement":[{"@type":"ListItem","position":1,"name":"In\u00edcio","item":"https:\/\/semead.com.br\/26\/"},{"@type":"ListItem","position":2,"name":"Programa\u00e7\u00e3o Workshops"}]},{"@type":"WebSite","@id":"https:\/\/semead.com.br\/26\/#website","url":"https:\/\/semead.com.br\/26\/","name":"XXVI SemeAd","description":"Semin\u00e1rios em Administra\u00e7\u00e3o","potentialAction":[{"@type":"SearchAction","target":{"@type":"EntryPoint","urlTemplate":"https:\/\/semead.com.br\/26\/?s={search_term_string}"},"query-input":{"@type":"PropertyValueSpecification","valueRequired":true,"valueName":"search_term_string"}}],"inLanguage":"pt-BR"}]}},"_links":{"self":[{"href":"https:\/\/semead.com.br\/26\/wp-json\/wp\/v2\/pages\/30013","targetHints":{"allow":["GET"]}}],"collection":[{"href":"https:\/\/semead.com.br\/26\/wp-json\/wp\/v2\/pages"}],"about":[{"href":"https:\/\/semead.com.br\/26\/wp-json\/wp\/v2\/types\/page"}],"author":[{"embeddable":true,"href":"https:\/\/semead.com.br\/26\/wp-json\/wp\/v2\/users\/14"}],"replies":[{"embeddable":true,"href":"https:\/\/semead.com.br\/26\/wp-json\/wp\/v2\/comments?post=30013"}],"version-history":[{"count":0,"href":"https:\/\/semead.com.br\/26\/wp-json\/wp\/v2\/pages\/30013\/revisions"}],"wp:attachment":[{"href":"https:\/\/semead.com.br\/26\/wp-json\/wp\/v2\/media?parent=30013"}],"curies":[{"name":"wp","href":"https:\/\/api.w.org\/{rel}","templated":true}]}}