{"id":30121,"date":"2023-10-03T14:36:39","date_gmt":"2023-10-03T17:36:39","guid":{"rendered":"https:\/\/semead.com.br\/26\/?page_id=30121"},"modified":"2024-07-12T15:34:25","modified_gmt":"2024-07-12T18:34:25","slug":"programacao-sintetica","status":"publish","type":"page","link":"https:\/\/semead.com.br\/26\/programacao-sintetica\/","title":{"rendered":"Programa\u00e7\u00e3o Sint\u00e9tica"},"content":{"rendered":"\n<figure class=\"wp-block-image size-large\"><img fetchpriority=\"high\" decoding=\"async\" width=\"834\" height=\"1024\" src=\"https:\/\/semead.com.br\/26\/wp-content\/uploads\/sites\/17\/2023\/11\/dia-8-834x1024.png\" alt=\"\" class=\"wp-image-30513\" srcset=\"https:\/\/semead.com.br\/26\/wp-content\/uploads\/sites\/17\/2023\/11\/dia-8-834x1024.png 834w, https:\/\/semead.com.br\/26\/wp-content\/uploads\/sites\/17\/2023\/11\/dia-8-244x300.png 244w, https:\/\/semead.com.br\/26\/wp-content\/uploads\/sites\/17\/2023\/11\/dia-8-1251x1536.png 1251w, https:\/\/semead.com.br\/26\/wp-content\/uploads\/sites\/17\/2023\/11\/dia-8-1668x2048.png 1668w\" sizes=\"(max-width: 834px) 100vw, 834px\" \/><\/figure>\n\n\n\n<figure class=\"wp-block-image size-large\"><img decoding=\"async\" width=\"834\" height=\"1024\" src=\"https:\/\/semead.com.br\/26\/wp-content\/uploads\/sites\/17\/2023\/11\/dia-9-834x1024.png\" alt=\"\" class=\"wp-image-30516\" srcset=\"https:\/\/semead.com.br\/26\/wp-content\/uploads\/sites\/17\/2023\/11\/dia-9-834x1024.png 834w, https:\/\/semead.com.br\/26\/wp-content\/uploads\/sites\/17\/2023\/11\/dia-9-244x300.png 244w, https:\/\/semead.com.br\/26\/wp-content\/uploads\/sites\/17\/2023\/11\/dia-9-1251x1536.png 1251w, https:\/\/semead.com.br\/26\/wp-content\/uploads\/sites\/17\/2023\/11\/dia-9-1668x2048.png 1668w\" sizes=\"(max-width: 834px) 100vw, 834px\" \/><\/figure>\n\n\n\n<figure class=\"wp-block-image size-large\"><img decoding=\"async\" width=\"834\" height=\"1024\" src=\"https:\/\/semead.com.br\/26\/wp-content\/uploads\/sites\/17\/2023\/11\/dia-10-834x1024.png\" alt=\"\" class=\"wp-image-30518\" srcset=\"https:\/\/semead.com.br\/26\/wp-content\/uploads\/sites\/17\/2023\/11\/dia-10-834x1024.png 834w, https:\/\/semead.com.br\/26\/wp-content\/uploads\/sites\/17\/2023\/11\/dia-10-244x300.png 244w, https:\/\/semead.com.br\/26\/wp-content\/uploads\/sites\/17\/2023\/11\/dia-10-1251x1536.png 1251w, https:\/\/semead.com.br\/26\/wp-content\/uploads\/sites\/17\/2023\/11\/dia-10-1668x2048.png 1668w\" sizes=\"(max-width: 834px) 100vw, 834px\" \/><\/figure>\n","protected":false},"excerpt":{"rendered":"","protected":false},"author":14,"featured_media":0,"parent":0,"menu_order":0,"comment_status":"closed","ping_status":"closed","template":"","meta":{"_acf_changed":false,"_monsterinsights_skip_tracking":false,"_monsterinsights_sitenote_active":false,"_monsterinsights_sitenote_note":"","_monsterinsights_sitenote_category":0,"footnotes":""},"class_list":["post-30121","page","type-page","status-publish","hentry"],"acf":[],"yoast_head":"<!-- This site is optimized with the Yoast SEO plugin v27.1.1 - https:\/\/yoast.com\/product\/yoast-seo-wordpress\/ -->\n<title>Programa\u00e7\u00e3o Sint\u00e9tica - XXVI SemeAd<\/title>\n<meta name=\"robots\" content=\"index, follow, max-snippet:-1, max-image-preview:large, max-video-preview:-1\" \/>\n<link rel=\"canonical\" href=\"https:\/\/semead.com.br\/26\/programacao-sintetica\/\" \/>\n<meta property=\"og:locale\" content=\"pt_BR\" \/>\n<meta property=\"og:type\" content=\"article\" \/>\n<meta property=\"og:title\" content=\"Programa\u00e7\u00e3o Sint\u00e9tica - XXVI SemeAd\" \/>\n<meta property=\"og:url\" content=\"https:\/\/semead.com.br\/26\/programacao-sintetica\/\" \/>\n<meta property=\"og:site_name\" content=\"XXVI SemeAd\" \/>\n<meta property=\"article:modified_time\" content=\"2024-07-12T18:34:25+00:00\" \/>\n<meta property=\"og:image\" content=\"https:\/\/semead.com.br\/26\/wp-content\/uploads\/sites\/17\/2023\/11\/dia-8-834x1024.png\" \/>\n<meta name=\"twitter:card\" content=\"summary_large_image\" \/>\n<meta name=\"twitter:label1\" content=\"Est. tempo de leitura\" \/>\n\t<meta name=\"twitter:data1\" content=\"1 minuto\" \/>\n<script type=\"application\/ld+json\" class=\"yoast-schema-graph\">{\"@context\":\"https:\/\/schema.org\",\"@graph\":[{\"@type\":\"WebPage\",\"@id\":\"https:\/\/semead.com.br\/26\/programacao-sintetica\/\",\"url\":\"https:\/\/semead.com.br\/26\/programacao-sintetica\/\",\"name\":\"Programa\u00e7\u00e3o Sint\u00e9tica - XXVI SemeAd\",\"isPartOf\":{\"@id\":\"https:\/\/semead.com.br\/26\/#website\"},\"primaryImageOfPage\":{\"@id\":\"https:\/\/semead.com.br\/26\/programacao-sintetica\/#primaryimage\"},\"image\":{\"@id\":\"https:\/\/semead.com.br\/26\/programacao-sintetica\/#primaryimage\"},\"thumbnailUrl\":\"https:\/\/semead.com.br\/26\/wp-content\/uploads\/sites\/17\/2023\/11\/dia-8-834x1024.png\",\"datePublished\":\"2023-10-03T17:36:39+00:00\",\"dateModified\":\"2024-07-12T18:34:25+00:00\",\"breadcrumb\":{\"@id\":\"https:\/\/semead.com.br\/26\/programacao-sintetica\/#breadcrumb\"},\"inLanguage\":\"pt-BR\",\"potentialAction\":[{\"@type\":\"ReadAction\",\"target\":[\"https:\/\/semead.com.br\/26\/programacao-sintetica\/\"]}]},{\"@type\":\"ImageObject\",\"inLanguage\":\"pt-BR\",\"@id\":\"https:\/\/semead.com.br\/26\/programacao-sintetica\/#primaryimage\",\"url\":\"https:\/\/semead.com.br\/26\/wp-content\/uploads\/sites\/17\/2023\/11\/dia-8.png\",\"contentUrl\":\"https:\/\/semead.com.br\/26\/wp-content\/uploads\/sites\/17\/2023\/11\/dia-8.png\",\"width\":3150,\"height\":3867},{\"@type\":\"BreadcrumbList\",\"@id\":\"https:\/\/semead.com.br\/26\/programacao-sintetica\/#breadcrumb\",\"itemListElement\":[{\"@type\":\"ListItem\",\"position\":1,\"name\":\"In\u00edcio\",\"item\":\"https:\/\/semead.com.br\/26\/\"},{\"@type\":\"ListItem\",\"position\":2,\"name\":\"Programa\u00e7\u00e3o Sint\u00e9tica\"}]},{\"@type\":\"WebSite\",\"@id\":\"https:\/\/semead.com.br\/26\/#website\",\"url\":\"https:\/\/semead.com.br\/26\/\",\"name\":\"XXVI SemeAd\",\"description\":\"Semin\u00e1rios em Administra\u00e7\u00e3o\",\"potentialAction\":[{\"@type\":\"SearchAction\",\"target\":{\"@type\":\"EntryPoint\",\"urlTemplate\":\"https:\/\/semead.com.br\/26\/?s={search_term_string}\"},\"query-input\":{\"@type\":\"PropertyValueSpecification\",\"valueRequired\":true,\"valueName\":\"search_term_string\"}}],\"inLanguage\":\"pt-BR\"}]}<\/script>\n<!-- \/ Yoast SEO plugin. -->","yoast_head_json":{"title":"Programa\u00e7\u00e3o Sint\u00e9tica - XXVI SemeAd","robots":{"index":"index","follow":"follow","max-snippet":"max-snippet:-1","max-image-preview":"max-image-preview:large","max-video-preview":"max-video-preview:-1"},"canonical":"https:\/\/semead.com.br\/26\/programacao-sintetica\/","og_locale":"pt_BR","og_type":"article","og_title":"Programa\u00e7\u00e3o Sint\u00e9tica - XXVI SemeAd","og_url":"https:\/\/semead.com.br\/26\/programacao-sintetica\/","og_site_name":"XXVI SemeAd","article_modified_time":"2024-07-12T18:34:25+00:00","og_image":[{"url":"https:\/\/semead.com.br\/26\/wp-content\/uploads\/sites\/17\/2023\/11\/dia-8-834x1024.png","type":"","width":"","height":""}],"twitter_card":"summary_large_image","twitter_misc":{"Est. tempo de leitura":"1 minuto"},"schema":{"@context":"https:\/\/schema.org","@graph":[{"@type":"WebPage","@id":"https:\/\/semead.com.br\/26\/programacao-sintetica\/","url":"https:\/\/semead.com.br\/26\/programacao-sintetica\/","name":"Programa\u00e7\u00e3o Sint\u00e9tica - XXVI SemeAd","isPartOf":{"@id":"https:\/\/semead.com.br\/26\/#website"},"primaryImageOfPage":{"@id":"https:\/\/semead.com.br\/26\/programacao-sintetica\/#primaryimage"},"image":{"@id":"https:\/\/semead.com.br\/26\/programacao-sintetica\/#primaryimage"},"thumbnailUrl":"https:\/\/semead.com.br\/26\/wp-content\/uploads\/sites\/17\/2023\/11\/dia-8-834x1024.png","datePublished":"2023-10-03T17:36:39+00:00","dateModified":"2024-07-12T18:34:25+00:00","breadcrumb":{"@id":"https:\/\/semead.com.br\/26\/programacao-sintetica\/#breadcrumb"},"inLanguage":"pt-BR","potentialAction":[{"@type":"ReadAction","target":["https:\/\/semead.com.br\/26\/programacao-sintetica\/"]}]},{"@type":"ImageObject","inLanguage":"pt-BR","@id":"https:\/\/semead.com.br\/26\/programacao-sintetica\/#primaryimage","url":"https:\/\/semead.com.br\/26\/wp-content\/uploads\/sites\/17\/2023\/11\/dia-8.png","contentUrl":"https:\/\/semead.com.br\/26\/wp-content\/uploads\/sites\/17\/2023\/11\/dia-8.png","width":3150,"height":3867},{"@type":"BreadcrumbList","@id":"https:\/\/semead.com.br\/26\/programacao-sintetica\/#breadcrumb","itemListElement":[{"@type":"ListItem","position":1,"name":"In\u00edcio","item":"https:\/\/semead.com.br\/26\/"},{"@type":"ListItem","position":2,"name":"Programa\u00e7\u00e3o Sint\u00e9tica"}]},{"@type":"WebSite","@id":"https:\/\/semead.com.br\/26\/#website","url":"https:\/\/semead.com.br\/26\/","name":"XXVI SemeAd","description":"Semin\u00e1rios em Administra\u00e7\u00e3o","potentialAction":[{"@type":"SearchAction","target":{"@type":"EntryPoint","urlTemplate":"https:\/\/semead.com.br\/26\/?s={search_term_string}"},"query-input":{"@type":"PropertyValueSpecification","valueRequired":true,"valueName":"search_term_string"}}],"inLanguage":"pt-BR"}]}},"_links":{"self":[{"href":"https:\/\/semead.com.br\/26\/wp-json\/wp\/v2\/pages\/30121","targetHints":{"allow":["GET"]}}],"collection":[{"href":"https:\/\/semead.com.br\/26\/wp-json\/wp\/v2\/pages"}],"about":[{"href":"https:\/\/semead.com.br\/26\/wp-json\/wp\/v2\/types\/page"}],"author":[{"embeddable":true,"href":"https:\/\/semead.com.br\/26\/wp-json\/wp\/v2\/users\/14"}],"replies":[{"embeddable":true,"href":"https:\/\/semead.com.br\/26\/wp-json\/wp\/v2\/comments?post=30121"}],"version-history":[{"count":0,"href":"https:\/\/semead.com.br\/26\/wp-json\/wp\/v2\/pages\/30121\/revisions"}],"wp:attachment":[{"href":"https:\/\/semead.com.br\/26\/wp-json\/wp\/v2\/media?parent=30121"}],"curies":[{"name":"wp","href":"https:\/\/api.w.org\/{rel}","templated":true}]}}