{"id":30345,"date":"2023-10-26T09:45:10","date_gmt":"2023-10-26T12:45:10","guid":{"rendered":"https:\/\/semead.com.br\/26\/?page_id=30345"},"modified":"2023-11-06T15:31:55","modified_gmt":"2023-11-06T18:31:55","slug":"programacao-keynote-speaker","status":"publish","type":"page","link":"https:\/\/semead.com.br\/26\/programacao-keynote-speaker\/","title":{"rendered":"Programa\u00e7\u00e3o Keynote Speaker"},"content":{"rendered":"\n<figure class=\"wp-block-table\"><table><tbody><tr><td><strong>DIA 08\/11 \u2013 QUARTA-FEIRA<\/strong> <strong> | 14:00 &#8211; 15:30 &#8211; Hor\u00e1rio de bras\u00edlia<\/strong> <\/td><\/tr><\/tbody><\/table><\/figure>\n\n\n\n<figure class=\"wp-block-table is-style-stripes\"><table><tbody><tr><td><strong>Keynote Speakers<\/strong><\/td><td><strong>Ministrado Por<\/strong><\/td><td><strong>Moderador<\/strong><\/td><td><strong>Formato<\/strong><\/td><\/tr><tr><td>Adminsitra\u00e7\u00e3o P\u00fablica: A experi\u00eancia do Estado de S\u00e3o Paulo<\/td><td>Gilberto Kassab-Secret\u00e1rio de Governo e Rela\u00e7\u00f5es Institucionais do Estado de S\u00e3o Paulo<br>Vahan Agopyan-Secret\u00e1rio de Ci\u00eancia, Tecnologia e Inova\u00e7\u00e3o do Estado de S\u00e3o Paulo<\/td><td>Marcos Bruno- SDA Bocconi School of Management<\/td><td><p style=\"\n              background-color: #fcf8e3;\n              padding: 5px;\n              margin: 2px;\n              border-radius: 10px;\n              text-align: center;\n            \">Presencial<\/p><\/td><\/tr><\/tbody><\/table><\/figure>\n\n\n\n<figure class=\"wp-block-table\"><table><tbody><tr><td><strong>DIA 09\/11 \u2013 QUINTA-FEIRA<\/strong> <strong> | 10:30 &#8211; 12:00 &#8211; Hor\u00e1rio de bras\u00edlia<\/strong> <\/td><\/tr><\/tbody><\/table><\/figure>\n\n\n\n<figure class=\"wp-block-table is-style-stripes\"><table><tbody><tr><td><strong>Keynote Speakers<\/strong><\/td><td><strong>Ministrado Por<\/strong><\/td><td><strong>Moderador<\/strong><\/td><td><strong>Formato<\/strong><\/td><\/tr><tr><td>Sobrevivendo ao peer review em journals de finan\u00e7as<\/td><td>Felipe Bastos Gurgel Silva (Trulaske College of Business, University of Missouri),<br>Herbert Kimura (Universidade de Bras\u00edlia),<br>Leandro dos Santos Maciel (FEA-USP),<\/td><td>Eduardo Kazuo Kayo (FEA-USP)<\/td><td><p style=\"\n              background-color: #fcf8e3;\n              padding: 5px;\n              margin: 2px;\n              border-radius: 10px;\n              text-align: center;\n            \">Presencial<\/p><\/td><\/tr><tr><td>The Novel Landscape of Tourism and Hospitality<\/td><td>Carlo Gigliois, Ph.D. Senior Research Fellow in Business&amp;amp;Management Engineering (University of Calabria-Italy)<\/td><td>Roberto Sbragia- Diretor Presidente da FIA Business School, Professor FEA USP<\/td><td><p style=\"\n              background-color: #fcf8e3;\n              padding: 5px;\n              margin: 2px;\n              border-radius: 10px;\n              text-align: center;\n            \">Presencial<\/p><\/td><\/tr><\/tbody><\/table><\/figure>\n\n\n\n<figure class=\"wp-block-table\"><table><tbody><tr><td><strong>DIA 10\/11 \u2013 SEXTA-FEIRA<\/strong> <strong> | 10:30 &#8211; 12:00 &#8211; Hor\u00e1rio de bras\u00edlia<\/strong> <\/td><\/tr><\/tbody><\/table><\/figure>\n\n\n\n<figure class=\"wp-block-table is-style-stripes\"><table><tbody><tr><td><strong>Keynote Speakers<\/strong><\/td><td><strong>Ministrado Por<\/strong><\/td><td><strong>Moderador<\/strong><\/td><td><strong>Formato<\/strong><\/td><\/tr><tr><td>AI for service innovation: The case of healthcare industry        <\/td><td>Vicenzo (Enzo ) Baglieri &#8211; PhD Associate Dean for Masters Division SDA Bocconi School of Management<\/td><td>Marcos Bruno- SDA Bocconi School of Management<\/td><td><p style=\"\n              background-color: #fcf8e3;\n              padding: 5px;\n              margin: 2px;\n              border-radius: 10px;\n              text-align: center;\n            \">Presencial<\/p><\/td><\/tr><tr><td>Measuring Tail Risks: The effect of financial opacity<\/td><td>Felipe Bastos Gurgel Silva (Trulaske College of Business, University of Missouri)<\/td><td>Eduardo Kazuo Kayo (FEA-USP),<\/td><td><p style=\"\n              background-color: #fcf8e3;\n              padding: 5px;\n              margin: 2px;\n              border-radius: 10px;\n              text-align: center;\n            \">Presencial<\/p><\/td><\/tr><\/tbody><\/table><\/figure>\n\n\n\n<figure class=\"wp-block-table\"><table><tbody><tr><td><strong>DIA 10\/11 \u2013 SEXTA-FEIRA<\/strong> <strong> | 14:30 &#8211; 15:30- Hor\u00e1rio de bras\u00edlia<\/strong> <\/td><\/tr><\/tbody><\/table><\/figure>\n\n\n\n<figure class=\"wp-block-table is-style-stripes\"><table><tbody><tr><td><strong>Keynote Speakers<\/strong><\/td><td><strong>Ministrado Por<\/strong><\/td><td><strong>Moderador<\/strong><\/td><td><strong>Formato<\/strong><\/td><\/tr><tr><td>The Uses of AI in Marketing Research<\/td><td>Bill Rand &#8211; North Carolina State University<\/td><td>Guilherme Shiraishi- FEA USP<\/td><td><p style=\"\n              background-color: #fcf8e3;\n              padding: 5px;\n              margin: 2px;\n              border-radius: 10px;\n              text-align: center;\n            \">Presencial<\/p><\/td><\/tr><\/tbody><\/table><\/figure>\n","protected":false},"excerpt":{"rendered":"<p>DIA 08\/11 \u2013 QUARTA-FEIRA | 14:00 &#8211; 15:30 &#8211; Hor\u00e1rio de bras\u00edlia Keynote Speakers Ministrado Por Moderador Formato Adminsitra\u00e7\u00e3o P\u00fablica: A experi\u00eancia do Estado de S\u00e3o Paulo Gilberto Kassab-Secret\u00e1rio de Governo e Rela\u00e7\u00f5es Institucionais do Estado de S\u00e3o PauloVahan Agopyan-Secret\u00e1rio de Ci\u00eancia, Tecnologia e Inova\u00e7\u00e3o do Estado de S\u00e3o Paulo Marcos Bruno- SDA Bocconi School&#8230;<\/p>\n","protected":false},"author":14,"featured_media":0,"parent":0,"menu_order":0,"comment_status":"closed","ping_status":"closed","template":"","meta":{"_acf_changed":false,"_monsterinsights_skip_tracking":false,"_monsterinsights_sitenote_active":false,"_monsterinsights_sitenote_note":"","_monsterinsights_sitenote_category":0,"footnotes":""},"class_list":["post-30345","page","type-page","status-publish","hentry"],"acf":[],"yoast_head":"<!-- This site is optimized with the Yoast SEO plugin v27.1.1 - https:\/\/yoast.com\/product\/yoast-seo-wordpress\/ -->\n<title>Programa\u00e7\u00e3o Keynote Speaker - XXVI SemeAd<\/title>\n<meta name=\"robots\" content=\"index, follow, max-snippet:-1, max-image-preview:large, max-video-preview:-1\" \/>\n<link rel=\"canonical\" href=\"https:\/\/semead.com.br\/26\/programacao-keynote-speaker\/\" \/>\n<meta property=\"og:locale\" content=\"pt_BR\" \/>\n<meta property=\"og:type\" content=\"article\" \/>\n<meta property=\"og:title\" content=\"Programa\u00e7\u00e3o Keynote Speaker - XXVI SemeAd\" \/>\n<meta property=\"og:description\" content=\"DIA 08\/11 \u2013 QUARTA-FEIRA | 14:00 &#8211; 15:30 &#8211; Hor\u00e1rio de bras\u00edlia Keynote Speakers Ministrado Por Moderador Formato Adminsitra\u00e7\u00e3o P\u00fablica: A experi\u00eancia do Estado de S\u00e3o Paulo Gilberto Kassab-Secret\u00e1rio de Governo e Rela\u00e7\u00f5es Institucionais do Estado de S\u00e3o PauloVahan Agopyan-Secret\u00e1rio de Ci\u00eancia, Tecnologia e Inova\u00e7\u00e3o do Estado de S\u00e3o Paulo Marcos Bruno- SDA Bocconi School...\" \/>\n<meta property=\"og:url\" content=\"https:\/\/semead.com.br\/26\/programacao-keynote-speaker\/\" \/>\n<meta property=\"og:site_name\" content=\"XXVI SemeAd\" \/>\n<meta property=\"article:modified_time\" content=\"2023-11-06T18:31:55+00:00\" \/>\n<meta name=\"twitter:card\" content=\"summary_large_image\" \/>\n<meta name=\"twitter:label1\" content=\"Est. tempo de leitura\" \/>\n\t<meta name=\"twitter:data1\" content=\"2 minutos\" \/>\n<script type=\"application\/ld+json\" class=\"yoast-schema-graph\">{\"@context\":\"https:\/\/schema.org\",\"@graph\":[{\"@type\":\"WebPage\",\"@id\":\"https:\/\/semead.com.br\/26\/programacao-keynote-speaker\/\",\"url\":\"https:\/\/semead.com.br\/26\/programacao-keynote-speaker\/\",\"name\":\"Programa\u00e7\u00e3o Keynote Speaker - XXVI SemeAd\",\"isPartOf\":{\"@id\":\"https:\/\/semead.com.br\/26\/#website\"},\"datePublished\":\"2023-10-26T12:45:10+00:00\",\"dateModified\":\"2023-11-06T18:31:55+00:00\",\"breadcrumb\":{\"@id\":\"https:\/\/semead.com.br\/26\/programacao-keynote-speaker\/#breadcrumb\"},\"inLanguage\":\"pt-BR\",\"potentialAction\":[{\"@type\":\"ReadAction\",\"target\":[\"https:\/\/semead.com.br\/26\/programacao-keynote-speaker\/\"]}]},{\"@type\":\"BreadcrumbList\",\"@id\":\"https:\/\/semead.com.br\/26\/programacao-keynote-speaker\/#breadcrumb\",\"itemListElement\":[{\"@type\":\"ListItem\",\"position\":1,\"name\":\"In\u00edcio\",\"item\":\"https:\/\/semead.com.br\/26\/\"},{\"@type\":\"ListItem\",\"position\":2,\"name\":\"Programa\u00e7\u00e3o Keynote Speaker\"}]},{\"@type\":\"WebSite\",\"@id\":\"https:\/\/semead.com.br\/26\/#website\",\"url\":\"https:\/\/semead.com.br\/26\/\",\"name\":\"XXVI SemeAd\",\"description\":\"Semin\u00e1rios em Administra\u00e7\u00e3o\",\"potentialAction\":[{\"@type\":\"SearchAction\",\"target\":{\"@type\":\"EntryPoint\",\"urlTemplate\":\"https:\/\/semead.com.br\/26\/?s={search_term_string}\"},\"query-input\":{\"@type\":\"PropertyValueSpecification\",\"valueRequired\":true,\"valueName\":\"search_term_string\"}}],\"inLanguage\":\"pt-BR\"}]}<\/script>\n<!-- \/ Yoast SEO plugin. -->","yoast_head_json":{"title":"Programa\u00e7\u00e3o Keynote Speaker - XXVI SemeAd","robots":{"index":"index","follow":"follow","max-snippet":"max-snippet:-1","max-image-preview":"max-image-preview:large","max-video-preview":"max-video-preview:-1"},"canonical":"https:\/\/semead.com.br\/26\/programacao-keynote-speaker\/","og_locale":"pt_BR","og_type":"article","og_title":"Programa\u00e7\u00e3o Keynote Speaker - XXVI SemeAd","og_description":"DIA 08\/11 \u2013 QUARTA-FEIRA | 14:00 &#8211; 15:30 &#8211; Hor\u00e1rio de bras\u00edlia Keynote Speakers Ministrado Por Moderador Formato Adminsitra\u00e7\u00e3o P\u00fablica: A experi\u00eancia do Estado de S\u00e3o Paulo Gilberto Kassab-Secret\u00e1rio de Governo e Rela\u00e7\u00f5es Institucionais do Estado de S\u00e3o PauloVahan Agopyan-Secret\u00e1rio de Ci\u00eancia, Tecnologia e Inova\u00e7\u00e3o do Estado de S\u00e3o Paulo Marcos Bruno- SDA Bocconi School...","og_url":"https:\/\/semead.com.br\/26\/programacao-keynote-speaker\/","og_site_name":"XXVI SemeAd","article_modified_time":"2023-11-06T18:31:55+00:00","twitter_card":"summary_large_image","twitter_misc":{"Est. tempo de leitura":"2 minutos"},"schema":{"@context":"https:\/\/schema.org","@graph":[{"@type":"WebPage","@id":"https:\/\/semead.com.br\/26\/programacao-keynote-speaker\/","url":"https:\/\/semead.com.br\/26\/programacao-keynote-speaker\/","name":"Programa\u00e7\u00e3o Keynote Speaker - XXVI SemeAd","isPartOf":{"@id":"https:\/\/semead.com.br\/26\/#website"},"datePublished":"2023-10-26T12:45:10+00:00","dateModified":"2023-11-06T18:31:55+00:00","breadcrumb":{"@id":"https:\/\/semead.com.br\/26\/programacao-keynote-speaker\/#breadcrumb"},"inLanguage":"pt-BR","potentialAction":[{"@type":"ReadAction","target":["https:\/\/semead.com.br\/26\/programacao-keynote-speaker\/"]}]},{"@type":"BreadcrumbList","@id":"https:\/\/semead.com.br\/26\/programacao-keynote-speaker\/#breadcrumb","itemListElement":[{"@type":"ListItem","position":1,"name":"In\u00edcio","item":"https:\/\/semead.com.br\/26\/"},{"@type":"ListItem","position":2,"name":"Programa\u00e7\u00e3o Keynote Speaker"}]},{"@type":"WebSite","@id":"https:\/\/semead.com.br\/26\/#website","url":"https:\/\/semead.com.br\/26\/","name":"XXVI SemeAd","description":"Semin\u00e1rios em Administra\u00e7\u00e3o","potentialAction":[{"@type":"SearchAction","target":{"@type":"EntryPoint","urlTemplate":"https:\/\/semead.com.br\/26\/?s={search_term_string}"},"query-input":{"@type":"PropertyValueSpecification","valueRequired":true,"valueName":"search_term_string"}}],"inLanguage":"pt-BR"}]}},"_links":{"self":[{"href":"https:\/\/semead.com.br\/26\/wp-json\/wp\/v2\/pages\/30345","targetHints":{"allow":["GET"]}}],"collection":[{"href":"https:\/\/semead.com.br\/26\/wp-json\/wp\/v2\/pages"}],"about":[{"href":"https:\/\/semead.com.br\/26\/wp-json\/wp\/v2\/types\/page"}],"author":[{"embeddable":true,"href":"https:\/\/semead.com.br\/26\/wp-json\/wp\/v2\/users\/14"}],"replies":[{"embeddable":true,"href":"https:\/\/semead.com.br\/26\/wp-json\/wp\/v2\/comments?post=30345"}],"version-history":[{"count":0,"href":"https:\/\/semead.com.br\/26\/wp-json\/wp\/v2\/pages\/30345\/revisions"}],"wp:attachment":[{"href":"https:\/\/semead.com.br\/26\/wp-json\/wp\/v2\/media?parent=30345"}],"curies":[{"name":"wp","href":"https:\/\/api.w.org\/{rel}","templated":true}]}}