{"id":33,"date":"2013-04-26T00:22:40","date_gmt":"2013-04-26T00:22:40","guid":{"rendered":"http:\/\/semead.com.br\/?page_id=33"},"modified":"2023-05-19T14:52:50","modified_gmt":"2023-05-19T17:52:50","slug":"informacoes-uteis","status":"publish","type":"page","link":"https:\/\/semead.com.br\/26\/informacoes-uteis\/","title":{"rendered":"Informa\u00e7\u00f5es \u00fateis"},"content":{"rendered":"<div align=\"justify\">\n<p><strong>TRANSPORTES<\/strong><\/p>\n<p>-Metr\u00f4 \u2013 0800-7707722 \u2013 <a href=\"https:\/\/www.metro.sp.gov.br\/pdf\/mapa-da-rede-metro.pdf\">Metro e Trens S\u00e3o Paulo e Regi\u00e3o Metropolitana<\/a><\/p>\n<p>-\u00d4nibus municipais \u2013 156<\/p>\n<p>-Aeroportos \u2013 S\u00e3o Paulo Guarulhos (11) 2445-2945; Congonhas (11) 5090-9000; Campo de Marte (11) 2223-3701<\/p>\n<p>-Airport Bus Service \u2013 0800-2853047 ou (11) 3775-3850 \u2013<a href=\"https:\/\/www.googleadservices.com\/pagead\/aclk?sa=L&amp;ai=DChcSEwj3r7T_ubX6AhXlJ0wKHSOFDhQYABABGgJvYQ&amp;ohost=www.google.com&amp;cid=CAESauD2X9uKDrhG_kKscICAlvniycpqZwG8DMxmFdWuJw_9fe1lD4cE23KKYGRpQGA8rKBoGhxRlq9phe1ESWXJoxXuo6s44heme_Q7KuFy5TgIIjfhkzPj0mcyIID4EWhIRjrz2qYRurcWGFE&amp;sig=AOD64_0IbWGJPEfAMP978IwN2mjIz0P4sA&amp;q&amp;adurl&amp;ved=2ahUKEwiKwaj_ubX6AhUTr5UCHYyWBqUQ0Qx6BAgDEAE\"> www.airportbusservice.com.br<\/a><\/p>\n<p>-Terminais Rodovi\u00e1rios: <a href=\"https:\/\/www.terminalrodoviariodotiete.com.br\/\">Tiet\u00ea<\/a>, <a href=\"https:\/\/www.rodoviariadabarrafunda.com\/\">Barra Funda<\/a> e <a href=\"https:\/\/www.rodoviariadojabaquara.com.br\/\">Jabaquara<\/a> \u2013 (11) 3866-1100 \u2013 www.socicam.com.br<\/p>\n<p>-Companhia Paulista de Trens Metropolitanos \u2013 0800-0550121 \/ WhatsApp (11) 99767-7030 \u2013 www.cptm.sp.gov.br \/ <a href=\"https:\/\/www.cptm.sp.gov.br\/MapasERegulamentos.aspx\">https:\/\/www.cptm.sp.gov.br\/MapasERegulamentos.aspx<\/a><\/p>\n<p>-ADETAX \u2013 Associa\u00e7\u00e3o das Empresas de T\u00e1xi de Frota do Munic\u00edpio de S\u00e3o Paulo \u2013 (11) 3228-9294 ou (11) 3229-8505 &#8211; http:\/\/www.adetax.com.br\/index.php\/precos\/<\/p>\n<p>&#8211;<a href=\"https:\/\/m.uber.com\/looking?drop%5B0%5D=%7B%22latitude%22%3A-23.5587435%2C%22longitude%22%3A-46.7290016%2C%22addressLine1%22%3A%22Faculdade%20de%20Economia%2C%20Administra%C3%A7%C3%A3o%20e%20Contabilidade%20%28FEA-USP%29%22%2C%22addressLine2%22%3A%22Av.%20Professor%20Luciano%20Gualberto%2C%20908%20-%20Butant%C3%A3%2C%20S%C3%A3o%20Paulo%20-%20SP%2C%2005508-010%22%2C%22id%22%3A%22c4aadedc-5799-ebcd-14d0-127953ec323d%22%2C%22provider%22%3A%22uber_places%22%7D\">Uber\u00a0<\/a>\u00a0 \u00a0Aplicativo de transporte<\/p>\n<p>&#8211;<a href=\"https:\/\/99app.com\/whatsapp-50off\/\">99Taxi Aplicativo de transporte<\/a><\/p>\n<p><a href=\"https:\/\/bikeitau.com.br\/sao-paulo\/\">-Bicicleta compartilhada<\/a><\/p>\n<p><strong>SOBRE S\u00c3O PAULO:<\/strong><br \/>\n<a href=\"http:\/\/www.timeout.com.br\/sao-paulo\/\" target=\"_blank\" rel=\"noopener\">www.timeout.com.br\/sao-paulo\/<\/a><br \/>\n<a href=\"http:\/\/www.cidadedesaopaulo.com\/\" target=\"_blank\" rel=\"noopener\">www.cidadedesaopaulo.com\/<\/a><\/p>\n<p><strong>O QUE FAZER NA CAPITAL<\/strong><br \/>\n-S\u00e3o Paulo Turismo \u2013 <span style=\"text-decoration: underline\"><a href=\"http:\/\/www.spturis.com\" target=\"_blank\" rel=\"noopener\">www.spturis.com<\/a><\/span> \/ <span style=\"text-decoration: underline\"><a href=\"http:\/\/www.cidadedesaopaulo.com\" target=\"_blank\" rel=\"noopener\">www.cidadedesaopaulo.com<\/a><\/span><br \/>\n-S\u00e3o Paulo Convention &amp; Visitors Bureau \u2013 <span style=\"text-decoration: underline\"><a href=\"http:\/\/www.visitesaopaulo.com\" target=\"_blank\" rel=\"noopener\">www.visitesaopaulo.com<\/a><\/span><br \/>\n-Dicas de Passeios \u2013 <span style=\"text-decoration: underline\"><a href=\"http:\/\/www.cidadedesaopaulo.com\/fiquemaisumdia\" target=\"_blank\" rel=\"noopener\">www.cidadedesaopaulo.com\/fiquemaisumdia<\/a><\/span><br \/>\n-Catraca Livre &#8211; <span style=\"text-decoration: underline\"><a href=\"http:\/\/www.catracalivre.com.br\" target=\"_blank\" rel=\"noopener\">www.catracalivre.com.br<\/a><\/span><br \/>\n-Guia da Semana &#8211; <span style=\"text-decoration: underline\"><a href=\"http:\/\/www.guiadasemana.com.br\/sao-paulo\" target=\"_blank\" rel=\"noopener\">www.guiadasemana.com.br\/sao-paulo<\/a><\/span><\/p>\n<p><strong>ONDE COMER:<\/strong><br \/>\n<a href=\"https:\/\/kekanto.com.br\/collection\/sp\/sao-paulo\/3250-lugares-para-comer-na-usp\/page:2\" target=\"_blank\" rel=\"noopener\">https:\/\/kekanto.com.br\/collection\/sp\/sao-paulo\/3250-lugares-para-comer-na-usp\/page:2<\/a><\/p>\n<p><strong>APPS:<\/strong><br \/>\n<a href=\"https:\/\/vejasp.abril.com.br\/cidades\/dez-aplicativos-essenciais-paulistano\/\" target=\"_blank\" rel=\"noopener\">https:\/\/vejasp.abril.com.br\/cidades\/dez-aplicativos-essenciais-paulistano\/<\/a><\/p>\n<p><strong>EMERG\u00caNCIAS<\/strong><br \/>\n-Emerg\u00eancia de tr\u00e2nsito \u2013 1188<br \/>\n-Emerg\u00eancia de sa\u00fade \u2013 192<br \/>\n-Pol\u00edcia Civil \u2013 147<br \/>\n-Pol\u00edcia Militar \u2013 190<br \/>\n-Bombeiros \u2013 193<\/p>\n<\/div>\n","protected":false},"excerpt":{"rendered":"<p>TRANSPORTES -Metr\u00f4 \u2013 0800-7707722 \u2013 Metro e Trens S\u00e3o Paulo e Regi\u00e3o Metropolitana -\u00d4nibus municipais \u2013 156 -Aeroportos \u2013 S\u00e3o Paulo Guarulhos (11) 2445-2945; Congonhas (11) 5090-9000; Campo de Marte (11) 2223-3701 -Airport Bus Service \u2013 0800-2853047 ou (11) 3775-3850 \u2013 www.airportbusservice.com.br -Terminais Rodovi\u00e1rios: Tiet\u00ea, Barra Funda e Jabaquara \u2013 (11) 3866-1100 \u2013 www.socicam.com.br -Companhia&#8230;<\/p>\n","protected":false},"author":1,"featured_media":0,"parent":0,"menu_order":0,"comment_status":"closed","ping_status":"open","template":"","meta":{"_acf_changed":false,"_monsterinsights_skip_tracking":false,"_monsterinsights_sitenote_active":false,"_monsterinsights_sitenote_note":"","_monsterinsights_sitenote_category":0,"footnotes":""},"class_list":["post-33","page","type-page","status-publish","hentry"],"acf":[],"yoast_head":"<!-- This site is optimized with the Yoast SEO plugin v27.1.1 - https:\/\/yoast.com\/product\/yoast-seo-wordpress\/ -->\n<title>Informa\u00e7\u00f5es \u00fateis - XXVI SemeAd<\/title>\n<meta name=\"robots\" content=\"index, follow, max-snippet:-1, max-image-preview:large, max-video-preview:-1\" \/>\n<link rel=\"canonical\" href=\"https:\/\/semead.com.br\/26\/informacoes-uteis\/\" \/>\n<meta property=\"og:locale\" content=\"pt_BR\" \/>\n<meta property=\"og:type\" content=\"article\" \/>\n<meta property=\"og:title\" content=\"Informa\u00e7\u00f5es \u00fateis - XXVI SemeAd\" \/>\n<meta property=\"og:description\" content=\"TRANSPORTES -Metr\u00f4 \u2013 0800-7707722 \u2013 Metro e Trens S\u00e3o Paulo e Regi\u00e3o Metropolitana -\u00d4nibus municipais \u2013 156 -Aeroportos \u2013 S\u00e3o Paulo Guarulhos (11) 2445-2945; Congonhas (11) 5090-9000; Campo de Marte (11) 2223-3701 -Airport Bus Service \u2013 0800-2853047 ou (11) 3775-3850 \u2013 www.airportbusservice.com.br -Terminais Rodovi\u00e1rios: Tiet\u00ea, Barra Funda e Jabaquara \u2013 (11) 3866-1100 \u2013 www.socicam.com.br -Companhia...\" \/>\n<meta property=\"og:url\" content=\"https:\/\/semead.com.br\/26\/informacoes-uteis\/\" \/>\n<meta property=\"og:site_name\" content=\"XXVI SemeAd\" \/>\n<meta property=\"article:modified_time\" content=\"2023-05-19T17:52:50+00:00\" \/>\n<meta name=\"twitter:card\" content=\"summary_large_image\" \/>\n<meta name=\"twitter:label1\" content=\"Est. tempo de leitura\" \/>\n\t<meta name=\"twitter:data1\" content=\"1 minuto\" \/>\n<script type=\"application\/ld+json\" class=\"yoast-schema-graph\">{\"@context\":\"https:\/\/schema.org\",\"@graph\":[{\"@type\":\"WebPage\",\"@id\":\"https:\/\/semead.com.br\/26\/informacoes-uteis\/\",\"url\":\"https:\/\/semead.com.br\/26\/informacoes-uteis\/\",\"name\":\"Informa\u00e7\u00f5es \u00fateis - XXVI SemeAd\",\"isPartOf\":{\"@id\":\"https:\/\/semead.com.br\/26\/#website\"},\"datePublished\":\"2013-04-26T00:22:40+00:00\",\"dateModified\":\"2023-05-19T17:52:50+00:00\",\"breadcrumb\":{\"@id\":\"https:\/\/semead.com.br\/26\/informacoes-uteis\/#breadcrumb\"},\"inLanguage\":\"pt-BR\",\"potentialAction\":[{\"@type\":\"ReadAction\",\"target\":[\"https:\/\/semead.com.br\/26\/informacoes-uteis\/\"]}]},{\"@type\":\"BreadcrumbList\",\"@id\":\"https:\/\/semead.com.br\/26\/informacoes-uteis\/#breadcrumb\",\"itemListElement\":[{\"@type\":\"ListItem\",\"position\":1,\"name\":\"In\u00edcio\",\"item\":\"https:\/\/semead.com.br\/26\/\"},{\"@type\":\"ListItem\",\"position\":2,\"name\":\"Informa\u00e7\u00f5es \u00fateis\"}]},{\"@type\":\"WebSite\",\"@id\":\"https:\/\/semead.com.br\/26\/#website\",\"url\":\"https:\/\/semead.com.br\/26\/\",\"name\":\"XXVI SemeAd\",\"description\":\"Semin\u00e1rios em Administra\u00e7\u00e3o\",\"potentialAction\":[{\"@type\":\"SearchAction\",\"target\":{\"@type\":\"EntryPoint\",\"urlTemplate\":\"https:\/\/semead.com.br\/26\/?s={search_term_string}\"},\"query-input\":{\"@type\":\"PropertyValueSpecification\",\"valueRequired\":true,\"valueName\":\"search_term_string\"}}],\"inLanguage\":\"pt-BR\"}]}<\/script>\n<!-- \/ Yoast SEO plugin. -->","yoast_head_json":{"title":"Informa\u00e7\u00f5es \u00fateis - XXVI SemeAd","robots":{"index":"index","follow":"follow","max-snippet":"max-snippet:-1","max-image-preview":"max-image-preview:large","max-video-preview":"max-video-preview:-1"},"canonical":"https:\/\/semead.com.br\/26\/informacoes-uteis\/","og_locale":"pt_BR","og_type":"article","og_title":"Informa\u00e7\u00f5es \u00fateis - XXVI SemeAd","og_description":"TRANSPORTES -Metr\u00f4 \u2013 0800-7707722 \u2013 Metro e Trens S\u00e3o Paulo e Regi\u00e3o Metropolitana -\u00d4nibus municipais \u2013 156 -Aeroportos \u2013 S\u00e3o Paulo Guarulhos (11) 2445-2945; Congonhas (11) 5090-9000; Campo de Marte (11) 2223-3701 -Airport Bus Service \u2013 0800-2853047 ou (11) 3775-3850 \u2013 www.airportbusservice.com.br -Terminais Rodovi\u00e1rios: Tiet\u00ea, Barra Funda e Jabaquara \u2013 (11) 3866-1100 \u2013 www.socicam.com.br -Companhia...","og_url":"https:\/\/semead.com.br\/26\/informacoes-uteis\/","og_site_name":"XXVI SemeAd","article_modified_time":"2023-05-19T17:52:50+00:00","twitter_card":"summary_large_image","twitter_misc":{"Est. tempo de leitura":"1 minuto"},"schema":{"@context":"https:\/\/schema.org","@graph":[{"@type":"WebPage","@id":"https:\/\/semead.com.br\/26\/informacoes-uteis\/","url":"https:\/\/semead.com.br\/26\/informacoes-uteis\/","name":"Informa\u00e7\u00f5es \u00fateis - XXVI SemeAd","isPartOf":{"@id":"https:\/\/semead.com.br\/26\/#website"},"datePublished":"2013-04-26T00:22:40+00:00","dateModified":"2023-05-19T17:52:50+00:00","breadcrumb":{"@id":"https:\/\/semead.com.br\/26\/informacoes-uteis\/#breadcrumb"},"inLanguage":"pt-BR","potentialAction":[{"@type":"ReadAction","target":["https:\/\/semead.com.br\/26\/informacoes-uteis\/"]}]},{"@type":"BreadcrumbList","@id":"https:\/\/semead.com.br\/26\/informacoes-uteis\/#breadcrumb","itemListElement":[{"@type":"ListItem","position":1,"name":"In\u00edcio","item":"https:\/\/semead.com.br\/26\/"},{"@type":"ListItem","position":2,"name":"Informa\u00e7\u00f5es \u00fateis"}]},{"@type":"WebSite","@id":"https:\/\/semead.com.br\/26\/#website","url":"https:\/\/semead.com.br\/26\/","name":"XXVI SemeAd","description":"Semin\u00e1rios em Administra\u00e7\u00e3o","potentialAction":[{"@type":"SearchAction","target":{"@type":"EntryPoint","urlTemplate":"https:\/\/semead.com.br\/26\/?s={search_term_string}"},"query-input":{"@type":"PropertyValueSpecification","valueRequired":true,"valueName":"search_term_string"}}],"inLanguage":"pt-BR"}]}},"_links":{"self":[{"href":"https:\/\/semead.com.br\/26\/wp-json\/wp\/v2\/pages\/33","targetHints":{"allow":["GET"]}}],"collection":[{"href":"https:\/\/semead.com.br\/26\/wp-json\/wp\/v2\/pages"}],"about":[{"href":"https:\/\/semead.com.br\/26\/wp-json\/wp\/v2\/types\/page"}],"author":[{"embeddable":true,"href":"https:\/\/semead.com.br\/26\/wp-json\/wp\/v2\/users\/1"}],"replies":[{"embeddable":true,"href":"https:\/\/semead.com.br\/26\/wp-json\/wp\/v2\/comments?post=33"}],"version-history":[{"count":0,"href":"https:\/\/semead.com.br\/26\/wp-json\/wp\/v2\/pages\/33\/revisions"}],"wp:attachment":[{"href":"https:\/\/semead.com.br\/26\/wp-json\/wp\/v2\/media?parent=33"}],"curies":[{"name":"wp","href":"https:\/\/api.w.org\/{rel}","templated":true}]}}