{"id":19651,"date":"2021-06-14T13:48:28","date_gmt":"2021-06-14T16:48:28","guid":{"rendered":"https:\/\/semead.com.br\/27\/?page_id=19651"},"modified":"2024-07-11T10:01:46","modified_gmt":"2024-07-11T13:01:46","slug":"agribusiness","status":"publish","type":"page","link":"https:\/\/semead.com.br\/27\/en\/tracks\/scientific-areas\/agribusiness\/","title":{"rendered":"Agribusiness"},"content":{"rendered":"","protected":false},"excerpt":{"rendered":"","protected":false},"author":4,"featured_media":0,"parent":31514,"menu_order":10,"comment_status":"closed","ping_status":"closed","template":"temas.php","meta":{"_acf_changed":false,"_monsterinsights_skip_tracking":false,"_monsterinsights_sitenote_active":false,"_monsterinsights_sitenote_note":"","_monsterinsights_sitenote_category":0,"footnotes":""},"class_list":["post-19651","page","type-page","status-publish","hentry"],"acf":[],"yoast_head":"<!-- This site is optimized with the Yoast SEO plugin v27.1.1 - https:\/\/yoast.com\/product\/yoast-seo-wordpress\/ -->\n<title>Agribusiness - XXVII SemeAd<\/title>\n<meta name=\"robots\" content=\"index, follow, max-snippet:-1, max-image-preview:large, max-video-preview:-1\" \/>\n<link rel=\"canonical\" href=\"https:\/\/semead.com.br\/27\/en\/tracks\/scientific-areas\/agribusiness\/\" \/>\n<meta property=\"og:locale\" content=\"en_US\" \/>\n<meta property=\"og:type\" content=\"article\" \/>\n<meta property=\"og:title\" content=\"Agribusiness - XXVII SemeAd\" \/>\n<meta property=\"og:url\" content=\"https:\/\/semead.com.br\/27\/en\/tracks\/scientific-areas\/agribusiness\/\" \/>\n<meta property=\"og:site_name\" content=\"XXVII SemeAd\" \/>\n<meta property=\"article:modified_time\" content=\"2024-07-11T13:01:46+00:00\" \/>\n<meta name=\"twitter:card\" content=\"summary_large_image\" \/>\n<script type=\"application\/ld+json\" class=\"yoast-schema-graph\">{\"@context\":\"https:\/\/schema.org\",\"@graph\":[{\"@type\":\"WebPage\",\"@id\":\"https:\/\/semead.com.br\/27\/en\/tracks\/scientific-areas\/agribusiness\/\",\"url\":\"https:\/\/semead.com.br\/27\/en\/tracks\/scientific-areas\/agribusiness\/\",\"name\":\"Agribusiness - XXVII SemeAd\",\"isPartOf\":{\"@id\":\"https:\/\/semead.com.br\/27\/#website\"},\"datePublished\":\"2021-06-14T16:48:28+00:00\",\"dateModified\":\"2024-07-11T13:01:46+00:00\",\"breadcrumb\":{\"@id\":\"https:\/\/semead.com.br\/27\/en\/tracks\/scientific-areas\/agribusiness\/#breadcrumb\"},\"inLanguage\":\"en-US\",\"potentialAction\":[{\"@type\":\"ReadAction\",\"target\":[\"https:\/\/semead.com.br\/27\/en\/tracks\/scientific-areas\/agribusiness\/\"]}]},{\"@type\":\"BreadcrumbList\",\"@id\":\"https:\/\/semead.com.br\/27\/en\/tracks\/scientific-areas\/agribusiness\/#breadcrumb\",\"itemListElement\":[{\"@type\":\"ListItem\",\"position\":1,\"name\":\"In\u00edcio\",\"item\":\"https:\/\/semead.com.br\/27\/en\/\"},{\"@type\":\"ListItem\",\"position\":2,\"name\":\"Agribusiness\"}]},{\"@type\":\"WebSite\",\"@id\":\"https:\/\/semead.com.br\/27\/#website\",\"url\":\"https:\/\/semead.com.br\/27\/\",\"name\":\"XXVII SemeAd\",\"description\":\"Semin\u00e1rios em Administra\u00e7\u00e3o\",\"potentialAction\":[{\"@type\":\"SearchAction\",\"target\":{\"@type\":\"EntryPoint\",\"urlTemplate\":\"https:\/\/semead.com.br\/27\/?s={search_term_string}\"},\"query-input\":{\"@type\":\"PropertyValueSpecification\",\"valueRequired\":true,\"valueName\":\"search_term_string\"}}],\"inLanguage\":\"en-US\"}]}<\/script>\n<!-- \/ Yoast SEO plugin. -->","yoast_head_json":{"title":"Agribusiness - XXVII SemeAd","robots":{"index":"index","follow":"follow","max-snippet":"max-snippet:-1","max-image-preview":"max-image-preview:large","max-video-preview":"max-video-preview:-1"},"canonical":"https:\/\/semead.com.br\/27\/en\/tracks\/scientific-areas\/agribusiness\/","og_locale":"en_US","og_type":"article","og_title":"Agribusiness - XXVII SemeAd","og_url":"https:\/\/semead.com.br\/27\/en\/tracks\/scientific-areas\/agribusiness\/","og_site_name":"XXVII SemeAd","article_modified_time":"2024-07-11T13:01:46+00:00","twitter_card":"summary_large_image","schema":{"@context":"https:\/\/schema.org","@graph":[{"@type":"WebPage","@id":"https:\/\/semead.com.br\/27\/en\/tracks\/scientific-areas\/agribusiness\/","url":"https:\/\/semead.com.br\/27\/en\/tracks\/scientific-areas\/agribusiness\/","name":"Agribusiness - XXVII SemeAd","isPartOf":{"@id":"https:\/\/semead.com.br\/27\/#website"},"datePublished":"2021-06-14T16:48:28+00:00","dateModified":"2024-07-11T13:01:46+00:00","breadcrumb":{"@id":"https:\/\/semead.com.br\/27\/en\/tracks\/scientific-areas\/agribusiness\/#breadcrumb"},"inLanguage":"en-US","potentialAction":[{"@type":"ReadAction","target":["https:\/\/semead.com.br\/27\/en\/tracks\/scientific-areas\/agribusiness\/"]}]},{"@type":"BreadcrumbList","@id":"https:\/\/semead.com.br\/27\/en\/tracks\/scientific-areas\/agribusiness\/#breadcrumb","itemListElement":[{"@type":"ListItem","position":1,"name":"In\u00edcio","item":"https:\/\/semead.com.br\/27\/en\/"},{"@type":"ListItem","position":2,"name":"Agribusiness"}]},{"@type":"WebSite","@id":"https:\/\/semead.com.br\/27\/#website","url":"https:\/\/semead.com.br\/27\/","name":"XXVII SemeAd","description":"Semin\u00e1rios em Administra\u00e7\u00e3o","potentialAction":[{"@type":"SearchAction","target":{"@type":"EntryPoint","urlTemplate":"https:\/\/semead.com.br\/27\/?s={search_term_string}"},"query-input":{"@type":"PropertyValueSpecification","valueRequired":true,"valueName":"search_term_string"}}],"inLanguage":"en-US"}]}},"_links":{"self":[{"href":"https:\/\/semead.com.br\/27\/en\/wp-json\/wp\/v2\/pages\/19651","targetHints":{"allow":["GET"]}}],"collection":[{"href":"https:\/\/semead.com.br\/27\/en\/wp-json\/wp\/v2\/pages"}],"about":[{"href":"https:\/\/semead.com.br\/27\/en\/wp-json\/wp\/v2\/types\/page"}],"author":[{"embeddable":true,"href":"https:\/\/semead.com.br\/27\/en\/wp-json\/wp\/v2\/users\/4"}],"replies":[{"embeddable":true,"href":"https:\/\/semead.com.br\/27\/en\/wp-json\/wp\/v2\/comments?post=19651"}],"version-history":[{"count":0,"href":"https:\/\/semead.com.br\/27\/en\/wp-json\/wp\/v2\/pages\/19651\/revisions"}],"up":[{"embeddable":true,"href":"https:\/\/semead.com.br\/27\/en\/wp-json\/wp\/v2\/pages\/31514"}],"wp:attachment":[{"href":"https:\/\/semead.com.br\/27\/en\/wp-json\/wp\/v2\/media?parent=19651"}],"curies":[{"name":"wp","href":"https:\/\/api.w.org\/{rel}","templated":true}]}}