{"id":19661,"date":"2021-06-14T13:52:46","date_gmt":"2021-06-14T16:52:46","guid":{"rendered":"https:\/\/semead.com.br\/27\/?page_id=19661"},"modified":"2024-08-05T13:33:50","modified_gmt":"2024-08-05T16:33:50","slug":"financas","status":"publish","type":"page","link":"https:\/\/semead.com.br\/27\/en\/tracks\/scientific-areas\/financas\/","title":{"rendered":"Finance"},"content":{"rendered":"","protected":false},"excerpt":{"rendered":"","protected":false},"author":4,"featured_media":0,"parent":31514,"menu_order":4,"comment_status":"closed","ping_status":"closed","template":"temas.php","meta":{"_acf_changed":false,"_monsterinsights_skip_tracking":false,"_monsterinsights_sitenote_active":false,"_monsterinsights_sitenote_note":"","_monsterinsights_sitenote_category":0,"footnotes":""},"class_list":["post-19661","page","type-page","status-publish","hentry"],"acf":[],"yoast_head":"<!-- This site is optimized with the Yoast SEO plugin v27.1.1 - https:\/\/yoast.com\/product\/yoast-seo-wordpress\/ -->\n<title>Finance - XXVII SemeAd<\/title>\n<meta name=\"robots\" content=\"index, follow, max-snippet:-1, max-image-preview:large, max-video-preview:-1\" \/>\n<link rel=\"canonical\" href=\"https:\/\/semead.com.br\/27\/en\/tracks\/scientific-areas\/financas\/\" \/>\n<meta property=\"og:locale\" content=\"en_US\" \/>\n<meta property=\"og:type\" content=\"article\" \/>\n<meta property=\"og:title\" content=\"Finance - XXVII SemeAd\" \/>\n<meta property=\"og:url\" content=\"https:\/\/semead.com.br\/27\/en\/tracks\/scientific-areas\/financas\/\" \/>\n<meta property=\"og:site_name\" content=\"XXVII SemeAd\" \/>\n<meta property=\"article:modified_time\" content=\"2024-08-05T16:33:50+00:00\" \/>\n<meta name=\"twitter:card\" content=\"summary_large_image\" \/>\n<script type=\"application\/ld+json\" class=\"yoast-schema-graph\">{\"@context\":\"https:\/\/schema.org\",\"@graph\":[{\"@type\":\"WebPage\",\"@id\":\"https:\/\/semead.com.br\/27\/en\/tracks\/scientific-areas\/financas\/\",\"url\":\"https:\/\/semead.com.br\/27\/en\/tracks\/scientific-areas\/financas\/\",\"name\":\"Finance - XXVII SemeAd\",\"isPartOf\":{\"@id\":\"https:\/\/semead.com.br\/27\/#website\"},\"datePublished\":\"2021-06-14T16:52:46+00:00\",\"dateModified\":\"2024-08-05T16:33:50+00:00\",\"breadcrumb\":{\"@id\":\"https:\/\/semead.com.br\/27\/en\/tracks\/scientific-areas\/financas\/#breadcrumb\"},\"inLanguage\":\"en-US\",\"potentialAction\":[{\"@type\":\"ReadAction\",\"target\":[\"https:\/\/semead.com.br\/27\/en\/tracks\/scientific-areas\/financas\/\"]}]},{\"@type\":\"BreadcrumbList\",\"@id\":\"https:\/\/semead.com.br\/27\/en\/tracks\/scientific-areas\/financas\/#breadcrumb\",\"itemListElement\":[{\"@type\":\"ListItem\",\"position\":1,\"name\":\"In\u00edcio\",\"item\":\"https:\/\/semead.com.br\/27\/en\/\"},{\"@type\":\"ListItem\",\"position\":2,\"name\":\"Tracks\",\"item\":\"https:\/\/semead.com.br\/27\/en\/tracks\/?lang=en\"},{\"@type\":\"ListItem\",\"position\":3,\"name\":\"Scientific Areas\",\"item\":\"https:\/\/semead.com.br\/27\/en\/tracks\/scientific-areas\/\"},{\"@type\":\"ListItem\",\"position\":4,\"name\":\"Finance\"}]},{\"@type\":\"WebSite\",\"@id\":\"https:\/\/semead.com.br\/27\/#website\",\"url\":\"https:\/\/semead.com.br\/27\/\",\"name\":\"XXVII SemeAd\",\"description\":\"Semin\u00e1rios em Administra\u00e7\u00e3o\",\"potentialAction\":[{\"@type\":\"SearchAction\",\"target\":{\"@type\":\"EntryPoint\",\"urlTemplate\":\"https:\/\/semead.com.br\/27\/?s={search_term_string}\"},\"query-input\":{\"@type\":\"PropertyValueSpecification\",\"valueRequired\":true,\"valueName\":\"search_term_string\"}}],\"inLanguage\":\"en-US\"}]}<\/script>\n<!-- \/ Yoast SEO plugin. -->","yoast_head_json":{"title":"Finance - XXVII SemeAd","robots":{"index":"index","follow":"follow","max-snippet":"max-snippet:-1","max-image-preview":"max-image-preview:large","max-video-preview":"max-video-preview:-1"},"canonical":"https:\/\/semead.com.br\/27\/en\/tracks\/scientific-areas\/financas\/","og_locale":"en_US","og_type":"article","og_title":"Finance - XXVII SemeAd","og_url":"https:\/\/semead.com.br\/27\/en\/tracks\/scientific-areas\/financas\/","og_site_name":"XXVII SemeAd","article_modified_time":"2024-08-05T16:33:50+00:00","twitter_card":"summary_large_image","schema":{"@context":"https:\/\/schema.org","@graph":[{"@type":"WebPage","@id":"https:\/\/semead.com.br\/27\/en\/tracks\/scientific-areas\/financas\/","url":"https:\/\/semead.com.br\/27\/en\/tracks\/scientific-areas\/financas\/","name":"Finance - XXVII SemeAd","isPartOf":{"@id":"https:\/\/semead.com.br\/27\/#website"},"datePublished":"2021-06-14T16:52:46+00:00","dateModified":"2024-08-05T16:33:50+00:00","breadcrumb":{"@id":"https:\/\/semead.com.br\/27\/en\/tracks\/scientific-areas\/financas\/#breadcrumb"},"inLanguage":"en-US","potentialAction":[{"@type":"ReadAction","target":["https:\/\/semead.com.br\/27\/en\/tracks\/scientific-areas\/financas\/"]}]},{"@type":"BreadcrumbList","@id":"https:\/\/semead.com.br\/27\/en\/tracks\/scientific-areas\/financas\/#breadcrumb","itemListElement":[{"@type":"ListItem","position":1,"name":"In\u00edcio","item":"https:\/\/semead.com.br\/27\/en\/"},{"@type":"ListItem","position":2,"name":"Tracks","item":"https:\/\/semead.com.br\/27\/en\/tracks\/?lang=en"},{"@type":"ListItem","position":3,"name":"Scientific Areas","item":"https:\/\/semead.com.br\/27\/en\/tracks\/scientific-areas\/"},{"@type":"ListItem","position":4,"name":"Finance"}]},{"@type":"WebSite","@id":"https:\/\/semead.com.br\/27\/#website","url":"https:\/\/semead.com.br\/27\/","name":"XXVII SemeAd","description":"Semin\u00e1rios em Administra\u00e7\u00e3o","potentialAction":[{"@type":"SearchAction","target":{"@type":"EntryPoint","urlTemplate":"https:\/\/semead.com.br\/27\/?s={search_term_string}"},"query-input":{"@type":"PropertyValueSpecification","valueRequired":true,"valueName":"search_term_string"}}],"inLanguage":"en-US"}]}},"_links":{"self":[{"href":"https:\/\/semead.com.br\/27\/en\/wp-json\/wp\/v2\/pages\/19661","targetHints":{"allow":["GET"]}}],"collection":[{"href":"https:\/\/semead.com.br\/27\/en\/wp-json\/wp\/v2\/pages"}],"about":[{"href":"https:\/\/semead.com.br\/27\/en\/wp-json\/wp\/v2\/types\/page"}],"author":[{"embeddable":true,"href":"https:\/\/semead.com.br\/27\/en\/wp-json\/wp\/v2\/users\/4"}],"replies":[{"embeddable":true,"href":"https:\/\/semead.com.br\/27\/en\/wp-json\/wp\/v2\/comments?post=19661"}],"version-history":[{"count":2,"href":"https:\/\/semead.com.br\/27\/en\/wp-json\/wp\/v2\/pages\/19661\/revisions"}],"predecessor-version":[{"id":31694,"href":"https:\/\/semead.com.br\/27\/en\/wp-json\/wp\/v2\/pages\/19661\/revisions\/31694"}],"up":[{"embeddable":true,"href":"https:\/\/semead.com.br\/27\/en\/wp-json\/wp\/v2\/pages\/31514"}],"wp:attachment":[{"href":"https:\/\/semead.com.br\/27\/en\/wp-json\/wp\/v2\/media?parent=19661"}],"curies":[{"name":"wp","href":"https:\/\/api.w.org\/{rel}","templated":true}]}}