{"id":19791,"date":"2021-06-15T15:34:09","date_gmt":"2021-06-15T18:34:09","guid":{"rendered":"https:\/\/semead.com.br\/27\/?page_id=19791"},"modified":"2024-08-30T18:40:44","modified_gmt":"2024-08-30T21:40:44","slug":"important-dates","status":"publish","type":"page","link":"https:\/\/semead.com.br\/27\/en\/important-dates\/","title":{"rendered":"Important Dates"},"content":{"rendered":"\t\t<div data-elementor-type=\"wp-page\" data-elementor-id=\"19791\" class=\"elementor elementor-19791\">\n\t\t\t\t\t\t<section class=\"elementor-section elementor-top-section elementor-element elementor-element-5c8a4d2b elementor-section-boxed elementor-section-height-default elementor-section-height-default\" data-id=\"5c8a4d2b\" data-element_type=\"section\" data-e-type=\"section\">\n\t\t\t\t\t\t<div class=\"elementor-container elementor-column-gap-default\">\n\t\t\t\t\t<div class=\"elementor-column elementor-col-100 elementor-top-column elementor-element elementor-element-4982716b\" data-id=\"4982716b\" data-element_type=\"column\" data-e-type=\"column\">\n\t\t\t<div class=\"elementor-widget-wrap elementor-element-populated\">\n\t\t\t\t\t\t<div class=\"elementor-element elementor-element-3f058336 elementor-widget elementor-widget-text-editor\" data-id=\"3f058336\" data-element_type=\"widget\" data-e-type=\"widget\" data-widget_type=\"text-editor.default\">\n\t\t\t\t<div class=\"elementor-widget-container\">\n\t\t\t\t\t\t\t\t\t<ul><li>05\/15\/2024 \u2013 Submission opening<\/li><li>07\/15\/2024 \u2013 Submission deadline for papers and projects<\/li><li>09\/13\/2024 \u2013 Announcement of submission results<\/li><li>09\/13 to 09\/30\/2024 \u2013 Registration period for approved papers<\/li><li>09\/13 to 09\/30\/2024 \u2013 Registration period for volunteer collaborators at the XXVII SemeAd<\/li><li>09\/13 to 10\/31\/2024 \u2013 Registration period for the XXVII SemeAd<\/li><li>10\/21\/2024 \u2013 Announcement of the general program of the XXVII SemeAd<\/li><li>11\/05\/2024 \u2013 Technical visits (in-person)<\/li><li>11\/05\/2024 \u2013 Activities of the Pre-doctoral (online) and Doctoral (in-person) Consortium<\/li><li>11\/06\/2024 \u2013 Start of the XXVII SemeAd \u2013 Presentation sessions (in-person and virtual)<\/li><li>11\/06\/2024 \u2013 Opening Session of the XXVII SemeAd<\/li><li>11\/07\/2024 \u2013 Award Ceremony of the XXVII SemeAd<\/li><li>11\/08\/2024 \u2013 Presentation sessions (in-person and virtual)<\/li><\/ul>\t\t\t\t\t\t\t\t<\/div>\n\t\t\t\t<\/div>\n\t\t\t\t\t<\/div>\n\t\t<\/div>\n\t\t\t\t\t<\/div>\n\t\t<\/section>\n\t\t\t\t<\/div>\n\t\t","protected":false},"excerpt":{"rendered":"<p>05\/15\/2024 \u2013 Submission opening 07\/15\/2024 \u2013 Submission deadline for papers and projects 09\/13\/2024 \u2013 Announcement of submission results 09\/13 to 09\/30\/2024 \u2013 Registration period for approved papers 09\/13 to 09\/30\/2024 \u2013 Registration period for volunteer collaborators at the XXVII SemeAd 09\/13 to 10\/31\/2024 \u2013 Registration period for the XXVII SemeAd 10\/21\/2024 \u2013 Announcement of the&#8230;<\/p>\n","protected":false},"author":8,"featured_media":0,"parent":0,"menu_order":0,"comment_status":"closed","ping_status":"open","template":"temas.php","meta":{"_acf_changed":false,"_monsterinsights_skip_tracking":false,"_monsterinsights_sitenote_active":false,"_monsterinsights_sitenote_note":"","_monsterinsights_sitenote_category":0,"footnotes":""},"class_list":["post-19791","page","type-page","status-publish","hentry"],"acf":[],"yoast_head":"<!-- This site is optimized with the Yoast SEO plugin v27.1.1 - https:\/\/yoast.com\/product\/yoast-seo-wordpress\/ -->\n<title>Important Dates - XXVII SemeAd<\/title>\n<meta name=\"robots\" content=\"index, follow, max-snippet:-1, max-image-preview:large, max-video-preview:-1\" \/>\n<link rel=\"canonical\" href=\"https:\/\/semead.com.br\/27\/en\/important-dates\/\" \/>\n<meta property=\"og:locale\" content=\"en_US\" \/>\n<meta property=\"og:type\" content=\"article\" \/>\n<meta property=\"og:title\" content=\"Important Dates - XXVII SemeAd\" \/>\n<meta property=\"og:description\" content=\"05\/15\/2024 \u2013 Submission opening 07\/15\/2024 \u2013 Submission deadline for papers and projects 09\/13\/2024 \u2013 Announcement of submission results 09\/13 to 09\/30\/2024 \u2013 Registration period for approved papers 09\/13 to 09\/30\/2024 \u2013 Registration period for volunteer collaborators at the XXVII SemeAd 09\/13 to 10\/31\/2024 \u2013 Registration period for the XXVII SemeAd 10\/21\/2024 \u2013 Announcement of the...\" \/>\n<meta property=\"og:url\" content=\"https:\/\/semead.com.br\/27\/en\/important-dates\/\" \/>\n<meta property=\"og:site_name\" content=\"XXVII SemeAd\" \/>\n<meta property=\"article:modified_time\" content=\"2024-08-30T21:40:44+00:00\" \/>\n<meta name=\"twitter:card\" content=\"summary_large_image\" \/>\n<meta name=\"twitter:label1\" content=\"Est. reading time\" \/>\n\t<meta name=\"twitter:data1\" content=\"1 minute\" \/>\n<script type=\"application\/ld+json\" class=\"yoast-schema-graph\">{\"@context\":\"https:\/\/schema.org\",\"@graph\":[{\"@type\":\"WebPage\",\"@id\":\"https:\/\/semead.com.br\/27\/en\/important-dates\/\",\"url\":\"https:\/\/semead.com.br\/27\/en\/important-dates\/\",\"name\":\"Important Dates - XXVII SemeAd\",\"isPartOf\":{\"@id\":\"https:\/\/semead.com.br\/27\/#website\"},\"datePublished\":\"2021-06-15T18:34:09+00:00\",\"dateModified\":\"2024-08-30T21:40:44+00:00\",\"breadcrumb\":{\"@id\":\"https:\/\/semead.com.br\/27\/en\/important-dates\/#breadcrumb\"},\"inLanguage\":\"en-US\",\"potentialAction\":[{\"@type\":\"ReadAction\",\"target\":[\"https:\/\/semead.com.br\/27\/en\/important-dates\/\"]}]},{\"@type\":\"BreadcrumbList\",\"@id\":\"https:\/\/semead.com.br\/27\/en\/important-dates\/#breadcrumb\",\"itemListElement\":[{\"@type\":\"ListItem\",\"position\":1,\"name\":\"In\u00edcio\",\"item\":\"https:\/\/semead.com.br\/27\/en\/\"},{\"@type\":\"ListItem\",\"position\":2,\"name\":\"Important Dates\"}]},{\"@type\":\"WebSite\",\"@id\":\"https:\/\/semead.com.br\/27\/#website\",\"url\":\"https:\/\/semead.com.br\/27\/\",\"name\":\"XXVII SemeAd\",\"description\":\"Semin\u00e1rios em Administra\u00e7\u00e3o\",\"potentialAction\":[{\"@type\":\"SearchAction\",\"target\":{\"@type\":\"EntryPoint\",\"urlTemplate\":\"https:\/\/semead.com.br\/27\/?s={search_term_string}\"},\"query-input\":{\"@type\":\"PropertyValueSpecification\",\"valueRequired\":true,\"valueName\":\"search_term_string\"}}],\"inLanguage\":\"en-US\"}]}<\/script>\n<!-- \/ Yoast SEO plugin. -->","yoast_head_json":{"title":"Important Dates - XXVII SemeAd","robots":{"index":"index","follow":"follow","max-snippet":"max-snippet:-1","max-image-preview":"max-image-preview:large","max-video-preview":"max-video-preview:-1"},"canonical":"https:\/\/semead.com.br\/27\/en\/important-dates\/","og_locale":"en_US","og_type":"article","og_title":"Important Dates - XXVII SemeAd","og_description":"05\/15\/2024 \u2013 Submission opening 07\/15\/2024 \u2013 Submission deadline for papers and projects 09\/13\/2024 \u2013 Announcement of submission results 09\/13 to 09\/30\/2024 \u2013 Registration period for approved papers 09\/13 to 09\/30\/2024 \u2013 Registration period for volunteer collaborators at the XXVII SemeAd 09\/13 to 10\/31\/2024 \u2013 Registration period for the XXVII SemeAd 10\/21\/2024 \u2013 Announcement of the...","og_url":"https:\/\/semead.com.br\/27\/en\/important-dates\/","og_site_name":"XXVII SemeAd","article_modified_time":"2024-08-30T21:40:44+00:00","twitter_card":"summary_large_image","twitter_misc":{"Est. reading time":"1 minute"},"schema":{"@context":"https:\/\/schema.org","@graph":[{"@type":"WebPage","@id":"https:\/\/semead.com.br\/27\/en\/important-dates\/","url":"https:\/\/semead.com.br\/27\/en\/important-dates\/","name":"Important Dates - XXVII SemeAd","isPartOf":{"@id":"https:\/\/semead.com.br\/27\/#website"},"datePublished":"2021-06-15T18:34:09+00:00","dateModified":"2024-08-30T21:40:44+00:00","breadcrumb":{"@id":"https:\/\/semead.com.br\/27\/en\/important-dates\/#breadcrumb"},"inLanguage":"en-US","potentialAction":[{"@type":"ReadAction","target":["https:\/\/semead.com.br\/27\/en\/important-dates\/"]}]},{"@type":"BreadcrumbList","@id":"https:\/\/semead.com.br\/27\/en\/important-dates\/#breadcrumb","itemListElement":[{"@type":"ListItem","position":1,"name":"In\u00edcio","item":"https:\/\/semead.com.br\/27\/en\/"},{"@type":"ListItem","position":2,"name":"Important Dates"}]},{"@type":"WebSite","@id":"https:\/\/semead.com.br\/27\/#website","url":"https:\/\/semead.com.br\/27\/","name":"XXVII SemeAd","description":"Semin\u00e1rios em Administra\u00e7\u00e3o","potentialAction":[{"@type":"SearchAction","target":{"@type":"EntryPoint","urlTemplate":"https:\/\/semead.com.br\/27\/?s={search_term_string}"},"query-input":{"@type":"PropertyValueSpecification","valueRequired":true,"valueName":"search_term_string"}}],"inLanguage":"en-US"}]}},"_links":{"self":[{"href":"https:\/\/semead.com.br\/27\/en\/wp-json\/wp\/v2\/pages\/19791","targetHints":{"allow":["GET"]}}],"collection":[{"href":"https:\/\/semead.com.br\/27\/en\/wp-json\/wp\/v2\/pages"}],"about":[{"href":"https:\/\/semead.com.br\/27\/en\/wp-json\/wp\/v2\/types\/page"}],"author":[{"embeddable":true,"href":"https:\/\/semead.com.br\/27\/en\/wp-json\/wp\/v2\/users\/8"}],"replies":[{"embeddable":true,"href":"https:\/\/semead.com.br\/27\/en\/wp-json\/wp\/v2\/comments?post=19791"}],"version-history":[{"count":3,"href":"https:\/\/semead.com.br\/27\/en\/wp-json\/wp\/v2\/pages\/19791\/revisions"}],"predecessor-version":[{"id":31715,"href":"https:\/\/semead.com.br\/27\/en\/wp-json\/wp\/v2\/pages\/19791\/revisions\/31715"}],"wp:attachment":[{"href":"https:\/\/semead.com.br\/27\/en\/wp-json\/wp\/v2\/media?parent=19791"}],"curies":[{"name":"wp","href":"https:\/\/api.w.org\/{rel}","templated":true}]}}