{"id":19860,"date":"2021-06-16T21:17:39","date_gmt":"2021-06-17T00:17:39","guid":{"rendered":"https:\/\/semead.com.br\/27\/?page_id=19860"},"modified":"2024-07-10T11:39:46","modified_gmt":"2024-07-10T14:39:46","slug":"organizers","status":"publish","type":"page","link":"https:\/\/semead.com.br\/27\/en\/organizers\/","title":{"rendered":"Organizers"},"content":{"rendered":"\t\t<div data-elementor-type=\"wp-page\" data-elementor-id=\"19860\" class=\"elementor elementor-19860\">\n\t\t\t\t\t\t<section class=\"elementor-section elementor-top-section elementor-element elementor-element-203c943 elementor-section-boxed elementor-section-height-default elementor-section-height-default\" data-id=\"203c943\" data-element_type=\"section\" data-e-type=\"section\">\n\t\t\t\t\t\t<div class=\"elementor-container elementor-column-gap-default\">\n\t\t\t\t\t<div class=\"elementor-column elementor-col-100 elementor-top-column elementor-element elementor-element-9d486e3\" data-id=\"9d486e3\" data-element_type=\"column\" data-e-type=\"column\">\n\t\t\t<div class=\"elementor-widget-wrap elementor-element-populated\">\n\t\t\t\t\t\t<div class=\"elementor-element elementor-element-66fa9fb elementor-widget elementor-widget-text-editor\" data-id=\"66fa9fb\" data-element_type=\"widget\" data-e-type=\"widget\" data-widget_type=\"text-editor.default\">\n\t\t\t\t<div class=\"elementor-widget-container\">\n\t\t\t\t\t\t\t\t\t<h2><strong><span style=\"mso-fareast-font-family: 'Times New Roman'; mso-fareast-theme-font: major-fareast;\">SemeAd Team<\/span><\/strong><\/h2>\n<h3><strong><span style=\"mso-fareast-font-family: 'Times New Roman'; mso-fareast-theme-font: major-fareast;\">General Coordinators<\/span><\/strong><\/h3>\n<p>Prof. Dr. Jo\u00e3o Maur\u00edcio Gama Boaventura<br>\nProf. Dr. Andres Rodriguez Veloso<\/p>\n<h3><strong><span style=\"mso-fareast-font-family: 'Times New Roman'; mso-fareast-theme-font: major-fareast;\">Organizing Team<\/span><\/strong><\/h3>\n<h4><strong><span style=\"mso-fareast-font-family: 'Times New Roman'; mso-fareast-theme-font: major-fareast;\">Technical Assistants<\/span><\/strong><\/h4>\n<p>Marina Santos de Carvalho<br>\nCarlos Assun\u00e7\u00e3o<\/p>\n<h4><strong><span style=\"mso-fareast-font-family: 'Times New Roman'; mso-fareast-theme-font: major-fareast;\">Monitors<\/span><\/strong><\/h4>\n<h5><strong><span style=\"mso-fareast-font-family: 'Times New Roman'; mso-fareast-theme-font: major-fareast;\">Academic Coordinator<\/span><\/strong><\/h5>\n<p>Me. Amanda de Paula Aguiar Barbosa<\/p>\n<h5><strong><span style=\"mso-fareast-font-family: 'Times New Roman'; mso-fareast-theme-font: major-fareast;\">Faculty Assistance<\/span><\/strong><\/h5>\n<p>Me. Andr\u00e9 Luis Rossoni<\/p>\n<h5><strong><span style=\"mso-fareast-font-family: 'Times New Roman'; mso-fareast-theme-font: major-fareast;\">Attendee Support and Financial Affairs Monitor<\/span><\/strong><\/h5>\n<p>Augusto C\u00e9sar de Paula Corn\u00e9lio<br>\n<i>SemeAd Monitor<\/i><\/p>\n<h5><strong><span style=\"mso-fareast-font-family: 'Times New Roman'; mso-fareast-theme-font: major-fareast;\">Volunteer Coordination<\/span><\/strong><\/h5>\n<p>Felipe Votava Louren\u00e7o<\/p>\n<h5><strong><span style=\"mso-fareast-font-family: 'Times New Roman'; mso-fareast-theme-font: major-fareast;\">Workshops and Panels Coordination<\/span><\/strong><\/h5>\n<p>Helna G\u00f3es Ara\u00fajo<\/p>\n<h5><strong><span style=\"mso-fareast-font-family: 'Times New Roman'; mso-fareast-theme-font: major-fareast;\">Internationalization and Fast-Track<\/span><\/strong> <strong><span style=\"mso-fareast-font-family: 'Times New Roman'; mso-fareast-theme-font: major-fareast;\"><br>\n<\/span><\/strong><\/h5>\n<h5><strong><span style=\"mso-fareast-font-family: 'Times New Roman'; mso-fareast-theme-font: major-fareast;\">Technical Visits<\/span><\/strong><\/h5>\n<p>Felipe Cabral de Ara\u00fajo Fagundes<\/p>\n<h5><strong><span style=\"mso-fareast-font-family: 'Times New Roman'; mso-fareast-theme-font: major-fareast;\">Marketing and Communication<\/span><\/strong><\/h5>\n<p>Vitor de Andrade Franco<br>\nAugusto C\u00e9sar de Paula Corn\u00e9lio<br>\nMarcelo Praxedes da Silva<\/p>\n<h5><strong><span style=\"mso-fareast-font-family: 'Times New Roman'; mso-fareast-theme-font: major-fareast;\">Technical Supervisor<\/span><\/strong><\/h5>\n<p>Fernando Diogo Yada<\/p>\n<h3><strong><span style=\"mso-fareast-font-family: 'Times New Roman'; mso-fareast-theme-font: major-fareast;\">Academic Committee<\/span><\/strong><\/h3>\n<h5>(<i>professors responsible for coordinating thematic areas, internationalization process, and academic<br>\nactivities)<\/i><\/h5>\n<h4><strong><span style=\"mso-fareast-font-family: 'Times New Roman'; mso-fareast-theme-font: major-fareast;\">SemeAd Activities<\/span><\/strong><\/h4>\n<h5><strong><span style=\"mso-fareast-font-family: 'Times New Roman'; mso-fareast-theme-font: major-fareast;\">Pre-Doctoral Consortium (Doctoral Preparation Seminars)<\/span><\/strong><\/h5>\n<p>Prof. Dr. Celso Machado J\u00fanior<br>\nProfa. Dra. Daielly Mantovani<\/p>\n<h5><strong><span style=\"mso-fareast-font-family: 'Times New Roman'; mso-fareast-theme-font: major-fareast;\">Doctoral Consortium<\/span><\/strong><\/h5>\n<p>Prof. Dr. Rafael Morais Pereira<\/p>\n<h5><strong><span style=\"mso-fareast-font-family: 'Times New Roman'; mso-fareast-theme-font: major-fareast;\">Connecta<\/span><\/strong><\/h5>\n<p>Profa. Dra. Adriana Backx<\/p>\n<h5><strong><span style=\"mso-fareast-font-family: 'Times New Roman'; mso-fareast-theme-font: major-fareast;\">Fast-Track<\/span><\/strong><\/h5>\n<p>Prof. Dr. Leandro dos Santos Maciel<\/p>\n<h5><strong><span style=\"mso-fareast-font-family: 'Times New Roman'; mso-fareast-theme-font: major-fareast;\">SemeAd Internationalization<\/span><\/strong><\/h5>\n<p>Profa. Dra. Rafaela de Almeida Cordeiro<\/p>\n<h5><strong><span style=\"mso-fareast-font-family: 'Times New Roman'; mso-fareast-theme-font: major-fareast;\">Workshops and Short Courses<\/span><\/strong><\/h5>\n<p>Prof. Dr. Vitor Koki da Costa Nogami<\/p>\n<h4><strong><span style=\"mso-fareast-font-family: 'Times New Roman'; mso-fareast-theme-font: major-fareast;\">Thematic Areas<\/span><\/strong><\/h4>\n<h5><strong><span style=\"mso-fareast-font-family: 'Times New Roman'; mso-fareast-theme-font: major-fareast;\">Public Administration<\/span><\/strong><\/h5>\n<p>Prof. Dr. Jos\u00e9 Carlos Vaz<br>\nProf. Dr. Alessandro Soares da Silva<\/p>\n<h5><strong><span style=\"mso-fareast-font-family: 'Times New Roman'; mso-fareast-theme-font: major-fareast;\">Agribusiness<\/span><\/strong><\/h5>\n<p>Profa. Dra. Paula Sarita Bigio Schnaider<br>\nProfa. Dra. Marcela de Mello Brand\u00e3o Vinholis<\/p>\n<h5><strong><span style=\"mso-fareast-font-family: 'Times New Roman'; mso-fareast-theme-font: major-fareast;\">Entrepreneurship<\/span><\/strong><\/h5>\n<p>Profa. Dra. V\u00e2nia Maria Jorge Nassif<br>\nProf. Dr. Eduardo Pinto Vilas Boas<\/p>\n<h5><strong><span style=\"mso-fareast-font-family: 'Times New Roman'; mso-fareast-theme-font: major-fareast;\">Teaching and Research<\/span><\/strong><\/h5>\n<p>Profa. Dra. Manolita Correia Lima<br>\nProfa. Dra. Alessandra de S\u00e1 Mello Costa<\/p>\n<h5><strong><span style=\"mso-fareast-font-family: 'Times New Roman'; mso-fareast-theme-font: major-fareast;\">Strategy in Organizations<\/span><\/strong><\/h5>\n<p>Prof. Dr. Benny Kramer Costa<br>\nProfa. Dra. Simone Ruchdi Barakat<\/p>\n<h5><strong><span style=\"mso-fareast-font-family: 'Times New Roman'; mso-fareast-theme-font: major-fareast;\">Organizational Studies<\/span><\/strong><\/h5>\n<p>Prof. Dr. Eduardo Ayrosa<br>\nProf. Dr. Charles Kirschbaum<\/p>\n<h5><strong><span style=\"mso-fareast-font-family: 'Times New Roman'; mso-fareast-theme-font: major-fareast;\">Finance<\/span><\/strong><\/h5>\n<p>Prof. Dr. Wilson Toshiro Nakamura<\/p>\n<h5><strong><span style=\"mso-fareast-font-family: 'Times New Roman'; mso-fareast-theme-font: major-fareast;\">Innovation Management<\/span><\/strong><\/h5>\n<p>Prof. Dr. Felipe Mendes Borini<br>\nProf. Dr. Guilherme Ary Plonski<br>\nProf. Dr. Carlos Augusto Fran\u00e7a Vargas<\/p>\n<h5><strong><span style=\"mso-fareast-font-family: 'Times New Roman'; mso-fareast-theme-font: major-fareast;\">Human Resource Management<\/span><\/strong><\/h5>\n<p>Profa. Dra. Heliani Berlato dos Santos<br>\nProf. Dr. Helio Arthur Reis Irigaray<\/p>\n<h5><strong><span style=\"mso-fareast-font-family: 'Times New Roman'; mso-fareast-theme-font: major-fareast;\">Social and Environmental Management<\/span><\/strong><\/h5>\n<p>Prof. Dr. Flavio Hourneaux J\u00fanior<br>\nProfa. Dra. Clandia Maffini Gomes<\/p>\n<h5><strong><span style=\"mso-fareast-font-family: 'Times New Roman'; mso-fareast-theme-font: major-fareast;\">Marketing<\/span><\/strong><\/h5>\n<p>Prof. Dr. Guilherme de Farias Shiraishi<br>\nProfa. Dra. Suzane Strehlau<\/p>\n<h5><strong><span style=\"mso-fareast-font-family: 'Times New Roman'; mso-fareast-theme-font: major-fareast;\">Operations<\/span><\/strong><\/h5>\n<p>Prof. Dr. Alvair Silveira Torres Junior<\/p>\n<h5><strong><span style=\"mso-fareast-font-family: 'Times New Roman'; mso-fareast-theme-font: major-fareast;\">Information Technology<\/span><\/strong><\/h5>\n<p>Prof. Dr. Gilberto Perez<br>\nProf. Dr. Luis Hernan Contreras Pinochet<\/p>\n<h5><strong><span style=\"mso-fareast-font-family: 'Times New Roman'; mso-fareast-theme-font: major-fareast;\">Tourism and Hospitality<\/span><\/strong><\/h5>\n<p>Profa. Dra. Elizabeth Kyoko Wada<\/p>\n<h5><strong><span style=\"mso-fareast-font-family: 'Times New Roman'; mso-fareast-theme-font: major-fareast;\">Applied Articles<\/span><\/strong><\/h5>\n<p>Prof. Dr. Adilson Caldeira<\/p>\n<h2><strong><span style=\"mso-fareast-font-family: 'Times New Roman'; mso-fareast-theme-font: major-fareast;\">University of S\u00e3o Paulo \u2013 USP<\/span><\/strong><\/h2>\n<p>Prof. Dr. Carlos Gilberto Carlotti Junior<br>\n<i>Rector of the University of S\u00e3o Paulo<\/i><\/p>\n<h2><strong><span style=\"mso-fareast-font-family: 'Times New Roman'; mso-fareast-theme-font: major-fareast;\">School of Economics, Business and Accounting \u2013 FEA USP<\/span><\/strong><\/h2>\n<p>Prof. Dra. Maria Dolores Montoya Diaz<br>\n<i>Director of the School of Economics, Business and Accounting<\/i><\/p>\n<p>Prof. Dr. Jo\u00e3o Maur\u00edcio Gama Boaventura<br>\n<i>Director of the School of Economics, Administration<\/i><\/p>\n<p>Prof. Dr. Felipe Mendes Borini<br>\n<i>Coordinator of the Graduate Program in Business Administration<\/i><\/p>\t\t\t\t\t\t\t\t<\/div>\n\t\t\t\t<\/div>\n\t\t\t\t\t<\/div>\n\t\t<\/div>\n\t\t\t\t\t<\/div>\n\t\t<\/section>\n\t\t\t\t<\/div>\n\t\t","protected":false},"excerpt":{"rendered":"<p>SemeAd Team General Coordinators Prof. Dr. Jo\u00e3o Maur\u00edcio Gama Boaventura Prof. Dr. Andres Rodriguez Veloso Organizing Team Technical Assistants Marina Santos de Carvalho Carlos Assun\u00e7\u00e3o Monitors Academic Coordinator Me. Amanda de Paula Aguiar Barbosa Faculty Assistance Me. Andr\u00e9 Luis Rossoni Attendee Support and Financial Affairs Monitor Augusto C\u00e9sar de Paula Corn\u00e9lio SemeAd Monitor Volunteer Coordination&#8230;<\/p>\n","protected":false},"author":10,"featured_media":0,"parent":0,"menu_order":0,"comment_status":"closed","ping_status":"open","template":"temas.php","meta":{"_acf_changed":false,"_monsterinsights_skip_tracking":false,"_monsterinsights_sitenote_active":false,"_monsterinsights_sitenote_note":"","_monsterinsights_sitenote_category":0,"footnotes":""},"class_list":["post-19860","page","type-page","status-publish","hentry"],"acf":[],"yoast_head":"<!-- This site is optimized with the Yoast SEO plugin v27.1.1 - https:\/\/yoast.com\/product\/yoast-seo-wordpress\/ -->\n<title>Organizers - XXVII SemeAd<\/title>\n<meta name=\"robots\" content=\"index, follow, max-snippet:-1, max-image-preview:large, max-video-preview:-1\" \/>\n<link rel=\"canonical\" href=\"https:\/\/semead.com.br\/27\/en\/organizers\/\" \/>\n<meta property=\"og:locale\" content=\"en_US\" \/>\n<meta property=\"og:type\" content=\"article\" \/>\n<meta property=\"og:title\" content=\"Organizers - XXVII SemeAd\" \/>\n<meta property=\"og:description\" content=\"SemeAd Team General Coordinators Prof. Dr. Jo\u00e3o Maur\u00edcio Gama Boaventura Prof. Dr. Andres Rodriguez Veloso Organizing Team Technical Assistants Marina Santos de Carvalho Carlos Assun\u00e7\u00e3o Monitors Academic Coordinator Me. Amanda de Paula Aguiar Barbosa Faculty Assistance Me. Andr\u00e9 Luis Rossoni Attendee Support and Financial Affairs Monitor Augusto C\u00e9sar de Paula Corn\u00e9lio SemeAd Monitor Volunteer Coordination...\" \/>\n<meta property=\"og:url\" content=\"https:\/\/semead.com.br\/27\/en\/organizers\/\" \/>\n<meta property=\"og:site_name\" content=\"XXVII SemeAd\" \/>\n<meta property=\"article:modified_time\" content=\"2024-07-10T14:39:46+00:00\" \/>\n<meta name=\"twitter:card\" content=\"summary_large_image\" \/>\n<meta name=\"twitter:label1\" content=\"Est. reading time\" \/>\n\t<meta name=\"twitter:data1\" content=\"3 minutes\" \/>\n<script type=\"application\/ld+json\" class=\"yoast-schema-graph\">{\"@context\":\"https:\/\/schema.org\",\"@graph\":[{\"@type\":\"WebPage\",\"@id\":\"https:\/\/semead.com.br\/27\/en\/organizers\/\",\"url\":\"https:\/\/semead.com.br\/27\/en\/organizers\/\",\"name\":\"Organizers - XXVII SemeAd\",\"isPartOf\":{\"@id\":\"https:\/\/semead.com.br\/27\/#website\"},\"datePublished\":\"2021-06-17T00:17:39+00:00\",\"dateModified\":\"2024-07-10T14:39:46+00:00\",\"breadcrumb\":{\"@id\":\"https:\/\/semead.com.br\/27\/en\/organizers\/#breadcrumb\"},\"inLanguage\":\"en-US\",\"potentialAction\":[{\"@type\":\"ReadAction\",\"target\":[\"https:\/\/semead.com.br\/27\/en\/organizers\/\"]}]},{\"@type\":\"BreadcrumbList\",\"@id\":\"https:\/\/semead.com.br\/27\/en\/organizers\/#breadcrumb\",\"itemListElement\":[{\"@type\":\"ListItem\",\"position\":1,\"name\":\"In\u00edcio\",\"item\":\"https:\/\/semead.com.br\/27\/en\/\"},{\"@type\":\"ListItem\",\"position\":2,\"name\":\"Organizers\"}]},{\"@type\":\"WebSite\",\"@id\":\"https:\/\/semead.com.br\/27\/#website\",\"url\":\"https:\/\/semead.com.br\/27\/\",\"name\":\"XXVII SemeAd\",\"description\":\"Semin\u00e1rios em Administra\u00e7\u00e3o\",\"potentialAction\":[{\"@type\":\"SearchAction\",\"target\":{\"@type\":\"EntryPoint\",\"urlTemplate\":\"https:\/\/semead.com.br\/27\/?s={search_term_string}\"},\"query-input\":{\"@type\":\"PropertyValueSpecification\",\"valueRequired\":true,\"valueName\":\"search_term_string\"}}],\"inLanguage\":\"en-US\"}]}<\/script>\n<!-- \/ Yoast SEO plugin. -->","yoast_head_json":{"title":"Organizers - XXVII SemeAd","robots":{"index":"index","follow":"follow","max-snippet":"max-snippet:-1","max-image-preview":"max-image-preview:large","max-video-preview":"max-video-preview:-1"},"canonical":"https:\/\/semead.com.br\/27\/en\/organizers\/","og_locale":"en_US","og_type":"article","og_title":"Organizers - XXVII SemeAd","og_description":"SemeAd Team General Coordinators Prof. Dr. Jo\u00e3o Maur\u00edcio Gama Boaventura Prof. Dr. Andres Rodriguez Veloso Organizing Team Technical Assistants Marina Santos de Carvalho Carlos Assun\u00e7\u00e3o Monitors Academic Coordinator Me. Amanda de Paula Aguiar Barbosa Faculty Assistance Me. Andr\u00e9 Luis Rossoni Attendee Support and Financial Affairs Monitor Augusto C\u00e9sar de Paula Corn\u00e9lio SemeAd Monitor Volunteer Coordination...","og_url":"https:\/\/semead.com.br\/27\/en\/organizers\/","og_site_name":"XXVII SemeAd","article_modified_time":"2024-07-10T14:39:46+00:00","twitter_card":"summary_large_image","twitter_misc":{"Est. reading time":"3 minutes"},"schema":{"@context":"https:\/\/schema.org","@graph":[{"@type":"WebPage","@id":"https:\/\/semead.com.br\/27\/en\/organizers\/","url":"https:\/\/semead.com.br\/27\/en\/organizers\/","name":"Organizers - XXVII SemeAd","isPartOf":{"@id":"https:\/\/semead.com.br\/27\/#website"},"datePublished":"2021-06-17T00:17:39+00:00","dateModified":"2024-07-10T14:39:46+00:00","breadcrumb":{"@id":"https:\/\/semead.com.br\/27\/en\/organizers\/#breadcrumb"},"inLanguage":"en-US","potentialAction":[{"@type":"ReadAction","target":["https:\/\/semead.com.br\/27\/en\/organizers\/"]}]},{"@type":"BreadcrumbList","@id":"https:\/\/semead.com.br\/27\/en\/organizers\/#breadcrumb","itemListElement":[{"@type":"ListItem","position":1,"name":"In\u00edcio","item":"https:\/\/semead.com.br\/27\/en\/"},{"@type":"ListItem","position":2,"name":"Organizers"}]},{"@type":"WebSite","@id":"https:\/\/semead.com.br\/27\/#website","url":"https:\/\/semead.com.br\/27\/","name":"XXVII SemeAd","description":"Semin\u00e1rios em Administra\u00e7\u00e3o","potentialAction":[{"@type":"SearchAction","target":{"@type":"EntryPoint","urlTemplate":"https:\/\/semead.com.br\/27\/?s={search_term_string}"},"query-input":{"@type":"PropertyValueSpecification","valueRequired":true,"valueName":"search_term_string"}}],"inLanguage":"en-US"}]}},"_links":{"self":[{"href":"https:\/\/semead.com.br\/27\/en\/wp-json\/wp\/v2\/pages\/19860","targetHints":{"allow":["GET"]}}],"collection":[{"href":"https:\/\/semead.com.br\/27\/en\/wp-json\/wp\/v2\/pages"}],"about":[{"href":"https:\/\/semead.com.br\/27\/en\/wp-json\/wp\/v2\/types\/page"}],"author":[{"embeddable":true,"href":"https:\/\/semead.com.br\/27\/en\/wp-json\/wp\/v2\/users\/10"}],"replies":[{"embeddable":true,"href":"https:\/\/semead.com.br\/27\/en\/wp-json\/wp\/v2\/comments?post=19860"}],"version-history":[{"count":0,"href":"https:\/\/semead.com.br\/27\/en\/wp-json\/wp\/v2\/pages\/19860\/revisions"}],"wp:attachment":[{"href":"https:\/\/semead.com.br\/27\/en\/wp-json\/wp\/v2\/media?parent=19860"}],"curies":[{"name":"wp","href":"https:\/\/api.w.org\/{rel}","templated":true}]}}