{"id":19873,"date":"2021-06-16T21:50:36","date_gmt":"2021-06-17T00:50:36","guid":{"rendered":"https:\/\/semead.com.br\/27\/?page_id=19873"},"modified":"2023-06-22T16:39:57","modified_gmt":"2023-06-22T19:39:57","slug":"previous-editions","status":"publish","type":"page","link":"https:\/\/semead.com.br\/27\/en\/previous-editions\/","title":{"rendered":"Previous Editions"},"content":{"rendered":"\n<h2 class=\"wp-block-heading\">XXIV SemeAd &#8211; 2022<\/h2>\n\n\n<a href=\"https:\/\/semead.com.br\/25\" class=\"symple-button normal navy   \"\" title=\"25 SemeAd\" style=\"border-radius:10px\" rel=\"\"><span class=\"symple-button-inner\" style=\"border-radius:10px\">Site<\/span><\/a>\n\n\n<a href=\"http:\/\/submissao.semead.com.br\/25semead\/anais\/\" class=\"symple-button normal navy   \" target=\"_blank\"\" title=\"25 SemeAd - Anais\"  rel=\"\"><span class=\"symple-button-inner\" >Anais<\/span><\/a>\n\n\n\n<hr class=\"wp-block-separator has-alpha-channel-opacity\" \/>\n\n\n\n<h2 class=\"wp-block-heading\">XXIV SemeAd &#8211; 2021<\/h2>\n\n\n<a href=\"https:\/\/semead.com.br\/24\" class=\"symple-button normal navy   \"\" title=\"24 SemeAd\" style=\"border-radius:10px\" rel=\"\"><span class=\"symple-button-inner\" style=\"border-radius:10px\">Site<\/span><\/a>\n\n\n<a href=\"http:\/\/login.semead.com.br\/24semead\/anais\/\" class=\"symple-button normal navy   \" target=\"_blank\"\" title=\"24 SemeAd - Anais\"  rel=\"\"><span class=\"symple-button-inner\" >Anais<\/span><\/a>\n\n\n\n<hr class=\"wp-block-separator has-alpha-channel-opacity\" \/>\n\n\n\n<h2 class=\"wp-block-heading\">XXIII SemeAd &#8211; 2020<\/h2>\n\n\n<a href=\"https:\/\/semead.com.br\/23\" class=\"symple-button normal navy   \"\" title=\"23 SemeAd\" style=\"border-radius:10px\" rel=\"\"><span class=\"symple-button-inner\" style=\"border-radius:10px\">Site<\/span><\/a>\n\n\n<a href=\"http:\/\/login.semead.com.br\/23semead\/anais\/\" class=\"symple-button normal navy   \" target=\"_blank\"\" title=\"23 SemeAd - Anais\"  rel=\"\"><span class=\"symple-button-inner\" >Anais<\/span><\/a>\n\n\n\n<hr class=\"wp-block-separator has-alpha-channel-opacity\" \/>\n\n\n\n<h2 class=\"wp-block-heading\">XXII SemeAd &#8211; 2019<\/h2>\n\n\n<a href=\"https:\/\/semead.com.br\/22\" class=\"symple-button normal navy   \"\" title=\"22 SemeAd\" style=\"border-radius:10px\" rel=\"\"><span class=\"symple-button-inner\" style=\"border-radius:10px\">Site<\/span><\/a>\n\n\n<a href=\"http:\/\/login.semead.com.br\/22semead\/anais\/\" class=\"symple-button normal navy   \" target=\"_blank\"\" title=\"22 SemeAd - Anais\"  rel=\"\"><span class=\"symple-button-inner\" >Anais<\/span><\/a>\n\n\n\n<hr class=\"wp-block-separator has-alpha-channel-opacity\" \/>\n\n\n\n<h2 class=\"wp-block-heading\">XXI SemeAd &#8211; 2018<\/h2>\n\n\n<a href=\"https:\/\/semead.com.br\/21\" class=\"symple-button normal navy   \"\" title=\"21 SemeAd\" style=\"border-radius:10px\" rel=\"\"><span class=\"symple-button-inner\" style=\"border-radius:10px\">Site<\/span><\/a>\n\n\n<a href=\"http:\/\/login.semead.com.br\/21semead\/anais\/\" class=\"symple-button normal navy   \" target=\"_blank\"\" title=\"21 SemeAd - Anais\"  rel=\"\"><span class=\"symple-button-inner\" >Anais<\/span><\/a>\n\n\n\n<hr class=\"wp-block-separator has-alpha-channel-opacity\" \/>\n\n\n\n<h2 class=\"wp-block-heading\">XX SemeAd &#8211; 2017<\/h2>\n\n\n<a href=\"https:\/\/semead.com.br\/20\" class=\"symple-button normal navy   \"\" title=\"20 SemeAd\" style=\"border-radius:10px\" rel=\"\"><span class=\"symple-button-inner\" style=\"border-radius:10px\">Site<\/span><\/a>\n\n\n<a href=\"http:\/\/login.semead.com.br\/20semead\/anais\/\" class=\"symple-button normal navy   \" target=\"_blank\"\" title=\"20 SemeAd - Anais\"  rel=\"\"><span class=\"symple-button-inner\" >Anais<\/span><\/a>\n\n\n\n<hr class=\"wp-block-separator has-alpha-channel-opacity\" \/>\n\n\n\n<h2 class=\"wp-block-heading\">XIX SemeAd &#8211; 2016<\/h2>\n\n\n<a href=\"https:\/\/semead.com.br\/19\/home_\" class=\"symple-button normal navy   \"\" title=\"19 SemeAd\" style=\"border-radius:10px\" rel=\"\"><span class=\"symple-button-inner\" style=\"border-radius:10px\">Site<\/span><\/a>\n\n\n<a href=\"http:\/\/login.semead.com.br\/19semead\/anais\/\" class=\"symple-button normal navy   \" target=\"_blank\"\" title=\"19 SemeAd - Anais\"  rel=\"\"><span class=\"symple-button-inner\" >Anais<\/span><\/a>\n\n\n\n<hr class=\"wp-block-separator has-alpha-channel-opacity\" \/>\n\n\n\n<h2 class=\"wp-block-heading\">XVIII SemeAd &#8211; 2015<\/h2>\n\n\n<a href=\"https:\/\/semead.com.br\/18\" class=\"symple-button normal navy   \"\" title=\"18 SemeAd\" style=\"border-radius:10px\" rel=\"\"><span class=\"symple-button-inner\" style=\"border-radius:10px\">Site<\/span><\/a>\n\n\n<a href=\"http:\/\/sistema.semead.com.br\/18semead\/resultado\/\" class=\"symple-button normal navy   \" target=\"_blank\"\" title=\"18 SemeAd - Anais\"  rel=\"\"><span class=\"symple-button-inner\" >Anais<\/span><\/a>\n\n\n\n<hr class=\"wp-block-separator has-alpha-channel-opacity\" \/>\n\n\n\n<h2 class=\"wp-block-heading\">XVII SemeAd &#8211; 2014<\/h2>\n\n\n<a href=\"https:\/\/semead.com.br\/17\" class=\"symple-button normal navy   \"\" title=\"17 SemeAd\" style=\"border-radius:10px\" rel=\"\"><span class=\"symple-button-inner\" style=\"border-radius:10px\">Site<\/span><\/a>\n\n\n<a href=\"http:\/\/sistema.semead.com.br\/17semead\/resultado\/\" class=\"symple-button normal navy   \" target=\"_blank\"\" title=\"17 SemeAd - Anais\"  rel=\"\"><span class=\"symple-button-inner\" >Anais<\/span><\/a>\n\n\n\n<hr class=\"wp-block-separator has-alpha-channel-opacity\" \/>\n\n\n\n<h2 class=\"wp-block-heading\">XVI SemeAd &#8211; 2013<\/h2>\n\n\n<p>Please enter a valid URL and content for your button.<\/p>\n\n\n<p>Please enter a valid URL and content for your button.<\/p>\n\n\n\n<hr class=\"wp-block-separator has-alpha-channel-opacity\" \/>\n\n\n\n<h2 class=\"wp-block-heading\">XV SemeAd &#8211; 2012<\/h2>\n\n\n<p>Please enter a valid URL and content for your button.<\/p>\n\n\n<p>Please enter a valid URL and content for your button.<\/p>\n\n\n\n<hr class=\"wp-block-separator has-alpha-channel-opacity\" \/>\n\n\n\n<h2 class=\"wp-block-heading\">XIV SemeAd &#8211; 2011<\/h2>\n\n\n<p>Please enter a valid URL and content for your button.<\/p>\n\n\n<p>Please enter a valid URL and content for your button.<\/p>\n\n\n\n<hr class=\"wp-block-separator has-alpha-channel-opacity\" \/>\n\n\n\n<h2 class=\"wp-block-heading\">XIII SemeAd &#8211; 2010<\/h2>\n\n\n<p>Please enter a valid URL and content for your button.<\/p>\n\n\n<p>Please enter a valid URL and content for your button.<\/p>\n\n\n\n<hr class=\"wp-block-separator has-alpha-channel-opacity\" \/>\n\n\n\n<h2 class=\"wp-block-heading\">XII SemeAd &#8211; 2009<\/h2>\n\n\n<p>Please enter a valid URL and content for your button.<\/p>\n\n\n<p>Please enter a valid URL and content for your button.<\/p>\n\n\n\n<hr class=\"wp-block-separator has-alpha-channel-opacity\" \/>\n\n\n\n<h2 class=\"wp-block-heading\">XI SemeAd &#8211; 2008<\/h2>\n\n\n<p>Please enter a valid URL and content for your button.<\/p>\n\n\n<p>Please enter a valid URL and content for your button.<\/p>\n\n\n\n<hr class=\"wp-block-separator has-alpha-channel-opacity\" \/>\n\n\n\n<h2 class=\"wp-block-heading\">X SemeAd &#8211; 2007<\/h2>\n\n\n<p>Please enter a valid URL and content for your button.<\/p>\n\n\n<p>Please enter a valid URL and content for your button.<\/p>\n\n\n\n<hr class=\"wp-block-separator has-alpha-channel-opacity\" \/>\n\n\n\n<h2 class=\"wp-block-heading\">IX SemeAd &#8211; 2006<\/h2>\n\n\n<p>Please enter a valid URL and content for your button.<\/p>\n\n\n<p>Please enter a valid URL and content for your button.<\/p>\n\n\n\n<hr class=\"wp-block-separator has-alpha-channel-opacity\" \/>\n\n\n\n<h2 class=\"wp-block-heading\">VIII SemeAd &#8211; 2005<\/h2>\n\n\n<p>Please enter a valid URL and content for your button.<\/p>\n\n\n<p>Please enter a valid URL and content for your button.<\/p>\n\n\n\n<hr class=\"wp-block-separator has-alpha-channel-opacity\" \/>\n\n\n\n<h2 class=\"wp-block-heading\">VII SemeAd &#8211; 2004<\/h2>\n\n\n<p>Please enter a valid URL and content for your button.<\/p>\n\n\n<p>Please enter a valid URL and content for your button.<\/p>\n\n\n\n<hr class=\"wp-block-separator has-alpha-channel-opacity\" \/>\n\n\n\n<h2 class=\"wp-block-heading\">VI SemeAd &#8211; 2003<\/h2>\n\n\n<p>Please enter a valid URL and content for your button.<\/p>\n\n\n<p>Please enter a valid URL and content for your button.<\/p>\n\n\n\n<hr class=\"wp-block-separator has-alpha-channel-opacity\" \/>\n\n\n\n<h2 class=\"wp-block-heading\">V SemeAd &#8211; 2001<\/h2>\n\n\n<p>Please enter a valid URL and content for your button.<\/p>\n\n\n<p>Please enter a valid URL and content for your button.<\/p>\n\n\n\n<hr class=\"wp-block-separator has-alpha-channel-opacity\" \/>\n\n\n\n<h2 class=\"wp-block-heading\">IV SemeAd &#8211; 1999<\/h2>\n\n\n<p>Please enter a valid URL and content for your button.<\/p>\n\n\n<p>Please enter a valid URL and content for your button.<\/p>\n\n\n\n<hr class=\"wp-block-separator has-alpha-channel-opacity\" \/>\n\n\n\n<h2 class=\"wp-block-heading\">III SemeAd &#8211; 1998<\/h2>\n\n\n<p>Please enter a valid URL and content for your button.<\/p>\n\n\n<p>Please enter a valid URL and content for your button.<\/p>\n\n\n\n<hr class=\"wp-block-separator has-css-opacity\" \/>\n","protected":false},"excerpt":{"rendered":"<p>XXIV SemeAd &#8211; 2022 XXIV SemeAd &#8211; 2021 XXIII SemeAd &#8211; 2020 XXII SemeAd &#8211; 2019 XXI SemeAd &#8211; 2018 XX SemeAd &#8211; 2017 XIX SemeAd &#8211; 2016 XVIII SemeAd &#8211; 2015 XVII SemeAd &#8211; 2014 XVI SemeAd &#8211; 2013 XV SemeAd &#8211; 2012 XIV SemeAd &#8211; 2011 XIII SemeAd &#8211; 2010 XII SemeAd &#8211;&#8230;<\/p>\n","protected":false},"author":10,"featured_media":0,"parent":0,"menu_order":0,"comment_status":"closed","ping_status":"open","template":"","meta":{"_acf_changed":false,"_monsterinsights_skip_tracking":false,"_monsterinsights_sitenote_active":false,"_monsterinsights_sitenote_note":"","_monsterinsights_sitenote_category":0,"footnotes":""},"class_list":["post-19873","page","type-page","status-publish","hentry"],"acf":[],"yoast_head":"<!-- This site is optimized with the Yoast SEO plugin v27.1.1 - https:\/\/yoast.com\/product\/yoast-seo-wordpress\/ -->\n<title>Previous Editions - XXVII SemeAd<\/title>\n<meta name=\"robots\" content=\"index, follow, max-snippet:-1, max-image-preview:large, max-video-preview:-1\" \/>\n<link rel=\"canonical\" href=\"https:\/\/semead.com.br\/27\/en\/previous-editions\/\" \/>\n<meta property=\"og:locale\" content=\"en_US\" \/>\n<meta property=\"og:type\" content=\"article\" \/>\n<meta property=\"og:title\" content=\"Previous Editions - XXVII SemeAd\" \/>\n<meta property=\"og:description\" content=\"XXIV SemeAd &#8211; 2022 XXIV SemeAd &#8211; 2021 XXIII SemeAd &#8211; 2020 XXII SemeAd &#8211; 2019 XXI SemeAd &#8211; 2018 XX SemeAd &#8211; 2017 XIX SemeAd &#8211; 2016 XVIII SemeAd &#8211; 2015 XVII SemeAd &#8211; 2014 XVI SemeAd &#8211; 2013 XV SemeAd &#8211; 2012 XIV SemeAd &#8211; 2011 XIII SemeAd &#8211; 2010 XII SemeAd &#8211;...\" \/>\n<meta property=\"og:url\" content=\"https:\/\/semead.com.br\/27\/en\/previous-editions\/\" \/>\n<meta property=\"og:site_name\" content=\"XXVII SemeAd\" \/>\n<meta property=\"article:modified_time\" content=\"2023-06-22T19:39:57+00:00\" \/>\n<meta name=\"twitter:card\" content=\"summary_large_image\" \/>\n<meta name=\"twitter:label1\" content=\"Est. reading time\" \/>\n\t<meta name=\"twitter:data1\" content=\"3 minutes\" \/>\n<script type=\"application\/ld+json\" class=\"yoast-schema-graph\">{\"@context\":\"https:\/\/schema.org\",\"@graph\":[{\"@type\":\"WebPage\",\"@id\":\"https:\/\/semead.com.br\/27\/en\/previous-editions\/\",\"url\":\"https:\/\/semead.com.br\/27\/en\/previous-editions\/\",\"name\":\"Previous Editions - XXVII SemeAd\",\"isPartOf\":{\"@id\":\"https:\/\/semead.com.br\/27\/#website\"},\"datePublished\":\"2021-06-17T00:50:36+00:00\",\"dateModified\":\"2023-06-22T19:39:57+00:00\",\"breadcrumb\":{\"@id\":\"https:\/\/semead.com.br\/27\/en\/previous-editions\/#breadcrumb\"},\"inLanguage\":\"en-US\",\"potentialAction\":[{\"@type\":\"ReadAction\",\"target\":[\"https:\/\/semead.com.br\/27\/en\/previous-editions\/\"]}]},{\"@type\":\"BreadcrumbList\",\"@id\":\"https:\/\/semead.com.br\/27\/en\/previous-editions\/#breadcrumb\",\"itemListElement\":[{\"@type\":\"ListItem\",\"position\":1,\"name\":\"In\u00edcio\",\"item\":\"https:\/\/semead.com.br\/27\/en\/\"},{\"@type\":\"ListItem\",\"position\":2,\"name\":\"Previous Editions\"}]},{\"@type\":\"WebSite\",\"@id\":\"https:\/\/semead.com.br\/27\/#website\",\"url\":\"https:\/\/semead.com.br\/27\/\",\"name\":\"XXVII SemeAd\",\"description\":\"Semin\u00e1rios em Administra\u00e7\u00e3o\",\"potentialAction\":[{\"@type\":\"SearchAction\",\"target\":{\"@type\":\"EntryPoint\",\"urlTemplate\":\"https:\/\/semead.com.br\/27\/?s={search_term_string}\"},\"query-input\":{\"@type\":\"PropertyValueSpecification\",\"valueRequired\":true,\"valueName\":\"search_term_string\"}}],\"inLanguage\":\"en-US\"}]}<\/script>\n<!-- \/ Yoast SEO plugin. -->","yoast_head_json":{"title":"Previous Editions - XXVII SemeAd","robots":{"index":"index","follow":"follow","max-snippet":"max-snippet:-1","max-image-preview":"max-image-preview:large","max-video-preview":"max-video-preview:-1"},"canonical":"https:\/\/semead.com.br\/27\/en\/previous-editions\/","og_locale":"en_US","og_type":"article","og_title":"Previous Editions - XXVII SemeAd","og_description":"XXIV SemeAd &#8211; 2022 XXIV SemeAd &#8211; 2021 XXIII SemeAd &#8211; 2020 XXII SemeAd &#8211; 2019 XXI SemeAd &#8211; 2018 XX SemeAd &#8211; 2017 XIX SemeAd &#8211; 2016 XVIII SemeAd &#8211; 2015 XVII SemeAd &#8211; 2014 XVI SemeAd &#8211; 2013 XV SemeAd &#8211; 2012 XIV SemeAd &#8211; 2011 XIII SemeAd &#8211; 2010 XII SemeAd &#8211;...","og_url":"https:\/\/semead.com.br\/27\/en\/previous-editions\/","og_site_name":"XXVII SemeAd","article_modified_time":"2023-06-22T19:39:57+00:00","twitter_card":"summary_large_image","twitter_misc":{"Est. reading time":"3 minutes"},"schema":{"@context":"https:\/\/schema.org","@graph":[{"@type":"WebPage","@id":"https:\/\/semead.com.br\/27\/en\/previous-editions\/","url":"https:\/\/semead.com.br\/27\/en\/previous-editions\/","name":"Previous Editions - XXVII SemeAd","isPartOf":{"@id":"https:\/\/semead.com.br\/27\/#website"},"datePublished":"2021-06-17T00:50:36+00:00","dateModified":"2023-06-22T19:39:57+00:00","breadcrumb":{"@id":"https:\/\/semead.com.br\/27\/en\/previous-editions\/#breadcrumb"},"inLanguage":"en-US","potentialAction":[{"@type":"ReadAction","target":["https:\/\/semead.com.br\/27\/en\/previous-editions\/"]}]},{"@type":"BreadcrumbList","@id":"https:\/\/semead.com.br\/27\/en\/previous-editions\/#breadcrumb","itemListElement":[{"@type":"ListItem","position":1,"name":"In\u00edcio","item":"https:\/\/semead.com.br\/27\/en\/"},{"@type":"ListItem","position":2,"name":"Previous Editions"}]},{"@type":"WebSite","@id":"https:\/\/semead.com.br\/27\/#website","url":"https:\/\/semead.com.br\/27\/","name":"XXVII SemeAd","description":"Semin\u00e1rios em Administra\u00e7\u00e3o","potentialAction":[{"@type":"SearchAction","target":{"@type":"EntryPoint","urlTemplate":"https:\/\/semead.com.br\/27\/?s={search_term_string}"},"query-input":{"@type":"PropertyValueSpecification","valueRequired":true,"valueName":"search_term_string"}}],"inLanguage":"en-US"}]}},"_links":{"self":[{"href":"https:\/\/semead.com.br\/27\/en\/wp-json\/wp\/v2\/pages\/19873","targetHints":{"allow":["GET"]}}],"collection":[{"href":"https:\/\/semead.com.br\/27\/en\/wp-json\/wp\/v2\/pages"}],"about":[{"href":"https:\/\/semead.com.br\/27\/en\/wp-json\/wp\/v2\/types\/page"}],"author":[{"embeddable":true,"href":"https:\/\/semead.com.br\/27\/en\/wp-json\/wp\/v2\/users\/10"}],"replies":[{"embeddable":true,"href":"https:\/\/semead.com.br\/27\/en\/wp-json\/wp\/v2\/comments?post=19873"}],"version-history":[{"count":0,"href":"https:\/\/semead.com.br\/27\/en\/wp-json\/wp\/v2\/pages\/19873\/revisions"}],"wp:attachment":[{"href":"https:\/\/semead.com.br\/27\/en\/wp-json\/wp\/v2\/media?parent=19873"}],"curies":[{"name":"wp","href":"https:\/\/api.w.org\/{rel}","templated":true}]}}