{"id":21463,"date":"2021-07-02T13:38:48","date_gmt":"2021-07-02T16:38:48","guid":{"rendered":"https:\/\/semead.com.br\/27\/?page_id=21463"},"modified":"2021-07-02T13:38:49","modified_gmt":"2021-07-02T16:38:49","slug":"tracks","status":"publish","type":"page","link":"https:\/\/semead.com.br\/27\/en\/tracks\/","title":{"rendered":"Tracks"},"content":{"rendered":"\t\t<div data-elementor-type=\"wp-page\" data-elementor-id=\"21463\" class=\"elementor elementor-21463\">\n\t\t\t\t\t\t<section class=\"elementor-section elementor-top-section elementor-element elementor-element-4d51c61 elementor-section-boxed elementor-section-height-default elementor-section-height-default\" data-id=\"4d51c61\" data-element_type=\"section\" data-e-type=\"section\">\n\t\t\t\t\t\t<div class=\"elementor-container elementor-column-gap-default\">\n\t\t\t\t\t<div class=\"elementor-column elementor-col-100 elementor-top-column elementor-element elementor-element-e8b1a53\" data-id=\"e8b1a53\" data-element_type=\"column\" data-e-type=\"column\">\n\t\t\t<div class=\"elementor-widget-wrap elementor-element-populated\">\n\t\t\t\t\t\t<div class=\"elementor-element elementor-element-e6d2be8 elementor-widget elementor-widget-wp-widget-nav_menu\" data-id=\"e6d2be8\" data-element_type=\"widget\" data-e-type=\"widget\" data-widget_type=\"wp-widget-nav_menu.default\">\n\t\t\t\t<div class=\"elementor-widget-container\">\n\t\t\t\t\t<div class=\"widget single-sidebar padding-bottom1\"><div class=\"menu-papers-subjects-ingles-container\"><ul id=\"menu-papers-subjects-ingles\" class=\"menu\"><li id=\"menu-item-28303\" class=\"menu-item menu-item-type-post_type menu-item-object-page menu-item-28303\"><a href=\"https:\/\/semead.com.br\/27\/en\/tracks\/scientific-areas\/public-administration\/\">Public Administration<\/a><\/li>\n<li id=\"menu-item-19654\" class=\"menu-item menu-item-type-post_type menu-item-object-page menu-item-19654\"><a href=\"https:\/\/semead.com.br\/27\/en\/tracks\/scientific-areas\/agribusiness\/\">Agribusiness<\/a><\/li>\n<li id=\"menu-item-31571\" class=\"menu-item menu-item-type-post_type menu-item-object-page menu-item-31571\"><a href=\"https:\/\/semead.com.br\/27\/en\/tracks\/scientific-areas\/entrepreneurship\/\">Entrepreneurship<\/a><\/li>\n<li id=\"menu-item-19659\" class=\"menu-item menu-item-type-post_type menu-item-object-page menu-item-19659\"><a href=\"https:\/\/semead.com.br\/27\/en\/tracks\/scientific-areas\/ensino-e-pesquisa\/\">Teaching and Research<\/a><\/li>\n<li id=\"menu-item-20142\" class=\"menu-item menu-item-type-post_type menu-item-object-page menu-item-20142\"><a href=\"https:\/\/semead.com.br\/27\/en\/tracks\/scientific-areas\/strategy-in-organizations\/\">Strategy in Organizations<\/a><\/li>\n<li id=\"menu-item-19665\" class=\"menu-item menu-item-type-post_type menu-item-object-page menu-item-19665\"><a href=\"https:\/\/semead.com.br\/27\/en\/tracks\/scientific-areas\/estudos-organizacionais\/\">Organizational Studies<\/a><\/li>\n<li id=\"menu-item-19662\" class=\"menu-item menu-item-type-post_type menu-item-object-page menu-item-19662\"><a href=\"https:\/\/semead.com.br\/27\/en\/tracks\/scientific-areas\/financas\/\">Finance<\/a><\/li>\n<li id=\"menu-item-19670\" class=\"menu-item menu-item-type-post_type menu-item-object-page menu-item-19670\"><a href=\"https:\/\/semead.com.br\/27\/en\/tracks\/scientific-areas\/gestao-da-inovacao\/\">Innovation Management<\/a><\/li>\n<li id=\"menu-item-31526\" class=\"menu-item menu-item-type-post_type menu-item-object-page menu-item-31526\"><a href=\"https:\/\/semead.com.br\/27\/en\/tracks\/scientific-areas\/people-management\/\">People Management<\/a><\/li>\n<li id=\"menu-item-20160\" class=\"menu-item menu-item-type-post_type menu-item-object-page menu-item-20160\"><a href=\"https:\/\/semead.com.br\/27\/en\/tracks\/scientific-areas\/socioenvironmental-management-2\/\">Socioenvironmental Management<\/a><\/li>\n<li id=\"menu-item-20164\" class=\"menu-item menu-item-type-post_type menu-item-object-page menu-item-20164\"><a href=\"https:\/\/semead.com.br\/27\/en\/tracks\/scientific-areas\/marketing\/\">Marketing<\/a><\/li>\n<li id=\"menu-item-20168\" class=\"menu-item menu-item-type-post_type menu-item-object-page menu-item-20168\"><a href=\"https:\/\/semead.com.br\/27\/en\/tracks\/scientific-areas\/operations-2\/\">Operations<\/a><\/li>\n<li id=\"menu-item-20172\" class=\"menu-item menu-item-type-post_type menu-item-object-page menu-item-20172\"><a href=\"https:\/\/semead.com.br\/27\/en\/tracks\/scientific-areas\/information-technology\/\">Information Technology<\/a><\/li>\n<li id=\"menu-item-20176\" class=\"menu-item menu-item-type-post_type menu-item-object-page menu-item-20176\"><a href=\"https:\/\/semead.com.br\/27\/en\/tracks\/scientific-areas\/tourism-and-hospitality\/\">Tourism and Hospitality<\/a><\/li>\n<li id=\"menu-item-20180\" class=\"menu-item menu-item-type-post_type menu-item-object-page menu-item-20180\"><a href=\"https:\/\/semead.com.br\/27\/en\/tracks\/applied-articles\/\">Applied Articles<\/a><\/li>\n<\/ul><\/div><\/div>\t\t\t\t<\/div>\n\t\t\t\t<\/div>\n\t\t\t\t\t<\/div>\n\t\t<\/div>\n\t\t\t\t\t<\/div>\n\t\t<\/section>\n\t\t\t\t<\/div>\n\t\t","protected":false},"excerpt":{"rendered":"","protected":false},"author":4,"featured_media":0,"parent":0,"menu_order":0,"comment_status":"closed","ping_status":"closed","template":"","meta":{"_acf_changed":false,"_monsterinsights_skip_tracking":false,"_monsterinsights_sitenote_active":false,"_monsterinsights_sitenote_note":"","_monsterinsights_sitenote_category":0,"footnotes":""},"class_list":["post-21463","page","type-page","status-publish","hentry"],"acf":[],"yoast_head":"<!-- This site is optimized with the Yoast SEO plugin v27.1.1 - https:\/\/yoast.com\/product\/yoast-seo-wordpress\/ -->\n<title>Tracks - XXVII SemeAd<\/title>\n<meta name=\"robots\" content=\"index, follow, max-snippet:-1, max-image-preview:large, max-video-preview:-1\" \/>\n<link rel=\"canonical\" href=\"https:\/\/semead.com.br\/27\/en\/tracks\/\" \/>\n<meta property=\"og:locale\" content=\"en_US\" \/>\n<meta property=\"og:type\" content=\"article\" \/>\n<meta property=\"og:title\" content=\"Tracks - XXVII SemeAd\" \/>\n<meta property=\"og:url\" content=\"https:\/\/semead.com.br\/27\/en\/tracks\/\" \/>\n<meta property=\"og:site_name\" content=\"XXVII SemeAd\" \/>\n<meta property=\"article:modified_time\" content=\"2021-07-02T16:38:49+00:00\" \/>\n<meta name=\"twitter:card\" content=\"summary_large_image\" \/>\n<script type=\"application\/ld+json\" class=\"yoast-schema-graph\">{\"@context\":\"https:\/\/schema.org\",\"@graph\":[{\"@type\":\"WebPage\",\"@id\":\"https:\/\/semead.com.br\/27\/en\/tracks\/\",\"url\":\"https:\/\/semead.com.br\/27\/en\/tracks\/\",\"name\":\"Tracks - XXVII SemeAd\",\"isPartOf\":{\"@id\":\"https:\/\/semead.com.br\/27\/#website\"},\"datePublished\":\"2021-07-02T16:38:48+00:00\",\"dateModified\":\"2021-07-02T16:38:49+00:00\",\"breadcrumb\":{\"@id\":\"https:\/\/semead.com.br\/27\/en\/tracks\/#breadcrumb\"},\"inLanguage\":\"en-US\",\"potentialAction\":[{\"@type\":\"ReadAction\",\"target\":[\"https:\/\/semead.com.br\/27\/en\/tracks\/\"]}]},{\"@type\":\"BreadcrumbList\",\"@id\":\"https:\/\/semead.com.br\/27\/en\/tracks\/#breadcrumb\",\"itemListElement\":[{\"@type\":\"ListItem\",\"position\":1,\"name\":\"In\u00edcio\",\"item\":\"https:\/\/semead.com.br\/27\/en\/\"},{\"@type\":\"ListItem\",\"position\":2,\"name\":\"Tracks\"}]},{\"@type\":\"WebSite\",\"@id\":\"https:\/\/semead.com.br\/27\/#website\",\"url\":\"https:\/\/semead.com.br\/27\/\",\"name\":\"XXVII SemeAd\",\"description\":\"Semin\u00e1rios em Administra\u00e7\u00e3o\",\"potentialAction\":[{\"@type\":\"SearchAction\",\"target\":{\"@type\":\"EntryPoint\",\"urlTemplate\":\"https:\/\/semead.com.br\/27\/?s={search_term_string}\"},\"query-input\":{\"@type\":\"PropertyValueSpecification\",\"valueRequired\":true,\"valueName\":\"search_term_string\"}}],\"inLanguage\":\"en-US\"}]}<\/script>\n<!-- \/ Yoast SEO plugin. -->","yoast_head_json":{"title":"Tracks - XXVII SemeAd","robots":{"index":"index","follow":"follow","max-snippet":"max-snippet:-1","max-image-preview":"max-image-preview:large","max-video-preview":"max-video-preview:-1"},"canonical":"https:\/\/semead.com.br\/27\/en\/tracks\/","og_locale":"en_US","og_type":"article","og_title":"Tracks - XXVII SemeAd","og_url":"https:\/\/semead.com.br\/27\/en\/tracks\/","og_site_name":"XXVII SemeAd","article_modified_time":"2021-07-02T16:38:49+00:00","twitter_card":"summary_large_image","schema":{"@context":"https:\/\/schema.org","@graph":[{"@type":"WebPage","@id":"https:\/\/semead.com.br\/27\/en\/tracks\/","url":"https:\/\/semead.com.br\/27\/en\/tracks\/","name":"Tracks - XXVII SemeAd","isPartOf":{"@id":"https:\/\/semead.com.br\/27\/#website"},"datePublished":"2021-07-02T16:38:48+00:00","dateModified":"2021-07-02T16:38:49+00:00","breadcrumb":{"@id":"https:\/\/semead.com.br\/27\/en\/tracks\/#breadcrumb"},"inLanguage":"en-US","potentialAction":[{"@type":"ReadAction","target":["https:\/\/semead.com.br\/27\/en\/tracks\/"]}]},{"@type":"BreadcrumbList","@id":"https:\/\/semead.com.br\/27\/en\/tracks\/#breadcrumb","itemListElement":[{"@type":"ListItem","position":1,"name":"In\u00edcio","item":"https:\/\/semead.com.br\/27\/en\/"},{"@type":"ListItem","position":2,"name":"Tracks"}]},{"@type":"WebSite","@id":"https:\/\/semead.com.br\/27\/#website","url":"https:\/\/semead.com.br\/27\/","name":"XXVII SemeAd","description":"Semin\u00e1rios em Administra\u00e7\u00e3o","potentialAction":[{"@type":"SearchAction","target":{"@type":"EntryPoint","urlTemplate":"https:\/\/semead.com.br\/27\/?s={search_term_string}"},"query-input":{"@type":"PropertyValueSpecification","valueRequired":true,"valueName":"search_term_string"}}],"inLanguage":"en-US"}]}},"_links":{"self":[{"href":"https:\/\/semead.com.br\/27\/en\/wp-json\/wp\/v2\/pages\/21463","targetHints":{"allow":["GET"]}}],"collection":[{"href":"https:\/\/semead.com.br\/27\/en\/wp-json\/wp\/v2\/pages"}],"about":[{"href":"https:\/\/semead.com.br\/27\/en\/wp-json\/wp\/v2\/types\/page"}],"author":[{"embeddable":true,"href":"https:\/\/semead.com.br\/27\/en\/wp-json\/wp\/v2\/users\/4"}],"replies":[{"embeddable":true,"href":"https:\/\/semead.com.br\/27\/en\/wp-json\/wp\/v2\/comments?post=21463"}],"version-history":[{"count":0,"href":"https:\/\/semead.com.br\/27\/en\/wp-json\/wp\/v2\/pages\/21463\/revisions"}],"wp:attachment":[{"href":"https:\/\/semead.com.br\/27\/en\/wp-json\/wp\/v2\/media?parent=21463"}],"curies":[{"name":"wp","href":"https:\/\/api.w.org\/{rel}","templated":true}]}}