{"id":27544,"date":"2023-04-28T14:39:52","date_gmt":"2023-04-28T17:39:52","guid":{"rendered":"https:\/\/semead.com.br\/27\/?page_id=27544"},"modified":"2023-06-29T12:59:11","modified_gmt":"2023-06-29T15:59:11","slug":"fast-track","status":"publish","type":"page","link":"https:\/\/semead.com.br\/27\/en\/fast-track\/","title":{"rendered":"Fast Track"},"content":{"rendered":"\t\t<div data-elementor-type=\"wp-post\" data-elementor-id=\"27544\" class=\"elementor elementor-27544\">\n\t\t\t\t\t\t<section class=\"elementor-section elementor-top-section elementor-element elementor-element-584dbbf8 elementor-section-boxed elementor-section-height-default elementor-section-height-default\" data-id=\"584dbbf8\" data-element_type=\"section\" data-e-type=\"section\">\n\t\t\t\t\t\t<div class=\"elementor-container elementor-column-gap-default\">\n\t\t\t\t\t<div class=\"elementor-column elementor-col-100 elementor-top-column elementor-element elementor-element-20a8e786\" data-id=\"20a8e786\" data-element_type=\"column\" data-e-type=\"column\">\n\t\t\t<div class=\"elementor-widget-wrap elementor-element-populated\">\n\t\t\t\t\t\t<section class=\"elementor-section elementor-inner-section elementor-element elementor-element-0266140 elementor-section-boxed elementor-section-height-default elementor-section-height-default\" data-id=\"0266140\" data-element_type=\"section\" data-e-type=\"section\">\n\t\t\t\t\t\t<div class=\"elementor-container elementor-column-gap-default\">\n\t\t\t\t\t<div class=\"elementor-column elementor-col-100 elementor-inner-column elementor-element elementor-element-f55aa99\" data-id=\"f55aa99\" data-element_type=\"column\" data-e-type=\"column\">\n\t\t\t<div class=\"elementor-widget-wrap elementor-element-populated\">\n\t\t\t\t\t\t<div class=\"elementor-element elementor-element-a367e10 elementor-widget elementor-widget-text-editor\" data-id=\"a367e10\" data-element_type=\"widget\" data-e-type=\"widget\" data-widget_type=\"text-editor.default\">\n\t\t\t\t<div class=\"elementor-widget-container\">\n\t\t\t\t\t\t\t\t\t<p>The Fast-Track process aims to bridge the gap between authors and editors of national and international scientific journals. SemeAd has a partnership with editors from more than 70 journals that are engaged in the &#8220;desk review&#8221; process of submitted works.\u00a0<br \/>At the time of submission of papers, authors can opt for SemeAd\u2019s Fast-Track process and indicate, among the journals registered in the SemeAd database, those whose editorial coverage fits the theme of the work. In the case of Theoretical and Theoretical-Empirical Articles, authors may choose up to one journal in each stratum of the Qualis\/Capes system. Applied Articles and Teaching Cases may opt for journals whose scope includes this type of work.\u00a0<br \/>The option for fast-track indicates to the evaluators of the works that the authors want to participate in the possibility of &#8220;desk review&#8221; by the editors of the periodicals. During the evaluation process, the evaluators classify the papers as eligible or ineligible for the fast-track process. Their editors can assess the work. Editors inform SemeAd of one of two verdicts: selected or not selected. In all cases, the shipping order from the papers to the journals follows the classification expressed by the authors, respecting the highest stratum of the Qualis\/Capes system. When the work is rejected by the editor of a journal, it is directed to another editor of another journal, but with a lower quality score. We carry out this procedure until the last option is expressed by the author.\u00a0<br \/><strong>If you wish to submit your work (article) to Fast-Track, you must access the work\u2019s editing screen by the submission deadline (07\/17\/23).<\/strong><br \/>When choosing the journals, <strong>the authors authorize the SemeAd team to forward their articles to the journal&#8217;s editors appreciation if they have been considered eligible for Fast-Track.\u00a0<\/strong><br \/>SemeAd declares that it does not interfere in the selection or eligibility of jobs that go through the Fast-Track process. The works selected by the evaluators as eligible for Fast-Track are sent to the editors of the journals indicated by the authors, and, in this way, they go through the desk-review stage of this journal. Each work selected for Fast-Track will be referred to only one journal at a time.\u00a0<br \/>After the result of the selection of articles for Fast-Track, which will be announced at the SemeAd event, the authors will receive an email from SemeAd with the final date for sending the articles to the journals. The authors must then submit their articles to the journals. We suggest that the indications of improvements obtained by the process of evaluating the works in SemeAd be carried out in the articles in order to increase the probability of acceptance of the article in the journal.\u00a0<br \/><strong>IMPORTANT:\u00a0<\/strong><br \/>1)\u00a0<strong>SemeAd does not guarantee the approval of the article in the journals<\/strong>. The articles selected by Fast-Track and submitted to the journals will be forwarded to the normal blind-review evaluation course, but without the desk-review stage (the article has already been approved at this stage by the editor himself when selecting and appreciating it). The journals are responsible for approving or disapproving the article.\u00a0<br \/>2) Authors should check the journal submission rules.\u00a0<br \/>3) SemeAd is not responsible for any unforeseen circumstances of any nature on the part of the journal.\u00a0<br \/>4) Authors must inform the editors, at the time of submission of articles in journals, that their articles were approved in SemeAd\u2019s Fast-Track. This information must be included in the &#8220;information to editors&#8221; field or similar field, or even in an e-mail to the editors.\u00a0<br \/>5) It is the responsibility of the authors who wrote their articles in Portuguese and which were accepted by international journals to translate them into English according to the rules of the journal.\u00a0<br \/>New Event Journal Segmentation:\u00a0<strong>SemeAd Ranking<\/strong>\u00a0(SR1 \u2013 SR5)<br \/>With the purpose of promoting Semead\u2019s Fast-Track process and considering that the classification was previously based on Qualis Capes criteria, which since 2016 have not been officially updated, the organization of the event defined its own segmentation into five (5) extracts ( SR1 \u2013 SR5), whose criteria are defined below:\u00a0<br \/><strong>You can edit your submission (Title, Structured Abstract, Authors, and File) after submitting the work until the SemeAd submission deadline (07\/17\/23).<\/strong><br \/>List of SemeAd Fast-Track magazines:<\/p><p><span style=\"color: #7a7a7a;--darkreader-inline-color: #6e787c\" data-darkreader-inline-color=\"\"><span style=\"font-size: medium\"><img fetchpriority=\"high\" decoding=\"async\" class=\"alignnone size-full\" src=\"https:\/\/semead.com.br\/25\/wp-content\/uploads\/sites\/14\/2022\/06\/criterios-revistas.png\" width=\"909\" height=\"494\" \/><\/span><\/span><\/p>\t\t\t\t\t\t\t\t<\/div>\n\t\t\t\t<\/div>\n\t\t\t\t\t<\/div>\n\t\t<\/div>\n\t\t\t\t\t<\/div>\n\t\t<\/section>\n\t\t\t\t\t<\/div>\n\t\t<\/div>\n\t\t\t\t\t<\/div>\n\t\t<\/section>\n\t\t\t\t<section class=\"elementor-section elementor-top-section elementor-element elementor-element-fd1d05d elementor-section-full_width elementor-section-stretched elementor-section-height-default elementor-section-height-default\" data-id=\"fd1d05d\" data-element_type=\"section\" data-e-type=\"section\" data-settings=\"{&quot;stretch_section&quot;:&quot;section-stretched&quot;}\">\n\t\t\t\t\t\t<div class=\"elementor-container elementor-column-gap-default\">\n\t\t\t\t\t<div class=\"elementor-column elementor-col-100 elementor-top-column elementor-element elementor-element-4efd8f3\" data-id=\"4efd8f3\" data-element_type=\"column\" data-e-type=\"column\">\n\t\t\t<div class=\"elementor-widget-wrap elementor-element-populated\">\n\t\t\t\t\t\t<div class=\"elementor-element elementor-element-da5feed elementor-widget elementor-widget-shortcode\" data-id=\"da5feed\" data-element_type=\"widget\" data-e-type=\"widget\" data-widget_type=\"shortcode.default\">\n\t\t\t\t<div class=\"elementor-widget-container\">\n\t\t\t\t\t\t\t<div class=\"elementor-shortcode\"><iframe src=\"https:\/\/26.semead.com.br\/revistas4.php\" width=\"100%\" height=\"600\" scrolling=\"yes\"><\/iframe><\/div>\n\t\t\t\t\t\t<\/div>\n\t\t\t\t<\/div>\n\t\t\t\t\t<\/div>\n\t\t<\/div>\n\t\t\t\t\t<\/div>\n\t\t<\/section>\n\t\t\t\t<\/div>\n\t\t","protected":false},"excerpt":{"rendered":"<p>The Fast-Track process aims to bridge the gap between authors and editors of national and international scientific journals. SemeAd has a partnership with editors from more than 70 journals that are engaged in the &#8220;desk review&#8221; process of submitted works.\u00a0At the time of submission of papers, authors can opt for SemeAd\u2019s Fast-Track process and indicate,&#8230;<\/p>\n","protected":false},"author":14,"featured_media":0,"parent":0,"menu_order":0,"comment_status":"closed","ping_status":"closed","template":"","meta":{"_acf_changed":false,"_monsterinsights_skip_tracking":false,"_monsterinsights_sitenote_active":false,"_monsterinsights_sitenote_note":"","_monsterinsights_sitenote_category":0,"footnotes":""},"class_list":["post-27544","page","type-page","status-publish","hentry"],"acf":[],"yoast_head":"<!-- This site is optimized with the Yoast SEO plugin v27.1.1 - https:\/\/yoast.com\/product\/yoast-seo-wordpress\/ -->\n<title>Fast Track - XXVII SemeAd<\/title>\n<meta name=\"robots\" content=\"index, follow, max-snippet:-1, max-image-preview:large, max-video-preview:-1\" \/>\n<link rel=\"canonical\" href=\"https:\/\/semead.com.br\/27\/en\/fast-track\/\" \/>\n<meta property=\"og:locale\" content=\"en_US\" \/>\n<meta property=\"og:type\" content=\"article\" \/>\n<meta property=\"og:title\" content=\"Fast Track - XXVII SemeAd\" \/>\n<meta property=\"og:description\" content=\"The Fast-Track process aims to bridge the gap between authors and editors of national and international scientific journals. SemeAd has a partnership with editors from more than 70 journals that are engaged in the &#8220;desk review&#8221; process of submitted works.\u00a0At the time of submission of papers, authors can opt for SemeAd\u2019s Fast-Track process and indicate,...\" \/>\n<meta property=\"og:url\" content=\"https:\/\/semead.com.br\/27\/en\/fast-track\/\" \/>\n<meta property=\"og:site_name\" content=\"XXVII SemeAd\" \/>\n<meta property=\"article:modified_time\" content=\"2023-06-29T15:59:11+00:00\" \/>\n<meta property=\"og:image\" content=\"https:\/\/semead.com.br\/25\/wp-content\/uploads\/sites\/14\/2022\/06\/criterios-revistas.png\" \/>\n<meta name=\"twitter:card\" content=\"summary_large_image\" \/>\n<meta name=\"twitter:label1\" content=\"Est. reading time\" \/>\n\t<meta name=\"twitter:data1\" content=\"5 minutes\" \/>\n<script type=\"application\/ld+json\" class=\"yoast-schema-graph\">{\"@context\":\"https:\/\/schema.org\",\"@graph\":[{\"@type\":\"WebPage\",\"@id\":\"https:\/\/semead.com.br\/27\/en\/fast-track\/\",\"url\":\"https:\/\/semead.com.br\/27\/en\/fast-track\/\",\"name\":\"Fast Track - XXVII SemeAd\",\"isPartOf\":{\"@id\":\"https:\/\/semead.com.br\/27\/#website\"},\"primaryImageOfPage\":{\"@id\":\"https:\/\/semead.com.br\/27\/en\/fast-track\/#primaryimage\"},\"image\":{\"@id\":\"https:\/\/semead.com.br\/27\/en\/fast-track\/#primaryimage\"},\"thumbnailUrl\":\"https:\/\/semead.com.br\/25\/wp-content\/uploads\/sites\/14\/2022\/06\/criterios-revistas.png\",\"datePublished\":\"2023-04-28T17:39:52+00:00\",\"dateModified\":\"2023-06-29T15:59:11+00:00\",\"breadcrumb\":{\"@id\":\"https:\/\/semead.com.br\/27\/en\/fast-track\/#breadcrumb\"},\"inLanguage\":\"en-US\",\"potentialAction\":[{\"@type\":\"ReadAction\",\"target\":[\"https:\/\/semead.com.br\/27\/en\/fast-track\/\"]}]},{\"@type\":\"ImageObject\",\"inLanguage\":\"en-US\",\"@id\":\"https:\/\/semead.com.br\/27\/en\/fast-track\/#primaryimage\",\"url\":\"https:\/\/semead.com.br\/25\/wp-content\/uploads\/sites\/14\/2022\/06\/criterios-revistas.png\",\"contentUrl\":\"https:\/\/semead.com.br\/25\/wp-content\/uploads\/sites\/14\/2022\/06\/criterios-revistas.png\"},{\"@type\":\"BreadcrumbList\",\"@id\":\"https:\/\/semead.com.br\/27\/en\/fast-track\/#breadcrumb\",\"itemListElement\":[{\"@type\":\"ListItem\",\"position\":1,\"name\":\"In\u00edcio\",\"item\":\"https:\/\/semead.com.br\/27\/en\/\"},{\"@type\":\"ListItem\",\"position\":2,\"name\":\"Fast Track\"}]},{\"@type\":\"WebSite\",\"@id\":\"https:\/\/semead.com.br\/27\/#website\",\"url\":\"https:\/\/semead.com.br\/27\/\",\"name\":\"XXVII SemeAd\",\"description\":\"Semin\u00e1rios em Administra\u00e7\u00e3o\",\"potentialAction\":[{\"@type\":\"SearchAction\",\"target\":{\"@type\":\"EntryPoint\",\"urlTemplate\":\"https:\/\/semead.com.br\/27\/?s={search_term_string}\"},\"query-input\":{\"@type\":\"PropertyValueSpecification\",\"valueRequired\":true,\"valueName\":\"search_term_string\"}}],\"inLanguage\":\"en-US\"}]}<\/script>\n<!-- \/ Yoast SEO plugin. -->","yoast_head_json":{"title":"Fast Track - XXVII SemeAd","robots":{"index":"index","follow":"follow","max-snippet":"max-snippet:-1","max-image-preview":"max-image-preview:large","max-video-preview":"max-video-preview:-1"},"canonical":"https:\/\/semead.com.br\/27\/en\/fast-track\/","og_locale":"en_US","og_type":"article","og_title":"Fast Track - XXVII SemeAd","og_description":"The Fast-Track process aims to bridge the gap between authors and editors of national and international scientific journals. SemeAd has a partnership with editors from more than 70 journals that are engaged in the &#8220;desk review&#8221; process of submitted works.\u00a0At the time of submission of papers, authors can opt for SemeAd\u2019s Fast-Track process and indicate,...","og_url":"https:\/\/semead.com.br\/27\/en\/fast-track\/","og_site_name":"XXVII SemeAd","article_modified_time":"2023-06-29T15:59:11+00:00","og_image":[{"url":"https:\/\/semead.com.br\/25\/wp-content\/uploads\/sites\/14\/2022\/06\/criterios-revistas.png","type":"","width":"","height":""}],"twitter_card":"summary_large_image","twitter_misc":{"Est. reading time":"5 minutes"},"schema":{"@context":"https:\/\/schema.org","@graph":[{"@type":"WebPage","@id":"https:\/\/semead.com.br\/27\/en\/fast-track\/","url":"https:\/\/semead.com.br\/27\/en\/fast-track\/","name":"Fast Track - XXVII SemeAd","isPartOf":{"@id":"https:\/\/semead.com.br\/27\/#website"},"primaryImageOfPage":{"@id":"https:\/\/semead.com.br\/27\/en\/fast-track\/#primaryimage"},"image":{"@id":"https:\/\/semead.com.br\/27\/en\/fast-track\/#primaryimage"},"thumbnailUrl":"https:\/\/semead.com.br\/25\/wp-content\/uploads\/sites\/14\/2022\/06\/criterios-revistas.png","datePublished":"2023-04-28T17:39:52+00:00","dateModified":"2023-06-29T15:59:11+00:00","breadcrumb":{"@id":"https:\/\/semead.com.br\/27\/en\/fast-track\/#breadcrumb"},"inLanguage":"en-US","potentialAction":[{"@type":"ReadAction","target":["https:\/\/semead.com.br\/27\/en\/fast-track\/"]}]},{"@type":"ImageObject","inLanguage":"en-US","@id":"https:\/\/semead.com.br\/27\/en\/fast-track\/#primaryimage","url":"https:\/\/semead.com.br\/25\/wp-content\/uploads\/sites\/14\/2022\/06\/criterios-revistas.png","contentUrl":"https:\/\/semead.com.br\/25\/wp-content\/uploads\/sites\/14\/2022\/06\/criterios-revistas.png"},{"@type":"BreadcrumbList","@id":"https:\/\/semead.com.br\/27\/en\/fast-track\/#breadcrumb","itemListElement":[{"@type":"ListItem","position":1,"name":"In\u00edcio","item":"https:\/\/semead.com.br\/27\/en\/"},{"@type":"ListItem","position":2,"name":"Fast Track"}]},{"@type":"WebSite","@id":"https:\/\/semead.com.br\/27\/#website","url":"https:\/\/semead.com.br\/27\/","name":"XXVII SemeAd","description":"Semin\u00e1rios em Administra\u00e7\u00e3o","potentialAction":[{"@type":"SearchAction","target":{"@type":"EntryPoint","urlTemplate":"https:\/\/semead.com.br\/27\/?s={search_term_string}"},"query-input":{"@type":"PropertyValueSpecification","valueRequired":true,"valueName":"search_term_string"}}],"inLanguage":"en-US"}]}},"_links":{"self":[{"href":"https:\/\/semead.com.br\/27\/en\/wp-json\/wp\/v2\/pages\/27544","targetHints":{"allow":["GET"]}}],"collection":[{"href":"https:\/\/semead.com.br\/27\/en\/wp-json\/wp\/v2\/pages"}],"about":[{"href":"https:\/\/semead.com.br\/27\/en\/wp-json\/wp\/v2\/types\/page"}],"author":[{"embeddable":true,"href":"https:\/\/semead.com.br\/27\/en\/wp-json\/wp\/v2\/users\/14"}],"replies":[{"embeddable":true,"href":"https:\/\/semead.com.br\/27\/en\/wp-json\/wp\/v2\/comments?post=27544"}],"version-history":[{"count":0,"href":"https:\/\/semead.com.br\/27\/en\/wp-json\/wp\/v2\/pages\/27544\/revisions"}],"wp:attachment":[{"href":"https:\/\/semead.com.br\/27\/en\/wp-json\/wp\/v2\/media?parent=27544"}],"curies":[{"name":"wp","href":"https:\/\/api.w.org\/{rel}","templated":true}]}}