{"id":32927,"date":"2024-11-04T16:35:25","date_gmt":"2024-11-04T19:35:25","guid":{"rendered":"https:\/\/semead.com.br\/27\/?page_id=32927"},"modified":"2024-11-04T16:35:29","modified_gmt":"2024-11-04T19:35:29","slug":"meeting-with-the-editors-semead-2024","status":"publish","type":"page","link":"https:\/\/semead.com.br\/27\/en\/meeting-with-the-editors-semead-2024\/","title":{"rendered":"Meeting with the Editors SEMEAD 2024"},"content":{"rendered":"\n<p>Meeting no dia <strong>07\/11<\/strong> &#8211; de <strong>11h<\/strong>&nbsp;a <strong>12:30h<\/strong>.&nbsp;<\/p>\n\n\n\n<p>Com a participa\u00e7\u00e3o dos professores:&nbsp;<\/p>\n\n\n\n<p><strong>Professor Roberto Santiago Vassolo, PhD &#8211; IAE Business School (Argentina)<\/strong><br><em>Co-editor in Chief &#8211; Long-Range Planning (Elsevier) &#8211; JCR IF 7.4<\/em><\/p>\n\n\n\n<p><strong>Associate Professor Mohamed Yacine Haddoud, PhD &#8211; The British University in Dubai (United Arab Emirates)<\/strong><br><em>Co-Editor &#8211; International Journal of Entrepreneurial Behaviour and Research (Emerald) &#8211; JCR IF 4. 5<\/em><\/p>\n\n\n\n<p><strong>Assistante Professor Fl\u00e1vio Hourneaux Junior, PhD &#8211; FEA\/USP<\/strong><br><em>The Editor-in-Chief &#8211; RAUSP Management Journal (Emerald) &#8211; JCR IF 1.3<\/em><\/p>\n\n\n\n<p><strong>Professor Ricardo Vin\u00edcius Dias Jord\u00e3o, PhD &#8211; Center for Advanced Studies in Management and Economics (EU, Portugal) and Swiss Management Center (Switzerland)<\/strong><br><em>The Editor-in-Chief (leaving) &#8211; The Bottom Line (Emerald) &#8211; JCR IF 8.0<\/em><\/p>\n\n\n\n<iframe width=\"560\" height=\"315\" src=\"https:\/\/www.youtube.com\/embed\/CkRdrc_LHJA?si=37Q2Yk0-rRwDSkpw\" title=\"YouTube video player\" frameborder=\"0\" allow=\"accelerometer; autoplay; clipboard-write; encrypted-media; gyroscope; picture-in-picture; web-share\" referrerpolicy=\"strict-origin-when-cross-origin\" allowfullscreen><\/iframe>\n","protected":false},"excerpt":{"rendered":"<p>Meeting no dia 07\/11 &#8211; de 11h&nbsp;a 12:30h.&nbsp; Com a participa\u00e7\u00e3o dos professores:&nbsp; Professor Roberto Santiago Vassolo, PhD &#8211; IAE Business School (Argentina)Co-editor in Chief &#8211; Long-Range Planning (Elsevier) &#8211; JCR IF 7.4 Associate Professor Mohamed Yacine Haddoud, PhD &#8211; The British University in Dubai (United Arab Emirates)Co-Editor &#8211; International Journal of Entrepreneurial Behaviour and&#8230;<\/p>\n","protected":false},"author":4,"featured_media":0,"parent":0,"menu_order":0,"comment_status":"closed","ping_status":"closed","template":"","meta":{"_acf_changed":false,"_monsterinsights_skip_tracking":false,"_monsterinsights_sitenote_active":false,"_monsterinsights_sitenote_note":"","_monsterinsights_sitenote_category":0,"footnotes":""},"class_list":["post-32927","page","type-page","status-publish","hentry"],"acf":[],"yoast_head":"<!-- This site is optimized with the Yoast SEO plugin v27.1.1 - https:\/\/yoast.com\/product\/yoast-seo-wordpress\/ -->\n<title>Meeting with the Editors SEMEAD 2024 - XXVII SemeAd<\/title>\n<meta name=\"robots\" content=\"index, follow, max-snippet:-1, max-image-preview:large, max-video-preview:-1\" \/>\n<link rel=\"canonical\" href=\"https:\/\/semead.com.br\/27\/en\/meeting-with-the-editors-semead-2024\/\" \/>\n<meta property=\"og:locale\" content=\"en_US\" \/>\n<meta property=\"og:type\" content=\"article\" \/>\n<meta property=\"og:title\" content=\"Meeting with the Editors SEMEAD 2024 - XXVII SemeAd\" \/>\n<meta property=\"og:description\" content=\"Meeting no dia 07\/11 &#8211; de 11h&nbsp;a 12:30h.&nbsp; Com a participa\u00e7\u00e3o dos professores:&nbsp; Professor Roberto Santiago Vassolo, PhD &#8211; IAE Business School (Argentina)Co-editor in Chief &#8211; Long-Range Planning (Elsevier) &#8211; JCR IF 7.4 Associate Professor Mohamed Yacine Haddoud, PhD &#8211; The British University in Dubai (United Arab Emirates)Co-Editor &#8211; International Journal of Entrepreneurial Behaviour and...\" \/>\n<meta property=\"og:url\" content=\"https:\/\/semead.com.br\/27\/en\/meeting-with-the-editors-semead-2024\/\" \/>\n<meta property=\"og:site_name\" content=\"XXVII SemeAd\" \/>\n<meta property=\"article:modified_time\" content=\"2024-11-04T19:35:29+00:00\" \/>\n<meta name=\"twitter:card\" content=\"summary_large_image\" \/>\n<meta name=\"twitter:label1\" content=\"Est. reading time\" \/>\n\t<meta name=\"twitter:data1\" content=\"1 minute\" \/>\n<script type=\"application\/ld+json\" class=\"yoast-schema-graph\">{\"@context\":\"https:\/\/schema.org\",\"@graph\":[{\"@type\":\"WebPage\",\"@id\":\"https:\/\/semead.com.br\/27\/en\/meeting-with-the-editors-semead-2024\/\",\"url\":\"https:\/\/semead.com.br\/27\/en\/meeting-with-the-editors-semead-2024\/\",\"name\":\"Meeting with the Editors SEMEAD 2024 - XXVII SemeAd\",\"isPartOf\":{\"@id\":\"https:\/\/semead.com.br\/27\/#website\"},\"datePublished\":\"2024-11-04T19:35:25+00:00\",\"dateModified\":\"2024-11-04T19:35:29+00:00\",\"breadcrumb\":{\"@id\":\"https:\/\/semead.com.br\/27\/en\/meeting-with-the-editors-semead-2024\/#breadcrumb\"},\"inLanguage\":\"en-US\",\"potentialAction\":[{\"@type\":\"ReadAction\",\"target\":[\"https:\/\/semead.com.br\/27\/en\/meeting-with-the-editors-semead-2024\/\"]}]},{\"@type\":\"BreadcrumbList\",\"@id\":\"https:\/\/semead.com.br\/27\/en\/meeting-with-the-editors-semead-2024\/#breadcrumb\",\"itemListElement\":[{\"@type\":\"ListItem\",\"position\":1,\"name\":\"In\u00edcio\",\"item\":\"https:\/\/semead.com.br\/27\/en\/\"},{\"@type\":\"ListItem\",\"position\":2,\"name\":\"Meeting with the Editors SEMEAD 2024\"}]},{\"@type\":\"WebSite\",\"@id\":\"https:\/\/semead.com.br\/27\/#website\",\"url\":\"https:\/\/semead.com.br\/27\/\",\"name\":\"XXVII SemeAd\",\"description\":\"Semin\u00e1rios em Administra\u00e7\u00e3o\",\"potentialAction\":[{\"@type\":\"SearchAction\",\"target\":{\"@type\":\"EntryPoint\",\"urlTemplate\":\"https:\/\/semead.com.br\/27\/?s={search_term_string}\"},\"query-input\":{\"@type\":\"PropertyValueSpecification\",\"valueRequired\":true,\"valueName\":\"search_term_string\"}}],\"inLanguage\":\"en-US\"}]}<\/script>\n<!-- \/ Yoast SEO plugin. -->","yoast_head_json":{"title":"Meeting with the Editors SEMEAD 2024 - XXVII SemeAd","robots":{"index":"index","follow":"follow","max-snippet":"max-snippet:-1","max-image-preview":"max-image-preview:large","max-video-preview":"max-video-preview:-1"},"canonical":"https:\/\/semead.com.br\/27\/en\/meeting-with-the-editors-semead-2024\/","og_locale":"en_US","og_type":"article","og_title":"Meeting with the Editors SEMEAD 2024 - XXVII SemeAd","og_description":"Meeting no dia 07\/11 &#8211; de 11h&nbsp;a 12:30h.&nbsp; Com a participa\u00e7\u00e3o dos professores:&nbsp; Professor Roberto Santiago Vassolo, PhD &#8211; IAE Business School (Argentina)Co-editor in Chief &#8211; Long-Range Planning (Elsevier) &#8211; JCR IF 7.4 Associate Professor Mohamed Yacine Haddoud, PhD &#8211; The British University in Dubai (United Arab Emirates)Co-Editor &#8211; International Journal of Entrepreneurial Behaviour and...","og_url":"https:\/\/semead.com.br\/27\/en\/meeting-with-the-editors-semead-2024\/","og_site_name":"XXVII SemeAd","article_modified_time":"2024-11-04T19:35:29+00:00","twitter_card":"summary_large_image","twitter_misc":{"Est. reading time":"1 minute"},"schema":{"@context":"https:\/\/schema.org","@graph":[{"@type":"WebPage","@id":"https:\/\/semead.com.br\/27\/en\/meeting-with-the-editors-semead-2024\/","url":"https:\/\/semead.com.br\/27\/en\/meeting-with-the-editors-semead-2024\/","name":"Meeting with the Editors SEMEAD 2024 - XXVII SemeAd","isPartOf":{"@id":"https:\/\/semead.com.br\/27\/#website"},"datePublished":"2024-11-04T19:35:25+00:00","dateModified":"2024-11-04T19:35:29+00:00","breadcrumb":{"@id":"https:\/\/semead.com.br\/27\/en\/meeting-with-the-editors-semead-2024\/#breadcrumb"},"inLanguage":"en-US","potentialAction":[{"@type":"ReadAction","target":["https:\/\/semead.com.br\/27\/en\/meeting-with-the-editors-semead-2024\/"]}]},{"@type":"BreadcrumbList","@id":"https:\/\/semead.com.br\/27\/en\/meeting-with-the-editors-semead-2024\/#breadcrumb","itemListElement":[{"@type":"ListItem","position":1,"name":"In\u00edcio","item":"https:\/\/semead.com.br\/27\/en\/"},{"@type":"ListItem","position":2,"name":"Meeting with the Editors SEMEAD 2024"}]},{"@type":"WebSite","@id":"https:\/\/semead.com.br\/27\/#website","url":"https:\/\/semead.com.br\/27\/","name":"XXVII SemeAd","description":"Semin\u00e1rios em Administra\u00e7\u00e3o","potentialAction":[{"@type":"SearchAction","target":{"@type":"EntryPoint","urlTemplate":"https:\/\/semead.com.br\/27\/?s={search_term_string}"},"query-input":{"@type":"PropertyValueSpecification","valueRequired":true,"valueName":"search_term_string"}}],"inLanguage":"en-US"}]}},"_links":{"self":[{"href":"https:\/\/semead.com.br\/27\/en\/wp-json\/wp\/v2\/pages\/32927","targetHints":{"allow":["GET"]}}],"collection":[{"href":"https:\/\/semead.com.br\/27\/en\/wp-json\/wp\/v2\/pages"}],"about":[{"href":"https:\/\/semead.com.br\/27\/en\/wp-json\/wp\/v2\/types\/page"}],"author":[{"embeddable":true,"href":"https:\/\/semead.com.br\/27\/en\/wp-json\/wp\/v2\/users\/4"}],"replies":[{"embeddable":true,"href":"https:\/\/semead.com.br\/27\/en\/wp-json\/wp\/v2\/comments?post=32927"}],"version-history":[{"count":1,"href":"https:\/\/semead.com.br\/27\/en\/wp-json\/wp\/v2\/pages\/32927\/revisions"}],"predecessor-version":[{"id":32930,"href":"https:\/\/semead.com.br\/27\/en\/wp-json\/wp\/v2\/pages\/32927\/revisions\/32930"}],"wp:attachment":[{"href":"https:\/\/semead.com.br\/27\/en\/wp-json\/wp\/v2\/media?parent=32927"}],"curies":[{"name":"wp","href":"https:\/\/api.w.org\/{rel}","templated":true}]}}