{"id":10194,"date":"2013-05-06T15:44:00","date_gmt":"2013-05-06T15:44:00","guid":{"rendered":"http:\/\/semead.com.br\/?page_id=10194"},"modified":"2024-09-10T16:14:55","modified_gmt":"2024-09-10T19:14:55","slug":"equipe-de-organizacao","status":"publish","type":"page","link":"https:\/\/semead.com.br\/27\/equipe-de-organizacao\/","title":{"rendered":"Organizadores"},"content":{"rendered":"\t\t<div data-elementor-type=\"wp-page\" data-elementor-id=\"10194\" class=\"elementor elementor-10194\">\n\t\t\t\t\t\t<section class=\"elementor-section elementor-top-section elementor-element elementor-element-203c943 elementor-section-boxed elementor-section-height-default elementor-section-height-default\" data-id=\"203c943\" data-element_type=\"section\" data-e-type=\"section\">\n\t\t\t\t\t\t<div class=\"elementor-container elementor-column-gap-default\">\n\t\t\t\t\t<div class=\"elementor-column elementor-col-100 elementor-top-column elementor-element elementor-element-9d486e3\" data-id=\"9d486e3\" data-element_type=\"column\" data-e-type=\"column\">\n\t\t\t<div class=\"elementor-widget-wrap elementor-element-populated\">\n\t\t\t\t\t\t<div class=\"elementor-element elementor-element-66fa9fb elementor-widget elementor-widget-text-editor\" data-id=\"66fa9fb\" data-element_type=\"widget\" data-e-type=\"widget\" data-widget_type=\"text-editor.default\">\n\t\t\t\t<div class=\"elementor-widget-container\">\n\t\t\t\t\t\t\t\t\t<h2>Equipe SemeAd<\/h2><h3>Coordenadores Geral<\/h3><p>Prof. Dr. Jo\u00e3o Maur\u00edcio Gama Boaventura<br \/>Prof. Dr. Andres Rodriguez Veloso<\/p><h3>Equipe Organizadora<\/h3><h4>Assistentes t\u00e9cnicos<\/h4><p>Marina Santos de Carvalho<br \/>Carlos Assun\u00e7\u00e3o<\/p><h4>Monitores<\/h4><h5>Coordenadora Acad\u00eamica<\/h5><p>Me. Amanda de Paula Aguiar Barbosa<\/p><h5>Atendimento a Docentes<\/h5><p>Me. Andr\u00e9 Luis Rossoni<\/p><h5>Monitor de Atendimento aos congressistas e suporte de assuntos financeiro<\/h5><p>Augusto C\u00e9sar de Paula Corn\u00e9lio<i><br \/>Monitor SemeAd<br \/><\/i><\/p><h5>Atendimento de Volunt\u00e1rios<\/h5><p>Felipe Votava Louren\u00e7o<\/p><h5>Atendimento a workshops e pain\u00e9is<\/h5><p>Helna Almeida de Araujo G\u00f3es\u00a0<\/p><h5>Internacionaliza\u00e7\u00e3o e Fast-track<\/h5><h6>Visitas T\u00e9cnicas<\/h6><p>Felipe Cabral de Ara\u00fajo Fagundes<\/p><h6>Marketing e Comunica\u00e7\u00e3o<\/h6><p>Vitor Franco<br \/>Augusto C\u00e9sar de Paula Corn\u00e9lio<br \/>Marcelo Praxedes da Silva<\/p><h6>Respons\u00e1vel T\u00e9cnico<\/h6><p>Fernando Diogo Yada<\/p><h3>Comit\u00ea Acad\u00eamico<\/h3><h4>Atividades do SemeAd<\/h4><h5>Cons\u00f3rcio Pre-Doutoral <i>(Semin\u00e1rios de Prepara\u00e7\u00e3o para o Doutorado)<\/i><\/h5><p>Prof. Dr. Celso Machado J\u00fanior<br \/>Profa. Dra. Daielly Mantovani<\/p><h6>Cons\u00f3rcio Doutoral<\/h6><p>Prof. Dr. Rafael Morais Pereira<\/p><h6>Fast-Track<\/h6><p>Prof. Dr. Leandro dos Santos Maciel<\/p><h6>Internacionaliza\u00e7\u00e3o do SemeAd<\/h6><p>Profa. Dra. Rafaela de Almeida Cordeiro<\/p><h6>Oficinas e Minicursos<\/h6><p>Prof. Dr. Vitor Koki da Costa Nogami<\/p><h4>\u00c1reas Tem\u00e1ticas<\/h4><h5>Administra\u00e7\u00e3o P\u00fablica<\/h5><p>Prof. Dr. Jos\u00e9 Carlos Vaz<br \/>Prof. Dr. Alessandro Soares da Silva<\/p><h5>Agribusiness<\/h5><p>Profa. Dra. Paula Sarita Bigio Schnaider<br \/>Profa. Dra. Marcela de Mello Brand\u00e3o Vinholis<\/p><h5>Empreendedorismo<\/h5><p>Profa. Dra. V\u00e2nia Maria Jorge Nassif<br \/>Prof. Dr. Eduardo Pinto Vilas Boas<\/p><h5>Ensino e Pesquisa<\/h5><p>Profa. Dra. Manolita Correia Lima<br \/>Profa. Dra. Alessandra de S\u00e1 Mello Costa<\/p><h5>Estrat\u00e9gia em Organiza\u00e7\u00f5es<\/h5><p>Prof. Dr. Benny Kramer Costa<br \/>Profa. Dra. Simone Ruchdi Barakat<\/p><h5>Estudos Organizacionais<\/h5><p>Prof. Dr. Eduardo Ayrosa<br \/>Prof. Dr. Charles Kirschbaum<\/p><h5>Finan\u00e7as<\/h5><p>Prof. Dr. Wilson Toshiro Nakamura<\/p><h5>Gest\u00e3o da Inova\u00e7\u00e3o<\/h5><p>Prof. Dr. Felipe Mendes Borini<br \/>Prof. Dr. Guilherme Ary Plonski<br \/>Prof. Dr. Carlos Augusto Fran\u00e7a Vargas<\/p><h5>Gest\u00e3o de Pessoas<\/h5><p>Profa. Dra. Heliani Berlato dos Santos<br \/>Prof. Dr. Helio Arthur Reis Irigaray<\/p><h5>Gest\u00e3o Socioambiental<\/h5><p>Prof. Dr. Flavio Hourneaux J\u00fanior<br \/>Profa. Dra.Clandia Maffini Gomes<\/p><h5>Marketing<\/h5><p>Prof. Dr. Guilherme de Farias Shiraishi<br \/>Profa. Dra. Suzane Strehlau<\/p><h5>Opera\u00e7\u00f5es<\/h5><p>Prof. Dr. Alvair Silveira Torres Junior<\/p><h5>Tecnologia da Informa\u00e7\u00e3o<\/h5><p>Prof. Dr. Gilberto Perez<br \/>Prof. Dr. Luis Hernan Contreras Pinochet<\/p><h5>Turismo e Hospitalidade<\/h5><p>Profa. Dra. Elizabeth Kyoko Wada<\/p><h5>Artigos Aplicados<\/h5><p>Prof. Dr. Adilson Caldeira<\/p><h2>Universidade de S\u00e3o Paulo \u2013 USP<\/h2><p>Prof. Dr. <a href=\"http:\/\/lattes.cnpq.br\/6739735737794508\">Carlos Gilberto Carlotti Junior<br \/><\/a><em>Reitor da Universidade de S\u00e3o Paulo<\/em><\/p><h2>Faculdade de Economia e Administra\u00e7\u00e3o \u2013 FEA USP<\/h2><p>Prof. Dra. <a href=\"http:\/\/lattes.cnpq.br\/7713731591881162\">Maria Dolores Montoya Diaz<br \/><\/a><em>Diretora da Faculdade de Economia, Administra\u00e7\u00e3o e Contabilidade<\/em><\/p><p><span style=\"font-weight: normal;\">Prof.Dr. <a href=\"http:\/\/lattes.cnpq.br\/1053368113254185\">Jo\u00e3o Maur\u00edcio Gama Boaventura<br \/><\/a><em>Chefe do Departamento de Administra\u00e7\u00e3o<\/em><\/span><\/p><p>Prof. Dr. <a href=\"https:\/\/buscatextual.cnpq.br\/buscatextual\/visualizacv.do?id=K4737377Y3&amp;tokenCaptchar=03AL8dmw-TZP545KGVJB-z2HRfnqMG1dAKyqzSbj7EZ2nWMuTSkIQAznLrzoQekE1oPYPLaq5YDDj4g_GqADWh32e7Gkn4nPOWHYss0CAk3_InwbTEml9P8ZR0D81H-sbxwZaeI21I5zP4fw2HOAGXQeV-E8q8h6ZJB7ZHIYy3PApIc1MU8bh4YSPmCAtJlNb_vmUkLFpoyELG8twEwPLGpDUBjhqJ1Pa0xtaS7Qq7Zsd_s748nfBBQKM9Eh8SJqCUV2RJEVz86EGyyD5ZVGNuAA-5uyjKkcsZPBTpzuKULCdj7ekcQMh8ndjMjyK2Xf1fdEzevm5Qv44mNpR4F7eumZZsJ4AxhRfjr9JM4zkF6i-sljb0XKOxmDRAeq3rf3AR22wOr5kQLUy_WQs7uMtKbcQLATUPXdUJdnn98USp7dGKfRRctd19ABVlIm1t2AxG8VYVHnStPkzGV3UsH1LDdVGE2DHz90ikESKdh6-8ILtJknnaGNnbgOGFQaWYgqO_6z-GLhcGokEUf1efvwK7z4dOUMob8Xw0oaer6qQ5NG-JApgp86cQNfpYKm115L2qdEH5HVqsPck4p-8Dc-0P1MjwNTDl8m5HMlQRUMwZVW_eMDX52ToOudryEo-6sLcP1vVIiseDv6qC\">Felipe Mendes Borini <\/a><br \/><em>Coordenador do Programa de P\u00f3s-Gradua\u00e7\u00e3o em Administra\u00e7\u00e3o<\/em><\/p>\t\t\t\t\t\t\t\t<\/div>\n\t\t\t\t<\/div>\n\t\t\t\t\t<\/div>\n\t\t<\/div>\n\t\t\t\t\t<\/div>\n\t\t<\/section>\n\t\t\t\t<\/div>\n\t\t","protected":false},"excerpt":{"rendered":"<p>Equipe SemeAd Coordenadores Geral Prof. Dr. Jo\u00e3o Maur\u00edcio Gama BoaventuraProf. Dr. Andres Rodriguez Veloso Equipe Organizadora Assistentes t\u00e9cnicos Marina Santos de CarvalhoCarlos Assun\u00e7\u00e3o Monitores Coordenadora Acad\u00eamica Me. Amanda de Paula Aguiar Barbosa Atendimento a Docentes Me. Andr\u00e9 Luis Rossoni Monitor de Atendimento aos congressistas e suporte de assuntos financeiro Augusto C\u00e9sar de Paula Corn\u00e9lioMonitor SemeAd&#8230;<\/p>\n","protected":false},"author":1,"featured_media":0,"parent":0,"menu_order":0,"comment_status":"closed","ping_status":"open","template":"temas.php","meta":{"_acf_changed":false,"_monsterinsights_skip_tracking":false,"_monsterinsights_sitenote_active":false,"_monsterinsights_sitenote_note":"","_monsterinsights_sitenote_category":0,"footnotes":""},"class_list":["post-10194","page","type-page","status-publish","hentry"],"acf":[],"yoast_head":"<!-- This site is optimized with the Yoast SEO plugin v27.1.1 - https:\/\/yoast.com\/product\/yoast-seo-wordpress\/ -->\n<title>Organizadores - XXVII SemeAd<\/title>\n<meta name=\"robots\" content=\"index, follow, max-snippet:-1, max-image-preview:large, max-video-preview:-1\" \/>\n<link rel=\"canonical\" href=\"https:\/\/semead.com.br\/27\/equipe-de-organizacao\/\" \/>\n<meta property=\"og:locale\" content=\"pt_BR\" \/>\n<meta property=\"og:type\" content=\"article\" \/>\n<meta property=\"og:title\" content=\"Organizadores - XXVII SemeAd\" \/>\n<meta property=\"og:description\" content=\"Equipe SemeAd Coordenadores Geral Prof. Dr. Jo\u00e3o Maur\u00edcio Gama BoaventuraProf. Dr. Andres Rodriguez Veloso Equipe Organizadora Assistentes t\u00e9cnicos Marina Santos de CarvalhoCarlos Assun\u00e7\u00e3o Monitores Coordenadora Acad\u00eamica Me. Amanda de Paula Aguiar Barbosa Atendimento a Docentes Me. Andr\u00e9 Luis Rossoni Monitor de Atendimento aos congressistas e suporte de assuntos financeiro Augusto C\u00e9sar de Paula Corn\u00e9lioMonitor SemeAd...\" \/>\n<meta property=\"og:url\" content=\"https:\/\/semead.com.br\/27\/equipe-de-organizacao\/\" \/>\n<meta property=\"og:site_name\" content=\"XXVII SemeAd\" \/>\n<meta property=\"article:modified_time\" content=\"2024-09-10T19:14:55+00:00\" \/>\n<meta name=\"twitter:card\" content=\"summary_large_image\" \/>\n<meta name=\"twitter:label1\" content=\"Est. tempo de leitura\" \/>\n\t<meta name=\"twitter:data1\" content=\"3 minutos\" \/>\n<script type=\"application\/ld+json\" class=\"yoast-schema-graph\">{\"@context\":\"https:\/\/schema.org\",\"@graph\":[{\"@type\":\"WebPage\",\"@id\":\"https:\/\/semead.com.br\/27\/equipe-de-organizacao\/\",\"url\":\"https:\/\/semead.com.br\/27\/equipe-de-organizacao\/\",\"name\":\"Organizadores - XXVII SemeAd\",\"isPartOf\":{\"@id\":\"https:\/\/semead.com.br\/27\/#website\"},\"datePublished\":\"2013-05-06T15:44:00+00:00\",\"dateModified\":\"2024-09-10T19:14:55+00:00\",\"breadcrumb\":{\"@id\":\"https:\/\/semead.com.br\/27\/equipe-de-organizacao\/#breadcrumb\"},\"inLanguage\":\"pt-BR\",\"potentialAction\":[{\"@type\":\"ReadAction\",\"target\":[\"https:\/\/semead.com.br\/27\/equipe-de-organizacao\/\"]}]},{\"@type\":\"BreadcrumbList\",\"@id\":\"https:\/\/semead.com.br\/27\/equipe-de-organizacao\/#breadcrumb\",\"itemListElement\":[{\"@type\":\"ListItem\",\"position\":1,\"name\":\"In\u00edcio\",\"item\":\"https:\/\/semead.com.br\/27\/\"},{\"@type\":\"ListItem\",\"position\":2,\"name\":\"Organizadores\"}]},{\"@type\":\"WebSite\",\"@id\":\"https:\/\/semead.com.br\/27\/#website\",\"url\":\"https:\/\/semead.com.br\/27\/\",\"name\":\"XXVII SemeAd\",\"description\":\"Semin\u00e1rios em Administra\u00e7\u00e3o\",\"potentialAction\":[{\"@type\":\"SearchAction\",\"target\":{\"@type\":\"EntryPoint\",\"urlTemplate\":\"https:\/\/semead.com.br\/27\/?s={search_term_string}\"},\"query-input\":{\"@type\":\"PropertyValueSpecification\",\"valueRequired\":true,\"valueName\":\"search_term_string\"}}],\"inLanguage\":\"pt-BR\"}]}<\/script>\n<!-- \/ Yoast SEO plugin. -->","yoast_head_json":{"title":"Organizadores - XXVII SemeAd","robots":{"index":"index","follow":"follow","max-snippet":"max-snippet:-1","max-image-preview":"max-image-preview:large","max-video-preview":"max-video-preview:-1"},"canonical":"https:\/\/semead.com.br\/27\/equipe-de-organizacao\/","og_locale":"pt_BR","og_type":"article","og_title":"Organizadores - XXVII SemeAd","og_description":"Equipe SemeAd Coordenadores Geral Prof. Dr. Jo\u00e3o Maur\u00edcio Gama BoaventuraProf. Dr. Andres Rodriguez Veloso Equipe Organizadora Assistentes t\u00e9cnicos Marina Santos de CarvalhoCarlos Assun\u00e7\u00e3o Monitores Coordenadora Acad\u00eamica Me. Amanda de Paula Aguiar Barbosa Atendimento a Docentes Me. Andr\u00e9 Luis Rossoni Monitor de Atendimento aos congressistas e suporte de assuntos financeiro Augusto C\u00e9sar de Paula Corn\u00e9lioMonitor SemeAd...","og_url":"https:\/\/semead.com.br\/27\/equipe-de-organizacao\/","og_site_name":"XXVII SemeAd","article_modified_time":"2024-09-10T19:14:55+00:00","twitter_card":"summary_large_image","twitter_misc":{"Est. tempo de leitura":"3 minutos"},"schema":{"@context":"https:\/\/schema.org","@graph":[{"@type":"WebPage","@id":"https:\/\/semead.com.br\/27\/equipe-de-organizacao\/","url":"https:\/\/semead.com.br\/27\/equipe-de-organizacao\/","name":"Organizadores - XXVII SemeAd","isPartOf":{"@id":"https:\/\/semead.com.br\/27\/#website"},"datePublished":"2013-05-06T15:44:00+00:00","dateModified":"2024-09-10T19:14:55+00:00","breadcrumb":{"@id":"https:\/\/semead.com.br\/27\/equipe-de-organizacao\/#breadcrumb"},"inLanguage":"pt-BR","potentialAction":[{"@type":"ReadAction","target":["https:\/\/semead.com.br\/27\/equipe-de-organizacao\/"]}]},{"@type":"BreadcrumbList","@id":"https:\/\/semead.com.br\/27\/equipe-de-organizacao\/#breadcrumb","itemListElement":[{"@type":"ListItem","position":1,"name":"In\u00edcio","item":"https:\/\/semead.com.br\/27\/"},{"@type":"ListItem","position":2,"name":"Organizadores"}]},{"@type":"WebSite","@id":"https:\/\/semead.com.br\/27\/#website","url":"https:\/\/semead.com.br\/27\/","name":"XXVII SemeAd","description":"Semin\u00e1rios em Administra\u00e7\u00e3o","potentialAction":[{"@type":"SearchAction","target":{"@type":"EntryPoint","urlTemplate":"https:\/\/semead.com.br\/27\/?s={search_term_string}"},"query-input":{"@type":"PropertyValueSpecification","valueRequired":true,"valueName":"search_term_string"}}],"inLanguage":"pt-BR"}]}},"_links":{"self":[{"href":"https:\/\/semead.com.br\/27\/wp-json\/wp\/v2\/pages\/10194","targetHints":{"allow":["GET"]}}],"collection":[{"href":"https:\/\/semead.com.br\/27\/wp-json\/wp\/v2\/pages"}],"about":[{"href":"https:\/\/semead.com.br\/27\/wp-json\/wp\/v2\/types\/page"}],"author":[{"embeddable":true,"href":"https:\/\/semead.com.br\/27\/wp-json\/wp\/v2\/users\/1"}],"replies":[{"embeddable":true,"href":"https:\/\/semead.com.br\/27\/wp-json\/wp\/v2\/comments?post=10194"}],"version-history":[{"count":3,"href":"https:\/\/semead.com.br\/27\/wp-json\/wp\/v2\/pages\/10194\/revisions"}],"predecessor-version":[{"id":31724,"href":"https:\/\/semead.com.br\/27\/wp-json\/wp\/v2\/pages\/10194\/revisions\/31724"}],"wp:attachment":[{"href":"https:\/\/semead.com.br\/27\/wp-json\/wp\/v2\/media?parent=10194"}],"curies":[{"name":"wp","href":"https:\/\/api.w.org\/{rel}","templated":true}]}}