{"id":10402,"date":"2013-05-13T13:02:53","date_gmt":"2013-05-13T13:02:53","guid":{"rendered":"http:\/\/semead.com.br\/?page_id=10402"},"modified":"2024-10-14T11:12:43","modified_gmt":"2024-10-14T14:12:43","slug":"datas-importantes","status":"publish","type":"page","link":"https:\/\/semead.com.br\/27\/datas-importantes\/","title":{"rendered":"Datas Importantes"},"content":{"rendered":"\t\t<div data-elementor-type=\"wp-page\" data-elementor-id=\"10402\" class=\"elementor elementor-10402\">\n\t\t\t\t\t\t<section class=\"elementor-section elementor-top-section elementor-element elementor-element-ff90355 elementor-section-boxed elementor-section-height-default elementor-section-height-default\" data-id=\"ff90355\" data-element_type=\"section\" data-e-type=\"section\">\n\t\t\t\t\t\t<div class=\"elementor-container elementor-column-gap-default\">\n\t\t\t\t\t<div class=\"elementor-column elementor-col-100 elementor-top-column elementor-element elementor-element-2965cc1\" data-id=\"2965cc1\" data-element_type=\"column\" data-e-type=\"column\">\n\t\t\t<div class=\"elementor-widget-wrap elementor-element-populated\">\n\t\t\t\t\t\t<div class=\"elementor-element elementor-element-61a3686 elementor-widget elementor-widget-text-editor\" data-id=\"61a3686\" data-element_type=\"widget\" data-e-type=\"widget\" data-widget_type=\"text-editor.default\">\n\t\t\t\t<div class=\"elementor-widget-container\">\n\t\t\t\t\t\t\t\t\t<ul>\n<li>15\/05\/2024 \u2013 Abertura das submiss\u00f5es<\/li>\n<li>15\/07\/2024 \u2013 Data limite para submiss\u00f5es de trabalhos e projetos<\/li>\n<li>13\/09\/2024 \u2013 Divulga\u00e7\u00e3o dos resultados das submiss\u00f5es<\/li>\n<li>13\/09 a 30\/09\/2024 \u2013 Per\u00edodo de inscri\u00e7\u00f5es dos trabalhos aprovados<\/li>\n<li>13\/09 a 30\/09\/2024 \u2013 Per\u00edodo de inscri\u00e7\u00f5es para colaboradores volunt\u00e1rios no XXVII SemeAd<\/li>\n<li>13\/09 a 31\/10\/2024 \u2013 Per\u00edodo de inscri\u00e7\u00f5es no XXVII SemeAd<\/li>\n<li>21\/10\/2024 \u2013 Divulga\u00e7\u00e3o da programa\u00e7\u00e3o geral do XXVII SemeAd<\/li>\n<li>05\/11\/2024 \u2013 Visitas t\u00e9cnicas (presencial)<\/li>\n<li>05\/11\/2024 \u2013 Atividades do Cons\u00f3rcio Pr\u00e9-doutoral (online) e Doutoral (presencial)<\/li>\n<li>06 a 08\/11\/2024 \u2013 Sess\u00f5es de apresenta\u00e7\u00e3o de trabalho presencial e virtual<\/li><li>06\/11\/2024 \u2013 In\u00edcio do XXVII SemeAd \u2013 Sess\u00f5es de apresenta\u00e7\u00e3o de trabalho presencial e virtual<\/li>\n<li>06\/11\/2024 \u2013 Sess\u00e3o de Abertura do XXVII SemeAd<\/li>\n<li>07\/11\/2024 \u2013 Sess\u00e3o de Premia\u00e7\u00e3o do XXVII SemeAd<\/li>\n<\/ul>\t\t\t\t\t\t\t\t<\/div>\n\t\t\t\t<\/div>\n\t\t\t\t\t<\/div>\n\t\t<\/div>\n\t\t\t\t\t<\/div>\n\t\t<\/section>\n\t\t\t\t<\/div>\n\t\t","protected":false},"excerpt":{"rendered":"<p>15\/05\/2024 \u2013 Abertura das submiss\u00f5es 15\/07\/2024 \u2013 Data limite para submiss\u00f5es de trabalhos e projetos 13\/09\/2024 \u2013 Divulga\u00e7\u00e3o dos resultados das submiss\u00f5es 13\/09 a 30\/09\/2024 \u2013 Per\u00edodo de inscri\u00e7\u00f5es dos trabalhos aprovados 13\/09 a 30\/09\/2024 \u2013 Per\u00edodo de inscri\u00e7\u00f5es para colaboradores volunt\u00e1rios no XXVII SemeAd 13\/09 a 31\/10\/2024 \u2013 Per\u00edodo de inscri\u00e7\u00f5es no XXVII SemeAd&#8230;<\/p>\n","protected":false},"author":1,"featured_media":0,"parent":0,"menu_order":0,"comment_status":"closed","ping_status":"open","template":"temas.php","meta":{"_acf_changed":false,"_monsterinsights_skip_tracking":false,"_monsterinsights_sitenote_active":false,"_monsterinsights_sitenote_note":"","_monsterinsights_sitenote_category":0,"footnotes":""},"class_list":["post-10402","page","type-page","status-publish","hentry"],"acf":[],"yoast_head":"<!-- This site is optimized with the Yoast SEO plugin v27.1.1 - https:\/\/yoast.com\/product\/yoast-seo-wordpress\/ -->\n<title>Datas Importantes - XXVII SemeAd<\/title>\n<meta name=\"robots\" content=\"index, follow, max-snippet:-1, max-image-preview:large, max-video-preview:-1\" \/>\n<link rel=\"canonical\" href=\"https:\/\/semead.com.br\/27\/datas-importantes\/\" \/>\n<meta property=\"og:locale\" content=\"pt_BR\" \/>\n<meta property=\"og:type\" content=\"article\" \/>\n<meta property=\"og:title\" content=\"Datas Importantes - XXVII SemeAd\" \/>\n<meta property=\"og:description\" content=\"15\/05\/2024 \u2013 Abertura das submiss\u00f5es 15\/07\/2024 \u2013 Data limite para submiss\u00f5es de trabalhos e projetos 13\/09\/2024 \u2013 Divulga\u00e7\u00e3o dos resultados das submiss\u00f5es 13\/09 a 30\/09\/2024 \u2013 Per\u00edodo de inscri\u00e7\u00f5es dos trabalhos aprovados 13\/09 a 30\/09\/2024 \u2013 Per\u00edodo de inscri\u00e7\u00f5es para colaboradores volunt\u00e1rios no XXVII SemeAd 13\/09 a 31\/10\/2024 \u2013 Per\u00edodo de inscri\u00e7\u00f5es no XXVII SemeAd...\" \/>\n<meta property=\"og:url\" content=\"https:\/\/semead.com.br\/27\/datas-importantes\/\" \/>\n<meta property=\"og:site_name\" content=\"XXVII SemeAd\" \/>\n<meta property=\"article:modified_time\" content=\"2024-10-14T14:12:43+00:00\" \/>\n<meta name=\"twitter:card\" content=\"summary_large_image\" \/>\n<meta name=\"twitter:label1\" content=\"Est. tempo de leitura\" \/>\n\t<meta name=\"twitter:data1\" content=\"1 minuto\" \/>\n<script type=\"application\/ld+json\" class=\"yoast-schema-graph\">{\"@context\":\"https:\/\/schema.org\",\"@graph\":[{\"@type\":\"WebPage\",\"@id\":\"https:\/\/semead.com.br\/27\/datas-importantes\/\",\"url\":\"https:\/\/semead.com.br\/27\/datas-importantes\/\",\"name\":\"Datas Importantes - XXVII SemeAd\",\"isPartOf\":{\"@id\":\"https:\/\/semead.com.br\/27\/#website\"},\"datePublished\":\"2013-05-13T13:02:53+00:00\",\"dateModified\":\"2024-10-14T14:12:43+00:00\",\"breadcrumb\":{\"@id\":\"https:\/\/semead.com.br\/27\/datas-importantes\/#breadcrumb\"},\"inLanguage\":\"pt-BR\",\"potentialAction\":[{\"@type\":\"ReadAction\",\"target\":[\"https:\/\/semead.com.br\/27\/datas-importantes\/\"]}]},{\"@type\":\"BreadcrumbList\",\"@id\":\"https:\/\/semead.com.br\/27\/datas-importantes\/#breadcrumb\",\"itemListElement\":[{\"@type\":\"ListItem\",\"position\":1,\"name\":\"In\u00edcio\",\"item\":\"https:\/\/semead.com.br\/27\/\"},{\"@type\":\"ListItem\",\"position\":2,\"name\":\"Datas Importantes\"}]},{\"@type\":\"WebSite\",\"@id\":\"https:\/\/semead.com.br\/27\/#website\",\"url\":\"https:\/\/semead.com.br\/27\/\",\"name\":\"XXVII SemeAd\",\"description\":\"Semin\u00e1rios em Administra\u00e7\u00e3o\",\"potentialAction\":[{\"@type\":\"SearchAction\",\"target\":{\"@type\":\"EntryPoint\",\"urlTemplate\":\"https:\/\/semead.com.br\/27\/?s={search_term_string}\"},\"query-input\":{\"@type\":\"PropertyValueSpecification\",\"valueRequired\":true,\"valueName\":\"search_term_string\"}}],\"inLanguage\":\"pt-BR\"}]}<\/script>\n<!-- \/ Yoast SEO plugin. -->","yoast_head_json":{"title":"Datas Importantes - XXVII SemeAd","robots":{"index":"index","follow":"follow","max-snippet":"max-snippet:-1","max-image-preview":"max-image-preview:large","max-video-preview":"max-video-preview:-1"},"canonical":"https:\/\/semead.com.br\/27\/datas-importantes\/","og_locale":"pt_BR","og_type":"article","og_title":"Datas Importantes - XXVII SemeAd","og_description":"15\/05\/2024 \u2013 Abertura das submiss\u00f5es 15\/07\/2024 \u2013 Data limite para submiss\u00f5es de trabalhos e projetos 13\/09\/2024 \u2013 Divulga\u00e7\u00e3o dos resultados das submiss\u00f5es 13\/09 a 30\/09\/2024 \u2013 Per\u00edodo de inscri\u00e7\u00f5es dos trabalhos aprovados 13\/09 a 30\/09\/2024 \u2013 Per\u00edodo de inscri\u00e7\u00f5es para colaboradores volunt\u00e1rios no XXVII SemeAd 13\/09 a 31\/10\/2024 \u2013 Per\u00edodo de inscri\u00e7\u00f5es no XXVII SemeAd...","og_url":"https:\/\/semead.com.br\/27\/datas-importantes\/","og_site_name":"XXVII SemeAd","article_modified_time":"2024-10-14T14:12:43+00:00","twitter_card":"summary_large_image","twitter_misc":{"Est. tempo de leitura":"1 minuto"},"schema":{"@context":"https:\/\/schema.org","@graph":[{"@type":"WebPage","@id":"https:\/\/semead.com.br\/27\/datas-importantes\/","url":"https:\/\/semead.com.br\/27\/datas-importantes\/","name":"Datas Importantes - XXVII SemeAd","isPartOf":{"@id":"https:\/\/semead.com.br\/27\/#website"},"datePublished":"2013-05-13T13:02:53+00:00","dateModified":"2024-10-14T14:12:43+00:00","breadcrumb":{"@id":"https:\/\/semead.com.br\/27\/datas-importantes\/#breadcrumb"},"inLanguage":"pt-BR","potentialAction":[{"@type":"ReadAction","target":["https:\/\/semead.com.br\/27\/datas-importantes\/"]}]},{"@type":"BreadcrumbList","@id":"https:\/\/semead.com.br\/27\/datas-importantes\/#breadcrumb","itemListElement":[{"@type":"ListItem","position":1,"name":"In\u00edcio","item":"https:\/\/semead.com.br\/27\/"},{"@type":"ListItem","position":2,"name":"Datas Importantes"}]},{"@type":"WebSite","@id":"https:\/\/semead.com.br\/27\/#website","url":"https:\/\/semead.com.br\/27\/","name":"XXVII SemeAd","description":"Semin\u00e1rios em Administra\u00e7\u00e3o","potentialAction":[{"@type":"SearchAction","target":{"@type":"EntryPoint","urlTemplate":"https:\/\/semead.com.br\/27\/?s={search_term_string}"},"query-input":{"@type":"PropertyValueSpecification","valueRequired":true,"valueName":"search_term_string"}}],"inLanguage":"pt-BR"}]}},"_links":{"self":[{"href":"https:\/\/semead.com.br\/27\/wp-json\/wp\/v2\/pages\/10402","targetHints":{"allow":["GET"]}}],"collection":[{"href":"https:\/\/semead.com.br\/27\/wp-json\/wp\/v2\/pages"}],"about":[{"href":"https:\/\/semead.com.br\/27\/wp-json\/wp\/v2\/types\/page"}],"author":[{"embeddable":true,"href":"https:\/\/semead.com.br\/27\/wp-json\/wp\/v2\/users\/1"}],"replies":[{"embeddable":true,"href":"https:\/\/semead.com.br\/27\/wp-json\/wp\/v2\/comments?post=10402"}],"version-history":[{"count":3,"href":"https:\/\/semead.com.br\/27\/wp-json\/wp\/v2\/pages\/10402\/revisions"}],"predecessor-version":[{"id":31915,"href":"https:\/\/semead.com.br\/27\/wp-json\/wp\/v2\/pages\/10402\/revisions\/31915"}],"wp:attachment":[{"href":"https:\/\/semead.com.br\/27\/wp-json\/wp\/v2\/media?parent=10402"}],"curies":[{"name":"wp","href":"https:\/\/api.w.org\/{rel}","templated":true}]}}