{"id":17036,"date":"2020-10-07T09:57:20","date_gmt":"2020-10-07T12:57:20","guid":{"rendered":"https:\/\/semead.com.br\/27\/?page_id=17036"},"modified":"2024-09-13T16:25:30","modified_gmt":"2024-09-13T19:25:30","slug":"sessoes-on-line","status":"publish","type":"page","link":"https:\/\/semead.com.br\/27\/sessoes-on-line\/","title":{"rendered":"Sess\u00f5es On-Line"},"content":{"rendered":"\n<h2 class=\"wp-block-heading\">Din\u00e2mica das Sess\u00f5es Virtuais de Apresenta\u00e7\u00e3o de Trabalhos<\/h2>\n\n\n\n<div class=\"wp-block-columns is-layout-flex wp-container-core-columns-is-layout-9d6595d7 wp-block-columns-is-layout-flex\">\n<div class=\"wp-block-column is-layout-flow wp-block-column-is-layout-flow\" style=\"flex-basis:66.66%\">\n<h3 class=\"wp-block-heading\">Introdu\u00e7\u00e3o: 4 Minutos<\/h3>\n\n\n\n<p>O moderador (na sua aus\u00eancia, o assistente de sess\u00e3o) far\u00e1 a apresenta\u00e7\u00e3o do t\u00edtulo da sess\u00e3o, dos trabalhos e dos autores que compor\u00e3o a sess\u00e3o.<\/p>\n\n\n\n<h3 class=\"wp-block-heading\">Apresenta\u00e7\u00e3o: 8 Minutos para cada trabalho (4 rodadas de apresenta\u00e7\u00f5es)<\/h3>\n\n\n\n<p>O debatedor dever\u00e1 iniciar as apresenta\u00e7\u00f5es com v\u00eddeo do trabalho. Recomenda-se que os demais participantes assistam o mesmo v\u00eddeo pelo link disponibilizado.<\/p>\n\n\n\n<h3 class=\"wp-block-heading\">Discuss\u00f5es: 8 Minutos para cada trabalho (4 rodadas de discuss\u00f5es)<\/h3>\n\n\n\n<p>O moderador coordenar\u00e1 a discuss\u00e3o focada no trabalho apresentado. Prioritariamente, os autores receber\u00e3o <em>feedback <\/em>dos participantes e esclarecer\u00e3o pontos do trabalho.<\/p>\n\n\n\n<h3 class=\"wp-block-heading\">Debate: 22 Minutos (38 minutos para sess\u00f5es com 3 trabalhos)<\/h3>\n\n\n\n<p>Ser\u00e1 conduzido pelo moderador e ser\u00e1 discutido o tema da sess\u00e3o, pontos comuns e novas considera\u00e7\u00f5es aos trabalhos.<\/p>\n\n\n\n<p><\/p>\n<\/div>\n\n\n\n<div class=\"wp-block-column is-layout-flow wp-block-column-is-layout-flow\" style=\"flex-basis:33.33%\">\n<figure class=\"wp-block-image size-large\"><img fetchpriority=\"high\" decoding=\"async\" width=\"527\" height=\"1024\" src=\"https:\/\/semead.com.br\/27\/wp-content\/uploads\/sites\/18\/2024\/09\/Timeline-2-527x1024.png\" alt=\"\" class=\"wp-image-31811\" srcset=\"https:\/\/semead.com.br\/27\/wp-content\/uploads\/sites\/18\/2024\/09\/Timeline-2-527x1024.png 527w, https:\/\/semead.com.br\/27\/wp-content\/uploads\/sites\/18\/2024\/09\/Timeline-2-154x300.png 154w, https:\/\/semead.com.br\/27\/wp-content\/uploads\/sites\/18\/2024\/09\/Timeline-2-768x1492.png 768w, https:\/\/semead.com.br\/27\/wp-content\/uploads\/sites\/18\/2024\/09\/Timeline-2-790x1536.png 790w, https:\/\/semead.com.br\/27\/wp-content\/uploads\/sites\/18\/2024\/09\/Timeline-2-1054x2048.png 1054w, https:\/\/semead.com.br\/27\/wp-content\/uploads\/sites\/18\/2024\/09\/Timeline-2.png 1197w\" sizes=\"(max-width: 527px) 100vw, 527px\" \/><\/figure>\n<\/div>\n<\/div>\n\n\n\n<p>Essa din\u00e2mica foi constru\u00edda considerando diversos aspectos t\u00e9cnicos e log\u00edsticos das sess\u00f5es virtuais. Assistiu-se v\u00e1rios congressos virtuais realizados durante a pandemia para se observar as vantagens e desvantagens dos modos e tempos de apresenta\u00e7\u00e3o e discuss\u00e3o. Testes t\u00e9cnicos foram realizados. Por fim, ouvidos os Coordenadores e equipe t\u00e9cnica, a sess\u00e3o foi ajustada e aprovada. Ainda assim, \u00e9 uma experi\u00eancia nova, que certamente poder\u00e1 ser aprimorada com o aprendizado de sua realiza\u00e7\u00e3o. Contamos com esfor\u00e7o e compreens\u00e3o de nossa comunidade para a sua melhor realiza\u00e7\u00e3o.<\/p>\n\n\n\n<p>A grava\u00e7\u00e3o dos v\u00eddeos se mostrou uma ferramenta eficaz para a otimiza\u00e7\u00e3o e gerenciamento do tempo. Em diversos congressos virtuais verificou-se que havia muita perda de tempo para compartilhar tela dos apresentadores, com frequ\u00eancia a transmiss\u00e3o da tela apresentava problemas t\u00e9cnicos, v\u00e1rios apresentadores tinham dificuldade de controlar seu tempo e alguns enfrentavam problemas de conex\u00e3o agravados no modo de compartilhamento. A grava\u00e7\u00e3o e exibi\u00e7\u00e3o dos v\u00eddeos ainda trouxe vantagens: divulga\u00e7\u00e3o do trabalho, al\u00e9m do modo escrito, em multim\u00eddia; disponibiliza\u00e7\u00e3o da apresenta\u00e7\u00e3o antes e depois da sess\u00e3o e a liberdade para os autores, com calma, para elabora\u00e7\u00e3o de suas apresenta\u00e7\u00f5es empregando os recursos que desejarem (v\u00eddeo dos autores, desenhos animados, fotos, \u00e1udios, etc).<\/p>\n\n\n\n<p><\/p>\n","protected":false},"excerpt":{"rendered":"<p>Din\u00e2mica das Sess\u00f5es Virtuais de Apresenta\u00e7\u00e3o de Trabalhos Introdu\u00e7\u00e3o: 4 Minutos O moderador (na sua aus\u00eancia, o assistente de sess\u00e3o) far\u00e1 a apresenta\u00e7\u00e3o do t\u00edtulo da sess\u00e3o, dos trabalhos e dos autores que compor\u00e3o a sess\u00e3o. Apresenta\u00e7\u00e3o: 8 Minutos para cada trabalho (4 rodadas de apresenta\u00e7\u00f5es) O debatedor dever\u00e1 iniciar as apresenta\u00e7\u00f5es com v\u00eddeo do&#8230;<\/p>\n","protected":false},"author":4,"featured_media":0,"parent":0,"menu_order":0,"comment_status":"closed","ping_status":"closed","template":"","meta":{"_acf_changed":false,"_monsterinsights_skip_tracking":false,"_monsterinsights_sitenote_active":false,"_monsterinsights_sitenote_note":"","_monsterinsights_sitenote_category":0,"footnotes":""},"class_list":["post-17036","page","type-page","status-publish","hentry"],"acf":[],"yoast_head":"<!-- This site is optimized with the Yoast SEO plugin v27.1.1 - https:\/\/yoast.com\/product\/yoast-seo-wordpress\/ -->\n<title>Sess\u00f5es On-Line - XXVII SemeAd<\/title>\n<meta name=\"robots\" content=\"index, follow, max-snippet:-1, max-image-preview:large, max-video-preview:-1\" \/>\n<link rel=\"canonical\" href=\"https:\/\/semead.com.br\/27\/sessoes-on-line\/\" \/>\n<meta property=\"og:locale\" content=\"pt_BR\" \/>\n<meta property=\"og:type\" content=\"article\" \/>\n<meta property=\"og:title\" content=\"Sess\u00f5es On-Line - XXVII SemeAd\" \/>\n<meta property=\"og:description\" content=\"Din\u00e2mica das Sess\u00f5es Virtuais de Apresenta\u00e7\u00e3o de Trabalhos Introdu\u00e7\u00e3o: 4 Minutos O moderador (na sua aus\u00eancia, o assistente de sess\u00e3o) far\u00e1 a apresenta\u00e7\u00e3o do t\u00edtulo da sess\u00e3o, dos trabalhos e dos autores que compor\u00e3o a sess\u00e3o. Apresenta\u00e7\u00e3o: 8 Minutos para cada trabalho (4 rodadas de apresenta\u00e7\u00f5es) O debatedor dever\u00e1 iniciar as apresenta\u00e7\u00f5es com v\u00eddeo do...\" \/>\n<meta property=\"og:url\" content=\"https:\/\/semead.com.br\/27\/sessoes-on-line\/\" \/>\n<meta property=\"og:site_name\" content=\"XXVII SemeAd\" \/>\n<meta property=\"article:modified_time\" content=\"2024-09-13T19:25:30+00:00\" \/>\n<meta property=\"og:image\" content=\"https:\/\/semead.com.br\/27\/wp-content\/uploads\/sites\/18\/2024\/09\/Timeline-2-527x1024.png\" \/>\n<meta name=\"twitter:card\" content=\"summary_large_image\" \/>\n<meta name=\"twitter:label1\" content=\"Est. tempo de leitura\" \/>\n\t<meta name=\"twitter:data1\" content=\"3 minutos\" \/>\n<script type=\"application\/ld+json\" class=\"yoast-schema-graph\">{\"@context\":\"https:\/\/schema.org\",\"@graph\":[{\"@type\":\"WebPage\",\"@id\":\"https:\/\/semead.com.br\/27\/sessoes-on-line\/\",\"url\":\"https:\/\/semead.com.br\/27\/sessoes-on-line\/\",\"name\":\"Sess\u00f5es On-Line - XXVII SemeAd\",\"isPartOf\":{\"@id\":\"https:\/\/semead.com.br\/27\/#website\"},\"primaryImageOfPage\":{\"@id\":\"https:\/\/semead.com.br\/27\/sessoes-on-line\/#primaryimage\"},\"image\":{\"@id\":\"https:\/\/semead.com.br\/27\/sessoes-on-line\/#primaryimage\"},\"thumbnailUrl\":\"https:\/\/semead.com.br\/27\/wp-content\/uploads\/sites\/18\/2024\/09\/Timeline-2-527x1024.png\",\"datePublished\":\"2020-10-07T12:57:20+00:00\",\"dateModified\":\"2024-09-13T19:25:30+00:00\",\"breadcrumb\":{\"@id\":\"https:\/\/semead.com.br\/27\/sessoes-on-line\/#breadcrumb\"},\"inLanguage\":\"pt-BR\",\"potentialAction\":[{\"@type\":\"ReadAction\",\"target\":[\"https:\/\/semead.com.br\/27\/sessoes-on-line\/\"]}]},{\"@type\":\"ImageObject\",\"inLanguage\":\"pt-BR\",\"@id\":\"https:\/\/semead.com.br\/27\/sessoes-on-line\/#primaryimage\",\"url\":\"https:\/\/semead.com.br\/27\/wp-content\/uploads\/sites\/18\/2024\/09\/Timeline-2.png\",\"contentUrl\":\"https:\/\/semead.com.br\/27\/wp-content\/uploads\/sites\/18\/2024\/09\/Timeline-2.png\",\"width\":1197,\"height\":2326},{\"@type\":\"BreadcrumbList\",\"@id\":\"https:\/\/semead.com.br\/27\/sessoes-on-line\/#breadcrumb\",\"itemListElement\":[{\"@type\":\"ListItem\",\"position\":1,\"name\":\"In\u00edcio\",\"item\":\"https:\/\/semead.com.br\/27\/\"},{\"@type\":\"ListItem\",\"position\":2,\"name\":\"Sess\u00f5es On-Line\"}]},{\"@type\":\"WebSite\",\"@id\":\"https:\/\/semead.com.br\/27\/#website\",\"url\":\"https:\/\/semead.com.br\/27\/\",\"name\":\"XXVII SemeAd\",\"description\":\"Semin\u00e1rios em Administra\u00e7\u00e3o\",\"potentialAction\":[{\"@type\":\"SearchAction\",\"target\":{\"@type\":\"EntryPoint\",\"urlTemplate\":\"https:\/\/semead.com.br\/27\/?s={search_term_string}\"},\"query-input\":{\"@type\":\"PropertyValueSpecification\",\"valueRequired\":true,\"valueName\":\"search_term_string\"}}],\"inLanguage\":\"pt-BR\"}]}<\/script>\n<!-- \/ Yoast SEO plugin. -->","yoast_head_json":{"title":"Sess\u00f5es On-Line - XXVII SemeAd","robots":{"index":"index","follow":"follow","max-snippet":"max-snippet:-1","max-image-preview":"max-image-preview:large","max-video-preview":"max-video-preview:-1"},"canonical":"https:\/\/semead.com.br\/27\/sessoes-on-line\/","og_locale":"pt_BR","og_type":"article","og_title":"Sess\u00f5es On-Line - XXVII SemeAd","og_description":"Din\u00e2mica das Sess\u00f5es Virtuais de Apresenta\u00e7\u00e3o de Trabalhos Introdu\u00e7\u00e3o: 4 Minutos O moderador (na sua aus\u00eancia, o assistente de sess\u00e3o) far\u00e1 a apresenta\u00e7\u00e3o do t\u00edtulo da sess\u00e3o, dos trabalhos e dos autores que compor\u00e3o a sess\u00e3o. Apresenta\u00e7\u00e3o: 8 Minutos para cada trabalho (4 rodadas de apresenta\u00e7\u00f5es) O debatedor dever\u00e1 iniciar as apresenta\u00e7\u00f5es com v\u00eddeo do...","og_url":"https:\/\/semead.com.br\/27\/sessoes-on-line\/","og_site_name":"XXVII SemeAd","article_modified_time":"2024-09-13T19:25:30+00:00","og_image":[{"url":"https:\/\/semead.com.br\/27\/wp-content\/uploads\/sites\/18\/2024\/09\/Timeline-2-527x1024.png","type":"","width":"","height":""}],"twitter_card":"summary_large_image","twitter_misc":{"Est. tempo de leitura":"3 minutos"},"schema":{"@context":"https:\/\/schema.org","@graph":[{"@type":"WebPage","@id":"https:\/\/semead.com.br\/27\/sessoes-on-line\/","url":"https:\/\/semead.com.br\/27\/sessoes-on-line\/","name":"Sess\u00f5es On-Line - XXVII SemeAd","isPartOf":{"@id":"https:\/\/semead.com.br\/27\/#website"},"primaryImageOfPage":{"@id":"https:\/\/semead.com.br\/27\/sessoes-on-line\/#primaryimage"},"image":{"@id":"https:\/\/semead.com.br\/27\/sessoes-on-line\/#primaryimage"},"thumbnailUrl":"https:\/\/semead.com.br\/27\/wp-content\/uploads\/sites\/18\/2024\/09\/Timeline-2-527x1024.png","datePublished":"2020-10-07T12:57:20+00:00","dateModified":"2024-09-13T19:25:30+00:00","breadcrumb":{"@id":"https:\/\/semead.com.br\/27\/sessoes-on-line\/#breadcrumb"},"inLanguage":"pt-BR","potentialAction":[{"@type":"ReadAction","target":["https:\/\/semead.com.br\/27\/sessoes-on-line\/"]}]},{"@type":"ImageObject","inLanguage":"pt-BR","@id":"https:\/\/semead.com.br\/27\/sessoes-on-line\/#primaryimage","url":"https:\/\/semead.com.br\/27\/wp-content\/uploads\/sites\/18\/2024\/09\/Timeline-2.png","contentUrl":"https:\/\/semead.com.br\/27\/wp-content\/uploads\/sites\/18\/2024\/09\/Timeline-2.png","width":1197,"height":2326},{"@type":"BreadcrumbList","@id":"https:\/\/semead.com.br\/27\/sessoes-on-line\/#breadcrumb","itemListElement":[{"@type":"ListItem","position":1,"name":"In\u00edcio","item":"https:\/\/semead.com.br\/27\/"},{"@type":"ListItem","position":2,"name":"Sess\u00f5es On-Line"}]},{"@type":"WebSite","@id":"https:\/\/semead.com.br\/27\/#website","url":"https:\/\/semead.com.br\/27\/","name":"XXVII SemeAd","description":"Semin\u00e1rios em Administra\u00e7\u00e3o","potentialAction":[{"@type":"SearchAction","target":{"@type":"EntryPoint","urlTemplate":"https:\/\/semead.com.br\/27\/?s={search_term_string}"},"query-input":{"@type":"PropertyValueSpecification","valueRequired":true,"valueName":"search_term_string"}}],"inLanguage":"pt-BR"}]}},"_links":{"self":[{"href":"https:\/\/semead.com.br\/27\/wp-json\/wp\/v2\/pages\/17036","targetHints":{"allow":["GET"]}}],"collection":[{"href":"https:\/\/semead.com.br\/27\/wp-json\/wp\/v2\/pages"}],"about":[{"href":"https:\/\/semead.com.br\/27\/wp-json\/wp\/v2\/types\/page"}],"author":[{"embeddable":true,"href":"https:\/\/semead.com.br\/27\/wp-json\/wp\/v2\/users\/4"}],"replies":[{"embeddable":true,"href":"https:\/\/semead.com.br\/27\/wp-json\/wp\/v2\/comments?post=17036"}],"version-history":[{"count":3,"href":"https:\/\/semead.com.br\/27\/wp-json\/wp\/v2\/pages\/17036\/revisions"}],"predecessor-version":[{"id":31814,"href":"https:\/\/semead.com.br\/27\/wp-json\/wp\/v2\/pages\/17036\/revisions\/31814"}],"wp:attachment":[{"href":"https:\/\/semead.com.br\/27\/wp-json\/wp\/v2\/media?parent=17036"}],"curies":[{"name":"wp","href":"https:\/\/api.w.org\/{rel}","templated":true}]}}