{"id":20,"date":"2022-07-14T10:53:00","date_gmt":"2022-07-14T13:53:00","guid":{"rendered":"http:\/\/semead.com.br\/?page_id=20"},"modified":"2024-10-31T19:24:25","modified_gmt":"2024-10-31T22:24:25","slug":"estudos-organizacionais","status":"publish","type":"page","link":"https:\/\/semead.com.br\/27\/areas\/cientificas\/estudos-organizacionais\/","title":{"rendered":"Estudos Organizacionais"},"content":{"rendered":"\t\t<div data-elementor-type=\"wp-page\" data-elementor-id=\"20\" class=\"elementor elementor-20\">\n\t\t\t\t\t\t<section class=\"elementor-section elementor-top-section elementor-element elementor-element-6eaca68 elementor-section-full_width elementor-section-height-default elementor-section-height-default\" data-id=\"6eaca68\" data-element_type=\"section\" data-e-type=\"section\">\n\t\t\t\t\t\t<div class=\"elementor-container elementor-column-gap-default\">\n\t\t\t\t\t<div class=\"elementor-column elementor-col-100 elementor-top-column elementor-element elementor-element-4cf6b2d\" data-id=\"4cf6b2d\" data-element_type=\"column\" data-e-type=\"column\">\n\t\t\t<div class=\"elementor-widget-wrap elementor-element-populated\">\n\t\t\t\t\t\t<div class=\"elementor-element elementor-element-8c04b95 elementor-widget elementor-widget-heading\" data-id=\"8c04b95\" data-element_type=\"widget\" data-e-type=\"widget\" data-widget_type=\"heading.default\">\n\t\t\t\t<div class=\"elementor-widget-container\">\n\t\t\t\t\t<h4 class=\"elementor-heading-title elementor-size-default\">Alunos Volunt\u00e1rios<\/h4>\t\t\t\t<\/div>\n\t\t\t\t<\/div>\n\t\t\t\t<div class=\"elementor-element elementor-element-65d3454 elementor-widget elementor-widget-html\" data-id=\"65d3454\" data-element_type=\"widget\" data-e-type=\"widget\" data-widget_type=\"html.default\">\n\t\t\t\t<div class=\"elementor-widget-container\">\n\t\t\t\t\t<iframe src=\"https:\/\/27.semead.com.br\/voluntarios.php?cod_area=5\" width=\"100%\" height=\"800\" frameborder=\"no\"><\/iframe>\t\t\t\t<\/div>\n\t\t\t\t<\/div>\n\t\t\t\t\t<\/div>\n\t\t<\/div>\n\t\t\t\t\t<\/div>\n\t\t<\/section>\n\t\t\t\t<\/div>\n\t\t","protected":false},"excerpt":{"rendered":"<p>Alunos Volunt\u00e1rios<\/p>\n","protected":false},"author":1,"featured_media":0,"parent":9,"menu_order":110,"comment_status":"closed","ping_status":"closed","template":"temas.php","meta":{"_acf_changed":false,"_monsterinsights_skip_tracking":false,"_monsterinsights_sitenote_active":false,"_monsterinsights_sitenote_note":"","_monsterinsights_sitenote_category":0,"footnotes":""},"class_list":["post-20","page","type-page","status-publish","hentry"],"acf":[],"yoast_head":"<!-- This site is optimized with the Yoast SEO plugin v27.1.1 - https:\/\/yoast.com\/product\/yoast-seo-wordpress\/ -->\n<title>Estudos Organizacionais - XXVII SemeAd<\/title>\n<meta name=\"robots\" content=\"index, follow, max-snippet:-1, max-image-preview:large, max-video-preview:-1\" \/>\n<link rel=\"canonical\" href=\"https:\/\/semead.com.br\/27\/areas\/cientificas\/estudos-organizacionais\/\" \/>\n<meta property=\"og:locale\" content=\"pt_BR\" \/>\n<meta property=\"og:type\" content=\"article\" \/>\n<meta property=\"og:title\" content=\"Estudos Organizacionais - XXVII SemeAd\" \/>\n<meta property=\"og:description\" content=\"Alunos Volunt\u00e1rios\" \/>\n<meta property=\"og:url\" content=\"https:\/\/semead.com.br\/27\/areas\/cientificas\/estudos-organizacionais\/\" \/>\n<meta property=\"og:site_name\" content=\"XXVII SemeAd\" \/>\n<meta property=\"article:modified_time\" content=\"2024-10-31T22:24:25+00:00\" \/>\n<meta name=\"twitter:card\" content=\"summary_large_image\" \/>\n<meta name=\"twitter:label1\" content=\"Est. tempo de leitura\" \/>\n\t<meta name=\"twitter:data1\" content=\"1 minuto\" \/>\n<script type=\"application\/ld+json\" class=\"yoast-schema-graph\">{\"@context\":\"https:\/\/schema.org\",\"@graph\":[{\"@type\":\"WebPage\",\"@id\":\"https:\/\/semead.com.br\/27\/areas\/cientificas\/estudos-organizacionais\/\",\"url\":\"https:\/\/semead.com.br\/27\/areas\/cientificas\/estudos-organizacionais\/\",\"name\":\"Estudos Organizacionais - XXVII SemeAd\",\"isPartOf\":{\"@id\":\"https:\/\/semead.com.br\/27\/#website\"},\"datePublished\":\"2022-07-14T13:53:00+00:00\",\"dateModified\":\"2024-10-31T22:24:25+00:00\",\"breadcrumb\":{\"@id\":\"https:\/\/semead.com.br\/27\/areas\/cientificas\/estudos-organizacionais\/#breadcrumb\"},\"inLanguage\":\"pt-BR\",\"potentialAction\":[{\"@type\":\"ReadAction\",\"target\":[\"https:\/\/semead.com.br\/27\/areas\/cientificas\/estudos-organizacionais\/\"]}]},{\"@type\":\"BreadcrumbList\",\"@id\":\"https:\/\/semead.com.br\/27\/areas\/cientificas\/estudos-organizacionais\/#breadcrumb\",\"itemListElement\":[{\"@type\":\"ListItem\",\"position\":1,\"name\":\"In\u00edcio\",\"item\":\"https:\/\/semead.com.br\/27\/\"},{\"@type\":\"ListItem\",\"position\":2,\"name\":\"\u00c1reas\",\"item\":\"https:\/\/semead.com.br\/27\/areas\/\"},{\"@type\":\"ListItem\",\"position\":3,\"name\":\"\u00c1reas Cient\u00edficas\",\"item\":\"https:\/\/semead.com.br\/27\/areas\/cientificas\/\"},{\"@type\":\"ListItem\",\"position\":4,\"name\":\"Estudos Organizacionais\"}]},{\"@type\":\"WebSite\",\"@id\":\"https:\/\/semead.com.br\/27\/#website\",\"url\":\"https:\/\/semead.com.br\/27\/\",\"name\":\"XXVII SemeAd\",\"description\":\"Semin\u00e1rios em Administra\u00e7\u00e3o\",\"potentialAction\":[{\"@type\":\"SearchAction\",\"target\":{\"@type\":\"EntryPoint\",\"urlTemplate\":\"https:\/\/semead.com.br\/27\/?s={search_term_string}\"},\"query-input\":{\"@type\":\"PropertyValueSpecification\",\"valueRequired\":true,\"valueName\":\"search_term_string\"}}],\"inLanguage\":\"pt-BR\"}]}<\/script>\n<!-- \/ Yoast SEO plugin. -->","yoast_head_json":{"title":"Estudos Organizacionais - XXVII SemeAd","robots":{"index":"index","follow":"follow","max-snippet":"max-snippet:-1","max-image-preview":"max-image-preview:large","max-video-preview":"max-video-preview:-1"},"canonical":"https:\/\/semead.com.br\/27\/areas\/cientificas\/estudos-organizacionais\/","og_locale":"pt_BR","og_type":"article","og_title":"Estudos Organizacionais - XXVII SemeAd","og_description":"Alunos Volunt\u00e1rios","og_url":"https:\/\/semead.com.br\/27\/areas\/cientificas\/estudos-organizacionais\/","og_site_name":"XXVII SemeAd","article_modified_time":"2024-10-31T22:24:25+00:00","twitter_card":"summary_large_image","twitter_misc":{"Est. tempo de leitura":"1 minuto"},"schema":{"@context":"https:\/\/schema.org","@graph":[{"@type":"WebPage","@id":"https:\/\/semead.com.br\/27\/areas\/cientificas\/estudos-organizacionais\/","url":"https:\/\/semead.com.br\/27\/areas\/cientificas\/estudos-organizacionais\/","name":"Estudos Organizacionais - XXVII SemeAd","isPartOf":{"@id":"https:\/\/semead.com.br\/27\/#website"},"datePublished":"2022-07-14T13:53:00+00:00","dateModified":"2024-10-31T22:24:25+00:00","breadcrumb":{"@id":"https:\/\/semead.com.br\/27\/areas\/cientificas\/estudos-organizacionais\/#breadcrumb"},"inLanguage":"pt-BR","potentialAction":[{"@type":"ReadAction","target":["https:\/\/semead.com.br\/27\/areas\/cientificas\/estudos-organizacionais\/"]}]},{"@type":"BreadcrumbList","@id":"https:\/\/semead.com.br\/27\/areas\/cientificas\/estudos-organizacionais\/#breadcrumb","itemListElement":[{"@type":"ListItem","position":1,"name":"In\u00edcio","item":"https:\/\/semead.com.br\/27\/"},{"@type":"ListItem","position":2,"name":"\u00c1reas","item":"https:\/\/semead.com.br\/27\/areas\/"},{"@type":"ListItem","position":3,"name":"\u00c1reas Cient\u00edficas","item":"https:\/\/semead.com.br\/27\/areas\/cientificas\/"},{"@type":"ListItem","position":4,"name":"Estudos Organizacionais"}]},{"@type":"WebSite","@id":"https:\/\/semead.com.br\/27\/#website","url":"https:\/\/semead.com.br\/27\/","name":"XXVII SemeAd","description":"Semin\u00e1rios em Administra\u00e7\u00e3o","potentialAction":[{"@type":"SearchAction","target":{"@type":"EntryPoint","urlTemplate":"https:\/\/semead.com.br\/27\/?s={search_term_string}"},"query-input":{"@type":"PropertyValueSpecification","valueRequired":true,"valueName":"search_term_string"}}],"inLanguage":"pt-BR"}]}},"_links":{"self":[{"href":"https:\/\/semead.com.br\/27\/wp-json\/wp\/v2\/pages\/20","targetHints":{"allow":["GET"]}}],"collection":[{"href":"https:\/\/semead.com.br\/27\/wp-json\/wp\/v2\/pages"}],"about":[{"href":"https:\/\/semead.com.br\/27\/wp-json\/wp\/v2\/types\/page"}],"author":[{"embeddable":true,"href":"https:\/\/semead.com.br\/27\/wp-json\/wp\/v2\/users\/1"}],"replies":[{"embeddable":true,"href":"https:\/\/semead.com.br\/27\/wp-json\/wp\/v2\/comments?post=20"}],"version-history":[{"count":3,"href":"https:\/\/semead.com.br\/27\/wp-json\/wp\/v2\/pages\/20\/revisions"}],"predecessor-version":[{"id":32810,"href":"https:\/\/semead.com.br\/27\/wp-json\/wp\/v2\/pages\/20\/revisions\/32810"}],"up":[{"embeddable":true,"href":"https:\/\/semead.com.br\/27\/wp-json\/wp\/v2\/pages\/9"}],"wp:attachment":[{"href":"https:\/\/semead.com.br\/27\/wp-json\/wp\/v2\/media?parent=20"}],"curies":[{"name":"wp","href":"https:\/\/api.w.org\/{rel}","templated":true}]}}