{"id":25039,"date":"2022-06-03T16:41:42","date_gmt":"2022-06-03T19:41:42","guid":{"rendered":"https:\/\/semead.com.br\/27\/?page_id=25039"},"modified":"2024-04-15T12:11:38","modified_gmt":"2024-04-15T15:11:38","slug":"formato-hibrido","status":"publish","type":"page","link":"https:\/\/semead.com.br\/27\/formato-hibrido\/","title":{"rendered":"Formato Hibrido"},"content":{"rendered":"\t\t<div data-elementor-type=\"wp-page\" data-elementor-id=\"25039\" class=\"elementor elementor-25039\">\n\t\t\t\t\t\t<section class=\"elementor-section elementor-top-section elementor-element elementor-element-7f15874 elementor-section-boxed elementor-section-height-default elementor-section-height-default\" data-id=\"7f15874\" data-element_type=\"section\" data-e-type=\"section\">\n\t\t\t\t\t\t<div class=\"elementor-container elementor-column-gap-default\">\n\t\t\t\t\t<div class=\"elementor-column elementor-col-100 elementor-top-column elementor-element elementor-element-b0bcd23\" data-id=\"b0bcd23\" data-element_type=\"column\" data-e-type=\"column\">\n\t\t\t<div class=\"elementor-widget-wrap elementor-element-populated\">\n\t\t\t\t\t\t<div class=\"elementor-element elementor-element-cac08a0 elementor-widget elementor-widget-text-editor\" data-id=\"cac08a0\" data-element_type=\"widget\" data-e-type=\"widget\" data-widget_type=\"text-editor.default\">\n\t\t\t\t<div class=\"elementor-widget-container\">\n\t\t\t\t\t\t\t\t\t<div class=\"zw-paginated zw-page\" data-darkreader-inline-bgcolor=\"\">\n<div class=\"zw-pagecontainer\">\n<div class=\"zw-content-wrapper\">\n<div class=\"selectableSection zw-contentpane\">\n<div class=\"zw-column-container\" data-darkreader-inline-border-left=\"\">\n<div class=\"zw-column\">\n<div class=\"zw-paragraph\" data-width=\"601.92\" data-textformat=\"{&quot;size&quot;:12}\">\n<div class=\"zw-line-div\">\n<div class=\"zw-line-content\">\n<p><span class=\"zw-portion\" data-text-len=\"2\">O&nbsp;<\/span><span class=\"zw-portion\" data-text-len=\"6\">SemeAd<\/span><span class=\"zw-portion\" data-text-len=\"67\"> 2024 ser\u00e1 h\u00edbrido. Exploramos as experi\u00eancias anteriores do evento <\/span><span class=\"zw-portion\" style=\"background-color: var(--darkreader-inline-bgcolor);--darkreader-inline-bgcolor: var(--darkreader-bg--darkreader-inline-bgcolor)\" data-text-len=\"73\" data-darkreader-inline-bgcolor=\"\">presencial, virtual e h\u00edbrido, para fazermos da vig\u00e9sima sexta edi\u00e7\u00e3o do <\/span><span class=\"zw-portion\" style=\"background-color: var(--darkreader-inline-bgcolor);--darkreader-inline-bgcolor: var(--darkreader-bg--darkreader-inline-bgcolor)\" data-text-len=\"6\" data-darkreader-inline-bgcolor=\"\"><span class=\"zw-portion\" style=\"background-color: var(--darkreader-inline-bgcolor);--darkreader-inline-bgcolor: var(--darkreader-bg--darkreader-inline-bgcolor)\" data-text-len=\"6\" data-darkreader-inline-bgcolor=\"\">SemeAd <\/span><\/span>uma experi\u00eancia \u00fanica aos congressistas que optarem pelas atividades virtuais e aos congressistas que optarem pelas atividades presenciais.<\/p>\n<p>Nas sess\u00f5es virtuais os <i>Autores, Moderadores e L\u00edderes de Sess\u00e3o<\/i> participam de forma virtual. Os congressistas que estiverem participando podem assistir \u00e0s sess\u00f5es virtuais nos laborat\u00f3rios da FEA que estar\u00e3o preparados para que os congressistas tenham acesso \u00e0s salas de zoom das sess\u00f5es virtuais.<\/p>\n<p>Nas sess\u00f5es presenciais os <i>Autores, Moderadores e L\u00edderes de Sess\u00e3o<\/i> participam de forma presencial. As salas estar\u00e3o preparadas com c\u00e2meras para que os congressistas que optaram pela participa\u00e7\u00e3o virtual possam assistir.<\/p>\n<p>Algumas atividades ser\u00e3o exclusivas para os participantes da modalidade presencial. Essas atividades ser\u00e3o divulgadas na programa\u00e7\u00e3o.<\/p>\n<p><span style=\"color: #7a7a7a\"><span style=\"font-family: Roboto, serif\">As atividades do Cons\u00f3rcio Pr\u00e9-Doutoral acontecem 100% de forma virtual. <\/span><\/span><\/p>\n<p><span style=\"color: #7a7a7a\"><span style=\"font-family: Roboto, serif\">As atividades do Cons\u00f3rcio Doutoral acontecem 100% de forma presencial.&nbsp;<\/span><\/span><\/p>\n<p><span style=\"color: #7a7a7a\"><span style=\"font-family: Roboto, serif\">O SemeAd Experience, atividades de viv\u00eancia externas, acontecem de forma presencial. Os congressistas optam pela participa\u00e7\u00e3o no ato da inscri\u00e7\u00e3o quando ter\u00e3o acesso \u00e0s op\u00e7\u00f5es de atividades e valores para participar.<\/span><\/span><\/p>\n<p><br><\/p>\n<\/div>\n<\/div>\n<\/div>\n<\/div>\n<\/div>\n<\/div>\n<\/div>\n<\/div>\n<\/div>\n<div class=\"footer_primary header_footer_hidden\">&nbsp;<\/div>\n<div class=\"odd_header_primary header_footer_hidden\">&nbsp;<\/div>\n<div class=\"odd_footer_primary header_footer_hidden\">&nbsp;<\/div>\n<div class=\"even_header_primary header_footer_hidden\">&nbsp;<\/div>\n<div class=\"even_footer_primary header_footer_hidden\">&nbsp;<\/div>\n<div class=\"fst_header_primary header_footer_hidden\">&nbsp;<\/div>\n<div class=\"fst_footer_primary header_footer_hidden\">&nbsp;<\/div>\n<p><span id=\"zohoMultiByteSpan\">&nbsp;<\/span><\/p>\n<div id=\"_zohoPaste\">&nbsp;<\/div>\n<div class=\"zw-paginated zw-page\" data-darkreader-inline-bgcolor=\"\">\n<div class=\"zw-page-gridlines\">&nbsp;<\/div>\n<div class=\"ui-page-collapse-div\">&nbsp;<\/div>\n<div class=\"zw-pagecontainer\">\n<div class=\"float-image-container\">\n<div class=\"float-image-content-container\">&nbsp;<\/div>\n<div class=\"float-image-header-container unselectableSection\">&nbsp;<\/div>\n<div class=\"float-image-footer-container unselectableSection\">&nbsp;<\/div>\n<\/div>\n<div class=\"header_primary ui-hf-container unselectableSection hf-show\">\n<div>\n<div class=\"hf_content\">\n<div class=\"zw-column-container\" data-darkreader-inline-border-left=\"\">\n<div class=\"zw-column\">\n<div class=\"zw-paragraph\" data-width=\"601.92\" data-textformat=\"{&quot;size&quot;:11}\">\n<div class=\"zw-line-div\">\n<div class=\"zw-line-content\"><span class=\"EOP EOP-readonly\">&nbsp;<\/span><\/div>\n<\/div>\n<\/div>\n<\/div>\n<\/div>\n<\/div>\n<\/div>\n<\/div>\n<div class=\"zw-content-wrapper\">\n<div class=\"selectableSection zw-contentpane\">\n<div>\n<div class=\"zw-column-container\" data-darkreader-inline-border-left=\"\">\n<div class=\"zw-column\">\n<div class=\"zw-paragraph\" data-width=\"601.92\" data-textformat=\"{&quot;size&quot;:12}\">\n<div class=\"zw-line-div\">&nbsp;<\/div>\n<\/div>\n<div class=\"zw-paragraph\" data-width=\"601.92\" data-textformat=\"{&quot;size&quot;:12}\">\n<div class=\"zw-line-div\">\n<div class=\"zw-line-content\">&nbsp;<\/div>\n<\/div>\n<\/div>\n<\/div>\n<\/div>\n<\/div>\n<\/div>\n<\/div>\n<\/div>\n<\/div>\t\t\t\t\t\t\t\t<\/div>\n\t\t\t\t<\/div>\n\t\t\t\t\t<\/div>\n\t\t<\/div>\n\t\t\t\t\t<\/div>\n\t\t<\/section>\n\t\t\t\t<\/div>\n\t\t","protected":false},"excerpt":{"rendered":"<p>O&nbsp;SemeAd 2024 ser\u00e1 h\u00edbrido. Exploramos as experi\u00eancias anteriores do evento presencial, virtual e h\u00edbrido, para fazermos da vig\u00e9sima sexta edi\u00e7\u00e3o do SemeAd uma experi\u00eancia \u00fanica aos congressistas que optarem pelas atividades virtuais e aos congressistas que optarem pelas atividades presenciais. Nas sess\u00f5es virtuais os Autores, Moderadores e L\u00edderes de Sess\u00e3o participam de forma virtual. Os&#8230;<\/p>\n","protected":false},"author":13,"featured_media":0,"parent":0,"menu_order":0,"comment_status":"closed","ping_status":"closed","template":"","meta":{"_acf_changed":false,"_monsterinsights_skip_tracking":false,"_monsterinsights_sitenote_active":false,"_monsterinsights_sitenote_note":"","_monsterinsights_sitenote_category":0,"footnotes":""},"class_list":["post-25039","page","type-page","status-publish","hentry"],"acf":[],"yoast_head":"<!-- This site is optimized with the Yoast SEO plugin v27.1.1 - https:\/\/yoast.com\/product\/yoast-seo-wordpress\/ -->\n<title>Formato Hibrido - XXVII SemeAd<\/title>\n<meta name=\"robots\" content=\"index, follow, max-snippet:-1, max-image-preview:large, max-video-preview:-1\" \/>\n<link rel=\"canonical\" href=\"https:\/\/semead.com.br\/27\/formato-hibrido\/\" \/>\n<meta property=\"og:locale\" content=\"pt_BR\" \/>\n<meta property=\"og:type\" content=\"article\" \/>\n<meta property=\"og:title\" content=\"Formato Hibrido - XXVII SemeAd\" \/>\n<meta property=\"og:description\" content=\"O&nbsp;SemeAd 2024 ser\u00e1 h\u00edbrido. Exploramos as experi\u00eancias anteriores do evento presencial, virtual e h\u00edbrido, para fazermos da vig\u00e9sima sexta edi\u00e7\u00e3o do SemeAd uma experi\u00eancia \u00fanica aos congressistas que optarem pelas atividades virtuais e aos congressistas que optarem pelas atividades presenciais. Nas sess\u00f5es virtuais os Autores, Moderadores e L\u00edderes de Sess\u00e3o participam de forma virtual. Os...\" \/>\n<meta property=\"og:url\" content=\"https:\/\/semead.com.br\/27\/formato-hibrido\/\" \/>\n<meta property=\"og:site_name\" content=\"XXVII SemeAd\" \/>\n<meta property=\"article:modified_time\" content=\"2024-04-15T15:11:38+00:00\" \/>\n<meta name=\"twitter:card\" content=\"summary_large_image\" \/>\n<meta name=\"twitter:label1\" content=\"Est. tempo de leitura\" \/>\n\t<meta name=\"twitter:data1\" content=\"2 minutos\" \/>\n<script type=\"application\/ld+json\" class=\"yoast-schema-graph\">{\"@context\":\"https:\/\/schema.org\",\"@graph\":[{\"@type\":\"WebPage\",\"@id\":\"https:\/\/semead.com.br\/27\/formato-hibrido\/\",\"url\":\"https:\/\/semead.com.br\/27\/formato-hibrido\/\",\"name\":\"Formato Hibrido - XXVII SemeAd\",\"isPartOf\":{\"@id\":\"https:\/\/semead.com.br\/27\/#website\"},\"datePublished\":\"2022-06-03T19:41:42+00:00\",\"dateModified\":\"2024-04-15T15:11:38+00:00\",\"breadcrumb\":{\"@id\":\"https:\/\/semead.com.br\/27\/formato-hibrido\/#breadcrumb\"},\"inLanguage\":\"pt-BR\",\"potentialAction\":[{\"@type\":\"ReadAction\",\"target\":[\"https:\/\/semead.com.br\/27\/formato-hibrido\/\"]}]},{\"@type\":\"BreadcrumbList\",\"@id\":\"https:\/\/semead.com.br\/27\/formato-hibrido\/#breadcrumb\",\"itemListElement\":[{\"@type\":\"ListItem\",\"position\":1,\"name\":\"In\u00edcio\",\"item\":\"https:\/\/semead.com.br\/27\/\"},{\"@type\":\"ListItem\",\"position\":2,\"name\":\"Formato Hibrido\"}]},{\"@type\":\"WebSite\",\"@id\":\"https:\/\/semead.com.br\/27\/#website\",\"url\":\"https:\/\/semead.com.br\/27\/\",\"name\":\"XXVII SemeAd\",\"description\":\"Semin\u00e1rios em Administra\u00e7\u00e3o\",\"potentialAction\":[{\"@type\":\"SearchAction\",\"target\":{\"@type\":\"EntryPoint\",\"urlTemplate\":\"https:\/\/semead.com.br\/27\/?s={search_term_string}\"},\"query-input\":{\"@type\":\"PropertyValueSpecification\",\"valueRequired\":true,\"valueName\":\"search_term_string\"}}],\"inLanguage\":\"pt-BR\"}]}<\/script>\n<!-- \/ Yoast SEO plugin. -->","yoast_head_json":{"title":"Formato Hibrido - XXVII SemeAd","robots":{"index":"index","follow":"follow","max-snippet":"max-snippet:-1","max-image-preview":"max-image-preview:large","max-video-preview":"max-video-preview:-1"},"canonical":"https:\/\/semead.com.br\/27\/formato-hibrido\/","og_locale":"pt_BR","og_type":"article","og_title":"Formato Hibrido - XXVII SemeAd","og_description":"O&nbsp;SemeAd 2024 ser\u00e1 h\u00edbrido. Exploramos as experi\u00eancias anteriores do evento presencial, virtual e h\u00edbrido, para fazermos da vig\u00e9sima sexta edi\u00e7\u00e3o do SemeAd uma experi\u00eancia \u00fanica aos congressistas que optarem pelas atividades virtuais e aos congressistas que optarem pelas atividades presenciais. Nas sess\u00f5es virtuais os Autores, Moderadores e L\u00edderes de Sess\u00e3o participam de forma virtual. Os...","og_url":"https:\/\/semead.com.br\/27\/formato-hibrido\/","og_site_name":"XXVII SemeAd","article_modified_time":"2024-04-15T15:11:38+00:00","twitter_card":"summary_large_image","twitter_misc":{"Est. tempo de leitura":"2 minutos"},"schema":{"@context":"https:\/\/schema.org","@graph":[{"@type":"WebPage","@id":"https:\/\/semead.com.br\/27\/formato-hibrido\/","url":"https:\/\/semead.com.br\/27\/formato-hibrido\/","name":"Formato Hibrido - XXVII SemeAd","isPartOf":{"@id":"https:\/\/semead.com.br\/27\/#website"},"datePublished":"2022-06-03T19:41:42+00:00","dateModified":"2024-04-15T15:11:38+00:00","breadcrumb":{"@id":"https:\/\/semead.com.br\/27\/formato-hibrido\/#breadcrumb"},"inLanguage":"pt-BR","potentialAction":[{"@type":"ReadAction","target":["https:\/\/semead.com.br\/27\/formato-hibrido\/"]}]},{"@type":"BreadcrumbList","@id":"https:\/\/semead.com.br\/27\/formato-hibrido\/#breadcrumb","itemListElement":[{"@type":"ListItem","position":1,"name":"In\u00edcio","item":"https:\/\/semead.com.br\/27\/"},{"@type":"ListItem","position":2,"name":"Formato Hibrido"}]},{"@type":"WebSite","@id":"https:\/\/semead.com.br\/27\/#website","url":"https:\/\/semead.com.br\/27\/","name":"XXVII SemeAd","description":"Semin\u00e1rios em Administra\u00e7\u00e3o","potentialAction":[{"@type":"SearchAction","target":{"@type":"EntryPoint","urlTemplate":"https:\/\/semead.com.br\/27\/?s={search_term_string}"},"query-input":{"@type":"PropertyValueSpecification","valueRequired":true,"valueName":"search_term_string"}}],"inLanguage":"pt-BR"}]}},"_links":{"self":[{"href":"https:\/\/semead.com.br\/27\/wp-json\/wp\/v2\/pages\/25039","targetHints":{"allow":["GET"]}}],"collection":[{"href":"https:\/\/semead.com.br\/27\/wp-json\/wp\/v2\/pages"}],"about":[{"href":"https:\/\/semead.com.br\/27\/wp-json\/wp\/v2\/types\/page"}],"author":[{"embeddable":true,"href":"https:\/\/semead.com.br\/27\/wp-json\/wp\/v2\/users\/13"}],"replies":[{"embeddable":true,"href":"https:\/\/semead.com.br\/27\/wp-json\/wp\/v2\/comments?post=25039"}],"version-history":[{"count":0,"href":"https:\/\/semead.com.br\/27\/wp-json\/wp\/v2\/pages\/25039\/revisions"}],"wp:attachment":[{"href":"https:\/\/semead.com.br\/27\/wp-json\/wp\/v2\/media?parent=25039"}],"curies":[{"name":"wp","href":"https:\/\/api.w.org\/{rel}","templated":true}]}}