{"id":29884,"date":"2023-09-10T18:12:52","date_gmt":"2023-09-10T21:12:52","guid":{"rendered":"https:\/\/semead.com.br\/27\/?page_id=29884"},"modified":"2024-10-30T19:32:45","modified_gmt":"2024-10-30T22:32:45","slug":"empenho","status":"publish","type":"page","link":"https:\/\/semead.com.br\/27\/empenho\/","title":{"rendered":"Empenho"},"content":{"rendered":"\n<h4 class=\"wp-block-heading\">Observa\u00e7\u00f5es importantes: <\/h4>\n\n\n\n<p>O pagamento da inscri\u00e7\u00e3o pode ser via empenho.<\/p>\n\n\n\n<p>A inscri\u00e7\u00e3o do participante dever\u00e1 ser individual.<\/p>\n\n\n\n<p>N\u00e3o emitimos nota fiscal somente recibo, o qual ser\u00e1 emitido ao final da sua inscri\u00e7\u00e3o e dever\u00e1 ser enviado para a sua institui\u00e7\u00e3o para solicita\u00e7\u00e3o do empenho.<\/p>\n\n\n\n<p>Qualquer documento adicional que a Universidade pagante exija, dever\u00e1 ser solicitado por email contato@semead.com.br e o prazo para atendimento ser\u00e1 de at\u00e9 7 dias \u00fateis.<\/p>\n\n\n\n<h4 class=\"wp-block-heading\">Procedimentos para realiza\u00e7\u00e3o da inscri\u00e7\u00e3o (<b>at\u00e9 8\/10\/2024)<\/b>:<\/h4>\n\n\n\n<p>\n\t\tA inscri\u00e7\u00e3o atrav\u00e9s de &#8220;Nota de Empenho&#8221; dever\u00e1 ser providenciada diretamente pelo participante junto \u00e0 sua institui\u00e7\u00e3o. O autor com trabalho aprovado dever\u00e1 informar os seguintes dados a sua institui\u00e7\u00e3o:<\/p>\n\n\n\n<h4 class=\"wp-block-heading\">Dados da institui\u00e7\u00e3o para emiss\u00e3o da Nota de Empenho:<\/h4>\n\n\n\n<p>Funda\u00e7\u00e3o Instituto de Administra\u00e7\u00e3o FIA <br> CNPJ: 44.315.919\/0001-40<br> Dados da Conta banc\u00e1ria:<br> Banco Ita\u00fa n\u00ba 341<br> Ag. 0445<br> C\/C: 59781-8<\/p>\n\n\n\n<p><strong>Certid\u00f5es<\/strong><\/p>\n\n\n\n<p><a href=\"https:\/\/semead.com.br\/27\/wp-content\/uploads\/sites\/18\/2024\/09\/Certidao-Conjunta-val.31-12-2024.pdf\" target=\"_blank\" rel=\"noreferrer noopener\">Certid\u00e3o Negativa da Receita Federal<br><\/a><a href=\"https:\/\/semead.com.br\/27\/wp-content\/uploads\/sites\/18\/2024\/09\/Tributos-Mobiliarios-val.22-01-2025.pdf\" target=\"_blank\" rel=\"noreferrer noopener\">Certid\u00e3o Negativa da Receita Municipal<br><\/a><a href=\"https:\/\/semead.com.br\/27\/wp-content\/uploads\/sites\/18\/2024\/10\/FGTS-13.11.2024.pdf\" target=\"_blank\" rel=\"noreferrer noopener\">Certid\u00e3o Negativa do FGTS<br><\/a><a href=\"https:\/\/semead.com.br\/27\/wp-content\/uploads\/sites\/18\/2024\/09\/CNDT_val.31.12.2024.pdf\" target=\"_blank\" rel=\"noreferrer noopener\">Certid\u00e3o Negativa Trabalhista<\/a><br><a href=\"https:\/\/semead.com.br\/27\/wp-content\/uploads\/sites\/18\/2024\/09\/Declaracao-de-Imunidade-Tributaria_val_12.02.25.pdf\" target=\"_blank\" rel=\"noreferrer noopener\">Declara\u00e7\u00e3o de imunidade<\/a><br><a href=\"https:\/\/semead.com.br\/27\/wp-content\/uploads\/sites\/18\/2024\/10\/SEMEAD-declaracao-FIA.pdf\" target=\"_blank\" rel=\"noreferrer noopener\">Declara\u00e7\u00e3o de coopera\u00e7\u00e3o FIA &#8211; SemeAd<\/a><\/p>\n","protected":false},"excerpt":{"rendered":"<p>Observa\u00e7\u00f5es importantes: O pagamento da inscri\u00e7\u00e3o pode ser via empenho. A inscri\u00e7\u00e3o do participante dever\u00e1 ser individual. N\u00e3o emitimos nota fiscal somente recibo, o qual ser\u00e1 emitido ao final da sua inscri\u00e7\u00e3o e dever\u00e1 ser enviado para a sua institui\u00e7\u00e3o para solicita\u00e7\u00e3o do empenho. Qualquer documento adicional que a Universidade pagante exija, dever\u00e1 ser solicitado&#8230;<\/p>\n","protected":false},"author":4,"featured_media":0,"parent":0,"menu_order":0,"comment_status":"closed","ping_status":"closed","template":"","meta":{"_acf_changed":false,"_monsterinsights_skip_tracking":false,"_monsterinsights_sitenote_active":false,"_monsterinsights_sitenote_note":"","_monsterinsights_sitenote_category":0,"footnotes":""},"class_list":["post-29884","page","type-page","status-publish","hentry"],"acf":[],"yoast_head":"<!-- This site is optimized with the Yoast SEO plugin v27.1.1 - https:\/\/yoast.com\/product\/yoast-seo-wordpress\/ -->\n<title>Empenho - XXVII SemeAd<\/title>\n<meta name=\"robots\" content=\"index, follow, max-snippet:-1, max-image-preview:large, max-video-preview:-1\" \/>\n<link rel=\"canonical\" href=\"https:\/\/semead.com.br\/27\/empenho\/\" \/>\n<meta property=\"og:locale\" content=\"pt_BR\" \/>\n<meta property=\"og:type\" content=\"article\" \/>\n<meta property=\"og:title\" content=\"Empenho - XXVII SemeAd\" \/>\n<meta property=\"og:description\" content=\"Observa\u00e7\u00f5es importantes: O pagamento da inscri\u00e7\u00e3o pode ser via empenho. A inscri\u00e7\u00e3o do participante dever\u00e1 ser individual. N\u00e3o emitimos nota fiscal somente recibo, o qual ser\u00e1 emitido ao final da sua inscri\u00e7\u00e3o e dever\u00e1 ser enviado para a sua institui\u00e7\u00e3o para solicita\u00e7\u00e3o do empenho. Qualquer documento adicional que a Universidade pagante exija, dever\u00e1 ser solicitado...\" \/>\n<meta property=\"og:url\" content=\"https:\/\/semead.com.br\/27\/empenho\/\" \/>\n<meta property=\"og:site_name\" content=\"XXVII SemeAd\" \/>\n<meta property=\"article:modified_time\" content=\"2024-10-30T22:32:45+00:00\" \/>\n<meta name=\"twitter:card\" content=\"summary_large_image\" \/>\n<meta name=\"twitter:label1\" content=\"Est. tempo de leitura\" \/>\n\t<meta name=\"twitter:data1\" content=\"1 minuto\" \/>\n<script type=\"application\/ld+json\" class=\"yoast-schema-graph\">{\"@context\":\"https:\/\/schema.org\",\"@graph\":[{\"@type\":\"WebPage\",\"@id\":\"https:\/\/semead.com.br\/27\/empenho\/\",\"url\":\"https:\/\/semead.com.br\/27\/empenho\/\",\"name\":\"Empenho - XXVII SemeAd\",\"isPartOf\":{\"@id\":\"https:\/\/semead.com.br\/27\/#website\"},\"datePublished\":\"2023-09-10T21:12:52+00:00\",\"dateModified\":\"2024-10-30T22:32:45+00:00\",\"breadcrumb\":{\"@id\":\"https:\/\/semead.com.br\/27\/empenho\/#breadcrumb\"},\"inLanguage\":\"pt-BR\",\"potentialAction\":[{\"@type\":\"ReadAction\",\"target\":[\"https:\/\/semead.com.br\/27\/empenho\/\"]}]},{\"@type\":\"BreadcrumbList\",\"@id\":\"https:\/\/semead.com.br\/27\/empenho\/#breadcrumb\",\"itemListElement\":[{\"@type\":\"ListItem\",\"position\":1,\"name\":\"In\u00edcio\",\"item\":\"https:\/\/semead.com.br\/27\/\"},{\"@type\":\"ListItem\",\"position\":2,\"name\":\"Empenho\"}]},{\"@type\":\"WebSite\",\"@id\":\"https:\/\/semead.com.br\/27\/#website\",\"url\":\"https:\/\/semead.com.br\/27\/\",\"name\":\"XXVII SemeAd\",\"description\":\"Semin\u00e1rios em Administra\u00e7\u00e3o\",\"potentialAction\":[{\"@type\":\"SearchAction\",\"target\":{\"@type\":\"EntryPoint\",\"urlTemplate\":\"https:\/\/semead.com.br\/27\/?s={search_term_string}\"},\"query-input\":{\"@type\":\"PropertyValueSpecification\",\"valueRequired\":true,\"valueName\":\"search_term_string\"}}],\"inLanguage\":\"pt-BR\"}]}<\/script>\n<!-- \/ Yoast SEO plugin. -->","yoast_head_json":{"title":"Empenho - XXVII SemeAd","robots":{"index":"index","follow":"follow","max-snippet":"max-snippet:-1","max-image-preview":"max-image-preview:large","max-video-preview":"max-video-preview:-1"},"canonical":"https:\/\/semead.com.br\/27\/empenho\/","og_locale":"pt_BR","og_type":"article","og_title":"Empenho - XXVII SemeAd","og_description":"Observa\u00e7\u00f5es importantes: O pagamento da inscri\u00e7\u00e3o pode ser via empenho. A inscri\u00e7\u00e3o do participante dever\u00e1 ser individual. N\u00e3o emitimos nota fiscal somente recibo, o qual ser\u00e1 emitido ao final da sua inscri\u00e7\u00e3o e dever\u00e1 ser enviado para a sua institui\u00e7\u00e3o para solicita\u00e7\u00e3o do empenho. Qualquer documento adicional que a Universidade pagante exija, dever\u00e1 ser solicitado...","og_url":"https:\/\/semead.com.br\/27\/empenho\/","og_site_name":"XXVII SemeAd","article_modified_time":"2024-10-30T22:32:45+00:00","twitter_card":"summary_large_image","twitter_misc":{"Est. tempo de leitura":"1 minuto"},"schema":{"@context":"https:\/\/schema.org","@graph":[{"@type":"WebPage","@id":"https:\/\/semead.com.br\/27\/empenho\/","url":"https:\/\/semead.com.br\/27\/empenho\/","name":"Empenho - XXVII SemeAd","isPartOf":{"@id":"https:\/\/semead.com.br\/27\/#website"},"datePublished":"2023-09-10T21:12:52+00:00","dateModified":"2024-10-30T22:32:45+00:00","breadcrumb":{"@id":"https:\/\/semead.com.br\/27\/empenho\/#breadcrumb"},"inLanguage":"pt-BR","potentialAction":[{"@type":"ReadAction","target":["https:\/\/semead.com.br\/27\/empenho\/"]}]},{"@type":"BreadcrumbList","@id":"https:\/\/semead.com.br\/27\/empenho\/#breadcrumb","itemListElement":[{"@type":"ListItem","position":1,"name":"In\u00edcio","item":"https:\/\/semead.com.br\/27\/"},{"@type":"ListItem","position":2,"name":"Empenho"}]},{"@type":"WebSite","@id":"https:\/\/semead.com.br\/27\/#website","url":"https:\/\/semead.com.br\/27\/","name":"XXVII SemeAd","description":"Semin\u00e1rios em Administra\u00e7\u00e3o","potentialAction":[{"@type":"SearchAction","target":{"@type":"EntryPoint","urlTemplate":"https:\/\/semead.com.br\/27\/?s={search_term_string}"},"query-input":{"@type":"PropertyValueSpecification","valueRequired":true,"valueName":"search_term_string"}}],"inLanguage":"pt-BR"}]}},"_links":{"self":[{"href":"https:\/\/semead.com.br\/27\/wp-json\/wp\/v2\/pages\/29884","targetHints":{"allow":["GET"]}}],"collection":[{"href":"https:\/\/semead.com.br\/27\/wp-json\/wp\/v2\/pages"}],"about":[{"href":"https:\/\/semead.com.br\/27\/wp-json\/wp\/v2\/types\/page"}],"author":[{"embeddable":true,"href":"https:\/\/semead.com.br\/27\/wp-json\/wp\/v2\/users\/4"}],"replies":[{"embeddable":true,"href":"https:\/\/semead.com.br\/27\/wp-json\/wp\/v2\/comments?post=29884"}],"version-history":[{"count":2,"href":"https:\/\/semead.com.br\/27\/wp-json\/wp\/v2\/pages\/29884\/revisions"}],"predecessor-version":[{"id":32649,"href":"https:\/\/semead.com.br\/27\/wp-json\/wp\/v2\/pages\/29884\/revisions\/32649"}],"wp:attachment":[{"href":"https:\/\/semead.com.br\/27\/wp-json\/wp\/v2\/media?parent=29884"}],"curies":[{"name":"wp","href":"https:\/\/api.w.org\/{rel}","templated":true}]}}