{"id":30121,"date":"2023-10-03T14:36:39","date_gmt":"2023-10-03T17:36:39","guid":{"rendered":"https:\/\/semead.com.br\/27\/?page_id=30121"},"modified":"2024-11-01T11:51:54","modified_gmt":"2024-11-01T14:51:54","slug":"programacao-sintetica","status":"publish","type":"page","link":"https:\/\/semead.com.br\/27\/programacao-sintetica\/","title":{"rendered":"Programa\u00e7\u00e3o Sint\u00e9tica"},"content":{"rendered":"\n<p>Sujeita a altera\u00e7\u00e3o<\/p>\n\n\n\n<figure class=\"wp-block-table\"><table><tbody><tr><td><strong>DIA 05\/11 \u2013 TER\u00c7A-FEIRA- CONS\u00d3RCIO DOUTORAL, SEMIN\u00c1RIOS DE PREPARA\u00c7\u00c3O E SAPIENS<\/strong><\/td><\/tr><\/tbody><\/table><\/figure>\n\n\n\n<figure class=\"wp-block-table is-style-stripes programacao\"><table><thead><tr><th>Hor\u00e1rio<\/th><th>Atividade<\/th><th>Formato<\/th><\/tr><\/thead><tbody><tr><td>08:00 &#8211; 18:00<\/td><td><strong>Visitas T\u00e9cnicas<\/strong><\/td><td><p class=\"programacao-presencial\">Presencial<\/p><\/td><\/tr><tr><td>08:00 &#8211; 09:00<\/td><td><strong>Palestra<\/strong><\/td><td><p class=\"programacao-presencial\">Presencial<\/p><\/td><\/tr><tr><td>09:00 &#8211; 10:30<\/td><td><strong>Cons\u00f3rcio Doutoral: Atividade de Aprimoramento dos Projetos<\/strong><\/td><td><p class=\"programacao-presencial\">Presencial<\/p><\/td><\/tr><tr><td>11:00 &#8211; 12:30<\/td><td><strong>Cons\u00f3rcio Doutoral: Bancas\/Pitch dos Projetos do Cons\u00f3rcio&nbsp;Doutoral<\/strong><\/td><td><p class=\"programacao-presencial\">Presencial<\/p><\/td><\/tr><tr><td>10:00 &#8211; 11:30<\/td><td><strong>Bancas de Encontro Pr\u00e9-Doutoral<\/strong><\/td><td><p class=\"programacao-virtual\">Virtual<\/p><\/td><\/tr><tr><td>12:00 &#8211; 14:00<\/td><td><strong>Almo\u00e7o<\/strong><\/td><td><\/td><\/tr><tr><td>14:00 &#8211; 15:30<\/td><td><strong>Sapiens Online<\/strong><\/td><td><p class=\"programacao-virtual\">Virtual<\/p><\/td><\/tr><tr><td>16:00 &#8211; 17:30<\/td><td><strong>Sapiens Online<\/strong><\/td><td><p class=\"programacao-virtual\">Virtual<\/p><\/td><\/tr><\/tbody><\/table><\/figure>\n\n\n\n<figure class=\"wp-block-table\"><table><tbody><tr><td><strong>DIA 06\/11 \u2013 QUARTA-FEIRA<\/strong><\/td><\/tr><\/tbody><\/table><\/figure>\n\n\n\n<figure class=\"wp-block-table is-style-stripes programacao\"><table><thead><tr><th>Hor\u00e1rio<\/th><th>Atividade<\/th><th>Formato<\/th><\/tr><\/thead><tbody><tr><td>08:00 &#8211; 08:30<\/td><td><strong>Credenciamento<\/strong><\/td><td><p class=\"programacao-presencial\">Presencial<\/p><\/td><\/tr><tr><td>08:30 &#8211; 10:00<\/td><td><strong>Sess\u00e3o de Apresenta\u00e7\u00e3o de Trabalhos (1) <\/strong><\/td><td><p class=\"programacao-presencial\">Presencial<\/p><p class=\"programacao-virtual\">Virtual<\/p><\/td><\/tr><tr><td>08:30 &#8211; 10:00<\/td><td><strong>Sapiens Administra\u00e7\u00e3o P\u00fablica, Agribusiness e Opera\u00e7\u00f5es<\/strong><\/td><td><p class=\"programacao-presencial\">Presencial<\/p><\/td><\/tr><tr><td>10:00 &#8211; 10:30<\/td><td><strong>Intervalo<\/strong><\/td><td><\/td><\/tr><tr><td>11:00 &#8211; 12:30<\/td><td><strong>Abertura<\/strong> &#8211; Audit\u00f3rio Camargo Guarnieri<\/td><td><p class=\"programacao-presencial\">Presencial<\/p><\/td><\/tr><tr><td>12:30 &#8211; 14:00<\/td><td><strong>Almo\u00e7o<\/strong><\/td><td><\/td><\/tr><tr><td>14:00 &#8211; 15:30<\/td><td><strong>Keynote Speaker<\/strong><\/td><td><p class=\"programacao-presencial\">Presencial<\/p><\/td><\/tr><tr><td>14:00 &#8211; 15:30<\/td><td><strong>Painel<\/strong><\/td><td><p class=\"programacao-presencial\">Presencial<\/p><\/td><\/tr><tr><td>14:00 &#8211; 15:30 <\/td><td><strong>Business Speaker<\/strong><\/td><td><p class=\"programacao-presencial\">Presencial<\/p><\/td><\/tr><tr><td>15:30 &#8211; 17:00<\/td><td><strong>Workshops<\/strong><\/td><td><p class=\"programacao-presencial\">Presencial<\/p><p class=\"programacao-virtual\">Virtual<\/p><\/td><\/tr><tr><td>17:00 &#8211; 17:30<\/td><td>Intervalo &#8211; Coffee Break<\/td><td><\/td><\/tr><tr><td>17:30 &#8211; 19:00<\/td><td><strong>Sess\u00e3o de Apresenta\u00e7\u00e3o de Trabalhos (2) <\/strong><\/td><td><p class=\"programacao-presencial\">Presencial<\/p><p class=\"programacao-virtual\">Virtual<\/p><\/td><\/tr><tr><td>17:30 &#8211; 19:00<\/td><td><strong>Sapiens Estudos Organizacionais e Turismo e Hospitalidade<\/strong><\/td><td><p class=\"programacao-presencial\">Presencial<\/p><\/td><\/tr><\/tbody><\/table><\/figure>\n\n\n\n<figure class=\"wp-block-table\"><table><tbody><tr><td><strong>DIA 07\/11 \u2013 QUINTA-FEIRA<\/strong><\/td><\/tr><\/tbody><\/table><\/figure>\n\n\n\n<figure class=\"wp-block-table is-style-stripes programacao\"><table><thead><tr><th>Hor\u00e1rio<\/th><th>Atividade<\/th><th>Formato<\/th><\/tr><\/thead><tbody><tr><td>08:00 &#8211; 08:30<\/td><td><strong>Credenciamento<\/strong><\/td><td><p class=\"programacao-presencial\">Presencial<\/p><\/td><\/tr><tr><td>08:30 &#8211; 10:00<\/td><td><strong>Sess\u00e3o de Apresenta\u00e7\u00e3o de Trabalhos (3) <\/strong><\/td><td><p class=\"programacao-presencial\">Presencial<\/p><p class=\"programacao-virtual\">Virtual<\/p><\/td><\/tr><tr><td>08:30 \u2013 10:00<\/td><td><strong>Sapiens Estrat\u00e9gia e Gest\u00e3o Socioambiental<\/strong><\/td><td><p class=\"programacao-presencial\">Presencial<\/p><\/td><\/tr><tr><td>10:00 &#8211; 10:30<\/td><td><strong>Intervalo<\/strong> &#8211; Coffee Break<\/td><td><\/td><\/tr><tr><td>10:30 &#8211; 12:00<\/td><td><strong>Workshops<\/strong><\/td><td><p class=\"programacao-presencial\">Presencial<\/p><p class=\"programacao-virtual\">Virtual<\/p><\/td><\/tr><tr><td>11:00 &#8211; 12:30<\/td><td><strong>Meeting with the Editors SEMEAD 2024<\/strong><\/td><td><p class=\"programacao-virtual\">Virtual<\/p><\/td><\/tr><tr><td>12:00 &#8211; 13:00<\/td><td><strong>Almo\u00e7o<\/strong><\/td><td><\/td><\/tr><tr><td>13:00 &#8211; 14:30<\/td><td><strong>Keynote Speaker<\/strong><\/td><td><p class=\"programacao-presencial\">Presencial<\/p><\/td><\/tr><tr><td>13:00 &#8211; 14:30<\/td><td><strong>Painel <\/strong><\/td><td><p class=\"programacao-presencial\">Presencial<\/p><\/td><\/tr><tr><td>13:00 &#8211; 14:30<\/td><td><strong>Business Speaker<\/strong><\/td><td><p class=\"programacao-presencial\">Presencial<\/p><\/td><\/tr><tr><td>14:30 &#8211; 16:00<\/td><td><strong>Workshops<\/strong><\/td><td><p class=\"programacao-presencial\">Presencial<\/p><p class=\"programacao-virtual\">Virtual<\/p><\/td><\/tr><tr><td>16:00 &#8211; 16:30<\/td><td><strong>Intervalo <\/strong>&#8211; Coffee Break<\/td><td><\/td><\/tr><tr><td>16:30 &#8211; 18:00<\/td><td><strong>Sess\u00e3o de Apresenta\u00e7\u00e3o de Trabalhos (4) <\/strong><\/td><td><p class=\"programacao-presencial\">Presencial<\/p><p class=\"programacao-virtual\">Virtual<\/p><\/td><\/tr><tr><td>16:30 &#8211; 18:00<\/td><td><strong>Sapiens Gest\u00e3o de Pessoas e Gest\u00e3o da Inova\u00e7\u00e3o<\/strong><\/td><td><p class=\"programacao-presencial\">Presencial<\/p><\/td><\/tr><tr><td>18:30 &#8211; 20:00<\/td><td><strong>Premia\u00e7\u00e3o e Fast-Track<\/strong> &#8211; Audit\u00f3rio FEA-5<\/td><td><\/td><\/tr><\/tbody><\/table><\/figure>\n\n\n\n<figure class=\"wp-block-table\"><table><tbody><tr><td><strong>DIA 08\/11 \u2013 SEXTA-FEIRA<\/strong><\/td><\/tr><\/tbody><\/table><\/figure>\n\n\n\n<figure class=\"wp-block-table is-style-stripes programacao\"><table><thead><tr><th>Hor\u00e1rio<\/th><th>Atividade<\/th><th>Formato<\/th><\/tr><\/thead><tbody><tr><td>08:00 &#8211; 08:30<\/td><td><strong>Credenciamento<\/strong><\/td><td><p class=\"programacao-presencial\">Presencial<\/p><\/td><\/tr><tr><td>08:30 &#8211; 10:00<\/td><td><strong>Sess\u00e3o de Apresenta\u00e7\u00e3o de Trabalhos (5) <\/strong><\/td><td><p class=\"programacao-presencial\">Presencial<\/p><p class=\"programacao-virtual\">Virtual<\/p><\/td><\/tr><tr><td>08:30 &#8211; 10:00<\/td><td><strong>Sapiens Finan\u00e7as, Ensino e Pesquisa e Empreendedorismo<\/strong><\/td><td><p class=\"programacao-presencial\">Presencial<\/p><\/td><\/tr><tr><td>10:00 &#8211; 10:30<\/td><td><strong>Intervalo<\/strong> &#8211; Coffee Break<\/td><td><\/td><\/tr><tr><td>10:30 &#8211; 12:00<\/td><td><strong>Workshops<\/strong><\/td><td><p class=\"programacao-presencial\">Presencial<\/p><p class=\"programacao-virtual\">Virtual<\/p><\/td><\/tr><tr><td>12:00 &#8211; 13:00<\/td><td><strong>Almo\u00e7o<\/strong><\/td><td><\/td><\/tr><tr><td>13:00 &#8211; 14:30<\/td><td><strong>Keynote Speaker<\/strong><\/td><td><p class=\"programacao-presencial\">Presencial<\/p><\/td><\/tr><tr><td>13:00 &#8211; 14:30<\/td><td><strong>Painel <\/strong><\/td><td><p class=\"programacao-presencial\">Presencial<\/p><\/td><\/tr><tr><td>13:00 &#8211; 14:30<\/td><td><strong>Business Speaker<\/strong><\/td><td><p class=\"programacao-presencial\">Presencial<\/p><\/td><\/tr><tr><td>14:30 &#8211; 16:00<\/td><td><strong>Workshops<\/strong><\/td><td><p class=\"programacao-presencial\">Presencial<\/p><p class=\"programacao-virtual\">Virtual<\/p><\/td><\/tr><tr><td>16:00 &#8211; 16:30<\/td><td><strong>Intervalo <\/strong>&#8211; Coffee Break<\/td><td><\/td><\/tr><tr><td>16:30 &#8211; 18:00<\/td><td><strong>Sess\u00e3o de Apresenta\u00e7\u00e3o de Trabalhos (6) <\/strong><\/td><td><p class=\"programacao-presencial\">Presencial<\/p><p class=\"programacao-virtual\">Virtual<\/p><\/td><\/tr><tr><td>16:30 &#8211; 18:00<\/td><td><strong>Sapiens Marketing e Tecnologia da Informa\u00e7\u00e3o<\/strong><\/td><td><p class=\"programacao-presencial\">Presencial<\/p><\/td><\/tr><\/tbody><\/table><\/figure>\n\n\n\n<p><\/p>\n","protected":false},"excerpt":{"rendered":"<p>Sujeita a altera\u00e7\u00e3o DIA 05\/11 \u2013 TER\u00c7A-FEIRA- CONS\u00d3RCIO DOUTORAL, SEMIN\u00c1RIOS DE PREPARA\u00c7\u00c3O E SAPIENS Hor\u00e1rio Atividade Formato 08:00 &#8211; 18:00 Visitas T\u00e9cnicas Presencial 08:00 &#8211; 09:00 Palestra Presencial 09:00 &#8211; 10:30 Cons\u00f3rcio Doutoral: Atividade de Aprimoramento dos Projetos Presencial 11:00 &#8211; 12:30 Cons\u00f3rcio Doutoral: Bancas\/Pitch dos Projetos do Cons\u00f3rcio&nbsp;Doutoral Presencial 10:00 &#8211; 11:30 Bancas de&#8230;<\/p>\n","protected":false},"author":14,"featured_media":0,"parent":0,"menu_order":0,"comment_status":"closed","ping_status":"closed","template":"","meta":{"_acf_changed":false,"_monsterinsights_skip_tracking":false,"_monsterinsights_sitenote_active":false,"_monsterinsights_sitenote_note":"","_monsterinsights_sitenote_category":0,"footnotes":""},"class_list":["post-30121","page","type-page","status-publish","hentry"],"acf":[],"yoast_head":"<!-- This site is optimized with the Yoast SEO plugin v27.1.1 - https:\/\/yoast.com\/product\/yoast-seo-wordpress\/ -->\n<title>Programa\u00e7\u00e3o Sint\u00e9tica - XXVII SemeAd<\/title>\n<meta name=\"robots\" content=\"index, follow, max-snippet:-1, max-image-preview:large, max-video-preview:-1\" \/>\n<link rel=\"canonical\" href=\"https:\/\/semead.com.br\/27\/programacao-sintetica\/\" \/>\n<meta property=\"og:locale\" content=\"pt_BR\" \/>\n<meta property=\"og:type\" content=\"article\" \/>\n<meta property=\"og:title\" content=\"Programa\u00e7\u00e3o Sint\u00e9tica - XXVII SemeAd\" \/>\n<meta property=\"og:description\" content=\"Sujeita a altera\u00e7\u00e3o DIA 05\/11 \u2013 TER\u00c7A-FEIRA- CONS\u00d3RCIO DOUTORAL, SEMIN\u00c1RIOS DE PREPARA\u00c7\u00c3O E SAPIENS Hor\u00e1rio Atividade Formato 08:00 &#8211; 18:00 Visitas T\u00e9cnicas Presencial 08:00 &#8211; 09:00 Palestra Presencial 09:00 &#8211; 10:30 Cons\u00f3rcio Doutoral: Atividade de Aprimoramento dos Projetos Presencial 11:00 &#8211; 12:30 Cons\u00f3rcio Doutoral: Bancas\/Pitch dos Projetos do Cons\u00f3rcio&nbsp;Doutoral Presencial 10:00 &#8211; 11:30 Bancas de...\" \/>\n<meta property=\"og:url\" content=\"https:\/\/semead.com.br\/27\/programacao-sintetica\/\" \/>\n<meta property=\"og:site_name\" content=\"XXVII SemeAd\" \/>\n<meta property=\"article:modified_time\" content=\"2024-11-01T14:51:54+00:00\" \/>\n<meta name=\"twitter:card\" content=\"summary_large_image\" \/>\n<meta name=\"twitter:label1\" content=\"Est. tempo de leitura\" \/>\n\t<meta name=\"twitter:data1\" content=\"2 minutos\" \/>\n<script type=\"application\/ld+json\" class=\"yoast-schema-graph\">{\"@context\":\"https:\/\/schema.org\",\"@graph\":[{\"@type\":\"WebPage\",\"@id\":\"https:\/\/semead.com.br\/27\/programacao-sintetica\/\",\"url\":\"https:\/\/semead.com.br\/27\/programacao-sintetica\/\",\"name\":\"Programa\u00e7\u00e3o Sint\u00e9tica - XXVII SemeAd\",\"isPartOf\":{\"@id\":\"https:\/\/semead.com.br\/27\/#website\"},\"datePublished\":\"2023-10-03T17:36:39+00:00\",\"dateModified\":\"2024-11-01T14:51:54+00:00\",\"breadcrumb\":{\"@id\":\"https:\/\/semead.com.br\/27\/programacao-sintetica\/#breadcrumb\"},\"inLanguage\":\"pt-BR\",\"potentialAction\":[{\"@type\":\"ReadAction\",\"target\":[\"https:\/\/semead.com.br\/27\/programacao-sintetica\/\"]}]},{\"@type\":\"BreadcrumbList\",\"@id\":\"https:\/\/semead.com.br\/27\/programacao-sintetica\/#breadcrumb\",\"itemListElement\":[{\"@type\":\"ListItem\",\"position\":1,\"name\":\"In\u00edcio\",\"item\":\"https:\/\/semead.com.br\/27\/\"},{\"@type\":\"ListItem\",\"position\":2,\"name\":\"Programa\u00e7\u00e3o Sint\u00e9tica\"}]},{\"@type\":\"WebSite\",\"@id\":\"https:\/\/semead.com.br\/27\/#website\",\"url\":\"https:\/\/semead.com.br\/27\/\",\"name\":\"XXVII SemeAd\",\"description\":\"Semin\u00e1rios em Administra\u00e7\u00e3o\",\"potentialAction\":[{\"@type\":\"SearchAction\",\"target\":{\"@type\":\"EntryPoint\",\"urlTemplate\":\"https:\/\/semead.com.br\/27\/?s={search_term_string}\"},\"query-input\":{\"@type\":\"PropertyValueSpecification\",\"valueRequired\":true,\"valueName\":\"search_term_string\"}}],\"inLanguage\":\"pt-BR\"}]}<\/script>\n<!-- \/ Yoast SEO plugin. -->","yoast_head_json":{"title":"Programa\u00e7\u00e3o Sint\u00e9tica - XXVII SemeAd","robots":{"index":"index","follow":"follow","max-snippet":"max-snippet:-1","max-image-preview":"max-image-preview:large","max-video-preview":"max-video-preview:-1"},"canonical":"https:\/\/semead.com.br\/27\/programacao-sintetica\/","og_locale":"pt_BR","og_type":"article","og_title":"Programa\u00e7\u00e3o Sint\u00e9tica - XXVII SemeAd","og_description":"Sujeita a altera\u00e7\u00e3o DIA 05\/11 \u2013 TER\u00c7A-FEIRA- CONS\u00d3RCIO DOUTORAL, SEMIN\u00c1RIOS DE PREPARA\u00c7\u00c3O E SAPIENS Hor\u00e1rio Atividade Formato 08:00 &#8211; 18:00 Visitas T\u00e9cnicas Presencial 08:00 &#8211; 09:00 Palestra Presencial 09:00 &#8211; 10:30 Cons\u00f3rcio Doutoral: Atividade de Aprimoramento dos Projetos Presencial 11:00 &#8211; 12:30 Cons\u00f3rcio Doutoral: Bancas\/Pitch dos Projetos do Cons\u00f3rcio&nbsp;Doutoral Presencial 10:00 &#8211; 11:30 Bancas de...","og_url":"https:\/\/semead.com.br\/27\/programacao-sintetica\/","og_site_name":"XXVII SemeAd","article_modified_time":"2024-11-01T14:51:54+00:00","twitter_card":"summary_large_image","twitter_misc":{"Est. tempo de leitura":"2 minutos"},"schema":{"@context":"https:\/\/schema.org","@graph":[{"@type":"WebPage","@id":"https:\/\/semead.com.br\/27\/programacao-sintetica\/","url":"https:\/\/semead.com.br\/27\/programacao-sintetica\/","name":"Programa\u00e7\u00e3o Sint\u00e9tica - XXVII SemeAd","isPartOf":{"@id":"https:\/\/semead.com.br\/27\/#website"},"datePublished":"2023-10-03T17:36:39+00:00","dateModified":"2024-11-01T14:51:54+00:00","breadcrumb":{"@id":"https:\/\/semead.com.br\/27\/programacao-sintetica\/#breadcrumb"},"inLanguage":"pt-BR","potentialAction":[{"@type":"ReadAction","target":["https:\/\/semead.com.br\/27\/programacao-sintetica\/"]}]},{"@type":"BreadcrumbList","@id":"https:\/\/semead.com.br\/27\/programacao-sintetica\/#breadcrumb","itemListElement":[{"@type":"ListItem","position":1,"name":"In\u00edcio","item":"https:\/\/semead.com.br\/27\/"},{"@type":"ListItem","position":2,"name":"Programa\u00e7\u00e3o Sint\u00e9tica"}]},{"@type":"WebSite","@id":"https:\/\/semead.com.br\/27\/#website","url":"https:\/\/semead.com.br\/27\/","name":"XXVII SemeAd","description":"Semin\u00e1rios em Administra\u00e7\u00e3o","potentialAction":[{"@type":"SearchAction","target":{"@type":"EntryPoint","urlTemplate":"https:\/\/semead.com.br\/27\/?s={search_term_string}"},"query-input":{"@type":"PropertyValueSpecification","valueRequired":true,"valueName":"search_term_string"}}],"inLanguage":"pt-BR"}]}},"_links":{"self":[{"href":"https:\/\/semead.com.br\/27\/wp-json\/wp\/v2\/pages\/30121","targetHints":{"allow":["GET"]}}],"collection":[{"href":"https:\/\/semead.com.br\/27\/wp-json\/wp\/v2\/pages"}],"about":[{"href":"https:\/\/semead.com.br\/27\/wp-json\/wp\/v2\/types\/page"}],"author":[{"embeddable":true,"href":"https:\/\/semead.com.br\/27\/wp-json\/wp\/v2\/users\/14"}],"replies":[{"embeddable":true,"href":"https:\/\/semead.com.br\/27\/wp-json\/wp\/v2\/comments?post=30121"}],"version-history":[{"count":2,"href":"https:\/\/semead.com.br\/27\/wp-json\/wp\/v2\/pages\/30121\/revisions"}],"predecessor-version":[{"id":32858,"href":"https:\/\/semead.com.br\/27\/wp-json\/wp\/v2\/pages\/30121\/revisions\/32858"}],"wp:attachment":[{"href":"https:\/\/semead.com.br\/27\/wp-json\/wp\/v2\/media?parent=30121"}],"curies":[{"name":"wp","href":"https:\/\/api.w.org\/{rel}","templated":true}]}}