{"id":30653,"date":"2023-11-07T07:08:38","date_gmt":"2023-11-07T10:08:38","guid":{"rendered":"https:\/\/semead.com.br\/27\/?page_id=30653"},"modified":"2024-09-23T16:02:34","modified_gmt":"2024-09-23T19:02:34","slug":"visitas","status":"publish","type":"page","link":"https:\/\/semead.com.br\/27\/visitas\/","title":{"rendered":"Visitas"},"content":{"rendered":"<div class=\"wp-block-image\">\n<figure class=\"aligncenter size-full\"><img fetchpriority=\"high\" decoding=\"async\" width=\"1080\" height=\"4600\" src=\"https:\/\/semead.com.br\/27\/wp-content\/uploads\/sites\/18\/2024\/09\/Programacao-Visitas-Tecnicas-2024-1080-x-4000-px-1.png\" alt=\"\" class=\"wp-image-31858\" srcset=\"https:\/\/semead.com.br\/27\/wp-content\/uploads\/sites\/18\/2024\/09\/Programacao-Visitas-Tecnicas-2024-1080-x-4000-px-1.png 1080w, https:\/\/semead.com.br\/27\/wp-content\/uploads\/sites\/18\/2024\/09\/Programacao-Visitas-Tecnicas-2024-1080-x-4000-px-1-768x3271.png 768w, https:\/\/semead.com.br\/27\/wp-content\/uploads\/sites\/18\/2024\/09\/Programacao-Visitas-Tecnicas-2024-1080-x-4000-px-1-481x2048.png 481w\" sizes=\"(max-width: 1080px) 100vw, 1080px\" \/><\/figure>\n<\/div>","protected":false},"excerpt":{"rendered":"","protected":false},"author":4,"featured_media":0,"parent":0,"menu_order":0,"comment_status":"closed","ping_status":"closed","template":"","meta":{"_acf_changed":false,"_monsterinsights_skip_tracking":false,"_monsterinsights_sitenote_active":false,"_monsterinsights_sitenote_note":"","_monsterinsights_sitenote_category":0,"footnotes":""},"class_list":["post-30653","page","type-page","status-publish","hentry"],"acf":[],"yoast_head":"<!-- This site is optimized with the Yoast SEO plugin v27.1.1 - https:\/\/yoast.com\/product\/yoast-seo-wordpress\/ -->\n<title>Visitas - XXVII SemeAd<\/title>\n<meta name=\"robots\" content=\"index, follow, max-snippet:-1, max-image-preview:large, max-video-preview:-1\" \/>\n<link rel=\"canonical\" href=\"https:\/\/semead.com.br\/27\/visitas\/\" \/>\n<meta property=\"og:locale\" content=\"pt_BR\" \/>\n<meta property=\"og:type\" content=\"article\" \/>\n<meta property=\"og:title\" content=\"Visitas - XXVII SemeAd\" \/>\n<meta property=\"og:url\" content=\"https:\/\/semead.com.br\/27\/visitas\/\" \/>\n<meta property=\"og:site_name\" content=\"XXVII SemeAd\" \/>\n<meta property=\"article:modified_time\" content=\"2024-09-23T19:02:34+00:00\" \/>\n<meta property=\"og:image\" content=\"https:\/\/semead.com.br\/27\/wp-content\/uploads\/sites\/18\/2024\/09\/Programacao-Visitas-Tecnicas-2024-1080-x-4000-px-1.png\" \/>\n<meta name=\"twitter:card\" content=\"summary_large_image\" \/>\n<meta name=\"twitter:label1\" content=\"Est. tempo de leitura\" \/>\n\t<meta name=\"twitter:data1\" content=\"1 minuto\" \/>\n<script type=\"application\/ld+json\" class=\"yoast-schema-graph\">{\"@context\":\"https:\/\/schema.org\",\"@graph\":[{\"@type\":\"WebPage\",\"@id\":\"https:\/\/semead.com.br\/27\/visitas\/\",\"url\":\"https:\/\/semead.com.br\/27\/visitas\/\",\"name\":\"Visitas - XXVII SemeAd\",\"isPartOf\":{\"@id\":\"https:\/\/semead.com.br\/27\/#website\"},\"primaryImageOfPage\":{\"@id\":\"https:\/\/semead.com.br\/27\/visitas\/#primaryimage\"},\"image\":{\"@id\":\"https:\/\/semead.com.br\/27\/visitas\/#primaryimage\"},\"thumbnailUrl\":\"https:\/\/semead.com.br\/27\/wp-content\/uploads\/sites\/18\/2024\/09\/Programacao-Visitas-Tecnicas-2024-1080-x-4000-px-1.png\",\"datePublished\":\"2023-11-07T10:08:38+00:00\",\"dateModified\":\"2024-09-23T19:02:34+00:00\",\"breadcrumb\":{\"@id\":\"https:\/\/semead.com.br\/27\/visitas\/#breadcrumb\"},\"inLanguage\":\"pt-BR\",\"potentialAction\":[{\"@type\":\"ReadAction\",\"target\":[\"https:\/\/semead.com.br\/27\/visitas\/\"]}]},{\"@type\":\"ImageObject\",\"inLanguage\":\"pt-BR\",\"@id\":\"https:\/\/semead.com.br\/27\/visitas\/#primaryimage\",\"url\":\"https:\/\/semead.com.br\/27\/wp-content\/uploads\/sites\/18\/2024\/09\/Programacao-Visitas-Tecnicas-2024-1080-x-4000-px-1.png\",\"contentUrl\":\"https:\/\/semead.com.br\/27\/wp-content\/uploads\/sites\/18\/2024\/09\/Programacao-Visitas-Tecnicas-2024-1080-x-4000-px-1.png\",\"width\":1080,\"height\":4600},{\"@type\":\"BreadcrumbList\",\"@id\":\"https:\/\/semead.com.br\/27\/visitas\/#breadcrumb\",\"itemListElement\":[{\"@type\":\"ListItem\",\"position\":1,\"name\":\"In\u00edcio\",\"item\":\"https:\/\/semead.com.br\/27\/\"},{\"@type\":\"ListItem\",\"position\":2,\"name\":\"Visitas\"}]},{\"@type\":\"WebSite\",\"@id\":\"https:\/\/semead.com.br\/27\/#website\",\"url\":\"https:\/\/semead.com.br\/27\/\",\"name\":\"XXVII SemeAd\",\"description\":\"Semin\u00e1rios em Administra\u00e7\u00e3o\",\"potentialAction\":[{\"@type\":\"SearchAction\",\"target\":{\"@type\":\"EntryPoint\",\"urlTemplate\":\"https:\/\/semead.com.br\/27\/?s={search_term_string}\"},\"query-input\":{\"@type\":\"PropertyValueSpecification\",\"valueRequired\":true,\"valueName\":\"search_term_string\"}}],\"inLanguage\":\"pt-BR\"}]}<\/script>\n<!-- \/ Yoast SEO plugin. -->","yoast_head_json":{"title":"Visitas - XXVII SemeAd","robots":{"index":"index","follow":"follow","max-snippet":"max-snippet:-1","max-image-preview":"max-image-preview:large","max-video-preview":"max-video-preview:-1"},"canonical":"https:\/\/semead.com.br\/27\/visitas\/","og_locale":"pt_BR","og_type":"article","og_title":"Visitas - XXVII SemeAd","og_url":"https:\/\/semead.com.br\/27\/visitas\/","og_site_name":"XXVII SemeAd","article_modified_time":"2024-09-23T19:02:34+00:00","og_image":[{"url":"https:\/\/semead.com.br\/27\/wp-content\/uploads\/sites\/18\/2024\/09\/Programacao-Visitas-Tecnicas-2024-1080-x-4000-px-1.png","type":"","width":"","height":""}],"twitter_card":"summary_large_image","twitter_misc":{"Est. tempo de leitura":"1 minuto"},"schema":{"@context":"https:\/\/schema.org","@graph":[{"@type":"WebPage","@id":"https:\/\/semead.com.br\/27\/visitas\/","url":"https:\/\/semead.com.br\/27\/visitas\/","name":"Visitas - XXVII SemeAd","isPartOf":{"@id":"https:\/\/semead.com.br\/27\/#website"},"primaryImageOfPage":{"@id":"https:\/\/semead.com.br\/27\/visitas\/#primaryimage"},"image":{"@id":"https:\/\/semead.com.br\/27\/visitas\/#primaryimage"},"thumbnailUrl":"https:\/\/semead.com.br\/27\/wp-content\/uploads\/sites\/18\/2024\/09\/Programacao-Visitas-Tecnicas-2024-1080-x-4000-px-1.png","datePublished":"2023-11-07T10:08:38+00:00","dateModified":"2024-09-23T19:02:34+00:00","breadcrumb":{"@id":"https:\/\/semead.com.br\/27\/visitas\/#breadcrumb"},"inLanguage":"pt-BR","potentialAction":[{"@type":"ReadAction","target":["https:\/\/semead.com.br\/27\/visitas\/"]}]},{"@type":"ImageObject","inLanguage":"pt-BR","@id":"https:\/\/semead.com.br\/27\/visitas\/#primaryimage","url":"https:\/\/semead.com.br\/27\/wp-content\/uploads\/sites\/18\/2024\/09\/Programacao-Visitas-Tecnicas-2024-1080-x-4000-px-1.png","contentUrl":"https:\/\/semead.com.br\/27\/wp-content\/uploads\/sites\/18\/2024\/09\/Programacao-Visitas-Tecnicas-2024-1080-x-4000-px-1.png","width":1080,"height":4600},{"@type":"BreadcrumbList","@id":"https:\/\/semead.com.br\/27\/visitas\/#breadcrumb","itemListElement":[{"@type":"ListItem","position":1,"name":"In\u00edcio","item":"https:\/\/semead.com.br\/27\/"},{"@type":"ListItem","position":2,"name":"Visitas"}]},{"@type":"WebSite","@id":"https:\/\/semead.com.br\/27\/#website","url":"https:\/\/semead.com.br\/27\/","name":"XXVII SemeAd","description":"Semin\u00e1rios em Administra\u00e7\u00e3o","potentialAction":[{"@type":"SearchAction","target":{"@type":"EntryPoint","urlTemplate":"https:\/\/semead.com.br\/27\/?s={search_term_string}"},"query-input":{"@type":"PropertyValueSpecification","valueRequired":true,"valueName":"search_term_string"}}],"inLanguage":"pt-BR"}]}},"_links":{"self":[{"href":"https:\/\/semead.com.br\/27\/wp-json\/wp\/v2\/pages\/30653","targetHints":{"allow":["GET"]}}],"collection":[{"href":"https:\/\/semead.com.br\/27\/wp-json\/wp\/v2\/pages"}],"about":[{"href":"https:\/\/semead.com.br\/27\/wp-json\/wp\/v2\/types\/page"}],"author":[{"embeddable":true,"href":"https:\/\/semead.com.br\/27\/wp-json\/wp\/v2\/users\/4"}],"replies":[{"embeddable":true,"href":"https:\/\/semead.com.br\/27\/wp-json\/wp\/v2\/comments?post=30653"}],"version-history":[{"count":3,"href":"https:\/\/semead.com.br\/27\/wp-json\/wp\/v2\/pages\/30653\/revisions"}],"predecessor-version":[{"id":31860,"href":"https:\/\/semead.com.br\/27\/wp-json\/wp\/v2\/pages\/30653\/revisions\/31860"}],"wp:attachment":[{"href":"https:\/\/semead.com.br\/27\/wp-json\/wp\/v2\/media?parent=30653"}],"curies":[{"name":"wp","href":"https:\/\/api.w.org\/{rel}","templated":true}]}}